{"id":152992,"date":"2023-02-14T01:37:52","date_gmt":"2023-02-14T00:37:52","guid":{"rendered":"https:\/\/tourtravelandmore.com\/tours\/non%20class\u00e9\/visite-privee-a-pied-de-glasgow\/"},"modified":"2023-03-15T15:22:07","modified_gmt":"2023-03-15T14:22:07","slug":"visite-privee-a-pied-de-glasgow","status":"publish","type":"product","link":"https:\/\/tourtravelandmore.com\/fr\/tours\/ecosse-fr\/glasgow-fr\/visite-privee-a-pied-de-glasgow\/","title":{"rendered":"Visite priv\u00e9e \u00e0 pied de Glasgow"},"content":{"rendered":"<h2><b>Description de la visite priv\u00e9e \u00e0 pied de Glasgow :<\/b><\/h2>\n<p><span style=\"font-weight: 400;\">Bienvenue \u00e0 Glasgow, l&#8217;une des villes les plus dynamiques et les plus riches en culture d&#8217;\u00c9cosse ! Au cours de cette visite \u00e0 pied priv\u00e9e, vous aurez l&#8217;occasion unique d&#8217;explorer les points forts de la ville, accompagn\u00e9 d&#8217;un guide priv\u00e9 qui vous emm\u00e8nera dans les rues les plus historiques et les plus embl\u00e9matiques de Glasgow. Vous verrez une architecture \u00e9tonnante, des sculptures et des monuments embl\u00e9matiques, ainsi que les meilleurs endroits pour faire du shopping, manger et boire. Vous d\u00e9couvrirez \u00e9galement l&#8217;histoire et la culture de Glasgow et comment elle a \u00e9volu\u00e9 pour devenir la ville cosmopolite et dynamique qu&#8217;elle est aujourd&#8217;hui.<\/span><\/p>\n<h2><b>Points d&#8217;int\u00e9r\u00eat de la visite priv\u00e9e \u00e0 pied de Glasgow :<\/b><\/h2>\n<h3><b>Cath\u00e9drale de Glasgow :<\/b><\/h3>\n<p><span style=\"font-weight: 400;\">Nous commencerons notre promenade par l&#8217;impressionnante cath\u00e9drale de Glasgow, l&#8217;un des plus anciens b\u00e2timents gothiques d&#8217;\u00c9cosse. Vous y d\u00e9couvrirez l&#8217;histoire de la cath\u00e9drale et comment elle a \u00e9t\u00e9 t\u00e9moin des changements de la ville au cours des si\u00e8cles. Vous aurez \u00e9galement l&#8217;occasion de voir certaines des \u0153uvres d&#8217;art les plus impressionnantes log\u00e9es dans la cath\u00e9drale.<\/span><\/p>\n<h3><b>George Square :<\/b><\/h3>\n<p><span style=\"font-weight: 400;\">Nous continuerons notre promenade jusqu&#8217;\u00e0 George Square, le c\u0153ur de la vie publique de Glasgow. Vous y verrez certains des b\u00e2timents les plus impressionnants de la ville, notamment l&#8217;h\u00f4tel de ville de Glasgow et la statue de Sir Walter Scott. Vous aurez \u00e9galement l&#8217;occasion de voir certains des \u00e9v\u00e9nements et des d\u00e9monstrations qui se d\u00e9roulent sur la place.<\/span><\/p>\n<h3><b>Buchanan Street :<\/b><\/h3>\n<p><span style=\"font-weight: 400;\">Ensuite, nous nous prom\u00e8nerons sur Buchanan Street, l&#8217;une des principales rues commer\u00e7antes de Glasgow. Vous y trouverez une grande vari\u00e9t\u00e9 de magasins, des grandes cha\u00eenes aux boutiques ind\u00e9pendantes, ainsi qu&#8217;une s\u00e9lection de restaurants et de bars \u00e0 appr\u00e9cier. Vous aurez \u00e9galement l&#8217;occasion de voir certains des b\u00e2timents historiques qui bordent cette rue.<\/span><\/p>\n<h3><b>Galeries d&#8217;art moderne :<\/b><\/h3>\n<p><span style=\"font-weight: 400;\">Notre prochain arr\u00eat sera les Galleries of Modern Art, o\u00f9 vous pourrez voir certaines des plus belles \u0153uvres d&#8217;art contemporain de Glasgow. Vous aurez \u00e9galement l&#8217;occasion de d\u00e9couvrir les artistes locaux et les mouvements artistiques qui ont influenc\u00e9 la ville.<\/span><\/p>\n<h3><b>Passerelle Clyde :<\/b><\/h3>\n<p><span style=\"font-weight: 400;\">Nous terminerons notre visite en nous promenant sur le Clyde Walkway, un sentier pi\u00e9tonnier qui suit le cours de la rivi\u00e8re Clyde. Vous pourrez y profiter de vues imprenables sur la ville et voir certains des b\u00e2timents les plus embl\u00e9matiques de Glasgow, comme le b\u00e2timent de la BBC et le mus\u00e9e des transports.<\/span><\/p>\n<h3><b>Merchant City<\/b><\/h3>\n<p><span style=\"font-weight: 400;\">Une autre \u00e9tape de notre visite sera le quartier de Merchant City, une zone connue pour sa riche histoire commerciale. Vous y verrez certains des plus anciens b\u00e2timents de Glasgow, notamment certains des b\u00e2timents m\u00e9di\u00e9vaux qui servaient de march\u00e9s et de magasins. Vous pourrez \u00e9galement d\u00e9couvrir l&#8217;histoire de l&#8217;industrie textile de Glasgow et comment elle a \u00e9volu\u00e9 pour devenir l&#8217;une des principales villes commerciales d&#8217;\u00c9cosse.<\/span><\/p>\n<h3><b>Parc Kelvingrove<\/b><\/h3>\n<p><span style=\"font-weight: 400;\">En plus de ces attractions, nous visiterons \u00e9galement le parc Kelvingrove, l&#8217;une des principales attractions touristiques de Glasgow. Ce parc est connu pour ses vues imprenables sur la ville, ainsi que pour ses vastes espaces verts et ses jardins. Nous aurons \u00e9galement l&#8217;occasion de visiter le Glasgow Science Centre, une attraction impressionnante avec une vari\u00e9t\u00e9 d&#8217;expositions interactives et d&#8217;\u00e9v\u00e9nements \u00e9ducatifs.<\/span><\/p>\n<p><span style=\"font-weight: 400;\">Enfin, vous aurez l&#8217;occasion de profiter de la vie nocturne de Glasgow. La ville est connue pour sa sc\u00e8ne anim\u00e9e de bars et de clubs, avec une grande vari\u00e9t\u00e9 d&#8217;options pour tous les go\u00fbts. Des traditionnels bars \u00e0 bi\u00e8re \u00e9cossais aux clubs de musique live et aux bo\u00eetes de nuit, Glasgow a de quoi satisfaire tout le monde.<\/span><\/p>\n<p><span style=\"font-weight: 400;\">La dur\u00e9e de la visite est de 2 heures maximum et la capacit\u00e9 maximale est de 1 \u00e0 15 personnes. Le point de rencontre avec votre guide priv\u00e9 sera situ\u00e9 dans un endroit central de Glasgow. Si vous souhaitez en savoir plus sur nos visites priv\u00e9es \u00e0 Glasgow et sur les raisons pour lesquelles cette ville est une destination incontournable, veuillez consulter notre liste de visites priv\u00e9es de Glasgow.<\/span><\/p>\n","protected":false},"excerpt":{"rendered":"<p><span style=\"font-weight: 400;\">D\u00e9couvrez la ville de Glasgow de mani\u00e8re exclusive avec une visite \u00e0 pied priv\u00e9e propos\u00e9e par Tour Travel and More. Avec un guide priv\u00e9, visitez les sites les plus embl\u00e9matiques de Glasgow et d\u00e9couvrez sa riche histoire et sa culture. R\u00e9servez votre place d\u00e8s aujourd&#8217;hui et profitez de cette exp\u00e9rience unique<\/span><\/p>\n","protected":false},"featured_media":152975,"comment_status":"open","ping_status":"closed","template":"","meta":{"_acf_changed":false},"product_brand":[],"product_cat":[4287],"product_tag":[],"class_list":{"0":"post-152992","1":"product","2":"type-product","3":"status-publish","4":"has-post-thumbnail","6":"product_cat-glasgow-fr","8":"first","9":"instock","10":"shipping-taxable","11":"purchasable","12":"product-type-simple"},"acf":[],"yoast_head":"<!-- This site is optimized with the Yoast SEO Premium plugin v25.3.1 (Yoast SEO v25.3.1) - https:\/\/yoast.com\/wordpress\/plugins\/seo\/ -->\n<title>Visite priv\u00e9e \u00e0 pied de Glasgow avec Tour Travel and More - D\u00e9couvrez la ville d&#039;une mani\u00e8re exclusive.<\/title>\n<meta name=\"description\" content=\"D\u00e9couvrez Glasgow d&#039;une mani\u00e8re unique avec une visite \u00e0 pied priv\u00e9e de Tour Travel and More ! Avec un guide priv\u00e9, visitez les sites les plus embl\u00e9matiques de la ville et d\u00e9couvrez sa riche histoire et sa culture - r\u00e9servez votre place d\u00e8s aujourd&#039;hui !\" \/>\n<meta name=\"robots\" content=\"index, follow, max-snippet:-1, max-image-preview:large, max-video-preview:-1\" \/>\n<link rel=\"canonical\" href=\"https:\/\/tourtravelandmore.com\/fr\/tours\/ecosse-fr\/glasgow-fr\/visite-privee-a-pied-de-glasgow\/\" \/>\n<meta property=\"og:locale\" content=\"fr_FR\" \/>\n<meta property=\"og:type\" content=\"article\" \/>\n<meta property=\"og:title\" content=\"Visite priv\u00e9e \u00e0 pied de Glasgow\" \/>\n<meta property=\"og:description\" content=\"D\u00e9couvrez Glasgow d&#039;une mani\u00e8re unique avec une visite \u00e0 pied priv\u00e9e de Tour Travel and More ! Avec un guide priv\u00e9, visitez les sites les plus embl\u00e9matiques de la ville et d\u00e9couvrez sa riche histoire et sa culture - r\u00e9servez votre place d\u00e8s aujourd&#039;hui !\" \/>\n<meta property=\"og:url\" content=\"https:\/\/tourtravelandmore.com\/fr\/tours\/ecosse-fr\/glasgow-fr\/visite-privee-a-pied-de-glasgow\/\" \/>\n<meta property=\"og:site_name\" content=\"Tour Travel And More\" \/>\n<meta property=\"article:publisher\" content=\"https:\/\/www.facebook.com\/tourtravelandmore\/\" \/>\n<meta property=\"article:modified_time\" content=\"2023-03-15T14:22:07+00:00\" \/>\n<meta property=\"og:image\" content=\"https:\/\/tourtravelandmore.com\/wp-content\/uploads\/2023\/02\/image3.jpg\" \/>\n\t<meta property=\"og:image:width\" content=\"950\" \/>\n\t<meta property=\"og:image:height\" content=\"700\" \/>\n\t<meta property=\"og:image:type\" content=\"image\/jpeg\" \/>\n<meta name=\"twitter:card\" content=\"summary_large_image\" \/>\n<meta name=\"twitter:site\" content=\"@TourTravel_More\" \/>\n<meta name=\"twitter:label1\" content=\"Dur\u00e9e de lecture estim\u00e9e\" \/>\n\t<meta name=\"twitter:data1\" content=\"3 minutes\" \/>\n<script type=\"application\/ld+json\" class=\"yoast-schema-graph\">{\"@context\":\"https:\/\/schema.org\",\"@graph\":[{\"@type\":\"WebPage\",\"@id\":\"https:\/\/tourtravelandmore.com\/fr\/tours\/ecosse-fr\/glasgow-fr\/visite-privee-a-pied-de-glasgow\/\",\"url\":\"https:\/\/tourtravelandmore.com\/fr\/tours\/ecosse-fr\/glasgow-fr\/visite-privee-a-pied-de-glasgow\/\",\"name\":\"Visite priv\u00e9e \u00e0 pied de Glasgow avec Tour Travel and More - D\u00e9couvrez la ville d'une mani\u00e8re exclusive.\",\"isPartOf\":{\"@id\":\"https:\/\/tourtravelandmore.com\/fr\/#website\"},\"primaryImageOfPage\":{\"@id\":\"https:\/\/tourtravelandmore.com\/fr\/tours\/ecosse-fr\/glasgow-fr\/visite-privee-a-pied-de-glasgow\/#primaryimage\"},\"image\":{\"@id\":\"https:\/\/tourtravelandmore.com\/fr\/tours\/ecosse-fr\/glasgow-fr\/visite-privee-a-pied-de-glasgow\/#primaryimage\"},\"thumbnailUrl\":\"https:\/\/tourtravelandmore.com\/wp-content\/uploads\/2023\/02\/image3.jpg\",\"datePublished\":\"2023-02-14T00:37:52+00:00\",\"dateModified\":\"2023-03-15T14:22:07+00:00\",\"description\":\"D\u00e9couvrez Glasgow d'une mani\u00e8re unique avec une visite \u00e0 pied priv\u00e9e de Tour Travel and More ! Avec un guide priv\u00e9, visitez les sites les plus embl\u00e9matiques de la ville et d\u00e9couvrez sa riche histoire et sa culture - r\u00e9servez votre place d\u00e8s aujourd'hui !\",\"breadcrumb\":{\"@id\":\"https:\/\/tourtravelandmore.com\/fr\/tours\/ecosse-fr\/glasgow-fr\/visite-privee-a-pied-de-glasgow\/#breadcrumb\"},\"inLanguage\":\"fr-FR\",\"potentialAction\":[{\"@type\":\"ReadAction\",\"target\":[\"https:\/\/tourtravelandmore.com\/fr\/tours\/ecosse-fr\/glasgow-fr\/visite-privee-a-pied-de-glasgow\/\"]}]},{\"@type\":\"ImageObject\",\"inLanguage\":\"fr-FR\",\"@id\":\"https:\/\/tourtravelandmore.com\/fr\/tours\/ecosse-fr\/glasgow-fr\/visite-privee-a-pied-de-glasgow\/#primaryimage\",\"url\":\"https:\/\/tourtravelandmore.com\/wp-content\/uploads\/2023\/02\/image3.jpg\",\"contentUrl\":\"https:\/\/tourtravelandmore.com\/wp-content\/uploads\/2023\/02\/image3.jpg\",\"width\":950,\"height\":700},{\"@type\":\"BreadcrumbList\",\"@id\":\"https:\/\/tourtravelandmore.com\/fr\/tours\/ecosse-fr\/glasgow-fr\/visite-privee-a-pied-de-glasgow\/#breadcrumb\",\"itemListElement\":[{\"@type\":\"ListItem\",\"position\":1,\"name\":\"Home\",\"item\":\"https:\/\/tourtravelandmore.com\/fr\/\"},{\"@type\":\"ListItem\",\"position\":2,\"name\":\"Tours\",\"item\":\"https:\/\/tourtravelandmore.com\/fr\/tours\/\"},{\"@type\":\"ListItem\",\"position\":3,\"name\":\"Visite priv\u00e9e \u00e0 pied de Glasgow\"}]},{\"@type\":\"WebSite\",\"@id\":\"https:\/\/tourtravelandmore.com\/fr\/#website\",\"url\":\"https:\/\/tourtravelandmore.com\/fr\/\",\"name\":\"Tour Travel And More\",\"description\":\"Private sightseeing tours and luxury transfers in Spain\",\"publisher\":{\"@id\":\"https:\/\/tourtravelandmore.com\/fr\/#organization\"},\"potentialAction\":[{\"@type\":\"SearchAction\",\"target\":{\"@type\":\"EntryPoint\",\"urlTemplate\":\"https:\/\/tourtravelandmore.com\/fr\/?s={search_term_string}\"},\"query-input\":{\"@type\":\"PropertyValueSpecification\",\"valueRequired\":true,\"valueName\":\"search_term_string\"}}],\"inLanguage\":\"fr-FR\"},{\"@type\":\"Organization\",\"@id\":\"https:\/\/tourtravelandmore.com\/fr\/#organization\",\"name\":\"Tour Travel And More\",\"url\":\"https:\/\/tourtravelandmore.com\/fr\/\",\"logo\":{\"@type\":\"ImageObject\",\"inLanguage\":\"fr-FR\",\"@id\":\"https:\/\/tourtravelandmore.com\/fr\/#\/schema\/logo\/image\/\",\"url\":\"https:\/\/tourtravelandmore.com\/wp-content\/uploads\/2022\/12\/cropped-logo-cabecera-new.png\",\"contentUrl\":\"https:\/\/tourtravelandmore.com\/wp-content\/uploads\/2022\/12\/cropped-logo-cabecera-new.png\",\"width\":430,\"height\":61,\"caption\":\"Tour Travel And More\"},\"image\":{\"@id\":\"https:\/\/tourtravelandmore.com\/fr\/#\/schema\/logo\/image\/\"},\"sameAs\":[\"https:\/\/www.facebook.com\/tourtravelandmore\/\",\"https:\/\/x.com\/TourTravel_More\"]}]}<\/script>\n<!-- \/ Yoast SEO Premium plugin. -->","yoast_head_json":{"title":"Visite priv\u00e9e \u00e0 pied de Glasgow avec Tour Travel and More - D\u00e9couvrez la ville d'une mani\u00e8re exclusive.","description":"D\u00e9couvrez Glasgow d'une mani\u00e8re unique avec une visite \u00e0 pied priv\u00e9e de Tour Travel and More ! Avec un guide priv\u00e9, visitez les sites les plus embl\u00e9matiques de la ville et d\u00e9couvrez sa riche histoire et sa culture - r\u00e9servez votre place d\u00e8s aujourd'hui !","robots":{"index":"index","follow":"follow","max-snippet":"max-snippet:-1","max-image-preview":"max-image-preview:large","max-video-preview":"max-video-preview:-1"},"canonical":"https:\/\/tourtravelandmore.com\/fr\/tours\/ecosse-fr\/glasgow-fr\/visite-privee-a-pied-de-glasgow\/","og_locale":"fr_FR","og_type":"article","og_title":"Visite priv\u00e9e \u00e0 pied de Glasgow","og_description":"D\u00e9couvrez Glasgow d'une mani\u00e8re unique avec une visite \u00e0 pied priv\u00e9e de Tour Travel and More ! Avec un guide priv\u00e9, visitez les sites les plus embl\u00e9matiques de la ville et d\u00e9couvrez sa riche histoire et sa culture - r\u00e9servez votre place d\u00e8s aujourd'hui !","og_url":"https:\/\/tourtravelandmore.com\/fr\/tours\/ecosse-fr\/glasgow-fr\/visite-privee-a-pied-de-glasgow\/","og_site_name":"Tour Travel And More","article_publisher":"https:\/\/www.facebook.com\/tourtravelandmore\/","article_modified_time":"2023-03-15T14:22:07+00:00","og_image":[{"width":950,"height":700,"url":"https:\/\/tourtravelandmore.com\/wp-content\/uploads\/2023\/02\/image3.jpg","type":"image\/jpeg"}],"twitter_card":"summary_large_image","twitter_site":"@TourTravel_More","twitter_misc":{"Dur\u00e9e de lecture estim\u00e9e":"3 minutes"},"schema":{"@context":"https:\/\/schema.org","@graph":[{"@type":"WebPage","@id":"https:\/\/tourtravelandmore.com\/fr\/tours\/ecosse-fr\/glasgow-fr\/visite-privee-a-pied-de-glasgow\/","url":"https:\/\/tourtravelandmore.com\/fr\/tours\/ecosse-fr\/glasgow-fr\/visite-privee-a-pied-de-glasgow\/","name":"Visite priv\u00e9e \u00e0 pied de Glasgow avec Tour Travel and More - D\u00e9couvrez la ville d'une mani\u00e8re exclusive.","isPartOf":{"@id":"https:\/\/tourtravelandmore.com\/fr\/#website"},"primaryImageOfPage":{"@id":"https:\/\/tourtravelandmore.com\/fr\/tours\/ecosse-fr\/glasgow-fr\/visite-privee-a-pied-de-glasgow\/#primaryimage"},"image":{"@id":"https:\/\/tourtravelandmore.com\/fr\/tours\/ecosse-fr\/glasgow-fr\/visite-privee-a-pied-de-glasgow\/#primaryimage"},"thumbnailUrl":"https:\/\/tourtravelandmore.com\/wp-content\/uploads\/2023\/02\/image3.jpg","datePublished":"2023-02-14T00:37:52+00:00","dateModified":"2023-03-15T14:22:07+00:00","description":"D\u00e9couvrez Glasgow d'une mani\u00e8re unique avec une visite \u00e0 pied priv\u00e9e de Tour Travel and More ! Avec un guide priv\u00e9, visitez les sites les plus embl\u00e9matiques de la ville et d\u00e9couvrez sa riche histoire et sa culture - r\u00e9servez votre place d\u00e8s aujourd'hui !","breadcrumb":{"@id":"https:\/\/tourtravelandmore.com\/fr\/tours\/ecosse-fr\/glasgow-fr\/visite-privee-a-pied-de-glasgow\/#breadcrumb"},"inLanguage":"fr-FR","potentialAction":[{"@type":"ReadAction","target":["https:\/\/tourtravelandmore.com\/fr\/tours\/ecosse-fr\/glasgow-fr\/visite-privee-a-pied-de-glasgow\/"]}]},{"@type":"ImageObject","inLanguage":"fr-FR","@id":"https:\/\/tourtravelandmore.com\/fr\/tours\/ecosse-fr\/glasgow-fr\/visite-privee-a-pied-de-glasgow\/#primaryimage","url":"https:\/\/tourtravelandmore.com\/wp-content\/uploads\/2023\/02\/image3.jpg","contentUrl":"https:\/\/tourtravelandmore.com\/wp-content\/uploads\/2023\/02\/image3.jpg","width":950,"height":700},{"@type":"BreadcrumbList","@id":"https:\/\/tourtravelandmore.com\/fr\/tours\/ecosse-fr\/glasgow-fr\/visite-privee-a-pied-de-glasgow\/#breadcrumb","itemListElement":[{"@type":"ListItem","position":1,"name":"Home","item":"https:\/\/tourtravelandmore.com\/fr\/"},{"@type":"ListItem","position":2,"name":"Tours","item":"https:\/\/tourtravelandmore.com\/fr\/tours\/"},{"@type":"ListItem","position":3,"name":"Visite priv\u00e9e \u00e0 pied de Glasgow"}]},{"@type":"WebSite","@id":"https:\/\/tourtravelandmore.com\/fr\/#website","url":"https:\/\/tourtravelandmore.com\/fr\/","name":"Tour Travel And More","description":"Private sightseeing tours and luxury transfers in Spain","publisher":{"@id":"https:\/\/tourtravelandmore.com\/fr\/#organization"},"potentialAction":[{"@type":"SearchAction","target":{"@type":"EntryPoint","urlTemplate":"https:\/\/tourtravelandmore.com\/fr\/?s={search_term_string}"},"query-input":{"@type":"PropertyValueSpecification","valueRequired":true,"valueName":"search_term_string"}}],"inLanguage":"fr-FR"},{"@type":"Organization","@id":"https:\/\/tourtravelandmore.com\/fr\/#organization","name":"Tour Travel And More","url":"https:\/\/tourtravelandmore.com\/fr\/","logo":{"@type":"ImageObject","inLanguage":"fr-FR","@id":"https:\/\/tourtravelandmore.com\/fr\/#\/schema\/logo\/image\/","url":"https:\/\/tourtravelandmore.com\/wp-content\/uploads\/2022\/12\/cropped-logo-cabecera-new.png","contentUrl":"https:\/\/tourtravelandmore.com\/wp-content\/uploads\/2022\/12\/cropped-logo-cabecera-new.png","width":430,"height":61,"caption":"Tour Travel And More"},"image":{"@id":"https:\/\/tourtravelandmore.com\/fr\/#\/schema\/logo\/image\/"},"sameAs":["https:\/\/www.facebook.com\/tourtravelandmore\/","https:\/\/x.com\/TourTravel_More"]}]}},"_links":{"self":[{"href":"https:\/\/tourtravelandmore.com\/fr\/wp-json\/wp\/v2\/product\/152992","targetHints":{"allow":["GET"]}}],"collection":[{"href":"https:\/\/tourtravelandmore.com\/fr\/wp-json\/wp\/v2\/product"}],"about":[{"href":"https:\/\/tourtravelandmore.com\/fr\/wp-json\/wp\/v2\/types\/product"}],"replies":[{"embeddable":true,"href":"https:\/\/tourtravelandmore.com\/fr\/wp-json\/wp\/v2\/comments?post=152992"}],"wp:featuredmedia":[{"embeddable":true,"href":"https:\/\/tourtravelandmore.com\/fr\/wp-json\/wp\/v2\/media\/152975"}],"wp:attachment":[{"href":"https:\/\/tourtravelandmore.com\/fr\/wp-json\/wp\/v2\/media?parent=152992"}],"wp:term":[{"taxonomy":"product_brand","embeddable":true,"href":"https:\/\/tourtravelandmore.com\/fr\/wp-json\/wp\/v2\/product_brand?post=152992"},{"taxonomy":"product_cat","embeddable":true,"href":"https:\/\/tourtravelandmore.com\/fr\/wp-json\/wp\/v2\/product_cat?post=152992"},{"taxonomy":"product_tag","embeddable":true,"href":"https:\/\/tourtravelandmore.com\/fr\/wp-json\/wp\/v2\/product_tag?post=152992"}],"curies":[{"name":"wp","href":"https:\/\/api.w.org\/{rel}","templated":true}]}}