{"id":150296,"date":"2023-01-19T20:08:14","date_gmt":"2023-01-19T19:08:24","guid":{"rendered":"https:\/\/tourtravelandmore.com\/?post_type=product&#038;p=150296"},"modified":"2023-01-19T20:39:50","modified_gmt":"2023-01-19T19:39:50","slug":"visite-privee-de-cadix-depuis-malaga","status":"publish","type":"product","link":"https:\/\/tourtravelandmore.com\/fr\/tours\/espagne-fr\/malaga-fr\/all-private-tours-activities-fr-12\/visite-privee-de-cadix-depuis-malaga\/","title":{"rendered":"Visite priv\u00e9e de Cadix depuis Malaga"},"content":{"rendered":"<h2>La description Visite priv\u00e9e de Cadix depuis Malaga<\/h2>\n<p>Profitez de cette <strong>Visite priv\u00e9e de Cadix depuis Malaga<\/strong> avec votre v\u00e9hicule de luxe avec chauffeur et votre guide officiel. D\u00e9couvrez les sites les plus embl\u00e9matiques de la ville de <strong>Cadix.<\/strong><\/p>\n<p>Cette visite priv\u00e9e d\u00e9butera depuis votre h\u00f4tel \u00e0 <strong>Malaga.<\/strong> Votre chauffeur et votre guide vous attendront pour commencer la visite priv\u00e9e.<\/p>\n<p>Nous nous prom\u00e8nerons dans la belle ville de Cadix pour d\u00e9couvrir la cath\u00e9drale, le quartier de Populo, la plage de Caleta et bien plus encore.<\/p>\n<p>Apr\u00e8s la visite priv\u00e9e de 10 heures, demandez \u00e0 notre chauffeur de vous ramener \u00e0 votre h\u00f4tel \u00e0 Malaga.<\/p>\n<h2>Sites d&#8217;int\u00e9r\u00eat et monuments<\/h2>\n<p>Cadix fait partie de la &#8220;Costa de la Luz&#8221; en Espagne. C&#8217;est l&#8217;une des meilleures villes \u00e0 visiter dans le sud de l&#8217;Espagne en raison de son climat fantastique toute l&#8217;ann\u00e9e, et on pense qu&#8217;elle est l&#8217;une des plus anciennes villes du monde. Ce n&#8217;est pas seulement un emplacement de plage incroyable.<\/p>\n<p>Rempli d&#8217;un beau vieux <strong>monde chaleureux, Cadix offre<\/strong> des architectures mauresques, des cath\u00e9drales majestueuses et des rues anciennes qui donnent un sentiment de l&#8217;\u00e9poque m\u00e9di\u00e9vale. Entre autres monuments et sites touristiques, vous pouvez apprendre \u00e0 conna\u00eetre:<\/p>\n<ul>\n<li><strong>Mairie<\/strong><\/li>\n<li><strong>Le quartier de Populo<\/strong><\/li>\n<li><strong>Th\u00e9\u00e2tre romain<\/strong><\/li>\n<li><strong>Ancienne cath\u00e9drale<\/strong><\/li>\n<li><strong>Nouvelle cath\u00e9drale<\/strong><\/li>\n<li><strong>Plaza de las Flores<\/strong><\/li>\n<li><strong>Magasin de nourriture<\/strong><\/li>\n<li><strong>Le quartier de Vi\u00f1a<\/strong><\/li>\n<li><strong>Plage de Caleta<\/strong><\/li>\n<li><strong>Murs romains<\/strong><\/li>\n<li><strong>Parque Genoves<\/strong><\/li>\n<li><strong>Torre Tavira<\/strong><\/li>\n<li><strong>Gran Teatro Falla<\/strong><\/li>\n<li><strong>Ch\u00e2teau de San Sebastian<\/strong><\/li>\n<li><strong>Playa la Victoria<\/strong><\/li>\n<li><strong>Beaucoup plus!<\/strong><\/li>\n<\/ul>\n<p>Vous pourrez ensuite profiter et admirer la grande architecture et les sites touristiques des monuments les plus importants et les plus connus de <strong>Cadix.<\/strong><\/p>\n<p>Votre guide officiel priv\u00e9 et votre v\u00e9hicule de luxe priv\u00e9 avec chauffeur seront \u00e0 vos c\u00f4t\u00e9s pendant les 4 heures.<\/p>\n<p>Une fois la visite termin\u00e9e, nous vous d\u00e9poserons \u00e0 l&#8217;endroit de <strong>votre choix.<\/strong><\/p>\n<p>Contacter nos experts en voyages vous permettra de personnaliser cette visite et de prendre des photos uniques.<\/p>\n<p>Ne manquez pas nos excursions \u00e0 terre et nos <strong>visites priv\u00e9es au d\u00e9part de Malaga!<\/strong><\/p>\n","protected":false},"excerpt":{"rendered":"<p><strong>Visite priv\u00e9e de Cadix depuis Malaga.<\/strong> Guide touristique officiel priv\u00e9 et v\u00e9hicule de luxe priv\u00e9 avec chauffeur. Apprenez \u00e0 conna\u00eetre le meilleur de Cadix; La cath\u00e9drale, le front de mer et plus encore!<\/p>\n","protected":false},"featured_media":95861,"comment_status":"open","ping_status":"closed","template":"","meta":{"_acf_changed":false},"product_brand":[],"product_cat":[3646,4247,4251],"product_tag":[],"class_list":{"0":"post-150296","1":"product","2":"type-product","3":"status-publish","4":"has-post-thumbnail","6":"product_cat-malaga-fr","7":"product_cat-all-private-tours-activities-fr-12","8":"product_cat-private-day-trips-fr-5","10":"first","11":"instock","12":"shipping-taxable","13":"purchasable","14":"product-type-simple"},"acf":[],"yoast_head":"<!-- This site is optimized with the Yoast SEO Premium plugin v25.3.1 (Yoast SEO v25.3.1) - https:\/\/yoast.com\/wordpress\/plugins\/seo\/ -->\n<title>Visite priv\u00e9e de Cadix depuis Malaga | TTM<\/title>\n<meta name=\"description\" content=\"Visite priv\u00e9e de Cadix depuis Malaga. Guide touristique officiel priv\u00e9 et v\u00e9hicule de luxe priv\u00e9 avec chauffeur. Apprenez \u00e0 conna\u00eetre le meilleur de Cadix; La cath\u00e9drale, le front de mer et plus encore!\" \/>\n<meta name=\"robots\" content=\"index, follow, max-snippet:-1, max-image-preview:large, max-video-preview:-1\" \/>\n<link rel=\"canonical\" href=\"https:\/\/tourtravelandmore.com\/fr\/tours\/espagne-fr\/malaga-fr\/all-private-tours-activities-fr-12\/visite-privee-de-cadix-depuis-malaga\/\" \/>\n<meta property=\"og:locale\" content=\"fr_FR\" \/>\n<meta property=\"og:type\" content=\"article\" \/>\n<meta property=\"og:title\" content=\"Visite priv\u00e9e de Cadix depuis Malaga\" \/>\n<meta property=\"og:description\" content=\"Visite priv\u00e9e de Cadix depuis Malaga. Guide touristique officiel priv\u00e9 et v\u00e9hicule de luxe priv\u00e9 avec chauffeur. Apprenez \u00e0 conna\u00eetre le meilleur de Cadix; La cath\u00e9drale, le front de mer et plus encore!\" \/>\n<meta property=\"og:url\" content=\"https:\/\/tourtravelandmore.com\/fr\/tours\/espagne-fr\/malaga-fr\/all-private-tours-activities-fr-12\/visite-privee-de-cadix-depuis-malaga\/\" \/>\n<meta property=\"og:site_name\" content=\"Tour Travel And More\" \/>\n<meta property=\"article:publisher\" content=\"https:\/\/www.facebook.com\/tourtravelandmore\/\" \/>\n<meta property=\"article:modified_time\" content=\"2023-01-19T19:39:50+00:00\" \/>\n<meta property=\"og:image\" content=\"https:\/\/tourtravelandmore.com\/wp-content\/uploads\/2016\/03\/PlazaSAntonioCadiz.jpg\" \/>\n\t<meta property=\"og:image:width\" content=\"787\" \/>\n\t<meta property=\"og:image:height\" content=\"600\" \/>\n\t<meta property=\"og:image:type\" content=\"image\/jpeg\" \/>\n<meta name=\"twitter:card\" content=\"summary_large_image\" \/>\n<meta name=\"twitter:site\" content=\"@TourTravel_More\" \/>\n<meta name=\"twitter:label1\" content=\"Dur\u00e9e de lecture estim\u00e9e\" \/>\n\t<meta name=\"twitter:data1\" content=\"2 minutes\" \/>\n<script type=\"application\/ld+json\" class=\"yoast-schema-graph\">{\"@context\":\"https:\/\/schema.org\",\"@graph\":[{\"@type\":\"WebPage\",\"@id\":\"https:\/\/tourtravelandmore.com\/fr\/tours\/espagne-fr\/malaga-fr\/all-private-tours-activities-fr-12\/visite-privee-de-cadix-depuis-malaga\/\",\"url\":\"https:\/\/tourtravelandmore.com\/fr\/tours\/espagne-fr\/malaga-fr\/all-private-tours-activities-fr-12\/visite-privee-de-cadix-depuis-malaga\/\",\"name\":\"Visite priv\u00e9e de Cadix depuis Malaga | TTM\",\"isPartOf\":{\"@id\":\"https:\/\/tourtravelandmore.com\/fr\/#website\"},\"primaryImageOfPage\":{\"@id\":\"https:\/\/tourtravelandmore.com\/fr\/tours\/espagne-fr\/malaga-fr\/all-private-tours-activities-fr-12\/visite-privee-de-cadix-depuis-malaga\/#primaryimage\"},\"image\":{\"@id\":\"https:\/\/tourtravelandmore.com\/fr\/tours\/espagne-fr\/malaga-fr\/all-private-tours-activities-fr-12\/visite-privee-de-cadix-depuis-malaga\/#primaryimage\"},\"thumbnailUrl\":\"https:\/\/tourtravelandmore.com\/wp-content\/uploads\/2016\/03\/PlazaSAntonioCadiz.jpg\",\"datePublished\":\"2023-01-19T19:08:24+00:00\",\"dateModified\":\"2023-01-19T19:39:50+00:00\",\"description\":\"Visite priv\u00e9e de Cadix depuis Malaga. Guide touristique officiel priv\u00e9 et v\u00e9hicule de luxe priv\u00e9 avec chauffeur. Apprenez \u00e0 conna\u00eetre le meilleur de Cadix; La cath\u00e9drale, le front de mer et plus encore!\",\"breadcrumb\":{\"@id\":\"https:\/\/tourtravelandmore.com\/fr\/tours\/espagne-fr\/malaga-fr\/all-private-tours-activities-fr-12\/visite-privee-de-cadix-depuis-malaga\/#breadcrumb\"},\"inLanguage\":\"fr-FR\",\"potentialAction\":[{\"@type\":\"ReadAction\",\"target\":[\"https:\/\/tourtravelandmore.com\/fr\/tours\/espagne-fr\/malaga-fr\/all-private-tours-activities-fr-12\/visite-privee-de-cadix-depuis-malaga\/\"]}]},{\"@type\":\"ImageObject\",\"inLanguage\":\"fr-FR\",\"@id\":\"https:\/\/tourtravelandmore.com\/fr\/tours\/espagne-fr\/malaga-fr\/all-private-tours-activities-fr-12\/visite-privee-de-cadix-depuis-malaga\/#primaryimage\",\"url\":\"https:\/\/tourtravelandmore.com\/wp-content\/uploads\/2016\/03\/PlazaSAntonioCadiz.jpg\",\"contentUrl\":\"https:\/\/tourtravelandmore.com\/wp-content\/uploads\/2016\/03\/PlazaSAntonioCadiz.jpg\",\"width\":787,\"height\":600},{\"@type\":\"BreadcrumbList\",\"@id\":\"https:\/\/tourtravelandmore.com\/fr\/tours\/espagne-fr\/malaga-fr\/all-private-tours-activities-fr-12\/visite-privee-de-cadix-depuis-malaga\/#breadcrumb\",\"itemListElement\":[{\"@type\":\"ListItem\",\"position\":1,\"name\":\"Home\",\"item\":\"https:\/\/tourtravelandmore.com\/fr\/\"},{\"@type\":\"ListItem\",\"position\":2,\"name\":\"Tours\",\"item\":\"https:\/\/tourtravelandmore.com\/fr\/tours\/\"},{\"@type\":\"ListItem\",\"position\":3,\"name\":\"Visite priv\u00e9e de Cadix depuis Malaga\"}]},{\"@type\":\"WebSite\",\"@id\":\"https:\/\/tourtravelandmore.com\/fr\/#website\",\"url\":\"https:\/\/tourtravelandmore.com\/fr\/\",\"name\":\"Tour Travel And More\",\"description\":\"Private sightseeing tours and luxury transfers in Spain\",\"publisher\":{\"@id\":\"https:\/\/tourtravelandmore.com\/fr\/#organization\"},\"potentialAction\":[{\"@type\":\"SearchAction\",\"target\":{\"@type\":\"EntryPoint\",\"urlTemplate\":\"https:\/\/tourtravelandmore.com\/fr\/?s={search_term_string}\"},\"query-input\":{\"@type\":\"PropertyValueSpecification\",\"valueRequired\":true,\"valueName\":\"search_term_string\"}}],\"inLanguage\":\"fr-FR\"},{\"@type\":\"Organization\",\"@id\":\"https:\/\/tourtravelandmore.com\/fr\/#organization\",\"name\":\"Tour Travel And More\",\"url\":\"https:\/\/tourtravelandmore.com\/fr\/\",\"logo\":{\"@type\":\"ImageObject\",\"inLanguage\":\"fr-FR\",\"@id\":\"https:\/\/tourtravelandmore.com\/fr\/#\/schema\/logo\/image\/\",\"url\":\"https:\/\/tourtravelandmore.com\/wp-content\/uploads\/2022\/12\/cropped-logo-cabecera-new.png\",\"contentUrl\":\"https:\/\/tourtravelandmore.com\/wp-content\/uploads\/2022\/12\/cropped-logo-cabecera-new.png\",\"width\":430,\"height\":61,\"caption\":\"Tour Travel And More\"},\"image\":{\"@id\":\"https:\/\/tourtravelandmore.com\/fr\/#\/schema\/logo\/image\/\"},\"sameAs\":[\"https:\/\/www.facebook.com\/tourtravelandmore\/\",\"https:\/\/x.com\/TourTravel_More\"]}]}<\/script>\n<!-- \/ Yoast SEO Premium plugin. -->","yoast_head_json":{"title":"Visite priv\u00e9e de Cadix depuis Malaga | TTM","description":"Visite priv\u00e9e de Cadix depuis Malaga. Guide touristique officiel priv\u00e9 et v\u00e9hicule de luxe priv\u00e9 avec chauffeur. Apprenez \u00e0 conna\u00eetre le meilleur de Cadix; La cath\u00e9drale, le front de mer et plus encore!","robots":{"index":"index","follow":"follow","max-snippet":"max-snippet:-1","max-image-preview":"max-image-preview:large","max-video-preview":"max-video-preview:-1"},"canonical":"https:\/\/tourtravelandmore.com\/fr\/tours\/espagne-fr\/malaga-fr\/all-private-tours-activities-fr-12\/visite-privee-de-cadix-depuis-malaga\/","og_locale":"fr_FR","og_type":"article","og_title":"Visite priv\u00e9e de Cadix depuis Malaga","og_description":"Visite priv\u00e9e de Cadix depuis Malaga. Guide touristique officiel priv\u00e9 et v\u00e9hicule de luxe priv\u00e9 avec chauffeur. Apprenez \u00e0 conna\u00eetre le meilleur de Cadix; La cath\u00e9drale, le front de mer et plus encore!","og_url":"https:\/\/tourtravelandmore.com\/fr\/tours\/espagne-fr\/malaga-fr\/all-private-tours-activities-fr-12\/visite-privee-de-cadix-depuis-malaga\/","og_site_name":"Tour Travel And More","article_publisher":"https:\/\/www.facebook.com\/tourtravelandmore\/","article_modified_time":"2023-01-19T19:39:50+00:00","og_image":[{"width":787,"height":600,"url":"https:\/\/tourtravelandmore.com\/wp-content\/uploads\/2016\/03\/PlazaSAntonioCadiz.jpg","type":"image\/jpeg"}],"twitter_card":"summary_large_image","twitter_site":"@TourTravel_More","twitter_misc":{"Dur\u00e9e de lecture estim\u00e9e":"2 minutes"},"schema":{"@context":"https:\/\/schema.org","@graph":[{"@type":"WebPage","@id":"https:\/\/tourtravelandmore.com\/fr\/tours\/espagne-fr\/malaga-fr\/all-private-tours-activities-fr-12\/visite-privee-de-cadix-depuis-malaga\/","url":"https:\/\/tourtravelandmore.com\/fr\/tours\/espagne-fr\/malaga-fr\/all-private-tours-activities-fr-12\/visite-privee-de-cadix-depuis-malaga\/","name":"Visite priv\u00e9e de Cadix depuis Malaga | TTM","isPartOf":{"@id":"https:\/\/tourtravelandmore.com\/fr\/#website"},"primaryImageOfPage":{"@id":"https:\/\/tourtravelandmore.com\/fr\/tours\/espagne-fr\/malaga-fr\/all-private-tours-activities-fr-12\/visite-privee-de-cadix-depuis-malaga\/#primaryimage"},"image":{"@id":"https:\/\/tourtravelandmore.com\/fr\/tours\/espagne-fr\/malaga-fr\/all-private-tours-activities-fr-12\/visite-privee-de-cadix-depuis-malaga\/#primaryimage"},"thumbnailUrl":"https:\/\/tourtravelandmore.com\/wp-content\/uploads\/2016\/03\/PlazaSAntonioCadiz.jpg","datePublished":"2023-01-19T19:08:24+00:00","dateModified":"2023-01-19T19:39:50+00:00","description":"Visite priv\u00e9e de Cadix depuis Malaga. Guide touristique officiel priv\u00e9 et v\u00e9hicule de luxe priv\u00e9 avec chauffeur. Apprenez \u00e0 conna\u00eetre le meilleur de Cadix; La cath\u00e9drale, le front de mer et plus encore!","breadcrumb":{"@id":"https:\/\/tourtravelandmore.com\/fr\/tours\/espagne-fr\/malaga-fr\/all-private-tours-activities-fr-12\/visite-privee-de-cadix-depuis-malaga\/#breadcrumb"},"inLanguage":"fr-FR","potentialAction":[{"@type":"ReadAction","target":["https:\/\/tourtravelandmore.com\/fr\/tours\/espagne-fr\/malaga-fr\/all-private-tours-activities-fr-12\/visite-privee-de-cadix-depuis-malaga\/"]}]},{"@type":"ImageObject","inLanguage":"fr-FR","@id":"https:\/\/tourtravelandmore.com\/fr\/tours\/espagne-fr\/malaga-fr\/all-private-tours-activities-fr-12\/visite-privee-de-cadix-depuis-malaga\/#primaryimage","url":"https:\/\/tourtravelandmore.com\/wp-content\/uploads\/2016\/03\/PlazaSAntonioCadiz.jpg","contentUrl":"https:\/\/tourtravelandmore.com\/wp-content\/uploads\/2016\/03\/PlazaSAntonioCadiz.jpg","width":787,"height":600},{"@type":"BreadcrumbList","@id":"https:\/\/tourtravelandmore.com\/fr\/tours\/espagne-fr\/malaga-fr\/all-private-tours-activities-fr-12\/visite-privee-de-cadix-depuis-malaga\/#breadcrumb","itemListElement":[{"@type":"ListItem","position":1,"name":"Home","item":"https:\/\/tourtravelandmore.com\/fr\/"},{"@type":"ListItem","position":2,"name":"Tours","item":"https:\/\/tourtravelandmore.com\/fr\/tours\/"},{"@type":"ListItem","position":3,"name":"Visite priv\u00e9e de Cadix depuis Malaga"}]},{"@type":"WebSite","@id":"https:\/\/tourtravelandmore.com\/fr\/#website","url":"https:\/\/tourtravelandmore.com\/fr\/","name":"Tour Travel And More","description":"Private sightseeing tours and luxury transfers in Spain","publisher":{"@id":"https:\/\/tourtravelandmore.com\/fr\/#organization"},"potentialAction":[{"@type":"SearchAction","target":{"@type":"EntryPoint","urlTemplate":"https:\/\/tourtravelandmore.com\/fr\/?s={search_term_string}"},"query-input":{"@type":"PropertyValueSpecification","valueRequired":true,"valueName":"search_term_string"}}],"inLanguage":"fr-FR"},{"@type":"Organization","@id":"https:\/\/tourtravelandmore.com\/fr\/#organization","name":"Tour Travel And More","url":"https:\/\/tourtravelandmore.com\/fr\/","logo":{"@type":"ImageObject","inLanguage":"fr-FR","@id":"https:\/\/tourtravelandmore.com\/fr\/#\/schema\/logo\/image\/","url":"https:\/\/tourtravelandmore.com\/wp-content\/uploads\/2022\/12\/cropped-logo-cabecera-new.png","contentUrl":"https:\/\/tourtravelandmore.com\/wp-content\/uploads\/2022\/12\/cropped-logo-cabecera-new.png","width":430,"height":61,"caption":"Tour Travel And More"},"image":{"@id":"https:\/\/tourtravelandmore.com\/fr\/#\/schema\/logo\/image\/"},"sameAs":["https:\/\/www.facebook.com\/tourtravelandmore\/","https:\/\/x.com\/TourTravel_More"]}]}},"_links":{"self":[{"href":"https:\/\/tourtravelandmore.com\/fr\/wp-json\/wp\/v2\/product\/150296","targetHints":{"allow":["GET"]}}],"collection":[{"href":"https:\/\/tourtravelandmore.com\/fr\/wp-json\/wp\/v2\/product"}],"about":[{"href":"https:\/\/tourtravelandmore.com\/fr\/wp-json\/wp\/v2\/types\/product"}],"replies":[{"embeddable":true,"href":"https:\/\/tourtravelandmore.com\/fr\/wp-json\/wp\/v2\/comments?post=150296"}],"wp:featuredmedia":[{"embeddable":true,"href":"https:\/\/tourtravelandmore.com\/fr\/wp-json\/wp\/v2\/media\/95861"}],"wp:attachment":[{"href":"https:\/\/tourtravelandmore.com\/fr\/wp-json\/wp\/v2\/media?parent=150296"}],"wp:term":[{"taxonomy":"product_brand","embeddable":true,"href":"https:\/\/tourtravelandmore.com\/fr\/wp-json\/wp\/v2\/product_brand?post=150296"},{"taxonomy":"product_cat","embeddable":true,"href":"https:\/\/tourtravelandmore.com\/fr\/wp-json\/wp\/v2\/product_cat?post=150296"},{"taxonomy":"product_tag","embeddable":true,"href":"https:\/\/tourtravelandmore.com\/fr\/wp-json\/wp\/v2\/product_tag?post=150296"}],"curies":[{"name":"wp","href":"https:\/\/api.w.org\/{rel}","templated":true}]}}