{"id":148519,"date":"2020-11-16T13:45:33","date_gmt":"2020-11-16T12:45:33","guid":{"rendered":"https:\/\/tourtravelandmore.com\/tours\/non%20class\u00e9\/visite-privee-de-toronto-a-pied\/"},"modified":"2024-08-30T16:53:23","modified_gmt":"2024-08-30T14:53:23","slug":"visite-privee-de-toronto-a-pied","status":"publish","type":"product","link":"https:\/\/tourtravelandmore.com\/fr\/tours\/canada-fr\/toronto-fr\/private-sightseeing-tours-fr-18\/visite-privee-de-toronto-a-pied\/","title":{"rendered":"Visite priv\u00e9e de Toronto \u00e0 pied"},"content":{"rendered":"<h2>Description de la visite<\/h2>\n<p>L&#8217;une des meilleures fa\u00e7ons d&#8217;apprendre \u00e0 conna\u00eetre une ville est d&#8217;accompagner votre guide priv\u00e9 lors d&#8217;une visite \u00e0 pied. C&#8217;est pourquoi notre <b><strong>visite priv\u00e9e \u00e0 pied de Toronto<\/strong><\/b> est parfaite pour vous.<\/p>\n<p><a href=\"https:\/\/es.wikipedia.org\/wiki\/Toronto\"><b><strong>Toronto<\/strong><\/b><\/a><b> <\/b>est une ville immense, c&#8217;est pourquoi nous commencerons cette visite priv\u00e9e \u00e0 pied \u00e0 un point de rencontre central dans la ville. Si votre h\u00f4tel est proche, nous pouvons organiser une prise en charge \u00e0 pied.<\/p>\n<p>Une fois que vous aurez rencontr\u00e9 notre guide priv\u00e9, vous commencerez votre visite priv\u00e9e. Il s&#8217;agit d&#8217;une exp\u00e9rience priv\u00e9e exceptionnelle !<\/p>\n<p>Notre guide priv\u00e9 sera \u00e0 votre disposition pendant les 4 heures pour vous emmener visiter les sites les plus importants de la ville. Admirez la c\u00e9l\u00e8bre Tour CN, l&#8217;h\u00f4tel de ville de Toronto, la magnifique cath\u00e9drale St. Michael&#8217;s et bien d&#8217;autres choses encore !<\/p>\n<h2>Points d&#8217;int\u00e9r\u00eat et monuments<\/h2>\n<p>Cette visite priv\u00e9e \u00e0 pied de Toronto vous attend pour vous faire vivre une exp\u00e9rience merveilleuse !<\/p>\n<p>Notre guide priv\u00e9 vous attendra pour vous faire d\u00e9couvrir le meilleur de la ville de Toronto. Nos guides aiment leur ville et vous feront tomber amoureux de la ville de Toronto !<\/p>\n<p>Il y a beaucoup \u00e0 voir dans le Vieux Toronto, et nous serons l\u00e0 pour rendre l&#8217;exp\u00e9rience unique.<\/p>\n<p>Voici quelques exemples de ce que vous pourrez appr\u00e9cier lors de votre visite priv\u00e9e :<\/p>\n<ul>\n<li><b><strong>Tour CN<\/strong><\/b><\/li>\n<li><b><strong>Osgoode Hall<\/strong><\/b><\/li>\n<li><b><strong>H\u00f4tel de ville de Toronto<\/strong><\/b><\/li>\n<li><b><strong>Basilique de la cath\u00e9drale St Michaels<\/strong><\/b><\/li>\n<li><b><strong>Nathan Phillip Square<\/strong><\/b><\/li>\n<li><b><strong>Et bien d&#8217;autres choses encore !<\/strong><\/b><\/li>\n<\/ul>\n<p>Cette visite priv\u00e9e se terminera \u00e0 un point de rencontre central dans la ville de Toronto. Il sera situ\u00e9 dans le Vieux Toronto.<\/p>\n<p><a href=\"https:\/\/tourtravelandmore.com\/fr\/city\/canada-fr\/toronto-en#shop\/\">Jetez un coup d&#8217;\u0153il \u00e0 nos autres visites priv\u00e9es que vous pouvez appr\u00e9cier \u00e0 Toronto.<\/a> Nous proposons \u00e9galement des visites priv\u00e9es dans tout le Canada et partout ailleurs dans le monde ! Nous sommes \u00e0 votre enti\u00e8re disposition chez Tour Travel &amp; More !<\/p>\n","protected":false},"excerpt":{"rendered":"<p>Prenez cette <strong>visite priv\u00e9e de Toronto \u00e0 pied<\/strong> et profitez du meilleur de la ville de Toronto ! Il s&#8217;agit d&#8217;une excellente visite priv\u00e9e avec un guide officiel.<\/p>\n","protected":false},"featured_media":177658,"comment_status":"open","ping_status":"closed","template":"","meta":{"_acf_changed":false},"product_brand":[],"product_cat":[3751,3775,4243,4246,3547],"product_tag":[],"class_list":{"0":"post-148519","1":"product","2":"type-product","3":"status-publish","4":"has-post-thumbnail","6":"product_cat-canada-fr","7":"product_cat-toronto-fr","8":"product_cat-private-sightseeing-tours-fr-18","9":"product_cat-private-walking-tours-fr-6","10":"product_cat-etats-unis-fr","12":"first","13":"instock","14":"shipping-taxable","15":"purchasable","16":"product-type-simple"},"acf":[],"yoast_head":"<!-- This site is optimized with the Yoast SEO Premium plugin v25.3.1 (Yoast SEO v25.3.1) - https:\/\/yoast.com\/wordpress\/plugins\/seo\/ -->\n<title>Visite priv\u00e9e de Toronto \u00e0 pied avec un guide officiel | TTM<\/title>\n<meta name=\"description\" content=\"Prenez cette visite priv\u00e9e \u00e0 pied de Toronto et profitez du meilleur de la ville de Toronto ! Il s&#039;agit d&#039;une excellente visite priv\u00e9e ! \u2705\" \/>\n<meta name=\"robots\" content=\"index, follow, max-snippet:-1, max-image-preview:large, max-video-preview:-1\" \/>\n<link rel=\"canonical\" href=\"https:\/\/tourtravelandmore.com\/fr\/tours\/canada-fr\/toronto-fr\/private-sightseeing-tours-fr-18\/visite-privee-de-toronto-a-pied\/\" \/>\n<meta property=\"og:locale\" content=\"fr_FR\" \/>\n<meta property=\"og:type\" content=\"article\" \/>\n<meta property=\"og:title\" content=\"Visite priv\u00e9e de Toronto \u00e0 pied\" \/>\n<meta property=\"og:description\" content=\"Prenez cette visite priv\u00e9e \u00e0 pied de Toronto et profitez du meilleur de la ville de Toronto ! Il s&#039;agit d&#039;une excellente visite priv\u00e9e ! \u2705\" \/>\n<meta property=\"og:url\" content=\"https:\/\/tourtravelandmore.com\/fr\/tours\/canada-fr\/toronto-fr\/private-sightseeing-tours-fr-18\/visite-privee-de-toronto-a-pied\/\" \/>\n<meta property=\"og:site_name\" content=\"Tour Travel And More\" \/>\n<meta property=\"article:publisher\" content=\"https:\/\/www.facebook.com\/tourtravelandmore\/\" \/>\n<meta property=\"article:modified_time\" content=\"2024-08-30T14:53:23+00:00\" \/>\n<meta property=\"og:image\" content=\"https:\/\/tourtravelandmore.com\/wp-content\/uploads\/2020\/11\/pexels-souvenirpixels-1519088.jpg\" \/>\n\t<meta property=\"og:image:width\" content=\"1280\" \/>\n\t<meta property=\"og:image:height\" content=\"814\" \/>\n\t<meta property=\"og:image:type\" content=\"image\/jpeg\" \/>\n<meta name=\"twitter:card\" content=\"summary_large_image\" \/>\n<meta name=\"twitter:site\" content=\"@TourTravel_More\" \/>\n<meta name=\"twitter:label1\" content=\"Dur\u00e9e de lecture estim\u00e9e\" \/>\n\t<meta name=\"twitter:data1\" content=\"2 minutes\" \/>\n<script type=\"application\/ld+json\" class=\"yoast-schema-graph\">{\"@context\":\"https:\/\/schema.org\",\"@graph\":[{\"@type\":\"WebPage\",\"@id\":\"https:\/\/tourtravelandmore.com\/fr\/tours\/canada-fr\/toronto-fr\/private-sightseeing-tours-fr-18\/visite-privee-de-toronto-a-pied\/\",\"url\":\"https:\/\/tourtravelandmore.com\/fr\/tours\/canada-fr\/toronto-fr\/private-sightseeing-tours-fr-18\/visite-privee-de-toronto-a-pied\/\",\"name\":\"Visite priv\u00e9e de Toronto \u00e0 pied avec un guide officiel | TTM\",\"isPartOf\":{\"@id\":\"https:\/\/tourtravelandmore.com\/fr\/#website\"},\"primaryImageOfPage\":{\"@id\":\"https:\/\/tourtravelandmore.com\/fr\/tours\/canada-fr\/toronto-fr\/private-sightseeing-tours-fr-18\/visite-privee-de-toronto-a-pied\/#primaryimage\"},\"image\":{\"@id\":\"https:\/\/tourtravelandmore.com\/fr\/tours\/canada-fr\/toronto-fr\/private-sightseeing-tours-fr-18\/visite-privee-de-toronto-a-pied\/#primaryimage\"},\"thumbnailUrl\":\"https:\/\/tourtravelandmore.com\/wp-content\/uploads\/2020\/11\/pexels-souvenirpixels-1519088.jpg\",\"datePublished\":\"2020-11-16T12:45:33+00:00\",\"dateModified\":\"2024-08-30T14:53:23+00:00\",\"description\":\"Prenez cette visite priv\u00e9e \u00e0 pied de Toronto et profitez du meilleur de la ville de Toronto ! Il s'agit d'une excellente visite priv\u00e9e ! \u2705\",\"breadcrumb\":{\"@id\":\"https:\/\/tourtravelandmore.com\/fr\/tours\/canada-fr\/toronto-fr\/private-sightseeing-tours-fr-18\/visite-privee-de-toronto-a-pied\/#breadcrumb\"},\"inLanguage\":\"fr-FR\",\"potentialAction\":[{\"@type\":\"ReadAction\",\"target\":[\"https:\/\/tourtravelandmore.com\/fr\/tours\/canada-fr\/toronto-fr\/private-sightseeing-tours-fr-18\/visite-privee-de-toronto-a-pied\/\"]}]},{\"@type\":\"ImageObject\",\"inLanguage\":\"fr-FR\",\"@id\":\"https:\/\/tourtravelandmore.com\/fr\/tours\/canada-fr\/toronto-fr\/private-sightseeing-tours-fr-18\/visite-privee-de-toronto-a-pied\/#primaryimage\",\"url\":\"https:\/\/tourtravelandmore.com\/wp-content\/uploads\/2020\/11\/pexels-souvenirpixels-1519088.jpg\",\"contentUrl\":\"https:\/\/tourtravelandmore.com\/wp-content\/uploads\/2020\/11\/pexels-souvenirpixels-1519088.jpg\",\"width\":1280,\"height\":814},{\"@type\":\"BreadcrumbList\",\"@id\":\"https:\/\/tourtravelandmore.com\/fr\/tours\/canada-fr\/toronto-fr\/private-sightseeing-tours-fr-18\/visite-privee-de-toronto-a-pied\/#breadcrumb\",\"itemListElement\":[{\"@type\":\"ListItem\",\"position\":1,\"name\":\"Home\",\"item\":\"https:\/\/tourtravelandmore.com\/fr\/\"},{\"@type\":\"ListItem\",\"position\":2,\"name\":\"Tours\",\"item\":\"https:\/\/tourtravelandmore.com\/fr\/tours\/\"},{\"@type\":\"ListItem\",\"position\":3,\"name\":\"Visite priv\u00e9e de Toronto \u00e0 pied\"}]},{\"@type\":\"WebSite\",\"@id\":\"https:\/\/tourtravelandmore.com\/fr\/#website\",\"url\":\"https:\/\/tourtravelandmore.com\/fr\/\",\"name\":\"Tour Travel And More\",\"description\":\"Private sightseeing tours and luxury transfers in Spain\",\"publisher\":{\"@id\":\"https:\/\/tourtravelandmore.com\/fr\/#organization\"},\"potentialAction\":[{\"@type\":\"SearchAction\",\"target\":{\"@type\":\"EntryPoint\",\"urlTemplate\":\"https:\/\/tourtravelandmore.com\/fr\/?s={search_term_string}\"},\"query-input\":{\"@type\":\"PropertyValueSpecification\",\"valueRequired\":true,\"valueName\":\"search_term_string\"}}],\"inLanguage\":\"fr-FR\"},{\"@type\":\"Organization\",\"@id\":\"https:\/\/tourtravelandmore.com\/fr\/#organization\",\"name\":\"Tour Travel And More\",\"url\":\"https:\/\/tourtravelandmore.com\/fr\/\",\"logo\":{\"@type\":\"ImageObject\",\"inLanguage\":\"fr-FR\",\"@id\":\"https:\/\/tourtravelandmore.com\/fr\/#\/schema\/logo\/image\/\",\"url\":\"https:\/\/tourtravelandmore.com\/wp-content\/uploads\/2022\/12\/cropped-logo-cabecera-new.png\",\"contentUrl\":\"https:\/\/tourtravelandmore.com\/wp-content\/uploads\/2022\/12\/cropped-logo-cabecera-new.png\",\"width\":430,\"height\":61,\"caption\":\"Tour Travel And More\"},\"image\":{\"@id\":\"https:\/\/tourtravelandmore.com\/fr\/#\/schema\/logo\/image\/\"},\"sameAs\":[\"https:\/\/www.facebook.com\/tourtravelandmore\/\",\"https:\/\/x.com\/TourTravel_More\"]}]}<\/script>\n<!-- \/ Yoast SEO Premium plugin. -->","yoast_head_json":{"title":"Visite priv\u00e9e de Toronto \u00e0 pied avec un guide officiel | TTM","description":"Prenez cette visite priv\u00e9e \u00e0 pied de Toronto et profitez du meilleur de la ville de Toronto ! Il s'agit d'une excellente visite priv\u00e9e ! \u2705","robots":{"index":"index","follow":"follow","max-snippet":"max-snippet:-1","max-image-preview":"max-image-preview:large","max-video-preview":"max-video-preview:-1"},"canonical":"https:\/\/tourtravelandmore.com\/fr\/tours\/canada-fr\/toronto-fr\/private-sightseeing-tours-fr-18\/visite-privee-de-toronto-a-pied\/","og_locale":"fr_FR","og_type":"article","og_title":"Visite priv\u00e9e de Toronto \u00e0 pied","og_description":"Prenez cette visite priv\u00e9e \u00e0 pied de Toronto et profitez du meilleur de la ville de Toronto ! Il s'agit d'une excellente visite priv\u00e9e ! \u2705","og_url":"https:\/\/tourtravelandmore.com\/fr\/tours\/canada-fr\/toronto-fr\/private-sightseeing-tours-fr-18\/visite-privee-de-toronto-a-pied\/","og_site_name":"Tour Travel And More","article_publisher":"https:\/\/www.facebook.com\/tourtravelandmore\/","article_modified_time":"2024-08-30T14:53:23+00:00","og_image":[{"width":1280,"height":814,"url":"https:\/\/tourtravelandmore.com\/wp-content\/uploads\/2020\/11\/pexels-souvenirpixels-1519088.jpg","type":"image\/jpeg"}],"twitter_card":"summary_large_image","twitter_site":"@TourTravel_More","twitter_misc":{"Dur\u00e9e de lecture estim\u00e9e":"2 minutes"},"schema":{"@context":"https:\/\/schema.org","@graph":[{"@type":"WebPage","@id":"https:\/\/tourtravelandmore.com\/fr\/tours\/canada-fr\/toronto-fr\/private-sightseeing-tours-fr-18\/visite-privee-de-toronto-a-pied\/","url":"https:\/\/tourtravelandmore.com\/fr\/tours\/canada-fr\/toronto-fr\/private-sightseeing-tours-fr-18\/visite-privee-de-toronto-a-pied\/","name":"Visite priv\u00e9e de Toronto \u00e0 pied avec un guide officiel | TTM","isPartOf":{"@id":"https:\/\/tourtravelandmore.com\/fr\/#website"},"primaryImageOfPage":{"@id":"https:\/\/tourtravelandmore.com\/fr\/tours\/canada-fr\/toronto-fr\/private-sightseeing-tours-fr-18\/visite-privee-de-toronto-a-pied\/#primaryimage"},"image":{"@id":"https:\/\/tourtravelandmore.com\/fr\/tours\/canada-fr\/toronto-fr\/private-sightseeing-tours-fr-18\/visite-privee-de-toronto-a-pied\/#primaryimage"},"thumbnailUrl":"https:\/\/tourtravelandmore.com\/wp-content\/uploads\/2020\/11\/pexels-souvenirpixels-1519088.jpg","datePublished":"2020-11-16T12:45:33+00:00","dateModified":"2024-08-30T14:53:23+00:00","description":"Prenez cette visite priv\u00e9e \u00e0 pied de Toronto et profitez du meilleur de la ville de Toronto ! Il s'agit d'une excellente visite priv\u00e9e ! \u2705","breadcrumb":{"@id":"https:\/\/tourtravelandmore.com\/fr\/tours\/canada-fr\/toronto-fr\/private-sightseeing-tours-fr-18\/visite-privee-de-toronto-a-pied\/#breadcrumb"},"inLanguage":"fr-FR","potentialAction":[{"@type":"ReadAction","target":["https:\/\/tourtravelandmore.com\/fr\/tours\/canada-fr\/toronto-fr\/private-sightseeing-tours-fr-18\/visite-privee-de-toronto-a-pied\/"]}]},{"@type":"ImageObject","inLanguage":"fr-FR","@id":"https:\/\/tourtravelandmore.com\/fr\/tours\/canada-fr\/toronto-fr\/private-sightseeing-tours-fr-18\/visite-privee-de-toronto-a-pied\/#primaryimage","url":"https:\/\/tourtravelandmore.com\/wp-content\/uploads\/2020\/11\/pexels-souvenirpixels-1519088.jpg","contentUrl":"https:\/\/tourtravelandmore.com\/wp-content\/uploads\/2020\/11\/pexels-souvenirpixels-1519088.jpg","width":1280,"height":814},{"@type":"BreadcrumbList","@id":"https:\/\/tourtravelandmore.com\/fr\/tours\/canada-fr\/toronto-fr\/private-sightseeing-tours-fr-18\/visite-privee-de-toronto-a-pied\/#breadcrumb","itemListElement":[{"@type":"ListItem","position":1,"name":"Home","item":"https:\/\/tourtravelandmore.com\/fr\/"},{"@type":"ListItem","position":2,"name":"Tours","item":"https:\/\/tourtravelandmore.com\/fr\/tours\/"},{"@type":"ListItem","position":3,"name":"Visite priv\u00e9e de Toronto \u00e0 pied"}]},{"@type":"WebSite","@id":"https:\/\/tourtravelandmore.com\/fr\/#website","url":"https:\/\/tourtravelandmore.com\/fr\/","name":"Tour Travel And More","description":"Private sightseeing tours and luxury transfers in Spain","publisher":{"@id":"https:\/\/tourtravelandmore.com\/fr\/#organization"},"potentialAction":[{"@type":"SearchAction","target":{"@type":"EntryPoint","urlTemplate":"https:\/\/tourtravelandmore.com\/fr\/?s={search_term_string}"},"query-input":{"@type":"PropertyValueSpecification","valueRequired":true,"valueName":"search_term_string"}}],"inLanguage":"fr-FR"},{"@type":"Organization","@id":"https:\/\/tourtravelandmore.com\/fr\/#organization","name":"Tour Travel And More","url":"https:\/\/tourtravelandmore.com\/fr\/","logo":{"@type":"ImageObject","inLanguage":"fr-FR","@id":"https:\/\/tourtravelandmore.com\/fr\/#\/schema\/logo\/image\/","url":"https:\/\/tourtravelandmore.com\/wp-content\/uploads\/2022\/12\/cropped-logo-cabecera-new.png","contentUrl":"https:\/\/tourtravelandmore.com\/wp-content\/uploads\/2022\/12\/cropped-logo-cabecera-new.png","width":430,"height":61,"caption":"Tour Travel And More"},"image":{"@id":"https:\/\/tourtravelandmore.com\/fr\/#\/schema\/logo\/image\/"},"sameAs":["https:\/\/www.facebook.com\/tourtravelandmore\/","https:\/\/x.com\/TourTravel_More"]}]}},"_links":{"self":[{"href":"https:\/\/tourtravelandmore.com\/fr\/wp-json\/wp\/v2\/product\/148519","targetHints":{"allow":["GET"]}}],"collection":[{"href":"https:\/\/tourtravelandmore.com\/fr\/wp-json\/wp\/v2\/product"}],"about":[{"href":"https:\/\/tourtravelandmore.com\/fr\/wp-json\/wp\/v2\/types\/product"}],"replies":[{"embeddable":true,"href":"https:\/\/tourtravelandmore.com\/fr\/wp-json\/wp\/v2\/comments?post=148519"}],"wp:featuredmedia":[{"embeddable":true,"href":"https:\/\/tourtravelandmore.com\/fr\/wp-json\/wp\/v2\/media\/177658"}],"wp:attachment":[{"href":"https:\/\/tourtravelandmore.com\/fr\/wp-json\/wp\/v2\/media?parent=148519"}],"wp:term":[{"taxonomy":"product_brand","embeddable":true,"href":"https:\/\/tourtravelandmore.com\/fr\/wp-json\/wp\/v2\/product_brand?post=148519"},{"taxonomy":"product_cat","embeddable":true,"href":"https:\/\/tourtravelandmore.com\/fr\/wp-json\/wp\/v2\/product_cat?post=148519"},{"taxonomy":"product_tag","embeddable":true,"href":"https:\/\/tourtravelandmore.com\/fr\/wp-json\/wp\/v2\/product_tag?post=148519"}],"curies":[{"name":"wp","href":"https:\/\/api.w.org\/{rel}","templated":true}]}}