{"id":147768,"date":"2021-07-19T12:01:28","date_gmt":"2021-07-19T10:01:28","guid":{"rendered":"https:\/\/tourtravelandmore.com\/tours\/non%20class\u00e9\/itineraire-de-la-croisiere-assouan-louxor-avec-excursions-incluses\/"},"modified":"2023-01-18T17:12:48","modified_gmt":"2023-01-18T16:12:48","slug":"itineraire-de-la-croisiere-assouan-louxor-avec-excursions-incluses","status":"publish","type":"product","link":"https:\/\/tourtravelandmore.com\/fr\/tours\/egypte-fr\/aswan-luxor-fr\/private-sightseeing-tours-fr-15-aswan-luxor-fr\/itineraire-de-la-croisiere-assouan-louxor-avec-excursions-incluses\/","title":{"rendered":"Itin\u00e9raire de la croisi\u00e8re : Assouan &#8211; Louxor avec excursions incluses"},"content":{"rendered":"","protected":false},"excerpt":{"rendered":"<p>Profitez au maximum de votre visite en \u00c9gypte et laissez-nous organiser votre itin\u00e9raire de croisi\u00e8re personnalis\u00e9. Profitez d&#8217;une croisi\u00e8re de 4 jours d&#8217;Assouan \u00e0 Louxor.<\/p>\n","protected":false},"featured_media":109221,"comment_status":"open","ping_status":"closed","template":"","meta":{"_acf_changed":false},"product_brand":[],"product_cat":[3747,4056,4234],"product_tag":[],"class_list":{"0":"post-147768","1":"product","2":"type-product","3":"status-publish","4":"has-post-thumbnail","6":"product_cat-egypte-fr","7":"product_cat-aswan-luxor-fr","8":"product_cat-private-sightseeing-tours-fr-15-aswan-luxor-fr","10":"first","11":"instock","12":"shipping-taxable","13":"purchasable","14":"product-type-simple"},"acf":[],"yoast_head":"<!-- This site is optimized with the Yoast SEO Premium plugin v25.3.1 (Yoast SEO v25.3.1) - https:\/\/yoast.com\/wordpress\/plugins\/seo\/ -->\n<title>Itin\u00e9raire priv\u00e9 sur mesure en \u00c9gypte : Croisi\u00e8re Assouan - Louxor<\/title>\n<meta name=\"description\" content=\"D\u00e9couvrez l&#039;\u00c9gypte et ses lieux les plus embl\u00e9matiques aux c\u00f4t\u00e9s de nos experts locaux. Profitez de nos exp\u00e9riences priv\u00e9es sur mesure !\" \/>\n<meta name=\"robots\" content=\"index, follow, max-snippet:-1, max-image-preview:large, max-video-preview:-1\" \/>\n<link rel=\"canonical\" href=\"https:\/\/tourtravelandmore.com\/fr\/tours\/egypte-fr\/aswan-luxor-fr\/private-sightseeing-tours-fr-15-aswan-luxor-fr\/itineraire-de-la-croisiere-assouan-louxor-avec-excursions-incluses\/\" \/>\n<meta property=\"og:locale\" content=\"fr_FR\" \/>\n<meta property=\"og:type\" content=\"article\" \/>\n<meta property=\"og:title\" content=\"Itin\u00e9raire de la croisi\u00e8re : Assouan - Louxor avec excursions incluses\" \/>\n<meta property=\"og:description\" content=\"D\u00e9couvrez l&#039;\u00c9gypte et ses lieux les plus embl\u00e9matiques aux c\u00f4t\u00e9s de nos experts locaux. Profitez de nos exp\u00e9riences priv\u00e9es sur mesure !\" \/>\n<meta property=\"og:url\" content=\"https:\/\/tourtravelandmore.com\/fr\/tours\/egypte-fr\/aswan-luxor-fr\/private-sightseeing-tours-fr-15-aswan-luxor-fr\/itineraire-de-la-croisiere-assouan-louxor-avec-excursions-incluses\/\" \/>\n<meta property=\"og:site_name\" content=\"Tour Travel And More\" \/>\n<meta property=\"article:publisher\" content=\"https:\/\/www.facebook.com\/tourtravelandmore\/\" \/>\n<meta property=\"article:modified_time\" content=\"2023-01-18T16:12:48+00:00\" \/>\n<meta property=\"og:image\" content=\"https:\/\/tourtravelandmore.com\/wp-content\/uploads\/2021\/07\/Philae-2.jpeg\" \/>\n\t<meta property=\"og:image:width\" content=\"1050\" \/>\n\t<meta property=\"og:image:height\" content=\"700\" \/>\n\t<meta property=\"og:image:type\" content=\"image\/jpeg\" \/>\n<meta name=\"twitter:card\" content=\"summary_large_image\" \/>\n<meta name=\"twitter:site\" content=\"@TourTravel_More\" \/>\n<script type=\"application\/ld+json\" class=\"yoast-schema-graph\">{\"@context\":\"https:\/\/schema.org\",\"@graph\":[{\"@type\":\"WebPage\",\"@id\":\"https:\/\/tourtravelandmore.com\/fr\/tours\/egypte-fr\/aswan-luxor-fr\/private-sightseeing-tours-fr-15-aswan-luxor-fr\/itineraire-de-la-croisiere-assouan-louxor-avec-excursions-incluses\/\",\"url\":\"https:\/\/tourtravelandmore.com\/fr\/tours\/egypte-fr\/aswan-luxor-fr\/private-sightseeing-tours-fr-15-aswan-luxor-fr\/itineraire-de-la-croisiere-assouan-louxor-avec-excursions-incluses\/\",\"name\":\"Itin\u00e9raire priv\u00e9 sur mesure en \u00c9gypte : Croisi\u00e8re Assouan - Louxor\",\"isPartOf\":{\"@id\":\"https:\/\/tourtravelandmore.com\/fr\/#website\"},\"primaryImageOfPage\":{\"@id\":\"https:\/\/tourtravelandmore.com\/fr\/tours\/egypte-fr\/aswan-luxor-fr\/private-sightseeing-tours-fr-15-aswan-luxor-fr\/itineraire-de-la-croisiere-assouan-louxor-avec-excursions-incluses\/#primaryimage\"},\"image\":{\"@id\":\"https:\/\/tourtravelandmore.com\/fr\/tours\/egypte-fr\/aswan-luxor-fr\/private-sightseeing-tours-fr-15-aswan-luxor-fr\/itineraire-de-la-croisiere-assouan-louxor-avec-excursions-incluses\/#primaryimage\"},\"thumbnailUrl\":\"https:\/\/tourtravelandmore.com\/wp-content\/uploads\/2021\/07\/Philae-2.jpeg\",\"datePublished\":\"2021-07-19T10:01:28+00:00\",\"dateModified\":\"2023-01-18T16:12:48+00:00\",\"description\":\"D\u00e9couvrez l'\u00c9gypte et ses lieux les plus embl\u00e9matiques aux c\u00f4t\u00e9s de nos experts locaux. Profitez de nos exp\u00e9riences priv\u00e9es sur mesure !\",\"breadcrumb\":{\"@id\":\"https:\/\/tourtravelandmore.com\/fr\/tours\/egypte-fr\/aswan-luxor-fr\/private-sightseeing-tours-fr-15-aswan-luxor-fr\/itineraire-de-la-croisiere-assouan-louxor-avec-excursions-incluses\/#breadcrumb\"},\"inLanguage\":\"fr-FR\",\"potentialAction\":[{\"@type\":\"ReadAction\",\"target\":[\"https:\/\/tourtravelandmore.com\/fr\/tours\/egypte-fr\/aswan-luxor-fr\/private-sightseeing-tours-fr-15-aswan-luxor-fr\/itineraire-de-la-croisiere-assouan-louxor-avec-excursions-incluses\/\"]}]},{\"@type\":\"ImageObject\",\"inLanguage\":\"fr-FR\",\"@id\":\"https:\/\/tourtravelandmore.com\/fr\/tours\/egypte-fr\/aswan-luxor-fr\/private-sightseeing-tours-fr-15-aswan-luxor-fr\/itineraire-de-la-croisiere-assouan-louxor-avec-excursions-incluses\/#primaryimage\",\"url\":\"https:\/\/tourtravelandmore.com\/wp-content\/uploads\/2021\/07\/Philae-2.jpeg\",\"contentUrl\":\"https:\/\/tourtravelandmore.com\/wp-content\/uploads\/2021\/07\/Philae-2.jpeg\",\"width\":1050,\"height\":700,\"caption\":\"philae2\"},{\"@type\":\"BreadcrumbList\",\"@id\":\"https:\/\/tourtravelandmore.com\/fr\/tours\/egypte-fr\/aswan-luxor-fr\/private-sightseeing-tours-fr-15-aswan-luxor-fr\/itineraire-de-la-croisiere-assouan-louxor-avec-excursions-incluses\/#breadcrumb\",\"itemListElement\":[{\"@type\":\"ListItem\",\"position\":1,\"name\":\"Home\",\"item\":\"https:\/\/tourtravelandmore.com\/fr\/\"},{\"@type\":\"ListItem\",\"position\":2,\"name\":\"Tours\",\"item\":\"https:\/\/tourtravelandmore.com\/fr\/tours\/\"},{\"@type\":\"ListItem\",\"position\":3,\"name\":\"Itin\u00e9raire de la croisi\u00e8re : Assouan &#8211; Louxor avec excursions incluses\"}]},{\"@type\":\"WebSite\",\"@id\":\"https:\/\/tourtravelandmore.com\/fr\/#website\",\"url\":\"https:\/\/tourtravelandmore.com\/fr\/\",\"name\":\"Tour Travel And More\",\"description\":\"Private sightseeing tours and luxury transfers in Spain\",\"publisher\":{\"@id\":\"https:\/\/tourtravelandmore.com\/fr\/#organization\"},\"potentialAction\":[{\"@type\":\"SearchAction\",\"target\":{\"@type\":\"EntryPoint\",\"urlTemplate\":\"https:\/\/tourtravelandmore.com\/fr\/?s={search_term_string}\"},\"query-input\":{\"@type\":\"PropertyValueSpecification\",\"valueRequired\":true,\"valueName\":\"search_term_string\"}}],\"inLanguage\":\"fr-FR\"},{\"@type\":\"Organization\",\"@id\":\"https:\/\/tourtravelandmore.com\/fr\/#organization\",\"name\":\"Tour Travel And More\",\"url\":\"https:\/\/tourtravelandmore.com\/fr\/\",\"logo\":{\"@type\":\"ImageObject\",\"inLanguage\":\"fr-FR\",\"@id\":\"https:\/\/tourtravelandmore.com\/fr\/#\/schema\/logo\/image\/\",\"url\":\"https:\/\/tourtravelandmore.com\/wp-content\/uploads\/2022\/12\/cropped-logo-cabecera-new.png\",\"contentUrl\":\"https:\/\/tourtravelandmore.com\/wp-content\/uploads\/2022\/12\/cropped-logo-cabecera-new.png\",\"width\":430,\"height\":61,\"caption\":\"Tour Travel And More\"},\"image\":{\"@id\":\"https:\/\/tourtravelandmore.com\/fr\/#\/schema\/logo\/image\/\"},\"sameAs\":[\"https:\/\/www.facebook.com\/tourtravelandmore\/\",\"https:\/\/x.com\/TourTravel_More\"]}]}<\/script>\n<!-- \/ Yoast SEO Premium plugin. -->","yoast_head_json":{"title":"Itin\u00e9raire priv\u00e9 sur mesure en \u00c9gypte : Croisi\u00e8re Assouan - Louxor","description":"D\u00e9couvrez l'\u00c9gypte et ses lieux les plus embl\u00e9matiques aux c\u00f4t\u00e9s de nos experts locaux. Profitez de nos exp\u00e9riences priv\u00e9es sur mesure !","robots":{"index":"index","follow":"follow","max-snippet":"max-snippet:-1","max-image-preview":"max-image-preview:large","max-video-preview":"max-video-preview:-1"},"canonical":"https:\/\/tourtravelandmore.com\/fr\/tours\/egypte-fr\/aswan-luxor-fr\/private-sightseeing-tours-fr-15-aswan-luxor-fr\/itineraire-de-la-croisiere-assouan-louxor-avec-excursions-incluses\/","og_locale":"fr_FR","og_type":"article","og_title":"Itin\u00e9raire de la croisi\u00e8re : Assouan - Louxor avec excursions incluses","og_description":"D\u00e9couvrez l'\u00c9gypte et ses lieux les plus embl\u00e9matiques aux c\u00f4t\u00e9s de nos experts locaux. Profitez de nos exp\u00e9riences priv\u00e9es sur mesure !","og_url":"https:\/\/tourtravelandmore.com\/fr\/tours\/egypte-fr\/aswan-luxor-fr\/private-sightseeing-tours-fr-15-aswan-luxor-fr\/itineraire-de-la-croisiere-assouan-louxor-avec-excursions-incluses\/","og_site_name":"Tour Travel And More","article_publisher":"https:\/\/www.facebook.com\/tourtravelandmore\/","article_modified_time":"2023-01-18T16:12:48+00:00","og_image":[{"width":1050,"height":700,"url":"https:\/\/tourtravelandmore.com\/wp-content\/uploads\/2021\/07\/Philae-2.jpeg","type":"image\/jpeg"}],"twitter_card":"summary_large_image","twitter_site":"@TourTravel_More","schema":{"@context":"https:\/\/schema.org","@graph":[{"@type":"WebPage","@id":"https:\/\/tourtravelandmore.com\/fr\/tours\/egypte-fr\/aswan-luxor-fr\/private-sightseeing-tours-fr-15-aswan-luxor-fr\/itineraire-de-la-croisiere-assouan-louxor-avec-excursions-incluses\/","url":"https:\/\/tourtravelandmore.com\/fr\/tours\/egypte-fr\/aswan-luxor-fr\/private-sightseeing-tours-fr-15-aswan-luxor-fr\/itineraire-de-la-croisiere-assouan-louxor-avec-excursions-incluses\/","name":"Itin\u00e9raire priv\u00e9 sur mesure en \u00c9gypte : Croisi\u00e8re Assouan - Louxor","isPartOf":{"@id":"https:\/\/tourtravelandmore.com\/fr\/#website"},"primaryImageOfPage":{"@id":"https:\/\/tourtravelandmore.com\/fr\/tours\/egypte-fr\/aswan-luxor-fr\/private-sightseeing-tours-fr-15-aswan-luxor-fr\/itineraire-de-la-croisiere-assouan-louxor-avec-excursions-incluses\/#primaryimage"},"image":{"@id":"https:\/\/tourtravelandmore.com\/fr\/tours\/egypte-fr\/aswan-luxor-fr\/private-sightseeing-tours-fr-15-aswan-luxor-fr\/itineraire-de-la-croisiere-assouan-louxor-avec-excursions-incluses\/#primaryimage"},"thumbnailUrl":"https:\/\/tourtravelandmore.com\/wp-content\/uploads\/2021\/07\/Philae-2.jpeg","datePublished":"2021-07-19T10:01:28+00:00","dateModified":"2023-01-18T16:12:48+00:00","description":"D\u00e9couvrez l'\u00c9gypte et ses lieux les plus embl\u00e9matiques aux c\u00f4t\u00e9s de nos experts locaux. Profitez de nos exp\u00e9riences priv\u00e9es sur mesure !","breadcrumb":{"@id":"https:\/\/tourtravelandmore.com\/fr\/tours\/egypte-fr\/aswan-luxor-fr\/private-sightseeing-tours-fr-15-aswan-luxor-fr\/itineraire-de-la-croisiere-assouan-louxor-avec-excursions-incluses\/#breadcrumb"},"inLanguage":"fr-FR","potentialAction":[{"@type":"ReadAction","target":["https:\/\/tourtravelandmore.com\/fr\/tours\/egypte-fr\/aswan-luxor-fr\/private-sightseeing-tours-fr-15-aswan-luxor-fr\/itineraire-de-la-croisiere-assouan-louxor-avec-excursions-incluses\/"]}]},{"@type":"ImageObject","inLanguage":"fr-FR","@id":"https:\/\/tourtravelandmore.com\/fr\/tours\/egypte-fr\/aswan-luxor-fr\/private-sightseeing-tours-fr-15-aswan-luxor-fr\/itineraire-de-la-croisiere-assouan-louxor-avec-excursions-incluses\/#primaryimage","url":"https:\/\/tourtravelandmore.com\/wp-content\/uploads\/2021\/07\/Philae-2.jpeg","contentUrl":"https:\/\/tourtravelandmore.com\/wp-content\/uploads\/2021\/07\/Philae-2.jpeg","width":1050,"height":700,"caption":"philae2"},{"@type":"BreadcrumbList","@id":"https:\/\/tourtravelandmore.com\/fr\/tours\/egypte-fr\/aswan-luxor-fr\/private-sightseeing-tours-fr-15-aswan-luxor-fr\/itineraire-de-la-croisiere-assouan-louxor-avec-excursions-incluses\/#breadcrumb","itemListElement":[{"@type":"ListItem","position":1,"name":"Home","item":"https:\/\/tourtravelandmore.com\/fr\/"},{"@type":"ListItem","position":2,"name":"Tours","item":"https:\/\/tourtravelandmore.com\/fr\/tours\/"},{"@type":"ListItem","position":3,"name":"Itin\u00e9raire de la croisi\u00e8re : Assouan &#8211; Louxor avec excursions incluses"}]},{"@type":"WebSite","@id":"https:\/\/tourtravelandmore.com\/fr\/#website","url":"https:\/\/tourtravelandmore.com\/fr\/","name":"Tour Travel And More","description":"Private sightseeing tours and luxury transfers in Spain","publisher":{"@id":"https:\/\/tourtravelandmore.com\/fr\/#organization"},"potentialAction":[{"@type":"SearchAction","target":{"@type":"EntryPoint","urlTemplate":"https:\/\/tourtravelandmore.com\/fr\/?s={search_term_string}"},"query-input":{"@type":"PropertyValueSpecification","valueRequired":true,"valueName":"search_term_string"}}],"inLanguage":"fr-FR"},{"@type":"Organization","@id":"https:\/\/tourtravelandmore.com\/fr\/#organization","name":"Tour Travel And More","url":"https:\/\/tourtravelandmore.com\/fr\/","logo":{"@type":"ImageObject","inLanguage":"fr-FR","@id":"https:\/\/tourtravelandmore.com\/fr\/#\/schema\/logo\/image\/","url":"https:\/\/tourtravelandmore.com\/wp-content\/uploads\/2022\/12\/cropped-logo-cabecera-new.png","contentUrl":"https:\/\/tourtravelandmore.com\/wp-content\/uploads\/2022\/12\/cropped-logo-cabecera-new.png","width":430,"height":61,"caption":"Tour Travel And More"},"image":{"@id":"https:\/\/tourtravelandmore.com\/fr\/#\/schema\/logo\/image\/"},"sameAs":["https:\/\/www.facebook.com\/tourtravelandmore\/","https:\/\/x.com\/TourTravel_More"]}]}},"_links":{"self":[{"href":"https:\/\/tourtravelandmore.com\/fr\/wp-json\/wp\/v2\/product\/147768","targetHints":{"allow":["GET"]}}],"collection":[{"href":"https:\/\/tourtravelandmore.com\/fr\/wp-json\/wp\/v2\/product"}],"about":[{"href":"https:\/\/tourtravelandmore.com\/fr\/wp-json\/wp\/v2\/types\/product"}],"replies":[{"embeddable":true,"href":"https:\/\/tourtravelandmore.com\/fr\/wp-json\/wp\/v2\/comments?post=147768"}],"wp:featuredmedia":[{"embeddable":true,"href":"https:\/\/tourtravelandmore.com\/fr\/wp-json\/wp\/v2\/media\/109221"}],"wp:attachment":[{"href":"https:\/\/tourtravelandmore.com\/fr\/wp-json\/wp\/v2\/media?parent=147768"}],"wp:term":[{"taxonomy":"product_brand","embeddable":true,"href":"https:\/\/tourtravelandmore.com\/fr\/wp-json\/wp\/v2\/product_brand?post=147768"},{"taxonomy":"product_cat","embeddable":true,"href":"https:\/\/tourtravelandmore.com\/fr\/wp-json\/wp\/v2\/product_cat?post=147768"},{"taxonomy":"product_tag","embeddable":true,"href":"https:\/\/tourtravelandmore.com\/fr\/wp-json\/wp\/v2\/product_tag?post=147768"}],"curies":[{"name":"wp","href":"https:\/\/api.w.org\/{rel}","templated":true}]}}