{"id":147653,"date":"2022-12-22T17:34:25","date_gmt":"2022-12-22T16:34:30","guid":{"rendered":"https:\/\/tourtravelandmore.com\/?post_type=product&#038;p=147653"},"modified":"2023-01-17T19:33:38","modified_gmt":"2023-01-17T18:33:38","slug":"visite-privee-de-heidelberg-et-rothenburg-au-depart-de-francfort","status":"publish","type":"product","link":"https:\/\/tourtravelandmore.com\/fr\/tours\/allemagne-fr\/frankfurt-fr\/all-private-tours-and-activities-fr-4\/visite-privee-de-heidelberg-et-rothenburg-au-depart-de-francfort\/","title":{"rendered":"Visite priv\u00e9e de Heidelberg et Rothenburg au d\u00e9part de Francfort"},"content":{"rendered":"<h2>Description de l&#8217;excursion priv\u00e9e \u00e0 Heidelberg et Rothenburg au d\u00e9part de Francfort<\/h2>\n<p>D\u00e9couvrez la grande ville de <strong>Francfort<\/strong> avec un chauffeur priv\u00e9 et un guide officiel lors de cette<strong> excursion priv\u00e9e \u00e0 Heidelberg et Rothenburg au d\u00e9part de Francfort.<\/strong><\/p>\n<p>D\u00e9couvrez les tr\u00e9sors de l&#8217;Allemagne du Sud lors de cette <strong>visite priv\u00e9e \u00e0 Heidelberg et Rothenburg au d\u00e9part de Francfort<\/strong>. <strong>D\u00e9part de Francfort<\/strong> pour un trajet pittoresque vers la rive de <strong>Heidelberg<\/strong>, o\u00f9 vous pourrez admirer les impressionnants sites de la ville, des ruines du ch\u00e2teau de <strong>Heidelberg<\/strong> \u00e0 <strong>l&#8217;universit\u00e9<\/strong> <strong>anim\u00e9e<\/strong> de la ville.<\/p>\n<p>Ensuite, vous emprunterez la route des <strong>ch\u00e2teaux allemands jusqu&#8217;\u00e0<\/strong> la <strong>ville fortifi\u00e9e<\/strong> de <strong>Rothenberg,<\/strong> o\u00f9 vous pourrez admirer des <strong>maisons m\u00e9di\u00e9vales<\/strong> magnifiquement conserv\u00e9es et des attractions de la <strong>Renaissance,<\/strong> comme l&#8217;\u00e9glise <strong>Saint-Jacques.<\/strong><\/p>\n<p>Votre chauffeur priv\u00e9 et votre guide officiel seront \u00e0 votre enti\u00e8re disposition pendant la visite pour rendre votre exp\u00e9rience unique. Ils connaissent la ville comme leur poche.<\/p>\n<h2>Sites d&#8217;int\u00e9r\u00eat et points de rep\u00e8re<\/h2>\n<p>Cette visite priv\u00e9e commencera \u00e0 l&#8217;endroit de votre choix \u00e0 <strong>Francfort<\/strong>. Votre chauffeur priv\u00e9 et votre guide viendront vous chercher \u00e0 l&#8217;heure souhait\u00e9e pour commencer votre exp\u00e9rience.<\/p>\n<p>Notre voyage commencera par une merveilleuse excursion matinale dans la ville romantique de <strong>Heidelberg<\/strong>. Connue comme l&#8217;une des plus belles villes <strong>d&#8217;Allemagne, Heidelberg<\/strong> est situ\u00e9e sur les rives du <strong>Neckar<\/strong> et est tr\u00e8s appr\u00e9ci\u00e9e des touristes internationaux.<\/p>\n<p>Explorez le ch\u00e2teau mondialement connu (en partie en ruines) avec ses impressionnants b\u00e2timents gothiques et <strong>Renaissance.<\/strong> Nous vous ferons d\u00e9couvrir la grande cour, l&#8217;imposante terrasse et l&#8217;un des plus grands tonneaux \u00e0 vin du monde : le <strong>&#8220;Heidelberg Tun&#8221;.<\/strong><\/p>\n<p>Promenez-vous dans le centre m\u00e9di\u00e9val de la ville et admirez le <strong>Vieux Pont, Karlstor,<\/strong> l&#8217;\u00e9glise du <strong>Saint-Esprit,<\/strong> la <strong>Maison<\/strong> des <strong>Chevaliers<\/strong> avec sa belle fa\u00e7ade Renaissance et les petites rues aux maisons \u00e0 colombages. La ville abrite la plus ancienne universit\u00e9 d&#8217;Allemagne.<\/p>\n<p>Continuez sur la route romantique jusqu&#8217;\u00e0 la ville m\u00e9di\u00e9vale la mieux pr\u00e9serv\u00e9e d&#8217;Allemagne : <strong>Rothenburg,<\/strong> situ\u00e9e en haut de la vall\u00e9e de la <strong>rivi\u00e8re Tauber.<\/strong> Promenez-vous dans les vieilles rues pittoresques et dans le parc du ch\u00e2teau : voyez l&#8217;\u00e9glise <strong>Saint-Jacques<\/strong> avec l&#8217;autel sculpt\u00e9 par <strong>Tilman Riemenschneider.<\/strong> Admirez les maisons \u00e0 colombages, la porte de la ville et l&#8217;imposant h\u00f4tel de <strong>ville Renaissance.<\/strong><\/p>\n<p>Vous pourrez d\u00e9guster des plats traditionnels allemands dans de nombreux restaurants agr\u00e9ables, mais n&#8217;oubliez pas de go\u00fbter au <strong>&#8220;Schneeball&#8221;,<\/strong> une boulette frite garnie de plusieurs ingr\u00e9dients.<\/p>\n<p>Nous pouvons \u00e9galement organiser des visites \u00e0 pied priv\u00e9es, des excursions d&#8217;une journ\u00e9e et des transferts priv\u00e9s. Contactez-nous pour une exp\u00e9rience priv\u00e9e personnalis\u00e9e \u00e0 Francfort.<\/p>\n<p>C&#8217;est une exp\u00e9rience sur mesure. L&#8217;heure de d\u00e9part, la dur\u00e9e et l&#8217;itin\u00e9raire sont totalement adaptables \u00e0 vos envies personnelles.<\/p>\n<p><strong>Enfin, \u00e0 la fin de la visite, votre chauffeur priv\u00e9 et votre guide officiel vous ram\u00e8neront \u00e0 votre h\u00f4tel ou \u00e0 votre point de d\u00e9part.<\/strong><\/p>\n","protected":false},"excerpt":{"rendered":"<p>D\u00e9couvrez les tr\u00e9sors de l&#8217;Allemagne du Sud lors de cette <strong>visite priv\u00e9e \u00e0 Heidelberg et Rothenburg au d\u00e9part de Francfort<\/strong>. <strong>D\u00e9part de Francfort<\/strong> pour un trajet pittoresque vers la rive de <strong>Heidelberg<\/strong>, o\u00f9 vous pourrez admirer les impressionnants sites de la ville, des ruines du ch\u00e2teau de <strong>Heidelberg<\/strong> \u00e0 <strong>l&#8217;universit\u00e9<\/strong> <strong>anim\u00e9e<\/strong> de la ville.<\/p>\n<p>&nbsp;<\/p>\n","protected":false},"featured_media":147678,"comment_status":"open","ping_status":"closed","template":"","meta":{"_acf_changed":false},"product_brand":[],"product_cat":[3760,4231,4232],"product_tag":[],"class_list":{"0":"post-147653","1":"product","2":"type-product","3":"status-publish","4":"has-post-thumbnail","6":"product_cat-frankfurt-fr","7":"product_cat-all-private-tours-and-activities-fr-4","8":"product_cat-private-sightseeing-tours-fr-14","10":"first","11":"instock","12":"shipping-taxable","13":"purchasable","14":"product-type-simple"},"acf":[],"yoast_head":"<!-- This site is optimized with the Yoast SEO Premium plugin v25.3.1 (Yoast SEO v25.3.1) - https:\/\/yoast.com\/wordpress\/plugins\/seo\/ -->\n<title>Visite priv\u00e9e de Heidelberg et Rothenburg au d\u00e9part de Francfort | TTM<\/title>\n<meta name=\"description\" content=\"\u2192 D\u00e9couvrez la merveilleuse ville de Francfort lors de cette excursion priv\u00e9e \u00e0 Heidelberg et Rothenburg au d\u00e9part de Francfort. Faites votre voyage avec nous !\u2705\" \/>\n<meta name=\"robots\" content=\"index, follow, max-snippet:-1, max-image-preview:large, max-video-preview:-1\" \/>\n<link rel=\"canonical\" href=\"https:\/\/tourtravelandmore.com\/fr\/tours\/allemagne-fr\/frankfurt-fr\/all-private-tours-and-activities-fr-4\/visite-privee-de-heidelberg-et-rothenburg-au-depart-de-francfort\/\" \/>\n<meta property=\"og:locale\" content=\"fr_FR\" \/>\n<meta property=\"og:type\" content=\"article\" \/>\n<meta property=\"og:title\" content=\"Visite priv\u00e9e de Heidelberg et Rothenburg au d\u00e9part de Francfort\" \/>\n<meta property=\"og:description\" content=\"\u2192 D\u00e9couvrez la merveilleuse ville de Francfort lors de cette excursion priv\u00e9e \u00e0 Heidelberg et Rothenburg au d\u00e9part de Francfort. Faites votre voyage avec nous !\u2705\" \/>\n<meta property=\"og:url\" content=\"https:\/\/tourtravelandmore.com\/fr\/tours\/allemagne-fr\/frankfurt-fr\/all-private-tours-and-activities-fr-4\/visite-privee-de-heidelberg-et-rothenburg-au-depart-de-francfort\/\" \/>\n<meta property=\"og:site_name\" content=\"Tour Travel And More\" \/>\n<meta property=\"article:publisher\" content=\"https:\/\/www.facebook.com\/tourtravelandmore\/\" \/>\n<meta property=\"article:modified_time\" content=\"2023-01-17T18:33:38+00:00\" \/>\n<meta property=\"og:image\" content=\"https:\/\/tourtravelandmore.com\/wp-content\/uploads\/2022\/12\/landscape-g65e0c280f_1280-1.jpg\" \/>\n\t<meta property=\"og:image:width\" content=\"1280\" \/>\n\t<meta property=\"og:image:height\" content=\"720\" \/>\n\t<meta property=\"og:image:type\" content=\"image\/jpeg\" \/>\n<meta name=\"twitter:card\" content=\"summary_large_image\" \/>\n<meta name=\"twitter:site\" content=\"@TourTravel_More\" \/>\n<meta name=\"twitter:label1\" content=\"Dur\u00e9e de lecture estim\u00e9e\" \/>\n\t<meta name=\"twitter:data1\" content=\"3 minutes\" \/>\n<script type=\"application\/ld+json\" class=\"yoast-schema-graph\">{\"@context\":\"https:\/\/schema.org\",\"@graph\":[{\"@type\":\"WebPage\",\"@id\":\"https:\/\/tourtravelandmore.com\/fr\/tours\/allemagne-fr\/frankfurt-fr\/all-private-tours-and-activities-fr-4\/visite-privee-de-heidelberg-et-rothenburg-au-depart-de-francfort\/\",\"url\":\"https:\/\/tourtravelandmore.com\/fr\/tours\/allemagne-fr\/frankfurt-fr\/all-private-tours-and-activities-fr-4\/visite-privee-de-heidelberg-et-rothenburg-au-depart-de-francfort\/\",\"name\":\"Visite priv\u00e9e de Heidelberg et Rothenburg au d\u00e9part de Francfort | TTM\",\"isPartOf\":{\"@id\":\"https:\/\/tourtravelandmore.com\/fr\/#website\"},\"primaryImageOfPage\":{\"@id\":\"https:\/\/tourtravelandmore.com\/fr\/tours\/allemagne-fr\/frankfurt-fr\/all-private-tours-and-activities-fr-4\/visite-privee-de-heidelberg-et-rothenburg-au-depart-de-francfort\/#primaryimage\"},\"image\":{\"@id\":\"https:\/\/tourtravelandmore.com\/fr\/tours\/allemagne-fr\/frankfurt-fr\/all-private-tours-and-activities-fr-4\/visite-privee-de-heidelberg-et-rothenburg-au-depart-de-francfort\/#primaryimage\"},\"thumbnailUrl\":\"https:\/\/tourtravelandmore.com\/wp-content\/uploads\/2022\/12\/landscape-g65e0c280f_1280-1.jpg\",\"datePublished\":\"2022-12-22T16:34:30+00:00\",\"dateModified\":\"2023-01-17T18:33:38+00:00\",\"description\":\"\u2192 D\u00e9couvrez la merveilleuse ville de Francfort lors de cette excursion priv\u00e9e \u00e0 Heidelberg et Rothenburg au d\u00e9part de Francfort. Faites votre voyage avec nous !\u2705\",\"breadcrumb\":{\"@id\":\"https:\/\/tourtravelandmore.com\/fr\/tours\/allemagne-fr\/frankfurt-fr\/all-private-tours-and-activities-fr-4\/visite-privee-de-heidelberg-et-rothenburg-au-depart-de-francfort\/#breadcrumb\"},\"inLanguage\":\"fr-FR\",\"potentialAction\":[{\"@type\":\"ReadAction\",\"target\":[\"https:\/\/tourtravelandmore.com\/fr\/tours\/allemagne-fr\/frankfurt-fr\/all-private-tours-and-activities-fr-4\/visite-privee-de-heidelberg-et-rothenburg-au-depart-de-francfort\/\"]}]},{\"@type\":\"ImageObject\",\"inLanguage\":\"fr-FR\",\"@id\":\"https:\/\/tourtravelandmore.com\/fr\/tours\/allemagne-fr\/frankfurt-fr\/all-private-tours-and-activities-fr-4\/visite-privee-de-heidelberg-et-rothenburg-au-depart-de-francfort\/#primaryimage\",\"url\":\"https:\/\/tourtravelandmore.com\/wp-content\/uploads\/2022\/12\/landscape-g65e0c280f_1280-1.jpg\",\"contentUrl\":\"https:\/\/tourtravelandmore.com\/wp-content\/uploads\/2022\/12\/landscape-g65e0c280f_1280-1.jpg\",\"width\":1280,\"height\":720,\"caption\":\"Visite priv\u00e9e de Heidelberg et Rothenburg au d\u00e9part de Francfort\"},{\"@type\":\"BreadcrumbList\",\"@id\":\"https:\/\/tourtravelandmore.com\/fr\/tours\/allemagne-fr\/frankfurt-fr\/all-private-tours-and-activities-fr-4\/visite-privee-de-heidelberg-et-rothenburg-au-depart-de-francfort\/#breadcrumb\",\"itemListElement\":[{\"@type\":\"ListItem\",\"position\":1,\"name\":\"Home\",\"item\":\"https:\/\/tourtravelandmore.com\/fr\/\"},{\"@type\":\"ListItem\",\"position\":2,\"name\":\"Tours\",\"item\":\"https:\/\/tourtravelandmore.com\/fr\/tours\/\"},{\"@type\":\"ListItem\",\"position\":3,\"name\":\"Visite priv\u00e9e de Heidelberg et Rothenburg au d\u00e9part de Francfort\"}]},{\"@type\":\"WebSite\",\"@id\":\"https:\/\/tourtravelandmore.com\/fr\/#website\",\"url\":\"https:\/\/tourtravelandmore.com\/fr\/\",\"name\":\"Tour Travel And More\",\"description\":\"Private sightseeing tours and luxury transfers in Spain\",\"publisher\":{\"@id\":\"https:\/\/tourtravelandmore.com\/fr\/#organization\"},\"potentialAction\":[{\"@type\":\"SearchAction\",\"target\":{\"@type\":\"EntryPoint\",\"urlTemplate\":\"https:\/\/tourtravelandmore.com\/fr\/?s={search_term_string}\"},\"query-input\":{\"@type\":\"PropertyValueSpecification\",\"valueRequired\":true,\"valueName\":\"search_term_string\"}}],\"inLanguage\":\"fr-FR\"},{\"@type\":\"Organization\",\"@id\":\"https:\/\/tourtravelandmore.com\/fr\/#organization\",\"name\":\"Tour Travel And More\",\"url\":\"https:\/\/tourtravelandmore.com\/fr\/\",\"logo\":{\"@type\":\"ImageObject\",\"inLanguage\":\"fr-FR\",\"@id\":\"https:\/\/tourtravelandmore.com\/fr\/#\/schema\/logo\/image\/\",\"url\":\"https:\/\/tourtravelandmore.com\/wp-content\/uploads\/2022\/12\/cropped-logo-cabecera-new.png\",\"contentUrl\":\"https:\/\/tourtravelandmore.com\/wp-content\/uploads\/2022\/12\/cropped-logo-cabecera-new.png\",\"width\":430,\"height\":61,\"caption\":\"Tour Travel And More\"},\"image\":{\"@id\":\"https:\/\/tourtravelandmore.com\/fr\/#\/schema\/logo\/image\/\"},\"sameAs\":[\"https:\/\/www.facebook.com\/tourtravelandmore\/\",\"https:\/\/x.com\/TourTravel_More\"]}]}<\/script>\n<!-- \/ Yoast SEO Premium plugin. -->","yoast_head_json":{"title":"Visite priv\u00e9e de Heidelberg et Rothenburg au d\u00e9part de Francfort | TTM","description":"\u2192 D\u00e9couvrez la merveilleuse ville de Francfort lors de cette excursion priv\u00e9e \u00e0 Heidelberg et Rothenburg au d\u00e9part de Francfort. Faites votre voyage avec nous !\u2705","robots":{"index":"index","follow":"follow","max-snippet":"max-snippet:-1","max-image-preview":"max-image-preview:large","max-video-preview":"max-video-preview:-1"},"canonical":"https:\/\/tourtravelandmore.com\/fr\/tours\/allemagne-fr\/frankfurt-fr\/all-private-tours-and-activities-fr-4\/visite-privee-de-heidelberg-et-rothenburg-au-depart-de-francfort\/","og_locale":"fr_FR","og_type":"article","og_title":"Visite priv\u00e9e de Heidelberg et Rothenburg au d\u00e9part de Francfort","og_description":"\u2192 D\u00e9couvrez la merveilleuse ville de Francfort lors de cette excursion priv\u00e9e \u00e0 Heidelberg et Rothenburg au d\u00e9part de Francfort. Faites votre voyage avec nous !\u2705","og_url":"https:\/\/tourtravelandmore.com\/fr\/tours\/allemagne-fr\/frankfurt-fr\/all-private-tours-and-activities-fr-4\/visite-privee-de-heidelberg-et-rothenburg-au-depart-de-francfort\/","og_site_name":"Tour Travel And More","article_publisher":"https:\/\/www.facebook.com\/tourtravelandmore\/","article_modified_time":"2023-01-17T18:33:38+00:00","og_image":[{"width":1280,"height":720,"url":"https:\/\/tourtravelandmore.com\/wp-content\/uploads\/2022\/12\/landscape-g65e0c280f_1280-1.jpg","type":"image\/jpeg"}],"twitter_card":"summary_large_image","twitter_site":"@TourTravel_More","twitter_misc":{"Dur\u00e9e de lecture estim\u00e9e":"3 minutes"},"schema":{"@context":"https:\/\/schema.org","@graph":[{"@type":"WebPage","@id":"https:\/\/tourtravelandmore.com\/fr\/tours\/allemagne-fr\/frankfurt-fr\/all-private-tours-and-activities-fr-4\/visite-privee-de-heidelberg-et-rothenburg-au-depart-de-francfort\/","url":"https:\/\/tourtravelandmore.com\/fr\/tours\/allemagne-fr\/frankfurt-fr\/all-private-tours-and-activities-fr-4\/visite-privee-de-heidelberg-et-rothenburg-au-depart-de-francfort\/","name":"Visite priv\u00e9e de Heidelberg et Rothenburg au d\u00e9part de Francfort | TTM","isPartOf":{"@id":"https:\/\/tourtravelandmore.com\/fr\/#website"},"primaryImageOfPage":{"@id":"https:\/\/tourtravelandmore.com\/fr\/tours\/allemagne-fr\/frankfurt-fr\/all-private-tours-and-activities-fr-4\/visite-privee-de-heidelberg-et-rothenburg-au-depart-de-francfort\/#primaryimage"},"image":{"@id":"https:\/\/tourtravelandmore.com\/fr\/tours\/allemagne-fr\/frankfurt-fr\/all-private-tours-and-activities-fr-4\/visite-privee-de-heidelberg-et-rothenburg-au-depart-de-francfort\/#primaryimage"},"thumbnailUrl":"https:\/\/tourtravelandmore.com\/wp-content\/uploads\/2022\/12\/landscape-g65e0c280f_1280-1.jpg","datePublished":"2022-12-22T16:34:30+00:00","dateModified":"2023-01-17T18:33:38+00:00","description":"\u2192 D\u00e9couvrez la merveilleuse ville de Francfort lors de cette excursion priv\u00e9e \u00e0 Heidelberg et Rothenburg au d\u00e9part de Francfort. Faites votre voyage avec nous !\u2705","breadcrumb":{"@id":"https:\/\/tourtravelandmore.com\/fr\/tours\/allemagne-fr\/frankfurt-fr\/all-private-tours-and-activities-fr-4\/visite-privee-de-heidelberg-et-rothenburg-au-depart-de-francfort\/#breadcrumb"},"inLanguage":"fr-FR","potentialAction":[{"@type":"ReadAction","target":["https:\/\/tourtravelandmore.com\/fr\/tours\/allemagne-fr\/frankfurt-fr\/all-private-tours-and-activities-fr-4\/visite-privee-de-heidelberg-et-rothenburg-au-depart-de-francfort\/"]}]},{"@type":"ImageObject","inLanguage":"fr-FR","@id":"https:\/\/tourtravelandmore.com\/fr\/tours\/allemagne-fr\/frankfurt-fr\/all-private-tours-and-activities-fr-4\/visite-privee-de-heidelberg-et-rothenburg-au-depart-de-francfort\/#primaryimage","url":"https:\/\/tourtravelandmore.com\/wp-content\/uploads\/2022\/12\/landscape-g65e0c280f_1280-1.jpg","contentUrl":"https:\/\/tourtravelandmore.com\/wp-content\/uploads\/2022\/12\/landscape-g65e0c280f_1280-1.jpg","width":1280,"height":720,"caption":"Visite priv\u00e9e de Heidelberg et Rothenburg au d\u00e9part de Francfort"},{"@type":"BreadcrumbList","@id":"https:\/\/tourtravelandmore.com\/fr\/tours\/allemagne-fr\/frankfurt-fr\/all-private-tours-and-activities-fr-4\/visite-privee-de-heidelberg-et-rothenburg-au-depart-de-francfort\/#breadcrumb","itemListElement":[{"@type":"ListItem","position":1,"name":"Home","item":"https:\/\/tourtravelandmore.com\/fr\/"},{"@type":"ListItem","position":2,"name":"Tours","item":"https:\/\/tourtravelandmore.com\/fr\/tours\/"},{"@type":"ListItem","position":3,"name":"Visite priv\u00e9e de Heidelberg et Rothenburg au d\u00e9part de Francfort"}]},{"@type":"WebSite","@id":"https:\/\/tourtravelandmore.com\/fr\/#website","url":"https:\/\/tourtravelandmore.com\/fr\/","name":"Tour Travel And More","description":"Private sightseeing tours and luxury transfers in Spain","publisher":{"@id":"https:\/\/tourtravelandmore.com\/fr\/#organization"},"potentialAction":[{"@type":"SearchAction","target":{"@type":"EntryPoint","urlTemplate":"https:\/\/tourtravelandmore.com\/fr\/?s={search_term_string}"},"query-input":{"@type":"PropertyValueSpecification","valueRequired":true,"valueName":"search_term_string"}}],"inLanguage":"fr-FR"},{"@type":"Organization","@id":"https:\/\/tourtravelandmore.com\/fr\/#organization","name":"Tour Travel And More","url":"https:\/\/tourtravelandmore.com\/fr\/","logo":{"@type":"ImageObject","inLanguage":"fr-FR","@id":"https:\/\/tourtravelandmore.com\/fr\/#\/schema\/logo\/image\/","url":"https:\/\/tourtravelandmore.com\/wp-content\/uploads\/2022\/12\/cropped-logo-cabecera-new.png","contentUrl":"https:\/\/tourtravelandmore.com\/wp-content\/uploads\/2022\/12\/cropped-logo-cabecera-new.png","width":430,"height":61,"caption":"Tour Travel And More"},"image":{"@id":"https:\/\/tourtravelandmore.com\/fr\/#\/schema\/logo\/image\/"},"sameAs":["https:\/\/www.facebook.com\/tourtravelandmore\/","https:\/\/x.com\/TourTravel_More"]}]}},"_links":{"self":[{"href":"https:\/\/tourtravelandmore.com\/fr\/wp-json\/wp\/v2\/product\/147653","targetHints":{"allow":["GET"]}}],"collection":[{"href":"https:\/\/tourtravelandmore.com\/fr\/wp-json\/wp\/v2\/product"}],"about":[{"href":"https:\/\/tourtravelandmore.com\/fr\/wp-json\/wp\/v2\/types\/product"}],"replies":[{"embeddable":true,"href":"https:\/\/tourtravelandmore.com\/fr\/wp-json\/wp\/v2\/comments?post=147653"}],"wp:featuredmedia":[{"embeddable":true,"href":"https:\/\/tourtravelandmore.com\/fr\/wp-json\/wp\/v2\/media\/147678"}],"wp:attachment":[{"href":"https:\/\/tourtravelandmore.com\/fr\/wp-json\/wp\/v2\/media?parent=147653"}],"wp:term":[{"taxonomy":"product_brand","embeddable":true,"href":"https:\/\/tourtravelandmore.com\/fr\/wp-json\/wp\/v2\/product_brand?post=147653"},{"taxonomy":"product_cat","embeddable":true,"href":"https:\/\/tourtravelandmore.com\/fr\/wp-json\/wp\/v2\/product_cat?post=147653"},{"taxonomy":"product_tag","embeddable":true,"href":"https:\/\/tourtravelandmore.com\/fr\/wp-json\/wp\/v2\/product_tag?post=147653"}],"curies":[{"name":"wp","href":"https:\/\/api.w.org\/{rel}","templated":true}]}}