{"id":147606,"date":"2022-12-22T16:49:08","date_gmt":"2022-12-22T15:49:18","guid":{"rendered":"https:\/\/tourtravelandmore.com\/?post_type=product&#038;p=147606"},"modified":"2022-12-22T17:15:26","modified_gmt":"2022-12-22T16:15:26","slug":"visite-privee-de-baden-baden-de-la-foret-noire-et-de-strasbourg-au-depart-de-francfort","status":"publish","type":"product","link":"https:\/\/tourtravelandmore.com\/fr\/tours\/allemagne-fr\/frankfurt-fr\/all-private-tours-and-activities-fr-4\/visite-privee-de-baden-baden-de-la-foret-noire-et-de-strasbourg-au-depart-de-francfort\/","title":{"rendered":"Visite priv\u00e9e de Baden-Baden, de la For\u00eat-Noire et de Strasbourg au d\u00e9part de Francfort"},"content":{"rendered":"<h2>Description de l&#8217;excursion priv\u00e9e \u00e0 Baden-Baden, For\u00eat-Noire et Strasbourg au d\u00e9part de Francfort.<\/h2>\n<p>D\u00e9couvrez la grande ville de <strong>Francfort<\/strong> avec un chauffeur priv\u00e9 et un guide officiel lors de cette <strong>visite priv\u00e9e de Baden-Baden, de la For\u00eat-Noire et de Strasbourg au d\u00e9part de Francfort.<\/strong><\/p>\n<p><strong>Francfort<\/strong> est la cinqui\u00e8me plus grande ville d&#8217;Allemagne et est situ\u00e9e sur la rivi\u00e8re Main. Francfort est la capitale financi\u00e8re de <strong>l&#8217;Europe<\/strong> continentale et le centre de transport de <strong>l&#8217;Allemagne<\/strong>.<\/p>\n<p>D\u00e9couvrez la belle ville de <strong>Strasbourg<\/strong> et la majestueuse <strong>For\u00eat-Noire<\/strong> lors de ce circuit de <strong>10 heures<\/strong> au d\u00e9part de <strong>Francfort<\/strong>. Premi\u00e8re \u00e9tape : la ville thermale de <strong>Baden-Baden<\/strong>, au c\u0153ur de la <strong>For\u00eat-Noire<\/strong>, avec une visite guid\u00e9e de la ville, une visite des c\u00e9l\u00e8bres bains thermaux et une visite du<strong> casino Kurhaus.<\/strong><\/p>\n<p>Traversez ensuite la fronti\u00e8re franco-allemande et visitez la ville alsacienne de <strong>Strasbourg<\/strong>. Profitez du temps libre pour d\u00e9couvrir les principales attractions, comme <strong>&#8220;La Petite France&#8221;<\/strong>, la vieille ville de <strong>Strasbourg<\/strong>, class\u00e9e au patrimoine mondial de <strong>l&#8217;UNESCO<\/strong>, \u00e0 bord du <strong>&#8220;Petit Train&#8221;.<\/strong><\/p>\n<p>Votre chauffeur priv\u00e9 et votre guide officiel seront \u00e0 votre enti\u00e8re disposition pendant la visite pour rendre votre exp\u00e9rience unique. Ils connaissent la ville comme leur poche.<\/p>\n<h2>Sites d&#8217;int\u00e9r\u00eat et points de rep\u00e8re<\/h2>\n<p>Cette visite priv\u00e9e commencera \u00e0 l&#8217;endroit de votre choix \u00e0 <strong>Francfort<\/strong>. Votre chauffeur priv\u00e9 et votre guide viendront vous chercher \u00e0 l&#8217;heure souhait\u00e9e pour commencer votre exp\u00e9rience.<\/p>\n<p>Profitez de l&#8217;\u00e9l\u00e9gant <strong>Kurhaus<\/strong>, des jardins et parcs immacul\u00e9s et du magnifique casino. Depuis <strong>Baden-Baden<\/strong>, l&#8217;itin\u00e9raire vous emm\u00e8ne \u00e0 travers les for\u00eats de <strong>Negrost<\/strong>, dans un paysage unique, jusqu&#8217;au lac <strong>Mummelsee<\/strong>.<\/p>\n<p>Profitez d&#8217;un peu de temps libre au lac <strong>Mummelsee<\/strong>, une relique de la derni\u00e8re p\u00e9riode glaciaire. \u00c0 cette occasion, vous pourrez \u00e9galement acheter l&#8217;une des c\u00e9l\u00e8bres horloges \u00e0 coucou qui proviennent d&#8217;ici.<\/p>\n<p>Comme d\u00e9taill\u00e9 ci-dessus, il s&#8217;agit d&#8217;une exp\u00e9rience priv\u00e9e et sur mesure. Nos experts en voyages vous aideront \u00e0 organiser votre <strong>v<\/strong><strong>isite priv\u00e9e de Baden-Baden, de la For\u00eat-Noire et de Strasbourg au d\u00e9part de Francfort<\/strong> \u00e0 votre guise.<\/p>\n<p>Nous pouvons \u00e9galement organiser des visites \u00e0 pied priv\u00e9es, des excursions d&#8217;une journ\u00e9e et des transferts priv\u00e9s. Contactez-nous pour une exp\u00e9rience priv\u00e9e personnalis\u00e9e \u00e0 Francfort.<\/p>\n<p>C&#8217;est une exp\u00e9rience sur mesure. L&#8217;heure de d\u00e9part, la dur\u00e9e et l&#8217;itin\u00e9raire sont totalement adaptables \u00e0 vos envies personnelles.<\/p>\n<p><strong>Enfin, \u00e0 la fin de la visite, votre chauffeur priv\u00e9 et votre guide officiel vous ram\u00e8neront \u00e0 votre h\u00f4tel ou \u00e0 votre point de d\u00e9part.<\/strong><\/p>\n","protected":false},"excerpt":{"rendered":"<p>D\u00e9couvrez la grande ville de <strong>Francfort<\/strong> en compagnie d&#8217;un chauffeur priv\u00e9 et d&#8217;un guide officiel lors de ce <strong>circuit priv\u00e9 vers Baden-Baden, la For\u00eat-Noire et Strasbourg au d\u00e9part de Francfort.<\/strong> D\u00e9couvrez la belle ville de <strong>Strasbourg<\/strong> et la majestueuse For\u00eat Noire lors de cette excursion de 10 heures au d\u00e9part de <strong>Francfort<\/strong>. La premi\u00e8re \u00e9tape est la ville thermale de <strong>Baden-Baden<\/strong>, au c\u0153ur de la <strong>For\u00eat Noire<\/strong>, avec une visite guid\u00e9e de la ville, une visite des c\u00e9l\u00e8bres bains thermaux et une visite du <strong>casino Kurhaus.<\/strong><\/p>\n<p>&nbsp;<\/p>\n","protected":false},"featured_media":147628,"comment_status":"open","ping_status":"closed","template":"","meta":{"_acf_changed":false},"product_brand":[],"product_cat":[3760,4231,4232],"product_tag":[],"class_list":{"0":"post-147606","1":"product","2":"type-product","3":"status-publish","4":"has-post-thumbnail","6":"product_cat-frankfurt-fr","7":"product_cat-all-private-tours-and-activities-fr-4","8":"product_cat-private-sightseeing-tours-fr-14","10":"first","11":"instock","12":"shipping-taxable","13":"purchasable","14":"product-type-simple"},"acf":[],"yoast_head":"<!-- This site is optimized with the Yoast SEO Premium plugin v25.3.1 (Yoast SEO v25.3.1) - https:\/\/yoast.com\/wordpress\/plugins\/seo\/ -->\n<title>Visite priv\u00e9e de la For\u00eat-Noire de Baden-Baden et de Strasbourg au d\u00e9part de Francfort<\/title>\n<meta name=\"description\" content=\"\u2192 D\u00e9couvrez la merveilleuse ville de Francfort lors de cette excursion priv\u00e9e \u00e0 Baden-Baden, en For\u00eat-Noire et \u00e0 Strasbourg au d\u00e9part de Francfort \u2705.\" \/>\n<meta name=\"robots\" content=\"index, follow, max-snippet:-1, max-image-preview:large, max-video-preview:-1\" \/>\n<link rel=\"canonical\" href=\"https:\/\/tourtravelandmore.com\/fr\/tours\/allemagne-fr\/frankfurt-fr\/all-private-tours-and-activities-fr-4\/visite-privee-de-baden-baden-de-la-foret-noire-et-de-strasbourg-au-depart-de-francfort\/\" \/>\n<meta property=\"og:locale\" content=\"fr_FR\" \/>\n<meta property=\"og:type\" content=\"article\" \/>\n<meta property=\"og:title\" content=\"Visite priv\u00e9e de Baden-Baden, de la For\u00eat-Noire et de Strasbourg au d\u00e9part de Francfort\" \/>\n<meta property=\"og:description\" content=\"\u2192 D\u00e9couvrez la merveilleuse ville de Francfort lors de cette excursion priv\u00e9e \u00e0 Baden-Baden, en For\u00eat-Noire et \u00e0 Strasbourg au d\u00e9part de Francfort \u2705.\" \/>\n<meta property=\"og:url\" content=\"https:\/\/tourtravelandmore.com\/fr\/tours\/allemagne-fr\/frankfurt-fr\/all-private-tours-and-activities-fr-4\/visite-privee-de-baden-baden-de-la-foret-noire-et-de-strasbourg-au-depart-de-francfort\/\" \/>\n<meta property=\"og:site_name\" content=\"Tour Travel And More\" \/>\n<meta property=\"article:publisher\" content=\"https:\/\/www.facebook.com\/tourtravelandmore\/\" \/>\n<meta property=\"article:modified_time\" content=\"2022-12-22T16:15:26+00:00\" \/>\n<meta property=\"og:image\" content=\"https:\/\/tourtravelandmore.com\/wp-content\/uploads\/2022\/12\/pexels-pierre-blache-4042364-scaled.jpg\" \/>\n\t<meta property=\"og:image:width\" content=\"2560\" \/>\n\t<meta property=\"og:image:height\" content=\"1440\" \/>\n\t<meta property=\"og:image:type\" content=\"image\/jpeg\" \/>\n<meta name=\"twitter:card\" content=\"summary_large_image\" \/>\n<meta name=\"twitter:site\" content=\"@TourTravel_More\" \/>\n<meta name=\"twitter:label1\" content=\"Dur\u00e9e de lecture estim\u00e9e\" \/>\n\t<meta name=\"twitter:data1\" content=\"2 minutes\" \/>\n<script type=\"application\/ld+json\" class=\"yoast-schema-graph\">{\"@context\":\"https:\/\/schema.org\",\"@graph\":[{\"@type\":\"WebPage\",\"@id\":\"https:\/\/tourtravelandmore.com\/fr\/tours\/allemagne-fr\/frankfurt-fr\/all-private-tours-and-activities-fr-4\/visite-privee-de-baden-baden-de-la-foret-noire-et-de-strasbourg-au-depart-de-francfort\/\",\"url\":\"https:\/\/tourtravelandmore.com\/fr\/tours\/allemagne-fr\/frankfurt-fr\/all-private-tours-and-activities-fr-4\/visite-privee-de-baden-baden-de-la-foret-noire-et-de-strasbourg-au-depart-de-francfort\/\",\"name\":\"Visite priv\u00e9e de la For\u00eat-Noire de Baden-Baden et de Strasbourg au d\u00e9part de Francfort\",\"isPartOf\":{\"@id\":\"https:\/\/tourtravelandmore.com\/fr\/#website\"},\"primaryImageOfPage\":{\"@id\":\"https:\/\/tourtravelandmore.com\/fr\/tours\/allemagne-fr\/frankfurt-fr\/all-private-tours-and-activities-fr-4\/visite-privee-de-baden-baden-de-la-foret-noire-et-de-strasbourg-au-depart-de-francfort\/#primaryimage\"},\"image\":{\"@id\":\"https:\/\/tourtravelandmore.com\/fr\/tours\/allemagne-fr\/frankfurt-fr\/all-private-tours-and-activities-fr-4\/visite-privee-de-baden-baden-de-la-foret-noire-et-de-strasbourg-au-depart-de-francfort\/#primaryimage\"},\"thumbnailUrl\":\"https:\/\/tourtravelandmore.com\/wp-content\/uploads\/2022\/12\/pexels-pierre-blache-4042364-scaled.jpg\",\"datePublished\":\"2022-12-22T15:49:18+00:00\",\"dateModified\":\"2022-12-22T16:15:26+00:00\",\"description\":\"\u2192 D\u00e9couvrez la merveilleuse ville de Francfort lors de cette excursion priv\u00e9e \u00e0 Baden-Baden, en For\u00eat-Noire et \u00e0 Strasbourg au d\u00e9part de Francfort \u2705.\",\"breadcrumb\":{\"@id\":\"https:\/\/tourtravelandmore.com\/fr\/tours\/allemagne-fr\/frankfurt-fr\/all-private-tours-and-activities-fr-4\/visite-privee-de-baden-baden-de-la-foret-noire-et-de-strasbourg-au-depart-de-francfort\/#breadcrumb\"},\"inLanguage\":\"fr-FR\",\"potentialAction\":[{\"@type\":\"ReadAction\",\"target\":[\"https:\/\/tourtravelandmore.com\/fr\/tours\/allemagne-fr\/frankfurt-fr\/all-private-tours-and-activities-fr-4\/visite-privee-de-baden-baden-de-la-foret-noire-et-de-strasbourg-au-depart-de-francfort\/\"]}]},{\"@type\":\"ImageObject\",\"inLanguage\":\"fr-FR\",\"@id\":\"https:\/\/tourtravelandmore.com\/fr\/tours\/allemagne-fr\/frankfurt-fr\/all-private-tours-and-activities-fr-4\/visite-privee-de-baden-baden-de-la-foret-noire-et-de-strasbourg-au-depart-de-francfort\/#primaryimage\",\"url\":\"https:\/\/tourtravelandmore.com\/wp-content\/uploads\/2022\/12\/pexels-pierre-blache-4042364-scaled.jpg\",\"contentUrl\":\"https:\/\/tourtravelandmore.com\/wp-content\/uploads\/2022\/12\/pexels-pierre-blache-4042364-scaled.jpg\",\"width\":2560,\"height\":1440,\"caption\":\"Tour privado a Baden-Baden, Selva Negra y Estrasburgo desde Frankfurt\"},{\"@type\":\"BreadcrumbList\",\"@id\":\"https:\/\/tourtravelandmore.com\/fr\/tours\/allemagne-fr\/frankfurt-fr\/all-private-tours-and-activities-fr-4\/visite-privee-de-baden-baden-de-la-foret-noire-et-de-strasbourg-au-depart-de-francfort\/#breadcrumb\",\"itemListElement\":[{\"@type\":\"ListItem\",\"position\":1,\"name\":\"Home\",\"item\":\"https:\/\/tourtravelandmore.com\/fr\/\"},{\"@type\":\"ListItem\",\"position\":2,\"name\":\"Tours\",\"item\":\"https:\/\/tourtravelandmore.com\/fr\/tours\/\"},{\"@type\":\"ListItem\",\"position\":3,\"name\":\"Visite priv\u00e9e de Baden-Baden, de la For\u00eat-Noire et de Strasbourg au d\u00e9part de Francfort\"}]},{\"@type\":\"WebSite\",\"@id\":\"https:\/\/tourtravelandmore.com\/fr\/#website\",\"url\":\"https:\/\/tourtravelandmore.com\/fr\/\",\"name\":\"Tour Travel And More\",\"description\":\"Private sightseeing tours and luxury transfers in Spain\",\"publisher\":{\"@id\":\"https:\/\/tourtravelandmore.com\/fr\/#organization\"},\"potentialAction\":[{\"@type\":\"SearchAction\",\"target\":{\"@type\":\"EntryPoint\",\"urlTemplate\":\"https:\/\/tourtravelandmore.com\/fr\/?s={search_term_string}\"},\"query-input\":{\"@type\":\"PropertyValueSpecification\",\"valueRequired\":true,\"valueName\":\"search_term_string\"}}],\"inLanguage\":\"fr-FR\"},{\"@type\":\"Organization\",\"@id\":\"https:\/\/tourtravelandmore.com\/fr\/#organization\",\"name\":\"Tour Travel And More\",\"url\":\"https:\/\/tourtravelandmore.com\/fr\/\",\"logo\":{\"@type\":\"ImageObject\",\"inLanguage\":\"fr-FR\",\"@id\":\"https:\/\/tourtravelandmore.com\/fr\/#\/schema\/logo\/image\/\",\"url\":\"https:\/\/tourtravelandmore.com\/wp-content\/uploads\/2022\/12\/cropped-logo-cabecera-new.png\",\"contentUrl\":\"https:\/\/tourtravelandmore.com\/wp-content\/uploads\/2022\/12\/cropped-logo-cabecera-new.png\",\"width\":430,\"height\":61,\"caption\":\"Tour Travel And More\"},\"image\":{\"@id\":\"https:\/\/tourtravelandmore.com\/fr\/#\/schema\/logo\/image\/\"},\"sameAs\":[\"https:\/\/www.facebook.com\/tourtravelandmore\/\",\"https:\/\/x.com\/TourTravel_More\"]}]}<\/script>\n<!-- \/ Yoast SEO Premium plugin. -->","yoast_head_json":{"title":"Visite priv\u00e9e de la For\u00eat-Noire de Baden-Baden et de Strasbourg au d\u00e9part de Francfort","description":"\u2192 D\u00e9couvrez la merveilleuse ville de Francfort lors de cette excursion priv\u00e9e \u00e0 Baden-Baden, en For\u00eat-Noire et \u00e0 Strasbourg au d\u00e9part de Francfort \u2705.","robots":{"index":"index","follow":"follow","max-snippet":"max-snippet:-1","max-image-preview":"max-image-preview:large","max-video-preview":"max-video-preview:-1"},"canonical":"https:\/\/tourtravelandmore.com\/fr\/tours\/allemagne-fr\/frankfurt-fr\/all-private-tours-and-activities-fr-4\/visite-privee-de-baden-baden-de-la-foret-noire-et-de-strasbourg-au-depart-de-francfort\/","og_locale":"fr_FR","og_type":"article","og_title":"Visite priv\u00e9e de Baden-Baden, de la For\u00eat-Noire et de Strasbourg au d\u00e9part de Francfort","og_description":"\u2192 D\u00e9couvrez la merveilleuse ville de Francfort lors de cette excursion priv\u00e9e \u00e0 Baden-Baden, en For\u00eat-Noire et \u00e0 Strasbourg au d\u00e9part de Francfort \u2705.","og_url":"https:\/\/tourtravelandmore.com\/fr\/tours\/allemagne-fr\/frankfurt-fr\/all-private-tours-and-activities-fr-4\/visite-privee-de-baden-baden-de-la-foret-noire-et-de-strasbourg-au-depart-de-francfort\/","og_site_name":"Tour Travel And More","article_publisher":"https:\/\/www.facebook.com\/tourtravelandmore\/","article_modified_time":"2022-12-22T16:15:26+00:00","og_image":[{"width":2560,"height":1440,"url":"https:\/\/tourtravelandmore.com\/wp-content\/uploads\/2022\/12\/pexels-pierre-blache-4042364-scaled.jpg","type":"image\/jpeg"}],"twitter_card":"summary_large_image","twitter_site":"@TourTravel_More","twitter_misc":{"Dur\u00e9e de lecture estim\u00e9e":"2 minutes"},"schema":{"@context":"https:\/\/schema.org","@graph":[{"@type":"WebPage","@id":"https:\/\/tourtravelandmore.com\/fr\/tours\/allemagne-fr\/frankfurt-fr\/all-private-tours-and-activities-fr-4\/visite-privee-de-baden-baden-de-la-foret-noire-et-de-strasbourg-au-depart-de-francfort\/","url":"https:\/\/tourtravelandmore.com\/fr\/tours\/allemagne-fr\/frankfurt-fr\/all-private-tours-and-activities-fr-4\/visite-privee-de-baden-baden-de-la-foret-noire-et-de-strasbourg-au-depart-de-francfort\/","name":"Visite priv\u00e9e de la For\u00eat-Noire de Baden-Baden et de Strasbourg au d\u00e9part de Francfort","isPartOf":{"@id":"https:\/\/tourtravelandmore.com\/fr\/#website"},"primaryImageOfPage":{"@id":"https:\/\/tourtravelandmore.com\/fr\/tours\/allemagne-fr\/frankfurt-fr\/all-private-tours-and-activities-fr-4\/visite-privee-de-baden-baden-de-la-foret-noire-et-de-strasbourg-au-depart-de-francfort\/#primaryimage"},"image":{"@id":"https:\/\/tourtravelandmore.com\/fr\/tours\/allemagne-fr\/frankfurt-fr\/all-private-tours-and-activities-fr-4\/visite-privee-de-baden-baden-de-la-foret-noire-et-de-strasbourg-au-depart-de-francfort\/#primaryimage"},"thumbnailUrl":"https:\/\/tourtravelandmore.com\/wp-content\/uploads\/2022\/12\/pexels-pierre-blache-4042364-scaled.jpg","datePublished":"2022-12-22T15:49:18+00:00","dateModified":"2022-12-22T16:15:26+00:00","description":"\u2192 D\u00e9couvrez la merveilleuse ville de Francfort lors de cette excursion priv\u00e9e \u00e0 Baden-Baden, en For\u00eat-Noire et \u00e0 Strasbourg au d\u00e9part de Francfort \u2705.","breadcrumb":{"@id":"https:\/\/tourtravelandmore.com\/fr\/tours\/allemagne-fr\/frankfurt-fr\/all-private-tours-and-activities-fr-4\/visite-privee-de-baden-baden-de-la-foret-noire-et-de-strasbourg-au-depart-de-francfort\/#breadcrumb"},"inLanguage":"fr-FR","potentialAction":[{"@type":"ReadAction","target":["https:\/\/tourtravelandmore.com\/fr\/tours\/allemagne-fr\/frankfurt-fr\/all-private-tours-and-activities-fr-4\/visite-privee-de-baden-baden-de-la-foret-noire-et-de-strasbourg-au-depart-de-francfort\/"]}]},{"@type":"ImageObject","inLanguage":"fr-FR","@id":"https:\/\/tourtravelandmore.com\/fr\/tours\/allemagne-fr\/frankfurt-fr\/all-private-tours-and-activities-fr-4\/visite-privee-de-baden-baden-de-la-foret-noire-et-de-strasbourg-au-depart-de-francfort\/#primaryimage","url":"https:\/\/tourtravelandmore.com\/wp-content\/uploads\/2022\/12\/pexels-pierre-blache-4042364-scaled.jpg","contentUrl":"https:\/\/tourtravelandmore.com\/wp-content\/uploads\/2022\/12\/pexels-pierre-blache-4042364-scaled.jpg","width":2560,"height":1440,"caption":"Tour privado a Baden-Baden, Selva Negra y Estrasburgo desde Frankfurt"},{"@type":"BreadcrumbList","@id":"https:\/\/tourtravelandmore.com\/fr\/tours\/allemagne-fr\/frankfurt-fr\/all-private-tours-and-activities-fr-4\/visite-privee-de-baden-baden-de-la-foret-noire-et-de-strasbourg-au-depart-de-francfort\/#breadcrumb","itemListElement":[{"@type":"ListItem","position":1,"name":"Home","item":"https:\/\/tourtravelandmore.com\/fr\/"},{"@type":"ListItem","position":2,"name":"Tours","item":"https:\/\/tourtravelandmore.com\/fr\/tours\/"},{"@type":"ListItem","position":3,"name":"Visite priv\u00e9e de Baden-Baden, de la For\u00eat-Noire et de Strasbourg au d\u00e9part de Francfort"}]},{"@type":"WebSite","@id":"https:\/\/tourtravelandmore.com\/fr\/#website","url":"https:\/\/tourtravelandmore.com\/fr\/","name":"Tour Travel And More","description":"Private sightseeing tours and luxury transfers in Spain","publisher":{"@id":"https:\/\/tourtravelandmore.com\/fr\/#organization"},"potentialAction":[{"@type":"SearchAction","target":{"@type":"EntryPoint","urlTemplate":"https:\/\/tourtravelandmore.com\/fr\/?s={search_term_string}"},"query-input":{"@type":"PropertyValueSpecification","valueRequired":true,"valueName":"search_term_string"}}],"inLanguage":"fr-FR"},{"@type":"Organization","@id":"https:\/\/tourtravelandmore.com\/fr\/#organization","name":"Tour Travel And More","url":"https:\/\/tourtravelandmore.com\/fr\/","logo":{"@type":"ImageObject","inLanguage":"fr-FR","@id":"https:\/\/tourtravelandmore.com\/fr\/#\/schema\/logo\/image\/","url":"https:\/\/tourtravelandmore.com\/wp-content\/uploads\/2022\/12\/cropped-logo-cabecera-new.png","contentUrl":"https:\/\/tourtravelandmore.com\/wp-content\/uploads\/2022\/12\/cropped-logo-cabecera-new.png","width":430,"height":61,"caption":"Tour Travel And More"},"image":{"@id":"https:\/\/tourtravelandmore.com\/fr\/#\/schema\/logo\/image\/"},"sameAs":["https:\/\/www.facebook.com\/tourtravelandmore\/","https:\/\/x.com\/TourTravel_More"]}]}},"_links":{"self":[{"href":"https:\/\/tourtravelandmore.com\/fr\/wp-json\/wp\/v2\/product\/147606","targetHints":{"allow":["GET"]}}],"collection":[{"href":"https:\/\/tourtravelandmore.com\/fr\/wp-json\/wp\/v2\/product"}],"about":[{"href":"https:\/\/tourtravelandmore.com\/fr\/wp-json\/wp\/v2\/types\/product"}],"replies":[{"embeddable":true,"href":"https:\/\/tourtravelandmore.com\/fr\/wp-json\/wp\/v2\/comments?post=147606"}],"wp:featuredmedia":[{"embeddable":true,"href":"https:\/\/tourtravelandmore.com\/fr\/wp-json\/wp\/v2\/media\/147628"}],"wp:attachment":[{"href":"https:\/\/tourtravelandmore.com\/fr\/wp-json\/wp\/v2\/media?parent=147606"}],"wp:term":[{"taxonomy":"product_brand","embeddable":true,"href":"https:\/\/tourtravelandmore.com\/fr\/wp-json\/wp\/v2\/product_brand?post=147606"},{"taxonomy":"product_cat","embeddable":true,"href":"https:\/\/tourtravelandmore.com\/fr\/wp-json\/wp\/v2\/product_cat?post=147606"},{"taxonomy":"product_tag","embeddable":true,"href":"https:\/\/tourtravelandmore.com\/fr\/wp-json\/wp\/v2\/product_tag?post=147606"}],"curies":[{"name":"wp","href":"https:\/\/api.w.org\/{rel}","templated":true}]}}