{"id":147467,"date":"2022-12-21T19:31:10","date_gmt":"2022-12-21T18:31:17","guid":{"rendered":"https:\/\/tourtravelandmore.com\/?post_type=product&#038;p=147467"},"modified":"2023-05-19T16:52:50","modified_gmt":"2023-05-19T14:52:50","slug":"visite-privee-de-heidelberg-au-depart-de-francfort","status":"publish","type":"product","link":"https:\/\/tourtravelandmore.com\/fr\/tours\/allemagne-fr\/frankfurt-fr\/all-private-tours-and-activities-fr-4\/visite-privee-de-heidelberg-au-depart-de-francfort\/","title":{"rendered":"Visite priv\u00e9e de Heidelberg au d\u00e9part de Francfort"},"content":{"rendered":"<h2>Description de l&#8217;excursion priv\u00e9e \u00e0 Heidelberg au d\u00e9part de Francfort<\/h2>\n<p>D\u00e9couvrez la grande ville de Francfort en compagnie d&#8217;un chauffeur priv\u00e9 et d&#8217;un guide officiel lors de cette <strong>visite priv\u00e9e de Heidelberg au d\u00e9part de Frankfurt.<\/strong><\/p>\n<p><strong>Francfort<\/strong> est la cinqui\u00e8me plus grande ville d&#8217;Allemagne et est situ\u00e9e sur la rivi\u00e8re Main. Francfort est la capitale financi\u00e8re de <strong>l&#8217;Europe<\/strong> continentale et le centre de transport de <strong>l&#8217;Allemagne<\/strong>.<\/p>\n<p>\u00c9chappez \u00e0 l&#8217;agitation de <strong>Francfort<\/strong> gr\u00e2ce \u00e0 une excursion d&#8217;une demi-journ\u00e9e dans la belle ville de <strong>Heidelberg<\/strong>, situ\u00e9e sur le fleuve. Prenez le court trajet en bus vers le sud, puis passez des heures \u00e0 explorer la ville m\u00e9di\u00e9vale en compagnie d&#8217;un guide expert. \u00c9coutez des anecdotes historiques en vous promenant dans la vieille ville et en visitant les ruines du <strong>ch\u00e2teau<\/strong> de <strong>Heidelberg<\/strong>.<\/p>\n<p>Votre chauffeur priv\u00e9 et votre guide officiel seront \u00e0 votre enti\u00e8re disposition pendant la visite pour rendre votre exp\u00e9rience unique. Ils connaissent la ville comme leur poche.<\/p>\n<h2>Sites d&#8217;int\u00e9r\u00eat et points de rep\u00e8re<\/h2>\n<p>Cette visite priv\u00e9e commencera \u00e0 l&#8217;endroit de votre choix \u00e0 <strong>Francfort<\/strong>. Votre chauffeur priv\u00e9 et votre guide viendront vous chercher \u00e0 l&#8217;heure souhait\u00e9e pour commencer votre exp\u00e9rience.<\/p>\n<p>Ajoutez l&#8217;\u00e9l\u00e9gance d&#8217;une petite ville \u00e0 vos vacances \u00e0 <strong>Francfort<\/strong> avec une excursion d&#8217;une demi-journ\u00e9e \u00e0 <strong>Heidelberg<\/strong>. Choisissez votre heure de d\u00e9part le matin ou l&#8217;apr\u00e8s-midi, rencontrez votre guide sympathique dans le centre de <strong>Francfort<\/strong> et montez \u00e0 bord du car pour vous rendre dans la r\u00e9gion du <strong>Bade-Wurtemberg.<\/strong> Vous arriverez bient\u00f4t dans la belle ville de <strong>Heidelberg,<\/strong> une mosa\u00efque de b\u00e2timents <strong>Renaissance<\/strong> et de toits roussis avec les collines vertes en toile de fond.<\/p>\n<p>Vous aurez l&#8217;occasion de voir des endroits magnifiques \u00e0 Heidelberg tels que :<\/p>\n<p><strong>Admirer le ch\u00e2teau de Heidelberg :<\/strong> \u00c9merveillez-vous devant le c\u00e9l\u00e8bre ch\u00e2teau de Heidelberg, une ruine impressionnante perch\u00e9e au-dessus de la ville. Admirez sa grandeur de l&#8217;ext\u00e9rieur et appr\u00e9ciez les vues panoramiques qu&#8217;il offre sur Heidelberg.<\/p>\n<p><strong>Promenade le long de la promenade des philosophes<\/strong> : Promenez-vous tranquillement le long de la promenade des philosophes, un sentier pittoresque situ\u00e9 sur la rive nord du Neckar. Profitez de vues magnifiques sur la ville, la rivi\u00e8re et les collines environnantes tout en suivant les traces de philosophes et de savants c\u00e9l\u00e8bres.<\/p>\n<p><strong>Visite de la vieille ville<\/strong> : D\u00e9couvrez la charmante vieille ville de Heidelberg (Altstadt) avec ses rues pav\u00e9es, ses places pittoresques et ses b\u00e2timents historiques. Explorez la Hauptstrasse, l&#8217;une des plus longues rues pi\u00e9tonnes d&#8217;Europe, bord\u00e9e de boutiques, de caf\u00e9s et de restaurants.<\/p>\n<p>Comme d\u00e9taill\u00e9 ci-dessus, il s&#8217;agit d&#8217;une exp\u00e9rience priv\u00e9e et sur mesure. Nos experts en voyages vous aideront \u00e0 organiser votre visite priv\u00e9e de Francfort \u00e0 votre guise.<\/p>\n<p>Nous pouvons \u00e9galement organiser des <a href=\"https:\/\/tourtravelandmore.com\/fr\/city\/allemagne-fr\/frankfurt-fr\/\"><strong>visites \u00e0 pied priv\u00e9es<\/strong><\/a>, des excursions d&#8217;une journ\u00e9e et des transferts priv\u00e9s. Contactez-nous pour une exp\u00e9rience priv\u00e9e personnalis\u00e9e \u00e0 Francfort.<\/p>\n<p>C&#8217;est une exp\u00e9rience sur mesure. L&#8217;heure de d\u00e9part, la dur\u00e9e et l&#8217;itin\u00e9raire sont totalement adaptables \u00e0 vos envies personnelles.<\/p>\n<p><strong>Enfin, \u00e0 la fin de la visite, votre chauffeur priv\u00e9 et votre guide officiel vous ram\u00e8neront \u00e0 votre h\u00f4tel ou \u00e0 votre point de d\u00e9part.<\/strong><\/p>\n","protected":false},"excerpt":{"rendered":"<p>Ajoutez l&#8217;\u00e9l\u00e9gance d&#8217;une petite ville \u00e0 vos vacances \u00e0 <strong>Francfort<\/strong> avec une excursion d&#8217;une demi-journ\u00e9e \u00e0 <strong>Heidelberg<\/strong>. Choisissez votre heure de d\u00e9part le matin ou l&#8217;apr\u00e8s-midi, rencontrez votre guide sympathique dans le centre de <strong>Francfort<\/strong> et montez \u00e0 bord du car pour vous rendre dans la r\u00e9gion du <strong>Bade-Wurtemberg.<\/strong> Vous arriverez bient\u00f4t dans la belle ville de <strong>Heidelberg,<\/strong> une mosa\u00efque de b\u00e2timents <strong>Renaissance<\/strong> et de toits roussis avec les collines vertes en toile de fond.<\/p>\n","protected":false},"featured_media":147489,"comment_status":"open","ping_status":"closed","template":"","meta":{"_acf_changed":false},"product_brand":[],"product_cat":[3760,4231,4232],"product_tag":[],"class_list":{"0":"post-147467","1":"product","2":"type-product","3":"status-publish","4":"has-post-thumbnail","6":"product_cat-frankfurt-fr","7":"product_cat-all-private-tours-and-activities-fr-4","8":"product_cat-private-sightseeing-tours-fr-14","10":"first","11":"instock","12":"shipping-taxable","13":"purchasable","14":"product-type-simple"},"acf":[],"yoast_head":"<!-- This site is optimized with the Yoast SEO Premium plugin v25.3.1 (Yoast SEO v25.3.1) - https:\/\/yoast.com\/wordpress\/plugins\/seo\/ -->\n<title>Visite priv\u00e9e de Heidelberg au d\u00e9part de Francfort | TourTravel&amp;More<\/title>\n<meta name=\"description\" content=\"\u2192D\u00e9couvrez la merveilleuse ville de Francfort lors de cette visite priv\u00e9e de Heidelberg au d\u00e9part de Frankfurtr. Vous apprendrez l&#039;histoire de la ville \u2705\" \/>\n<meta name=\"robots\" content=\"index, follow, max-snippet:-1, max-image-preview:large, max-video-preview:-1\" \/>\n<link rel=\"canonical\" href=\"https:\/\/tourtravelandmore.com\/fr\/tours\/allemagne-fr\/frankfurt-fr\/all-private-tours-and-activities-fr-4\/visite-privee-de-heidelberg-au-depart-de-francfort\/\" \/>\n<meta property=\"og:locale\" content=\"fr_FR\" \/>\n<meta property=\"og:type\" content=\"article\" \/>\n<meta property=\"og:title\" content=\"Visite priv\u00e9e de Heidelberg au d\u00e9part de Francfort\" \/>\n<meta property=\"og:description\" content=\"\u2192D\u00e9couvrez la merveilleuse ville de Francfort lors de cette visite priv\u00e9e de Heidelberg au d\u00e9part de Frankfurtr. Vous apprendrez l&#039;histoire de la ville \u2705\" \/>\n<meta property=\"og:url\" content=\"https:\/\/tourtravelandmore.com\/fr\/tours\/allemagne-fr\/frankfurt-fr\/all-private-tours-and-activities-fr-4\/visite-privee-de-heidelberg-au-depart-de-francfort\/\" \/>\n<meta property=\"og:site_name\" content=\"Tour Travel And More\" \/>\n<meta property=\"article:publisher\" content=\"https:\/\/www.facebook.com\/tourtravelandmore\/\" \/>\n<meta property=\"article:modified_time\" content=\"2023-05-19T14:52:50+00:00\" \/>\n<meta property=\"og:image\" content=\"https:\/\/tourtravelandmore.com\/wp-content\/uploads\/2022\/12\/castle-g899c9e937_1920.jpg\" \/>\n\t<meta property=\"og:image:width\" content=\"1920\" \/>\n\t<meta property=\"og:image:height\" content=\"1080\" \/>\n\t<meta property=\"og:image:type\" content=\"image\/jpeg\" \/>\n<meta name=\"twitter:card\" content=\"summary_large_image\" \/>\n<meta name=\"twitter:site\" content=\"@TourTravel_More\" \/>\n<meta name=\"twitter:label1\" content=\"Dur\u00e9e de lecture estim\u00e9e\" \/>\n\t<meta name=\"twitter:data1\" content=\"3 minutes\" \/>\n<script type=\"application\/ld+json\" class=\"yoast-schema-graph\">{\"@context\":\"https:\/\/schema.org\",\"@graph\":[{\"@type\":\"WebPage\",\"@id\":\"https:\/\/tourtravelandmore.com\/fr\/tours\/allemagne-fr\/frankfurt-fr\/all-private-tours-and-activities-fr-4\/visite-privee-de-heidelberg-au-depart-de-francfort\/\",\"url\":\"https:\/\/tourtravelandmore.com\/fr\/tours\/allemagne-fr\/frankfurt-fr\/all-private-tours-and-activities-fr-4\/visite-privee-de-heidelberg-au-depart-de-francfort\/\",\"name\":\"Visite priv\u00e9e de Heidelberg au d\u00e9part de Francfort | TourTravel&More\",\"isPartOf\":{\"@id\":\"https:\/\/tourtravelandmore.com\/fr\/#website\"},\"primaryImageOfPage\":{\"@id\":\"https:\/\/tourtravelandmore.com\/fr\/tours\/allemagne-fr\/frankfurt-fr\/all-private-tours-and-activities-fr-4\/visite-privee-de-heidelberg-au-depart-de-francfort\/#primaryimage\"},\"image\":{\"@id\":\"https:\/\/tourtravelandmore.com\/fr\/tours\/allemagne-fr\/frankfurt-fr\/all-private-tours-and-activities-fr-4\/visite-privee-de-heidelberg-au-depart-de-francfort\/#primaryimage\"},\"thumbnailUrl\":\"https:\/\/tourtravelandmore.com\/wp-content\/uploads\/2022\/12\/castle-g899c9e937_1920.jpg\",\"datePublished\":\"2022-12-21T18:31:17+00:00\",\"dateModified\":\"2023-05-19T14:52:50+00:00\",\"description\":\"\u2192D\u00e9couvrez la merveilleuse ville de Francfort lors de cette visite priv\u00e9e de Heidelberg au d\u00e9part de Frankfurtr. Vous apprendrez l'histoire de la ville \u2705\",\"breadcrumb\":{\"@id\":\"https:\/\/tourtravelandmore.com\/fr\/tours\/allemagne-fr\/frankfurt-fr\/all-private-tours-and-activities-fr-4\/visite-privee-de-heidelberg-au-depart-de-francfort\/#breadcrumb\"},\"inLanguage\":\"fr-FR\",\"potentialAction\":[{\"@type\":\"ReadAction\",\"target\":[\"https:\/\/tourtravelandmore.com\/fr\/tours\/allemagne-fr\/frankfurt-fr\/all-private-tours-and-activities-fr-4\/visite-privee-de-heidelberg-au-depart-de-francfort\/\"]}]},{\"@type\":\"ImageObject\",\"inLanguage\":\"fr-FR\",\"@id\":\"https:\/\/tourtravelandmore.com\/fr\/tours\/allemagne-fr\/frankfurt-fr\/all-private-tours-and-activities-fr-4\/visite-privee-de-heidelberg-au-depart-de-francfort\/#primaryimage\",\"url\":\"https:\/\/tourtravelandmore.com\/wp-content\/uploads\/2022\/12\/castle-g899c9e937_1920.jpg\",\"contentUrl\":\"https:\/\/tourtravelandmore.com\/wp-content\/uploads\/2022\/12\/castle-g899c9e937_1920.jpg\",\"width\":1920,\"height\":1080},{\"@type\":\"BreadcrumbList\",\"@id\":\"https:\/\/tourtravelandmore.com\/fr\/tours\/allemagne-fr\/frankfurt-fr\/all-private-tours-and-activities-fr-4\/visite-privee-de-heidelberg-au-depart-de-francfort\/#breadcrumb\",\"itemListElement\":[{\"@type\":\"ListItem\",\"position\":1,\"name\":\"Home\",\"item\":\"https:\/\/tourtravelandmore.com\/fr\/\"},{\"@type\":\"ListItem\",\"position\":2,\"name\":\"Tours\",\"item\":\"https:\/\/tourtravelandmore.com\/fr\/tours\/\"},{\"@type\":\"ListItem\",\"position\":3,\"name\":\"Visite priv\u00e9e de Heidelberg au d\u00e9part de Francfort\"}]},{\"@type\":\"WebSite\",\"@id\":\"https:\/\/tourtravelandmore.com\/fr\/#website\",\"url\":\"https:\/\/tourtravelandmore.com\/fr\/\",\"name\":\"Tour Travel And More\",\"description\":\"Private sightseeing tours and luxury transfers in Spain\",\"publisher\":{\"@id\":\"https:\/\/tourtravelandmore.com\/fr\/#organization\"},\"potentialAction\":[{\"@type\":\"SearchAction\",\"target\":{\"@type\":\"EntryPoint\",\"urlTemplate\":\"https:\/\/tourtravelandmore.com\/fr\/?s={search_term_string}\"},\"query-input\":{\"@type\":\"PropertyValueSpecification\",\"valueRequired\":true,\"valueName\":\"search_term_string\"}}],\"inLanguage\":\"fr-FR\"},{\"@type\":\"Organization\",\"@id\":\"https:\/\/tourtravelandmore.com\/fr\/#organization\",\"name\":\"Tour Travel And More\",\"url\":\"https:\/\/tourtravelandmore.com\/fr\/\",\"logo\":{\"@type\":\"ImageObject\",\"inLanguage\":\"fr-FR\",\"@id\":\"https:\/\/tourtravelandmore.com\/fr\/#\/schema\/logo\/image\/\",\"url\":\"https:\/\/tourtravelandmore.com\/wp-content\/uploads\/2022\/12\/cropped-logo-cabecera-new.png\",\"contentUrl\":\"https:\/\/tourtravelandmore.com\/wp-content\/uploads\/2022\/12\/cropped-logo-cabecera-new.png\",\"width\":430,\"height\":61,\"caption\":\"Tour Travel And More\"},\"image\":{\"@id\":\"https:\/\/tourtravelandmore.com\/fr\/#\/schema\/logo\/image\/\"},\"sameAs\":[\"https:\/\/www.facebook.com\/tourtravelandmore\/\",\"https:\/\/x.com\/TourTravel_More\"]}]}<\/script>\n<!-- \/ Yoast SEO Premium plugin. -->","yoast_head_json":{"title":"Visite priv\u00e9e de Heidelberg au d\u00e9part de Francfort | TourTravel&More","description":"\u2192D\u00e9couvrez la merveilleuse ville de Francfort lors de cette visite priv\u00e9e de Heidelberg au d\u00e9part de Frankfurtr. Vous apprendrez l'histoire de la ville \u2705","robots":{"index":"index","follow":"follow","max-snippet":"max-snippet:-1","max-image-preview":"max-image-preview:large","max-video-preview":"max-video-preview:-1"},"canonical":"https:\/\/tourtravelandmore.com\/fr\/tours\/allemagne-fr\/frankfurt-fr\/all-private-tours-and-activities-fr-4\/visite-privee-de-heidelberg-au-depart-de-francfort\/","og_locale":"fr_FR","og_type":"article","og_title":"Visite priv\u00e9e de Heidelberg au d\u00e9part de Francfort","og_description":"\u2192D\u00e9couvrez la merveilleuse ville de Francfort lors de cette visite priv\u00e9e de Heidelberg au d\u00e9part de Frankfurtr. Vous apprendrez l'histoire de la ville \u2705","og_url":"https:\/\/tourtravelandmore.com\/fr\/tours\/allemagne-fr\/frankfurt-fr\/all-private-tours-and-activities-fr-4\/visite-privee-de-heidelberg-au-depart-de-francfort\/","og_site_name":"Tour Travel And More","article_publisher":"https:\/\/www.facebook.com\/tourtravelandmore\/","article_modified_time":"2023-05-19T14:52:50+00:00","og_image":[{"width":1920,"height":1080,"url":"https:\/\/tourtravelandmore.com\/wp-content\/uploads\/2022\/12\/castle-g899c9e937_1920.jpg","type":"image\/jpeg"}],"twitter_card":"summary_large_image","twitter_site":"@TourTravel_More","twitter_misc":{"Dur\u00e9e de lecture estim\u00e9e":"3 minutes"},"schema":{"@context":"https:\/\/schema.org","@graph":[{"@type":"WebPage","@id":"https:\/\/tourtravelandmore.com\/fr\/tours\/allemagne-fr\/frankfurt-fr\/all-private-tours-and-activities-fr-4\/visite-privee-de-heidelberg-au-depart-de-francfort\/","url":"https:\/\/tourtravelandmore.com\/fr\/tours\/allemagne-fr\/frankfurt-fr\/all-private-tours-and-activities-fr-4\/visite-privee-de-heidelberg-au-depart-de-francfort\/","name":"Visite priv\u00e9e de Heidelberg au d\u00e9part de Francfort | TourTravel&More","isPartOf":{"@id":"https:\/\/tourtravelandmore.com\/fr\/#website"},"primaryImageOfPage":{"@id":"https:\/\/tourtravelandmore.com\/fr\/tours\/allemagne-fr\/frankfurt-fr\/all-private-tours-and-activities-fr-4\/visite-privee-de-heidelberg-au-depart-de-francfort\/#primaryimage"},"image":{"@id":"https:\/\/tourtravelandmore.com\/fr\/tours\/allemagne-fr\/frankfurt-fr\/all-private-tours-and-activities-fr-4\/visite-privee-de-heidelberg-au-depart-de-francfort\/#primaryimage"},"thumbnailUrl":"https:\/\/tourtravelandmore.com\/wp-content\/uploads\/2022\/12\/castle-g899c9e937_1920.jpg","datePublished":"2022-12-21T18:31:17+00:00","dateModified":"2023-05-19T14:52:50+00:00","description":"\u2192D\u00e9couvrez la merveilleuse ville de Francfort lors de cette visite priv\u00e9e de Heidelberg au d\u00e9part de Frankfurtr. Vous apprendrez l'histoire de la ville \u2705","breadcrumb":{"@id":"https:\/\/tourtravelandmore.com\/fr\/tours\/allemagne-fr\/frankfurt-fr\/all-private-tours-and-activities-fr-4\/visite-privee-de-heidelberg-au-depart-de-francfort\/#breadcrumb"},"inLanguage":"fr-FR","potentialAction":[{"@type":"ReadAction","target":["https:\/\/tourtravelandmore.com\/fr\/tours\/allemagne-fr\/frankfurt-fr\/all-private-tours-and-activities-fr-4\/visite-privee-de-heidelberg-au-depart-de-francfort\/"]}]},{"@type":"ImageObject","inLanguage":"fr-FR","@id":"https:\/\/tourtravelandmore.com\/fr\/tours\/allemagne-fr\/frankfurt-fr\/all-private-tours-and-activities-fr-4\/visite-privee-de-heidelberg-au-depart-de-francfort\/#primaryimage","url":"https:\/\/tourtravelandmore.com\/wp-content\/uploads\/2022\/12\/castle-g899c9e937_1920.jpg","contentUrl":"https:\/\/tourtravelandmore.com\/wp-content\/uploads\/2022\/12\/castle-g899c9e937_1920.jpg","width":1920,"height":1080},{"@type":"BreadcrumbList","@id":"https:\/\/tourtravelandmore.com\/fr\/tours\/allemagne-fr\/frankfurt-fr\/all-private-tours-and-activities-fr-4\/visite-privee-de-heidelberg-au-depart-de-francfort\/#breadcrumb","itemListElement":[{"@type":"ListItem","position":1,"name":"Home","item":"https:\/\/tourtravelandmore.com\/fr\/"},{"@type":"ListItem","position":2,"name":"Tours","item":"https:\/\/tourtravelandmore.com\/fr\/tours\/"},{"@type":"ListItem","position":3,"name":"Visite priv\u00e9e de Heidelberg au d\u00e9part de Francfort"}]},{"@type":"WebSite","@id":"https:\/\/tourtravelandmore.com\/fr\/#website","url":"https:\/\/tourtravelandmore.com\/fr\/","name":"Tour Travel And More","description":"Private sightseeing tours and luxury transfers in Spain","publisher":{"@id":"https:\/\/tourtravelandmore.com\/fr\/#organization"},"potentialAction":[{"@type":"SearchAction","target":{"@type":"EntryPoint","urlTemplate":"https:\/\/tourtravelandmore.com\/fr\/?s={search_term_string}"},"query-input":{"@type":"PropertyValueSpecification","valueRequired":true,"valueName":"search_term_string"}}],"inLanguage":"fr-FR"},{"@type":"Organization","@id":"https:\/\/tourtravelandmore.com\/fr\/#organization","name":"Tour Travel And More","url":"https:\/\/tourtravelandmore.com\/fr\/","logo":{"@type":"ImageObject","inLanguage":"fr-FR","@id":"https:\/\/tourtravelandmore.com\/fr\/#\/schema\/logo\/image\/","url":"https:\/\/tourtravelandmore.com\/wp-content\/uploads\/2022\/12\/cropped-logo-cabecera-new.png","contentUrl":"https:\/\/tourtravelandmore.com\/wp-content\/uploads\/2022\/12\/cropped-logo-cabecera-new.png","width":430,"height":61,"caption":"Tour Travel And More"},"image":{"@id":"https:\/\/tourtravelandmore.com\/fr\/#\/schema\/logo\/image\/"},"sameAs":["https:\/\/www.facebook.com\/tourtravelandmore\/","https:\/\/x.com\/TourTravel_More"]}]}},"_links":{"self":[{"href":"https:\/\/tourtravelandmore.com\/fr\/wp-json\/wp\/v2\/product\/147467","targetHints":{"allow":["GET"]}}],"collection":[{"href":"https:\/\/tourtravelandmore.com\/fr\/wp-json\/wp\/v2\/product"}],"about":[{"href":"https:\/\/tourtravelandmore.com\/fr\/wp-json\/wp\/v2\/types\/product"}],"replies":[{"embeddable":true,"href":"https:\/\/tourtravelandmore.com\/fr\/wp-json\/wp\/v2\/comments?post=147467"}],"wp:featuredmedia":[{"embeddable":true,"href":"https:\/\/tourtravelandmore.com\/fr\/wp-json\/wp\/v2\/media\/147489"}],"wp:attachment":[{"href":"https:\/\/tourtravelandmore.com\/fr\/wp-json\/wp\/v2\/media?parent=147467"}],"wp:term":[{"taxonomy":"product_brand","embeddable":true,"href":"https:\/\/tourtravelandmore.com\/fr\/wp-json\/wp\/v2\/product_brand?post=147467"},{"taxonomy":"product_cat","embeddable":true,"href":"https:\/\/tourtravelandmore.com\/fr\/wp-json\/wp\/v2\/product_cat?post=147467"},{"taxonomy":"product_tag","embeddable":true,"href":"https:\/\/tourtravelandmore.com\/fr\/wp-json\/wp\/v2\/product_tag?post=147467"}],"curies":[{"name":"wp","href":"https:\/\/api.w.org\/{rel}","templated":true}]}}