{"id":147419,"date":"2022-12-21T17:14:33","date_gmt":"2022-12-21T16:14:42","guid":{"rendered":"https:\/\/tourtravelandmore.com\/?post_type=product&#038;p=147419"},"modified":"2023-02-03T16:27:55","modified_gmt":"2023-02-03T15:27:55","slug":"excursion-privee-dans-les-vignobles-de-la-vallee-du-rhin-au-depart-de-francfort","status":"publish","type":"product","link":"https:\/\/tourtravelandmore.com\/fr\/tours\/allemagne-fr\/frankfurt-fr\/all-private-tours-and-activities-fr-4\/excursion-privee-dans-les-vignobles-de-la-vallee-du-rhin-au-depart-de-francfort\/","title":{"rendered":"Excursion priv\u00e9e dans les vignobles de la vall\u00e9e du Rhin au d\u00e9part de Francfort"},"content":{"rendered":"<h2>Description de l&#8217;excursion priv\u00e9e dans les vignobles de la vall\u00e9e du Rhin au d\u00e9part de Francfort<\/h2>\n<p>D\u00e9couvrez la grande ville de Francfort en compagnie d&#8217;un chauffeur priv\u00e9 lors de cette <strong>visite priv\u00e9e des vignobles (vall\u00e9e du Rhin) au d\u00e9part de Francfort.<\/strong><\/p>\n<p><strong>Francfort<\/strong> est la cinqui\u00e8me plus grande ville d&#8217;Allemagne et est situ\u00e9e sur la rivi\u00e8re Main. Francfort est la capitale financi\u00e8re de <strong>l&#8217;Europe<\/strong> continentale et le centre de transport de <strong>l&#8217;Allemagne<\/strong>.<\/p>\n<p>\u00c9chappez \u00e0 <strong>Francfort<\/strong> pour une journ\u00e9e et plongez dans les meilleures r\u00e9gions viticoles <strong>d&#8217;Allemagne<\/strong> gr\u00e2ce \u00e0 cette luxueuse visite priv\u00e9e. Quittez votre h\u00e9bergement local dans la matin\u00e9e et voyagez avec votre guide le long du <strong>Rhin<\/strong>. Vous profiterez d&#8217;une introduction aux vari\u00e9t\u00e9s locales et aux traditions viticoles.<\/p>\n<p>Votre chauffeur priv\u00e9 seront \u00e0 votre enti\u00e8re disposition pendant la visite pour rendre votre exp\u00e9rience unique. Ils connaissent la ville comme leur poche.<\/p>\n<h2>Sites d&#8217;int\u00e9r\u00eat et points de rep\u00e8re<\/h2>\n<p>Cette visite priv\u00e9e commencera \u00e0 l&#8217;endroit de votre choix \u00e0 <strong>Francfort<\/strong>. Votre chauffeur priv\u00e9 viendront vous chercher \u00e0 l&#8217;heure souhait\u00e9e pour commencer votre exp\u00e9rience.<\/p>\n<p>\u00c0 environ 45 minutes de <strong>Francfort<\/strong>, nous d\u00e9couvrirons la romantique <strong>vall\u00e9e<\/strong> <strong>du Rhin<\/strong>, o\u00f9 les rois riesling du <strong>Rheingau<\/strong> rencontrent les 1000 collines de Rheinhessen. Nous traverserons de petits villages historiques le long du Rhin en descendant vers Ruedesheim. De nombreux habitants de la r\u00e9gion l&#8217;appellent la <strong>Bourgogne du Nord.<\/strong><\/p>\n<p>En chemin, nous nous arr\u00eaterons dans des vignobles <strong>allemands<\/strong> <strong>prim\u00e9s<\/strong>, historiquement importants et de grande qualit\u00e9. C&#8217;est ici que les <strong>Romains<\/strong> ont plant\u00e9 leurs vins et que les moines b\u00e9n\u00e9dictins les ont perfectionn\u00e9s. Ce circuit comprend \u00e9galement des arr\u00eats dans des vignobles ind\u00e9pendants sp\u00e9cialis\u00e9s dans les vins blancs et rouges locaux, des d\u00e9gustations priv\u00e9es avec les vignerons, un plateau de fromages locaux afin que vous puissiez vous asseoir et appr\u00e9cier les vins et les vues en chemin.<\/p>\n<p><strong>Francfort<\/strong> est une ville o\u00f9 vous trouverez des gratte-ciel modernes et incroyables, ainsi que sa vieille ville pleine de restaurants et de boutiques typiquement allemandes. C&#8217;est une ville qui vaut la peine d&#8217;\u00eatre visit\u00e9e.<\/p>\n<p>Comme d\u00e9taill\u00e9 ci-dessus, il s&#8217;agit d&#8217;une exp\u00e9rience priv\u00e9e et sur mesure. Nos experts en voyages vous aideront \u00e0 organiser votre visite priv\u00e9e de Francfort \u00e0 votre guise.<\/p>\n<p>Nous pouvons \u00e9galement organiser des <a href=\"https:\/\/tourtravelandmore.com\/fr\/city\/allemagne-fr\/frankfurt-fr\/\"><strong>visites \u00e0 pied priv\u00e9es<\/strong><\/a>, des excursions d&#8217;une journ\u00e9e et des transferts priv\u00e9s. Contactez-nous pour une exp\u00e9rience priv\u00e9e personnalis\u00e9e \u00e0 Francfort.<\/p>\n<p>C&#8217;est une exp\u00e9rience sur mesure. L&#8217;heure de d\u00e9part, la dur\u00e9e et l&#8217;itin\u00e9raire sont totalement adaptables \u00e0 vos envies personnelles.<\/p>\n<p>Enfin, \u00e0 la fin de la visite,<strong> votre chauffeur priv\u00e9 <\/strong>vous ram\u00e8neront \u00e0 votre h\u00f4tel ou \u00e0 votre point de d\u00e9part.<\/p>\n","protected":false},"excerpt":{"rendered":"<p>D\u00e9couvrez la grande ville de Francfort en compagnie d&#8217;un chauffeur priv\u00e9 lors de cette <strong>visite priv\u00e9e des vignobles (vall\u00e9e du Rhin) au d\u00e9part de Francfort.<\/strong><\/p>\n<p>&nbsp;<\/p>\n","protected":false},"featured_media":147459,"comment_status":"open","ping_status":"closed","template":"","meta":{"_acf_changed":false},"product_brand":[],"product_cat":[3760,4231,4232],"product_tag":[],"class_list":{"0":"post-147419","1":"product","2":"type-product","3":"status-publish","4":"has-post-thumbnail","6":"product_cat-frankfurt-fr","7":"product_cat-all-private-tours-and-activities-fr-4","8":"product_cat-private-sightseeing-tours-fr-14","10":"first","11":"instock","12":"shipping-taxable","13":"purchasable","14":"product-type-simple"},"acf":[],"yoast_head":"<!-- This site is optimized with the Yoast SEO Premium plugin v25.3.1 (Yoast SEO v25.3.1) - https:\/\/yoast.com\/wordpress\/plugins\/seo\/ -->\n<title>Visite priv\u00e9e d&#039;un vignoble au d\u00e9part de Francfort | TourTravel&amp;More<\/title>\n<meta name=\"description\" content=\"\u2192D\u00e9couvrez la merveilleuse ville de Francfort lors de cette visite priv\u00e9e du vignoble. Vous apprendrez l&#039;histoire de la ville et d\u00e9gusterez le meilleur vin \u2705.\" \/>\n<meta name=\"robots\" content=\"index, follow, max-snippet:-1, max-image-preview:large, max-video-preview:-1\" \/>\n<link rel=\"canonical\" href=\"https:\/\/tourtravelandmore.com\/fr\/tours\/allemagne-fr\/frankfurt-fr\/all-private-tours-and-activities-fr-4\/excursion-privee-dans-les-vignobles-de-la-vallee-du-rhin-au-depart-de-francfort\/\" \/>\n<meta property=\"og:locale\" content=\"fr_FR\" \/>\n<meta property=\"og:type\" content=\"article\" \/>\n<meta property=\"og:title\" content=\"Excursion priv\u00e9e dans les vignobles de la vall\u00e9e du Rhin au d\u00e9part de Francfort\" \/>\n<meta property=\"og:description\" content=\"\u2192D\u00e9couvrez la merveilleuse ville de Francfort lors de cette visite priv\u00e9e du vignoble. Vous apprendrez l&#039;histoire de la ville et d\u00e9gusterez le meilleur vin \u2705.\" \/>\n<meta property=\"og:url\" content=\"https:\/\/tourtravelandmore.com\/fr\/tours\/allemagne-fr\/frankfurt-fr\/all-private-tours-and-activities-fr-4\/excursion-privee-dans-les-vignobles-de-la-vallee-du-rhin-au-depart-de-francfort\/\" \/>\n<meta property=\"og:site_name\" content=\"Tour Travel And More\" \/>\n<meta property=\"article:publisher\" content=\"https:\/\/www.facebook.com\/tourtravelandmore\/\" \/>\n<meta property=\"article:modified_time\" content=\"2023-02-03T15:27:55+00:00\" \/>\n<meta property=\"og:image\" content=\"https:\/\/tourtravelandmore.com\/wp-content\/uploads\/2022\/12\/pexels-pixabay-51947.jpg\" \/>\n\t<meta property=\"og:image:width\" content=\"2200\" \/>\n\t<meta property=\"og:image:height\" content=\"1467\" \/>\n\t<meta property=\"og:image:type\" content=\"image\/jpeg\" \/>\n<meta name=\"twitter:card\" content=\"summary_large_image\" \/>\n<meta name=\"twitter:site\" content=\"@TourTravel_More\" \/>\n<meta name=\"twitter:label1\" content=\"Dur\u00e9e de lecture estim\u00e9e\" \/>\n\t<meta name=\"twitter:data1\" content=\"2 minutes\" \/>\n<script type=\"application\/ld+json\" class=\"yoast-schema-graph\">{\"@context\":\"https:\/\/schema.org\",\"@graph\":[{\"@type\":\"WebPage\",\"@id\":\"https:\/\/tourtravelandmore.com\/fr\/tours\/allemagne-fr\/frankfurt-fr\/all-private-tours-and-activities-fr-4\/excursion-privee-dans-les-vignobles-de-la-vallee-du-rhin-au-depart-de-francfort\/\",\"url\":\"https:\/\/tourtravelandmore.com\/fr\/tours\/allemagne-fr\/frankfurt-fr\/all-private-tours-and-activities-fr-4\/excursion-privee-dans-les-vignobles-de-la-vallee-du-rhin-au-depart-de-francfort\/\",\"name\":\"Visite priv\u00e9e d'un vignoble au d\u00e9part de Francfort | TourTravel&More\",\"isPartOf\":{\"@id\":\"https:\/\/tourtravelandmore.com\/fr\/#website\"},\"primaryImageOfPage\":{\"@id\":\"https:\/\/tourtravelandmore.com\/fr\/tours\/allemagne-fr\/frankfurt-fr\/all-private-tours-and-activities-fr-4\/excursion-privee-dans-les-vignobles-de-la-vallee-du-rhin-au-depart-de-francfort\/#primaryimage\"},\"image\":{\"@id\":\"https:\/\/tourtravelandmore.com\/fr\/tours\/allemagne-fr\/frankfurt-fr\/all-private-tours-and-activities-fr-4\/excursion-privee-dans-les-vignobles-de-la-vallee-du-rhin-au-depart-de-francfort\/#primaryimage\"},\"thumbnailUrl\":\"https:\/\/tourtravelandmore.com\/wp-content\/uploads\/2022\/12\/pexels-pixabay-51947.jpg\",\"datePublished\":\"2022-12-21T16:14:42+00:00\",\"dateModified\":\"2023-02-03T15:27:55+00:00\",\"description\":\"\u2192D\u00e9couvrez la merveilleuse ville de Francfort lors de cette visite priv\u00e9e du vignoble. Vous apprendrez l'histoire de la ville et d\u00e9gusterez le meilleur vin \u2705.\",\"breadcrumb\":{\"@id\":\"https:\/\/tourtravelandmore.com\/fr\/tours\/allemagne-fr\/frankfurt-fr\/all-private-tours-and-activities-fr-4\/excursion-privee-dans-les-vignobles-de-la-vallee-du-rhin-au-depart-de-francfort\/#breadcrumb\"},\"inLanguage\":\"fr-FR\",\"potentialAction\":[{\"@type\":\"ReadAction\",\"target\":[\"https:\/\/tourtravelandmore.com\/fr\/tours\/allemagne-fr\/frankfurt-fr\/all-private-tours-and-activities-fr-4\/excursion-privee-dans-les-vignobles-de-la-vallee-du-rhin-au-depart-de-francfort\/\"]}]},{\"@type\":\"ImageObject\",\"inLanguage\":\"fr-FR\",\"@id\":\"https:\/\/tourtravelandmore.com\/fr\/tours\/allemagne-fr\/frankfurt-fr\/all-private-tours-and-activities-fr-4\/excursion-privee-dans-les-vignobles-de-la-vallee-du-rhin-au-depart-de-francfort\/#primaryimage\",\"url\":\"https:\/\/tourtravelandmore.com\/wp-content\/uploads\/2022\/12\/pexels-pixabay-51947.jpg\",\"contentUrl\":\"https:\/\/tourtravelandmore.com\/wp-content\/uploads\/2022\/12\/pexels-pixabay-51947.jpg\",\"width\":2200,\"height\":1467},{\"@type\":\"BreadcrumbList\",\"@id\":\"https:\/\/tourtravelandmore.com\/fr\/tours\/allemagne-fr\/frankfurt-fr\/all-private-tours-and-activities-fr-4\/excursion-privee-dans-les-vignobles-de-la-vallee-du-rhin-au-depart-de-francfort\/#breadcrumb\",\"itemListElement\":[{\"@type\":\"ListItem\",\"position\":1,\"name\":\"Home\",\"item\":\"https:\/\/tourtravelandmore.com\/fr\/\"},{\"@type\":\"ListItem\",\"position\":2,\"name\":\"Tours\",\"item\":\"https:\/\/tourtravelandmore.com\/fr\/tours\/\"},{\"@type\":\"ListItem\",\"position\":3,\"name\":\"Excursion priv\u00e9e dans les vignobles de la vall\u00e9e du Rhin au d\u00e9part de Francfort\"}]},{\"@type\":\"WebSite\",\"@id\":\"https:\/\/tourtravelandmore.com\/fr\/#website\",\"url\":\"https:\/\/tourtravelandmore.com\/fr\/\",\"name\":\"Tour Travel And More\",\"description\":\"Private sightseeing tours and luxury transfers in Spain\",\"publisher\":{\"@id\":\"https:\/\/tourtravelandmore.com\/fr\/#organization\"},\"potentialAction\":[{\"@type\":\"SearchAction\",\"target\":{\"@type\":\"EntryPoint\",\"urlTemplate\":\"https:\/\/tourtravelandmore.com\/fr\/?s={search_term_string}\"},\"query-input\":{\"@type\":\"PropertyValueSpecification\",\"valueRequired\":true,\"valueName\":\"search_term_string\"}}],\"inLanguage\":\"fr-FR\"},{\"@type\":\"Organization\",\"@id\":\"https:\/\/tourtravelandmore.com\/fr\/#organization\",\"name\":\"Tour Travel And More\",\"url\":\"https:\/\/tourtravelandmore.com\/fr\/\",\"logo\":{\"@type\":\"ImageObject\",\"inLanguage\":\"fr-FR\",\"@id\":\"https:\/\/tourtravelandmore.com\/fr\/#\/schema\/logo\/image\/\",\"url\":\"https:\/\/tourtravelandmore.com\/wp-content\/uploads\/2022\/12\/cropped-logo-cabecera-new.png\",\"contentUrl\":\"https:\/\/tourtravelandmore.com\/wp-content\/uploads\/2022\/12\/cropped-logo-cabecera-new.png\",\"width\":430,\"height\":61,\"caption\":\"Tour Travel And More\"},\"image\":{\"@id\":\"https:\/\/tourtravelandmore.com\/fr\/#\/schema\/logo\/image\/\"},\"sameAs\":[\"https:\/\/www.facebook.com\/tourtravelandmore\/\",\"https:\/\/x.com\/TourTravel_More\"]}]}<\/script>\n<!-- \/ Yoast SEO Premium plugin. -->","yoast_head_json":{"title":"Visite priv\u00e9e d'un vignoble au d\u00e9part de Francfort | TourTravel&More","description":"\u2192D\u00e9couvrez la merveilleuse ville de Francfort lors de cette visite priv\u00e9e du vignoble. Vous apprendrez l'histoire de la ville et d\u00e9gusterez le meilleur vin \u2705.","robots":{"index":"index","follow":"follow","max-snippet":"max-snippet:-1","max-image-preview":"max-image-preview:large","max-video-preview":"max-video-preview:-1"},"canonical":"https:\/\/tourtravelandmore.com\/fr\/tours\/allemagne-fr\/frankfurt-fr\/all-private-tours-and-activities-fr-4\/excursion-privee-dans-les-vignobles-de-la-vallee-du-rhin-au-depart-de-francfort\/","og_locale":"fr_FR","og_type":"article","og_title":"Excursion priv\u00e9e dans les vignobles de la vall\u00e9e du Rhin au d\u00e9part de Francfort","og_description":"\u2192D\u00e9couvrez la merveilleuse ville de Francfort lors de cette visite priv\u00e9e du vignoble. Vous apprendrez l'histoire de la ville et d\u00e9gusterez le meilleur vin \u2705.","og_url":"https:\/\/tourtravelandmore.com\/fr\/tours\/allemagne-fr\/frankfurt-fr\/all-private-tours-and-activities-fr-4\/excursion-privee-dans-les-vignobles-de-la-vallee-du-rhin-au-depart-de-francfort\/","og_site_name":"Tour Travel And More","article_publisher":"https:\/\/www.facebook.com\/tourtravelandmore\/","article_modified_time":"2023-02-03T15:27:55+00:00","og_image":[{"width":2200,"height":1467,"url":"https:\/\/tourtravelandmore.com\/wp-content\/uploads\/2022\/12\/pexels-pixabay-51947.jpg","type":"image\/jpeg"}],"twitter_card":"summary_large_image","twitter_site":"@TourTravel_More","twitter_misc":{"Dur\u00e9e de lecture estim\u00e9e":"2 minutes"},"schema":{"@context":"https:\/\/schema.org","@graph":[{"@type":"WebPage","@id":"https:\/\/tourtravelandmore.com\/fr\/tours\/allemagne-fr\/frankfurt-fr\/all-private-tours-and-activities-fr-4\/excursion-privee-dans-les-vignobles-de-la-vallee-du-rhin-au-depart-de-francfort\/","url":"https:\/\/tourtravelandmore.com\/fr\/tours\/allemagne-fr\/frankfurt-fr\/all-private-tours-and-activities-fr-4\/excursion-privee-dans-les-vignobles-de-la-vallee-du-rhin-au-depart-de-francfort\/","name":"Visite priv\u00e9e d'un vignoble au d\u00e9part de Francfort | TourTravel&More","isPartOf":{"@id":"https:\/\/tourtravelandmore.com\/fr\/#website"},"primaryImageOfPage":{"@id":"https:\/\/tourtravelandmore.com\/fr\/tours\/allemagne-fr\/frankfurt-fr\/all-private-tours-and-activities-fr-4\/excursion-privee-dans-les-vignobles-de-la-vallee-du-rhin-au-depart-de-francfort\/#primaryimage"},"image":{"@id":"https:\/\/tourtravelandmore.com\/fr\/tours\/allemagne-fr\/frankfurt-fr\/all-private-tours-and-activities-fr-4\/excursion-privee-dans-les-vignobles-de-la-vallee-du-rhin-au-depart-de-francfort\/#primaryimage"},"thumbnailUrl":"https:\/\/tourtravelandmore.com\/wp-content\/uploads\/2022\/12\/pexels-pixabay-51947.jpg","datePublished":"2022-12-21T16:14:42+00:00","dateModified":"2023-02-03T15:27:55+00:00","description":"\u2192D\u00e9couvrez la merveilleuse ville de Francfort lors de cette visite priv\u00e9e du vignoble. Vous apprendrez l'histoire de la ville et d\u00e9gusterez le meilleur vin \u2705.","breadcrumb":{"@id":"https:\/\/tourtravelandmore.com\/fr\/tours\/allemagne-fr\/frankfurt-fr\/all-private-tours-and-activities-fr-4\/excursion-privee-dans-les-vignobles-de-la-vallee-du-rhin-au-depart-de-francfort\/#breadcrumb"},"inLanguage":"fr-FR","potentialAction":[{"@type":"ReadAction","target":["https:\/\/tourtravelandmore.com\/fr\/tours\/allemagne-fr\/frankfurt-fr\/all-private-tours-and-activities-fr-4\/excursion-privee-dans-les-vignobles-de-la-vallee-du-rhin-au-depart-de-francfort\/"]}]},{"@type":"ImageObject","inLanguage":"fr-FR","@id":"https:\/\/tourtravelandmore.com\/fr\/tours\/allemagne-fr\/frankfurt-fr\/all-private-tours-and-activities-fr-4\/excursion-privee-dans-les-vignobles-de-la-vallee-du-rhin-au-depart-de-francfort\/#primaryimage","url":"https:\/\/tourtravelandmore.com\/wp-content\/uploads\/2022\/12\/pexels-pixabay-51947.jpg","contentUrl":"https:\/\/tourtravelandmore.com\/wp-content\/uploads\/2022\/12\/pexels-pixabay-51947.jpg","width":2200,"height":1467},{"@type":"BreadcrumbList","@id":"https:\/\/tourtravelandmore.com\/fr\/tours\/allemagne-fr\/frankfurt-fr\/all-private-tours-and-activities-fr-4\/excursion-privee-dans-les-vignobles-de-la-vallee-du-rhin-au-depart-de-francfort\/#breadcrumb","itemListElement":[{"@type":"ListItem","position":1,"name":"Home","item":"https:\/\/tourtravelandmore.com\/fr\/"},{"@type":"ListItem","position":2,"name":"Tours","item":"https:\/\/tourtravelandmore.com\/fr\/tours\/"},{"@type":"ListItem","position":3,"name":"Excursion priv\u00e9e dans les vignobles de la vall\u00e9e du Rhin au d\u00e9part de Francfort"}]},{"@type":"WebSite","@id":"https:\/\/tourtravelandmore.com\/fr\/#website","url":"https:\/\/tourtravelandmore.com\/fr\/","name":"Tour Travel And More","description":"Private sightseeing tours and luxury transfers in Spain","publisher":{"@id":"https:\/\/tourtravelandmore.com\/fr\/#organization"},"potentialAction":[{"@type":"SearchAction","target":{"@type":"EntryPoint","urlTemplate":"https:\/\/tourtravelandmore.com\/fr\/?s={search_term_string}"},"query-input":{"@type":"PropertyValueSpecification","valueRequired":true,"valueName":"search_term_string"}}],"inLanguage":"fr-FR"},{"@type":"Organization","@id":"https:\/\/tourtravelandmore.com\/fr\/#organization","name":"Tour Travel And More","url":"https:\/\/tourtravelandmore.com\/fr\/","logo":{"@type":"ImageObject","inLanguage":"fr-FR","@id":"https:\/\/tourtravelandmore.com\/fr\/#\/schema\/logo\/image\/","url":"https:\/\/tourtravelandmore.com\/wp-content\/uploads\/2022\/12\/cropped-logo-cabecera-new.png","contentUrl":"https:\/\/tourtravelandmore.com\/wp-content\/uploads\/2022\/12\/cropped-logo-cabecera-new.png","width":430,"height":61,"caption":"Tour Travel And More"},"image":{"@id":"https:\/\/tourtravelandmore.com\/fr\/#\/schema\/logo\/image\/"},"sameAs":["https:\/\/www.facebook.com\/tourtravelandmore\/","https:\/\/x.com\/TourTravel_More"]}]}},"_links":{"self":[{"href":"https:\/\/tourtravelandmore.com\/fr\/wp-json\/wp\/v2\/product\/147419","targetHints":{"allow":["GET"]}}],"collection":[{"href":"https:\/\/tourtravelandmore.com\/fr\/wp-json\/wp\/v2\/product"}],"about":[{"href":"https:\/\/tourtravelandmore.com\/fr\/wp-json\/wp\/v2\/types\/product"}],"replies":[{"embeddable":true,"href":"https:\/\/tourtravelandmore.com\/fr\/wp-json\/wp\/v2\/comments?post=147419"}],"wp:featuredmedia":[{"embeddable":true,"href":"https:\/\/tourtravelandmore.com\/fr\/wp-json\/wp\/v2\/media\/147459"}],"wp:attachment":[{"href":"https:\/\/tourtravelandmore.com\/fr\/wp-json\/wp\/v2\/media?parent=147419"}],"wp:term":[{"taxonomy":"product_brand","embeddable":true,"href":"https:\/\/tourtravelandmore.com\/fr\/wp-json\/wp\/v2\/product_brand?post=147419"},{"taxonomy":"product_cat","embeddable":true,"href":"https:\/\/tourtravelandmore.com\/fr\/wp-json\/wp\/v2\/product_cat?post=147419"},{"taxonomy":"product_tag","embeddable":true,"href":"https:\/\/tourtravelandmore.com\/fr\/wp-json\/wp\/v2\/product_tag?post=147419"}],"curies":[{"name":"wp","href":"https:\/\/api.w.org\/{rel}","templated":true}]}}