{"id":145997,"date":"2022-12-02T18:59:56","date_gmt":"2022-12-02T18:00:05","guid":{"rendered":"https:\/\/tourtravelandmore.com\/?post_type=product&#038;p=145997"},"modified":"2022-12-02T19:12:10","modified_gmt":"2022-12-02T18:12:10","slug":"transfert-prive-de-laeroport-dalexandrie-a-lhotel","status":"publish","type":"product","link":"https:\/\/tourtravelandmore.com\/fr\/tours\/egypte-fr\/alexandria-fr\/transfert-prive-de-laeroport-dalexandrie-a-lhotel\/","title":{"rendered":"Transfert priv\u00e9 de l&#8217;a\u00e9roport d&#8217;Alexandrie \u00e0 l&#8217;h\u00f4tel"},"content":{"rendered":"<h2>Description:<\/h2>\n<p>Laissez-nous organiser votre transport dans l&#8217;un de nos v\u00e9hicules <strong>priv\u00e9s<\/strong> avec notre<strong> transfert priv\u00e9 d&#8217;Alexandrie <\/strong>. Nous vous proposons le moyen le plus rapide et le plus simple d&#8217;atteindre votre destination finale.<\/p>\n<p>Nos chauffeurs professionnels sont \u00e0 votre enti\u00e8re disposition. Nous proposons tous types de transferts tels que <strong>l&#8217;a\u00e9roport<\/strong>, <strong>le port de croisi\u00e8re Sa\u00efd<\/strong> ou les transferts vers toute autre ville ou lieu \u00e0 proximit\u00e9.<\/p>\n<p>En cas de transfert \u00e0 <strong>l&#8217;arriv\u00e9e<\/strong>, votre chauffeur vous attendra dans le terminal des arriv\u00e9es avec une pancarte avec votre nom dessus. Sinon, notre transfert priv\u00e9 au Alexandriepeut commencer \u00e0 partir de votre h\u00f4tel ou du lieu de votre choix dans la ville.<\/p>\n<p>Nous pouvons vous emmener \u00e0 votre h\u00f4tel au Alexandrie ou \u00e0 tout site environnant tel que le port de croisi\u00e8re de Sa\u00efd.<\/p>\n<p>Nous avons plusieurs options de visites priv\u00e9es au Alexandrie et au Alexandrie, jetez un \u0153il \u00e0 notre liste de visites priv\u00e9es et d&#8217;itin\u00e9raires priv\u00e9s de plusieurs jours.<\/p>\n<h2>Sites d&#8217;int\u00e9r\u00eat et points de rep\u00e8re<\/h2>\n<p><strong>Alexandrie<\/strong> est une ville du nord de <strong>l&#8217;\u00c9gypte<\/strong>, dans la partie la plus occidentale du delta du Nil, sur une colline qui s\u00e9pare le lac Mariout de la mer M\u00e9diterran\u00e9e. C&#8217;est la capitale du gouvernorat du m\u00eame nom et le principal port du pays. C&#8217;est \u00e9galement la deuxi\u00e8me ville la plus importante <strong>d&#8217;\u00c9gypte<\/strong> apr\u00e8s le <strong>Caire<\/strong>. Fond\u00e9e par Alexandre le Grand en 331 avant J.-C. dans une r\u00e9gion portuaire strat\u00e9gique, elle est rapidement devenue le centre culturel du monde antique.<\/p>\n<p>Nous proposons des transferts pour les groupes priv\u00e9s et m\u00eame des incentives et grands groupes. L&#8217;ensemble de nos prestations est r\u00e9alis\u00e9 sur mesure et agenc\u00e9 selon les envies de nos clients.<\/p>\n<p>Il vous suffit de nous contacter, nous organiserons votre transfert de la meilleure fa\u00e7on possible.<\/p>\n<p>Nous ne limitons pas le nombre de <strong>bagages<\/strong>. Mais nous vous demandons d\u2019indiquer le nombre de bagages avec lesquels vous voyagerez uniquement pour des raisons logistiques. Parfois, un v\u00e9hicule plus gros peut \u00eatre n\u00e9cessaire et des frais suppl\u00e9mentaires peuvent s&#8217;appliquer.<\/p>\n<p>Si vous avez besoin d&#8217;un si\u00e8ge b\u00e9b\u00e9 ou d&#8217;un si\u00e8ge enfant, veuillez nous contacter avant votre vol ou votre transfert <strong>priv\u00e9 afin de l&#8217;organiser correctement.<\/strong><\/p>\n","protected":false},"excerpt":{"rendered":"<p>Profitez de cette occasion pour profiter de cette fa\u00e7on confortable d&#8217;arriver \u00e0 votre destination finale au Caire. Nos chauffeurs priv\u00e9s sont \u00e0 votre enti\u00e8re disposition.<\/p>\n","protected":false},"featured_media":144328,"comment_status":"open","ping_status":"closed","template":"","meta":{"_acf_changed":false},"product_brand":[],"product_cat":[3747,4054],"product_tag":[],"class_list":{"0":"post-145997","1":"product","2":"type-product","3":"status-publish","4":"has-post-thumbnail","6":"product_cat-egypte-fr","7":"product_cat-alexandria-fr","9":"first","10":"instock","11":"shipping-taxable","12":"purchasable","13":"product-type-simple"},"acf":[],"yoast_head":"<!-- This site is optimized with the Yoast SEO Premium plugin v25.3.1 (Yoast SEO v25.3.1) - https:\/\/yoast.com\/wordpress\/plugins\/seo\/ -->\n<title>Transfert priv\u00e9 de l&#039;a\u00e9roport d&#039;Alexandrie \u00e0 l&#039;h\u00f4tel | TourTravel&amp;More<\/title>\n<meta name=\"description\" content=\"Nous vous proposons le moyen le plus rapide et le plus simple d&#039;atteindre votre destination finale au Alexandrie. Profitez d&#039;une exp\u00e9rience relaxante dans nos v\u00e9hicules priv\u00e9s.\" \/>\n<meta name=\"robots\" content=\"index, follow, max-snippet:-1, max-image-preview:large, max-video-preview:-1\" \/>\n<link rel=\"canonical\" href=\"https:\/\/tourtravelandmore.com\/fr\/tours\/egypte-fr\/alexandria-fr\/transfert-prive-de-laeroport-dalexandrie-a-lhotel\/\" \/>\n<meta property=\"og:locale\" content=\"fr_FR\" \/>\n<meta property=\"og:type\" content=\"article\" \/>\n<meta property=\"og:title\" content=\"Transfert priv\u00e9 de l&#039;a\u00e9roport d&#039;Alexandrie \u00e0 l&#039;h\u00f4tel\" \/>\n<meta property=\"og:description\" content=\"Nous vous proposons le moyen le plus rapide et le plus simple d&#039;atteindre votre destination finale au Alexandrie. Profitez d&#039;une exp\u00e9rience relaxante dans nos v\u00e9hicules priv\u00e9s.\" \/>\n<meta property=\"og:url\" content=\"https:\/\/tourtravelandmore.com\/fr\/tours\/egypte-fr\/alexandria-fr\/transfert-prive-de-laeroport-dalexandrie-a-lhotel\/\" \/>\n<meta property=\"og:site_name\" content=\"Tour Travel And More\" \/>\n<meta property=\"article:publisher\" content=\"https:\/\/www.facebook.com\/tourtravelandmore\/\" \/>\n<meta property=\"article:modified_time\" content=\"2022-12-02T18:12:10+00:00\" \/>\n<meta property=\"og:image\" content=\"https:\/\/tourtravelandmore.com\/wp-content\/uploads\/2022\/11\/RT_V_dea56daf0d1646619b18dbf555170ff7.jpg\" \/>\n\t<meta property=\"og:image:width\" content=\"480\" \/>\n\t<meta property=\"og:image:height\" content=\"360\" \/>\n\t<meta property=\"og:image:type\" content=\"image\/jpeg\" \/>\n<meta name=\"twitter:card\" content=\"summary_large_image\" \/>\n<meta name=\"twitter:site\" content=\"@TourTravel_More\" \/>\n<meta name=\"twitter:label1\" content=\"Dur\u00e9e de lecture estim\u00e9e\" \/>\n\t<meta name=\"twitter:data1\" content=\"2 minutes\" \/>\n<script type=\"application\/ld+json\" class=\"yoast-schema-graph\">{\"@context\":\"https:\/\/schema.org\",\"@graph\":[{\"@type\":\"WebPage\",\"@id\":\"https:\/\/tourtravelandmore.com\/fr\/tours\/egypte-fr\/alexandria-fr\/transfert-prive-de-laeroport-dalexandrie-a-lhotel\/\",\"url\":\"https:\/\/tourtravelandmore.com\/fr\/tours\/egypte-fr\/alexandria-fr\/transfert-prive-de-laeroport-dalexandrie-a-lhotel\/\",\"name\":\"Transfert priv\u00e9 de l'a\u00e9roport d'Alexandrie \u00e0 l'h\u00f4tel | TourTravel&More\",\"isPartOf\":{\"@id\":\"https:\/\/tourtravelandmore.com\/fr\/#website\"},\"primaryImageOfPage\":{\"@id\":\"https:\/\/tourtravelandmore.com\/fr\/tours\/egypte-fr\/alexandria-fr\/transfert-prive-de-laeroport-dalexandrie-a-lhotel\/#primaryimage\"},\"image\":{\"@id\":\"https:\/\/tourtravelandmore.com\/fr\/tours\/egypte-fr\/alexandria-fr\/transfert-prive-de-laeroport-dalexandrie-a-lhotel\/#primaryimage\"},\"thumbnailUrl\":\"https:\/\/tourtravelandmore.com\/wp-content\/uploads\/2022\/11\/RT_V_dea56daf0d1646619b18dbf555170ff7.jpg\",\"datePublished\":\"2022-12-02T18:00:05+00:00\",\"dateModified\":\"2022-12-02T18:12:10+00:00\",\"description\":\"Nous vous proposons le moyen le plus rapide et le plus simple d'atteindre votre destination finale au Alexandrie. Profitez d'une exp\u00e9rience relaxante dans nos v\u00e9hicules priv\u00e9s.\",\"breadcrumb\":{\"@id\":\"https:\/\/tourtravelandmore.com\/fr\/tours\/egypte-fr\/alexandria-fr\/transfert-prive-de-laeroport-dalexandrie-a-lhotel\/#breadcrumb\"},\"inLanguage\":\"fr-FR\",\"potentialAction\":[{\"@type\":\"ReadAction\",\"target\":[\"https:\/\/tourtravelandmore.com\/fr\/tours\/egypte-fr\/alexandria-fr\/transfert-prive-de-laeroport-dalexandrie-a-lhotel\/\"]}]},{\"@type\":\"ImageObject\",\"inLanguage\":\"fr-FR\",\"@id\":\"https:\/\/tourtravelandmore.com\/fr\/tours\/egypte-fr\/alexandria-fr\/transfert-prive-de-laeroport-dalexandrie-a-lhotel\/#primaryimage\",\"url\":\"https:\/\/tourtravelandmore.com\/wp-content\/uploads\/2022\/11\/RT_V_dea56daf0d1646619b18dbf555170ff7.jpg\",\"contentUrl\":\"https:\/\/tourtravelandmore.com\/wp-content\/uploads\/2022\/11\/RT_V_dea56daf0d1646619b18dbf555170ff7.jpg\",\"width\":480,\"height\":360,\"caption\":\"Private Transfers from Alexandria to Cairo\"},{\"@type\":\"BreadcrumbList\",\"@id\":\"https:\/\/tourtravelandmore.com\/fr\/tours\/egypte-fr\/alexandria-fr\/transfert-prive-de-laeroport-dalexandrie-a-lhotel\/#breadcrumb\",\"itemListElement\":[{\"@type\":\"ListItem\",\"position\":1,\"name\":\"Home\",\"item\":\"https:\/\/tourtravelandmore.com\/fr\/\"},{\"@type\":\"ListItem\",\"position\":2,\"name\":\"Tours\",\"item\":\"https:\/\/tourtravelandmore.com\/fr\/tours\/\"},{\"@type\":\"ListItem\",\"position\":3,\"name\":\"Transfert priv\u00e9 de l&rsquo;a\u00e9roport d&rsquo;Alexandrie \u00e0 l&rsquo;h\u00f4tel\"}]},{\"@type\":\"WebSite\",\"@id\":\"https:\/\/tourtravelandmore.com\/fr\/#website\",\"url\":\"https:\/\/tourtravelandmore.com\/fr\/\",\"name\":\"Tour Travel And More\",\"description\":\"Private sightseeing tours and luxury transfers in Spain\",\"publisher\":{\"@id\":\"https:\/\/tourtravelandmore.com\/fr\/#organization\"},\"potentialAction\":[{\"@type\":\"SearchAction\",\"target\":{\"@type\":\"EntryPoint\",\"urlTemplate\":\"https:\/\/tourtravelandmore.com\/fr\/?s={search_term_string}\"},\"query-input\":{\"@type\":\"PropertyValueSpecification\",\"valueRequired\":true,\"valueName\":\"search_term_string\"}}],\"inLanguage\":\"fr-FR\"},{\"@type\":\"Organization\",\"@id\":\"https:\/\/tourtravelandmore.com\/fr\/#organization\",\"name\":\"Tour Travel And More\",\"url\":\"https:\/\/tourtravelandmore.com\/fr\/\",\"logo\":{\"@type\":\"ImageObject\",\"inLanguage\":\"fr-FR\",\"@id\":\"https:\/\/tourtravelandmore.com\/fr\/#\/schema\/logo\/image\/\",\"url\":\"https:\/\/tourtravelandmore.com\/wp-content\/uploads\/2022\/12\/cropped-logo-cabecera-new.png\",\"contentUrl\":\"https:\/\/tourtravelandmore.com\/wp-content\/uploads\/2022\/12\/cropped-logo-cabecera-new.png\",\"width\":430,\"height\":61,\"caption\":\"Tour Travel And More\"},\"image\":{\"@id\":\"https:\/\/tourtravelandmore.com\/fr\/#\/schema\/logo\/image\/\"},\"sameAs\":[\"https:\/\/www.facebook.com\/tourtravelandmore\/\",\"https:\/\/x.com\/TourTravel_More\"]}]}<\/script>\n<!-- \/ Yoast SEO Premium plugin. -->","yoast_head_json":{"title":"Transfert priv\u00e9 de l'a\u00e9roport d'Alexandrie \u00e0 l'h\u00f4tel | TourTravel&More","description":"Nous vous proposons le moyen le plus rapide et le plus simple d'atteindre votre destination finale au Alexandrie. Profitez d'une exp\u00e9rience relaxante dans nos v\u00e9hicules priv\u00e9s.","robots":{"index":"index","follow":"follow","max-snippet":"max-snippet:-1","max-image-preview":"max-image-preview:large","max-video-preview":"max-video-preview:-1"},"canonical":"https:\/\/tourtravelandmore.com\/fr\/tours\/egypte-fr\/alexandria-fr\/transfert-prive-de-laeroport-dalexandrie-a-lhotel\/","og_locale":"fr_FR","og_type":"article","og_title":"Transfert priv\u00e9 de l'a\u00e9roport d'Alexandrie \u00e0 l'h\u00f4tel","og_description":"Nous vous proposons le moyen le plus rapide et le plus simple d'atteindre votre destination finale au Alexandrie. Profitez d'une exp\u00e9rience relaxante dans nos v\u00e9hicules priv\u00e9s.","og_url":"https:\/\/tourtravelandmore.com\/fr\/tours\/egypte-fr\/alexandria-fr\/transfert-prive-de-laeroport-dalexandrie-a-lhotel\/","og_site_name":"Tour Travel And More","article_publisher":"https:\/\/www.facebook.com\/tourtravelandmore\/","article_modified_time":"2022-12-02T18:12:10+00:00","og_image":[{"width":480,"height":360,"url":"https:\/\/tourtravelandmore.com\/wp-content\/uploads\/2022\/11\/RT_V_dea56daf0d1646619b18dbf555170ff7.jpg","type":"image\/jpeg"}],"twitter_card":"summary_large_image","twitter_site":"@TourTravel_More","twitter_misc":{"Dur\u00e9e de lecture estim\u00e9e":"2 minutes"},"schema":{"@context":"https:\/\/schema.org","@graph":[{"@type":"WebPage","@id":"https:\/\/tourtravelandmore.com\/fr\/tours\/egypte-fr\/alexandria-fr\/transfert-prive-de-laeroport-dalexandrie-a-lhotel\/","url":"https:\/\/tourtravelandmore.com\/fr\/tours\/egypte-fr\/alexandria-fr\/transfert-prive-de-laeroport-dalexandrie-a-lhotel\/","name":"Transfert priv\u00e9 de l'a\u00e9roport d'Alexandrie \u00e0 l'h\u00f4tel | TourTravel&More","isPartOf":{"@id":"https:\/\/tourtravelandmore.com\/fr\/#website"},"primaryImageOfPage":{"@id":"https:\/\/tourtravelandmore.com\/fr\/tours\/egypte-fr\/alexandria-fr\/transfert-prive-de-laeroport-dalexandrie-a-lhotel\/#primaryimage"},"image":{"@id":"https:\/\/tourtravelandmore.com\/fr\/tours\/egypte-fr\/alexandria-fr\/transfert-prive-de-laeroport-dalexandrie-a-lhotel\/#primaryimage"},"thumbnailUrl":"https:\/\/tourtravelandmore.com\/wp-content\/uploads\/2022\/11\/RT_V_dea56daf0d1646619b18dbf555170ff7.jpg","datePublished":"2022-12-02T18:00:05+00:00","dateModified":"2022-12-02T18:12:10+00:00","description":"Nous vous proposons le moyen le plus rapide et le plus simple d'atteindre votre destination finale au Alexandrie. Profitez d'une exp\u00e9rience relaxante dans nos v\u00e9hicules priv\u00e9s.","breadcrumb":{"@id":"https:\/\/tourtravelandmore.com\/fr\/tours\/egypte-fr\/alexandria-fr\/transfert-prive-de-laeroport-dalexandrie-a-lhotel\/#breadcrumb"},"inLanguage":"fr-FR","potentialAction":[{"@type":"ReadAction","target":["https:\/\/tourtravelandmore.com\/fr\/tours\/egypte-fr\/alexandria-fr\/transfert-prive-de-laeroport-dalexandrie-a-lhotel\/"]}]},{"@type":"ImageObject","inLanguage":"fr-FR","@id":"https:\/\/tourtravelandmore.com\/fr\/tours\/egypte-fr\/alexandria-fr\/transfert-prive-de-laeroport-dalexandrie-a-lhotel\/#primaryimage","url":"https:\/\/tourtravelandmore.com\/wp-content\/uploads\/2022\/11\/RT_V_dea56daf0d1646619b18dbf555170ff7.jpg","contentUrl":"https:\/\/tourtravelandmore.com\/wp-content\/uploads\/2022\/11\/RT_V_dea56daf0d1646619b18dbf555170ff7.jpg","width":480,"height":360,"caption":"Private Transfers from Alexandria to Cairo"},{"@type":"BreadcrumbList","@id":"https:\/\/tourtravelandmore.com\/fr\/tours\/egypte-fr\/alexandria-fr\/transfert-prive-de-laeroport-dalexandrie-a-lhotel\/#breadcrumb","itemListElement":[{"@type":"ListItem","position":1,"name":"Home","item":"https:\/\/tourtravelandmore.com\/fr\/"},{"@type":"ListItem","position":2,"name":"Tours","item":"https:\/\/tourtravelandmore.com\/fr\/tours\/"},{"@type":"ListItem","position":3,"name":"Transfert priv\u00e9 de l&rsquo;a\u00e9roport d&rsquo;Alexandrie \u00e0 l&rsquo;h\u00f4tel"}]},{"@type":"WebSite","@id":"https:\/\/tourtravelandmore.com\/fr\/#website","url":"https:\/\/tourtravelandmore.com\/fr\/","name":"Tour Travel And More","description":"Private sightseeing tours and luxury transfers in Spain","publisher":{"@id":"https:\/\/tourtravelandmore.com\/fr\/#organization"},"potentialAction":[{"@type":"SearchAction","target":{"@type":"EntryPoint","urlTemplate":"https:\/\/tourtravelandmore.com\/fr\/?s={search_term_string}"},"query-input":{"@type":"PropertyValueSpecification","valueRequired":true,"valueName":"search_term_string"}}],"inLanguage":"fr-FR"},{"@type":"Organization","@id":"https:\/\/tourtravelandmore.com\/fr\/#organization","name":"Tour Travel And More","url":"https:\/\/tourtravelandmore.com\/fr\/","logo":{"@type":"ImageObject","inLanguage":"fr-FR","@id":"https:\/\/tourtravelandmore.com\/fr\/#\/schema\/logo\/image\/","url":"https:\/\/tourtravelandmore.com\/wp-content\/uploads\/2022\/12\/cropped-logo-cabecera-new.png","contentUrl":"https:\/\/tourtravelandmore.com\/wp-content\/uploads\/2022\/12\/cropped-logo-cabecera-new.png","width":430,"height":61,"caption":"Tour Travel And More"},"image":{"@id":"https:\/\/tourtravelandmore.com\/fr\/#\/schema\/logo\/image\/"},"sameAs":["https:\/\/www.facebook.com\/tourtravelandmore\/","https:\/\/x.com\/TourTravel_More"]}]}},"_links":{"self":[{"href":"https:\/\/tourtravelandmore.com\/fr\/wp-json\/wp\/v2\/product\/145997","targetHints":{"allow":["GET"]}}],"collection":[{"href":"https:\/\/tourtravelandmore.com\/fr\/wp-json\/wp\/v2\/product"}],"about":[{"href":"https:\/\/tourtravelandmore.com\/fr\/wp-json\/wp\/v2\/types\/product"}],"replies":[{"embeddable":true,"href":"https:\/\/tourtravelandmore.com\/fr\/wp-json\/wp\/v2\/comments?post=145997"}],"wp:featuredmedia":[{"embeddable":true,"href":"https:\/\/tourtravelandmore.com\/fr\/wp-json\/wp\/v2\/media\/144328"}],"wp:attachment":[{"href":"https:\/\/tourtravelandmore.com\/fr\/wp-json\/wp\/v2\/media?parent=145997"}],"wp:term":[{"taxonomy":"product_brand","embeddable":true,"href":"https:\/\/tourtravelandmore.com\/fr\/wp-json\/wp\/v2\/product_brand?post=145997"},{"taxonomy":"product_cat","embeddable":true,"href":"https:\/\/tourtravelandmore.com\/fr\/wp-json\/wp\/v2\/product_cat?post=145997"},{"taxonomy":"product_tag","embeddable":true,"href":"https:\/\/tourtravelandmore.com\/fr\/wp-json\/wp\/v2\/product_tag?post=145997"}],"curies":[{"name":"wp","href":"https:\/\/api.w.org\/{rel}","templated":true}]}}