{"id":145745,"date":"2022-11-30T16:46:28","date_gmt":"2022-11-30T15:46:35","guid":{"rendered":"https:\/\/tourtravelandmore.com\/?post_type=product&#038;p=145745"},"modified":"2022-12-21T15:58:14","modified_gmt":"2022-12-21T14:58:14","slug":"visite-privee-dun-musee-a-louxor-musee-de-louxor-et-musee-de-la-momification","status":"publish","type":"product","link":"https:\/\/tourtravelandmore.com\/fr\/tours\/egypte-fr\/aswan-luxor-fr\/visite-privee-dun-musee-a-louxor-musee-de-louxor-et-musee-de-la-momification\/","title":{"rendered":"Visite priv\u00e9e d&#8217;un mus\u00e9e \u00e0 Louxor : Mus\u00e9e de Louxor et Mus\u00e9e de la momification"},"content":{"rendered":"<h2>Visite priv\u00e9e d&#8217;un mus\u00e9e \u00e0 Louxor : Mus\u00e9e de Louxor et Mus\u00e9e de la momification<\/h2>\n<p>D\u00e9couvrez deux des principaux monuments de l&#8217;\u00c9gypte ancienne lors de cette visite guid\u00e9e d&#8217;une journ\u00e9e au d\u00e9part de Louxor, en compagnie d&#8217;un guide touristique local agr\u00e9\u00e9 et de votre chauffeur priv\u00e9. Profitez de notre<strong> visite priv\u00e9e des mus\u00e9es de Louxor : Mus\u00e9e de Louxor et Mus\u00e9e de la momification.<\/strong> Vous explorerez divers points de rep\u00e8re de l&#8217;une des plus grandes civilisations ayant exist\u00e9 sur notre plan\u00e8te.<\/p>\n<p>Tout d&#8217;abord, votre <strong>chauffeur<\/strong> <strong>priv\u00e9<\/strong> et votre <strong>guide<\/strong> <strong>officiel<\/strong> viendront vous chercher \u00e0 l&#8217;endroit de votre choix \u00e0 Louxor. Vous commencerez ensuite votre visite de cette magnifique ville.<\/p>\n<p><strong>La visite est 100% ajustable<\/strong> \u00e0 vos propres souhaits et int\u00e9r\u00eats. Nos guides et chauffeurs sont \u00e0 votre disposition. Nous coordonnerons vos droits d&#8217;entr\u00e9e \u00e0 l&#8217;avance. Si vous visitez l&#8217;\u00c9gypte pendant plus de jours, vous pouvez <strong><a href=\"https:\/\/tourtravelandmore.com\/fr\/city\/egypte-fr\/aswan-luxor-fr\/\">consulter nos itin\u00e9raires priv\u00e9s.<\/a><\/strong><\/p>\n<h2>Sites d&#8217;int\u00e9r\u00eat et points de rep\u00e8re<\/h2>\n<p><a href=\"https:\/\/es.wikipedia.org\/wiki\/Luxor\"><strong>Louxor<\/strong> <\/a>est une ville situ\u00e9e sur la rive orientale du Nil, dans le sud de l&#8217;\u00c9gypte. Il se trouve sur le site de l&#8217;ancienne Th\u00e8bes, la capitale des pharaons \u00e0 l&#8217;apog\u00e9e de leur puissance, du <strong>16e<\/strong> au <strong>11e<\/strong> si\u00e8cle avant J\u00e9sus-Christ. La ville d&#8217;aujourd&#8217;hui entoure deux monuments antiques massifs qui ont surv\u00e9cu : l&#8217;\u00e9l\u00e9gant temple de Louxor et le temple de Karnak, \u00e0 un kilom\u00e8tre au nord. Les tombes royales de la <strong>Vall\u00e9e<\/strong> des <strong>Rois<\/strong> et de la <strong>Vall\u00e9e<\/strong> des <strong>Reines<\/strong>se trouvent sur la rive ouest du fleuve.<\/p>\n<p>Visitez les sites les plus merveilleux d&#8217;\u00c9gypte lors d&#8217;une visite priv\u00e9e des mus\u00e9es de Louxor : le mus\u00e9e de Louxor et le mus\u00e9e de la momification. Vous visiterez cette belle ville et le site historique du temple de Karnak. L\u00e0, votre guide officiel priv\u00e9 vous enseignera l&#8217;histoire et la culture de cette ancienne civilisation.<\/p>\n<p>Le mus\u00e9e de Louxor a \u00e9t\u00e9 inaugur\u00e9 en 1975. La gamme d&#8217;objets expos\u00e9s est beaucoup plus restreinte que les principales collections du pays au Mus\u00e9e \u00e9gyptien du Caire ; toutefois, c&#8217;\u00e9tait d\u00e9lib\u00e9r\u00e9, car le mus\u00e9e s&#8217;enorgueillit de la qualit\u00e9 des pi\u00e8ces qu&#8217;il d\u00e9tient, de la mani\u00e8re \u00e9pur\u00e9e dont elles sont expos\u00e9es et de l&#8217;\u00e9tiquetage multilingue clair utilis\u00e9.<\/p>\n<p>Le mus\u00e9e de la momification est un mus\u00e9e arch\u00e9ologique situ\u00e9 \u00e0 Louxor, en Haute-\u00c9gypte. Inaugur\u00e9 en 1997, son nom fait r\u00e9f\u00e9rence au th\u00e8me central du mus\u00e9e, car il ne pouvait en \u00eatre autrement. \u00c0 l&#8217;int\u00e9rieur, vous pourrez visiter une immense collection de momies de toutes sortes qui \u00e9blouiront votre visage, vous emprisonnant dans chaque sp\u00e9cimen.<\/p>\n<p>\u00c0 la fin de votre visite priv\u00e9e de Louxor, votre chauffeur et votre guide vous ram\u00e8neront \u00e0 votre h\u00f4tel ou \u00e0 l&#8217;endroit souhait\u00e9 \u00e0 Louxor.<\/p>\n","protected":false},"excerpt":{"rendered":"<p>D\u00e9couvrez deux des principaux monuments de l&#8217;\u00c9gypte ancienne lors de cette visite guid\u00e9e d&#8217;une journ\u00e9e au d\u00e9part de Louxor, en compagnie d&#8217;un guide touristique local agr\u00e9\u00e9 et de votre chauffeur priv\u00e9. Profitez de notre visite priv\u00e9e des mus\u00e9es de Louxor : Mus\u00e9e de Louxor et Mus\u00e9e de la momification. Vous explorerez divers points de rep\u00e8re de l&#8217;une des plus grandes civilisations ayant exist\u00e9 sur notre plan\u00e8te.<\/p>\n","protected":false},"featured_media":145757,"comment_status":"open","ping_status":"closed","template":"","meta":{"_acf_changed":false},"product_brand":[],"product_cat":[3747,4056],"product_tag":[],"class_list":{"0":"post-145745","1":"product","2":"type-product","3":"status-publish","4":"has-post-thumbnail","6":"product_cat-egypte-fr","7":"product_cat-aswan-luxor-fr","9":"first","10":"instock","11":"shipping-taxable","12":"purchasable","13":"product-type-simple"},"acf":[],"yoast_head":"<!-- This site is optimized with the Yoast SEO Premium plugin v25.3.1 (Yoast SEO v25.3.1) - https:\/\/yoast.com\/wordpress\/plugins\/seo\/ -->\n<title>Visite priv\u00e9e du mus\u00e9e de Louxor et du mus\u00e9e de la momification | TTM<\/title>\n<meta name=\"description\" content=\"Profitez de l&#039;occasion pour voir le meilleur temple de Louxor dans cette visite priv\u00e9e des mus\u00e9es de Louxor : Mus\u00e9e de Louxor et Mus\u00e9e de la momification ! \u2705\" \/>\n<meta name=\"robots\" content=\"index, follow, max-snippet:-1, max-image-preview:large, max-video-preview:-1\" \/>\n<link rel=\"canonical\" href=\"https:\/\/tourtravelandmore.com\/fr\/tours\/egypte-fr\/aswan-luxor-fr\/visite-privee-dun-musee-a-louxor-musee-de-louxor-et-musee-de-la-momification\/\" \/>\n<meta property=\"og:locale\" content=\"fr_FR\" \/>\n<meta property=\"og:type\" content=\"article\" \/>\n<meta property=\"og:title\" content=\"Visite priv\u00e9e d&#039;un mus\u00e9e \u00e0 Louxor : Mus\u00e9e de Louxor et Mus\u00e9e de la momification\" \/>\n<meta property=\"og:description\" content=\"Profitez de l&#039;occasion pour voir le meilleur temple de Louxor dans cette visite priv\u00e9e des mus\u00e9es de Louxor : Mus\u00e9e de Louxor et Mus\u00e9e de la momification ! \u2705\" \/>\n<meta property=\"og:url\" content=\"https:\/\/tourtravelandmore.com\/fr\/tours\/egypte-fr\/aswan-luxor-fr\/visite-privee-dun-musee-a-louxor-musee-de-louxor-et-musee-de-la-momification\/\" \/>\n<meta property=\"og:site_name\" content=\"Tour Travel And More\" \/>\n<meta property=\"article:publisher\" content=\"https:\/\/www.facebook.com\/tourtravelandmore\/\" \/>\n<meta property=\"article:modified_time\" content=\"2022-12-21T14:58:14+00:00\" \/>\n<meta property=\"og:image\" content=\"https:\/\/tourtravelandmore.com\/wp-content\/uploads\/2022\/11\/Luxor-Museum-1024x568-1.png\" \/>\n\t<meta property=\"og:image:width\" content=\"1024\" \/>\n\t<meta property=\"og:image:height\" content=\"568\" \/>\n\t<meta property=\"og:image:type\" content=\"image\/png\" \/>\n<meta name=\"twitter:card\" content=\"summary_large_image\" \/>\n<meta name=\"twitter:site\" content=\"@TourTravel_More\" \/>\n<meta name=\"twitter:label1\" content=\"Dur\u00e9e de lecture estim\u00e9e\" \/>\n\t<meta name=\"twitter:data1\" content=\"2 minutes\" \/>\n<script type=\"application\/ld+json\" class=\"yoast-schema-graph\">{\"@context\":\"https:\/\/schema.org\",\"@graph\":[{\"@type\":\"WebPage\",\"@id\":\"https:\/\/tourtravelandmore.com\/fr\/tours\/egypte-fr\/aswan-luxor-fr\/visite-privee-dun-musee-a-louxor-musee-de-louxor-et-musee-de-la-momification\/\",\"url\":\"https:\/\/tourtravelandmore.com\/fr\/tours\/egypte-fr\/aswan-luxor-fr\/visite-privee-dun-musee-a-louxor-musee-de-louxor-et-musee-de-la-momification\/\",\"name\":\"Visite priv\u00e9e du mus\u00e9e de Louxor et du mus\u00e9e de la momification | TTM\",\"isPartOf\":{\"@id\":\"https:\/\/tourtravelandmore.com\/fr\/#website\"},\"primaryImageOfPage\":{\"@id\":\"https:\/\/tourtravelandmore.com\/fr\/tours\/egypte-fr\/aswan-luxor-fr\/visite-privee-dun-musee-a-louxor-musee-de-louxor-et-musee-de-la-momification\/#primaryimage\"},\"image\":{\"@id\":\"https:\/\/tourtravelandmore.com\/fr\/tours\/egypte-fr\/aswan-luxor-fr\/visite-privee-dun-musee-a-louxor-musee-de-louxor-et-musee-de-la-momification\/#primaryimage\"},\"thumbnailUrl\":\"https:\/\/tourtravelandmore.com\/wp-content\/uploads\/2022\/11\/Luxor-Museum-1024x568-1.png\",\"datePublished\":\"2022-11-30T15:46:35+00:00\",\"dateModified\":\"2022-12-21T14:58:14+00:00\",\"description\":\"Profitez de l'occasion pour voir le meilleur temple de Louxor dans cette visite priv\u00e9e des mus\u00e9es de Louxor : Mus\u00e9e de Louxor et Mus\u00e9e de la momification ! \u2705\",\"breadcrumb\":{\"@id\":\"https:\/\/tourtravelandmore.com\/fr\/tours\/egypte-fr\/aswan-luxor-fr\/visite-privee-dun-musee-a-louxor-musee-de-louxor-et-musee-de-la-momification\/#breadcrumb\"},\"inLanguage\":\"fr-FR\",\"potentialAction\":[{\"@type\":\"ReadAction\",\"target\":[\"https:\/\/tourtravelandmore.com\/fr\/tours\/egypte-fr\/aswan-luxor-fr\/visite-privee-dun-musee-a-louxor-musee-de-louxor-et-musee-de-la-momification\/\"]}]},{\"@type\":\"ImageObject\",\"inLanguage\":\"fr-FR\",\"@id\":\"https:\/\/tourtravelandmore.com\/fr\/tours\/egypte-fr\/aswan-luxor-fr\/visite-privee-dun-musee-a-louxor-musee-de-louxor-et-musee-de-la-momification\/#primaryimage\",\"url\":\"https:\/\/tourtravelandmore.com\/wp-content\/uploads\/2022\/11\/Luxor-Museum-1024x568-1.png\",\"contentUrl\":\"https:\/\/tourtravelandmore.com\/wp-content\/uploads\/2022\/11\/Luxor-Museum-1024x568-1.png\",\"width\":1024,\"height\":568},{\"@type\":\"BreadcrumbList\",\"@id\":\"https:\/\/tourtravelandmore.com\/fr\/tours\/egypte-fr\/aswan-luxor-fr\/visite-privee-dun-musee-a-louxor-musee-de-louxor-et-musee-de-la-momification\/#breadcrumb\",\"itemListElement\":[{\"@type\":\"ListItem\",\"position\":1,\"name\":\"Home\",\"item\":\"https:\/\/tourtravelandmore.com\/fr\/\"},{\"@type\":\"ListItem\",\"position\":2,\"name\":\"Tours\",\"item\":\"https:\/\/tourtravelandmore.com\/fr\/tours\/\"},{\"@type\":\"ListItem\",\"position\":3,\"name\":\"Visite priv\u00e9e d&rsquo;un mus\u00e9e \u00e0 Louxor : Mus\u00e9e de Louxor et Mus\u00e9e de la momification\"}]},{\"@type\":\"WebSite\",\"@id\":\"https:\/\/tourtravelandmore.com\/fr\/#website\",\"url\":\"https:\/\/tourtravelandmore.com\/fr\/\",\"name\":\"Tour Travel And More\",\"description\":\"Private sightseeing tours and luxury transfers in Spain\",\"publisher\":{\"@id\":\"https:\/\/tourtravelandmore.com\/fr\/#organization\"},\"potentialAction\":[{\"@type\":\"SearchAction\",\"target\":{\"@type\":\"EntryPoint\",\"urlTemplate\":\"https:\/\/tourtravelandmore.com\/fr\/?s={search_term_string}\"},\"query-input\":{\"@type\":\"PropertyValueSpecification\",\"valueRequired\":true,\"valueName\":\"search_term_string\"}}],\"inLanguage\":\"fr-FR\"},{\"@type\":\"Organization\",\"@id\":\"https:\/\/tourtravelandmore.com\/fr\/#organization\",\"name\":\"Tour Travel And More\",\"url\":\"https:\/\/tourtravelandmore.com\/fr\/\",\"logo\":{\"@type\":\"ImageObject\",\"inLanguage\":\"fr-FR\",\"@id\":\"https:\/\/tourtravelandmore.com\/fr\/#\/schema\/logo\/image\/\",\"url\":\"https:\/\/tourtravelandmore.com\/wp-content\/uploads\/2022\/12\/cropped-logo-cabecera-new.png\",\"contentUrl\":\"https:\/\/tourtravelandmore.com\/wp-content\/uploads\/2022\/12\/cropped-logo-cabecera-new.png\",\"width\":430,\"height\":61,\"caption\":\"Tour Travel And More\"},\"image\":{\"@id\":\"https:\/\/tourtravelandmore.com\/fr\/#\/schema\/logo\/image\/\"},\"sameAs\":[\"https:\/\/www.facebook.com\/tourtravelandmore\/\",\"https:\/\/x.com\/TourTravel_More\"]}]}<\/script>\n<!-- \/ Yoast SEO Premium plugin. -->","yoast_head_json":{"title":"Visite priv\u00e9e du mus\u00e9e de Louxor et du mus\u00e9e de la momification | TTM","description":"Profitez de l'occasion pour voir le meilleur temple de Louxor dans cette visite priv\u00e9e des mus\u00e9es de Louxor : Mus\u00e9e de Louxor et Mus\u00e9e de la momification ! \u2705","robots":{"index":"index","follow":"follow","max-snippet":"max-snippet:-1","max-image-preview":"max-image-preview:large","max-video-preview":"max-video-preview:-1"},"canonical":"https:\/\/tourtravelandmore.com\/fr\/tours\/egypte-fr\/aswan-luxor-fr\/visite-privee-dun-musee-a-louxor-musee-de-louxor-et-musee-de-la-momification\/","og_locale":"fr_FR","og_type":"article","og_title":"Visite priv\u00e9e d'un mus\u00e9e \u00e0 Louxor : Mus\u00e9e de Louxor et Mus\u00e9e de la momification","og_description":"Profitez de l'occasion pour voir le meilleur temple de Louxor dans cette visite priv\u00e9e des mus\u00e9es de Louxor : Mus\u00e9e de Louxor et Mus\u00e9e de la momification ! \u2705","og_url":"https:\/\/tourtravelandmore.com\/fr\/tours\/egypte-fr\/aswan-luxor-fr\/visite-privee-dun-musee-a-louxor-musee-de-louxor-et-musee-de-la-momification\/","og_site_name":"Tour Travel And More","article_publisher":"https:\/\/www.facebook.com\/tourtravelandmore\/","article_modified_time":"2022-12-21T14:58:14+00:00","og_image":[{"width":1024,"height":568,"url":"https:\/\/tourtravelandmore.com\/wp-content\/uploads\/2022\/11\/Luxor-Museum-1024x568-1.png","type":"image\/png"}],"twitter_card":"summary_large_image","twitter_site":"@TourTravel_More","twitter_misc":{"Dur\u00e9e de lecture estim\u00e9e":"2 minutes"},"schema":{"@context":"https:\/\/schema.org","@graph":[{"@type":"WebPage","@id":"https:\/\/tourtravelandmore.com\/fr\/tours\/egypte-fr\/aswan-luxor-fr\/visite-privee-dun-musee-a-louxor-musee-de-louxor-et-musee-de-la-momification\/","url":"https:\/\/tourtravelandmore.com\/fr\/tours\/egypte-fr\/aswan-luxor-fr\/visite-privee-dun-musee-a-louxor-musee-de-louxor-et-musee-de-la-momification\/","name":"Visite priv\u00e9e du mus\u00e9e de Louxor et du mus\u00e9e de la momification | TTM","isPartOf":{"@id":"https:\/\/tourtravelandmore.com\/fr\/#website"},"primaryImageOfPage":{"@id":"https:\/\/tourtravelandmore.com\/fr\/tours\/egypte-fr\/aswan-luxor-fr\/visite-privee-dun-musee-a-louxor-musee-de-louxor-et-musee-de-la-momification\/#primaryimage"},"image":{"@id":"https:\/\/tourtravelandmore.com\/fr\/tours\/egypte-fr\/aswan-luxor-fr\/visite-privee-dun-musee-a-louxor-musee-de-louxor-et-musee-de-la-momification\/#primaryimage"},"thumbnailUrl":"https:\/\/tourtravelandmore.com\/wp-content\/uploads\/2022\/11\/Luxor-Museum-1024x568-1.png","datePublished":"2022-11-30T15:46:35+00:00","dateModified":"2022-12-21T14:58:14+00:00","description":"Profitez de l'occasion pour voir le meilleur temple de Louxor dans cette visite priv\u00e9e des mus\u00e9es de Louxor : Mus\u00e9e de Louxor et Mus\u00e9e de la momification ! \u2705","breadcrumb":{"@id":"https:\/\/tourtravelandmore.com\/fr\/tours\/egypte-fr\/aswan-luxor-fr\/visite-privee-dun-musee-a-louxor-musee-de-louxor-et-musee-de-la-momification\/#breadcrumb"},"inLanguage":"fr-FR","potentialAction":[{"@type":"ReadAction","target":["https:\/\/tourtravelandmore.com\/fr\/tours\/egypte-fr\/aswan-luxor-fr\/visite-privee-dun-musee-a-louxor-musee-de-louxor-et-musee-de-la-momification\/"]}]},{"@type":"ImageObject","inLanguage":"fr-FR","@id":"https:\/\/tourtravelandmore.com\/fr\/tours\/egypte-fr\/aswan-luxor-fr\/visite-privee-dun-musee-a-louxor-musee-de-louxor-et-musee-de-la-momification\/#primaryimage","url":"https:\/\/tourtravelandmore.com\/wp-content\/uploads\/2022\/11\/Luxor-Museum-1024x568-1.png","contentUrl":"https:\/\/tourtravelandmore.com\/wp-content\/uploads\/2022\/11\/Luxor-Museum-1024x568-1.png","width":1024,"height":568},{"@type":"BreadcrumbList","@id":"https:\/\/tourtravelandmore.com\/fr\/tours\/egypte-fr\/aswan-luxor-fr\/visite-privee-dun-musee-a-louxor-musee-de-louxor-et-musee-de-la-momification\/#breadcrumb","itemListElement":[{"@type":"ListItem","position":1,"name":"Home","item":"https:\/\/tourtravelandmore.com\/fr\/"},{"@type":"ListItem","position":2,"name":"Tours","item":"https:\/\/tourtravelandmore.com\/fr\/tours\/"},{"@type":"ListItem","position":3,"name":"Visite priv\u00e9e d&rsquo;un mus\u00e9e \u00e0 Louxor : Mus\u00e9e de Louxor et Mus\u00e9e de la momification"}]},{"@type":"WebSite","@id":"https:\/\/tourtravelandmore.com\/fr\/#website","url":"https:\/\/tourtravelandmore.com\/fr\/","name":"Tour Travel And More","description":"Private sightseeing tours and luxury transfers in Spain","publisher":{"@id":"https:\/\/tourtravelandmore.com\/fr\/#organization"},"potentialAction":[{"@type":"SearchAction","target":{"@type":"EntryPoint","urlTemplate":"https:\/\/tourtravelandmore.com\/fr\/?s={search_term_string}"},"query-input":{"@type":"PropertyValueSpecification","valueRequired":true,"valueName":"search_term_string"}}],"inLanguage":"fr-FR"},{"@type":"Organization","@id":"https:\/\/tourtravelandmore.com\/fr\/#organization","name":"Tour Travel And More","url":"https:\/\/tourtravelandmore.com\/fr\/","logo":{"@type":"ImageObject","inLanguage":"fr-FR","@id":"https:\/\/tourtravelandmore.com\/fr\/#\/schema\/logo\/image\/","url":"https:\/\/tourtravelandmore.com\/wp-content\/uploads\/2022\/12\/cropped-logo-cabecera-new.png","contentUrl":"https:\/\/tourtravelandmore.com\/wp-content\/uploads\/2022\/12\/cropped-logo-cabecera-new.png","width":430,"height":61,"caption":"Tour Travel And More"},"image":{"@id":"https:\/\/tourtravelandmore.com\/fr\/#\/schema\/logo\/image\/"},"sameAs":["https:\/\/www.facebook.com\/tourtravelandmore\/","https:\/\/x.com\/TourTravel_More"]}]}},"_links":{"self":[{"href":"https:\/\/tourtravelandmore.com\/fr\/wp-json\/wp\/v2\/product\/145745","targetHints":{"allow":["GET"]}}],"collection":[{"href":"https:\/\/tourtravelandmore.com\/fr\/wp-json\/wp\/v2\/product"}],"about":[{"href":"https:\/\/tourtravelandmore.com\/fr\/wp-json\/wp\/v2\/types\/product"}],"replies":[{"embeddable":true,"href":"https:\/\/tourtravelandmore.com\/fr\/wp-json\/wp\/v2\/comments?post=145745"}],"wp:featuredmedia":[{"embeddable":true,"href":"https:\/\/tourtravelandmore.com\/fr\/wp-json\/wp\/v2\/media\/145757"}],"wp:attachment":[{"href":"https:\/\/tourtravelandmore.com\/fr\/wp-json\/wp\/v2\/media?parent=145745"}],"wp:term":[{"taxonomy":"product_brand","embeddable":true,"href":"https:\/\/tourtravelandmore.com\/fr\/wp-json\/wp\/v2\/product_brand?post=145745"},{"taxonomy":"product_cat","embeddable":true,"href":"https:\/\/tourtravelandmore.com\/fr\/wp-json\/wp\/v2\/product_cat?post=145745"},{"taxonomy":"product_tag","embeddable":true,"href":"https:\/\/tourtravelandmore.com\/fr\/wp-json\/wp\/v2\/product_tag?post=145745"}],"curies":[{"name":"wp","href":"https:\/\/api.w.org\/{rel}","templated":true}]}}