{"id":145609,"date":"2022-11-29T21:15:14","date_gmt":"2022-11-29T20:15:24","guid":{"rendered":"https:\/\/tourtravelandmore.com\/?post_type=product&#038;p=145609"},"modified":"2022-12-23T21:23:57","modified_gmt":"2022-12-23T20:23:57","slug":"visite-privee-de-la-vallee-des-nobles-de-medinet-habu-et-de-deir-el-medina","status":"publish","type":"product","link":"https:\/\/tourtravelandmore.com\/fr\/tours\/egypte-fr\/aswan-luxor-fr\/visite-privee-de-la-vallee-des-nobles-de-medinet-habu-et-de-deir-el-medina\/","title":{"rendered":"Visite priv\u00e9e de la vall\u00e9e des Nobles, de Medinet Habu et de Deir el-Medina"},"content":{"rendered":"<h2>Description des Visite priv\u00e9e de la vall\u00e9e des Nobles, de Medinet Habu et de Deir el-Medina<\/h2>\n<p>Visitez l&#8217;un des sites les plus importants de <strong>l&#8217;\u00c9gypte<\/strong> ancienne lors de cette <strong>visite priv\u00e9e de la vall\u00e9e des Nobles, de Medinet Habu et de Deir el-Medina.<\/strong> Avec votre propre guide priv\u00e9, vous visiterez ces sites historiques de l&#8217;une des civilisations les plus importantes de notre histoire.<\/p>\n<p>Votre chauffeur priv\u00e9 et votre guide officiel viendront vous chercher \u00e0 l&#8217;endroit souhait\u00e9 \u00e0 Louxor. Vous commencerez ensuite votre visite de cette belle ville.<\/p>\n<p>Le circuit est enti\u00e8rement adaptable \u00e0 vos souhaits et \u00e0 vos int\u00e9r\u00eats. Nos guides et chauffeurs sont \u00e0 votre disposition. Nous coordonnerons vos droits d&#8217;entr\u00e9e \u00e0 l&#8217;avance. Si vous visitez <strong>l&#8217;\u00c9gypte<\/strong> pendant plusieurs jours, <strong><a href=\"https:\/\/tourtravelandmore.com\/fr\/city\/egypte-fr\/aswan-luxor-fr\/\">vous pouvez consulter nos itin\u00e9raires priv\u00e9s.<\/a><\/strong><\/p>\n<h2>Sites d&#8217;int\u00e9r\u00eat et points de rep\u00e8re<\/h2>\n<p>T\u00f4t le matin, nous viendrons vous chercher \u00e0 l&#8217;endroit de votre choix et nous nous dirigerons vers la c\u00f4te ouest de Louxor, la n\u00e9cropole de l&#8217;ancienne Th\u00e8bes.<\/p>\n<p>Notre premier arr\u00eat sera Medinet Habu, qui abrite le temple mortuaire de Rams\u00e8s III, l&#8217;un des plus importants monuments religieux de la ville. Son entr\u00e9e, large de 63 m\u00e8tres et haute de 22 m\u00e8tres, repr\u00e9sente les pharaons punissant les prisonniers.<\/p>\n<p>Le voyage se poursuit dans la vall\u00e9e des Nobles, o\u00f9 se trouvent plus de 500 tombes de hauts fonctionnaires du gouvernement th\u00e9bain. Nous entrerons dans plusieurs de ces tombes et apprendrons \u00e0 conna\u00eetre leurs d\u00e9corations, qui sont mieux conserv\u00e9es que celles des tombes royales, moins int\u00e9ressantes pour les pilleurs.<\/p>\n<p>Notre dernier arr\u00eat est Dayr Medina, une colonie \u00e9gyptienne fond\u00e9e par Thoutmosis Ier pour abriter les travailleurs et artisans de l&#8217;\u00c9gypte ancienne. Pendant plus de 450 ans, ce village a \u00e9t\u00e9 habit\u00e9 par les constructeurs et les d\u00e9corateurs des tombes royales. De nombreuses preuves arch\u00e9ologiques existent encore, ce qui en fait l&#8217;un des \u00e9tablissements les plus \u00e9tudi\u00e9s de son \u00e9poque.<\/p>\n<p>\u00c0 la fin de la visite, retour \u00e0 votre h\u00f4tel ou au lieu de votre choix \u00e0 <strong>Louxor.<\/strong><\/p>\n","protected":false},"excerpt":{"rendered":"<p>Visitez l&#8217;un des sites les plus importants de <strong>l&#8217;\u00c9gypte<\/strong> ancienne lors de cette <strong>visite priv\u00e9e de la vall\u00e9e des Nobles, de Medinet Habu et de Deir el-Medina.<\/strong> Avec votre propre guide priv\u00e9, vous visiterez ces sites historiques de l&#8217;une des civilisations les plus importantes de notre histoire.<\/p>\n","protected":false},"featured_media":145621,"comment_status":"open","ping_status":"closed","template":"","meta":{"_acf_changed":false},"product_brand":[],"product_cat":[3747,4056],"product_tag":[],"class_list":{"0":"post-145609","1":"product","2":"type-product","3":"status-publish","4":"has-post-thumbnail","6":"product_cat-egypte-fr","7":"product_cat-aswan-luxor-fr","9":"first","10":"instock","11":"shipping-taxable","12":"purchasable","13":"product-type-simple"},"acf":[],"yoast_head":"<!-- This site is optimized with the Yoast SEO Premium plugin v25.3.1 (Yoast SEO v25.3.1) - https:\/\/yoast.com\/wordpress\/plugins\/seo\/ -->\n<title>Visite priv\u00e9e de la vall\u00e9e des Nobles Medinet Habu et Deir el-Medina | TTM<\/title>\n<meta name=\"description\" content=\"Profitez de l&#039;occasion pour voir les meilleurs temples de Louxor dans cette visite priv\u00e9e de la Vall\u00e9e des Nobles, Medinet Habu et Deir el-Medina\u2705.\" \/>\n<meta name=\"robots\" content=\"index, follow, max-snippet:-1, max-image-preview:large, max-video-preview:-1\" \/>\n<link rel=\"canonical\" href=\"https:\/\/tourtravelandmore.com\/fr\/tours\/egypte-fr\/aswan-luxor-fr\/visite-privee-de-la-vallee-des-nobles-de-medinet-habu-et-de-deir-el-medina\/\" \/>\n<meta property=\"og:locale\" content=\"fr_FR\" \/>\n<meta property=\"og:type\" content=\"article\" \/>\n<meta property=\"og:title\" content=\"Visite priv\u00e9e de la vall\u00e9e des Nobles, de Medinet Habu et de Deir el-Medina\" \/>\n<meta property=\"og:description\" content=\"Profitez de l&#039;occasion pour voir les meilleurs temples de Louxor dans cette visite priv\u00e9e de la Vall\u00e9e des Nobles, Medinet Habu et Deir el-Medina\u2705.\" \/>\n<meta property=\"og:url\" content=\"https:\/\/tourtravelandmore.com\/fr\/tours\/egypte-fr\/aswan-luxor-fr\/visite-privee-de-la-vallee-des-nobles-de-medinet-habu-et-de-deir-el-medina\/\" \/>\n<meta property=\"og:site_name\" content=\"Tour Travel And More\" \/>\n<meta property=\"article:publisher\" content=\"https:\/\/www.facebook.com\/tourtravelandmore\/\" \/>\n<meta property=\"article:modified_time\" content=\"2022-12-23T20:23:57+00:00\" \/>\n<meta property=\"og:image\" content=\"https:\/\/tourtravelandmore.com\/wp-content\/uploads\/2022\/11\/templo-de-medinet-habu.jpg\" \/>\n\t<meta property=\"og:image:width\" content=\"1200\" \/>\n\t<meta property=\"og:image:height\" content=\"800\" \/>\n\t<meta property=\"og:image:type\" content=\"image\/jpeg\" \/>\n<meta name=\"twitter:card\" content=\"summary_large_image\" \/>\n<meta name=\"twitter:site\" content=\"@TourTravel_More\" \/>\n<meta name=\"twitter:label1\" content=\"Dur\u00e9e de lecture estim\u00e9e\" \/>\n\t<meta name=\"twitter:data1\" content=\"2 minutes\" \/>\n<script type=\"application\/ld+json\" class=\"yoast-schema-graph\">{\"@context\":\"https:\/\/schema.org\",\"@graph\":[{\"@type\":\"WebPage\",\"@id\":\"https:\/\/tourtravelandmore.com\/fr\/tours\/egypte-fr\/aswan-luxor-fr\/visite-privee-de-la-vallee-des-nobles-de-medinet-habu-et-de-deir-el-medina\/\",\"url\":\"https:\/\/tourtravelandmore.com\/fr\/tours\/egypte-fr\/aswan-luxor-fr\/visite-privee-de-la-vallee-des-nobles-de-medinet-habu-et-de-deir-el-medina\/\",\"name\":\"Visite priv\u00e9e de la vall\u00e9e des Nobles Medinet Habu et Deir el-Medina | TTM\",\"isPartOf\":{\"@id\":\"https:\/\/tourtravelandmore.com\/fr\/#website\"},\"primaryImageOfPage\":{\"@id\":\"https:\/\/tourtravelandmore.com\/fr\/tours\/egypte-fr\/aswan-luxor-fr\/visite-privee-de-la-vallee-des-nobles-de-medinet-habu-et-de-deir-el-medina\/#primaryimage\"},\"image\":{\"@id\":\"https:\/\/tourtravelandmore.com\/fr\/tours\/egypte-fr\/aswan-luxor-fr\/visite-privee-de-la-vallee-des-nobles-de-medinet-habu-et-de-deir-el-medina\/#primaryimage\"},\"thumbnailUrl\":\"https:\/\/tourtravelandmore.com\/wp-content\/uploads\/2022\/11\/templo-de-medinet-habu.jpg\",\"datePublished\":\"2022-11-29T20:15:24+00:00\",\"dateModified\":\"2022-12-23T20:23:57+00:00\",\"description\":\"Profitez de l'occasion pour voir les meilleurs temples de Louxor dans cette visite priv\u00e9e de la Vall\u00e9e des Nobles, Medinet Habu et Deir el-Medina\u2705.\",\"breadcrumb\":{\"@id\":\"https:\/\/tourtravelandmore.com\/fr\/tours\/egypte-fr\/aswan-luxor-fr\/visite-privee-de-la-vallee-des-nobles-de-medinet-habu-et-de-deir-el-medina\/#breadcrumb\"},\"inLanguage\":\"fr-FR\",\"potentialAction\":[{\"@type\":\"ReadAction\",\"target\":[\"https:\/\/tourtravelandmore.com\/fr\/tours\/egypte-fr\/aswan-luxor-fr\/visite-privee-de-la-vallee-des-nobles-de-medinet-habu-et-de-deir-el-medina\/\"]}]},{\"@type\":\"ImageObject\",\"inLanguage\":\"fr-FR\",\"@id\":\"https:\/\/tourtravelandmore.com\/fr\/tours\/egypte-fr\/aswan-luxor-fr\/visite-privee-de-la-vallee-des-nobles-de-medinet-habu-et-de-deir-el-medina\/#primaryimage\",\"url\":\"https:\/\/tourtravelandmore.com\/wp-content\/uploads\/2022\/11\/templo-de-medinet-habu.jpg\",\"contentUrl\":\"https:\/\/tourtravelandmore.com\/wp-content\/uploads\/2022\/11\/templo-de-medinet-habu.jpg\",\"width\":1200,\"height\":800},{\"@type\":\"BreadcrumbList\",\"@id\":\"https:\/\/tourtravelandmore.com\/fr\/tours\/egypte-fr\/aswan-luxor-fr\/visite-privee-de-la-vallee-des-nobles-de-medinet-habu-et-de-deir-el-medina\/#breadcrumb\",\"itemListElement\":[{\"@type\":\"ListItem\",\"position\":1,\"name\":\"Home\",\"item\":\"https:\/\/tourtravelandmore.com\/fr\/\"},{\"@type\":\"ListItem\",\"position\":2,\"name\":\"Tours\",\"item\":\"https:\/\/tourtravelandmore.com\/fr\/tours\/\"},{\"@type\":\"ListItem\",\"position\":3,\"name\":\"Visite priv\u00e9e de la vall\u00e9e des Nobles, de Medinet Habu et de Deir el-Medina\"}]},{\"@type\":\"WebSite\",\"@id\":\"https:\/\/tourtravelandmore.com\/fr\/#website\",\"url\":\"https:\/\/tourtravelandmore.com\/fr\/\",\"name\":\"Tour Travel And More\",\"description\":\"Private sightseeing tours and luxury transfers in Spain\",\"publisher\":{\"@id\":\"https:\/\/tourtravelandmore.com\/fr\/#organization\"},\"potentialAction\":[{\"@type\":\"SearchAction\",\"target\":{\"@type\":\"EntryPoint\",\"urlTemplate\":\"https:\/\/tourtravelandmore.com\/fr\/?s={search_term_string}\"},\"query-input\":{\"@type\":\"PropertyValueSpecification\",\"valueRequired\":true,\"valueName\":\"search_term_string\"}}],\"inLanguage\":\"fr-FR\"},{\"@type\":\"Organization\",\"@id\":\"https:\/\/tourtravelandmore.com\/fr\/#organization\",\"name\":\"Tour Travel And More\",\"url\":\"https:\/\/tourtravelandmore.com\/fr\/\",\"logo\":{\"@type\":\"ImageObject\",\"inLanguage\":\"fr-FR\",\"@id\":\"https:\/\/tourtravelandmore.com\/fr\/#\/schema\/logo\/image\/\",\"url\":\"https:\/\/tourtravelandmore.com\/wp-content\/uploads\/2022\/12\/cropped-logo-cabecera-new.png\",\"contentUrl\":\"https:\/\/tourtravelandmore.com\/wp-content\/uploads\/2022\/12\/cropped-logo-cabecera-new.png\",\"width\":430,\"height\":61,\"caption\":\"Tour Travel And More\"},\"image\":{\"@id\":\"https:\/\/tourtravelandmore.com\/fr\/#\/schema\/logo\/image\/\"},\"sameAs\":[\"https:\/\/www.facebook.com\/tourtravelandmore\/\",\"https:\/\/x.com\/TourTravel_More\"]}]}<\/script>\n<!-- \/ Yoast SEO Premium plugin. -->","yoast_head_json":{"title":"Visite priv\u00e9e de la vall\u00e9e des Nobles Medinet Habu et Deir el-Medina | TTM","description":"Profitez de l'occasion pour voir les meilleurs temples de Louxor dans cette visite priv\u00e9e de la Vall\u00e9e des Nobles, Medinet Habu et Deir el-Medina\u2705.","robots":{"index":"index","follow":"follow","max-snippet":"max-snippet:-1","max-image-preview":"max-image-preview:large","max-video-preview":"max-video-preview:-1"},"canonical":"https:\/\/tourtravelandmore.com\/fr\/tours\/egypte-fr\/aswan-luxor-fr\/visite-privee-de-la-vallee-des-nobles-de-medinet-habu-et-de-deir-el-medina\/","og_locale":"fr_FR","og_type":"article","og_title":"Visite priv\u00e9e de la vall\u00e9e des Nobles, de Medinet Habu et de Deir el-Medina","og_description":"Profitez de l'occasion pour voir les meilleurs temples de Louxor dans cette visite priv\u00e9e de la Vall\u00e9e des Nobles, Medinet Habu et Deir el-Medina\u2705.","og_url":"https:\/\/tourtravelandmore.com\/fr\/tours\/egypte-fr\/aswan-luxor-fr\/visite-privee-de-la-vallee-des-nobles-de-medinet-habu-et-de-deir-el-medina\/","og_site_name":"Tour Travel And More","article_publisher":"https:\/\/www.facebook.com\/tourtravelandmore\/","article_modified_time":"2022-12-23T20:23:57+00:00","og_image":[{"width":1200,"height":800,"url":"https:\/\/tourtravelandmore.com\/wp-content\/uploads\/2022\/11\/templo-de-medinet-habu.jpg","type":"image\/jpeg"}],"twitter_card":"summary_large_image","twitter_site":"@TourTravel_More","twitter_misc":{"Dur\u00e9e de lecture estim\u00e9e":"2 minutes"},"schema":{"@context":"https:\/\/schema.org","@graph":[{"@type":"WebPage","@id":"https:\/\/tourtravelandmore.com\/fr\/tours\/egypte-fr\/aswan-luxor-fr\/visite-privee-de-la-vallee-des-nobles-de-medinet-habu-et-de-deir-el-medina\/","url":"https:\/\/tourtravelandmore.com\/fr\/tours\/egypte-fr\/aswan-luxor-fr\/visite-privee-de-la-vallee-des-nobles-de-medinet-habu-et-de-deir-el-medina\/","name":"Visite priv\u00e9e de la vall\u00e9e des Nobles Medinet Habu et Deir el-Medina | TTM","isPartOf":{"@id":"https:\/\/tourtravelandmore.com\/fr\/#website"},"primaryImageOfPage":{"@id":"https:\/\/tourtravelandmore.com\/fr\/tours\/egypte-fr\/aswan-luxor-fr\/visite-privee-de-la-vallee-des-nobles-de-medinet-habu-et-de-deir-el-medina\/#primaryimage"},"image":{"@id":"https:\/\/tourtravelandmore.com\/fr\/tours\/egypte-fr\/aswan-luxor-fr\/visite-privee-de-la-vallee-des-nobles-de-medinet-habu-et-de-deir-el-medina\/#primaryimage"},"thumbnailUrl":"https:\/\/tourtravelandmore.com\/wp-content\/uploads\/2022\/11\/templo-de-medinet-habu.jpg","datePublished":"2022-11-29T20:15:24+00:00","dateModified":"2022-12-23T20:23:57+00:00","description":"Profitez de l'occasion pour voir les meilleurs temples de Louxor dans cette visite priv\u00e9e de la Vall\u00e9e des Nobles, Medinet Habu et Deir el-Medina\u2705.","breadcrumb":{"@id":"https:\/\/tourtravelandmore.com\/fr\/tours\/egypte-fr\/aswan-luxor-fr\/visite-privee-de-la-vallee-des-nobles-de-medinet-habu-et-de-deir-el-medina\/#breadcrumb"},"inLanguage":"fr-FR","potentialAction":[{"@type":"ReadAction","target":["https:\/\/tourtravelandmore.com\/fr\/tours\/egypte-fr\/aswan-luxor-fr\/visite-privee-de-la-vallee-des-nobles-de-medinet-habu-et-de-deir-el-medina\/"]}]},{"@type":"ImageObject","inLanguage":"fr-FR","@id":"https:\/\/tourtravelandmore.com\/fr\/tours\/egypte-fr\/aswan-luxor-fr\/visite-privee-de-la-vallee-des-nobles-de-medinet-habu-et-de-deir-el-medina\/#primaryimage","url":"https:\/\/tourtravelandmore.com\/wp-content\/uploads\/2022\/11\/templo-de-medinet-habu.jpg","contentUrl":"https:\/\/tourtravelandmore.com\/wp-content\/uploads\/2022\/11\/templo-de-medinet-habu.jpg","width":1200,"height":800},{"@type":"BreadcrumbList","@id":"https:\/\/tourtravelandmore.com\/fr\/tours\/egypte-fr\/aswan-luxor-fr\/visite-privee-de-la-vallee-des-nobles-de-medinet-habu-et-de-deir-el-medina\/#breadcrumb","itemListElement":[{"@type":"ListItem","position":1,"name":"Home","item":"https:\/\/tourtravelandmore.com\/fr\/"},{"@type":"ListItem","position":2,"name":"Tours","item":"https:\/\/tourtravelandmore.com\/fr\/tours\/"},{"@type":"ListItem","position":3,"name":"Visite priv\u00e9e de la vall\u00e9e des Nobles, de Medinet Habu et de Deir el-Medina"}]},{"@type":"WebSite","@id":"https:\/\/tourtravelandmore.com\/fr\/#website","url":"https:\/\/tourtravelandmore.com\/fr\/","name":"Tour Travel And More","description":"Private sightseeing tours and luxury transfers in Spain","publisher":{"@id":"https:\/\/tourtravelandmore.com\/fr\/#organization"},"potentialAction":[{"@type":"SearchAction","target":{"@type":"EntryPoint","urlTemplate":"https:\/\/tourtravelandmore.com\/fr\/?s={search_term_string}"},"query-input":{"@type":"PropertyValueSpecification","valueRequired":true,"valueName":"search_term_string"}}],"inLanguage":"fr-FR"},{"@type":"Organization","@id":"https:\/\/tourtravelandmore.com\/fr\/#organization","name":"Tour Travel And More","url":"https:\/\/tourtravelandmore.com\/fr\/","logo":{"@type":"ImageObject","inLanguage":"fr-FR","@id":"https:\/\/tourtravelandmore.com\/fr\/#\/schema\/logo\/image\/","url":"https:\/\/tourtravelandmore.com\/wp-content\/uploads\/2022\/12\/cropped-logo-cabecera-new.png","contentUrl":"https:\/\/tourtravelandmore.com\/wp-content\/uploads\/2022\/12\/cropped-logo-cabecera-new.png","width":430,"height":61,"caption":"Tour Travel And More"},"image":{"@id":"https:\/\/tourtravelandmore.com\/fr\/#\/schema\/logo\/image\/"},"sameAs":["https:\/\/www.facebook.com\/tourtravelandmore\/","https:\/\/x.com\/TourTravel_More"]}]}},"_links":{"self":[{"href":"https:\/\/tourtravelandmore.com\/fr\/wp-json\/wp\/v2\/product\/145609","targetHints":{"allow":["GET"]}}],"collection":[{"href":"https:\/\/tourtravelandmore.com\/fr\/wp-json\/wp\/v2\/product"}],"about":[{"href":"https:\/\/tourtravelandmore.com\/fr\/wp-json\/wp\/v2\/types\/product"}],"replies":[{"embeddable":true,"href":"https:\/\/tourtravelandmore.com\/fr\/wp-json\/wp\/v2\/comments?post=145609"}],"wp:featuredmedia":[{"embeddable":true,"href":"https:\/\/tourtravelandmore.com\/fr\/wp-json\/wp\/v2\/media\/145621"}],"wp:attachment":[{"href":"https:\/\/tourtravelandmore.com\/fr\/wp-json\/wp\/v2\/media?parent=145609"}],"wp:term":[{"taxonomy":"product_brand","embeddable":true,"href":"https:\/\/tourtravelandmore.com\/fr\/wp-json\/wp\/v2\/product_brand?post=145609"},{"taxonomy":"product_cat","embeddable":true,"href":"https:\/\/tourtravelandmore.com\/fr\/wp-json\/wp\/v2\/product_cat?post=145609"},{"taxonomy":"product_tag","embeddable":true,"href":"https:\/\/tourtravelandmore.com\/fr\/wp-json\/wp\/v2\/product_tag?post=145609"}],"curies":[{"name":"wp","href":"https:\/\/api.w.org\/{rel}","templated":true}]}}