{"id":145568,"date":"2022-11-29T19:49:07","date_gmt":"2022-11-29T18:49:14","guid":{"rendered":"https:\/\/tourtravelandmore.com\/?post_type=product&#038;p=145568"},"modified":"2023-11-13T16:48:33","modified_gmt":"2023-11-13T15:48:33","slug":"visite-privee-de-la-vallee-des-rois-et-des-reines-des-colosses-et-dhatchepsout","status":"publish","type":"product","link":"https:\/\/tourtravelandmore.com\/fr\/tours\/egypte-fr\/aswan-luxor-fr\/visite-privee-de-la-vallee-des-rois-et-des-reines-des-colosses-et-dhatchepsout\/","title":{"rendered":"Visite priv\u00e9e de la Vall\u00e9e des Rois et des Reines, des Colosses et d&#8217;Hatchepsout."},"content":{"rendered":"<h2>Description des Visite priv\u00e9e de la Vall\u00e9e des Rois et des Reines, des Colosses et d&#8217;Hatchepsout.<\/h2>\n<p>Visitez les sites de <strong>l&#8217;\u00c9gypte<\/strong> ancienne lors de cette excursion d&#8217;une journ\u00e9e \u00e0 Louxor en Cisjordanie. Avec votre propre guide priv\u00e9, vous visiterez<strong> la Vall\u00e9e des Rois et verrez la tombe du roi Toutankhamon,<\/strong> entre autres. Ensuite, dirigez-vous vers <strong>la Vall\u00e9e des Reines<\/strong> pour admirer <strong>le temple de la reine Hatchepsout<\/strong> et apprendre \u00e0 conna\u00eetre la souveraine des temps pass\u00e9s.<\/p>\n<p>Votre chauffeur priv\u00e9 et votre guide officiel viendront vous chercher \u00e0 l&#8217;endroit souhait\u00e9 \u00e0 Louxor. Vous commencerez ensuite votre visite de cette belle ville.<\/p>\n<p>Le circuit est enti\u00e8rement adaptable \u00e0 vos souhaits et \u00e0 vos int\u00e9r\u00eats. Nos guides et chauffeurs sont \u00e0 votre disposition. Nous coordonnerons vos droits d&#8217;entr\u00e9e \u00e0 l&#8217;avance. Si vous visitez <strong>l&#8217;\u00c9gypte<\/strong> pendant plusieurs jours, <strong><a href=\"https:\/\/tourtravelandmore.com\/fr\/city\/egypte-fr\/aswan-luxor-fr\/\">vous pouvez consulter nos itin\u00e9raires priv\u00e9s.<\/a><\/strong><\/p>\n<h2>Sites d&#8217;int\u00e9r\u00eat et points de rep\u00e8re<\/h2>\n<p><a href=\"https:\/\/es.wikipedia.org\/wiki\/Luxor\"><strong>Louxor<\/strong> <\/a>est une ville situ\u00e9e sur la rive orientale du Nil, dans le sud de l&#8217;\u00c9gypte. Il se trouve sur le site de l&#8217;ancienne Th\u00e8bes, la capitale des pharaons \u00e0 l&#8217;apog\u00e9e de leur puissance, du <strong>16e<\/strong> au <strong>11e<\/strong> si\u00e8cle avant J\u00e9sus-Christ. La ville d&#8217;aujourd&#8217;hui entoure deux monuments antiques massifs qui ont surv\u00e9cu : l&#8217;\u00e9l\u00e9gant temple de Louxor et le temple de Karnak, \u00e0 un kilom\u00e8tre au nord. Les tombes royales de la <strong>Vall\u00e9e<\/strong> des <strong>Rois<\/strong> et de la <strong>Vall\u00e9e<\/strong> des <strong>Reines<\/strong>se trouvent sur la rive ouest du fleuve.<\/p>\n<p>Tout d&#8217;abord, vous serez transport\u00e9 dans <strong>la n\u00e9cropole th\u00e9baine, la Vall\u00e9e des Rois sur la rive ouest de Louxor<\/strong>. Cette ancienne n\u00e9cropole est un incontournable pour les voyageurs qui se rendent \u00e0 <strong>Louxor<\/strong>. Vous y visiterez <strong>quatre tombes royales, dont la tombe de Rams\u00e8s, la tombe d&#8217;Horemheb, la tombe de Merenptah et, bien s\u00fbr, la tombe du roi Tut.<\/strong> La tombe de <strong>Toutankhamon<\/strong> est le seul tombeau de la <strong>Vall\u00e9e des Rois<\/strong> qui a \u00e9t\u00e9 d\u00e9couvert presque intact en 1922.<\/p>\n<p>Apr\u00e8s la visite des tombes, vous serez transf\u00e9r\u00e9 au <strong>temple<\/strong> de la <strong>reine Hatchepsout<\/strong> (Deir el Bahari), la seule femme \u00e0 avoir r\u00e9gn\u00e9 sur l&#8217;\u00c9gypte en tant que pharaon. Cette reine \u00e9tait une anc\u00eatre du roi Toutankhamon et appartenait \u00e0 la m\u00eame dynastie. L&#8217;histoire de la reine Hatchepsout, la seule femme \u00e0 avoir r\u00e9gn\u00e9 sur l&#8217;\u00c9gypte en tant que pharaon.<\/p>\n<p>\u00c0 la fin de votre visite priv\u00e9e de Louxor, votre chauffeur et votre guide vous ram\u00e8neront \u00e0 votre h\u00f4tel ou \u00e0 l&#8217;endroit souhait\u00e9 \u00e0 <a href=\"https:\/\/es.wikipedia.org\/wiki\/Luxor\"><strong>Louxor<\/strong><\/a>.<\/p>\n","protected":false},"excerpt":{"rendered":"<p>Visitez les sites de <strong>l&#8217;\u00c9gypte<\/strong> ancienne lors de cette excursion d&#8217;une journ\u00e9e \u00e0 Louxor en Cisjordanie. Avec votre propre guide priv\u00e9, vous visiterez<strong> la Vall\u00e9e des Rois et verrez la tombe du roi Toutankhamon,<\/strong> entre autres. Ensuite, dirigez-vous vers <strong>la Vall\u00e9e des Reines<\/strong> pour admirer <strong>le temple de la reine Hatchepsout<\/strong> et apprendre \u00e0 conna\u00eetre la souveraine des temps pass\u00e9s.<\/p>\n","protected":false},"featured_media":145587,"comment_status":"open","ping_status":"closed","template":"","meta":{"_acf_changed":false},"product_brand":[],"product_cat":[3747,4056],"product_tag":[],"class_list":{"0":"post-145568","1":"product","2":"type-product","3":"status-publish","4":"has-post-thumbnail","6":"product_cat-egypte-fr","7":"product_cat-aswan-luxor-fr","9":"first","10":"instock","11":"shipping-taxable","12":"purchasable","13":"product-type-simple"},"acf":[],"yoast_head":"<!-- This site is optimized with the Yoast SEO Premium plugin v25.3.1 (Yoast SEO v25.3.1) - https:\/\/yoast.com\/wordpress\/plugins\/seo\/ -->\n<title>Visite priv\u00e9e de la Vall\u00e9e des Rois et des Reines, des Colosses et d&#039;Hatchepsout | TTM<\/title>\n<meta name=\"description\" content=\"Profitez de l&#039;occasion pour voir les meilleurs temples de Louxor lors de cette visite priv\u00e9e de la Vall\u00e9e des Rois et des Reines, des Colosses et d&#039;Hatchepsut \u2705.\" \/>\n<meta name=\"robots\" content=\"index, follow, max-snippet:-1, max-image-preview:large, max-video-preview:-1\" \/>\n<link rel=\"canonical\" href=\"https:\/\/tourtravelandmore.com\/fr\/tours\/egypte-fr\/aswan-luxor-fr\/visite-privee-de-la-vallee-des-rois-et-des-reines-des-colosses-et-dhatchepsout\/\" \/>\n<meta property=\"og:locale\" content=\"fr_FR\" \/>\n<meta property=\"og:type\" content=\"article\" \/>\n<meta property=\"og:title\" content=\"Visite priv\u00e9e de la Vall\u00e9e des Rois et des Reines, des Colosses et d&#039;Hatchepsout.\" \/>\n<meta property=\"og:description\" content=\"Profitez de l&#039;occasion pour voir les meilleurs temples de Louxor lors de cette visite priv\u00e9e de la Vall\u00e9e des Rois et des Reines, des Colosses et d&#039;Hatchepsut \u2705.\" \/>\n<meta property=\"og:url\" content=\"https:\/\/tourtravelandmore.com\/fr\/tours\/egypte-fr\/aswan-luxor-fr\/visite-privee-de-la-vallee-des-rois-et-des-reines-des-colosses-et-dhatchepsout\/\" \/>\n<meta property=\"og:site_name\" content=\"Tour Travel And More\" \/>\n<meta property=\"article:publisher\" content=\"https:\/\/www.facebook.com\/tourtravelandmore\/\" \/>\n<meta property=\"article:modified_time\" content=\"2023-11-13T15:48:33+00:00\" \/>\n<meta property=\"og:image\" content=\"https:\/\/tourtravelandmore.com\/wp-content\/uploads\/2022\/11\/Valley-of-the-Kings1.jpg\" \/>\n\t<meta property=\"og:image:width\" content=\"1100\" \/>\n\t<meta property=\"og:image:height\" content=\"687\" \/>\n\t<meta property=\"og:image:type\" content=\"image\/jpeg\" \/>\n<meta name=\"twitter:card\" content=\"summary_large_image\" \/>\n<meta name=\"twitter:site\" content=\"@TourTravel_More\" \/>\n<meta name=\"twitter:label1\" content=\"Dur\u00e9e de lecture estim\u00e9e\" \/>\n\t<meta name=\"twitter:data1\" content=\"2 minutes\" \/>\n<script type=\"application\/ld+json\" class=\"yoast-schema-graph\">{\"@context\":\"https:\/\/schema.org\",\"@graph\":[{\"@type\":\"WebPage\",\"@id\":\"https:\/\/tourtravelandmore.com\/fr\/tours\/egypte-fr\/aswan-luxor-fr\/visite-privee-de-la-vallee-des-rois-et-des-reines-des-colosses-et-dhatchepsout\/\",\"url\":\"https:\/\/tourtravelandmore.com\/fr\/tours\/egypte-fr\/aswan-luxor-fr\/visite-privee-de-la-vallee-des-rois-et-des-reines-des-colosses-et-dhatchepsout\/\",\"name\":\"Visite priv\u00e9e de la Vall\u00e9e des Rois et des Reines, des Colosses et d'Hatchepsout | TTM\",\"isPartOf\":{\"@id\":\"https:\/\/tourtravelandmore.com\/fr\/#website\"},\"primaryImageOfPage\":{\"@id\":\"https:\/\/tourtravelandmore.com\/fr\/tours\/egypte-fr\/aswan-luxor-fr\/visite-privee-de-la-vallee-des-rois-et-des-reines-des-colosses-et-dhatchepsout\/#primaryimage\"},\"image\":{\"@id\":\"https:\/\/tourtravelandmore.com\/fr\/tours\/egypte-fr\/aswan-luxor-fr\/visite-privee-de-la-vallee-des-rois-et-des-reines-des-colosses-et-dhatchepsout\/#primaryimage\"},\"thumbnailUrl\":\"https:\/\/tourtravelandmore.com\/wp-content\/uploads\/2022\/11\/Valley-of-the-Kings1.jpg\",\"datePublished\":\"2022-11-29T18:49:14+00:00\",\"dateModified\":\"2023-11-13T15:48:33+00:00\",\"description\":\"Profitez de l'occasion pour voir les meilleurs temples de Louxor lors de cette visite priv\u00e9e de la Vall\u00e9e des Rois et des Reines, des Colosses et d'Hatchepsut \u2705.\",\"breadcrumb\":{\"@id\":\"https:\/\/tourtravelandmore.com\/fr\/tours\/egypte-fr\/aswan-luxor-fr\/visite-privee-de-la-vallee-des-rois-et-des-reines-des-colosses-et-dhatchepsout\/#breadcrumb\"},\"inLanguage\":\"fr-FR\",\"potentialAction\":[{\"@type\":\"ReadAction\",\"target\":[\"https:\/\/tourtravelandmore.com\/fr\/tours\/egypte-fr\/aswan-luxor-fr\/visite-privee-de-la-vallee-des-rois-et-des-reines-des-colosses-et-dhatchepsout\/\"]}]},{\"@type\":\"ImageObject\",\"inLanguage\":\"fr-FR\",\"@id\":\"https:\/\/tourtravelandmore.com\/fr\/tours\/egypte-fr\/aswan-luxor-fr\/visite-privee-de-la-vallee-des-rois-et-des-reines-des-colosses-et-dhatchepsout\/#primaryimage\",\"url\":\"https:\/\/tourtravelandmore.com\/wp-content\/uploads\/2022\/11\/Valley-of-the-Kings1.jpg\",\"contentUrl\":\"https:\/\/tourtravelandmore.com\/wp-content\/uploads\/2022\/11\/Valley-of-the-Kings1.jpg\",\"width\":1100,\"height\":687},{\"@type\":\"BreadcrumbList\",\"@id\":\"https:\/\/tourtravelandmore.com\/fr\/tours\/egypte-fr\/aswan-luxor-fr\/visite-privee-de-la-vallee-des-rois-et-des-reines-des-colosses-et-dhatchepsout\/#breadcrumb\",\"itemListElement\":[{\"@type\":\"ListItem\",\"position\":1,\"name\":\"Home\",\"item\":\"https:\/\/tourtravelandmore.com\/fr\/\"},{\"@type\":\"ListItem\",\"position\":2,\"name\":\"Tours\",\"item\":\"https:\/\/tourtravelandmore.com\/fr\/tours\/\"},{\"@type\":\"ListItem\",\"position\":3,\"name\":\"Visite priv\u00e9e de la Vall\u00e9e des Rois et des Reines, des Colosses et d&#8217;Hatchepsout.\"}]},{\"@type\":\"WebSite\",\"@id\":\"https:\/\/tourtravelandmore.com\/fr\/#website\",\"url\":\"https:\/\/tourtravelandmore.com\/fr\/\",\"name\":\"Tour Travel And More\",\"description\":\"Private sightseeing tours and luxury transfers in Spain\",\"publisher\":{\"@id\":\"https:\/\/tourtravelandmore.com\/fr\/#organization\"},\"potentialAction\":[{\"@type\":\"SearchAction\",\"target\":{\"@type\":\"EntryPoint\",\"urlTemplate\":\"https:\/\/tourtravelandmore.com\/fr\/?s={search_term_string}\"},\"query-input\":{\"@type\":\"PropertyValueSpecification\",\"valueRequired\":true,\"valueName\":\"search_term_string\"}}],\"inLanguage\":\"fr-FR\"},{\"@type\":\"Organization\",\"@id\":\"https:\/\/tourtravelandmore.com\/fr\/#organization\",\"name\":\"Tour Travel And More\",\"url\":\"https:\/\/tourtravelandmore.com\/fr\/\",\"logo\":{\"@type\":\"ImageObject\",\"inLanguage\":\"fr-FR\",\"@id\":\"https:\/\/tourtravelandmore.com\/fr\/#\/schema\/logo\/image\/\",\"url\":\"https:\/\/tourtravelandmore.com\/wp-content\/uploads\/2022\/12\/cropped-logo-cabecera-new.png\",\"contentUrl\":\"https:\/\/tourtravelandmore.com\/wp-content\/uploads\/2022\/12\/cropped-logo-cabecera-new.png\",\"width\":430,\"height\":61,\"caption\":\"Tour Travel And More\"},\"image\":{\"@id\":\"https:\/\/tourtravelandmore.com\/fr\/#\/schema\/logo\/image\/\"},\"sameAs\":[\"https:\/\/www.facebook.com\/tourtravelandmore\/\",\"https:\/\/x.com\/TourTravel_More\"]}]}<\/script>\n<!-- \/ Yoast SEO Premium plugin. -->","yoast_head_json":{"title":"Visite priv\u00e9e de la Vall\u00e9e des Rois et des Reines, des Colosses et d'Hatchepsout | TTM","description":"Profitez de l'occasion pour voir les meilleurs temples de Louxor lors de cette visite priv\u00e9e de la Vall\u00e9e des Rois et des Reines, des Colosses et d'Hatchepsut \u2705.","robots":{"index":"index","follow":"follow","max-snippet":"max-snippet:-1","max-image-preview":"max-image-preview:large","max-video-preview":"max-video-preview:-1"},"canonical":"https:\/\/tourtravelandmore.com\/fr\/tours\/egypte-fr\/aswan-luxor-fr\/visite-privee-de-la-vallee-des-rois-et-des-reines-des-colosses-et-dhatchepsout\/","og_locale":"fr_FR","og_type":"article","og_title":"Visite priv\u00e9e de la Vall\u00e9e des Rois et des Reines, des Colosses et d'Hatchepsout.","og_description":"Profitez de l'occasion pour voir les meilleurs temples de Louxor lors de cette visite priv\u00e9e de la Vall\u00e9e des Rois et des Reines, des Colosses et d'Hatchepsut \u2705.","og_url":"https:\/\/tourtravelandmore.com\/fr\/tours\/egypte-fr\/aswan-luxor-fr\/visite-privee-de-la-vallee-des-rois-et-des-reines-des-colosses-et-dhatchepsout\/","og_site_name":"Tour Travel And More","article_publisher":"https:\/\/www.facebook.com\/tourtravelandmore\/","article_modified_time":"2023-11-13T15:48:33+00:00","og_image":[{"width":1100,"height":687,"url":"https:\/\/tourtravelandmore.com\/wp-content\/uploads\/2022\/11\/Valley-of-the-Kings1.jpg","type":"image\/jpeg"}],"twitter_card":"summary_large_image","twitter_site":"@TourTravel_More","twitter_misc":{"Dur\u00e9e de lecture estim\u00e9e":"2 minutes"},"schema":{"@context":"https:\/\/schema.org","@graph":[{"@type":"WebPage","@id":"https:\/\/tourtravelandmore.com\/fr\/tours\/egypte-fr\/aswan-luxor-fr\/visite-privee-de-la-vallee-des-rois-et-des-reines-des-colosses-et-dhatchepsout\/","url":"https:\/\/tourtravelandmore.com\/fr\/tours\/egypte-fr\/aswan-luxor-fr\/visite-privee-de-la-vallee-des-rois-et-des-reines-des-colosses-et-dhatchepsout\/","name":"Visite priv\u00e9e de la Vall\u00e9e des Rois et des Reines, des Colosses et d'Hatchepsout | TTM","isPartOf":{"@id":"https:\/\/tourtravelandmore.com\/fr\/#website"},"primaryImageOfPage":{"@id":"https:\/\/tourtravelandmore.com\/fr\/tours\/egypte-fr\/aswan-luxor-fr\/visite-privee-de-la-vallee-des-rois-et-des-reines-des-colosses-et-dhatchepsout\/#primaryimage"},"image":{"@id":"https:\/\/tourtravelandmore.com\/fr\/tours\/egypte-fr\/aswan-luxor-fr\/visite-privee-de-la-vallee-des-rois-et-des-reines-des-colosses-et-dhatchepsout\/#primaryimage"},"thumbnailUrl":"https:\/\/tourtravelandmore.com\/wp-content\/uploads\/2022\/11\/Valley-of-the-Kings1.jpg","datePublished":"2022-11-29T18:49:14+00:00","dateModified":"2023-11-13T15:48:33+00:00","description":"Profitez de l'occasion pour voir les meilleurs temples de Louxor lors de cette visite priv\u00e9e de la Vall\u00e9e des Rois et des Reines, des Colosses et d'Hatchepsut \u2705.","breadcrumb":{"@id":"https:\/\/tourtravelandmore.com\/fr\/tours\/egypte-fr\/aswan-luxor-fr\/visite-privee-de-la-vallee-des-rois-et-des-reines-des-colosses-et-dhatchepsout\/#breadcrumb"},"inLanguage":"fr-FR","potentialAction":[{"@type":"ReadAction","target":["https:\/\/tourtravelandmore.com\/fr\/tours\/egypte-fr\/aswan-luxor-fr\/visite-privee-de-la-vallee-des-rois-et-des-reines-des-colosses-et-dhatchepsout\/"]}]},{"@type":"ImageObject","inLanguage":"fr-FR","@id":"https:\/\/tourtravelandmore.com\/fr\/tours\/egypte-fr\/aswan-luxor-fr\/visite-privee-de-la-vallee-des-rois-et-des-reines-des-colosses-et-dhatchepsout\/#primaryimage","url":"https:\/\/tourtravelandmore.com\/wp-content\/uploads\/2022\/11\/Valley-of-the-Kings1.jpg","contentUrl":"https:\/\/tourtravelandmore.com\/wp-content\/uploads\/2022\/11\/Valley-of-the-Kings1.jpg","width":1100,"height":687},{"@type":"BreadcrumbList","@id":"https:\/\/tourtravelandmore.com\/fr\/tours\/egypte-fr\/aswan-luxor-fr\/visite-privee-de-la-vallee-des-rois-et-des-reines-des-colosses-et-dhatchepsout\/#breadcrumb","itemListElement":[{"@type":"ListItem","position":1,"name":"Home","item":"https:\/\/tourtravelandmore.com\/fr\/"},{"@type":"ListItem","position":2,"name":"Tours","item":"https:\/\/tourtravelandmore.com\/fr\/tours\/"},{"@type":"ListItem","position":3,"name":"Visite priv\u00e9e de la Vall\u00e9e des Rois et des Reines, des Colosses et d&#8217;Hatchepsout."}]},{"@type":"WebSite","@id":"https:\/\/tourtravelandmore.com\/fr\/#website","url":"https:\/\/tourtravelandmore.com\/fr\/","name":"Tour Travel And More","description":"Private sightseeing tours and luxury transfers in Spain","publisher":{"@id":"https:\/\/tourtravelandmore.com\/fr\/#organization"},"potentialAction":[{"@type":"SearchAction","target":{"@type":"EntryPoint","urlTemplate":"https:\/\/tourtravelandmore.com\/fr\/?s={search_term_string}"},"query-input":{"@type":"PropertyValueSpecification","valueRequired":true,"valueName":"search_term_string"}}],"inLanguage":"fr-FR"},{"@type":"Organization","@id":"https:\/\/tourtravelandmore.com\/fr\/#organization","name":"Tour Travel And More","url":"https:\/\/tourtravelandmore.com\/fr\/","logo":{"@type":"ImageObject","inLanguage":"fr-FR","@id":"https:\/\/tourtravelandmore.com\/fr\/#\/schema\/logo\/image\/","url":"https:\/\/tourtravelandmore.com\/wp-content\/uploads\/2022\/12\/cropped-logo-cabecera-new.png","contentUrl":"https:\/\/tourtravelandmore.com\/wp-content\/uploads\/2022\/12\/cropped-logo-cabecera-new.png","width":430,"height":61,"caption":"Tour Travel And More"},"image":{"@id":"https:\/\/tourtravelandmore.com\/fr\/#\/schema\/logo\/image\/"},"sameAs":["https:\/\/www.facebook.com\/tourtravelandmore\/","https:\/\/x.com\/TourTravel_More"]}]}},"_links":{"self":[{"href":"https:\/\/tourtravelandmore.com\/fr\/wp-json\/wp\/v2\/product\/145568","targetHints":{"allow":["GET"]}}],"collection":[{"href":"https:\/\/tourtravelandmore.com\/fr\/wp-json\/wp\/v2\/product"}],"about":[{"href":"https:\/\/tourtravelandmore.com\/fr\/wp-json\/wp\/v2\/types\/product"}],"replies":[{"embeddable":true,"href":"https:\/\/tourtravelandmore.com\/fr\/wp-json\/wp\/v2\/comments?post=145568"}],"wp:featuredmedia":[{"embeddable":true,"href":"https:\/\/tourtravelandmore.com\/fr\/wp-json\/wp\/v2\/media\/145587"}],"wp:attachment":[{"href":"https:\/\/tourtravelandmore.com\/fr\/wp-json\/wp\/v2\/media?parent=145568"}],"wp:term":[{"taxonomy":"product_brand","embeddable":true,"href":"https:\/\/tourtravelandmore.com\/fr\/wp-json\/wp\/v2\/product_brand?post=145568"},{"taxonomy":"product_cat","embeddable":true,"href":"https:\/\/tourtravelandmore.com\/fr\/wp-json\/wp\/v2\/product_cat?post=145568"},{"taxonomy":"product_tag","embeddable":true,"href":"https:\/\/tourtravelandmore.com\/fr\/wp-json\/wp\/v2\/product_tag?post=145568"}],"curies":[{"name":"wp","href":"https:\/\/api.w.org\/{rel}","templated":true}]}}