{"id":145515,"date":"2022-11-29T17:06:19","date_gmt":"2022-11-29T16:06:25","guid":{"rendered":"https:\/\/tourtravelandmore.com\/?post_type=product&#038;p=145515"},"modified":"2022-11-29T19:35:31","modified_gmt":"2022-11-29T18:35:31","slug":"visite-privee-des-temples-dabydos-et-de-dendera","status":"publish","type":"product","link":"https:\/\/tourtravelandmore.com\/fr\/tours\/egypte-fr\/aswan-luxor-fr\/visite-privee-des-temples-dabydos-et-de-dendera\/","title":{"rendered":"Visite priv\u00e9e des temples d&#8217;Abydos et de Dendera"},"content":{"rendered":"<h2>Description des Visite priv\u00e9e des temples d&#8217;Abydos et de Dendera<\/h2>\n<p>Saisissez l&#8217;occasion de voir deux des principaux monuments de l&#8217;\u00c9gypte ancienne lors de cette visite guid\u00e9e d&#8217;une journ\u00e9e au d\u00e9part de <strong>Louxor<\/strong>, en compagnie d&#8217;un guide touristique local agr\u00e9\u00e9 et de votre chauffeur priv\u00e9. Profitez de notre <strong>visite priv\u00e9e des temples d&#8217;Abydos et de Dendera<\/strong>. Vous explorerez divers points de rep\u00e8re de l&#8217;une des plus grandes civilisations ayant exist\u00e9 sur notre plan\u00e8te.<\/p>\n<p>Votre chauffeur priv\u00e9 et votre guide officiel viendront vous chercher \u00e0 l&#8217;endroit souhait\u00e9 \u00e0 Louxor. Vous commencerez ensuite votre visite de cette belle ville.<\/p>\n<p>Le circuit est enti\u00e8rement adaptable \u00e0 vos souhaits et \u00e0 vos int\u00e9r\u00eats. Nos guides et chauffeurs sont \u00e0 votre disposition. Nous coordonnerons vos droits d&#8217;entr\u00e9e \u00e0 l&#8217;avance. Si vous visitez <strong>l&#8217;\u00c9gypte<\/strong> pendant plusieurs jours, <strong><a href=\"https:\/\/tourtravelandmore.com\/fr\/city\/egypte-fr\/aswan-luxor-fr\/\">vous pouvez consulter nos itin\u00e9raires priv\u00e9s.<\/a><\/strong><\/p>\n<h2>Sites d&#8217;int\u00e9r\u00eat et points de rep\u00e8re<\/h2>\n<p><a href=\"https:\/\/es.wikipedia.org\/wiki\/Luxor\"><strong>Louxor<\/strong> <\/a>est une ville situ\u00e9e sur la rive orientale du Nil, dans le sud de l&#8217;\u00c9gypte. Il se trouve sur le site de l&#8217;ancienne Th\u00e8bes, la capitale des pharaons \u00e0 l&#8217;apog\u00e9e de leur puissance, du <strong>16e<\/strong> au <strong>11e<\/strong> si\u00e8cle avant J\u00e9sus-Christ. La ville d&#8217;aujourd&#8217;hui entoure deux monuments antiques massifs qui ont surv\u00e9cu : l&#8217;\u00e9l\u00e9gant temple de Louxor et le temple de Karnak, \u00e0 un kilom\u00e8tre au nord. Les tombes royales de la <strong>Vall\u00e9e<\/strong> des <strong>Rois<\/strong> et de la <strong>Vall\u00e9e<\/strong> des <strong>Reines<\/strong>se trouvent sur la rive ouest du fleuve.<\/p>\n<p>Tout le monde ne visite pas les temples d&#8217;Abydos et de Dendera car c&#8217;est un long voyage, mais cela en vaut la peine car ce sont deux des plus beaux temples d&#8217;\u00c9gypte. Mieux encore, ces temples ne sont pas envahis par les touristes et vous pouvez vous y promener et en profiter \u00e0 votre guise.<\/p>\n<p>Vous serez pris en charge \u00e0 <strong>votre h\u00e9bergement<\/strong> ou \u00e0 l&#8217;endroit souhait\u00e9 \u00e0 Louxor et vous vous dirigerez d&#8217;abord vers le <strong>temple d&#8217;Abydos<\/strong>, situ\u00e9 \u00e0 environ 170 km au nord de Louxor. Le temple est c\u00e9l\u00e8bre pour ses nombreux tombeaux et s\u00e9pultures, qui remontent aux rois de la premi\u00e8re et de la deuxi\u00e8me dynastie.<\/p>\n<p>Sur le chemin du retour, vous pourrez visiter le <strong>temple<\/strong> de <strong>Dendera<\/strong> (\u00e0 environ 80 km de <strong>Louxor<\/strong>). Dendera est l&#8217;un des complexes les mieux pr\u00e9serv\u00e9s d&#8217;\u00c9gypte. Le temple poss\u00e8de plusieurs cryptes cach\u00e9es, auxquelles on peut acc\u00e9der par une petite ouverture.<\/p>\n<p>Apr\u00e8s cette visite, le voyage de retour vers Louxor dure environ 1,5 heure.<\/p>\n<p>\u00c0 la fin de votre visite priv\u00e9e de <strong>Louxor<\/strong>, votre chauffeur et votre guide vous ram\u00e8neront \u00e0 votre h\u00f4tel ou \u00e0 l&#8217;endroit souhait\u00e9 \u00e0 Louxor.<\/p>\n","protected":false},"excerpt":{"rendered":"<p>Saisissez l&#8217;occasion de voir deux des principaux monuments de l&#8217;\u00c9gypte ancienne lors de cette visite guid\u00e9e d&#8217;une journ\u00e9e au d\u00e9part de <strong>Louxor<\/strong>, en compagnie d&#8217;un guide touristique local agr\u00e9\u00e9 et de votre chauffeur priv\u00e9. Profitez de notre <strong>visite priv\u00e9e des temples d&#8217;Abydos et de Dendera<\/strong>. Vous explorerez divers points de rep\u00e8re de l&#8217;une des plus grandes civilisations ayant exist\u00e9 sur notre plan\u00e8te.<\/p>\n","protected":false},"featured_media":145533,"comment_status":"open","ping_status":"closed","template":"","meta":{"_acf_changed":false},"product_brand":[],"product_cat":[3747,4056],"product_tag":[],"class_list":{"0":"post-145515","1":"product","2":"type-product","3":"status-publish","4":"has-post-thumbnail","6":"product_cat-egypte-fr","7":"product_cat-aswan-luxor-fr","9":"first","10":"instock","11":"shipping-taxable","12":"purchasable","13":"product-type-simple"},"acf":[],"yoast_head":"<!-- This site is optimized with the Yoast SEO Premium plugin v25.3.1 (Yoast SEO v25.3.1) - https:\/\/yoast.com\/wordpress\/plugins\/seo\/ -->\n<title>Visite priv\u00e9e des temples d&#039;Abydos et de Dendera | Tour Travel &amp; More<\/title>\n<meta name=\"description\" content=\"Saisissez l&#039;occasion de voir deux des principaux monuments de l&#039;\u00c9gypte ancienne lors de cette visite priv\u00e9e des temples d&#039;Abydos et de Dendera \u2705.\" \/>\n<meta name=\"robots\" content=\"index, follow, max-snippet:-1, max-image-preview:large, max-video-preview:-1\" \/>\n<link rel=\"canonical\" href=\"https:\/\/tourtravelandmore.com\/fr\/tours\/egypte-fr\/aswan-luxor-fr\/visite-privee-des-temples-dabydos-et-de-dendera\/\" \/>\n<meta property=\"og:locale\" content=\"fr_FR\" \/>\n<meta property=\"og:type\" content=\"article\" \/>\n<meta property=\"og:title\" content=\"Visite priv\u00e9e des temples d&#039;Abydos et de Dendera\" \/>\n<meta property=\"og:description\" content=\"Saisissez l&#039;occasion de voir deux des principaux monuments de l&#039;\u00c9gypte ancienne lors de cette visite priv\u00e9e des temples d&#039;Abydos et de Dendera \u2705.\" \/>\n<meta property=\"og:url\" content=\"https:\/\/tourtravelandmore.com\/fr\/tours\/egypte-fr\/aswan-luxor-fr\/visite-privee-des-temples-dabydos-et-de-dendera\/\" \/>\n<meta property=\"og:site_name\" content=\"Tour Travel And More\" \/>\n<meta property=\"article:publisher\" content=\"https:\/\/www.facebook.com\/tourtravelandmore\/\" \/>\n<meta property=\"article:modified_time\" content=\"2022-11-29T18:35:31+00:00\" \/>\n<meta property=\"og:image\" content=\"https:\/\/tourtravelandmore.com\/wp-content\/uploads\/2022\/11\/DSC_0396.jpg\" \/>\n\t<meta property=\"og:image:width\" content=\"1500\" \/>\n\t<meta property=\"og:image:height\" content=\"1000\" \/>\n\t<meta property=\"og:image:type\" content=\"image\/jpeg\" \/>\n<meta name=\"twitter:card\" content=\"summary_large_image\" \/>\n<meta name=\"twitter:site\" content=\"@TourTravel_More\" \/>\n<meta name=\"twitter:label1\" content=\"Dur\u00e9e de lecture estim\u00e9e\" \/>\n\t<meta name=\"twitter:data1\" content=\"2 minutes\" \/>\n<script type=\"application\/ld+json\" class=\"yoast-schema-graph\">{\"@context\":\"https:\/\/schema.org\",\"@graph\":[{\"@type\":\"WebPage\",\"@id\":\"https:\/\/tourtravelandmore.com\/fr\/tours\/egypte-fr\/aswan-luxor-fr\/visite-privee-des-temples-dabydos-et-de-dendera\/\",\"url\":\"https:\/\/tourtravelandmore.com\/fr\/tours\/egypte-fr\/aswan-luxor-fr\/visite-privee-des-temples-dabydos-et-de-dendera\/\",\"name\":\"Visite priv\u00e9e des temples d'Abydos et de Dendera | Tour Travel & More\",\"isPartOf\":{\"@id\":\"https:\/\/tourtravelandmore.com\/fr\/#website\"},\"primaryImageOfPage\":{\"@id\":\"https:\/\/tourtravelandmore.com\/fr\/tours\/egypte-fr\/aswan-luxor-fr\/visite-privee-des-temples-dabydos-et-de-dendera\/#primaryimage\"},\"image\":{\"@id\":\"https:\/\/tourtravelandmore.com\/fr\/tours\/egypte-fr\/aswan-luxor-fr\/visite-privee-des-temples-dabydos-et-de-dendera\/#primaryimage\"},\"thumbnailUrl\":\"https:\/\/tourtravelandmore.com\/wp-content\/uploads\/2022\/11\/DSC_0396.jpg\",\"datePublished\":\"2022-11-29T16:06:25+00:00\",\"dateModified\":\"2022-11-29T18:35:31+00:00\",\"description\":\"Saisissez l'occasion de voir deux des principaux monuments de l'\u00c9gypte ancienne lors de cette visite priv\u00e9e des temples d'Abydos et de Dendera \u2705.\",\"breadcrumb\":{\"@id\":\"https:\/\/tourtravelandmore.com\/fr\/tours\/egypte-fr\/aswan-luxor-fr\/visite-privee-des-temples-dabydos-et-de-dendera\/#breadcrumb\"},\"inLanguage\":\"fr-FR\",\"potentialAction\":[{\"@type\":\"ReadAction\",\"target\":[\"https:\/\/tourtravelandmore.com\/fr\/tours\/egypte-fr\/aswan-luxor-fr\/visite-privee-des-temples-dabydos-et-de-dendera\/\"]}]},{\"@type\":\"ImageObject\",\"inLanguage\":\"fr-FR\",\"@id\":\"https:\/\/tourtravelandmore.com\/fr\/tours\/egypte-fr\/aswan-luxor-fr\/visite-privee-des-temples-dabydos-et-de-dendera\/#primaryimage\",\"url\":\"https:\/\/tourtravelandmore.com\/wp-content\/uploads\/2022\/11\/DSC_0396.jpg\",\"contentUrl\":\"https:\/\/tourtravelandmore.com\/wp-content\/uploads\/2022\/11\/DSC_0396.jpg\",\"width\":1500,\"height\":1000},{\"@type\":\"BreadcrumbList\",\"@id\":\"https:\/\/tourtravelandmore.com\/fr\/tours\/egypte-fr\/aswan-luxor-fr\/visite-privee-des-temples-dabydos-et-de-dendera\/#breadcrumb\",\"itemListElement\":[{\"@type\":\"ListItem\",\"position\":1,\"name\":\"Home\",\"item\":\"https:\/\/tourtravelandmore.com\/fr\/\"},{\"@type\":\"ListItem\",\"position\":2,\"name\":\"Tours\",\"item\":\"https:\/\/tourtravelandmore.com\/fr\/tours\/\"},{\"@type\":\"ListItem\",\"position\":3,\"name\":\"Visite priv\u00e9e des temples d&rsquo;Abydos et de Dendera\"}]},{\"@type\":\"WebSite\",\"@id\":\"https:\/\/tourtravelandmore.com\/fr\/#website\",\"url\":\"https:\/\/tourtravelandmore.com\/fr\/\",\"name\":\"Tour Travel And More\",\"description\":\"Private sightseeing tours and luxury transfers in Spain\",\"publisher\":{\"@id\":\"https:\/\/tourtravelandmore.com\/fr\/#organization\"},\"potentialAction\":[{\"@type\":\"SearchAction\",\"target\":{\"@type\":\"EntryPoint\",\"urlTemplate\":\"https:\/\/tourtravelandmore.com\/fr\/?s={search_term_string}\"},\"query-input\":{\"@type\":\"PropertyValueSpecification\",\"valueRequired\":true,\"valueName\":\"search_term_string\"}}],\"inLanguage\":\"fr-FR\"},{\"@type\":\"Organization\",\"@id\":\"https:\/\/tourtravelandmore.com\/fr\/#organization\",\"name\":\"Tour Travel And More\",\"url\":\"https:\/\/tourtravelandmore.com\/fr\/\",\"logo\":{\"@type\":\"ImageObject\",\"inLanguage\":\"fr-FR\",\"@id\":\"https:\/\/tourtravelandmore.com\/fr\/#\/schema\/logo\/image\/\",\"url\":\"https:\/\/tourtravelandmore.com\/wp-content\/uploads\/2022\/12\/cropped-logo-cabecera-new.png\",\"contentUrl\":\"https:\/\/tourtravelandmore.com\/wp-content\/uploads\/2022\/12\/cropped-logo-cabecera-new.png\",\"width\":430,\"height\":61,\"caption\":\"Tour Travel And More\"},\"image\":{\"@id\":\"https:\/\/tourtravelandmore.com\/fr\/#\/schema\/logo\/image\/\"},\"sameAs\":[\"https:\/\/www.facebook.com\/tourtravelandmore\/\",\"https:\/\/x.com\/TourTravel_More\"]}]}<\/script>\n<!-- \/ Yoast SEO Premium plugin. -->","yoast_head_json":{"title":"Visite priv\u00e9e des temples d'Abydos et de Dendera | Tour Travel & More","description":"Saisissez l'occasion de voir deux des principaux monuments de l'\u00c9gypte ancienne lors de cette visite priv\u00e9e des temples d'Abydos et de Dendera \u2705.","robots":{"index":"index","follow":"follow","max-snippet":"max-snippet:-1","max-image-preview":"max-image-preview:large","max-video-preview":"max-video-preview:-1"},"canonical":"https:\/\/tourtravelandmore.com\/fr\/tours\/egypte-fr\/aswan-luxor-fr\/visite-privee-des-temples-dabydos-et-de-dendera\/","og_locale":"fr_FR","og_type":"article","og_title":"Visite priv\u00e9e des temples d'Abydos et de Dendera","og_description":"Saisissez l'occasion de voir deux des principaux monuments de l'\u00c9gypte ancienne lors de cette visite priv\u00e9e des temples d'Abydos et de Dendera \u2705.","og_url":"https:\/\/tourtravelandmore.com\/fr\/tours\/egypte-fr\/aswan-luxor-fr\/visite-privee-des-temples-dabydos-et-de-dendera\/","og_site_name":"Tour Travel And More","article_publisher":"https:\/\/www.facebook.com\/tourtravelandmore\/","article_modified_time":"2022-11-29T18:35:31+00:00","og_image":[{"width":1500,"height":1000,"url":"https:\/\/tourtravelandmore.com\/wp-content\/uploads\/2022\/11\/DSC_0396.jpg","type":"image\/jpeg"}],"twitter_card":"summary_large_image","twitter_site":"@TourTravel_More","twitter_misc":{"Dur\u00e9e de lecture estim\u00e9e":"2 minutes"},"schema":{"@context":"https:\/\/schema.org","@graph":[{"@type":"WebPage","@id":"https:\/\/tourtravelandmore.com\/fr\/tours\/egypte-fr\/aswan-luxor-fr\/visite-privee-des-temples-dabydos-et-de-dendera\/","url":"https:\/\/tourtravelandmore.com\/fr\/tours\/egypte-fr\/aswan-luxor-fr\/visite-privee-des-temples-dabydos-et-de-dendera\/","name":"Visite priv\u00e9e des temples d'Abydos et de Dendera | Tour Travel & More","isPartOf":{"@id":"https:\/\/tourtravelandmore.com\/fr\/#website"},"primaryImageOfPage":{"@id":"https:\/\/tourtravelandmore.com\/fr\/tours\/egypte-fr\/aswan-luxor-fr\/visite-privee-des-temples-dabydos-et-de-dendera\/#primaryimage"},"image":{"@id":"https:\/\/tourtravelandmore.com\/fr\/tours\/egypte-fr\/aswan-luxor-fr\/visite-privee-des-temples-dabydos-et-de-dendera\/#primaryimage"},"thumbnailUrl":"https:\/\/tourtravelandmore.com\/wp-content\/uploads\/2022\/11\/DSC_0396.jpg","datePublished":"2022-11-29T16:06:25+00:00","dateModified":"2022-11-29T18:35:31+00:00","description":"Saisissez l'occasion de voir deux des principaux monuments de l'\u00c9gypte ancienne lors de cette visite priv\u00e9e des temples d'Abydos et de Dendera \u2705.","breadcrumb":{"@id":"https:\/\/tourtravelandmore.com\/fr\/tours\/egypte-fr\/aswan-luxor-fr\/visite-privee-des-temples-dabydos-et-de-dendera\/#breadcrumb"},"inLanguage":"fr-FR","potentialAction":[{"@type":"ReadAction","target":["https:\/\/tourtravelandmore.com\/fr\/tours\/egypte-fr\/aswan-luxor-fr\/visite-privee-des-temples-dabydos-et-de-dendera\/"]}]},{"@type":"ImageObject","inLanguage":"fr-FR","@id":"https:\/\/tourtravelandmore.com\/fr\/tours\/egypte-fr\/aswan-luxor-fr\/visite-privee-des-temples-dabydos-et-de-dendera\/#primaryimage","url":"https:\/\/tourtravelandmore.com\/wp-content\/uploads\/2022\/11\/DSC_0396.jpg","contentUrl":"https:\/\/tourtravelandmore.com\/wp-content\/uploads\/2022\/11\/DSC_0396.jpg","width":1500,"height":1000},{"@type":"BreadcrumbList","@id":"https:\/\/tourtravelandmore.com\/fr\/tours\/egypte-fr\/aswan-luxor-fr\/visite-privee-des-temples-dabydos-et-de-dendera\/#breadcrumb","itemListElement":[{"@type":"ListItem","position":1,"name":"Home","item":"https:\/\/tourtravelandmore.com\/fr\/"},{"@type":"ListItem","position":2,"name":"Tours","item":"https:\/\/tourtravelandmore.com\/fr\/tours\/"},{"@type":"ListItem","position":3,"name":"Visite priv\u00e9e des temples d&rsquo;Abydos et de Dendera"}]},{"@type":"WebSite","@id":"https:\/\/tourtravelandmore.com\/fr\/#website","url":"https:\/\/tourtravelandmore.com\/fr\/","name":"Tour Travel And More","description":"Private sightseeing tours and luxury transfers in Spain","publisher":{"@id":"https:\/\/tourtravelandmore.com\/fr\/#organization"},"potentialAction":[{"@type":"SearchAction","target":{"@type":"EntryPoint","urlTemplate":"https:\/\/tourtravelandmore.com\/fr\/?s={search_term_string}"},"query-input":{"@type":"PropertyValueSpecification","valueRequired":true,"valueName":"search_term_string"}}],"inLanguage":"fr-FR"},{"@type":"Organization","@id":"https:\/\/tourtravelandmore.com\/fr\/#organization","name":"Tour Travel And More","url":"https:\/\/tourtravelandmore.com\/fr\/","logo":{"@type":"ImageObject","inLanguage":"fr-FR","@id":"https:\/\/tourtravelandmore.com\/fr\/#\/schema\/logo\/image\/","url":"https:\/\/tourtravelandmore.com\/wp-content\/uploads\/2022\/12\/cropped-logo-cabecera-new.png","contentUrl":"https:\/\/tourtravelandmore.com\/wp-content\/uploads\/2022\/12\/cropped-logo-cabecera-new.png","width":430,"height":61,"caption":"Tour Travel And More"},"image":{"@id":"https:\/\/tourtravelandmore.com\/fr\/#\/schema\/logo\/image\/"},"sameAs":["https:\/\/www.facebook.com\/tourtravelandmore\/","https:\/\/x.com\/TourTravel_More"]}]}},"_links":{"self":[{"href":"https:\/\/tourtravelandmore.com\/fr\/wp-json\/wp\/v2\/product\/145515","targetHints":{"allow":["GET"]}}],"collection":[{"href":"https:\/\/tourtravelandmore.com\/fr\/wp-json\/wp\/v2\/product"}],"about":[{"href":"https:\/\/tourtravelandmore.com\/fr\/wp-json\/wp\/v2\/types\/product"}],"replies":[{"embeddable":true,"href":"https:\/\/tourtravelandmore.com\/fr\/wp-json\/wp\/v2\/comments?post=145515"}],"wp:featuredmedia":[{"embeddable":true,"href":"https:\/\/tourtravelandmore.com\/fr\/wp-json\/wp\/v2\/media\/145533"}],"wp:attachment":[{"href":"https:\/\/tourtravelandmore.com\/fr\/wp-json\/wp\/v2\/media?parent=145515"}],"wp:term":[{"taxonomy":"product_brand","embeddable":true,"href":"https:\/\/tourtravelandmore.com\/fr\/wp-json\/wp\/v2\/product_brand?post=145515"},{"taxonomy":"product_cat","embeddable":true,"href":"https:\/\/tourtravelandmore.com\/fr\/wp-json\/wp\/v2\/product_cat?post=145515"},{"taxonomy":"product_tag","embeddable":true,"href":"https:\/\/tourtravelandmore.com\/fr\/wp-json\/wp\/v2\/product_tag?post=145515"}],"curies":[{"name":"wp","href":"https:\/\/api.w.org\/{rel}","templated":true}]}}