{"id":145070,"date":"2022-11-25T15:27:31","date_gmt":"2022-11-25T14:27:37","guid":{"rendered":"https:\/\/tourtravelandmore.com\/?post_type=product&#038;p=145070"},"modified":"2022-11-25T15:44:43","modified_gmt":"2022-11-25T14:44:43","slug":"transferts-prives-du-luoxor-a-alexandrie","status":"publish","type":"product","link":"https:\/\/tourtravelandmore.com\/fr\/tours\/egypte-fr\/aswan-luxor-fr\/transferts-prives-du-luoxor-a-alexandrie\/","title":{"rendered":"Transferts priv\u00e9s du Louxor \u00e0 Alexandrie"},"content":{"rendered":"<h2>Description des transferts priv\u00e9s du Louxor \u00e0 Alexandrie<\/h2>\n<p>Laissez-nous organiser votre transport dans l&#8217;un de nos v\u00e9hicules <strong>priv\u00e9s<\/strong> avec nos<strong> transferts priv\u00e9s du Louxor \u00e0 Alexandrie<\/strong>. Nous vous proposons le moyen le plus rapide et le plus simple d&#8217;atteindre votre destination finale.<\/p>\n<p>Nos chauffeurs professionnels sont \u00e0 votre enti\u00e8re disposition. Nous proposons tous types de transferts tels que <strong>l&#8217;a\u00e9roport<\/strong>, <strong>le port de croisi\u00e8re Sa\u00efd<\/strong> ou les transferts vers toute autre ville ou lieu \u00e0 proximit\u00e9.<\/p>\n<p>Dans le cas d&#8217;un transfert \u00e0 l&#8217;arriv\u00e9e, votre chauffeur vous attendra dans le terminal des arriv\u00e9es en tenant un panneau avec votre nom. Sinon, nos transferts priv\u00e9s du <strong>Louxor<\/strong> \u00e0 Alexandrie peuvent commencer \u00e0 partir de votre h\u00f4tel ou du lieu de votre choix dans la ville.<\/p>\n<p>Nous proposons de nombreuses options d&#8217;excursions priv\u00e9es au Louxor, consultez notre liste d&#8217;excursions priv\u00e9es et d&#8217;itin\u00e9raires priv\u00e9s de plusieurs jours.<\/p>\n<h2>Sites d&#8217;int\u00e9r\u00eat et points de rep\u00e8re<\/h2>\n<p>Louxor est une ville situ\u00e9e sur la rive orientale du Nil, dans le sud de l&#8217;\u00c9gypte. Il se trouve sur le site de l&#8217;ancienne Th\u00e8bes, la capitale des pharaons \u00e0 l&#8217;apog\u00e9e de leur puissance, du 16e au 11e si\u00e8cle avant J\u00e9sus-Christ. La ville d&#8217;aujourd&#8217;hui entoure deux monuments antiques massifs qui ont surv\u00e9cu : l&#8217;\u00e9l\u00e9gant temple de Louxor et le temple de Karnak, \u00e0 un kilom\u00e8tre au nord. Les tombes royales de la Vall\u00e9e des Rois et de la Vall\u00e9e des Reines se trouvent sur la rive ouest du fleuve.<\/p>\n<p><strong>Alexandrie<\/strong> est une ville portuaire m\u00e9diterran\u00e9enne d&#8217;\u00c9gypte. Pendant la p\u00e9riode hell\u00e9nistique, elle abritait un phare qui figure parmi les sept merveilles du monde antique, ainsi qu&#8217;une importante biblioth\u00e8que. L&#8217;actuelle biblioth\u00e8que d&#8217;Alexandrie est en forme de disque et extr\u00eamement moderne. La ville poss\u00e8de \u00e9galement des sites gr\u00e9co-romains, des caf\u00e9s de l&#8217;ancien monde et des plages. <strong>Aujourd&#8217;hui<\/strong>, la citadelle de <strong>Qaitbay<\/strong>, datant du XVe si\u00e8cle, situ\u00e9e sur le front de mer, est un mus\u00e9e.<\/p>\n<p>Nous proposons des transferts pour les groupes priv\u00e9s et m\u00eame des incentives et grands groupes. L&#8217;ensemble de nos prestations est r\u00e9alis\u00e9 sur mesure et agenc\u00e9 selon les envies de nos clients.<\/p>\n<p>Il vous suffit de nous contacter, nous organiserons votre transfert de la meilleure fa\u00e7on possible.<\/p>\n<p>Nous ne limitons pas le nombre de <strong>bagages<\/strong>. Mais nous vous demandons d\u2019indiquer le nombre de bagages avec lesquels vous voyagerez uniquement pour des raisons logistiques. Parfois, un v\u00e9hicule plus gros peut \u00eatre n\u00e9cessaire et des frais suppl\u00e9mentaires peuvent s&#8217;appliquer.<\/p>\n<p>Si vous avez besoin d&#8217;un si\u00e8ge b\u00e9b\u00e9 ou d&#8217;un si\u00e8ge enfant, veuillez nous contacter avant votre vol ou votre transfert <strong>priv\u00e9 afin de l&#8217;organiser correctement.<\/strong><\/p>\n","protected":false},"excerpt":{"rendered":"<p>Laissez-nous organiser <strong>votre transport<\/strong> dans l&#8217;un de nos<strong> v\u00e9hicules priv\u00e9s<\/strong> avec nos <strong>transferts priv\u00e9s du Louxor \u00e0 Alexandrie.<\/strong> Nous vous offrons le moyen le plus rapide et le plus facile d&#8217;atteindre votre destination finale.<\/p>\n","protected":false},"featured_media":144328,"comment_status":"open","ping_status":"closed","template":"","meta":{"_acf_changed":false},"product_brand":[],"product_cat":[3747,4056],"product_tag":[],"class_list":{"0":"post-145070","1":"product","2":"type-product","3":"status-publish","4":"has-post-thumbnail","6":"product_cat-egypte-fr","7":"product_cat-aswan-luxor-fr","9":"first","10":"instock","11":"shipping-taxable","12":"purchasable","13":"product-type-simple"},"acf":[],"yoast_head":"<!-- This site is optimized with the Yoast SEO Premium plugin v25.3.1 (Yoast SEO v25.3.1) - https:\/\/yoast.com\/wordpress\/plugins\/seo\/ -->\n<title>Transferts priv\u00e9s du Louxor \u00e0 Alexandrie | Tour Travel &amp; More<\/title>\n<meta name=\"description\" content=\"Nous vous proposons le moyen le plus rapide et le plus simple pour atteindre votre destination finale \u00e0 Alexandrie. Transferts priv\u00e9s du Louxor \u00e0 Alexandrie \u2705\" \/>\n<meta name=\"robots\" content=\"index, follow, max-snippet:-1, max-image-preview:large, max-video-preview:-1\" \/>\n<link rel=\"canonical\" href=\"https:\/\/tourtravelandmore.com\/fr\/tours\/egypte-fr\/aswan-luxor-fr\/transferts-prives-du-luoxor-a-alexandrie\/\" \/>\n<meta property=\"og:locale\" content=\"fr_FR\" \/>\n<meta property=\"og:type\" content=\"article\" \/>\n<meta property=\"og:title\" content=\"Transferts priv\u00e9s du Louxor \u00e0 Alexandrie\" \/>\n<meta property=\"og:description\" content=\"Nous vous proposons le moyen le plus rapide et le plus simple pour atteindre votre destination finale \u00e0 Alexandrie. Transferts priv\u00e9s du Louxor \u00e0 Alexandrie \u2705\" \/>\n<meta property=\"og:url\" content=\"https:\/\/tourtravelandmore.com\/fr\/tours\/egypte-fr\/aswan-luxor-fr\/transferts-prives-du-luoxor-a-alexandrie\/\" \/>\n<meta property=\"og:site_name\" content=\"Tour Travel And More\" \/>\n<meta property=\"article:publisher\" content=\"https:\/\/www.facebook.com\/tourtravelandmore\/\" \/>\n<meta property=\"article:modified_time\" content=\"2022-11-25T14:44:43+00:00\" \/>\n<meta property=\"og:image\" content=\"https:\/\/tourtravelandmore.com\/wp-content\/uploads\/2022\/11\/RT_V_dea56daf0d1646619b18dbf555170ff7.jpg\" \/>\n\t<meta property=\"og:image:width\" content=\"480\" \/>\n\t<meta property=\"og:image:height\" content=\"360\" \/>\n\t<meta property=\"og:image:type\" content=\"image\/jpeg\" \/>\n<meta name=\"twitter:card\" content=\"summary_large_image\" \/>\n<meta name=\"twitter:site\" content=\"@TourTravel_More\" \/>\n<meta name=\"twitter:label1\" content=\"Dur\u00e9e de lecture estim\u00e9e\" \/>\n\t<meta name=\"twitter:data1\" content=\"2 minutes\" \/>\n<script type=\"application\/ld+json\" class=\"yoast-schema-graph\">{\"@context\":\"https:\/\/schema.org\",\"@graph\":[{\"@type\":\"WebPage\",\"@id\":\"https:\/\/tourtravelandmore.com\/fr\/tours\/egypte-fr\/aswan-luxor-fr\/transferts-prives-du-luoxor-a-alexandrie\/\",\"url\":\"https:\/\/tourtravelandmore.com\/fr\/tours\/egypte-fr\/aswan-luxor-fr\/transferts-prives-du-luoxor-a-alexandrie\/\",\"name\":\"Transferts priv\u00e9s du Louxor \u00e0 Alexandrie | Tour Travel & More\",\"isPartOf\":{\"@id\":\"https:\/\/tourtravelandmore.com\/fr\/#website\"},\"primaryImageOfPage\":{\"@id\":\"https:\/\/tourtravelandmore.com\/fr\/tours\/egypte-fr\/aswan-luxor-fr\/transferts-prives-du-luoxor-a-alexandrie\/#primaryimage\"},\"image\":{\"@id\":\"https:\/\/tourtravelandmore.com\/fr\/tours\/egypte-fr\/aswan-luxor-fr\/transferts-prives-du-luoxor-a-alexandrie\/#primaryimage\"},\"thumbnailUrl\":\"https:\/\/tourtravelandmore.com\/wp-content\/uploads\/2022\/11\/RT_V_dea56daf0d1646619b18dbf555170ff7.jpg\",\"datePublished\":\"2022-11-25T14:27:37+00:00\",\"dateModified\":\"2022-11-25T14:44:43+00:00\",\"description\":\"Nous vous proposons le moyen le plus rapide et le plus simple pour atteindre votre destination finale \u00e0 Alexandrie. Transferts priv\u00e9s du Louxor \u00e0 Alexandrie \u2705\",\"breadcrumb\":{\"@id\":\"https:\/\/tourtravelandmore.com\/fr\/tours\/egypte-fr\/aswan-luxor-fr\/transferts-prives-du-luoxor-a-alexandrie\/#breadcrumb\"},\"inLanguage\":\"fr-FR\",\"potentialAction\":[{\"@type\":\"ReadAction\",\"target\":[\"https:\/\/tourtravelandmore.com\/fr\/tours\/egypte-fr\/aswan-luxor-fr\/transferts-prives-du-luoxor-a-alexandrie\/\"]}]},{\"@type\":\"ImageObject\",\"inLanguage\":\"fr-FR\",\"@id\":\"https:\/\/tourtravelandmore.com\/fr\/tours\/egypte-fr\/aswan-luxor-fr\/transferts-prives-du-luoxor-a-alexandrie\/#primaryimage\",\"url\":\"https:\/\/tourtravelandmore.com\/wp-content\/uploads\/2022\/11\/RT_V_dea56daf0d1646619b18dbf555170ff7.jpg\",\"contentUrl\":\"https:\/\/tourtravelandmore.com\/wp-content\/uploads\/2022\/11\/RT_V_dea56daf0d1646619b18dbf555170ff7.jpg\",\"width\":480,\"height\":360,\"caption\":\"Private Transfers from Alexandria to Cairo\"},{\"@type\":\"BreadcrumbList\",\"@id\":\"https:\/\/tourtravelandmore.com\/fr\/tours\/egypte-fr\/aswan-luxor-fr\/transferts-prives-du-luoxor-a-alexandrie\/#breadcrumb\",\"itemListElement\":[{\"@type\":\"ListItem\",\"position\":1,\"name\":\"Home\",\"item\":\"https:\/\/tourtravelandmore.com\/fr\/\"},{\"@type\":\"ListItem\",\"position\":2,\"name\":\"Tours\",\"item\":\"https:\/\/tourtravelandmore.com\/fr\/tours\/\"},{\"@type\":\"ListItem\",\"position\":3,\"name\":\"Transferts priv\u00e9s du Louxor \u00e0 Alexandrie\"}]},{\"@type\":\"WebSite\",\"@id\":\"https:\/\/tourtravelandmore.com\/fr\/#website\",\"url\":\"https:\/\/tourtravelandmore.com\/fr\/\",\"name\":\"Tour Travel And More\",\"description\":\"Private sightseeing tours and luxury transfers in Spain\",\"publisher\":{\"@id\":\"https:\/\/tourtravelandmore.com\/fr\/#organization\"},\"potentialAction\":[{\"@type\":\"SearchAction\",\"target\":{\"@type\":\"EntryPoint\",\"urlTemplate\":\"https:\/\/tourtravelandmore.com\/fr\/?s={search_term_string}\"},\"query-input\":{\"@type\":\"PropertyValueSpecification\",\"valueRequired\":true,\"valueName\":\"search_term_string\"}}],\"inLanguage\":\"fr-FR\"},{\"@type\":\"Organization\",\"@id\":\"https:\/\/tourtravelandmore.com\/fr\/#organization\",\"name\":\"Tour Travel And More\",\"url\":\"https:\/\/tourtravelandmore.com\/fr\/\",\"logo\":{\"@type\":\"ImageObject\",\"inLanguage\":\"fr-FR\",\"@id\":\"https:\/\/tourtravelandmore.com\/fr\/#\/schema\/logo\/image\/\",\"url\":\"https:\/\/tourtravelandmore.com\/wp-content\/uploads\/2022\/12\/cropped-logo-cabecera-new.png\",\"contentUrl\":\"https:\/\/tourtravelandmore.com\/wp-content\/uploads\/2022\/12\/cropped-logo-cabecera-new.png\",\"width\":430,\"height\":61,\"caption\":\"Tour Travel And More\"},\"image\":{\"@id\":\"https:\/\/tourtravelandmore.com\/fr\/#\/schema\/logo\/image\/\"},\"sameAs\":[\"https:\/\/www.facebook.com\/tourtravelandmore\/\",\"https:\/\/x.com\/TourTravel_More\"]}]}<\/script>\n<!-- \/ Yoast SEO Premium plugin. -->","yoast_head_json":{"title":"Transferts priv\u00e9s du Louxor \u00e0 Alexandrie | Tour Travel & More","description":"Nous vous proposons le moyen le plus rapide et le plus simple pour atteindre votre destination finale \u00e0 Alexandrie. Transferts priv\u00e9s du Louxor \u00e0 Alexandrie \u2705","robots":{"index":"index","follow":"follow","max-snippet":"max-snippet:-1","max-image-preview":"max-image-preview:large","max-video-preview":"max-video-preview:-1"},"canonical":"https:\/\/tourtravelandmore.com\/fr\/tours\/egypte-fr\/aswan-luxor-fr\/transferts-prives-du-luoxor-a-alexandrie\/","og_locale":"fr_FR","og_type":"article","og_title":"Transferts priv\u00e9s du Louxor \u00e0 Alexandrie","og_description":"Nous vous proposons le moyen le plus rapide et le plus simple pour atteindre votre destination finale \u00e0 Alexandrie. Transferts priv\u00e9s du Louxor \u00e0 Alexandrie \u2705","og_url":"https:\/\/tourtravelandmore.com\/fr\/tours\/egypte-fr\/aswan-luxor-fr\/transferts-prives-du-luoxor-a-alexandrie\/","og_site_name":"Tour Travel And More","article_publisher":"https:\/\/www.facebook.com\/tourtravelandmore\/","article_modified_time":"2022-11-25T14:44:43+00:00","og_image":[{"width":480,"height":360,"url":"https:\/\/tourtravelandmore.com\/wp-content\/uploads\/2022\/11\/RT_V_dea56daf0d1646619b18dbf555170ff7.jpg","type":"image\/jpeg"}],"twitter_card":"summary_large_image","twitter_site":"@TourTravel_More","twitter_misc":{"Dur\u00e9e de lecture estim\u00e9e":"2 minutes"},"schema":{"@context":"https:\/\/schema.org","@graph":[{"@type":"WebPage","@id":"https:\/\/tourtravelandmore.com\/fr\/tours\/egypte-fr\/aswan-luxor-fr\/transferts-prives-du-luoxor-a-alexandrie\/","url":"https:\/\/tourtravelandmore.com\/fr\/tours\/egypte-fr\/aswan-luxor-fr\/transferts-prives-du-luoxor-a-alexandrie\/","name":"Transferts priv\u00e9s du Louxor \u00e0 Alexandrie | Tour Travel & More","isPartOf":{"@id":"https:\/\/tourtravelandmore.com\/fr\/#website"},"primaryImageOfPage":{"@id":"https:\/\/tourtravelandmore.com\/fr\/tours\/egypte-fr\/aswan-luxor-fr\/transferts-prives-du-luoxor-a-alexandrie\/#primaryimage"},"image":{"@id":"https:\/\/tourtravelandmore.com\/fr\/tours\/egypte-fr\/aswan-luxor-fr\/transferts-prives-du-luoxor-a-alexandrie\/#primaryimage"},"thumbnailUrl":"https:\/\/tourtravelandmore.com\/wp-content\/uploads\/2022\/11\/RT_V_dea56daf0d1646619b18dbf555170ff7.jpg","datePublished":"2022-11-25T14:27:37+00:00","dateModified":"2022-11-25T14:44:43+00:00","description":"Nous vous proposons le moyen le plus rapide et le plus simple pour atteindre votre destination finale \u00e0 Alexandrie. Transferts priv\u00e9s du Louxor \u00e0 Alexandrie \u2705","breadcrumb":{"@id":"https:\/\/tourtravelandmore.com\/fr\/tours\/egypte-fr\/aswan-luxor-fr\/transferts-prives-du-luoxor-a-alexandrie\/#breadcrumb"},"inLanguage":"fr-FR","potentialAction":[{"@type":"ReadAction","target":["https:\/\/tourtravelandmore.com\/fr\/tours\/egypte-fr\/aswan-luxor-fr\/transferts-prives-du-luoxor-a-alexandrie\/"]}]},{"@type":"ImageObject","inLanguage":"fr-FR","@id":"https:\/\/tourtravelandmore.com\/fr\/tours\/egypte-fr\/aswan-luxor-fr\/transferts-prives-du-luoxor-a-alexandrie\/#primaryimage","url":"https:\/\/tourtravelandmore.com\/wp-content\/uploads\/2022\/11\/RT_V_dea56daf0d1646619b18dbf555170ff7.jpg","contentUrl":"https:\/\/tourtravelandmore.com\/wp-content\/uploads\/2022\/11\/RT_V_dea56daf0d1646619b18dbf555170ff7.jpg","width":480,"height":360,"caption":"Private Transfers from Alexandria to Cairo"},{"@type":"BreadcrumbList","@id":"https:\/\/tourtravelandmore.com\/fr\/tours\/egypte-fr\/aswan-luxor-fr\/transferts-prives-du-luoxor-a-alexandrie\/#breadcrumb","itemListElement":[{"@type":"ListItem","position":1,"name":"Home","item":"https:\/\/tourtravelandmore.com\/fr\/"},{"@type":"ListItem","position":2,"name":"Tours","item":"https:\/\/tourtravelandmore.com\/fr\/tours\/"},{"@type":"ListItem","position":3,"name":"Transferts priv\u00e9s du Louxor \u00e0 Alexandrie"}]},{"@type":"WebSite","@id":"https:\/\/tourtravelandmore.com\/fr\/#website","url":"https:\/\/tourtravelandmore.com\/fr\/","name":"Tour Travel And More","description":"Private sightseeing tours and luxury transfers in Spain","publisher":{"@id":"https:\/\/tourtravelandmore.com\/fr\/#organization"},"potentialAction":[{"@type":"SearchAction","target":{"@type":"EntryPoint","urlTemplate":"https:\/\/tourtravelandmore.com\/fr\/?s={search_term_string}"},"query-input":{"@type":"PropertyValueSpecification","valueRequired":true,"valueName":"search_term_string"}}],"inLanguage":"fr-FR"},{"@type":"Organization","@id":"https:\/\/tourtravelandmore.com\/fr\/#organization","name":"Tour Travel And More","url":"https:\/\/tourtravelandmore.com\/fr\/","logo":{"@type":"ImageObject","inLanguage":"fr-FR","@id":"https:\/\/tourtravelandmore.com\/fr\/#\/schema\/logo\/image\/","url":"https:\/\/tourtravelandmore.com\/wp-content\/uploads\/2022\/12\/cropped-logo-cabecera-new.png","contentUrl":"https:\/\/tourtravelandmore.com\/wp-content\/uploads\/2022\/12\/cropped-logo-cabecera-new.png","width":430,"height":61,"caption":"Tour Travel And More"},"image":{"@id":"https:\/\/tourtravelandmore.com\/fr\/#\/schema\/logo\/image\/"},"sameAs":["https:\/\/www.facebook.com\/tourtravelandmore\/","https:\/\/x.com\/TourTravel_More"]}]}},"_links":{"self":[{"href":"https:\/\/tourtravelandmore.com\/fr\/wp-json\/wp\/v2\/product\/145070","targetHints":{"allow":["GET"]}}],"collection":[{"href":"https:\/\/tourtravelandmore.com\/fr\/wp-json\/wp\/v2\/product"}],"about":[{"href":"https:\/\/tourtravelandmore.com\/fr\/wp-json\/wp\/v2\/types\/product"}],"replies":[{"embeddable":true,"href":"https:\/\/tourtravelandmore.com\/fr\/wp-json\/wp\/v2\/comments?post=145070"}],"wp:featuredmedia":[{"embeddable":true,"href":"https:\/\/tourtravelandmore.com\/fr\/wp-json\/wp\/v2\/media\/144328"}],"wp:attachment":[{"href":"https:\/\/tourtravelandmore.com\/fr\/wp-json\/wp\/v2\/media?parent=145070"}],"wp:term":[{"taxonomy":"product_brand","embeddable":true,"href":"https:\/\/tourtravelandmore.com\/fr\/wp-json\/wp\/v2\/product_brand?post=145070"},{"taxonomy":"product_cat","embeddable":true,"href":"https:\/\/tourtravelandmore.com\/fr\/wp-json\/wp\/v2\/product_cat?post=145070"},{"taxonomy":"product_tag","embeddable":true,"href":"https:\/\/tourtravelandmore.com\/fr\/wp-json\/wp\/v2\/product_tag?post=145070"}],"curies":[{"name":"wp","href":"https:\/\/api.w.org\/{rel}","templated":true}]}}