{"id":144167,"date":"2022-11-18T14:53:08","date_gmt":"2022-11-18T13:53:17","guid":{"rendered":"https:\/\/tourtravelandmore.com\/?post_type=product&#038;p=144167"},"modified":"2023-08-22T12:17:16","modified_gmt":"2023-08-22T10:17:16","slug":"visite-privee-en-quad-des-pyramides-de-gizeh","status":"publish","type":"product","link":"https:\/\/tourtravelandmore.com\/fr\/tours\/egypte-fr\/cairo-fr\/all-private-tours-and-activities-fr-2\/visite-privee-en-quad-des-pyramides-de-gizeh\/","title":{"rendered":"Visite priv\u00e9e en Quad des Pyramides de Gizeh"},"content":{"rendered":"<h2>Description de la visite priv\u00e9e en quad des pyramides de Gizeh<\/h2>\n<p>Explorez les sites les plus spectaculaires de <strong>l&#8217;\u00c9gypte<\/strong> <strong>ancienne<\/strong> pr\u00e8s du <strong>Caire<\/strong> en une journ\u00e9e avec un guide expert officiel lors d&#8217;un circuit spectaculaire en quad. Lors de notre <strong>visite priv\u00e9e en quad des pyramides de Gizeh<\/strong>, vous visiterez l&#8217;une des <strong>sept merveilles du monde<\/strong> et d&#8217;autres sites embl\u00e9matiques de l&#8217;une des plus grandes civilisations ayant exist\u00e9 sur notre plan\u00e8te.<\/p>\n<p>Votre chauffeur officiel priv\u00e9 viendra vous chercher \u00e0 votre h\u00f4tel ou \u00e0 l&#8217;endroit souhait\u00e9 au <strong>Caire.<\/strong> Vous vous rendrez ensuite \u00e0 <strong>Gizeh et visiterez les 3 pyramides et le Sphinx.<\/strong><\/p>\n<p>Le circuit est enti\u00e8rement adaptable \u00e0 vos souhaits et \u00e0 vos int\u00e9r\u00eats. Nos guides et chauffeurs sont \u00e0 votre disposition. Nous coordonnerons votre visite \u00e0 l&#8217;avance. Si vous visitez l&#8217;\u00c9gypte pendant plusieurs jours, vous pouvez consulter<strong> <a href=\"https:\/\/tourtravelandmore.com\/fr\/city\/egypte-fr\/cairo-fr\/cairo-itineraries-en-fr-cairo-fr\/\">nos itin\u00e9raires priv\u00e9s.<\/a><\/strong><\/p>\n<h2>Sites d&#8217;int\u00e9r\u00eat et monuments<\/h2>\n<p>Apr\u00e8s avoir \u00e9t\u00e9 pris en charge \u00e0 votre h\u00f4tel ou au lieu de <strong>votre choix au Caire<\/strong>, vous serez transf\u00e9r\u00e9 aux <strong>Pyramides<\/strong> <strong>de<\/strong> <strong>Gizeh<\/strong>. C&#8217;est le point de d\u00e9part de votre circuit facile en quad. Ce circuit est le moyen le plus excitant de d\u00e9couvrir les <strong>anciennes<\/strong> <strong>merveilles<\/strong> de l&#8217;\u00c9gypte. Les buggys fabriqu\u00e9s sur mesure sont capables de traverser les dunes \u00e0 une vitesse de plus de 80 km\/h et vous emm\u00e8nent dans des endroits que la plupart des touristes ne voient jamais.<\/p>\n<p><strong>La visite du d\u00e9sert est une exp\u00e9rience palpitante qui rendra vos vacances en \u00c9gypte inoubliables.<\/strong><\/p>\n<p>Prenez des photos \u00e9tonnantes et voyez les grandes pyramides : Cheops, Chephren et Mykerinos. Ensuite, vous visiterez le temple de la vall\u00e9e et verrez le Sphinx de pr\u00e8s.<\/p>\n<p>\u00c0 la fin de votre <strong>visite priv\u00e9e en quad des pyramides de Gizeh,<\/strong> votre chauffeur et votre guide vous ram\u00e8neront \u00e0 votre h\u00f4tel au Caire. Vous pourrez d\u00eener dans l&#8217;un des nombreux et magnifiques restaurants de la ville. Le Caire est connu pour l&#8217;hospitalit\u00e9 de ses habitants et sa cuisine vari\u00e9e. Nous vous recommanderons les meilleurs endroits de la ville.<\/p>\n<p><button style=\"width: auto; height: auto; background-image: url('data:image\/png;base64,iVBORw0KGgoAAAANSUhEUgAAADAAAAAwCAYAAABXAvmHAAABS2lUWHRYTUw6Y29tLmFkb2JlLnhtcAAAAAAAPD94cGFja2V0IGJlZ2luPSLvu78iIGlkPSJXNU0wTXBDZWhpSHpyZVN6TlRjemtjOWQiPz4KPHg6eG1wbWV0YSB4bWxuczp4PSJhZG9iZTpuczptZXRhLyIgeDp4bXB0az0iQWRvYmUgWE1QIENvcmUgNS42LWMxMzggNzkuMTU5ODI0LCAyMDE2LzA5LzE0LTAxOjA5OjAxICAgICAgICAiPgogPHJkZjpSREYgeG1sbnM6cmRmPSJodHRwOi8vd3d3LnczLm9yZy8xOTk5LzAyLzIyLXJkZi1zeW50YXgtbnMjIj4KICA8cmRmOkRlc2NyaXB0aW9uIHJkZjphYm91dD0iIi8+CiA8L3JkZjpSREY+CjwveDp4bXBtZXRhPgo8P3hwYWNrZXQgZW5kPSJyIj8+IEmuOgAAAx5JREFUaIHtmj1L81wYx39JI75AbYtgBTFTRdQGXV2cxMlPICjiakHE0cVJB5FO4uLgN1AnZ\/0EgoLQtd6tL6hJIwia9DzDg6Wxpcb7hMTe+INCz+t1\/TnJuU7OOYoQ4g8Qpz2xFSGEiNoLGVTAjtoJCWw1ag9k0eoTQgg2NzcplUp0dHRE5VNTHMdB0zTy+TydnZ21fI8Ay7K4vr4ml8uRSqVCd7IVQgjW19cpFAoYhlHLbxiBTCbD9PR06A76YXx8HNd1PXmed0BRFBzHwTTNUB3zy\/v7O7FYzJPX9i\/xr4Co0b6u0prj42Pu7u5a1unp6UHXdSYmJkgmk7ImPUgLWFlZoVQq+aqbSCSYn59ne3ubRCIhaxoI4BHSdd13Xcuy2N\/fxzCML0fNL9IjoChK7f\/p6Smjo6MNdWzb5vz8nI2NDUzTpFgsMjMzw+Xlpax5eQH1TE5OMjAw0LQsm80yNzdHNpvFtm2urq44PDxkaWlJymags9D9\/X3Lcl3X2dnZqaX39vakbYY+jS4uLtLV1QXAxcUFlUpFqr\/QBXR3d9Pf3w\/8v8J8fn6W6i90Aa7r8vT0BEAsFpOeTkMXcHJywsvLCwAjIyPSgS1QAb29vS3LHx4eyOVytfTy8rK0zUAFPD4+8vb25vm9vr5SLBY5ODjAMAzK5TIAQ0NDrK6uStsMNA7Mzs42rNfrn\/kP0uk0Z2dnaJq8+UAFfHb0M6qqsrCwwO7uLn19fYHYDFTA2tpa00isaRqDg4NMTU19a+3kh0AFbG1t1YJUWAT6EhcKhSC780Xbf5H9CoiaXwFRIy2gPng5jiPb3beRjgPDw8NYlgUQegyAAAQcHR3xccgTxNrmu0hbjMJpj32ZxkIITNOkWq16tlf8tlVVlWQy+e229UgLKJfLuK77VwI+PikjE6CqKmNjYzJdSPPvxQFVVT2HaD8JVVX5fKzdcEZWLpe5vb39cYd8ADc3Nw1nZB4B8XicdDpNPp+PJCi1wnEcUqkUmUzGk68IISp8uitRqVSoVqth+ueLJntIdtNZ6Kv9nZ9E21\/20IASbXzd5j\/MIQu2KoJrJwAAAABJRU5ErkJggg=='); background-size: 14px 14px; background-color: #000000; position: absolute; opacity: 1; z-index: 86753099; display: none; cursor: pointer; border: none; border-top-left-radius: 3px; border-top-right-radius: 3px; border-bottom-right-radius: 3px; border-bottom-left-radius: 3px; text-indent: 20px; padding: 0px 4px 0px 0px; text-align: center; font-style: normal; font-variant-caps: normal; font-weight: bold; font-stretch: normal; font-size: 11px; line-height: 20px; font-family: 'Helvetica Neue', Helvetica, sans-serif; color: #ffffff; text-transform: capitalize; -webkit-font-smoothing: antialiased; top: 1397px; left: 563px; background-position: 3px 50%; background-repeat: no-repeat no-repeat;\">plan it<\/button><\/p>\n","protected":false},"excerpt":{"rendered":"<p>Explorez les sites les plus spectaculaires de <strong>l&#8217;\u00c9gypte<\/strong> <strong>ancienne<\/strong> pr\u00e8s du <strong>Caire<\/strong> en une journ\u00e9e avec un guide expert officiel lors d&#8217;un circuit spectaculaire en quad. Lors de notre <strong>visite priv\u00e9e en quad des pyramides de Gizeh<\/strong>, vous visiterez l&#8217;une des <strong>sept merveilles du monde<\/strong> et d&#8217;autres sites embl\u00e9matiques de l&#8217;une des plus grandes civilisations ayant exist\u00e9 sur notre plan\u00e8te.<\/p>\n","protected":false},"featured_media":144182,"comment_status":"open","ping_status":"closed","template":"","meta":{"_acf_changed":false},"product_brand":[],"product_cat":[3747,3754,4222,4223],"product_tag":[],"class_list":{"0":"post-144167","1":"product","2":"type-product","3":"status-publish","4":"has-post-thumbnail","6":"product_cat-egypte-fr","7":"product_cat-cairo-fr","8":"product_cat-all-private-tours-and-activities-fr-2","9":"product_cat-private-sightseeing-tours-fr-12","11":"first","12":"instock","13":"shipping-taxable","14":"purchasable","15":"product-type-simple"},"acf":[],"yoast_head":"<!-- This site is optimized with the Yoast SEO Premium plugin v25.3.1 (Yoast SEO v25.3.1) - https:\/\/yoast.com\/wordpress\/plugins\/seo\/ -->\n<title>Visite priv\u00e9e en quad des Pyramides de Gizeh | Tour Travel &amp; More<\/title>\n<meta name=\"description\" content=\"Profitez de notre visite priv\u00e9e en quad des Pyramides de Gizeh et apprenez l&#039;histoire de l&#039;une des plus puissantes cit\u00e9s de la civilisation humaine \u2705.\" \/>\n<meta name=\"robots\" content=\"index, follow, max-snippet:-1, max-image-preview:large, max-video-preview:-1\" \/>\n<link rel=\"canonical\" href=\"https:\/\/tourtravelandmore.com\/fr\/tours\/egypte-fr\/cairo-fr\/all-private-tours-and-activities-fr-2\/visite-privee-en-quad-des-pyramides-de-gizeh\/\" \/>\n<meta property=\"og:locale\" content=\"fr_FR\" \/>\n<meta property=\"og:type\" content=\"article\" \/>\n<meta property=\"og:title\" content=\"Visite priv\u00e9e en Quad des Pyramides de Gizeh\" \/>\n<meta property=\"og:description\" content=\"Profitez de notre visite priv\u00e9e en quad des Pyramides de Gizeh et apprenez l&#039;histoire de l&#039;une des plus puissantes cit\u00e9s de la civilisation humaine \u2705.\" \/>\n<meta property=\"og:url\" content=\"https:\/\/tourtravelandmore.com\/fr\/tours\/egypte-fr\/cairo-fr\/all-private-tours-and-activities-fr-2\/visite-privee-en-quad-des-pyramides-de-gizeh\/\" \/>\n<meta property=\"og:site_name\" content=\"Tour Travel And More\" \/>\n<meta property=\"article:publisher\" content=\"https:\/\/www.facebook.com\/tourtravelandmore\/\" \/>\n<meta property=\"article:modified_time\" content=\"2023-08-22T10:17:16+00:00\" \/>\n<meta property=\"og:image\" content=\"https:\/\/tourtravelandmore.com\/wp-content\/uploads\/2022\/11\/pexels-tima-miroshnichenko-5976722-scaled.jpg\" \/>\n\t<meta property=\"og:image:width\" content=\"2560\" \/>\n\t<meta property=\"og:image:height\" content=\"1707\" \/>\n\t<meta property=\"og:image:type\" content=\"image\/jpeg\" \/>\n<meta name=\"twitter:card\" content=\"summary_large_image\" \/>\n<meta name=\"twitter:site\" content=\"@TourTravel_More\" \/>\n<meta name=\"twitter:label1\" content=\"Dur\u00e9e de lecture estim\u00e9e\" \/>\n\t<meta name=\"twitter:data1\" content=\"2 minutes\" \/>\n<script type=\"application\/ld+json\" class=\"yoast-schema-graph\">{\"@context\":\"https:\/\/schema.org\",\"@graph\":[{\"@type\":\"WebPage\",\"@id\":\"https:\/\/tourtravelandmore.com\/fr\/tours\/egypte-fr\/cairo-fr\/all-private-tours-and-activities-fr-2\/visite-privee-en-quad-des-pyramides-de-gizeh\/\",\"url\":\"https:\/\/tourtravelandmore.com\/fr\/tours\/egypte-fr\/cairo-fr\/all-private-tours-and-activities-fr-2\/visite-privee-en-quad-des-pyramides-de-gizeh\/\",\"name\":\"Visite priv\u00e9e en quad des Pyramides de Gizeh | Tour Travel & More\",\"isPartOf\":{\"@id\":\"https:\/\/tourtravelandmore.com\/fr\/#website\"},\"primaryImageOfPage\":{\"@id\":\"https:\/\/tourtravelandmore.com\/fr\/tours\/egypte-fr\/cairo-fr\/all-private-tours-and-activities-fr-2\/visite-privee-en-quad-des-pyramides-de-gizeh\/#primaryimage\"},\"image\":{\"@id\":\"https:\/\/tourtravelandmore.com\/fr\/tours\/egypte-fr\/cairo-fr\/all-private-tours-and-activities-fr-2\/visite-privee-en-quad-des-pyramides-de-gizeh\/#primaryimage\"},\"thumbnailUrl\":\"https:\/\/tourtravelandmore.com\/wp-content\/uploads\/2022\/11\/pexels-tima-miroshnichenko-5976722-scaled.jpg\",\"datePublished\":\"2022-11-18T13:53:17+00:00\",\"dateModified\":\"2023-08-22T10:17:16+00:00\",\"description\":\"Profitez de notre visite priv\u00e9e en quad des Pyramides de Gizeh et apprenez l'histoire de l'une des plus puissantes cit\u00e9s de la civilisation humaine \u2705.\",\"breadcrumb\":{\"@id\":\"https:\/\/tourtravelandmore.com\/fr\/tours\/egypte-fr\/cairo-fr\/all-private-tours-and-activities-fr-2\/visite-privee-en-quad-des-pyramides-de-gizeh\/#breadcrumb\"},\"inLanguage\":\"fr-FR\",\"potentialAction\":[{\"@type\":\"ReadAction\",\"target\":[\"https:\/\/tourtravelandmore.com\/fr\/tours\/egypte-fr\/cairo-fr\/all-private-tours-and-activities-fr-2\/visite-privee-en-quad-des-pyramides-de-gizeh\/\"]}]},{\"@type\":\"ImageObject\",\"inLanguage\":\"fr-FR\",\"@id\":\"https:\/\/tourtravelandmore.com\/fr\/tours\/egypte-fr\/cairo-fr\/all-private-tours-and-activities-fr-2\/visite-privee-en-quad-des-pyramides-de-gizeh\/#primaryimage\",\"url\":\"https:\/\/tourtravelandmore.com\/wp-content\/uploads\/2022\/11\/pexels-tima-miroshnichenko-5976722-scaled.jpg\",\"contentUrl\":\"https:\/\/tourtravelandmore.com\/wp-content\/uploads\/2022\/11\/pexels-tima-miroshnichenko-5976722-scaled.jpg\",\"width\":2560,\"height\":1707},{\"@type\":\"BreadcrumbList\",\"@id\":\"https:\/\/tourtravelandmore.com\/fr\/tours\/egypte-fr\/cairo-fr\/all-private-tours-and-activities-fr-2\/visite-privee-en-quad-des-pyramides-de-gizeh\/#breadcrumb\",\"itemListElement\":[{\"@type\":\"ListItem\",\"position\":1,\"name\":\"Home\",\"item\":\"https:\/\/tourtravelandmore.com\/fr\/\"},{\"@type\":\"ListItem\",\"position\":2,\"name\":\"Tours\",\"item\":\"https:\/\/tourtravelandmore.com\/fr\/tours\/\"},{\"@type\":\"ListItem\",\"position\":3,\"name\":\"Visite priv\u00e9e en Quad des Pyramides de Gizeh\"}]},{\"@type\":\"WebSite\",\"@id\":\"https:\/\/tourtravelandmore.com\/fr\/#website\",\"url\":\"https:\/\/tourtravelandmore.com\/fr\/\",\"name\":\"Tour Travel And More\",\"description\":\"Private sightseeing tours and luxury transfers in Spain\",\"publisher\":{\"@id\":\"https:\/\/tourtravelandmore.com\/fr\/#organization\"},\"potentialAction\":[{\"@type\":\"SearchAction\",\"target\":{\"@type\":\"EntryPoint\",\"urlTemplate\":\"https:\/\/tourtravelandmore.com\/fr\/?s={search_term_string}\"},\"query-input\":{\"@type\":\"PropertyValueSpecification\",\"valueRequired\":true,\"valueName\":\"search_term_string\"}}],\"inLanguage\":\"fr-FR\"},{\"@type\":\"Organization\",\"@id\":\"https:\/\/tourtravelandmore.com\/fr\/#organization\",\"name\":\"Tour Travel And More\",\"url\":\"https:\/\/tourtravelandmore.com\/fr\/\",\"logo\":{\"@type\":\"ImageObject\",\"inLanguage\":\"fr-FR\",\"@id\":\"https:\/\/tourtravelandmore.com\/fr\/#\/schema\/logo\/image\/\",\"url\":\"https:\/\/tourtravelandmore.com\/wp-content\/uploads\/2022\/12\/cropped-logo-cabecera-new.png\",\"contentUrl\":\"https:\/\/tourtravelandmore.com\/wp-content\/uploads\/2022\/12\/cropped-logo-cabecera-new.png\",\"width\":430,\"height\":61,\"caption\":\"Tour Travel And More\"},\"image\":{\"@id\":\"https:\/\/tourtravelandmore.com\/fr\/#\/schema\/logo\/image\/\"},\"sameAs\":[\"https:\/\/www.facebook.com\/tourtravelandmore\/\",\"https:\/\/x.com\/TourTravel_More\"]}]}<\/script>\n<!-- \/ Yoast SEO Premium plugin. -->","yoast_head_json":{"title":"Visite priv\u00e9e en quad des Pyramides de Gizeh | Tour Travel & More","description":"Profitez de notre visite priv\u00e9e en quad des Pyramides de Gizeh et apprenez l'histoire de l'une des plus puissantes cit\u00e9s de la civilisation humaine \u2705.","robots":{"index":"index","follow":"follow","max-snippet":"max-snippet:-1","max-image-preview":"max-image-preview:large","max-video-preview":"max-video-preview:-1"},"canonical":"https:\/\/tourtravelandmore.com\/fr\/tours\/egypte-fr\/cairo-fr\/all-private-tours-and-activities-fr-2\/visite-privee-en-quad-des-pyramides-de-gizeh\/","og_locale":"fr_FR","og_type":"article","og_title":"Visite priv\u00e9e en Quad des Pyramides de Gizeh","og_description":"Profitez de notre visite priv\u00e9e en quad des Pyramides de Gizeh et apprenez l'histoire de l'une des plus puissantes cit\u00e9s de la civilisation humaine \u2705.","og_url":"https:\/\/tourtravelandmore.com\/fr\/tours\/egypte-fr\/cairo-fr\/all-private-tours-and-activities-fr-2\/visite-privee-en-quad-des-pyramides-de-gizeh\/","og_site_name":"Tour Travel And More","article_publisher":"https:\/\/www.facebook.com\/tourtravelandmore\/","article_modified_time":"2023-08-22T10:17:16+00:00","og_image":[{"width":2560,"height":1707,"url":"https:\/\/tourtravelandmore.com\/wp-content\/uploads\/2022\/11\/pexels-tima-miroshnichenko-5976722-scaled.jpg","type":"image\/jpeg"}],"twitter_card":"summary_large_image","twitter_site":"@TourTravel_More","twitter_misc":{"Dur\u00e9e de lecture estim\u00e9e":"2 minutes"},"schema":{"@context":"https:\/\/schema.org","@graph":[{"@type":"WebPage","@id":"https:\/\/tourtravelandmore.com\/fr\/tours\/egypte-fr\/cairo-fr\/all-private-tours-and-activities-fr-2\/visite-privee-en-quad-des-pyramides-de-gizeh\/","url":"https:\/\/tourtravelandmore.com\/fr\/tours\/egypte-fr\/cairo-fr\/all-private-tours-and-activities-fr-2\/visite-privee-en-quad-des-pyramides-de-gizeh\/","name":"Visite priv\u00e9e en quad des Pyramides de Gizeh | Tour Travel & More","isPartOf":{"@id":"https:\/\/tourtravelandmore.com\/fr\/#website"},"primaryImageOfPage":{"@id":"https:\/\/tourtravelandmore.com\/fr\/tours\/egypte-fr\/cairo-fr\/all-private-tours-and-activities-fr-2\/visite-privee-en-quad-des-pyramides-de-gizeh\/#primaryimage"},"image":{"@id":"https:\/\/tourtravelandmore.com\/fr\/tours\/egypte-fr\/cairo-fr\/all-private-tours-and-activities-fr-2\/visite-privee-en-quad-des-pyramides-de-gizeh\/#primaryimage"},"thumbnailUrl":"https:\/\/tourtravelandmore.com\/wp-content\/uploads\/2022\/11\/pexels-tima-miroshnichenko-5976722-scaled.jpg","datePublished":"2022-11-18T13:53:17+00:00","dateModified":"2023-08-22T10:17:16+00:00","description":"Profitez de notre visite priv\u00e9e en quad des Pyramides de Gizeh et apprenez l'histoire de l'une des plus puissantes cit\u00e9s de la civilisation humaine \u2705.","breadcrumb":{"@id":"https:\/\/tourtravelandmore.com\/fr\/tours\/egypte-fr\/cairo-fr\/all-private-tours-and-activities-fr-2\/visite-privee-en-quad-des-pyramides-de-gizeh\/#breadcrumb"},"inLanguage":"fr-FR","potentialAction":[{"@type":"ReadAction","target":["https:\/\/tourtravelandmore.com\/fr\/tours\/egypte-fr\/cairo-fr\/all-private-tours-and-activities-fr-2\/visite-privee-en-quad-des-pyramides-de-gizeh\/"]}]},{"@type":"ImageObject","inLanguage":"fr-FR","@id":"https:\/\/tourtravelandmore.com\/fr\/tours\/egypte-fr\/cairo-fr\/all-private-tours-and-activities-fr-2\/visite-privee-en-quad-des-pyramides-de-gizeh\/#primaryimage","url":"https:\/\/tourtravelandmore.com\/wp-content\/uploads\/2022\/11\/pexels-tima-miroshnichenko-5976722-scaled.jpg","contentUrl":"https:\/\/tourtravelandmore.com\/wp-content\/uploads\/2022\/11\/pexels-tima-miroshnichenko-5976722-scaled.jpg","width":2560,"height":1707},{"@type":"BreadcrumbList","@id":"https:\/\/tourtravelandmore.com\/fr\/tours\/egypte-fr\/cairo-fr\/all-private-tours-and-activities-fr-2\/visite-privee-en-quad-des-pyramides-de-gizeh\/#breadcrumb","itemListElement":[{"@type":"ListItem","position":1,"name":"Home","item":"https:\/\/tourtravelandmore.com\/fr\/"},{"@type":"ListItem","position":2,"name":"Tours","item":"https:\/\/tourtravelandmore.com\/fr\/tours\/"},{"@type":"ListItem","position":3,"name":"Visite priv\u00e9e en Quad des Pyramides de Gizeh"}]},{"@type":"WebSite","@id":"https:\/\/tourtravelandmore.com\/fr\/#website","url":"https:\/\/tourtravelandmore.com\/fr\/","name":"Tour Travel And More","description":"Private sightseeing tours and luxury transfers in Spain","publisher":{"@id":"https:\/\/tourtravelandmore.com\/fr\/#organization"},"potentialAction":[{"@type":"SearchAction","target":{"@type":"EntryPoint","urlTemplate":"https:\/\/tourtravelandmore.com\/fr\/?s={search_term_string}"},"query-input":{"@type":"PropertyValueSpecification","valueRequired":true,"valueName":"search_term_string"}}],"inLanguage":"fr-FR"},{"@type":"Organization","@id":"https:\/\/tourtravelandmore.com\/fr\/#organization","name":"Tour Travel And More","url":"https:\/\/tourtravelandmore.com\/fr\/","logo":{"@type":"ImageObject","inLanguage":"fr-FR","@id":"https:\/\/tourtravelandmore.com\/fr\/#\/schema\/logo\/image\/","url":"https:\/\/tourtravelandmore.com\/wp-content\/uploads\/2022\/12\/cropped-logo-cabecera-new.png","contentUrl":"https:\/\/tourtravelandmore.com\/wp-content\/uploads\/2022\/12\/cropped-logo-cabecera-new.png","width":430,"height":61,"caption":"Tour Travel And More"},"image":{"@id":"https:\/\/tourtravelandmore.com\/fr\/#\/schema\/logo\/image\/"},"sameAs":["https:\/\/www.facebook.com\/tourtravelandmore\/","https:\/\/x.com\/TourTravel_More"]}]}},"_links":{"self":[{"href":"https:\/\/tourtravelandmore.com\/fr\/wp-json\/wp\/v2\/product\/144167","targetHints":{"allow":["GET"]}}],"collection":[{"href":"https:\/\/tourtravelandmore.com\/fr\/wp-json\/wp\/v2\/product"}],"about":[{"href":"https:\/\/tourtravelandmore.com\/fr\/wp-json\/wp\/v2\/types\/product"}],"replies":[{"embeddable":true,"href":"https:\/\/tourtravelandmore.com\/fr\/wp-json\/wp\/v2\/comments?post=144167"}],"wp:featuredmedia":[{"embeddable":true,"href":"https:\/\/tourtravelandmore.com\/fr\/wp-json\/wp\/v2\/media\/144182"}],"wp:attachment":[{"href":"https:\/\/tourtravelandmore.com\/fr\/wp-json\/wp\/v2\/media?parent=144167"}],"wp:term":[{"taxonomy":"product_brand","embeddable":true,"href":"https:\/\/tourtravelandmore.com\/fr\/wp-json\/wp\/v2\/product_brand?post=144167"},{"taxonomy":"product_cat","embeddable":true,"href":"https:\/\/tourtravelandmore.com\/fr\/wp-json\/wp\/v2\/product_cat?post=144167"},{"taxonomy":"product_tag","embeddable":true,"href":"https:\/\/tourtravelandmore.com\/fr\/wp-json\/wp\/v2\/product_tag?post=144167"}],"curies":[{"name":"wp","href":"https:\/\/api.w.org\/{rel}","templated":true}]}}