{"id":143855,"date":"2020-11-25T10:33:54","date_gmt":"2020-11-25T09:33:54","guid":{"rendered":"https:\/\/tourtravelandmore.com\/tours\/non%20class\u00e9\/egypt-private-itinerary-cairo-alexandria-abu-simbel-nile-cruise\/"},"modified":"2022-11-22T20:49:44","modified_gmt":"2022-11-22T19:49:44","slug":"itineraire-prive-de-9-jours-en-egypte-le-caire-louxor-croisiere-a-assouan-abou-simbel-et-alexandrie","status":"publish","type":"product","link":"https:\/\/tourtravelandmore.com\/fr\/tours\/egypte-fr\/cairo-fr\/all-private-tours-and-activities-fr-2\/itineraire-prive-de-9-jours-en-egypte-le-caire-louxor-croisiere-a-assouan-abou-simbel-et-alexandrie\/","title":{"rendered":"Itin\u00e9raire priv\u00e9 de 9 jours en \u00c9gypte : Le Caire, Louxor &#8211; croisi\u00e8re \u00e0 Assouan, Abou Simbel et Alexandrie"},"content":{"rendered":"","protected":false},"excerpt":{"rendered":"<p>Tirez le meilleur parti de votre visite en \u00c9gypte et laissez-nous organiser votre itin\u00e9raire personnalis\u00e9. Visitez Le Caire, Alexandrie, Abu Simbel et profitez d&#8217;une croisi\u00e8re sur le Nil de Louxor \u00e0 Assouan.<\/p>\n","protected":false},"featured_media":88026,"comment_status":"open","ping_status":"closed","template":"","meta":{"_acf_changed":false},"product_brand":[],"product_cat":[3747,3754,4222,4224],"product_tag":[],"class_list":{"0":"post-143855","1":"product","2":"type-product","3":"status-publish","4":"has-post-thumbnail","6":"product_cat-egypte-fr","7":"product_cat-cairo-fr","8":"product_cat-all-private-tours-and-activities-fr-2","9":"product_cat-cairo-itineraries-en-fr-cairo-fr","11":"first","12":"instock","13":"shipping-taxable","14":"purchasable","15":"product-type-simple"},"acf":[],"yoast_head":"<!-- This site is optimized with the Yoast SEO Premium plugin v25.3.1 (Yoast SEO v25.3.1) - https:\/\/yoast.com\/wordpress\/plugins\/seo\/ -->\n<title>Itin\u00e9raire priv\u00e9 en \u00c9gypte : Le Caire, Alexandrie, croisi\u00e8re sur le Nil et Abou Simbel<\/title>\n<meta name=\"description\" content=\"D\u00e9couvrez l&#039;\u00c9gypte et ses lieux les plus embl\u00e9matiques aux c\u00f4t\u00e9s de nos experts locaux. Profitez de nos exp\u00e9riences priv\u00e9es sur mesure !\" \/>\n<meta name=\"robots\" content=\"index, follow, max-snippet:-1, max-image-preview:large, max-video-preview:-1\" \/>\n<link rel=\"canonical\" href=\"https:\/\/tourtravelandmore.com\/fr\/tours\/egypte-fr\/cairo-fr\/all-private-tours-and-activities-fr-2\/itineraire-prive-de-9-jours-en-egypte-le-caire-louxor-croisiere-a-assouan-abou-simbel-et-alexandrie\/\" \/>\n<meta property=\"og:locale\" content=\"fr_FR\" \/>\n<meta property=\"og:type\" content=\"article\" \/>\n<meta property=\"og:title\" content=\"Itin\u00e9raire priv\u00e9 de 9 jours en \u00c9gypte : Le Caire, Louxor - croisi\u00e8re \u00e0 Assouan, Abou Simbel et Alexandrie\" \/>\n<meta property=\"og:description\" content=\"D\u00e9couvrez l&#039;\u00c9gypte et ses lieux les plus embl\u00e9matiques aux c\u00f4t\u00e9s de nos experts locaux. Profitez de nos exp\u00e9riences priv\u00e9es sur mesure !\" \/>\n<meta property=\"og:url\" content=\"https:\/\/tourtravelandmore.com\/fr\/tours\/egypte-fr\/cairo-fr\/all-private-tours-and-activities-fr-2\/itineraire-prive-de-9-jours-en-egypte-le-caire-louxor-croisiere-a-assouan-abou-simbel-et-alexandrie\/\" \/>\n<meta property=\"og:site_name\" content=\"Tour Travel And More\" \/>\n<meta property=\"article:publisher\" content=\"https:\/\/www.facebook.com\/tourtravelandmore\/\" \/>\n<meta property=\"article:modified_time\" content=\"2022-11-22T19:49:44+00:00\" \/>\n<meta property=\"og:image\" content=\"https:\/\/tourtravelandmore.com\/wp-content\/uploads\/2020\/11\/Pyramid.jpeg\" \/>\n\t<meta property=\"og:image:width\" content=\"1350\" \/>\n\t<meta property=\"og:image:height\" content=\"900\" \/>\n\t<meta property=\"og:image:type\" content=\"image\/jpeg\" \/>\n<meta name=\"twitter:card\" content=\"summary_large_image\" \/>\n<meta name=\"twitter:site\" content=\"@TourTravel_More\" \/>\n<script type=\"application\/ld+json\" class=\"yoast-schema-graph\">{\"@context\":\"https:\/\/schema.org\",\"@graph\":[{\"@type\":\"WebPage\",\"@id\":\"https:\/\/tourtravelandmore.com\/fr\/tours\/egypte-fr\/cairo-fr\/all-private-tours-and-activities-fr-2\/itineraire-prive-de-9-jours-en-egypte-le-caire-louxor-croisiere-a-assouan-abou-simbel-et-alexandrie\/\",\"url\":\"https:\/\/tourtravelandmore.com\/fr\/tours\/egypte-fr\/cairo-fr\/all-private-tours-and-activities-fr-2\/itineraire-prive-de-9-jours-en-egypte-le-caire-louxor-croisiere-a-assouan-abou-simbel-et-alexandrie\/\",\"name\":\"Itin\u00e9raire priv\u00e9 en \u00c9gypte : Le Caire, Alexandrie, croisi\u00e8re sur le Nil et Abou Simbel\",\"isPartOf\":{\"@id\":\"https:\/\/tourtravelandmore.com\/fr\/#website\"},\"primaryImageOfPage\":{\"@id\":\"https:\/\/tourtravelandmore.com\/fr\/tours\/egypte-fr\/cairo-fr\/all-private-tours-and-activities-fr-2\/itineraire-prive-de-9-jours-en-egypte-le-caire-louxor-croisiere-a-assouan-abou-simbel-et-alexandrie\/#primaryimage\"},\"image\":{\"@id\":\"https:\/\/tourtravelandmore.com\/fr\/tours\/egypte-fr\/cairo-fr\/all-private-tours-and-activities-fr-2\/itineraire-prive-de-9-jours-en-egypte-le-caire-louxor-croisiere-a-assouan-abou-simbel-et-alexandrie\/#primaryimage\"},\"thumbnailUrl\":\"https:\/\/tourtravelandmore.com\/wp-content\/uploads\/2020\/11\/Pyramid.jpeg\",\"datePublished\":\"2020-11-25T09:33:54+00:00\",\"dateModified\":\"2022-11-22T19:49:44+00:00\",\"description\":\"D\u00e9couvrez l'\u00c9gypte et ses lieux les plus embl\u00e9matiques aux c\u00f4t\u00e9s de nos experts locaux. Profitez de nos exp\u00e9riences priv\u00e9es sur mesure !\",\"breadcrumb\":{\"@id\":\"https:\/\/tourtravelandmore.com\/fr\/tours\/egypte-fr\/cairo-fr\/all-private-tours-and-activities-fr-2\/itineraire-prive-de-9-jours-en-egypte-le-caire-louxor-croisiere-a-assouan-abou-simbel-et-alexandrie\/#breadcrumb\"},\"inLanguage\":\"fr-FR\",\"potentialAction\":[{\"@type\":\"ReadAction\",\"target\":[\"https:\/\/tourtravelandmore.com\/fr\/tours\/egypte-fr\/cairo-fr\/all-private-tours-and-activities-fr-2\/itineraire-prive-de-9-jours-en-egypte-le-caire-louxor-croisiere-a-assouan-abou-simbel-et-alexandrie\/\"]}]},{\"@type\":\"ImageObject\",\"inLanguage\":\"fr-FR\",\"@id\":\"https:\/\/tourtravelandmore.com\/fr\/tours\/egypte-fr\/cairo-fr\/all-private-tours-and-activities-fr-2\/itineraire-prive-de-9-jours-en-egypte-le-caire-louxor-croisiere-a-assouan-abou-simbel-et-alexandrie\/#primaryimage\",\"url\":\"https:\/\/tourtravelandmore.com\/wp-content\/uploads\/2020\/11\/Pyramid.jpeg\",\"contentUrl\":\"https:\/\/tourtravelandmore.com\/wp-content\/uploads\/2020\/11\/Pyramid.jpeg\",\"width\":1350,\"height\":900,\"caption\":\"Pyramid egypt\"},{\"@type\":\"BreadcrumbList\",\"@id\":\"https:\/\/tourtravelandmore.com\/fr\/tours\/egypte-fr\/cairo-fr\/all-private-tours-and-activities-fr-2\/itineraire-prive-de-9-jours-en-egypte-le-caire-louxor-croisiere-a-assouan-abou-simbel-et-alexandrie\/#breadcrumb\",\"itemListElement\":[{\"@type\":\"ListItem\",\"position\":1,\"name\":\"Home\",\"item\":\"https:\/\/tourtravelandmore.com\/fr\/\"},{\"@type\":\"ListItem\",\"position\":2,\"name\":\"Tours\",\"item\":\"https:\/\/tourtravelandmore.com\/fr\/tours\/\"},{\"@type\":\"ListItem\",\"position\":3,\"name\":\"Itin\u00e9raire priv\u00e9 de 9 jours en \u00c9gypte : Le Caire, Louxor &#8211; croisi\u00e8re \u00e0 Assouan, Abou Simbel et Alexandrie\"}]},{\"@type\":\"WebSite\",\"@id\":\"https:\/\/tourtravelandmore.com\/fr\/#website\",\"url\":\"https:\/\/tourtravelandmore.com\/fr\/\",\"name\":\"Tour Travel And More\",\"description\":\"Private sightseeing tours and luxury transfers in Spain\",\"publisher\":{\"@id\":\"https:\/\/tourtravelandmore.com\/fr\/#organization\"},\"potentialAction\":[{\"@type\":\"SearchAction\",\"target\":{\"@type\":\"EntryPoint\",\"urlTemplate\":\"https:\/\/tourtravelandmore.com\/fr\/?s={search_term_string}\"},\"query-input\":{\"@type\":\"PropertyValueSpecification\",\"valueRequired\":true,\"valueName\":\"search_term_string\"}}],\"inLanguage\":\"fr-FR\"},{\"@type\":\"Organization\",\"@id\":\"https:\/\/tourtravelandmore.com\/fr\/#organization\",\"name\":\"Tour Travel And More\",\"url\":\"https:\/\/tourtravelandmore.com\/fr\/\",\"logo\":{\"@type\":\"ImageObject\",\"inLanguage\":\"fr-FR\",\"@id\":\"https:\/\/tourtravelandmore.com\/fr\/#\/schema\/logo\/image\/\",\"url\":\"https:\/\/tourtravelandmore.com\/wp-content\/uploads\/2022\/12\/cropped-logo-cabecera-new.png\",\"contentUrl\":\"https:\/\/tourtravelandmore.com\/wp-content\/uploads\/2022\/12\/cropped-logo-cabecera-new.png\",\"width\":430,\"height\":61,\"caption\":\"Tour Travel And More\"},\"image\":{\"@id\":\"https:\/\/tourtravelandmore.com\/fr\/#\/schema\/logo\/image\/\"},\"sameAs\":[\"https:\/\/www.facebook.com\/tourtravelandmore\/\",\"https:\/\/x.com\/TourTravel_More\"]}]}<\/script>\n<!-- \/ Yoast SEO Premium plugin. -->","yoast_head_json":{"title":"Itin\u00e9raire priv\u00e9 en \u00c9gypte : Le Caire, Alexandrie, croisi\u00e8re sur le Nil et Abou Simbel","description":"D\u00e9couvrez l'\u00c9gypte et ses lieux les plus embl\u00e9matiques aux c\u00f4t\u00e9s de nos experts locaux. Profitez de nos exp\u00e9riences priv\u00e9es sur mesure !","robots":{"index":"index","follow":"follow","max-snippet":"max-snippet:-1","max-image-preview":"max-image-preview:large","max-video-preview":"max-video-preview:-1"},"canonical":"https:\/\/tourtravelandmore.com\/fr\/tours\/egypte-fr\/cairo-fr\/all-private-tours-and-activities-fr-2\/itineraire-prive-de-9-jours-en-egypte-le-caire-louxor-croisiere-a-assouan-abou-simbel-et-alexandrie\/","og_locale":"fr_FR","og_type":"article","og_title":"Itin\u00e9raire priv\u00e9 de 9 jours en \u00c9gypte : Le Caire, Louxor - croisi\u00e8re \u00e0 Assouan, Abou Simbel et Alexandrie","og_description":"D\u00e9couvrez l'\u00c9gypte et ses lieux les plus embl\u00e9matiques aux c\u00f4t\u00e9s de nos experts locaux. Profitez de nos exp\u00e9riences priv\u00e9es sur mesure !","og_url":"https:\/\/tourtravelandmore.com\/fr\/tours\/egypte-fr\/cairo-fr\/all-private-tours-and-activities-fr-2\/itineraire-prive-de-9-jours-en-egypte-le-caire-louxor-croisiere-a-assouan-abou-simbel-et-alexandrie\/","og_site_name":"Tour Travel And More","article_publisher":"https:\/\/www.facebook.com\/tourtravelandmore\/","article_modified_time":"2022-11-22T19:49:44+00:00","og_image":[{"width":1350,"height":900,"url":"https:\/\/tourtravelandmore.com\/wp-content\/uploads\/2020\/11\/Pyramid.jpeg","type":"image\/jpeg"}],"twitter_card":"summary_large_image","twitter_site":"@TourTravel_More","schema":{"@context":"https:\/\/schema.org","@graph":[{"@type":"WebPage","@id":"https:\/\/tourtravelandmore.com\/fr\/tours\/egypte-fr\/cairo-fr\/all-private-tours-and-activities-fr-2\/itineraire-prive-de-9-jours-en-egypte-le-caire-louxor-croisiere-a-assouan-abou-simbel-et-alexandrie\/","url":"https:\/\/tourtravelandmore.com\/fr\/tours\/egypte-fr\/cairo-fr\/all-private-tours-and-activities-fr-2\/itineraire-prive-de-9-jours-en-egypte-le-caire-louxor-croisiere-a-assouan-abou-simbel-et-alexandrie\/","name":"Itin\u00e9raire priv\u00e9 en \u00c9gypte : Le Caire, Alexandrie, croisi\u00e8re sur le Nil et Abou Simbel","isPartOf":{"@id":"https:\/\/tourtravelandmore.com\/fr\/#website"},"primaryImageOfPage":{"@id":"https:\/\/tourtravelandmore.com\/fr\/tours\/egypte-fr\/cairo-fr\/all-private-tours-and-activities-fr-2\/itineraire-prive-de-9-jours-en-egypte-le-caire-louxor-croisiere-a-assouan-abou-simbel-et-alexandrie\/#primaryimage"},"image":{"@id":"https:\/\/tourtravelandmore.com\/fr\/tours\/egypte-fr\/cairo-fr\/all-private-tours-and-activities-fr-2\/itineraire-prive-de-9-jours-en-egypte-le-caire-louxor-croisiere-a-assouan-abou-simbel-et-alexandrie\/#primaryimage"},"thumbnailUrl":"https:\/\/tourtravelandmore.com\/wp-content\/uploads\/2020\/11\/Pyramid.jpeg","datePublished":"2020-11-25T09:33:54+00:00","dateModified":"2022-11-22T19:49:44+00:00","description":"D\u00e9couvrez l'\u00c9gypte et ses lieux les plus embl\u00e9matiques aux c\u00f4t\u00e9s de nos experts locaux. Profitez de nos exp\u00e9riences priv\u00e9es sur mesure !","breadcrumb":{"@id":"https:\/\/tourtravelandmore.com\/fr\/tours\/egypte-fr\/cairo-fr\/all-private-tours-and-activities-fr-2\/itineraire-prive-de-9-jours-en-egypte-le-caire-louxor-croisiere-a-assouan-abou-simbel-et-alexandrie\/#breadcrumb"},"inLanguage":"fr-FR","potentialAction":[{"@type":"ReadAction","target":["https:\/\/tourtravelandmore.com\/fr\/tours\/egypte-fr\/cairo-fr\/all-private-tours-and-activities-fr-2\/itineraire-prive-de-9-jours-en-egypte-le-caire-louxor-croisiere-a-assouan-abou-simbel-et-alexandrie\/"]}]},{"@type":"ImageObject","inLanguage":"fr-FR","@id":"https:\/\/tourtravelandmore.com\/fr\/tours\/egypte-fr\/cairo-fr\/all-private-tours-and-activities-fr-2\/itineraire-prive-de-9-jours-en-egypte-le-caire-louxor-croisiere-a-assouan-abou-simbel-et-alexandrie\/#primaryimage","url":"https:\/\/tourtravelandmore.com\/wp-content\/uploads\/2020\/11\/Pyramid.jpeg","contentUrl":"https:\/\/tourtravelandmore.com\/wp-content\/uploads\/2020\/11\/Pyramid.jpeg","width":1350,"height":900,"caption":"Pyramid egypt"},{"@type":"BreadcrumbList","@id":"https:\/\/tourtravelandmore.com\/fr\/tours\/egypte-fr\/cairo-fr\/all-private-tours-and-activities-fr-2\/itineraire-prive-de-9-jours-en-egypte-le-caire-louxor-croisiere-a-assouan-abou-simbel-et-alexandrie\/#breadcrumb","itemListElement":[{"@type":"ListItem","position":1,"name":"Home","item":"https:\/\/tourtravelandmore.com\/fr\/"},{"@type":"ListItem","position":2,"name":"Tours","item":"https:\/\/tourtravelandmore.com\/fr\/tours\/"},{"@type":"ListItem","position":3,"name":"Itin\u00e9raire priv\u00e9 de 9 jours en \u00c9gypte : Le Caire, Louxor &#8211; croisi\u00e8re \u00e0 Assouan, Abou Simbel et Alexandrie"}]},{"@type":"WebSite","@id":"https:\/\/tourtravelandmore.com\/fr\/#website","url":"https:\/\/tourtravelandmore.com\/fr\/","name":"Tour Travel And More","description":"Private sightseeing tours and luxury transfers in Spain","publisher":{"@id":"https:\/\/tourtravelandmore.com\/fr\/#organization"},"potentialAction":[{"@type":"SearchAction","target":{"@type":"EntryPoint","urlTemplate":"https:\/\/tourtravelandmore.com\/fr\/?s={search_term_string}"},"query-input":{"@type":"PropertyValueSpecification","valueRequired":true,"valueName":"search_term_string"}}],"inLanguage":"fr-FR"},{"@type":"Organization","@id":"https:\/\/tourtravelandmore.com\/fr\/#organization","name":"Tour Travel And More","url":"https:\/\/tourtravelandmore.com\/fr\/","logo":{"@type":"ImageObject","inLanguage":"fr-FR","@id":"https:\/\/tourtravelandmore.com\/fr\/#\/schema\/logo\/image\/","url":"https:\/\/tourtravelandmore.com\/wp-content\/uploads\/2022\/12\/cropped-logo-cabecera-new.png","contentUrl":"https:\/\/tourtravelandmore.com\/wp-content\/uploads\/2022\/12\/cropped-logo-cabecera-new.png","width":430,"height":61,"caption":"Tour Travel And More"},"image":{"@id":"https:\/\/tourtravelandmore.com\/fr\/#\/schema\/logo\/image\/"},"sameAs":["https:\/\/www.facebook.com\/tourtravelandmore\/","https:\/\/x.com\/TourTravel_More"]}]}},"_links":{"self":[{"href":"https:\/\/tourtravelandmore.com\/fr\/wp-json\/wp\/v2\/product\/143855","targetHints":{"allow":["GET"]}}],"collection":[{"href":"https:\/\/tourtravelandmore.com\/fr\/wp-json\/wp\/v2\/product"}],"about":[{"href":"https:\/\/tourtravelandmore.com\/fr\/wp-json\/wp\/v2\/types\/product"}],"replies":[{"embeddable":true,"href":"https:\/\/tourtravelandmore.com\/fr\/wp-json\/wp\/v2\/comments?post=143855"}],"wp:featuredmedia":[{"embeddable":true,"href":"https:\/\/tourtravelandmore.com\/fr\/wp-json\/wp\/v2\/media\/88026"}],"wp:attachment":[{"href":"https:\/\/tourtravelandmore.com\/fr\/wp-json\/wp\/v2\/media?parent=143855"}],"wp:term":[{"taxonomy":"product_brand","embeddable":true,"href":"https:\/\/tourtravelandmore.com\/fr\/wp-json\/wp\/v2\/product_brand?post=143855"},{"taxonomy":"product_cat","embeddable":true,"href":"https:\/\/tourtravelandmore.com\/fr\/wp-json\/wp\/v2\/product_cat?post=143855"},{"taxonomy":"product_tag","embeddable":true,"href":"https:\/\/tourtravelandmore.com\/fr\/wp-json\/wp\/v2\/product_tag?post=143855"}],"curies":[{"name":"wp","href":"https:\/\/api.w.org\/{rel}","templated":true}]}}