{"id":143712,"date":"2022-11-14T22:12:34","date_gmt":"2022-11-14T21:12:40","guid":{"rendered":"https:\/\/tourtravelandmore.com\/?post_type=product&#038;p=143712"},"modified":"2024-02-28T17:22:18","modified_gmt":"2024-02-28T16:22:18","slug":"visite-privee-du-chateau-de-frederiksborg-au-depart-de-copenhague","status":"publish","type":"product","link":"https:\/\/tourtravelandmore.com\/fr\/tours\/danemark-fr\/copenhague-fr\/all-private-tours-activities-fr-9\/visite-privee-du-chateau-de-frederiksborg-au-depart-de-copenhague\/","title":{"rendered":"Visite priv\u00e9e du ch\u00e2teau de Frederiksborg au d\u00e9part de Copenhague"},"content":{"rendered":"<h2>Description:<\/h2>\n<p>La meilleure fa\u00e7on de d\u00e9couvrir <strong><a href=\"https:\/\/es.wikipedia.org\/wiki\/Castillo_de_Frederiksborg\">Frederiksborg<\/a> <\/strong>est de faire une visite priv\u00e9e et exclusive de ce magnifique ch\u00e2teau. C&#8217;est pourquoi cette <strong>visite priv\u00e9e exclusive du ch\u00e2teau de Frederiksborg au d\u00e9part de Copenhague<\/strong> est id\u00e9ale pour vous !<\/p>\n<p>Le ch\u00e2teau de Frederiksborg est un complexe de palais situ\u00e9 \u00e0 <strong>Hiller\u00f8d<\/strong>, au <strong>Danemark<\/strong>, construit sur trois \u00eelots de <strong>Slotss\u00f8<\/strong>, le &#8220;lac du ch\u00e2teau&#8221;, et rattach\u00e9 \u00e0 un grand jardin baroque. Construit par <strong>Hans van Steenwinkel<\/strong> comme r\u00e9sidence royale du roi <strong>Christian<\/strong> <strong>IV<\/strong> du Danemark entre 1560 et 1630, en remplacement d&#8217;un ch\u00e2teau plus ancien acquis par Fr\u00e9d\u00e9ric II, en l&#8217;honneur duquel le b\u00e2timent a \u00e9t\u00e9 nomm\u00e9, il est devenu le plus grand ch\u00e2teau de style Renaissance de Scandinavie.<\/p>\n<p>Une visite du <strong>ch\u00e2teau<\/strong> de <strong>Frederiksborg<\/strong> est le meilleur moyen de retracer l&#8217;histoire du <strong>Danemark<\/strong>. Le plus grand ch\u00e2teau de Scandinavie abrite le Mus\u00e9e national d&#8217;histoire et abrite de v\u00e9ritables tr\u00e9sors artistiques.<\/p>\n<p>Cette visite est enti\u00e8rement personnalisable. Vous pouvez adapter tous nos circuits \u00e0 <strong>Copenhague<\/strong> \u00e0 vos propres int\u00e9r\u00eats en nous contactant.<\/p>\n<h2>Sites d&#8217;int\u00e9r\u00eat et monuments<\/h2>\n<p>Cette visite commence au point de rencontre de votre choix. Si votre h\u00f4tel est situ\u00e9 dans le centre, nous pouvons commencer \u00e0 partir de l\u00e0. Sinon, nous pouvons organiser un ramassage priv\u00e9 au point de rencontre de votre choix.<\/p>\n<p>La structure imposante de l&#8217;\u00e9difice vous fera comprendre pourquoi il s&#8217;agit du plus grand ch\u00e2teau de <strong>Scandinavie<\/strong>.<\/p>\n<p>Notre visite de <strong>Frederiksborg<\/strong>, consid\u00e9r\u00e9 comme le<strong> &#8220;Versailles danois&#8221;<\/strong>, d\u00e9butera dans les jardins du ch\u00e2teau. Vous remarquerez le style fran\u00e7ais dans les parterres de fleurs et les labyrinthes qui d\u00e9corent le parc. Apr\u00e8s avoir profit\u00e9 du parfum des fleurs qui d\u00e9corent ce lieu magnifique, vous entrerez \u00e0 l&#8217;int\u00e9rieur du ch\u00e2teau. Le mus\u00e9e national de l&#8217;histoire du Danemark s&#8217;y trouve.<\/p>\n<p>La <strong>collection<\/strong> <strong>du mus\u00e9e<\/strong> abrite \u00e9galement une remarquable exposition de meubles et de peintures qui vous donnera un aper\u00e7u du go\u00fbt des monarques danois pour la d\u00e9coration. Nous visiterons ensuite la galerie de marbre, remplie de sculptures, et la salle d&#8217;audience. La visite se poursuit par la chapelle de <strong>Frederiksborg<\/strong>. Dans cette petite \u00e9glise, vous trouverez \u00e9galement l&#8217;un des plus anciens orgues en fonctionnement en Europe.<\/p>\n<p>Vous retournerez ensuite \u00e0 votre v\u00e9hicule priv\u00e9 o\u00f9 votre chauffeur vous attendra pour vous ramener \u00e0 votre point de rendez-vous ou \u00e0 l&#8217;endroit de votre choix \u00e0 <strong>Copenhague<\/strong>.<\/p>\n<p>Si vous avez encore quelques jours \u00e0 passer dans la ville danoise, <strong><a href=\"https:\/\/tourtravelandmore.com\/fr\/city\/danemark-fr\/copenhague-fr\/\">vous pouvez consulter toutes nos visites priv\u00e9es de Copenhague ici !<\/a><\/strong><\/p>\n","protected":false},"excerpt":{"rendered":"<p>La meilleure fa\u00e7on de d\u00e9couvrir <strong>Frederiksborg<\/strong> est de faire une visite priv\u00e9e et exclusive de ce magnifique ch\u00e2teau. C&#8217;est pourquoi cette <strong>visite priv\u00e9e exclusive du ch\u00e2teau de Frederiksborg au d\u00e9part de Copenhague<\/strong> est id\u00e9ale pour vous !<\/p>\n","protected":false},"featured_media":143750,"comment_status":"open","ping_status":"closed","template":"","meta":{"_acf_changed":false},"product_brand":[],"product_cat":[3748,3757,4213],"product_tag":[],"class_list":{"0":"post-143712","1":"product","2":"type-product","3":"status-publish","4":"has-post-thumbnail","6":"product_cat-danemark-fr","7":"product_cat-copenhague-fr","8":"product_cat-all-private-tours-activities-fr-9","10":"first","11":"instock","12":"shipping-taxable","13":"purchasable","14":"product-type-simple"},"acf":[],"yoast_head":"<!-- This site is optimized with the Yoast SEO Premium plugin v25.3.1 (Yoast SEO v25.3.1) - https:\/\/yoast.com\/wordpress\/plugins\/seo\/ -->\n<title>Visite priv\u00e9e du ch\u00e2teau de Frederiksborg depuis Copenhague | Tour Travel &amp; More<\/title>\n<meta name=\"description\" content=\"Visite priv\u00e9e du ch\u00e2teau de Frederiksborg. Explorez les paysages avec cette visite priv\u00e9e avec un guide et un v\u00e9hicule priv\u00e9 avec chauffeur.\" \/>\n<meta name=\"robots\" content=\"index, follow, max-snippet:-1, max-image-preview:large, max-video-preview:-1\" \/>\n<link rel=\"canonical\" href=\"https:\/\/tourtravelandmore.com\/fr\/tours\/danemark-fr\/copenhague-fr\/all-private-tours-activities-fr-9\/visite-privee-du-chateau-de-frederiksborg-au-depart-de-copenhague\/\" \/>\n<meta property=\"og:locale\" content=\"fr_FR\" \/>\n<meta property=\"og:type\" content=\"article\" \/>\n<meta property=\"og:title\" content=\"Visite priv\u00e9e du ch\u00e2teau de Frederiksborg au d\u00e9part de Copenhague\" \/>\n<meta property=\"og:description\" content=\"Visite priv\u00e9e du ch\u00e2teau de Frederiksborg. Explorez les paysages avec cette visite priv\u00e9e avec un guide et un v\u00e9hicule priv\u00e9 avec chauffeur.\" \/>\n<meta property=\"og:url\" content=\"https:\/\/tourtravelandmore.com\/fr\/tours\/danemark-fr\/copenhague-fr\/all-private-tours-activities-fr-9\/visite-privee-du-chateau-de-frederiksborg-au-depart-de-copenhague\/\" \/>\n<meta property=\"og:site_name\" content=\"Tour Travel And More\" \/>\n<meta property=\"article:publisher\" content=\"https:\/\/www.facebook.com\/tourtravelandmore\/\" \/>\n<meta property=\"article:modified_time\" content=\"2024-02-28T16:22:18+00:00\" \/>\n<meta property=\"og:image\" content=\"https:\/\/tourtravelandmore.com\/wp-content\/uploads\/2022\/11\/pexels-mads-terkelsen-8231533-scaled.jpg\" \/>\n\t<meta property=\"og:image:width\" content=\"2560\" \/>\n\t<meta property=\"og:image:height\" content=\"1707\" \/>\n\t<meta property=\"og:image:type\" content=\"image\/jpeg\" \/>\n<meta name=\"twitter:card\" content=\"summary_large_image\" \/>\n<meta name=\"twitter:site\" content=\"@TourTravel_More\" \/>\n<meta name=\"twitter:label1\" content=\"Dur\u00e9e de lecture estim\u00e9e\" \/>\n\t<meta name=\"twitter:data1\" content=\"2 minutes\" \/>\n<script type=\"application\/ld+json\" class=\"yoast-schema-graph\">{\"@context\":\"https:\/\/schema.org\",\"@graph\":[{\"@type\":\"WebPage\",\"@id\":\"https:\/\/tourtravelandmore.com\/fr\/tours\/danemark-fr\/copenhague-fr\/all-private-tours-activities-fr-9\/visite-privee-du-chateau-de-frederiksborg-au-depart-de-copenhague\/\",\"url\":\"https:\/\/tourtravelandmore.com\/fr\/tours\/danemark-fr\/copenhague-fr\/all-private-tours-activities-fr-9\/visite-privee-du-chateau-de-frederiksborg-au-depart-de-copenhague\/\",\"name\":\"Visite priv\u00e9e du ch\u00e2teau de Frederiksborg depuis Copenhague | Tour Travel & More\",\"isPartOf\":{\"@id\":\"https:\/\/tourtravelandmore.com\/fr\/#website\"},\"primaryImageOfPage\":{\"@id\":\"https:\/\/tourtravelandmore.com\/fr\/tours\/danemark-fr\/copenhague-fr\/all-private-tours-activities-fr-9\/visite-privee-du-chateau-de-frederiksborg-au-depart-de-copenhague\/#primaryimage\"},\"image\":{\"@id\":\"https:\/\/tourtravelandmore.com\/fr\/tours\/danemark-fr\/copenhague-fr\/all-private-tours-activities-fr-9\/visite-privee-du-chateau-de-frederiksborg-au-depart-de-copenhague\/#primaryimage\"},\"thumbnailUrl\":\"https:\/\/tourtravelandmore.com\/wp-content\/uploads\/2022\/11\/pexels-mads-terkelsen-8231533-scaled.jpg\",\"datePublished\":\"2022-11-14T21:12:40+00:00\",\"dateModified\":\"2024-02-28T16:22:18+00:00\",\"description\":\"Visite priv\u00e9e du ch\u00e2teau de Frederiksborg. Explorez les paysages avec cette visite priv\u00e9e avec un guide et un v\u00e9hicule priv\u00e9 avec chauffeur.\",\"breadcrumb\":{\"@id\":\"https:\/\/tourtravelandmore.com\/fr\/tours\/danemark-fr\/copenhague-fr\/all-private-tours-activities-fr-9\/visite-privee-du-chateau-de-frederiksborg-au-depart-de-copenhague\/#breadcrumb\"},\"inLanguage\":\"fr-FR\",\"potentialAction\":[{\"@type\":\"ReadAction\",\"target\":[\"https:\/\/tourtravelandmore.com\/fr\/tours\/danemark-fr\/copenhague-fr\/all-private-tours-activities-fr-9\/visite-privee-du-chateau-de-frederiksborg-au-depart-de-copenhague\/\"]}]},{\"@type\":\"ImageObject\",\"inLanguage\":\"fr-FR\",\"@id\":\"https:\/\/tourtravelandmore.com\/fr\/tours\/danemark-fr\/copenhague-fr\/all-private-tours-activities-fr-9\/visite-privee-du-chateau-de-frederiksborg-au-depart-de-copenhague\/#primaryimage\",\"url\":\"https:\/\/tourtravelandmore.com\/wp-content\/uploads\/2022\/11\/pexels-mads-terkelsen-8231533-scaled.jpg\",\"contentUrl\":\"https:\/\/tourtravelandmore.com\/wp-content\/uploads\/2022\/11\/pexels-mads-terkelsen-8231533-scaled.jpg\",\"width\":2560,\"height\":1707},{\"@type\":\"BreadcrumbList\",\"@id\":\"https:\/\/tourtravelandmore.com\/fr\/tours\/danemark-fr\/copenhague-fr\/all-private-tours-activities-fr-9\/visite-privee-du-chateau-de-frederiksborg-au-depart-de-copenhague\/#breadcrumb\",\"itemListElement\":[{\"@type\":\"ListItem\",\"position\":1,\"name\":\"Home\",\"item\":\"https:\/\/tourtravelandmore.com\/fr\/\"},{\"@type\":\"ListItem\",\"position\":2,\"name\":\"Tours\",\"item\":\"https:\/\/tourtravelandmore.com\/fr\/tours\/\"},{\"@type\":\"ListItem\",\"position\":3,\"name\":\"Visite priv\u00e9e du ch\u00e2teau de Frederiksborg au d\u00e9part de Copenhague\"}]},{\"@type\":\"WebSite\",\"@id\":\"https:\/\/tourtravelandmore.com\/fr\/#website\",\"url\":\"https:\/\/tourtravelandmore.com\/fr\/\",\"name\":\"Tour Travel And More\",\"description\":\"Private sightseeing tours and luxury transfers in Spain\",\"publisher\":{\"@id\":\"https:\/\/tourtravelandmore.com\/fr\/#organization\"},\"potentialAction\":[{\"@type\":\"SearchAction\",\"target\":{\"@type\":\"EntryPoint\",\"urlTemplate\":\"https:\/\/tourtravelandmore.com\/fr\/?s={search_term_string}\"},\"query-input\":{\"@type\":\"PropertyValueSpecification\",\"valueRequired\":true,\"valueName\":\"search_term_string\"}}],\"inLanguage\":\"fr-FR\"},{\"@type\":\"Organization\",\"@id\":\"https:\/\/tourtravelandmore.com\/fr\/#organization\",\"name\":\"Tour Travel And More\",\"url\":\"https:\/\/tourtravelandmore.com\/fr\/\",\"logo\":{\"@type\":\"ImageObject\",\"inLanguage\":\"fr-FR\",\"@id\":\"https:\/\/tourtravelandmore.com\/fr\/#\/schema\/logo\/image\/\",\"url\":\"https:\/\/tourtravelandmore.com\/wp-content\/uploads\/2022\/12\/cropped-logo-cabecera-new.png\",\"contentUrl\":\"https:\/\/tourtravelandmore.com\/wp-content\/uploads\/2022\/12\/cropped-logo-cabecera-new.png\",\"width\":430,\"height\":61,\"caption\":\"Tour Travel And More\"},\"image\":{\"@id\":\"https:\/\/tourtravelandmore.com\/fr\/#\/schema\/logo\/image\/\"},\"sameAs\":[\"https:\/\/www.facebook.com\/tourtravelandmore\/\",\"https:\/\/x.com\/TourTravel_More\"]}]}<\/script>\n<!-- \/ Yoast SEO Premium plugin. -->","yoast_head_json":{"title":"Visite priv\u00e9e du ch\u00e2teau de Frederiksborg depuis Copenhague | Tour Travel & More","description":"Visite priv\u00e9e du ch\u00e2teau de Frederiksborg. Explorez les paysages avec cette visite priv\u00e9e avec un guide et un v\u00e9hicule priv\u00e9 avec chauffeur.","robots":{"index":"index","follow":"follow","max-snippet":"max-snippet:-1","max-image-preview":"max-image-preview:large","max-video-preview":"max-video-preview:-1"},"canonical":"https:\/\/tourtravelandmore.com\/fr\/tours\/danemark-fr\/copenhague-fr\/all-private-tours-activities-fr-9\/visite-privee-du-chateau-de-frederiksborg-au-depart-de-copenhague\/","og_locale":"fr_FR","og_type":"article","og_title":"Visite priv\u00e9e du ch\u00e2teau de Frederiksborg au d\u00e9part de Copenhague","og_description":"Visite priv\u00e9e du ch\u00e2teau de Frederiksborg. Explorez les paysages avec cette visite priv\u00e9e avec un guide et un v\u00e9hicule priv\u00e9 avec chauffeur.","og_url":"https:\/\/tourtravelandmore.com\/fr\/tours\/danemark-fr\/copenhague-fr\/all-private-tours-activities-fr-9\/visite-privee-du-chateau-de-frederiksborg-au-depart-de-copenhague\/","og_site_name":"Tour Travel And More","article_publisher":"https:\/\/www.facebook.com\/tourtravelandmore\/","article_modified_time":"2024-02-28T16:22:18+00:00","og_image":[{"width":2560,"height":1707,"url":"https:\/\/tourtravelandmore.com\/wp-content\/uploads\/2022\/11\/pexels-mads-terkelsen-8231533-scaled.jpg","type":"image\/jpeg"}],"twitter_card":"summary_large_image","twitter_site":"@TourTravel_More","twitter_misc":{"Dur\u00e9e de lecture estim\u00e9e":"2 minutes"},"schema":{"@context":"https:\/\/schema.org","@graph":[{"@type":"WebPage","@id":"https:\/\/tourtravelandmore.com\/fr\/tours\/danemark-fr\/copenhague-fr\/all-private-tours-activities-fr-9\/visite-privee-du-chateau-de-frederiksborg-au-depart-de-copenhague\/","url":"https:\/\/tourtravelandmore.com\/fr\/tours\/danemark-fr\/copenhague-fr\/all-private-tours-activities-fr-9\/visite-privee-du-chateau-de-frederiksborg-au-depart-de-copenhague\/","name":"Visite priv\u00e9e du ch\u00e2teau de Frederiksborg depuis Copenhague | Tour Travel & More","isPartOf":{"@id":"https:\/\/tourtravelandmore.com\/fr\/#website"},"primaryImageOfPage":{"@id":"https:\/\/tourtravelandmore.com\/fr\/tours\/danemark-fr\/copenhague-fr\/all-private-tours-activities-fr-9\/visite-privee-du-chateau-de-frederiksborg-au-depart-de-copenhague\/#primaryimage"},"image":{"@id":"https:\/\/tourtravelandmore.com\/fr\/tours\/danemark-fr\/copenhague-fr\/all-private-tours-activities-fr-9\/visite-privee-du-chateau-de-frederiksborg-au-depart-de-copenhague\/#primaryimage"},"thumbnailUrl":"https:\/\/tourtravelandmore.com\/wp-content\/uploads\/2022\/11\/pexels-mads-terkelsen-8231533-scaled.jpg","datePublished":"2022-11-14T21:12:40+00:00","dateModified":"2024-02-28T16:22:18+00:00","description":"Visite priv\u00e9e du ch\u00e2teau de Frederiksborg. Explorez les paysages avec cette visite priv\u00e9e avec un guide et un v\u00e9hicule priv\u00e9 avec chauffeur.","breadcrumb":{"@id":"https:\/\/tourtravelandmore.com\/fr\/tours\/danemark-fr\/copenhague-fr\/all-private-tours-activities-fr-9\/visite-privee-du-chateau-de-frederiksborg-au-depart-de-copenhague\/#breadcrumb"},"inLanguage":"fr-FR","potentialAction":[{"@type":"ReadAction","target":["https:\/\/tourtravelandmore.com\/fr\/tours\/danemark-fr\/copenhague-fr\/all-private-tours-activities-fr-9\/visite-privee-du-chateau-de-frederiksborg-au-depart-de-copenhague\/"]}]},{"@type":"ImageObject","inLanguage":"fr-FR","@id":"https:\/\/tourtravelandmore.com\/fr\/tours\/danemark-fr\/copenhague-fr\/all-private-tours-activities-fr-9\/visite-privee-du-chateau-de-frederiksborg-au-depart-de-copenhague\/#primaryimage","url":"https:\/\/tourtravelandmore.com\/wp-content\/uploads\/2022\/11\/pexels-mads-terkelsen-8231533-scaled.jpg","contentUrl":"https:\/\/tourtravelandmore.com\/wp-content\/uploads\/2022\/11\/pexels-mads-terkelsen-8231533-scaled.jpg","width":2560,"height":1707},{"@type":"BreadcrumbList","@id":"https:\/\/tourtravelandmore.com\/fr\/tours\/danemark-fr\/copenhague-fr\/all-private-tours-activities-fr-9\/visite-privee-du-chateau-de-frederiksborg-au-depart-de-copenhague\/#breadcrumb","itemListElement":[{"@type":"ListItem","position":1,"name":"Home","item":"https:\/\/tourtravelandmore.com\/fr\/"},{"@type":"ListItem","position":2,"name":"Tours","item":"https:\/\/tourtravelandmore.com\/fr\/tours\/"},{"@type":"ListItem","position":3,"name":"Visite priv\u00e9e du ch\u00e2teau de Frederiksborg au d\u00e9part de Copenhague"}]},{"@type":"WebSite","@id":"https:\/\/tourtravelandmore.com\/fr\/#website","url":"https:\/\/tourtravelandmore.com\/fr\/","name":"Tour Travel And More","description":"Private sightseeing tours and luxury transfers in Spain","publisher":{"@id":"https:\/\/tourtravelandmore.com\/fr\/#organization"},"potentialAction":[{"@type":"SearchAction","target":{"@type":"EntryPoint","urlTemplate":"https:\/\/tourtravelandmore.com\/fr\/?s={search_term_string}"},"query-input":{"@type":"PropertyValueSpecification","valueRequired":true,"valueName":"search_term_string"}}],"inLanguage":"fr-FR"},{"@type":"Organization","@id":"https:\/\/tourtravelandmore.com\/fr\/#organization","name":"Tour Travel And More","url":"https:\/\/tourtravelandmore.com\/fr\/","logo":{"@type":"ImageObject","inLanguage":"fr-FR","@id":"https:\/\/tourtravelandmore.com\/fr\/#\/schema\/logo\/image\/","url":"https:\/\/tourtravelandmore.com\/wp-content\/uploads\/2022\/12\/cropped-logo-cabecera-new.png","contentUrl":"https:\/\/tourtravelandmore.com\/wp-content\/uploads\/2022\/12\/cropped-logo-cabecera-new.png","width":430,"height":61,"caption":"Tour Travel And More"},"image":{"@id":"https:\/\/tourtravelandmore.com\/fr\/#\/schema\/logo\/image\/"},"sameAs":["https:\/\/www.facebook.com\/tourtravelandmore\/","https:\/\/x.com\/TourTravel_More"]}]}},"_links":{"self":[{"href":"https:\/\/tourtravelandmore.com\/fr\/wp-json\/wp\/v2\/product\/143712","targetHints":{"allow":["GET"]}}],"collection":[{"href":"https:\/\/tourtravelandmore.com\/fr\/wp-json\/wp\/v2\/product"}],"about":[{"href":"https:\/\/tourtravelandmore.com\/fr\/wp-json\/wp\/v2\/types\/product"}],"replies":[{"embeddable":true,"href":"https:\/\/tourtravelandmore.com\/fr\/wp-json\/wp\/v2\/comments?post=143712"}],"wp:featuredmedia":[{"embeddable":true,"href":"https:\/\/tourtravelandmore.com\/fr\/wp-json\/wp\/v2\/media\/143750"}],"wp:attachment":[{"href":"https:\/\/tourtravelandmore.com\/fr\/wp-json\/wp\/v2\/media?parent=143712"}],"wp:term":[{"taxonomy":"product_brand","embeddable":true,"href":"https:\/\/tourtravelandmore.com\/fr\/wp-json\/wp\/v2\/product_brand?post=143712"},{"taxonomy":"product_cat","embeddable":true,"href":"https:\/\/tourtravelandmore.com\/fr\/wp-json\/wp\/v2\/product_cat?post=143712"},{"taxonomy":"product_tag","embeddable":true,"href":"https:\/\/tourtravelandmore.com\/fr\/wp-json\/wp\/v2\/product_tag?post=143712"}],"curies":[{"name":"wp","href":"https:\/\/api.w.org\/{rel}","templated":true}]}}