{"id":143632,"date":"2022-11-14T17:33:24","date_gmt":"2022-11-14T16:33:32","guid":{"rendered":"https:\/\/tourtravelandmore.com\/?post_type=product&#038;p=143632"},"modified":"2024-02-28T17:09:44","modified_gmt":"2024-02-28T16:09:44","slug":"les-points-forts-de-copenhague-tour-prive-a-velo-de-25-heures","status":"publish","type":"product","link":"https:\/\/tourtravelandmore.com\/fr\/tours\/danemark-fr\/copenhague-fr\/all-private-tours-activities-fr-9\/les-points-forts-de-copenhague-tour-prive-a-velo-de-25-heures\/","title":{"rendered":"Les points forts de Copenhague : Tour priv\u00e9 \u00e0 v\u00e9lo de 2,5 heures"},"content":{"rendered":"<h2>Description:<\/h2>\n<p>Profitez de cette<strong> visite guid\u00e9e de Copenhague : 2,5 heures de visite priv\u00e9e \u00e0 v\u00e9lo dans la ville de Copenhague.<\/strong> Profitez de ce grand tour avec un v\u00e9lo et un guide officiel s\u00e9par\u00e9.<\/p>\n<p>Parmi les nombreux sites c\u00e9l\u00e8bres que nous visiterons, nous verrons <strong>le palais de Christiansborg, un palais et un b\u00e2timent gouvernemental ; Helligaandskirken ou l&#8217;\u00e9glise du Saint-Esprit ; la biblioth\u00e8que de l&#8217;universit\u00e9 de Copenhague,<\/strong> la plus ancienne biblioth\u00e8que de la ville ; le quartier de divertissement populaire de <strong>Nyhavn<\/strong> ; le palais hollandais baroque de <strong>Charlottenborg<\/strong> et beaucoup d&#8217;autres sites sur cette visite priv\u00e9e.<\/p>\n<p>Il s&#8217;agit d&#8217;une visite d&#8217;une demi-journ\u00e9e, votre guide priv\u00e9 et officiel sera \u00e0 votre enti\u00e8re disposition pendant <strong>2 heures et demie<\/strong>. Si vous pr\u00e9f\u00e9rez, vous pouvez \u00e9galement consulter toutes <strong><a href=\"https:\/\/tourtravelandmore.com\/fr\/city\/danemark-fr\/copenhague-fr\/#shop\/\">nos visites priv\u00e9es \u00e0 Copenhague ici !<\/a><\/strong><\/p>\n<h2>Sites d&#8217;int\u00e9r\u00eat et monuments<\/h2>\n<p>Notre guide priv\u00e9 vous attendra \u00e0 votre point de rencontre dans un lieu central de votre choix \u00e0 Copenhague. Ensuite, nous commencerons cette visite des points forts de Copenhague : 2,5 heures de visite priv\u00e9e \u00e0 v\u00e9lo.<\/p>\n<p>Notre premier arr\u00eat sera l&#8217;h\u00f4tel de ville, situ\u00e9 dans le centre de la ville. Il abrite \u00e0 la fois le maire de la ville de Copenhague et le conseil municipal.<\/p>\n<p>Nous commencerons notre visite \u00e0 partir de l\u00e0 et continuerons vers les jardins de Tivoli, le deuxi\u00e8me plus ancien parc d&#8217;attractions en activit\u00e9 au monde, et le mus\u00e9e d&#8217;art Carlsberg Glyptotek.<\/p>\n<p>Parmi les sites que nous couvrirons, vous visiterez :<\/p>\n<ul>\n<li><strong>L&#8217;h\u00f4tel de ville<\/strong><\/li>\n<li><strong>H\u00f4tel de ville<\/strong><\/li>\n<li><strong>Jardins de Tivoli<\/strong><\/li>\n<li><strong>Glyptotek de Ny Carlsberg<\/strong><\/li>\n<li><strong>Mus\u00e9e national du Danemark<\/strong><\/li>\n<li><strong>Palais de Christiansborg<\/strong><\/li>\n<li><strong>Fontaine de la cigogne<\/strong><\/li>\n<li><strong>\u00c9glise du Saint-Esprit<\/strong><\/li>\n<li><strong>Biblioth\u00e8que universitaire de Copenhague<\/strong><\/li>\n<li><strong>Rundet\u00e5rn<\/strong><\/li>\n<li><strong>Str\u00f8get<\/strong><\/li>\n<li><strong>Place Kongens Nytorv<\/strong><\/li>\n<li><strong>Charlottenborg<\/strong><\/li>\n<li><strong>Nyhavn<\/strong><\/li>\n<li><strong>Et bien d&#8217;autres endroits encore lors de cette visite priv\u00e9e de Copenhague.<\/strong><\/li>\n<\/ul>\n<p>Cette visite priv\u00e9e se terminera \u00e0 un point de rencontre situ\u00e9 au centre de Copenhague.<\/p>\n","protected":false},"excerpt":{"rendered":"<p>Profitez de ce <strong>Copenhagen Highlights : Visite priv\u00e9e \u00e0 v\u00e9lo de 2,5 heures dans la ville de Copenhague.<\/strong> Profitez de ce grand tour avec un v\u00e9lo et un guide officiel s\u00e9par\u00e9.<\/p>\n","protected":false},"featured_media":143644,"comment_status":"open","ping_status":"closed","template":"","meta":{"_acf_changed":false},"product_brand":[],"product_cat":[3748,3757,4213],"product_tag":[],"class_list":{"0":"post-143632","1":"product","2":"type-product","3":"status-publish","4":"has-post-thumbnail","6":"product_cat-danemark-fr","7":"product_cat-copenhague-fr","8":"product_cat-all-private-tours-activities-fr-9","10":"first","11":"instock","12":"shipping-taxable","13":"purchasable","14":"product-type-simple"},"acf":[],"yoast_head":"<!-- This site is optimized with the Yoast SEO Premium plugin v25.3.1 (Yoast SEO v25.3.1) - https:\/\/yoast.com\/wordpress\/plugins\/seo\/ -->\n<title>Les points forts de Copenhague : Tour priv\u00e9 \u00e0 v\u00e9lo de 2,5 heures | Tour Travel &amp; More<\/title>\n<meta name=\"description\" content=\"Les points forts de Copenhague : Tour priv\u00e9 \u00e0 v\u00e9lo de 2,5 heures Explorez les paysages avec cette visite priv\u00e9e d&#039;une journ\u00e9e compl\u00e8te avec un guide priv\u00e9e\" \/>\n<meta name=\"robots\" content=\"index, follow, max-snippet:-1, max-image-preview:large, max-video-preview:-1\" \/>\n<link rel=\"canonical\" href=\"https:\/\/tourtravelandmore.com\/fr\/tours\/danemark-fr\/copenhague-fr\/all-private-tours-activities-fr-9\/les-points-forts-de-copenhague-tour-prive-a-velo-de-25-heures\/\" \/>\n<meta property=\"og:locale\" content=\"fr_FR\" \/>\n<meta property=\"og:type\" content=\"article\" \/>\n<meta property=\"og:title\" content=\"Les points forts de Copenhague : Tour priv\u00e9 \u00e0 v\u00e9lo de 2,5 heures\" \/>\n<meta property=\"og:description\" content=\"Les points forts de Copenhague : Tour priv\u00e9 \u00e0 v\u00e9lo de 2,5 heures Explorez les paysages avec cette visite priv\u00e9e d&#039;une journ\u00e9e compl\u00e8te avec un guide priv\u00e9e\" \/>\n<meta property=\"og:url\" content=\"https:\/\/tourtravelandmore.com\/fr\/tours\/danemark-fr\/copenhague-fr\/all-private-tours-activities-fr-9\/les-points-forts-de-copenhague-tour-prive-a-velo-de-25-heures\/\" \/>\n<meta property=\"og:site_name\" content=\"Tour Travel And More\" \/>\n<meta property=\"article:publisher\" content=\"https:\/\/www.facebook.com\/tourtravelandmore\/\" \/>\n<meta property=\"article:modified_time\" content=\"2024-02-28T16:09:44+00:00\" \/>\n<meta property=\"og:image\" content=\"https:\/\/tourtravelandmore.com\/wp-content\/uploads\/2022\/11\/pexels-maria-orlova-4947124-scaled.jpg\" \/>\n\t<meta property=\"og:image:width\" content=\"2560\" \/>\n\t<meta property=\"og:image:height\" content=\"1707\" \/>\n\t<meta property=\"og:image:type\" content=\"image\/jpeg\" \/>\n<meta name=\"twitter:card\" content=\"summary_large_image\" \/>\n<meta name=\"twitter:site\" content=\"@TourTravel_More\" \/>\n<meta name=\"twitter:label1\" content=\"Dur\u00e9e de lecture estim\u00e9e\" \/>\n\t<meta name=\"twitter:data1\" content=\"2 minutes\" \/>\n<script type=\"application\/ld+json\" class=\"yoast-schema-graph\">{\"@context\":\"https:\/\/schema.org\",\"@graph\":[{\"@type\":\"WebPage\",\"@id\":\"https:\/\/tourtravelandmore.com\/fr\/tours\/danemark-fr\/copenhague-fr\/all-private-tours-activities-fr-9\/les-points-forts-de-copenhague-tour-prive-a-velo-de-25-heures\/\",\"url\":\"https:\/\/tourtravelandmore.com\/fr\/tours\/danemark-fr\/copenhague-fr\/all-private-tours-activities-fr-9\/les-points-forts-de-copenhague-tour-prive-a-velo-de-25-heures\/\",\"name\":\"Les points forts de Copenhague : Tour priv\u00e9 \u00e0 v\u00e9lo de 2,5 heures | Tour Travel & More\",\"isPartOf\":{\"@id\":\"https:\/\/tourtravelandmore.com\/fr\/#website\"},\"primaryImageOfPage\":{\"@id\":\"https:\/\/tourtravelandmore.com\/fr\/tours\/danemark-fr\/copenhague-fr\/all-private-tours-activities-fr-9\/les-points-forts-de-copenhague-tour-prive-a-velo-de-25-heures\/#primaryimage\"},\"image\":{\"@id\":\"https:\/\/tourtravelandmore.com\/fr\/tours\/danemark-fr\/copenhague-fr\/all-private-tours-activities-fr-9\/les-points-forts-de-copenhague-tour-prive-a-velo-de-25-heures\/#primaryimage\"},\"thumbnailUrl\":\"https:\/\/tourtravelandmore.com\/wp-content\/uploads\/2022\/11\/pexels-maria-orlova-4947124-scaled.jpg\",\"datePublished\":\"2022-11-14T16:33:32+00:00\",\"dateModified\":\"2024-02-28T16:09:44+00:00\",\"description\":\"Les points forts de Copenhague : Tour priv\u00e9 \u00e0 v\u00e9lo de 2,5 heures Explorez les paysages avec cette visite priv\u00e9e d'une journ\u00e9e compl\u00e8te avec un guide priv\u00e9e\",\"breadcrumb\":{\"@id\":\"https:\/\/tourtravelandmore.com\/fr\/tours\/danemark-fr\/copenhague-fr\/all-private-tours-activities-fr-9\/les-points-forts-de-copenhague-tour-prive-a-velo-de-25-heures\/#breadcrumb\"},\"inLanguage\":\"fr-FR\",\"potentialAction\":[{\"@type\":\"ReadAction\",\"target\":[\"https:\/\/tourtravelandmore.com\/fr\/tours\/danemark-fr\/copenhague-fr\/all-private-tours-activities-fr-9\/les-points-forts-de-copenhague-tour-prive-a-velo-de-25-heures\/\"]}]},{\"@type\":\"ImageObject\",\"inLanguage\":\"fr-FR\",\"@id\":\"https:\/\/tourtravelandmore.com\/fr\/tours\/danemark-fr\/copenhague-fr\/all-private-tours-activities-fr-9\/les-points-forts-de-copenhague-tour-prive-a-velo-de-25-heures\/#primaryimage\",\"url\":\"https:\/\/tourtravelandmore.com\/wp-content\/uploads\/2022\/11\/pexels-maria-orlova-4947124-scaled.jpg\",\"contentUrl\":\"https:\/\/tourtravelandmore.com\/wp-content\/uploads\/2022\/11\/pexels-maria-orlova-4947124-scaled.jpg\",\"width\":2560,\"height\":1707},{\"@type\":\"BreadcrumbList\",\"@id\":\"https:\/\/tourtravelandmore.com\/fr\/tours\/danemark-fr\/copenhague-fr\/all-private-tours-activities-fr-9\/les-points-forts-de-copenhague-tour-prive-a-velo-de-25-heures\/#breadcrumb\",\"itemListElement\":[{\"@type\":\"ListItem\",\"position\":1,\"name\":\"Home\",\"item\":\"https:\/\/tourtravelandmore.com\/fr\/\"},{\"@type\":\"ListItem\",\"position\":2,\"name\":\"Tours\",\"item\":\"https:\/\/tourtravelandmore.com\/fr\/tours\/\"},{\"@type\":\"ListItem\",\"position\":3,\"name\":\"Les points forts de Copenhague : Tour priv\u00e9 \u00e0 v\u00e9lo de 2,5 heures\"}]},{\"@type\":\"WebSite\",\"@id\":\"https:\/\/tourtravelandmore.com\/fr\/#website\",\"url\":\"https:\/\/tourtravelandmore.com\/fr\/\",\"name\":\"Tour Travel And More\",\"description\":\"Private sightseeing tours and luxury transfers in Spain\",\"publisher\":{\"@id\":\"https:\/\/tourtravelandmore.com\/fr\/#organization\"},\"potentialAction\":[{\"@type\":\"SearchAction\",\"target\":{\"@type\":\"EntryPoint\",\"urlTemplate\":\"https:\/\/tourtravelandmore.com\/fr\/?s={search_term_string}\"},\"query-input\":{\"@type\":\"PropertyValueSpecification\",\"valueRequired\":true,\"valueName\":\"search_term_string\"}}],\"inLanguage\":\"fr-FR\"},{\"@type\":\"Organization\",\"@id\":\"https:\/\/tourtravelandmore.com\/fr\/#organization\",\"name\":\"Tour Travel And More\",\"url\":\"https:\/\/tourtravelandmore.com\/fr\/\",\"logo\":{\"@type\":\"ImageObject\",\"inLanguage\":\"fr-FR\",\"@id\":\"https:\/\/tourtravelandmore.com\/fr\/#\/schema\/logo\/image\/\",\"url\":\"https:\/\/tourtravelandmore.com\/wp-content\/uploads\/2022\/12\/cropped-logo-cabecera-new.png\",\"contentUrl\":\"https:\/\/tourtravelandmore.com\/wp-content\/uploads\/2022\/12\/cropped-logo-cabecera-new.png\",\"width\":430,\"height\":61,\"caption\":\"Tour Travel And More\"},\"image\":{\"@id\":\"https:\/\/tourtravelandmore.com\/fr\/#\/schema\/logo\/image\/\"},\"sameAs\":[\"https:\/\/www.facebook.com\/tourtravelandmore\/\",\"https:\/\/x.com\/TourTravel_More\"]}]}<\/script>\n<!-- \/ Yoast SEO Premium plugin. -->","yoast_head_json":{"title":"Les points forts de Copenhague : Tour priv\u00e9 \u00e0 v\u00e9lo de 2,5 heures | Tour Travel & More","description":"Les points forts de Copenhague : Tour priv\u00e9 \u00e0 v\u00e9lo de 2,5 heures Explorez les paysages avec cette visite priv\u00e9e d'une journ\u00e9e compl\u00e8te avec un guide priv\u00e9e","robots":{"index":"index","follow":"follow","max-snippet":"max-snippet:-1","max-image-preview":"max-image-preview:large","max-video-preview":"max-video-preview:-1"},"canonical":"https:\/\/tourtravelandmore.com\/fr\/tours\/danemark-fr\/copenhague-fr\/all-private-tours-activities-fr-9\/les-points-forts-de-copenhague-tour-prive-a-velo-de-25-heures\/","og_locale":"fr_FR","og_type":"article","og_title":"Les points forts de Copenhague : Tour priv\u00e9 \u00e0 v\u00e9lo de 2,5 heures","og_description":"Les points forts de Copenhague : Tour priv\u00e9 \u00e0 v\u00e9lo de 2,5 heures Explorez les paysages avec cette visite priv\u00e9e d'une journ\u00e9e compl\u00e8te avec un guide priv\u00e9e","og_url":"https:\/\/tourtravelandmore.com\/fr\/tours\/danemark-fr\/copenhague-fr\/all-private-tours-activities-fr-9\/les-points-forts-de-copenhague-tour-prive-a-velo-de-25-heures\/","og_site_name":"Tour Travel And More","article_publisher":"https:\/\/www.facebook.com\/tourtravelandmore\/","article_modified_time":"2024-02-28T16:09:44+00:00","og_image":[{"width":2560,"height":1707,"url":"https:\/\/tourtravelandmore.com\/wp-content\/uploads\/2022\/11\/pexels-maria-orlova-4947124-scaled.jpg","type":"image\/jpeg"}],"twitter_card":"summary_large_image","twitter_site":"@TourTravel_More","twitter_misc":{"Dur\u00e9e de lecture estim\u00e9e":"2 minutes"},"schema":{"@context":"https:\/\/schema.org","@graph":[{"@type":"WebPage","@id":"https:\/\/tourtravelandmore.com\/fr\/tours\/danemark-fr\/copenhague-fr\/all-private-tours-activities-fr-9\/les-points-forts-de-copenhague-tour-prive-a-velo-de-25-heures\/","url":"https:\/\/tourtravelandmore.com\/fr\/tours\/danemark-fr\/copenhague-fr\/all-private-tours-activities-fr-9\/les-points-forts-de-copenhague-tour-prive-a-velo-de-25-heures\/","name":"Les points forts de Copenhague : Tour priv\u00e9 \u00e0 v\u00e9lo de 2,5 heures | Tour Travel & More","isPartOf":{"@id":"https:\/\/tourtravelandmore.com\/fr\/#website"},"primaryImageOfPage":{"@id":"https:\/\/tourtravelandmore.com\/fr\/tours\/danemark-fr\/copenhague-fr\/all-private-tours-activities-fr-9\/les-points-forts-de-copenhague-tour-prive-a-velo-de-25-heures\/#primaryimage"},"image":{"@id":"https:\/\/tourtravelandmore.com\/fr\/tours\/danemark-fr\/copenhague-fr\/all-private-tours-activities-fr-9\/les-points-forts-de-copenhague-tour-prive-a-velo-de-25-heures\/#primaryimage"},"thumbnailUrl":"https:\/\/tourtravelandmore.com\/wp-content\/uploads\/2022\/11\/pexels-maria-orlova-4947124-scaled.jpg","datePublished":"2022-11-14T16:33:32+00:00","dateModified":"2024-02-28T16:09:44+00:00","description":"Les points forts de Copenhague : Tour priv\u00e9 \u00e0 v\u00e9lo de 2,5 heures Explorez les paysages avec cette visite priv\u00e9e d'une journ\u00e9e compl\u00e8te avec un guide priv\u00e9e","breadcrumb":{"@id":"https:\/\/tourtravelandmore.com\/fr\/tours\/danemark-fr\/copenhague-fr\/all-private-tours-activities-fr-9\/les-points-forts-de-copenhague-tour-prive-a-velo-de-25-heures\/#breadcrumb"},"inLanguage":"fr-FR","potentialAction":[{"@type":"ReadAction","target":["https:\/\/tourtravelandmore.com\/fr\/tours\/danemark-fr\/copenhague-fr\/all-private-tours-activities-fr-9\/les-points-forts-de-copenhague-tour-prive-a-velo-de-25-heures\/"]}]},{"@type":"ImageObject","inLanguage":"fr-FR","@id":"https:\/\/tourtravelandmore.com\/fr\/tours\/danemark-fr\/copenhague-fr\/all-private-tours-activities-fr-9\/les-points-forts-de-copenhague-tour-prive-a-velo-de-25-heures\/#primaryimage","url":"https:\/\/tourtravelandmore.com\/wp-content\/uploads\/2022\/11\/pexels-maria-orlova-4947124-scaled.jpg","contentUrl":"https:\/\/tourtravelandmore.com\/wp-content\/uploads\/2022\/11\/pexels-maria-orlova-4947124-scaled.jpg","width":2560,"height":1707},{"@type":"BreadcrumbList","@id":"https:\/\/tourtravelandmore.com\/fr\/tours\/danemark-fr\/copenhague-fr\/all-private-tours-activities-fr-9\/les-points-forts-de-copenhague-tour-prive-a-velo-de-25-heures\/#breadcrumb","itemListElement":[{"@type":"ListItem","position":1,"name":"Home","item":"https:\/\/tourtravelandmore.com\/fr\/"},{"@type":"ListItem","position":2,"name":"Tours","item":"https:\/\/tourtravelandmore.com\/fr\/tours\/"},{"@type":"ListItem","position":3,"name":"Les points forts de Copenhague : Tour priv\u00e9 \u00e0 v\u00e9lo de 2,5 heures"}]},{"@type":"WebSite","@id":"https:\/\/tourtravelandmore.com\/fr\/#website","url":"https:\/\/tourtravelandmore.com\/fr\/","name":"Tour Travel And More","description":"Private sightseeing tours and luxury transfers in Spain","publisher":{"@id":"https:\/\/tourtravelandmore.com\/fr\/#organization"},"potentialAction":[{"@type":"SearchAction","target":{"@type":"EntryPoint","urlTemplate":"https:\/\/tourtravelandmore.com\/fr\/?s={search_term_string}"},"query-input":{"@type":"PropertyValueSpecification","valueRequired":true,"valueName":"search_term_string"}}],"inLanguage":"fr-FR"},{"@type":"Organization","@id":"https:\/\/tourtravelandmore.com\/fr\/#organization","name":"Tour Travel And More","url":"https:\/\/tourtravelandmore.com\/fr\/","logo":{"@type":"ImageObject","inLanguage":"fr-FR","@id":"https:\/\/tourtravelandmore.com\/fr\/#\/schema\/logo\/image\/","url":"https:\/\/tourtravelandmore.com\/wp-content\/uploads\/2022\/12\/cropped-logo-cabecera-new.png","contentUrl":"https:\/\/tourtravelandmore.com\/wp-content\/uploads\/2022\/12\/cropped-logo-cabecera-new.png","width":430,"height":61,"caption":"Tour Travel And More"},"image":{"@id":"https:\/\/tourtravelandmore.com\/fr\/#\/schema\/logo\/image\/"},"sameAs":["https:\/\/www.facebook.com\/tourtravelandmore\/","https:\/\/x.com\/TourTravel_More"]}]}},"_links":{"self":[{"href":"https:\/\/tourtravelandmore.com\/fr\/wp-json\/wp\/v2\/product\/143632","targetHints":{"allow":["GET"]}}],"collection":[{"href":"https:\/\/tourtravelandmore.com\/fr\/wp-json\/wp\/v2\/product"}],"about":[{"href":"https:\/\/tourtravelandmore.com\/fr\/wp-json\/wp\/v2\/types\/product"}],"replies":[{"embeddable":true,"href":"https:\/\/tourtravelandmore.com\/fr\/wp-json\/wp\/v2\/comments?post=143632"}],"wp:featuredmedia":[{"embeddable":true,"href":"https:\/\/tourtravelandmore.com\/fr\/wp-json\/wp\/v2\/media\/143644"}],"wp:attachment":[{"href":"https:\/\/tourtravelandmore.com\/fr\/wp-json\/wp\/v2\/media?parent=143632"}],"wp:term":[{"taxonomy":"product_brand","embeddable":true,"href":"https:\/\/tourtravelandmore.com\/fr\/wp-json\/wp\/v2\/product_brand?post=143632"},{"taxonomy":"product_cat","embeddable":true,"href":"https:\/\/tourtravelandmore.com\/fr\/wp-json\/wp\/v2\/product_cat?post=143632"},{"taxonomy":"product_tag","embeddable":true,"href":"https:\/\/tourtravelandmore.com\/fr\/wp-json\/wp\/v2\/product_tag?post=143632"}],"curies":[{"name":"wp","href":"https:\/\/api.w.org\/{rel}","templated":true}]}}