{"id":143346,"date":"2022-11-11T19:09:15","date_gmt":"2022-11-11T18:09:26","guid":{"rendered":"https:\/\/tourtravelandmore.com\/?post_type=product&#038;p=143346"},"modified":"2024-02-28T19:51:28","modified_gmt":"2024-02-28T18:51:28","slug":"visite-privee-de-roskilde-au-depart-de-copenhague","status":"publish","type":"product","link":"https:\/\/tourtravelandmore.com\/fr\/tours\/danemark-fr\/copenhague-fr\/all-private-tours-activities-fr-9\/visite-privee-de-roskilde-au-depart-de-copenhague\/","title":{"rendered":"Visite priv\u00e9e de Roskilde au d\u00e9part de Copenhague"},"content":{"rendered":"<h2>Description:<\/h2>\n<p>Venez avec nous et profitez de cette visite priv\u00e9e avec un guide officiel et d\u00e9couvrez les lieux les plus embl\u00e9matiques de Roskilde. Profitez de cette visite priv\u00e9e \u00e0 Roskilde depuis Copenhague. Un v\u00e9hicule priv\u00e9 avec chauffeur viendra vous chercher \u00e0 votre h\u00f4tel ou \u00e0 l&#8217;endroit de votre choix \u00e0 Copenhague.<\/p>\n<p>Roskilde est une ville du Danemark situ\u00e9e au nord de l&#8217;\u00eele de Z\u00e9lande, \u00e0 l&#8217;extr\u00e9mit\u00e9 du fjord de Roskilde, qui est surplomb\u00e9 par un petit port. Roskilde est \u00e9galement la capitale de la municipalit\u00e9 du m\u00eame nom, la plus grande ville de la r\u00e9gion administrative de Zealand, avec 47 828 habitants, et la dixi\u00e8me du pays.<\/p>\n<p>Il s&#8217;agit d&#8217;une visite priv\u00e9e enti\u00e8rement personnalis\u00e9e pour votre famille ou votre groupe. Vous pouvez personnaliser chaque circuit en nous contactant.<\/p>\n<h2>Sites d&#8217;int\u00e9r\u00eat et monuments<\/h2>\n<p>Tout d&#8217;abord, nous nous retrouverons \u00e0 l&#8217;endroit de votre choix \u00e0 Copenhague. Notre chauffeur priv\u00e9 et notre guide vous attendront \u00e0 votre h\u00f4tel ou \u00e0 l&#8217;endroit de votre choix \u00e0 Copenhague pour commencer cette visite priv\u00e9e de Roskilde depuis Copenhague.<\/p>\n<p>Nous admirerons ensuite la belle architecture de cette ville, une \u00e9blouissante cath\u00e9drale de style baroque qui a \u00e9t\u00e9 d\u00e9clar\u00e9e site du patrimoine mondial. Elle a \u00e9t\u00e9 construite au Moyen \u00c2ge, entre le 12e et le 13e si\u00e8cle. Enti\u00e8rement construite en briques rouges, elle a \u00e9t\u00e9 \u00e0 l&#8217;origine de la diffusion de ce style en Europe du Nord.<\/p>\n<p>La plupart des rois et reines du Danemark y sont enterr\u00e9s, et elle a donc \u00e9t\u00e9 adapt\u00e9e aux go\u00fbts des diff\u00e9rentes \u00e9poques jusqu&#8217;au XXe si\u00e8cle par le biais de petites extensions lat\u00e9rales : porches et chapelles. Cela fait de la cath\u00e9drale une frise chronologique de l&#8217;\u00e9volution de l&#8217;architecture chr\u00e9tienne en Europe du Nord.<\/p>\n<p>Nous poursuivons notre visite priv\u00e9e de Roskilde au d\u00e9part de Copenhague en visitant le mus\u00e9e des bateaux vikings. L&#8217;exposition de navires est situ\u00e9e dans le port qui donne acc\u00e8s au fjord, point de d\u00e9part de nombreux navires. Parmi les navires de la collection se trouve le plus grand bateau viking du monde. D&#8217;une longueur de 37 m\u00e8tres, il pouvait contenir jusqu&#8217;\u00e0 une centaine de guerriers pr\u00eats \u00e0 se battre l\u00e0 o\u00f9 il accostait.<\/p>\n<p>Enfin, cette visite priv\u00e9e se terminera \u00e0 votre h\u00f4tel ou au lieu de votre choix \u00e0 Copenhague.<\/p>\n<p>De plus, les experts de Tour Travel &amp; More sont \u00e0 votre disposition tout au long du processus de r\u00e9servation. Ne manquez pas nos autres visites priv\u00e9es \u00e0 Copenhague. Nous organisons des exp\u00e9riences exceptionnelles dans cette belle ville danoise.<\/p>\n","protected":false},"excerpt":{"rendered":"<p>Venez avec nous et profitez de cette visite priv\u00e9e avec un guide officiel et d\u00e9couvrez les lieux les plus embl\u00e9matiques de Roskilde. Profitez de cette visite priv\u00e9e \u00e0 Roskilde depuis Copenhague. Un v\u00e9hicule priv\u00e9 avec chauffeur viendra vous chercher \u00e0 votre h\u00f4tel ou \u00e0 l&#8217;endroit de votre choix \u00e0 Copenhague.<\/p>\n","protected":false},"featured_media":143376,"comment_status":"open","ping_status":"closed","template":"","meta":{"_acf_changed":false},"product_brand":[],"product_cat":[3748,3757,4213],"product_tag":[],"class_list":{"0":"post-143346","1":"product","2":"type-product","3":"status-publish","4":"has-post-thumbnail","6":"product_cat-danemark-fr","7":"product_cat-copenhague-fr","8":"product_cat-all-private-tours-activities-fr-9","10":"first","11":"instock","12":"shipping-taxable","13":"purchasable","14":"product-type-simple"},"acf":[],"yoast_head":"<!-- This site is optimized with the Yoast SEO Premium plugin v25.3.1 (Yoast SEO v25.3.1) - https:\/\/yoast.com\/wordpress\/plugins\/seo\/ -->\n<title>Visite priv\u00e9e de Roskilde au d\u00e9part de Copenhague | TT&amp;M<\/title>\n<meta name=\"description\" content=\"Visite priv\u00e9e de Roskilde au d\u00e9part de Copenhague. Explorez les paysages avec cette visite priv\u00e9e d&#039;une journ\u00e9e compl\u00e8te avec un guide et un v\u00e9hicule priv\u00e9.\" \/>\n<meta name=\"robots\" content=\"index, follow, max-snippet:-1, max-image-preview:large, max-video-preview:-1\" \/>\n<link rel=\"canonical\" href=\"https:\/\/tourtravelandmore.com\/fr\/tours\/danemark-fr\/copenhague-fr\/all-private-tours-activities-fr-9\/visite-privee-de-roskilde-au-depart-de-copenhague\/\" \/>\n<meta property=\"og:locale\" content=\"fr_FR\" \/>\n<meta property=\"og:type\" content=\"article\" \/>\n<meta property=\"og:title\" content=\"Visite priv\u00e9e de Roskilde au d\u00e9part de Copenhague\" \/>\n<meta property=\"og:description\" content=\"Visite priv\u00e9e de Roskilde au d\u00e9part de Copenhague. Explorez les paysages avec cette visite priv\u00e9e d&#039;une journ\u00e9e compl\u00e8te avec un guide et un v\u00e9hicule priv\u00e9.\" \/>\n<meta property=\"og:url\" content=\"https:\/\/tourtravelandmore.com\/fr\/tours\/danemark-fr\/copenhague-fr\/all-private-tours-activities-fr-9\/visite-privee-de-roskilde-au-depart-de-copenhague\/\" \/>\n<meta property=\"og:site_name\" content=\"Tour Travel And More\" \/>\n<meta property=\"article:publisher\" content=\"https:\/\/www.facebook.com\/tourtravelandmore\/\" \/>\n<meta property=\"article:modified_time\" content=\"2024-02-28T18:51:28+00:00\" \/>\n<meta property=\"og:image\" content=\"https:\/\/tourtravelandmore.com\/wp-content\/uploads\/2022\/11\/roskilde-92472_1280.jpg\" \/>\n\t<meta property=\"og:image:width\" content=\"1280\" \/>\n\t<meta property=\"og:image:height\" content=\"778\" \/>\n\t<meta property=\"og:image:type\" content=\"image\/jpeg\" \/>\n<meta name=\"twitter:card\" content=\"summary_large_image\" \/>\n<meta name=\"twitter:site\" content=\"@TourTravel_More\" \/>\n<meta name=\"twitter:label1\" content=\"Dur\u00e9e de lecture estim\u00e9e\" \/>\n\t<meta name=\"twitter:data1\" content=\"2 minutes\" \/>\n<script type=\"application\/ld+json\" class=\"yoast-schema-graph\">{\"@context\":\"https:\/\/schema.org\",\"@graph\":[{\"@type\":\"WebPage\",\"@id\":\"https:\/\/tourtravelandmore.com\/fr\/tours\/danemark-fr\/copenhague-fr\/all-private-tours-activities-fr-9\/visite-privee-de-roskilde-au-depart-de-copenhague\/\",\"url\":\"https:\/\/tourtravelandmore.com\/fr\/tours\/danemark-fr\/copenhague-fr\/all-private-tours-activities-fr-9\/visite-privee-de-roskilde-au-depart-de-copenhague\/\",\"name\":\"Visite priv\u00e9e de Roskilde au d\u00e9part de Copenhague | TT&M\",\"isPartOf\":{\"@id\":\"https:\/\/tourtravelandmore.com\/fr\/#website\"},\"primaryImageOfPage\":{\"@id\":\"https:\/\/tourtravelandmore.com\/fr\/tours\/danemark-fr\/copenhague-fr\/all-private-tours-activities-fr-9\/visite-privee-de-roskilde-au-depart-de-copenhague\/#primaryimage\"},\"image\":{\"@id\":\"https:\/\/tourtravelandmore.com\/fr\/tours\/danemark-fr\/copenhague-fr\/all-private-tours-activities-fr-9\/visite-privee-de-roskilde-au-depart-de-copenhague\/#primaryimage\"},\"thumbnailUrl\":\"https:\/\/tourtravelandmore.com\/wp-content\/uploads\/2022\/11\/roskilde-92472_1280.jpg\",\"datePublished\":\"2022-11-11T18:09:26+00:00\",\"dateModified\":\"2024-02-28T18:51:28+00:00\",\"description\":\"Visite priv\u00e9e de Roskilde au d\u00e9part de Copenhague. Explorez les paysages avec cette visite priv\u00e9e d'une journ\u00e9e compl\u00e8te avec un guide et un v\u00e9hicule priv\u00e9.\",\"breadcrumb\":{\"@id\":\"https:\/\/tourtravelandmore.com\/fr\/tours\/danemark-fr\/copenhague-fr\/all-private-tours-activities-fr-9\/visite-privee-de-roskilde-au-depart-de-copenhague\/#breadcrumb\"},\"inLanguage\":\"fr-FR\",\"potentialAction\":[{\"@type\":\"ReadAction\",\"target\":[\"https:\/\/tourtravelandmore.com\/fr\/tours\/danemark-fr\/copenhague-fr\/all-private-tours-activities-fr-9\/visite-privee-de-roskilde-au-depart-de-copenhague\/\"]}]},{\"@type\":\"ImageObject\",\"inLanguage\":\"fr-FR\",\"@id\":\"https:\/\/tourtravelandmore.com\/fr\/tours\/danemark-fr\/copenhague-fr\/all-private-tours-activities-fr-9\/visite-privee-de-roskilde-au-depart-de-copenhague\/#primaryimage\",\"url\":\"https:\/\/tourtravelandmore.com\/wp-content\/uploads\/2022\/11\/roskilde-92472_1280.jpg\",\"contentUrl\":\"https:\/\/tourtravelandmore.com\/wp-content\/uploads\/2022\/11\/roskilde-92472_1280.jpg\",\"width\":1280,\"height\":778},{\"@type\":\"BreadcrumbList\",\"@id\":\"https:\/\/tourtravelandmore.com\/fr\/tours\/danemark-fr\/copenhague-fr\/all-private-tours-activities-fr-9\/visite-privee-de-roskilde-au-depart-de-copenhague\/#breadcrumb\",\"itemListElement\":[{\"@type\":\"ListItem\",\"position\":1,\"name\":\"Home\",\"item\":\"https:\/\/tourtravelandmore.com\/fr\/\"},{\"@type\":\"ListItem\",\"position\":2,\"name\":\"Tours\",\"item\":\"https:\/\/tourtravelandmore.com\/fr\/tours\/\"},{\"@type\":\"ListItem\",\"position\":3,\"name\":\"Visite priv\u00e9e de Roskilde au d\u00e9part de Copenhague\"}]},{\"@type\":\"WebSite\",\"@id\":\"https:\/\/tourtravelandmore.com\/fr\/#website\",\"url\":\"https:\/\/tourtravelandmore.com\/fr\/\",\"name\":\"Tour Travel And More\",\"description\":\"Private sightseeing tours and luxury transfers in Spain\",\"publisher\":{\"@id\":\"https:\/\/tourtravelandmore.com\/fr\/#organization\"},\"potentialAction\":[{\"@type\":\"SearchAction\",\"target\":{\"@type\":\"EntryPoint\",\"urlTemplate\":\"https:\/\/tourtravelandmore.com\/fr\/?s={search_term_string}\"},\"query-input\":{\"@type\":\"PropertyValueSpecification\",\"valueRequired\":true,\"valueName\":\"search_term_string\"}}],\"inLanguage\":\"fr-FR\"},{\"@type\":\"Organization\",\"@id\":\"https:\/\/tourtravelandmore.com\/fr\/#organization\",\"name\":\"Tour Travel And More\",\"url\":\"https:\/\/tourtravelandmore.com\/fr\/\",\"logo\":{\"@type\":\"ImageObject\",\"inLanguage\":\"fr-FR\",\"@id\":\"https:\/\/tourtravelandmore.com\/fr\/#\/schema\/logo\/image\/\",\"url\":\"https:\/\/tourtravelandmore.com\/wp-content\/uploads\/2022\/12\/cropped-logo-cabecera-new.png\",\"contentUrl\":\"https:\/\/tourtravelandmore.com\/wp-content\/uploads\/2022\/12\/cropped-logo-cabecera-new.png\",\"width\":430,\"height\":61,\"caption\":\"Tour Travel And More\"},\"image\":{\"@id\":\"https:\/\/tourtravelandmore.com\/fr\/#\/schema\/logo\/image\/\"},\"sameAs\":[\"https:\/\/www.facebook.com\/tourtravelandmore\/\",\"https:\/\/x.com\/TourTravel_More\"]}]}<\/script>\n<!-- \/ Yoast SEO Premium plugin. -->","yoast_head_json":{"title":"Visite priv\u00e9e de Roskilde au d\u00e9part de Copenhague | TT&M","description":"Visite priv\u00e9e de Roskilde au d\u00e9part de Copenhague. Explorez les paysages avec cette visite priv\u00e9e d'une journ\u00e9e compl\u00e8te avec un guide et un v\u00e9hicule priv\u00e9.","robots":{"index":"index","follow":"follow","max-snippet":"max-snippet:-1","max-image-preview":"max-image-preview:large","max-video-preview":"max-video-preview:-1"},"canonical":"https:\/\/tourtravelandmore.com\/fr\/tours\/danemark-fr\/copenhague-fr\/all-private-tours-activities-fr-9\/visite-privee-de-roskilde-au-depart-de-copenhague\/","og_locale":"fr_FR","og_type":"article","og_title":"Visite priv\u00e9e de Roskilde au d\u00e9part de Copenhague","og_description":"Visite priv\u00e9e de Roskilde au d\u00e9part de Copenhague. Explorez les paysages avec cette visite priv\u00e9e d'une journ\u00e9e compl\u00e8te avec un guide et un v\u00e9hicule priv\u00e9.","og_url":"https:\/\/tourtravelandmore.com\/fr\/tours\/danemark-fr\/copenhague-fr\/all-private-tours-activities-fr-9\/visite-privee-de-roskilde-au-depart-de-copenhague\/","og_site_name":"Tour Travel And More","article_publisher":"https:\/\/www.facebook.com\/tourtravelandmore\/","article_modified_time":"2024-02-28T18:51:28+00:00","og_image":[{"width":1280,"height":778,"url":"https:\/\/tourtravelandmore.com\/wp-content\/uploads\/2022\/11\/roskilde-92472_1280.jpg","type":"image\/jpeg"}],"twitter_card":"summary_large_image","twitter_site":"@TourTravel_More","twitter_misc":{"Dur\u00e9e de lecture estim\u00e9e":"2 minutes"},"schema":{"@context":"https:\/\/schema.org","@graph":[{"@type":"WebPage","@id":"https:\/\/tourtravelandmore.com\/fr\/tours\/danemark-fr\/copenhague-fr\/all-private-tours-activities-fr-9\/visite-privee-de-roskilde-au-depart-de-copenhague\/","url":"https:\/\/tourtravelandmore.com\/fr\/tours\/danemark-fr\/copenhague-fr\/all-private-tours-activities-fr-9\/visite-privee-de-roskilde-au-depart-de-copenhague\/","name":"Visite priv\u00e9e de Roskilde au d\u00e9part de Copenhague | TT&M","isPartOf":{"@id":"https:\/\/tourtravelandmore.com\/fr\/#website"},"primaryImageOfPage":{"@id":"https:\/\/tourtravelandmore.com\/fr\/tours\/danemark-fr\/copenhague-fr\/all-private-tours-activities-fr-9\/visite-privee-de-roskilde-au-depart-de-copenhague\/#primaryimage"},"image":{"@id":"https:\/\/tourtravelandmore.com\/fr\/tours\/danemark-fr\/copenhague-fr\/all-private-tours-activities-fr-9\/visite-privee-de-roskilde-au-depart-de-copenhague\/#primaryimage"},"thumbnailUrl":"https:\/\/tourtravelandmore.com\/wp-content\/uploads\/2022\/11\/roskilde-92472_1280.jpg","datePublished":"2022-11-11T18:09:26+00:00","dateModified":"2024-02-28T18:51:28+00:00","description":"Visite priv\u00e9e de Roskilde au d\u00e9part de Copenhague. Explorez les paysages avec cette visite priv\u00e9e d'une journ\u00e9e compl\u00e8te avec un guide et un v\u00e9hicule priv\u00e9.","breadcrumb":{"@id":"https:\/\/tourtravelandmore.com\/fr\/tours\/danemark-fr\/copenhague-fr\/all-private-tours-activities-fr-9\/visite-privee-de-roskilde-au-depart-de-copenhague\/#breadcrumb"},"inLanguage":"fr-FR","potentialAction":[{"@type":"ReadAction","target":["https:\/\/tourtravelandmore.com\/fr\/tours\/danemark-fr\/copenhague-fr\/all-private-tours-activities-fr-9\/visite-privee-de-roskilde-au-depart-de-copenhague\/"]}]},{"@type":"ImageObject","inLanguage":"fr-FR","@id":"https:\/\/tourtravelandmore.com\/fr\/tours\/danemark-fr\/copenhague-fr\/all-private-tours-activities-fr-9\/visite-privee-de-roskilde-au-depart-de-copenhague\/#primaryimage","url":"https:\/\/tourtravelandmore.com\/wp-content\/uploads\/2022\/11\/roskilde-92472_1280.jpg","contentUrl":"https:\/\/tourtravelandmore.com\/wp-content\/uploads\/2022\/11\/roskilde-92472_1280.jpg","width":1280,"height":778},{"@type":"BreadcrumbList","@id":"https:\/\/tourtravelandmore.com\/fr\/tours\/danemark-fr\/copenhague-fr\/all-private-tours-activities-fr-9\/visite-privee-de-roskilde-au-depart-de-copenhague\/#breadcrumb","itemListElement":[{"@type":"ListItem","position":1,"name":"Home","item":"https:\/\/tourtravelandmore.com\/fr\/"},{"@type":"ListItem","position":2,"name":"Tours","item":"https:\/\/tourtravelandmore.com\/fr\/tours\/"},{"@type":"ListItem","position":3,"name":"Visite priv\u00e9e de Roskilde au d\u00e9part de Copenhague"}]},{"@type":"WebSite","@id":"https:\/\/tourtravelandmore.com\/fr\/#website","url":"https:\/\/tourtravelandmore.com\/fr\/","name":"Tour Travel And More","description":"Private sightseeing tours and luxury transfers in Spain","publisher":{"@id":"https:\/\/tourtravelandmore.com\/fr\/#organization"},"potentialAction":[{"@type":"SearchAction","target":{"@type":"EntryPoint","urlTemplate":"https:\/\/tourtravelandmore.com\/fr\/?s={search_term_string}"},"query-input":{"@type":"PropertyValueSpecification","valueRequired":true,"valueName":"search_term_string"}}],"inLanguage":"fr-FR"},{"@type":"Organization","@id":"https:\/\/tourtravelandmore.com\/fr\/#organization","name":"Tour Travel And More","url":"https:\/\/tourtravelandmore.com\/fr\/","logo":{"@type":"ImageObject","inLanguage":"fr-FR","@id":"https:\/\/tourtravelandmore.com\/fr\/#\/schema\/logo\/image\/","url":"https:\/\/tourtravelandmore.com\/wp-content\/uploads\/2022\/12\/cropped-logo-cabecera-new.png","contentUrl":"https:\/\/tourtravelandmore.com\/wp-content\/uploads\/2022\/12\/cropped-logo-cabecera-new.png","width":430,"height":61,"caption":"Tour Travel And More"},"image":{"@id":"https:\/\/tourtravelandmore.com\/fr\/#\/schema\/logo\/image\/"},"sameAs":["https:\/\/www.facebook.com\/tourtravelandmore\/","https:\/\/x.com\/TourTravel_More"]}]}},"_links":{"self":[{"href":"https:\/\/tourtravelandmore.com\/fr\/wp-json\/wp\/v2\/product\/143346","targetHints":{"allow":["GET"]}}],"collection":[{"href":"https:\/\/tourtravelandmore.com\/fr\/wp-json\/wp\/v2\/product"}],"about":[{"href":"https:\/\/tourtravelandmore.com\/fr\/wp-json\/wp\/v2\/types\/product"}],"replies":[{"embeddable":true,"href":"https:\/\/tourtravelandmore.com\/fr\/wp-json\/wp\/v2\/comments?post=143346"}],"wp:featuredmedia":[{"embeddable":true,"href":"https:\/\/tourtravelandmore.com\/fr\/wp-json\/wp\/v2\/media\/143376"}],"wp:attachment":[{"href":"https:\/\/tourtravelandmore.com\/fr\/wp-json\/wp\/v2\/media?parent=143346"}],"wp:term":[{"taxonomy":"product_brand","embeddable":true,"href":"https:\/\/tourtravelandmore.com\/fr\/wp-json\/wp\/v2\/product_brand?post=143346"},{"taxonomy":"product_cat","embeddable":true,"href":"https:\/\/tourtravelandmore.com\/fr\/wp-json\/wp\/v2\/product_cat?post=143346"},{"taxonomy":"product_tag","embeddable":true,"href":"https:\/\/tourtravelandmore.com\/fr\/wp-json\/wp\/v2\/product_tag?post=143346"}],"curies":[{"name":"wp","href":"https:\/\/api.w.org\/{rel}","templated":true}]}}