{"id":143079,"date":"2022-11-08T14:03:27","date_gmt":"2022-11-08T13:03:39","guid":{"rendered":"https:\/\/tourtravelandmore.com\/?post_type=product&#038;p=143079"},"modified":"2024-03-04T15:47:16","modified_gmt":"2024-03-04T14:47:16","slug":"visite-privee-de-cork-au-depart-de-dublin","status":"publish","type":"product","link":"https:\/\/tourtravelandmore.com\/fr\/tours\/irlande-fr\/dublin-fr\/visite-privee-de-cork-au-depart-de-dublin\/","title":{"rendered":"Visite priv\u00e9e de Cork au d\u00e9part de Dublin"},"content":{"rendered":"<h2>Description:<\/h2>\n<p>La meilleure fa\u00e7on de d\u00e9couvrir <strong>Cork<\/strong> est de faire un tour dans ses belles rues. Notre <strong>guide officiel priv\u00e9<\/strong> vous emm\u00e8nera pour cette <strong>visite priv\u00e9e exclusive de Cork au d\u00e9part de Dublin.<\/strong><\/p>\n<p><strong>Cork<\/strong>, situ\u00e9e \u00e0 l&#8217;int\u00e9rieur des terres de la c\u00f4te sud-ouest de <strong>l&#8217;Irlande<\/strong>, est une ville universitaire dont le centre se trouve sur une \u00eele de la <strong>rivi\u00e8re Lee<\/strong>, reli\u00e9e \u00e0 la mer par <strong>le port de Cork<\/strong>. <strong>La prison de Cork,<\/strong> construite en <strong>1824<\/strong> et ressemblant \u00e0 un ch\u00e2teau, accueillait autrefois des prisonniers en partance pour <strong>l&#8217;Australie<\/strong>, et ses expositions refl\u00e8tent l&#8217;histoire du b\u00e2timent. <strong>Le clocher du XVIIIe si\u00e8cle de l&#8217;\u00e9glise de Shandon (officiellement l&#8217;\u00e9glise Sainte-Anne),<\/strong> perch\u00e9 sur une colline, est un symbole de la ville.<\/p>\n<p>&#8220;Agr\u00e9ablement compact, convivial et dot\u00e9 d&#8217;un sens de l&#8217;humour mordant, <strong>Cork<\/strong> fait les choses \u00e0 sa mani\u00e8re, de sorte qu&#8217;une escapade ici sera totalement unique. Assistez \u00e0 un concert dans une belle \u00e9glise convertie, explorez une prison effrayante du 19e si\u00e8cle et participez \u00e0 une tourn\u00e9e vertigineuse de saveurs traditionnelles dans la Mecque de la gastronomie qu&#8217;est l&#8217;English Market.&#8221; Selon le site officiel.<\/p>\n<p>Ce circuit est enti\u00e8rement <strong>personnalisable<\/strong>. Vous pouvez adapter toutes nos visites \u00e0 <a href=\"https:\/\/es.wikipedia.org\/wiki\/Dubl%C3%ADn\"><strong>Dublin<\/strong> <\/a>\u00e0 vos propres int\u00e9r\u00eats en nous contactant, c&#8217;est pourquoi cette <strong>visite priv\u00e9e du li\u00e8ge depuis Dublin<\/strong> est parfaite pour vous !<\/p>\n<h2>Sites d&#8217;int\u00e9r\u00eat et monuments<\/h2>\n<p>Cette visite commencera \u00e0 partir d&#8217;un point de rencontre que vous pouvez choisir, dans votre h\u00f4tel ou le lieu de votre choix. Sinon, nous pouvons organiser un ramassage priv\u00e9 \u00e0 partir d&#8217;un point de rencontre.<\/p>\n<p>Notre premi\u00e8re \u00e9tape sera l&#8217;une des forteresses les plus imposantes de <strong>l&#8217;\u00eele d&#8217;Emeraude<\/strong> : <strong>le ch\u00e2teau de Cahir<\/strong>. Nous visiterons son int\u00e9rieur pour en apprendre davantage sur la vie des <strong>nobles<\/strong> <strong>irlandais<\/strong> du 12e si\u00e8cle, qui \u00e9taient en alerte constante face \u00e0 une \u00e9ventuelle invasion <strong>viking<\/strong>.<\/p>\n<p>Nous continuons notre visite \u00e0 <strong>Cork<\/strong>, la deuxi\u00e8me ville la plus peupl\u00e9e <strong>d&#8217;Irlande<\/strong>. Dans son centre historique, sur les rives de la <strong>rivi\u00e8re Lee<\/strong>, vous trouverez des monuments remarquables tels que <strong>la cath\u00e9drale St. Finbarr<\/strong>, dont les fl\u00e8ches ou les tours sont visibles de presque tous les points de la ville.<\/p>\n<p>Vous aurez du temps libre \u00e0 <strong>Cork<\/strong> pour fl\u00e2ner dans son quartier commer\u00e7ant anim\u00e9 et d\u00e9jeuner \u00e0 votre guise. Nous vous recommandons de visiter le <strong>march\u00e9 anglais<\/strong>, dont les \u00e9tals sont si c\u00e9l\u00e8bres que m\u00eame <strong>la reine Elizabeth II d&#8217;Angleterre<\/strong> les a visit\u00e9s.<\/p>\n<p>Dans l&#8217;apr\u00e8s-midi, nous nous retrouverons dans le centre de <strong>Cork<\/strong> pour nous rendre \u00e0 <strong>Cashel Rock<\/strong>. Cashel Rock poss\u00e8de une grande collection de b\u00e2timents m\u00e9di\u00e9vaux : <strong>une cath\u00e9drale, une tour, une chapelle et un ancien palais, entre autres monuments.<\/strong><\/p>\n<p>Enfin, apr\u00e8s douze heures de visites, nous serons de retour \u00e0 Dublin.<\/p>\n<p><strong><a href=\"https:\/\/tourtravelandmore.com\/fr\/city\/irlande-fr\/dublin-en\/\">Jetez un \u0153il \u00e0 nos visites priv\u00e9es \u00e0 Dublin et aux excursions d&#8217;une journ\u00e9e que nous proposons \u00e0 Tour Travel &amp; More.<\/a><\/strong><\/p>\n","protected":false},"excerpt":{"rendered":"<p>La meilleure fa\u00e7on de d\u00e9couvrir <b>Cork<\/b>\u00a0est de faire un tour dans ses belles rues. Notre guide officiel priv\u00e9 vous emm\u00e8nera lors de cette <strong>visite priv\u00e9e exclusive de Cork.\u00a0<\/strong><\/p>\n","protected":false},"featured_media":173433,"comment_status":"open","ping_status":"closed","template":"","meta":{"_acf_changed":false},"product_brand":[],"product_cat":[5121,5122,3732,3809],"product_tag":[],"class_list":{"0":"post-143079","1":"product","2":"type-product","3":"status-publish","4":"has-post-thumbnail","6":"product_cat-all-private-tours-activities-fr-26","7":"product_cat-private-sightseeing-tours-fr-30","8":"product_cat-irlande-fr","9":"product_cat-dublin-fr","11":"first","12":"instock","13":"shipping-taxable","14":"purchasable","15":"product-type-simple"},"acf":[],"yoast_head":"<!-- This site is optimized with the Yoast SEO Premium plugin v25.3.1 (Yoast SEO v25.3.1) - https:\/\/yoast.com\/wordpress\/plugins\/seo\/ -->\n<title>Visite priv\u00e9e de Cork au d\u00e9part de Dublin | Tour Travel &amp; More<\/title>\n<meta name=\"description\" content=\"Visite priv\u00e9e de Cork au d\u00e9part de Dublin. Explorez les paysages avec cette visite priv\u00e9e d&#039;une journ\u00e9e compl\u00e8te avec un guide et un v\u00e9hicule priv\u00e9 avec chauffeur.\" \/>\n<meta name=\"robots\" content=\"index, follow, max-snippet:-1, max-image-preview:large, max-video-preview:-1\" \/>\n<link rel=\"canonical\" href=\"https:\/\/tourtravelandmore.com\/fr\/tours\/irlande-fr\/dublin-fr\/visite-privee-de-cork-au-depart-de-dublin\/\" \/>\n<meta property=\"og:locale\" content=\"fr_FR\" \/>\n<meta property=\"og:type\" content=\"article\" \/>\n<meta property=\"og:title\" content=\"Visite priv\u00e9e de Cork au d\u00e9part de Dublin\" \/>\n<meta property=\"og:description\" content=\"Visite priv\u00e9e de Cork au d\u00e9part de Dublin. Explorez les paysages avec cette visite priv\u00e9e d&#039;une journ\u00e9e compl\u00e8te avec un guide et un v\u00e9hicule priv\u00e9 avec chauffeur.\" \/>\n<meta property=\"og:url\" content=\"https:\/\/tourtravelandmore.com\/fr\/tours\/irlande-fr\/dublin-fr\/visite-privee-de-cork-au-depart-de-dublin\/\" \/>\n<meta property=\"og:site_name\" content=\"Tour Travel And More\" \/>\n<meta property=\"article:publisher\" content=\"https:\/\/www.facebook.com\/tourtravelandmore\/\" \/>\n<meta property=\"article:modified_time\" content=\"2024-03-04T14:47:16+00:00\" \/>\n<meta property=\"og:image\" content=\"https:\/\/tourtravelandmore.com\/wp-content\/uploads\/2022\/11\/ireland-gd57ea8804_1280.jpg\" \/>\n\t<meta property=\"og:image:width\" content=\"1280\" \/>\n\t<meta property=\"og:image:height\" content=\"855\" \/>\n\t<meta property=\"og:image:type\" content=\"image\/jpeg\" \/>\n<meta name=\"twitter:card\" content=\"summary_large_image\" \/>\n<meta name=\"twitter:site\" content=\"@TourTravel_More\" \/>\n<meta name=\"twitter:label1\" content=\"Dur\u00e9e de lecture estim\u00e9e\" \/>\n\t<meta name=\"twitter:data1\" content=\"2 minutes\" \/>\n<script type=\"application\/ld+json\" class=\"yoast-schema-graph\">{\"@context\":\"https:\/\/schema.org\",\"@graph\":[{\"@type\":\"WebPage\",\"@id\":\"https:\/\/tourtravelandmore.com\/fr\/tours\/irlande-fr\/dublin-fr\/visite-privee-de-cork-au-depart-de-dublin\/\",\"url\":\"https:\/\/tourtravelandmore.com\/fr\/tours\/irlande-fr\/dublin-fr\/visite-privee-de-cork-au-depart-de-dublin\/\",\"name\":\"Visite priv\u00e9e de Cork au d\u00e9part de Dublin | Tour Travel & More\",\"isPartOf\":{\"@id\":\"https:\/\/tourtravelandmore.com\/fr\/#website\"},\"primaryImageOfPage\":{\"@id\":\"https:\/\/tourtravelandmore.com\/fr\/tours\/irlande-fr\/dublin-fr\/visite-privee-de-cork-au-depart-de-dublin\/#primaryimage\"},\"image\":{\"@id\":\"https:\/\/tourtravelandmore.com\/fr\/tours\/irlande-fr\/dublin-fr\/visite-privee-de-cork-au-depart-de-dublin\/#primaryimage\"},\"thumbnailUrl\":\"https:\/\/tourtravelandmore.com\/wp-content\/uploads\/2022\/11\/678e8911f10e44ac82be216e913b4aa2.jpg\",\"datePublished\":\"2022-11-08T13:03:39+00:00\",\"dateModified\":\"2024-03-04T14:47:16+00:00\",\"description\":\"Visite priv\u00e9e de Cork au d\u00e9part de Dublin. Explorez les paysages avec cette visite priv\u00e9e d'une journ\u00e9e compl\u00e8te avec un guide et un v\u00e9hicule priv\u00e9 avec chauffeur.\",\"breadcrumb\":{\"@id\":\"https:\/\/tourtravelandmore.com\/fr\/tours\/irlande-fr\/dublin-fr\/visite-privee-de-cork-au-depart-de-dublin\/#breadcrumb\"},\"inLanguage\":\"fr-FR\",\"potentialAction\":[{\"@type\":\"ReadAction\",\"target\":[\"https:\/\/tourtravelandmore.com\/fr\/tours\/irlande-fr\/dublin-fr\/visite-privee-de-cork-au-depart-de-dublin\/\"]}]},{\"@type\":\"ImageObject\",\"inLanguage\":\"fr-FR\",\"@id\":\"https:\/\/tourtravelandmore.com\/fr\/tours\/irlande-fr\/dublin-fr\/visite-privee-de-cork-au-depart-de-dublin\/#primaryimage\",\"url\":\"https:\/\/tourtravelandmore.com\/wp-content\/uploads\/2022\/11\/678e8911f10e44ac82be216e913b4aa2.jpg\",\"contentUrl\":\"https:\/\/tourtravelandmore.com\/wp-content\/uploads\/2022\/11\/678e8911f10e44ac82be216e913b4aa2.jpg\",\"width\":1366,\"height\":820},{\"@type\":\"BreadcrumbList\",\"@id\":\"https:\/\/tourtravelandmore.com\/fr\/tours\/irlande-fr\/dublin-fr\/visite-privee-de-cork-au-depart-de-dublin\/#breadcrumb\",\"itemListElement\":[{\"@type\":\"ListItem\",\"position\":1,\"name\":\"Home\",\"item\":\"https:\/\/tourtravelandmore.com\/fr\/\"},{\"@type\":\"ListItem\",\"position\":2,\"name\":\"Tours\",\"item\":\"https:\/\/tourtravelandmore.com\/fr\/tours\/\"},{\"@type\":\"ListItem\",\"position\":3,\"name\":\"Visite priv\u00e9e de Cork au d\u00e9part de Dublin\"}]},{\"@type\":\"WebSite\",\"@id\":\"https:\/\/tourtravelandmore.com\/fr\/#website\",\"url\":\"https:\/\/tourtravelandmore.com\/fr\/\",\"name\":\"Tour Travel And More\",\"description\":\"Private sightseeing tours and luxury transfers in Spain\",\"publisher\":{\"@id\":\"https:\/\/tourtravelandmore.com\/fr\/#organization\"},\"potentialAction\":[{\"@type\":\"SearchAction\",\"target\":{\"@type\":\"EntryPoint\",\"urlTemplate\":\"https:\/\/tourtravelandmore.com\/fr\/?s={search_term_string}\"},\"query-input\":{\"@type\":\"PropertyValueSpecification\",\"valueRequired\":true,\"valueName\":\"search_term_string\"}}],\"inLanguage\":\"fr-FR\"},{\"@type\":\"Organization\",\"@id\":\"https:\/\/tourtravelandmore.com\/fr\/#organization\",\"name\":\"Tour Travel And More\",\"url\":\"https:\/\/tourtravelandmore.com\/fr\/\",\"logo\":{\"@type\":\"ImageObject\",\"inLanguage\":\"fr-FR\",\"@id\":\"https:\/\/tourtravelandmore.com\/fr\/#\/schema\/logo\/image\/\",\"url\":\"https:\/\/tourtravelandmore.com\/wp-content\/uploads\/2022\/12\/cropped-logo-cabecera-new.png\",\"contentUrl\":\"https:\/\/tourtravelandmore.com\/wp-content\/uploads\/2022\/12\/cropped-logo-cabecera-new.png\",\"width\":430,\"height\":61,\"caption\":\"Tour Travel And More\"},\"image\":{\"@id\":\"https:\/\/tourtravelandmore.com\/fr\/#\/schema\/logo\/image\/\"},\"sameAs\":[\"https:\/\/www.facebook.com\/tourtravelandmore\/\",\"https:\/\/x.com\/TourTravel_More\"]}]}<\/script>\n<!-- \/ Yoast SEO Premium plugin. -->","yoast_head_json":{"title":"Visite priv\u00e9e de Cork au d\u00e9part de Dublin | Tour Travel & More","description":"Visite priv\u00e9e de Cork au d\u00e9part de Dublin. Explorez les paysages avec cette visite priv\u00e9e d'une journ\u00e9e compl\u00e8te avec un guide et un v\u00e9hicule priv\u00e9 avec chauffeur.","robots":{"index":"index","follow":"follow","max-snippet":"max-snippet:-1","max-image-preview":"max-image-preview:large","max-video-preview":"max-video-preview:-1"},"canonical":"https:\/\/tourtravelandmore.com\/fr\/tours\/irlande-fr\/dublin-fr\/visite-privee-de-cork-au-depart-de-dublin\/","og_locale":"fr_FR","og_type":"article","og_title":"Visite priv\u00e9e de Cork au d\u00e9part de Dublin","og_description":"Visite priv\u00e9e de Cork au d\u00e9part de Dublin. Explorez les paysages avec cette visite priv\u00e9e d'une journ\u00e9e compl\u00e8te avec un guide et un v\u00e9hicule priv\u00e9 avec chauffeur.","og_url":"https:\/\/tourtravelandmore.com\/fr\/tours\/irlande-fr\/dublin-fr\/visite-privee-de-cork-au-depart-de-dublin\/","og_site_name":"Tour Travel And More","article_publisher":"https:\/\/www.facebook.com\/tourtravelandmore\/","article_modified_time":"2024-03-04T14:47:16+00:00","og_image":[{"width":1280,"height":855,"url":"https:\/\/tourtravelandmore.com\/wp-content\/uploads\/2022\/11\/ireland-gd57ea8804_1280.jpg","type":"image\/jpeg"}],"twitter_card":"summary_large_image","twitter_site":"@TourTravel_More","twitter_misc":{"Dur\u00e9e de lecture estim\u00e9e":"2 minutes"},"schema":{"@context":"https:\/\/schema.org","@graph":[{"@type":"WebPage","@id":"https:\/\/tourtravelandmore.com\/fr\/tours\/irlande-fr\/dublin-fr\/visite-privee-de-cork-au-depart-de-dublin\/","url":"https:\/\/tourtravelandmore.com\/fr\/tours\/irlande-fr\/dublin-fr\/visite-privee-de-cork-au-depart-de-dublin\/","name":"Visite priv\u00e9e de Cork au d\u00e9part de Dublin | Tour Travel & More","isPartOf":{"@id":"https:\/\/tourtravelandmore.com\/fr\/#website"},"primaryImageOfPage":{"@id":"https:\/\/tourtravelandmore.com\/fr\/tours\/irlande-fr\/dublin-fr\/visite-privee-de-cork-au-depart-de-dublin\/#primaryimage"},"image":{"@id":"https:\/\/tourtravelandmore.com\/fr\/tours\/irlande-fr\/dublin-fr\/visite-privee-de-cork-au-depart-de-dublin\/#primaryimage"},"thumbnailUrl":"https:\/\/tourtravelandmore.com\/wp-content\/uploads\/2022\/11\/678e8911f10e44ac82be216e913b4aa2.jpg","datePublished":"2022-11-08T13:03:39+00:00","dateModified":"2024-03-04T14:47:16+00:00","description":"Visite priv\u00e9e de Cork au d\u00e9part de Dublin. Explorez les paysages avec cette visite priv\u00e9e d'une journ\u00e9e compl\u00e8te avec un guide et un v\u00e9hicule priv\u00e9 avec chauffeur.","breadcrumb":{"@id":"https:\/\/tourtravelandmore.com\/fr\/tours\/irlande-fr\/dublin-fr\/visite-privee-de-cork-au-depart-de-dublin\/#breadcrumb"},"inLanguage":"fr-FR","potentialAction":[{"@type":"ReadAction","target":["https:\/\/tourtravelandmore.com\/fr\/tours\/irlande-fr\/dublin-fr\/visite-privee-de-cork-au-depart-de-dublin\/"]}]},{"@type":"ImageObject","inLanguage":"fr-FR","@id":"https:\/\/tourtravelandmore.com\/fr\/tours\/irlande-fr\/dublin-fr\/visite-privee-de-cork-au-depart-de-dublin\/#primaryimage","url":"https:\/\/tourtravelandmore.com\/wp-content\/uploads\/2022\/11\/678e8911f10e44ac82be216e913b4aa2.jpg","contentUrl":"https:\/\/tourtravelandmore.com\/wp-content\/uploads\/2022\/11\/678e8911f10e44ac82be216e913b4aa2.jpg","width":1366,"height":820},{"@type":"BreadcrumbList","@id":"https:\/\/tourtravelandmore.com\/fr\/tours\/irlande-fr\/dublin-fr\/visite-privee-de-cork-au-depart-de-dublin\/#breadcrumb","itemListElement":[{"@type":"ListItem","position":1,"name":"Home","item":"https:\/\/tourtravelandmore.com\/fr\/"},{"@type":"ListItem","position":2,"name":"Tours","item":"https:\/\/tourtravelandmore.com\/fr\/tours\/"},{"@type":"ListItem","position":3,"name":"Visite priv\u00e9e de Cork au d\u00e9part de Dublin"}]},{"@type":"WebSite","@id":"https:\/\/tourtravelandmore.com\/fr\/#website","url":"https:\/\/tourtravelandmore.com\/fr\/","name":"Tour Travel And More","description":"Private sightseeing tours and luxury transfers in Spain","publisher":{"@id":"https:\/\/tourtravelandmore.com\/fr\/#organization"},"potentialAction":[{"@type":"SearchAction","target":{"@type":"EntryPoint","urlTemplate":"https:\/\/tourtravelandmore.com\/fr\/?s={search_term_string}"},"query-input":{"@type":"PropertyValueSpecification","valueRequired":true,"valueName":"search_term_string"}}],"inLanguage":"fr-FR"},{"@type":"Organization","@id":"https:\/\/tourtravelandmore.com\/fr\/#organization","name":"Tour Travel And More","url":"https:\/\/tourtravelandmore.com\/fr\/","logo":{"@type":"ImageObject","inLanguage":"fr-FR","@id":"https:\/\/tourtravelandmore.com\/fr\/#\/schema\/logo\/image\/","url":"https:\/\/tourtravelandmore.com\/wp-content\/uploads\/2022\/12\/cropped-logo-cabecera-new.png","contentUrl":"https:\/\/tourtravelandmore.com\/wp-content\/uploads\/2022\/12\/cropped-logo-cabecera-new.png","width":430,"height":61,"caption":"Tour Travel And More"},"image":{"@id":"https:\/\/tourtravelandmore.com\/fr\/#\/schema\/logo\/image\/"},"sameAs":["https:\/\/www.facebook.com\/tourtravelandmore\/","https:\/\/x.com\/TourTravel_More"]}]}},"_links":{"self":[{"href":"https:\/\/tourtravelandmore.com\/fr\/wp-json\/wp\/v2\/product\/143079","targetHints":{"allow":["GET"]}}],"collection":[{"href":"https:\/\/tourtravelandmore.com\/fr\/wp-json\/wp\/v2\/product"}],"about":[{"href":"https:\/\/tourtravelandmore.com\/fr\/wp-json\/wp\/v2\/types\/product"}],"replies":[{"embeddable":true,"href":"https:\/\/tourtravelandmore.com\/fr\/wp-json\/wp\/v2\/comments?post=143079"}],"wp:featuredmedia":[{"embeddable":true,"href":"https:\/\/tourtravelandmore.com\/fr\/wp-json\/wp\/v2\/media\/173433"}],"wp:attachment":[{"href":"https:\/\/tourtravelandmore.com\/fr\/wp-json\/wp\/v2\/media?parent=143079"}],"wp:term":[{"taxonomy":"product_brand","embeddable":true,"href":"https:\/\/tourtravelandmore.com\/fr\/wp-json\/wp\/v2\/product_brand?post=143079"},{"taxonomy":"product_cat","embeddable":true,"href":"https:\/\/tourtravelandmore.com\/fr\/wp-json\/wp\/v2\/product_cat?post=143079"},{"taxonomy":"product_tag","embeddable":true,"href":"https:\/\/tourtravelandmore.com\/fr\/wp-json\/wp\/v2\/product_tag?post=143079"}],"curies":[{"name":"wp","href":"https:\/\/api.w.org\/{rel}","templated":true}]}}