{"id":142584,"date":"2022-11-02T21:07:50","date_gmt":"2022-11-02T20:08:03","guid":{"rendered":"https:\/\/tourtravelandmore.com\/?post_type=product&#038;p=142584"},"modified":"2024-03-04T15:47:00","modified_gmt":"2024-03-04T14:47:00","slug":"visite-privee-de-kilkenny-au-depart-de-dublin","status":"publish","type":"product","link":"https:\/\/tourtravelandmore.com\/fr\/tours\/irlande-fr\/dublin-fr\/visite-privee-de-kilkenny-au-depart-de-dublin\/","title":{"rendered":"Visite priv\u00e9e de Kilkenny au d\u00e9part de Dublin"},"content":{"rendered":"<h2>Description:<\/h2>\n<p>La meilleure fa\u00e7on de d\u00e9couvrir <strong>Kilkenny<\/strong> est de faire un tour dans ses belles rues. Notre guide officiel priv\u00e9 vous emm\u00e8nera pour cette <strong>visite priv\u00e9e exclusive de Kilkenny au d\u00e9part de Dublin.<\/strong><\/p>\n<p>Un <strong>ch\u00e2teau du 12e si\u00e8cle, une sc\u00e8ne artisanale anim\u00e9e, des pubs \u00e9tablis de longue date, des ruelles pav\u00e9es et des ruelles secr\u00e8tes, Kilkenny<\/strong> combine parfaitement le charme d&#8217;une petite ville et l&#8217;activit\u00e9 tr\u00e9pidante d&#8217;une grande ville.<\/p>\n<p>Situ\u00e9e dans<strong> l&#8217;ancien est de l&#8217;Irlande<\/strong> et \u00e0 seulement 90 minutes de <a href=\"https:\/\/es.wikipedia.org\/wiki\/Dubl%C3%ADn\"><strong>Dublin<\/strong><\/a>, c&#8217;est un lieu rempli de personnages hauts en couleur, de musique incroyable et d&#8217;une atmosph\u00e8re \u00e9lectrique.<\/p>\n<p>Le jour, vous pouvez vous impr\u00e9gner de la culture avec des pi\u00e8ces m\u00e9di\u00e9vales, des visites de brasseries et des expositions de design, mais la nuit, <strong>Kilkenny d\u00e9borde d&#8217;\u00e9nergie avec des sessions de musique traditionnelle anim\u00e9es, des pubs historiques et certains des meilleurs festivals de l&#8217;\u00eele.<\/strong><\/p>\n<p>Ce circuit est enti\u00e8rement personnalisable. Vous pouvez adapter toutes nos visites de Dublin \u00e0 vos propres int\u00e9r\u00eats en nous contactant, c&#8217;est pourquoi cette <strong>visite priv\u00e9e de Kilkenny depuis Dublin est parfaite pour vous !<\/strong><\/p>\n<h2>Sites d&#8217;int\u00e9r\u00eat et monuments<\/h2>\n<p>Cette visite commencera \u00e0 partir d&#8217;un point de rencontre que vous pouvez choisir, dans votre h\u00f4tel ou le lieu de votre choix. Sinon, nous pouvons organiser un ramassage priv\u00e9 \u00e0 partir d&#8217;un point de rencontre.<\/p>\n<p>Comme mentionn\u00e9 ci-dessus, nous vous retrouverons dans le centre ville de Dublin ou \u00e0 votre h\u00f4tel dans le centre ville de Dublin, d&#8217;o\u00f9 nous partirons pour Kilkenny. Apr\u00e8s un trajet de deux heures avec votre chauffeur priv\u00e9, nous arriverons \u00e0 notre destination.<\/p>\n<p>C&#8217;est peut-\u00eatre une destination qui vous semble famili\u00e8re, car <strong>Kilkenny<\/strong> est une marque de bi\u00e8re mondialement connue, qui donne son nom \u00e0 cette ville, o\u00f9 sa brasserie est l&#8217;une des principales attractions touristiques. Il a une grande importance car il a de nombreuses l\u00e9gendes urbaines, et il marque un peu le style de vie de tous les habitants de <strong>Kilkenny<\/strong>.<\/p>\n<p>Ensuite, nous nous rendrons au ch\u00e2teau de <strong>Kilkenny<\/strong>, o\u00f9 nous visiterons les diff\u00e9rentes pi\u00e8ces de cette forteresse m\u00e9di\u00e9vale et \u00e9couterons les histoires qui se sont d\u00e9roul\u00e9es entre ses murs.<\/p>\n<p>Vous aurez \u00e9galement du temps libre \u00e0 <strong>Kilkenny<\/strong> pour vous promener et go\u00fbter \u00e0 la d\u00e9licieuse cuisine.<\/p>\n<p>Enfin, apr\u00e8s sept heures de visites, nous serons de retour \u00e0 <strong>Dublin<\/strong>.<\/p>\n<p><a href=\"https:\/\/tourtravelandmore.com\/fr\/city\/irlande-fr\/dublin-en\/\">Jetez un \u0153il \u00e0 nos visites priv\u00e9es \u00e0 Dublin et aux excursions d&#8217;une journ\u00e9e que nous proposons \u00e0 Tour Travel &amp; More.<\/a><\/p>\n","protected":false},"excerpt":{"rendered":"<p>La meilleure fa\u00e7on de d\u00e9couvrir <strong>Kilkenny<\/strong> est de faire un tour dans ses belles rues. Notre guide officiel priv\u00e9 vous emm\u00e8nera dans cette <strong>visite priv\u00e9e exclusive de Kilkenny au d\u00e9part de Dublin.<\/strong><\/p>\n","protected":false},"featured_media":142599,"comment_status":"open","ping_status":"closed","template":"","meta":{"_acf_changed":false},"product_brand":[],"product_cat":[5121,5122,3732,3809],"product_tag":[],"class_list":{"0":"post-142584","1":"product","2":"type-product","3":"status-publish","4":"has-post-thumbnail","6":"product_cat-all-private-tours-activities-fr-26","7":"product_cat-private-sightseeing-tours-fr-30","8":"product_cat-irlande-fr","9":"product_cat-dublin-fr","11":"first","12":"instock","13":"shipping-taxable","14":"purchasable","15":"product-type-simple"},"acf":[],"yoast_head":"<!-- This site is optimized with the Yoast SEO Premium plugin v25.3.1 (Yoast SEO v25.3.1) - https:\/\/yoast.com\/wordpress\/plugins\/seo\/ -->\n<title>Visite priv\u00e9e de Kilkenny au d\u00e9part de Dublin | Tour Travel &amp; More<\/title>\n<meta name=\"description\" content=\"Visite priv\u00e9e de Kilkenny au d\u00e9part de Dublin. Explorez les paysages avec cette visite priv\u00e9e d&#039;une journ\u00e9e compl\u00e8te avec un guide et un v\u00e9hicule priv\u00e9 avec chauffeur.\" \/>\n<meta name=\"robots\" content=\"index, follow, max-snippet:-1, max-image-preview:large, max-video-preview:-1\" \/>\n<link rel=\"canonical\" href=\"https:\/\/tourtravelandmore.com\/fr\/tours\/irlande-fr\/dublin-fr\/visite-privee-de-kilkenny-au-depart-de-dublin\/\" \/>\n<meta property=\"og:locale\" content=\"fr_FR\" \/>\n<meta property=\"og:type\" content=\"article\" \/>\n<meta property=\"og:title\" content=\"Visite priv\u00e9e de Kilkenny au d\u00e9part de Dublin\" \/>\n<meta property=\"og:description\" content=\"Visite priv\u00e9e de Kilkenny au d\u00e9part de Dublin. Explorez les paysages avec cette visite priv\u00e9e d&#039;une journ\u00e9e compl\u00e8te avec un guide et un v\u00e9hicule priv\u00e9 avec chauffeur.\" \/>\n<meta property=\"og:url\" content=\"https:\/\/tourtravelandmore.com\/fr\/tours\/irlande-fr\/dublin-fr\/visite-privee-de-kilkenny-au-depart-de-dublin\/\" \/>\n<meta property=\"og:site_name\" content=\"Tour Travel And More\" \/>\n<meta property=\"article:publisher\" content=\"https:\/\/www.facebook.com\/tourtravelandmore\/\" \/>\n<meta property=\"article:modified_time\" content=\"2024-03-04T14:47:00+00:00\" \/>\n<meta property=\"og:image\" content=\"https:\/\/tourtravelandmore.com\/wp-content\/uploads\/2022\/11\/the-black-abbey-g341fecb34_1280.jpg\" \/>\n\t<meta property=\"og:image:width\" content=\"1280\" \/>\n\t<meta property=\"og:image:height\" content=\"853\" \/>\n\t<meta property=\"og:image:type\" content=\"image\/jpeg\" \/>\n<meta name=\"twitter:card\" content=\"summary_large_image\" \/>\n<meta name=\"twitter:site\" content=\"@TourTravel_More\" \/>\n<meta name=\"twitter:label1\" content=\"Dur\u00e9e de lecture estim\u00e9e\" \/>\n\t<meta name=\"twitter:data1\" content=\"2 minutes\" \/>\n<script type=\"application\/ld+json\" class=\"yoast-schema-graph\">{\"@context\":\"https:\/\/schema.org\",\"@graph\":[{\"@type\":\"WebPage\",\"@id\":\"https:\/\/tourtravelandmore.com\/fr\/tours\/irlande-fr\/dublin-fr\/visite-privee-de-kilkenny-au-depart-de-dublin\/\",\"url\":\"https:\/\/tourtravelandmore.com\/fr\/tours\/irlande-fr\/dublin-fr\/visite-privee-de-kilkenny-au-depart-de-dublin\/\",\"name\":\"Visite priv\u00e9e de Kilkenny au d\u00e9part de Dublin | Tour Travel & More\",\"isPartOf\":{\"@id\":\"https:\/\/tourtravelandmore.com\/fr\/#website\"},\"primaryImageOfPage\":{\"@id\":\"https:\/\/tourtravelandmore.com\/fr\/tours\/irlande-fr\/dublin-fr\/visite-privee-de-kilkenny-au-depart-de-dublin\/#primaryimage\"},\"image\":{\"@id\":\"https:\/\/tourtravelandmore.com\/fr\/tours\/irlande-fr\/dublin-fr\/visite-privee-de-kilkenny-au-depart-de-dublin\/#primaryimage\"},\"thumbnailUrl\":\"https:\/\/tourtravelandmore.com\/wp-content\/uploads\/2022\/11\/the-black-abbey-g341fecb34_1280.jpg\",\"datePublished\":\"2022-11-02T20:08:03+00:00\",\"dateModified\":\"2024-03-04T14:47:00+00:00\",\"description\":\"Visite priv\u00e9e de Kilkenny au d\u00e9part de Dublin. Explorez les paysages avec cette visite priv\u00e9e d'une journ\u00e9e compl\u00e8te avec un guide et un v\u00e9hicule priv\u00e9 avec chauffeur.\",\"breadcrumb\":{\"@id\":\"https:\/\/tourtravelandmore.com\/fr\/tours\/irlande-fr\/dublin-fr\/visite-privee-de-kilkenny-au-depart-de-dublin\/#breadcrumb\"},\"inLanguage\":\"fr-FR\",\"potentialAction\":[{\"@type\":\"ReadAction\",\"target\":[\"https:\/\/tourtravelandmore.com\/fr\/tours\/irlande-fr\/dublin-fr\/visite-privee-de-kilkenny-au-depart-de-dublin\/\"]}]},{\"@type\":\"ImageObject\",\"inLanguage\":\"fr-FR\",\"@id\":\"https:\/\/tourtravelandmore.com\/fr\/tours\/irlande-fr\/dublin-fr\/visite-privee-de-kilkenny-au-depart-de-dublin\/#primaryimage\",\"url\":\"https:\/\/tourtravelandmore.com\/wp-content\/uploads\/2022\/11\/the-black-abbey-g341fecb34_1280.jpg\",\"contentUrl\":\"https:\/\/tourtravelandmore.com\/wp-content\/uploads\/2022\/11\/the-black-abbey-g341fecb34_1280.jpg\",\"width\":1280,\"height\":853},{\"@type\":\"BreadcrumbList\",\"@id\":\"https:\/\/tourtravelandmore.com\/fr\/tours\/irlande-fr\/dublin-fr\/visite-privee-de-kilkenny-au-depart-de-dublin\/#breadcrumb\",\"itemListElement\":[{\"@type\":\"ListItem\",\"position\":1,\"name\":\"Home\",\"item\":\"https:\/\/tourtravelandmore.com\/fr\/\"},{\"@type\":\"ListItem\",\"position\":2,\"name\":\"Tours\",\"item\":\"https:\/\/tourtravelandmore.com\/fr\/tours\/\"},{\"@type\":\"ListItem\",\"position\":3,\"name\":\"Visite priv\u00e9e de Kilkenny au d\u00e9part de Dublin\"}]},{\"@type\":\"WebSite\",\"@id\":\"https:\/\/tourtravelandmore.com\/fr\/#website\",\"url\":\"https:\/\/tourtravelandmore.com\/fr\/\",\"name\":\"Tour Travel And More\",\"description\":\"Private sightseeing tours and luxury transfers in Spain\",\"publisher\":{\"@id\":\"https:\/\/tourtravelandmore.com\/fr\/#organization\"},\"potentialAction\":[{\"@type\":\"SearchAction\",\"target\":{\"@type\":\"EntryPoint\",\"urlTemplate\":\"https:\/\/tourtravelandmore.com\/fr\/?s={search_term_string}\"},\"query-input\":{\"@type\":\"PropertyValueSpecification\",\"valueRequired\":true,\"valueName\":\"search_term_string\"}}],\"inLanguage\":\"fr-FR\"},{\"@type\":\"Organization\",\"@id\":\"https:\/\/tourtravelandmore.com\/fr\/#organization\",\"name\":\"Tour Travel And More\",\"url\":\"https:\/\/tourtravelandmore.com\/fr\/\",\"logo\":{\"@type\":\"ImageObject\",\"inLanguage\":\"fr-FR\",\"@id\":\"https:\/\/tourtravelandmore.com\/fr\/#\/schema\/logo\/image\/\",\"url\":\"https:\/\/tourtravelandmore.com\/wp-content\/uploads\/2022\/12\/cropped-logo-cabecera-new.png\",\"contentUrl\":\"https:\/\/tourtravelandmore.com\/wp-content\/uploads\/2022\/12\/cropped-logo-cabecera-new.png\",\"width\":430,\"height\":61,\"caption\":\"Tour Travel And More\"},\"image\":{\"@id\":\"https:\/\/tourtravelandmore.com\/fr\/#\/schema\/logo\/image\/\"},\"sameAs\":[\"https:\/\/www.facebook.com\/tourtravelandmore\/\",\"https:\/\/x.com\/TourTravel_More\"]}]}<\/script>\n<!-- \/ Yoast SEO Premium plugin. -->","yoast_head_json":{"title":"Visite priv\u00e9e de Kilkenny au d\u00e9part de Dublin | Tour Travel & More","description":"Visite priv\u00e9e de Kilkenny au d\u00e9part de Dublin. Explorez les paysages avec cette visite priv\u00e9e d'une journ\u00e9e compl\u00e8te avec un guide et un v\u00e9hicule priv\u00e9 avec chauffeur.","robots":{"index":"index","follow":"follow","max-snippet":"max-snippet:-1","max-image-preview":"max-image-preview:large","max-video-preview":"max-video-preview:-1"},"canonical":"https:\/\/tourtravelandmore.com\/fr\/tours\/irlande-fr\/dublin-fr\/visite-privee-de-kilkenny-au-depart-de-dublin\/","og_locale":"fr_FR","og_type":"article","og_title":"Visite priv\u00e9e de Kilkenny au d\u00e9part de Dublin","og_description":"Visite priv\u00e9e de Kilkenny au d\u00e9part de Dublin. Explorez les paysages avec cette visite priv\u00e9e d'une journ\u00e9e compl\u00e8te avec un guide et un v\u00e9hicule priv\u00e9 avec chauffeur.","og_url":"https:\/\/tourtravelandmore.com\/fr\/tours\/irlande-fr\/dublin-fr\/visite-privee-de-kilkenny-au-depart-de-dublin\/","og_site_name":"Tour Travel And More","article_publisher":"https:\/\/www.facebook.com\/tourtravelandmore\/","article_modified_time":"2024-03-04T14:47:00+00:00","og_image":[{"width":1280,"height":853,"url":"https:\/\/tourtravelandmore.com\/wp-content\/uploads\/2022\/11\/the-black-abbey-g341fecb34_1280.jpg","type":"image\/jpeg"}],"twitter_card":"summary_large_image","twitter_site":"@TourTravel_More","twitter_misc":{"Dur\u00e9e de lecture estim\u00e9e":"2 minutes"},"schema":{"@context":"https:\/\/schema.org","@graph":[{"@type":"WebPage","@id":"https:\/\/tourtravelandmore.com\/fr\/tours\/irlande-fr\/dublin-fr\/visite-privee-de-kilkenny-au-depart-de-dublin\/","url":"https:\/\/tourtravelandmore.com\/fr\/tours\/irlande-fr\/dublin-fr\/visite-privee-de-kilkenny-au-depart-de-dublin\/","name":"Visite priv\u00e9e de Kilkenny au d\u00e9part de Dublin | Tour Travel & More","isPartOf":{"@id":"https:\/\/tourtravelandmore.com\/fr\/#website"},"primaryImageOfPage":{"@id":"https:\/\/tourtravelandmore.com\/fr\/tours\/irlande-fr\/dublin-fr\/visite-privee-de-kilkenny-au-depart-de-dublin\/#primaryimage"},"image":{"@id":"https:\/\/tourtravelandmore.com\/fr\/tours\/irlande-fr\/dublin-fr\/visite-privee-de-kilkenny-au-depart-de-dublin\/#primaryimage"},"thumbnailUrl":"https:\/\/tourtravelandmore.com\/wp-content\/uploads\/2022\/11\/the-black-abbey-g341fecb34_1280.jpg","datePublished":"2022-11-02T20:08:03+00:00","dateModified":"2024-03-04T14:47:00+00:00","description":"Visite priv\u00e9e de Kilkenny au d\u00e9part de Dublin. Explorez les paysages avec cette visite priv\u00e9e d'une journ\u00e9e compl\u00e8te avec un guide et un v\u00e9hicule priv\u00e9 avec chauffeur.","breadcrumb":{"@id":"https:\/\/tourtravelandmore.com\/fr\/tours\/irlande-fr\/dublin-fr\/visite-privee-de-kilkenny-au-depart-de-dublin\/#breadcrumb"},"inLanguage":"fr-FR","potentialAction":[{"@type":"ReadAction","target":["https:\/\/tourtravelandmore.com\/fr\/tours\/irlande-fr\/dublin-fr\/visite-privee-de-kilkenny-au-depart-de-dublin\/"]}]},{"@type":"ImageObject","inLanguage":"fr-FR","@id":"https:\/\/tourtravelandmore.com\/fr\/tours\/irlande-fr\/dublin-fr\/visite-privee-de-kilkenny-au-depart-de-dublin\/#primaryimage","url":"https:\/\/tourtravelandmore.com\/wp-content\/uploads\/2022\/11\/the-black-abbey-g341fecb34_1280.jpg","contentUrl":"https:\/\/tourtravelandmore.com\/wp-content\/uploads\/2022\/11\/the-black-abbey-g341fecb34_1280.jpg","width":1280,"height":853},{"@type":"BreadcrumbList","@id":"https:\/\/tourtravelandmore.com\/fr\/tours\/irlande-fr\/dublin-fr\/visite-privee-de-kilkenny-au-depart-de-dublin\/#breadcrumb","itemListElement":[{"@type":"ListItem","position":1,"name":"Home","item":"https:\/\/tourtravelandmore.com\/fr\/"},{"@type":"ListItem","position":2,"name":"Tours","item":"https:\/\/tourtravelandmore.com\/fr\/tours\/"},{"@type":"ListItem","position":3,"name":"Visite priv\u00e9e de Kilkenny au d\u00e9part de Dublin"}]},{"@type":"WebSite","@id":"https:\/\/tourtravelandmore.com\/fr\/#website","url":"https:\/\/tourtravelandmore.com\/fr\/","name":"Tour Travel And More","description":"Private sightseeing tours and luxury transfers in Spain","publisher":{"@id":"https:\/\/tourtravelandmore.com\/fr\/#organization"},"potentialAction":[{"@type":"SearchAction","target":{"@type":"EntryPoint","urlTemplate":"https:\/\/tourtravelandmore.com\/fr\/?s={search_term_string}"},"query-input":{"@type":"PropertyValueSpecification","valueRequired":true,"valueName":"search_term_string"}}],"inLanguage":"fr-FR"},{"@type":"Organization","@id":"https:\/\/tourtravelandmore.com\/fr\/#organization","name":"Tour Travel And More","url":"https:\/\/tourtravelandmore.com\/fr\/","logo":{"@type":"ImageObject","inLanguage":"fr-FR","@id":"https:\/\/tourtravelandmore.com\/fr\/#\/schema\/logo\/image\/","url":"https:\/\/tourtravelandmore.com\/wp-content\/uploads\/2022\/12\/cropped-logo-cabecera-new.png","contentUrl":"https:\/\/tourtravelandmore.com\/wp-content\/uploads\/2022\/12\/cropped-logo-cabecera-new.png","width":430,"height":61,"caption":"Tour Travel And More"},"image":{"@id":"https:\/\/tourtravelandmore.com\/fr\/#\/schema\/logo\/image\/"},"sameAs":["https:\/\/www.facebook.com\/tourtravelandmore\/","https:\/\/x.com\/TourTravel_More"]}]}},"_links":{"self":[{"href":"https:\/\/tourtravelandmore.com\/fr\/wp-json\/wp\/v2\/product\/142584","targetHints":{"allow":["GET"]}}],"collection":[{"href":"https:\/\/tourtravelandmore.com\/fr\/wp-json\/wp\/v2\/product"}],"about":[{"href":"https:\/\/tourtravelandmore.com\/fr\/wp-json\/wp\/v2\/types\/product"}],"replies":[{"embeddable":true,"href":"https:\/\/tourtravelandmore.com\/fr\/wp-json\/wp\/v2\/comments?post=142584"}],"wp:featuredmedia":[{"embeddable":true,"href":"https:\/\/tourtravelandmore.com\/fr\/wp-json\/wp\/v2\/media\/142599"}],"wp:attachment":[{"href":"https:\/\/tourtravelandmore.com\/fr\/wp-json\/wp\/v2\/media?parent=142584"}],"wp:term":[{"taxonomy":"product_brand","embeddable":true,"href":"https:\/\/tourtravelandmore.com\/fr\/wp-json\/wp\/v2\/product_brand?post=142584"},{"taxonomy":"product_cat","embeddable":true,"href":"https:\/\/tourtravelandmore.com\/fr\/wp-json\/wp\/v2\/product_cat?post=142584"},{"taxonomy":"product_tag","embeddable":true,"href":"https:\/\/tourtravelandmore.com\/fr\/wp-json\/wp\/v2\/product_tag?post=142584"}],"curies":[{"name":"wp","href":"https:\/\/api.w.org\/{rel}","templated":true}]}}