{"id":142456,"date":"2022-11-01T21:58:43","date_gmt":"2022-11-01T20:58:53","guid":{"rendered":"https:\/\/tourtravelandmore.com\/?post_type=product&#038;p=142456"},"modified":"2024-03-04T15:46:52","modified_gmt":"2024-03-04T14:46:52","slug":"visite-privee-de-howth-et-malahide-au-depart-de-dublin","status":"publish","type":"product","link":"https:\/\/tourtravelandmore.com\/fr\/tours\/irlande-fr\/dublin-fr\/visite-privee-de-howth-et-malahide-au-depart-de-dublin\/","title":{"rendered":"Visite priv\u00e9e de Howth et Malahide au d\u00e9part de Dublin"},"content":{"rendered":"<h2>Description:<\/h2>\n<p>La meilleure fa\u00e7on de d\u00e9couvrir <strong>Howth<\/strong> et <strong>Malahide<\/strong> est de faire un tour dans ses belles rues. Notre guide officiel priv\u00e9 vous accompagnera lors de cette <strong>visite priv\u00e9e exclusive de Howth et Malahide.<\/strong><\/p>\n<p><strong>Howth<\/strong> et <strong>Malahide<\/strong> sont deux petits villages de p\u00eacheurs tr\u00e8s proches de Dublin. Toutes deux sont des destinations pittoresques, un paradis pour les marcheurs et un r\u00eave pour les amateurs de poissons.<\/p>\n<p><strong>Howth<\/strong> est un centre de population dans le comt\u00e9 administratif de Fingal, dans le comt\u00e9 de Dublin, en R\u00e9publique d&#8217;Irlande. Il s&#8217;agissait \u00e0 l&#8217;origine d&#8217;un village de p\u00eacheurs situ\u00e9 sur ce qui est aujourd&#8217;hui le cap Howth et \u00e9tait autrefois une \u00eele dans la baie de Dublin, pr\u00e8s des villes de Sutton et Portmarnock.<\/p>\n<p><strong>Malahide<\/strong> est un village de banlieue pittoresque de la ville de Dublin, situ\u00e9 dans le comt\u00e9 de <strong>Fingal<\/strong>, en <strong>Irlande<\/strong>. Le village est situ\u00e9 \u00e0 16 kilom\u00e8tres au nord de la ville de Dublin, sur la ligne ferroviaire vers Belfast. Il se trouve entre <strong>Swords<\/strong> et <strong>Portmarnock<\/strong>. Il est situ\u00e9 sur un estuaire, sur le c\u00f4t\u00e9 oppos\u00e9 de l&#8217;estuaire de <strong>Donabate<\/strong>.<\/p>\n<p>Ce circuit est enti\u00e8rement personnalisable. Vous pouvez adapter toutes nos visites \u00e0 <strong>Dublin<\/strong> \u00e0 vos propres int\u00e9r\u00eats en nous contactant, c&#8217;est pourquoi cette visite priv\u00e9e de Howth et Malahi est parfaite pour vous !<\/p>\n<h2>Sites d&#8217;int\u00e9r\u00eat et monuments<\/h2>\n<p>Cette visite commencera \u00e0 partir d&#8217;un point de rencontre situ\u00e9 dans le centre de la ville. Si votre h\u00f4tel est situ\u00e9 au centre, nous pouvons commencer \u00e0 partir de l\u00e0. Sinon, nous pouvons organiser un ramassage priv\u00e9 \u00e0 partir d&#8217;un point de rencontre central.<\/p>\n<p>\u00c0 l&#8217;heure pr\u00e9vue, nous prendrons la route vers le nord et ferons un bref arr\u00eat photo pour admirer l&#8217;ext\u00e9rieur du Casino Marino, un joyau architectural que la plupart des voyageurs n&#8217;ont pas l&#8217;occasion de voir.<\/p>\n<p>Une fois \u00e0 Malahide, nous nous arr\u00eaterons au ch\u00e2teau, probablement le lieu le plus c\u00e9l\u00e8bre de Malahide. Le ch\u00e2teau a appartenu \u00e0 la famille Talbot de 1185 \u00e0 1976, soit un total de 791 ans, \u00e0 l&#8217;exception de la p\u00e9riode d&#8217;Oliver Cromwell, entre 1649 et 1660. Votre guide officiel priv\u00e9 sera \u00e0 vos c\u00f4t\u00e9s pour faire de cette exp\u00e9rience un moment inoubliable.<\/p>\n<p>Nous continuerons ensuite notre voyage le long de la c\u00f4te, en passant par Portmarnock, et nous arriverons \u00e0 la p\u00e9ninsule de Howth. Ses diverses esp\u00e8ces d&#8217;oiseaux en voie de disparition en font une zone prot\u00e9g\u00e9e.<\/p>\n<p>Une fois \u00e0 Howth, nous profiterons des belles vues offertes par les falaises de la r\u00e9gion o\u00f9 il est possible de voir jusqu&#8217;\u00e0 la baie de Dublin.<\/p>\n<p>Le village de Howth est un endroit tr\u00e8s \u00e0 la mode pour les Dublinois et beaucoup viennent y d\u00e9jeuner le week-end. Les bateaux de p\u00eache nouvellement arriv\u00e9s accostent \u00e0 c\u00f4t\u00e9 des centaines de phoques qui peuplent le port. Nous aurons du temps libre pour d\u00e9jeuner et go\u00fbter le poisson frais apport\u00e9 par les bateaux.<\/p>\n<p>Enfin, apr\u00e8s huit heures de visites, nous serons de retour \u00e0 Dublin.<\/p>\n<p><a href=\"https:\/\/tourtravelandmore.com\/fr\/city\/irlande-fr\/dublin-en\/\">Jetez un \u0153il \u00e0 nos visites priv\u00e9es \u00e0 Dublin et aux excursions d&#8217;une journ\u00e9e que nous proposons \u00e0 Tour Travel &amp; More.<\/a><\/p>\n","protected":false},"excerpt":{"rendered":"<p>La meilleure fa\u00e7on de d\u00e9couvrir <strong>Howth<\/strong> et <strong>Malahide<\/strong> est de faire un tour dans ses belles rues. Notre guide officiel priv\u00e9 vous emm\u00e8nera lors de cette <strong>visite priv\u00e9e exclusive de Howth et Malahide.<\/strong><\/p>\n","protected":false},"featured_media":142477,"comment_status":"open","ping_status":"closed","template":"","meta":{"_acf_changed":false},"product_brand":[],"product_cat":[5121,5122,3732,3809],"product_tag":[],"class_list":{"0":"post-142456","1":"product","2":"type-product","3":"status-publish","4":"has-post-thumbnail","6":"product_cat-all-private-tours-activities-fr-26","7":"product_cat-private-sightseeing-tours-fr-30","8":"product_cat-irlande-fr","9":"product_cat-dublin-fr","11":"first","12":"instock","13":"shipping-taxable","14":"purchasable","15":"product-type-simple"},"acf":[],"yoast_head":"<!-- This site is optimized with the Yoast SEO Premium plugin v25.3.1 (Yoast SEO v25.3.1) - https:\/\/yoast.com\/wordpress\/plugins\/seo\/ -->\n<title>Visite priv\u00e9e de Howth et Malahide au d\u00e9part de Dublin | Tour Travel &amp; More<\/title>\n<meta name=\"description\" content=\"Visite priv\u00e9e de Howth et Malahide. Explorez les paysages avec cette visite priv\u00e9e d&#039;une journ\u00e9e compl\u00e8te avec un guide et un v\u00e9hicule priv\u00e9 avec chauffeur.\" \/>\n<meta name=\"robots\" content=\"index, follow, max-snippet:-1, max-image-preview:large, max-video-preview:-1\" \/>\n<link rel=\"canonical\" href=\"https:\/\/tourtravelandmore.com\/fr\/tours\/irlande-fr\/dublin-fr\/visite-privee-de-howth-et-malahide-au-depart-de-dublin\/\" \/>\n<meta property=\"og:locale\" content=\"fr_FR\" \/>\n<meta property=\"og:type\" content=\"article\" \/>\n<meta property=\"og:title\" content=\"Visite priv\u00e9e de Howth et Malahide au d\u00e9part de Dublin\" \/>\n<meta property=\"og:description\" content=\"Visite priv\u00e9e de Howth et Malahide. Explorez les paysages avec cette visite priv\u00e9e d&#039;une journ\u00e9e compl\u00e8te avec un guide et un v\u00e9hicule priv\u00e9 avec chauffeur.\" \/>\n<meta property=\"og:url\" content=\"https:\/\/tourtravelandmore.com\/fr\/tours\/irlande-fr\/dublin-fr\/visite-privee-de-howth-et-malahide-au-depart-de-dublin\/\" \/>\n<meta property=\"og:site_name\" content=\"Tour Travel And More\" \/>\n<meta property=\"article:publisher\" content=\"https:\/\/www.facebook.com\/tourtravelandmore\/\" \/>\n<meta property=\"article:modified_time\" content=\"2024-03-04T14:46:52+00:00\" \/>\n<meta property=\"og:image\" content=\"https:\/\/tourtravelandmore.com\/wp-content\/uploads\/2022\/11\/ireland-gd57ea8804_1280.jpg\" \/>\n\t<meta property=\"og:image:width\" content=\"1280\" \/>\n\t<meta property=\"og:image:height\" content=\"855\" \/>\n\t<meta property=\"og:image:type\" content=\"image\/jpeg\" \/>\n<meta name=\"twitter:card\" content=\"summary_large_image\" \/>\n<meta name=\"twitter:site\" content=\"@TourTravel_More\" \/>\n<meta name=\"twitter:label1\" content=\"Dur\u00e9e de lecture estim\u00e9e\" \/>\n\t<meta name=\"twitter:data1\" content=\"3 minutes\" \/>\n<script type=\"application\/ld+json\" class=\"yoast-schema-graph\">{\"@context\":\"https:\/\/schema.org\",\"@graph\":[{\"@type\":\"WebPage\",\"@id\":\"https:\/\/tourtravelandmore.com\/fr\/tours\/irlande-fr\/dublin-fr\/visite-privee-de-howth-et-malahide-au-depart-de-dublin\/\",\"url\":\"https:\/\/tourtravelandmore.com\/fr\/tours\/irlande-fr\/dublin-fr\/visite-privee-de-howth-et-malahide-au-depart-de-dublin\/\",\"name\":\"Visite priv\u00e9e de Howth et Malahide au d\u00e9part de Dublin | Tour Travel & More\",\"isPartOf\":{\"@id\":\"https:\/\/tourtravelandmore.com\/fr\/#website\"},\"primaryImageOfPage\":{\"@id\":\"https:\/\/tourtravelandmore.com\/fr\/tours\/irlande-fr\/dublin-fr\/visite-privee-de-howth-et-malahide-au-depart-de-dublin\/#primaryimage\"},\"image\":{\"@id\":\"https:\/\/tourtravelandmore.com\/fr\/tours\/irlande-fr\/dublin-fr\/visite-privee-de-howth-et-malahide-au-depart-de-dublin\/#primaryimage\"},\"thumbnailUrl\":\"https:\/\/tourtravelandmore.com\/wp-content\/uploads\/2022\/11\/ireland-gd57ea8804_1280.jpg\",\"datePublished\":\"2022-11-01T20:58:53+00:00\",\"dateModified\":\"2024-03-04T14:46:52+00:00\",\"description\":\"Visite priv\u00e9e de Howth et Malahide. Explorez les paysages avec cette visite priv\u00e9e d'une journ\u00e9e compl\u00e8te avec un guide et un v\u00e9hicule priv\u00e9 avec chauffeur.\",\"breadcrumb\":{\"@id\":\"https:\/\/tourtravelandmore.com\/fr\/tours\/irlande-fr\/dublin-fr\/visite-privee-de-howth-et-malahide-au-depart-de-dublin\/#breadcrumb\"},\"inLanguage\":\"fr-FR\",\"potentialAction\":[{\"@type\":\"ReadAction\",\"target\":[\"https:\/\/tourtravelandmore.com\/fr\/tours\/irlande-fr\/dublin-fr\/visite-privee-de-howth-et-malahide-au-depart-de-dublin\/\"]}]},{\"@type\":\"ImageObject\",\"inLanguage\":\"fr-FR\",\"@id\":\"https:\/\/tourtravelandmore.com\/fr\/tours\/irlande-fr\/dublin-fr\/visite-privee-de-howth-et-malahide-au-depart-de-dublin\/#primaryimage\",\"url\":\"https:\/\/tourtravelandmore.com\/wp-content\/uploads\/2022\/11\/ireland-gd57ea8804_1280.jpg\",\"contentUrl\":\"https:\/\/tourtravelandmore.com\/wp-content\/uploads\/2022\/11\/ireland-gd57ea8804_1280.jpg\",\"width\":1280,\"height\":855},{\"@type\":\"BreadcrumbList\",\"@id\":\"https:\/\/tourtravelandmore.com\/fr\/tours\/irlande-fr\/dublin-fr\/visite-privee-de-howth-et-malahide-au-depart-de-dublin\/#breadcrumb\",\"itemListElement\":[{\"@type\":\"ListItem\",\"position\":1,\"name\":\"Home\",\"item\":\"https:\/\/tourtravelandmore.com\/fr\/\"},{\"@type\":\"ListItem\",\"position\":2,\"name\":\"Tours\",\"item\":\"https:\/\/tourtravelandmore.com\/fr\/tours\/\"},{\"@type\":\"ListItem\",\"position\":3,\"name\":\"Visite priv\u00e9e de Howth et Malahide au d\u00e9part de Dublin\"}]},{\"@type\":\"WebSite\",\"@id\":\"https:\/\/tourtravelandmore.com\/fr\/#website\",\"url\":\"https:\/\/tourtravelandmore.com\/fr\/\",\"name\":\"Tour Travel And More\",\"description\":\"Private sightseeing tours and luxury transfers in Spain\",\"publisher\":{\"@id\":\"https:\/\/tourtravelandmore.com\/fr\/#organization\"},\"potentialAction\":[{\"@type\":\"SearchAction\",\"target\":{\"@type\":\"EntryPoint\",\"urlTemplate\":\"https:\/\/tourtravelandmore.com\/fr\/?s={search_term_string}\"},\"query-input\":{\"@type\":\"PropertyValueSpecification\",\"valueRequired\":true,\"valueName\":\"search_term_string\"}}],\"inLanguage\":\"fr-FR\"},{\"@type\":\"Organization\",\"@id\":\"https:\/\/tourtravelandmore.com\/fr\/#organization\",\"name\":\"Tour Travel And More\",\"url\":\"https:\/\/tourtravelandmore.com\/fr\/\",\"logo\":{\"@type\":\"ImageObject\",\"inLanguage\":\"fr-FR\",\"@id\":\"https:\/\/tourtravelandmore.com\/fr\/#\/schema\/logo\/image\/\",\"url\":\"https:\/\/tourtravelandmore.com\/wp-content\/uploads\/2022\/12\/cropped-logo-cabecera-new.png\",\"contentUrl\":\"https:\/\/tourtravelandmore.com\/wp-content\/uploads\/2022\/12\/cropped-logo-cabecera-new.png\",\"width\":430,\"height\":61,\"caption\":\"Tour Travel And More\"},\"image\":{\"@id\":\"https:\/\/tourtravelandmore.com\/fr\/#\/schema\/logo\/image\/\"},\"sameAs\":[\"https:\/\/www.facebook.com\/tourtravelandmore\/\",\"https:\/\/x.com\/TourTravel_More\"]}]}<\/script>\n<!-- \/ Yoast SEO Premium plugin. -->","yoast_head_json":{"title":"Visite priv\u00e9e de Howth et Malahide au d\u00e9part de Dublin | Tour Travel & More","description":"Visite priv\u00e9e de Howth et Malahide. Explorez les paysages avec cette visite priv\u00e9e d'une journ\u00e9e compl\u00e8te avec un guide et un v\u00e9hicule priv\u00e9 avec chauffeur.","robots":{"index":"index","follow":"follow","max-snippet":"max-snippet:-1","max-image-preview":"max-image-preview:large","max-video-preview":"max-video-preview:-1"},"canonical":"https:\/\/tourtravelandmore.com\/fr\/tours\/irlande-fr\/dublin-fr\/visite-privee-de-howth-et-malahide-au-depart-de-dublin\/","og_locale":"fr_FR","og_type":"article","og_title":"Visite priv\u00e9e de Howth et Malahide au d\u00e9part de Dublin","og_description":"Visite priv\u00e9e de Howth et Malahide. Explorez les paysages avec cette visite priv\u00e9e d'une journ\u00e9e compl\u00e8te avec un guide et un v\u00e9hicule priv\u00e9 avec chauffeur.","og_url":"https:\/\/tourtravelandmore.com\/fr\/tours\/irlande-fr\/dublin-fr\/visite-privee-de-howth-et-malahide-au-depart-de-dublin\/","og_site_name":"Tour Travel And More","article_publisher":"https:\/\/www.facebook.com\/tourtravelandmore\/","article_modified_time":"2024-03-04T14:46:52+00:00","og_image":[{"width":1280,"height":855,"url":"https:\/\/tourtravelandmore.com\/wp-content\/uploads\/2022\/11\/ireland-gd57ea8804_1280.jpg","type":"image\/jpeg"}],"twitter_card":"summary_large_image","twitter_site":"@TourTravel_More","twitter_misc":{"Dur\u00e9e de lecture estim\u00e9e":"3 minutes"},"schema":{"@context":"https:\/\/schema.org","@graph":[{"@type":"WebPage","@id":"https:\/\/tourtravelandmore.com\/fr\/tours\/irlande-fr\/dublin-fr\/visite-privee-de-howth-et-malahide-au-depart-de-dublin\/","url":"https:\/\/tourtravelandmore.com\/fr\/tours\/irlande-fr\/dublin-fr\/visite-privee-de-howth-et-malahide-au-depart-de-dublin\/","name":"Visite priv\u00e9e de Howth et Malahide au d\u00e9part de Dublin | Tour Travel & More","isPartOf":{"@id":"https:\/\/tourtravelandmore.com\/fr\/#website"},"primaryImageOfPage":{"@id":"https:\/\/tourtravelandmore.com\/fr\/tours\/irlande-fr\/dublin-fr\/visite-privee-de-howth-et-malahide-au-depart-de-dublin\/#primaryimage"},"image":{"@id":"https:\/\/tourtravelandmore.com\/fr\/tours\/irlande-fr\/dublin-fr\/visite-privee-de-howth-et-malahide-au-depart-de-dublin\/#primaryimage"},"thumbnailUrl":"https:\/\/tourtravelandmore.com\/wp-content\/uploads\/2022\/11\/ireland-gd57ea8804_1280.jpg","datePublished":"2022-11-01T20:58:53+00:00","dateModified":"2024-03-04T14:46:52+00:00","description":"Visite priv\u00e9e de Howth et Malahide. Explorez les paysages avec cette visite priv\u00e9e d'une journ\u00e9e compl\u00e8te avec un guide et un v\u00e9hicule priv\u00e9 avec chauffeur.","breadcrumb":{"@id":"https:\/\/tourtravelandmore.com\/fr\/tours\/irlande-fr\/dublin-fr\/visite-privee-de-howth-et-malahide-au-depart-de-dublin\/#breadcrumb"},"inLanguage":"fr-FR","potentialAction":[{"@type":"ReadAction","target":["https:\/\/tourtravelandmore.com\/fr\/tours\/irlande-fr\/dublin-fr\/visite-privee-de-howth-et-malahide-au-depart-de-dublin\/"]}]},{"@type":"ImageObject","inLanguage":"fr-FR","@id":"https:\/\/tourtravelandmore.com\/fr\/tours\/irlande-fr\/dublin-fr\/visite-privee-de-howth-et-malahide-au-depart-de-dublin\/#primaryimage","url":"https:\/\/tourtravelandmore.com\/wp-content\/uploads\/2022\/11\/ireland-gd57ea8804_1280.jpg","contentUrl":"https:\/\/tourtravelandmore.com\/wp-content\/uploads\/2022\/11\/ireland-gd57ea8804_1280.jpg","width":1280,"height":855},{"@type":"BreadcrumbList","@id":"https:\/\/tourtravelandmore.com\/fr\/tours\/irlande-fr\/dublin-fr\/visite-privee-de-howth-et-malahide-au-depart-de-dublin\/#breadcrumb","itemListElement":[{"@type":"ListItem","position":1,"name":"Home","item":"https:\/\/tourtravelandmore.com\/fr\/"},{"@type":"ListItem","position":2,"name":"Tours","item":"https:\/\/tourtravelandmore.com\/fr\/tours\/"},{"@type":"ListItem","position":3,"name":"Visite priv\u00e9e de Howth et Malahide au d\u00e9part de Dublin"}]},{"@type":"WebSite","@id":"https:\/\/tourtravelandmore.com\/fr\/#website","url":"https:\/\/tourtravelandmore.com\/fr\/","name":"Tour Travel And More","description":"Private sightseeing tours and luxury transfers in Spain","publisher":{"@id":"https:\/\/tourtravelandmore.com\/fr\/#organization"},"potentialAction":[{"@type":"SearchAction","target":{"@type":"EntryPoint","urlTemplate":"https:\/\/tourtravelandmore.com\/fr\/?s={search_term_string}"},"query-input":{"@type":"PropertyValueSpecification","valueRequired":true,"valueName":"search_term_string"}}],"inLanguage":"fr-FR"},{"@type":"Organization","@id":"https:\/\/tourtravelandmore.com\/fr\/#organization","name":"Tour Travel And More","url":"https:\/\/tourtravelandmore.com\/fr\/","logo":{"@type":"ImageObject","inLanguage":"fr-FR","@id":"https:\/\/tourtravelandmore.com\/fr\/#\/schema\/logo\/image\/","url":"https:\/\/tourtravelandmore.com\/wp-content\/uploads\/2022\/12\/cropped-logo-cabecera-new.png","contentUrl":"https:\/\/tourtravelandmore.com\/wp-content\/uploads\/2022\/12\/cropped-logo-cabecera-new.png","width":430,"height":61,"caption":"Tour Travel And More"},"image":{"@id":"https:\/\/tourtravelandmore.com\/fr\/#\/schema\/logo\/image\/"},"sameAs":["https:\/\/www.facebook.com\/tourtravelandmore\/","https:\/\/x.com\/TourTravel_More"]}]}},"_links":{"self":[{"href":"https:\/\/tourtravelandmore.com\/fr\/wp-json\/wp\/v2\/product\/142456","targetHints":{"allow":["GET"]}}],"collection":[{"href":"https:\/\/tourtravelandmore.com\/fr\/wp-json\/wp\/v2\/product"}],"about":[{"href":"https:\/\/tourtravelandmore.com\/fr\/wp-json\/wp\/v2\/types\/product"}],"replies":[{"embeddable":true,"href":"https:\/\/tourtravelandmore.com\/fr\/wp-json\/wp\/v2\/comments?post=142456"}],"wp:featuredmedia":[{"embeddable":true,"href":"https:\/\/tourtravelandmore.com\/fr\/wp-json\/wp\/v2\/media\/142477"}],"wp:attachment":[{"href":"https:\/\/tourtravelandmore.com\/fr\/wp-json\/wp\/v2\/media?parent=142456"}],"wp:term":[{"taxonomy":"product_brand","embeddable":true,"href":"https:\/\/tourtravelandmore.com\/fr\/wp-json\/wp\/v2\/product_brand?post=142456"},{"taxonomy":"product_cat","embeddable":true,"href":"https:\/\/tourtravelandmore.com\/fr\/wp-json\/wp\/v2\/product_cat?post=142456"},{"taxonomy":"product_tag","embeddable":true,"href":"https:\/\/tourtravelandmore.com\/fr\/wp-json\/wp\/v2\/product_tag?post=142456"}],"curies":[{"name":"wp","href":"https:\/\/api.w.org\/{rel}","templated":true}]}}