{"id":141904,"date":"2022-10-25T21:55:36","date_gmt":"2022-10-25T19:55:46","guid":{"rendered":"https:\/\/tourtravelandmore.com\/?post_type=product&#038;p=141904"},"modified":"2022-11-07T15:00:55","modified_gmt":"2022-11-07T14:00:55","slug":"visite-gastronomique-privee-de-palerme-a-pied","status":"publish","type":"product","link":"https:\/\/tourtravelandmore.com\/fr\/tours\/italie-fr\/palermo-fr\/all-private-tours-activities-fr-8\/visite-gastronomique-privee-de-palerme-a-pied\/","title":{"rendered":"Visite gastronomique priv\u00e9e de Palerme \u00e0 pied"},"content":{"rendered":"<h2>Description Visite gastronomique priv\u00e9e de Palerme \u00e0 pied<\/h2>\n<p>Profitez de la grande architecture et des sites merveilleux de Palerme lors de cette <strong>visite guid\u00e9e gastronomique priv\u00e9e de Palerme avec votre propre guide officiel.<\/strong><\/p>\n<p>Votre guide officiel vous attendra \u00e0 votre h\u00f4tel, situ\u00e9 au centre de la ville, ou \u00e0 un point de rencontre fixe dans le centre de la ville.<\/p>\n<p><strong>Palerme<\/strong> est connue comme la capitale touristique et \u00e9conomique de la r\u00e9gion de la Sicile. Elle a \u00e9t\u00e9 fond\u00e9e par les Ph\u00e9niciens, puis conquise par les Grecs. La ville a connu sa meilleure p\u00e9riode sous la domination arabe (du 9e au 11e si\u00e8cle apr\u00e8s J.-C.). Plus tard, les Normands ont conquis la ville et d\u00e9truit de nombreuses mosqu\u00e9es et palais.<\/p>\n<p>La ville de Palerme b\u00e9n\u00e9ficie d&#8217;un temps magnifique tout au long de l&#8217;ann\u00e9e et propose une offre gastronomique \u00e9tonnante, ce qui en fait l&#8217;endroit id\u00e9al pour vos vacances.<\/p>\n<p>Quoi de mieux que de combiner cette belle ville avec <strong>une d\u00e9licieuse visite gastronomique ?<\/strong> Au cours d&#8217;une telle promenade, vous go\u00fbterez trois petites entr\u00e9es et deux accompagnements, accompagn\u00e9s d&#8217;un verre de vin rouge sicilien et d&#8217;un granit\u00e9 ou d&#8217;un dessert typique de la r\u00e9gion. Les entr\u00e9es sont de petites portions de plats locaux : p\u00e2tes aux anchois, p\u00e2tes \u00e0 la Norma, anelletti au four, accompagnements : boulettes de sardine, caponata. Et pour le dessert : granita ou cannolo.<\/p>\n<p>Nous pouvons \u00e9galement vous offrir la possibilit\u00e9 d&#8217;inclure un v\u00e9hicule de luxe priv\u00e9 pour votre exp\u00e9rience. Veuillez jeter un coup d&#8217;\u0153il \u00e0 notre <a href=\"https:\/\/tourtravelandmore.com\/tours\/italy\/palermo-private-tours-en\/private-tour-of-palermo-and-monreale-from-palermo\/\">visite priv\u00e9e de Palerme.<\/a><\/p>\n<h2>Sites d&#8217;int\u00e9r\u00eat et points de rep\u00e8re<\/h2>\n<p><strong>Palerme<\/strong> est connue comme la ville des d\u00e9lices, pour ses magnifiques mosqu\u00e9es, palais et jardins. La ville a abrit\u00e9 de nombreuses cultures diff\u00e9rentes au cours de toute son histoire.<\/p>\n<p>Tout d&#8217;abord, vous rencontrerez votre guide officiel priv\u00e9 dans un point de rendez-vous central \u00e0 l&#8217;heure souhait\u00e9e. Comme il s&#8217;agit d&#8217;une visite priv\u00e9e, vous pouvez personnaliser votre exp\u00e9rience \u00e0 votre guise.<\/p>\n<p>Au cours de cette visite priv\u00e9e \u00e0 pied de Palerme, vous d\u00e9couvrirez les sites les plus embl\u00e9matiques de la ville. Parmi d&#8217;autres monuments et sites que vous pourrez d\u00e9couvrir lors de cette <strong>Visite gastronomique priv\u00e9e de Palerme \u00e0 pied:<\/strong><\/p>\n<ul>\n<li><strong>Quattro Canti<\/strong><\/li>\n<li><strong>March\u00e9 historique de Palerme<\/strong><\/li>\n<li><strong>Teatro Massimo<\/strong><\/li>\n<li><strong>\u00c9glise &#8220;Santa Maria dell&#8217;Ammiraglio Martorana&#8221;<\/strong><\/li>\n<li><strong>Palais normand<\/strong><\/li>\n<li><strong>Duomo (cath\u00e9drale de Palerme)<\/strong><\/li>\n<li><strong>San Giovanni degli Eremiti<\/strong><\/li>\n<li><strong>\u00c9glise de Santa Maria dell&#8217;Ammiraglio Martorana<\/strong><\/li>\n<li><strong>et beaucoup plus!<\/strong><\/li>\n<\/ul>\n<p>Si vous souhaitez visiter un monument ou un mus\u00e9e de la ville, n&#8217;h\u00e9sitez pas \u00e0 nous contacter. Nous pouvons vous offrir des billets coupe-file pour n&#8217;importe quel site de Palerme.<\/p>\n<p>Enfin, votre guide priv\u00e9 vous d\u00e9posera dans un endroit central de Palerme. Cette visite priv\u00e9e a une dur\u00e9e de 3 heures entre le moment de la prise en charge et le moment du d\u00e9p\u00f4t. La dur\u00e9e de la visite est ajustable en fonction de vos propres int\u00e9r\u00eats et go\u00fbts.<\/p>\n","protected":false},"excerpt":{"rendered":"<p>Quoi de mieux que de combiner cette magnifique ville avec une d\u00e9licieuse visite gastronomique ? Ne manquez pas cette occasion de d\u00e9couvrir Palerme et tout ce qu&#8217;elle a \u00e0 offrir aux c\u00f4t\u00e9s de votre guide officiel priv\u00e9. Ne manquez pas les monuments et les curiosit\u00e9s comme le Duomo, le Palais Normand, San Giovanni degli Eremiti et bien plus encore !<\/p>\n","protected":false},"featured_media":141914,"comment_status":"open","ping_status":"closed","template":"","meta":{"_acf_changed":false},"product_brand":[],"product_cat":[3701,4208],"product_tag":[],"class_list":{"0":"post-141904","1":"product","2":"type-product","3":"status-publish","4":"has-post-thumbnail","6":"product_cat-palermo-fr","7":"product_cat-all-private-tours-activities-fr-8","9":"first","10":"instock","11":"shipping-taxable","12":"purchasable","13":"product-type-simple"},"acf":[],"yoast_head":"<!-- This site is optimized with the Yoast SEO Premium plugin v25.3.1 (Yoast SEO v25.3.1) - https:\/\/yoast.com\/wordpress\/plugins\/seo\/ -->\n<title>Visite priv\u00e9e de r\u00e9veil de Palerme avec guide officiel<\/title>\n<meta name=\"description\" content=\"Admirez les plus beaux endroits et monuments avec cette visite priv\u00e9e \u00e0 pied de Palerme accompagn\u00e9e d&#039;un guide priv\u00e9 local.\" \/>\n<meta name=\"robots\" content=\"index, follow, max-snippet:-1, max-image-preview:large, max-video-preview:-1\" \/>\n<link rel=\"canonical\" href=\"https:\/\/tourtravelandmore.com\/fr\/tours\/italie-fr\/palermo-fr\/all-private-tours-activities-fr-8\/visite-gastronomique-privee-de-palerme-a-pied\/\" \/>\n<meta property=\"og:locale\" content=\"fr_FR\" \/>\n<meta property=\"og:type\" content=\"article\" \/>\n<meta property=\"og:title\" content=\"Visite gastronomique priv\u00e9e de Palerme \u00e0 pied\" \/>\n<meta property=\"og:description\" content=\"Admirez les plus beaux endroits et monuments avec cette visite priv\u00e9e \u00e0 pied de Palerme accompagn\u00e9e d&#039;un guide priv\u00e9 local.\" \/>\n<meta property=\"og:url\" content=\"https:\/\/tourtravelandmore.com\/fr\/tours\/italie-fr\/palermo-fr\/all-private-tours-activities-fr-8\/visite-gastronomique-privee-de-palerme-a-pied\/\" \/>\n<meta property=\"og:site_name\" content=\"Tour Travel And More\" \/>\n<meta property=\"article:publisher\" content=\"https:\/\/www.facebook.com\/tourtravelandmore\/\" \/>\n<meta property=\"article:modified_time\" content=\"2022-11-07T14:00:55+00:00\" \/>\n<meta property=\"og:image\" content=\"https:\/\/tourtravelandmore.com\/wp-content\/uploads\/2022\/10\/palermo-gca24297f8_1920.jpg\" \/>\n\t<meta property=\"og:image:width\" content=\"1920\" \/>\n\t<meta property=\"og:image:height\" content=\"1280\" \/>\n\t<meta property=\"og:image:type\" content=\"image\/jpeg\" \/>\n<meta name=\"twitter:card\" content=\"summary_large_image\" \/>\n<meta name=\"twitter:site\" content=\"@TourTravel_More\" \/>\n<meta name=\"twitter:label1\" content=\"Dur\u00e9e de lecture estim\u00e9e\" \/>\n\t<meta name=\"twitter:data1\" content=\"3 minutes\" \/>\n<script type=\"application\/ld+json\" class=\"yoast-schema-graph\">{\"@context\":\"https:\/\/schema.org\",\"@graph\":[{\"@type\":\"WebPage\",\"@id\":\"https:\/\/tourtravelandmore.com\/fr\/tours\/italie-fr\/palermo-fr\/all-private-tours-activities-fr-8\/visite-gastronomique-privee-de-palerme-a-pied\/\",\"url\":\"https:\/\/tourtravelandmore.com\/fr\/tours\/italie-fr\/palermo-fr\/all-private-tours-activities-fr-8\/visite-gastronomique-privee-de-palerme-a-pied\/\",\"name\":\"Visite priv\u00e9e de r\u00e9veil de Palerme avec guide officiel\",\"isPartOf\":{\"@id\":\"https:\/\/tourtravelandmore.com\/fr\/#website\"},\"primaryImageOfPage\":{\"@id\":\"https:\/\/tourtravelandmore.com\/fr\/tours\/italie-fr\/palermo-fr\/all-private-tours-activities-fr-8\/visite-gastronomique-privee-de-palerme-a-pied\/#primaryimage\"},\"image\":{\"@id\":\"https:\/\/tourtravelandmore.com\/fr\/tours\/italie-fr\/palermo-fr\/all-private-tours-activities-fr-8\/visite-gastronomique-privee-de-palerme-a-pied\/#primaryimage\"},\"thumbnailUrl\":\"https:\/\/tourtravelandmore.com\/wp-content\/uploads\/2022\/10\/palermo-gca24297f8_1920.jpg\",\"datePublished\":\"2022-10-25T19:55:46+00:00\",\"dateModified\":\"2022-11-07T14:00:55+00:00\",\"description\":\"Admirez les plus beaux endroits et monuments avec cette visite priv\u00e9e \u00e0 pied de Palerme accompagn\u00e9e d'un guide priv\u00e9 local.\",\"breadcrumb\":{\"@id\":\"https:\/\/tourtravelandmore.com\/fr\/tours\/italie-fr\/palermo-fr\/all-private-tours-activities-fr-8\/visite-gastronomique-privee-de-palerme-a-pied\/#breadcrumb\"},\"inLanguage\":\"fr-FR\",\"potentialAction\":[{\"@type\":\"ReadAction\",\"target\":[\"https:\/\/tourtravelandmore.com\/fr\/tours\/italie-fr\/palermo-fr\/all-private-tours-activities-fr-8\/visite-gastronomique-privee-de-palerme-a-pied\/\"]}]},{\"@type\":\"ImageObject\",\"inLanguage\":\"fr-FR\",\"@id\":\"https:\/\/tourtravelandmore.com\/fr\/tours\/italie-fr\/palermo-fr\/all-private-tours-activities-fr-8\/visite-gastronomique-privee-de-palerme-a-pied\/#primaryimage\",\"url\":\"https:\/\/tourtravelandmore.com\/wp-content\/uploads\/2022\/10\/palermo-gca24297f8_1920.jpg\",\"contentUrl\":\"https:\/\/tourtravelandmore.com\/wp-content\/uploads\/2022\/10\/palermo-gca24297f8_1920.jpg\",\"width\":1920,\"height\":1280},{\"@type\":\"BreadcrumbList\",\"@id\":\"https:\/\/tourtravelandmore.com\/fr\/tours\/italie-fr\/palermo-fr\/all-private-tours-activities-fr-8\/visite-gastronomique-privee-de-palerme-a-pied\/#breadcrumb\",\"itemListElement\":[{\"@type\":\"ListItem\",\"position\":1,\"name\":\"Home\",\"item\":\"https:\/\/tourtravelandmore.com\/fr\/\"},{\"@type\":\"ListItem\",\"position\":2,\"name\":\"Tours\",\"item\":\"https:\/\/tourtravelandmore.com\/fr\/tours\/\"},{\"@type\":\"ListItem\",\"position\":3,\"name\":\"Visite gastronomique priv\u00e9e de Palerme \u00e0 pied\"}]},{\"@type\":\"WebSite\",\"@id\":\"https:\/\/tourtravelandmore.com\/fr\/#website\",\"url\":\"https:\/\/tourtravelandmore.com\/fr\/\",\"name\":\"Tour Travel And More\",\"description\":\"Private sightseeing tours and luxury transfers in Spain\",\"publisher\":{\"@id\":\"https:\/\/tourtravelandmore.com\/fr\/#organization\"},\"potentialAction\":[{\"@type\":\"SearchAction\",\"target\":{\"@type\":\"EntryPoint\",\"urlTemplate\":\"https:\/\/tourtravelandmore.com\/fr\/?s={search_term_string}\"},\"query-input\":{\"@type\":\"PropertyValueSpecification\",\"valueRequired\":true,\"valueName\":\"search_term_string\"}}],\"inLanguage\":\"fr-FR\"},{\"@type\":\"Organization\",\"@id\":\"https:\/\/tourtravelandmore.com\/fr\/#organization\",\"name\":\"Tour Travel And More\",\"url\":\"https:\/\/tourtravelandmore.com\/fr\/\",\"logo\":{\"@type\":\"ImageObject\",\"inLanguage\":\"fr-FR\",\"@id\":\"https:\/\/tourtravelandmore.com\/fr\/#\/schema\/logo\/image\/\",\"url\":\"https:\/\/tourtravelandmore.com\/wp-content\/uploads\/2022\/12\/cropped-logo-cabecera-new.png\",\"contentUrl\":\"https:\/\/tourtravelandmore.com\/wp-content\/uploads\/2022\/12\/cropped-logo-cabecera-new.png\",\"width\":430,\"height\":61,\"caption\":\"Tour Travel And More\"},\"image\":{\"@id\":\"https:\/\/tourtravelandmore.com\/fr\/#\/schema\/logo\/image\/\"},\"sameAs\":[\"https:\/\/www.facebook.com\/tourtravelandmore\/\",\"https:\/\/x.com\/TourTravel_More\"]}]}<\/script>\n<!-- \/ Yoast SEO Premium plugin. -->","yoast_head_json":{"title":"Visite priv\u00e9e de r\u00e9veil de Palerme avec guide officiel","description":"Admirez les plus beaux endroits et monuments avec cette visite priv\u00e9e \u00e0 pied de Palerme accompagn\u00e9e d'un guide priv\u00e9 local.","robots":{"index":"index","follow":"follow","max-snippet":"max-snippet:-1","max-image-preview":"max-image-preview:large","max-video-preview":"max-video-preview:-1"},"canonical":"https:\/\/tourtravelandmore.com\/fr\/tours\/italie-fr\/palermo-fr\/all-private-tours-activities-fr-8\/visite-gastronomique-privee-de-palerme-a-pied\/","og_locale":"fr_FR","og_type":"article","og_title":"Visite gastronomique priv\u00e9e de Palerme \u00e0 pied","og_description":"Admirez les plus beaux endroits et monuments avec cette visite priv\u00e9e \u00e0 pied de Palerme accompagn\u00e9e d'un guide priv\u00e9 local.","og_url":"https:\/\/tourtravelandmore.com\/fr\/tours\/italie-fr\/palermo-fr\/all-private-tours-activities-fr-8\/visite-gastronomique-privee-de-palerme-a-pied\/","og_site_name":"Tour Travel And More","article_publisher":"https:\/\/www.facebook.com\/tourtravelandmore\/","article_modified_time":"2022-11-07T14:00:55+00:00","og_image":[{"width":1920,"height":1280,"url":"https:\/\/tourtravelandmore.com\/wp-content\/uploads\/2022\/10\/palermo-gca24297f8_1920.jpg","type":"image\/jpeg"}],"twitter_card":"summary_large_image","twitter_site":"@TourTravel_More","twitter_misc":{"Dur\u00e9e de lecture estim\u00e9e":"3 minutes"},"schema":{"@context":"https:\/\/schema.org","@graph":[{"@type":"WebPage","@id":"https:\/\/tourtravelandmore.com\/fr\/tours\/italie-fr\/palermo-fr\/all-private-tours-activities-fr-8\/visite-gastronomique-privee-de-palerme-a-pied\/","url":"https:\/\/tourtravelandmore.com\/fr\/tours\/italie-fr\/palermo-fr\/all-private-tours-activities-fr-8\/visite-gastronomique-privee-de-palerme-a-pied\/","name":"Visite priv\u00e9e de r\u00e9veil de Palerme avec guide officiel","isPartOf":{"@id":"https:\/\/tourtravelandmore.com\/fr\/#website"},"primaryImageOfPage":{"@id":"https:\/\/tourtravelandmore.com\/fr\/tours\/italie-fr\/palermo-fr\/all-private-tours-activities-fr-8\/visite-gastronomique-privee-de-palerme-a-pied\/#primaryimage"},"image":{"@id":"https:\/\/tourtravelandmore.com\/fr\/tours\/italie-fr\/palermo-fr\/all-private-tours-activities-fr-8\/visite-gastronomique-privee-de-palerme-a-pied\/#primaryimage"},"thumbnailUrl":"https:\/\/tourtravelandmore.com\/wp-content\/uploads\/2022\/10\/palermo-gca24297f8_1920.jpg","datePublished":"2022-10-25T19:55:46+00:00","dateModified":"2022-11-07T14:00:55+00:00","description":"Admirez les plus beaux endroits et monuments avec cette visite priv\u00e9e \u00e0 pied de Palerme accompagn\u00e9e d'un guide priv\u00e9 local.","breadcrumb":{"@id":"https:\/\/tourtravelandmore.com\/fr\/tours\/italie-fr\/palermo-fr\/all-private-tours-activities-fr-8\/visite-gastronomique-privee-de-palerme-a-pied\/#breadcrumb"},"inLanguage":"fr-FR","potentialAction":[{"@type":"ReadAction","target":["https:\/\/tourtravelandmore.com\/fr\/tours\/italie-fr\/palermo-fr\/all-private-tours-activities-fr-8\/visite-gastronomique-privee-de-palerme-a-pied\/"]}]},{"@type":"ImageObject","inLanguage":"fr-FR","@id":"https:\/\/tourtravelandmore.com\/fr\/tours\/italie-fr\/palermo-fr\/all-private-tours-activities-fr-8\/visite-gastronomique-privee-de-palerme-a-pied\/#primaryimage","url":"https:\/\/tourtravelandmore.com\/wp-content\/uploads\/2022\/10\/palermo-gca24297f8_1920.jpg","contentUrl":"https:\/\/tourtravelandmore.com\/wp-content\/uploads\/2022\/10\/palermo-gca24297f8_1920.jpg","width":1920,"height":1280},{"@type":"BreadcrumbList","@id":"https:\/\/tourtravelandmore.com\/fr\/tours\/italie-fr\/palermo-fr\/all-private-tours-activities-fr-8\/visite-gastronomique-privee-de-palerme-a-pied\/#breadcrumb","itemListElement":[{"@type":"ListItem","position":1,"name":"Home","item":"https:\/\/tourtravelandmore.com\/fr\/"},{"@type":"ListItem","position":2,"name":"Tours","item":"https:\/\/tourtravelandmore.com\/fr\/tours\/"},{"@type":"ListItem","position":3,"name":"Visite gastronomique priv\u00e9e de Palerme \u00e0 pied"}]},{"@type":"WebSite","@id":"https:\/\/tourtravelandmore.com\/fr\/#website","url":"https:\/\/tourtravelandmore.com\/fr\/","name":"Tour Travel And More","description":"Private sightseeing tours and luxury transfers in Spain","publisher":{"@id":"https:\/\/tourtravelandmore.com\/fr\/#organization"},"potentialAction":[{"@type":"SearchAction","target":{"@type":"EntryPoint","urlTemplate":"https:\/\/tourtravelandmore.com\/fr\/?s={search_term_string}"},"query-input":{"@type":"PropertyValueSpecification","valueRequired":true,"valueName":"search_term_string"}}],"inLanguage":"fr-FR"},{"@type":"Organization","@id":"https:\/\/tourtravelandmore.com\/fr\/#organization","name":"Tour Travel And More","url":"https:\/\/tourtravelandmore.com\/fr\/","logo":{"@type":"ImageObject","inLanguage":"fr-FR","@id":"https:\/\/tourtravelandmore.com\/fr\/#\/schema\/logo\/image\/","url":"https:\/\/tourtravelandmore.com\/wp-content\/uploads\/2022\/12\/cropped-logo-cabecera-new.png","contentUrl":"https:\/\/tourtravelandmore.com\/wp-content\/uploads\/2022\/12\/cropped-logo-cabecera-new.png","width":430,"height":61,"caption":"Tour Travel And More"},"image":{"@id":"https:\/\/tourtravelandmore.com\/fr\/#\/schema\/logo\/image\/"},"sameAs":["https:\/\/www.facebook.com\/tourtravelandmore\/","https:\/\/x.com\/TourTravel_More"]}]}},"_links":{"self":[{"href":"https:\/\/tourtravelandmore.com\/fr\/wp-json\/wp\/v2\/product\/141904","targetHints":{"allow":["GET"]}}],"collection":[{"href":"https:\/\/tourtravelandmore.com\/fr\/wp-json\/wp\/v2\/product"}],"about":[{"href":"https:\/\/tourtravelandmore.com\/fr\/wp-json\/wp\/v2\/types\/product"}],"replies":[{"embeddable":true,"href":"https:\/\/tourtravelandmore.com\/fr\/wp-json\/wp\/v2\/comments?post=141904"}],"wp:featuredmedia":[{"embeddable":true,"href":"https:\/\/tourtravelandmore.com\/fr\/wp-json\/wp\/v2\/media\/141914"}],"wp:attachment":[{"href":"https:\/\/tourtravelandmore.com\/fr\/wp-json\/wp\/v2\/media?parent=141904"}],"wp:term":[{"taxonomy":"product_brand","embeddable":true,"href":"https:\/\/tourtravelandmore.com\/fr\/wp-json\/wp\/v2\/product_brand?post=141904"},{"taxonomy":"product_cat","embeddable":true,"href":"https:\/\/tourtravelandmore.com\/fr\/wp-json\/wp\/v2\/product_cat?post=141904"},{"taxonomy":"product_tag","embeddable":true,"href":"https:\/\/tourtravelandmore.com\/fr\/wp-json\/wp\/v2\/product_tag?post=141904"}],"curies":[{"name":"wp","href":"https:\/\/api.w.org\/{rel}","templated":true}]}}