{"id":141760,"date":"2022-10-25T03:51:40","date_gmt":"2022-10-25T01:51:50","guid":{"rendered":"https:\/\/tourtravelandmore.com\/?post_type=product&#038;p=141760"},"modified":"2022-10-25T04:00:20","modified_gmt":"2022-10-25T02:00:20","slug":"visite-privee-dalbi-et-de-cordes-sur-ciel-depuis-toulouse","status":"publish","type":"product","link":"https:\/\/tourtravelandmore.com\/fr\/tours\/france-fr\/toulouse-fr\/visite-privee-dalbi-et-de-cordes-sur-ciel-depuis-toulouse\/","title":{"rendered":"Visite priv\u00e9e d&#8217;Albi et de Cordes-sur-Ciel depuis Toulouse"},"content":{"rendered":"<h2><b>Description de l&#8217;excursion priv\u00e9e \u00e0 Albi et Cordes-sur-Ciel au d\u00e9part de Toulouse<\/b><\/h2>\n<p><span style=\"font-weight: 400;\">Le circuit commence \u00e0 Toulouse et vous emm\u00e8ne dans les deux villes m\u00e9di\u00e9vales d&#8217;Albi et de Cordes-sur-Ciel.<\/span><\/p>\n<p><span style=\"font-weight: 400;\">Cette visite est destin\u00e9e \u00e0 ceux qui souhaitent vivre une exp\u00e9rience priv\u00e9e et personnalis\u00e9e avec un guide expert. Cette visite est parfaite pour ceux qui veulent visiter Toulouse, mais qui n&#8217;ont pas beaucoup de temps. L&#8217;excursion priv\u00e9e d&#8217;Albi et de Cordes-sur-Ciel au d\u00e9part de Toulouse offre une visite priv\u00e9e de 8 heures qui comprend une exp\u00e9rience compl\u00e8te et personnalis\u00e9e avec un guide expert.<\/span><\/p>\n<p><span style=\"font-weight: 400;\">N&#8217;oubliez pas que la visite priv\u00e9e est adapt\u00e9e \u00e0 vos besoins, c&#8217;est-\u00e0-dire que si vous souhaitez une plus grande voiture, ou plus d&#8217;heures de visite, ou m\u00eame visiter certains points d&#8217;int\u00e9r\u00eat sp\u00e9cifiques, n&#8217;h\u00e9sitez pas \u00e0 nous le faire savoir et nous serons heureux de le faire.<\/span><\/p>\n<h2><b>Points d&#8217;int\u00e9r\u00eat de l&#8217;excursion priv\u00e9e Albi et Cordes-sur-Ciel au d\u00e9part de Toulouse<\/b><\/h2>\n<p><span style=\"font-weight: 400;\">Votre exp\u00e9rience priv\u00e9e commencera par la rencontre avec votre chauffeur et votre guide priv\u00e9s \u00e0 votre h\u00e9bergement ou au lieu de votre choix \u00e0 Toulouse, o\u00f9 une fois r\u00e9unis, l&#8217;aventure commencera.<\/span><\/p>\n<p><span style=\"font-weight: 400;\">Au cours de ce voyage, vous visiterez des points de grand int\u00e9r\u00eat et riches en histoire tels que :<\/span><\/p>\n<h3><b>Sainte-C\u00e9cile, la plus grande cath\u00e9drale en briques du monde.<\/b><\/h3>\n<p><span style=\"font-weight: 400;\">Sainte-C\u00e9cile est c\u00e9l\u00e8bre pour \u00eatre la plus grande cath\u00e9drale en briques du monde. Il a \u00e9t\u00e9 construit au 16e si\u00e8cle et est rest\u00e9 debout pendant plus de 500 ans.<\/span><\/p>\n<p><span style=\"font-weight: 400;\">La raison pour laquelle l&#8217;\u00e9glise Sainte-C\u00e9cile est c\u00e9l\u00e8bre est qu&#8217;il s&#8217;agit de la plus grande cath\u00e9drale en briques du monde. Il a \u00e9t\u00e9 construit au 16e si\u00e8cle et est rest\u00e9 debout pendant plus de 500 ans.<\/span><\/p>\n<h3><b>Palais Berbie<\/b><\/h3>\n<p><span style=\"font-weight: 400;\">Le Berbie Palace est le plus grand palais du monde. Il a \u00e9t\u00e9 construit par le roi Abdul Aziz Al Saud pour servir de r\u00e9sidence d&#8217;\u00e9t\u00e9 \u00e0 sa famille.<\/span><\/p>\n<p><span style=\"font-weight: 400;\">Il compte plus de 1 000 chambres et couvre une superficie d&#8217;environ 20 hectares.<\/span><\/p>\n<h3><b>Mus\u00e9e Toulouse-Lautrec<\/b><\/h3>\n<p><span style=\"font-weight: 400;\">Le mus\u00e9e Toulouse-Lautrec est situ\u00e9 \u00e0 Albi, en France, et est l&#8217;un des mus\u00e9es les plus populaires du pays. Il a \u00e9t\u00e9 fond\u00e9 en 1991 et est d\u00e9di\u00e9 \u00e0 l&#8217;\u0153uvre d&#8217;Henri de Toulouse-Lautrec.<\/span><\/p>\n<p><span style=\"font-weight: 400;\">Le mus\u00e9e poss\u00e8de une collection de plus de 1000 peintures, dessins, lithographies et affiches d&#8217;Henri de Toulouse-Lautrec. Elle poss\u00e8de \u00e9galement une vaste collection de photographies de ses amis, de ses associ\u00e9s et de sa famille.<\/span><\/p>\n<h3><b>Cordes-sur-Ciel<\/b><\/h3>\n<p><span style=\"font-weight: 400;\">Cordes-sur-Ciel est une commune du d\u00e9partement de l&#8217;Aude, dans le sud de la France. Le village a toujours \u00e9t\u00e9 c\u00e9l\u00e8bre pour son \u00e9glise, qui a \u00e9t\u00e9 construite au Moyen \u00c2ge. Elle est \u00e9galement connue pour ses fromages et ses vins.<\/span><\/p>\n<p><span style=\"font-weight: 400;\">La ville de Cordes-sur-Ciel est situ\u00e9e au pied de la Montagne Noire et sur les rives de l&#8217;Aude. L&#8217;ancien village est situ\u00e9 \u00e0 une altitude de 266 m\u00e8tres (876 pieds).<\/span><\/p>\n<h3><b>Porte des Ormeaux<\/b><\/h3>\n<p><span style=\"font-weight: 400;\">La Porte des Ormeaux est une ville fran\u00e7aise connue pour sa c\u00e9l\u00e8bre plage et son port. Le port est le deuxi\u00e8me en France et le quatri\u00e8me dans le monde, apr\u00e8s les ports de Rotterdam, Shanghai et Singapour.<\/span><\/p>\n<p><span style=\"font-weight: 400;\">Comme vous pouvez le constater, cette visite priv\u00e9e est une exp\u00e9rience tout simplement sensationnelle, pleine de curiosit\u00e9s et de richesses historiques. Avec nous, vous profiterez d&#8217;une exp\u00e9rience priv\u00e9e et enti\u00e8rement personnalisable.<\/span><\/p>\n<p><a href=\"https:\/\/tourtravelandmore.com\/fr\/city\/france-fr\/toulouse-fr\/\"><span style=\"font-weight: 400;\">Si vous souhaitez en savoir plus sur Toulouse et ses environs, n&#8217;h\u00e9sitez pas \u00e0 jeter un coup d&#8217;\u0153il \u00e0 nos circuits.<\/span><\/a><\/p>\n","protected":false},"excerpt":{"rendered":"<p><span style=\"font-weight: 400;\">Cette visite priv\u00e9e d&#8217;Albi et de Cordes-sur-Ciel au d\u00e9part de Toulouse est un moyen id\u00e9al d&#8217;explorer la partie sud de la France. L&#8217;excursion comprend un v\u00e9hicule priv\u00e9 et un guide.<\/span><\/p>\n","protected":false},"featured_media":141772,"comment_status":"open","ping_status":"closed","template":"","meta":{"_acf_changed":false},"product_brand":[],"product_cat":[3540,3628],"product_tag":[],"class_list":{"0":"post-141760","1":"product","2":"type-product","3":"status-publish","4":"has-post-thumbnail","6":"product_cat-france-fr","7":"product_cat-toulouse-fr","9":"first","10":"instock","11":"shipping-taxable","12":"purchasable","13":"product-type-simple"},"acf":[],"yoast_head":"<!-- This site is optimized with the Yoast SEO Premium plugin v25.3.1 (Yoast SEO v25.3.1) - https:\/\/yoast.com\/wordpress\/plugins\/seo\/ -->\n<title>\u27a1\ufe0f Visite priv\u00e9e d&#039;Albi et Cordes-sur-Ciel depuis Toulouse | Tour Travel &amp; More<\/title>\n<meta name=\"description\" content=\"R\u00e9servez d\u00e8s maintenant cette visite priv\u00e9e \u00e0 Albi et Cordes-sur-Ciel, ce sera une exp\u00e9rience inimaginable si vous visitez Toulouse\" \/>\n<meta name=\"robots\" content=\"index, follow, max-snippet:-1, max-image-preview:large, max-video-preview:-1\" \/>\n<link rel=\"canonical\" href=\"https:\/\/tourtravelandmore.com\/fr\/tours\/france-fr\/toulouse-fr\/visite-privee-dalbi-et-de-cordes-sur-ciel-depuis-toulouse\/\" \/>\n<meta property=\"og:locale\" content=\"fr_FR\" \/>\n<meta property=\"og:type\" content=\"article\" \/>\n<meta property=\"og:title\" content=\"Visite priv\u00e9e d&#039;Albi et de Cordes-sur-Ciel depuis Toulouse\" \/>\n<meta property=\"og:description\" content=\"R\u00e9servez d\u00e8s maintenant cette visite priv\u00e9e \u00e0 Albi et Cordes-sur-Ciel, ce sera une exp\u00e9rience inimaginable si vous visitez Toulouse\" \/>\n<meta property=\"og:url\" content=\"https:\/\/tourtravelandmore.com\/fr\/tours\/france-fr\/toulouse-fr\/visite-privee-dalbi-et-de-cordes-sur-ciel-depuis-toulouse\/\" \/>\n<meta property=\"og:site_name\" content=\"Tour Travel And More\" \/>\n<meta property=\"article:publisher\" content=\"https:\/\/www.facebook.com\/tourtravelandmore\/\" \/>\n<meta property=\"article:modified_time\" content=\"2022-10-25T02:00:20+00:00\" \/>\n<meta property=\"og:image\" content=\"https:\/\/tourtravelandmore.com\/wp-content\/uploads\/2022\/10\/image1-3.jpg\" \/>\n\t<meta property=\"og:image:width\" content=\"900\" \/>\n\t<meta property=\"og:image:height\" content=\"750\" \/>\n\t<meta property=\"og:image:type\" content=\"image\/jpeg\" \/>\n<meta name=\"twitter:card\" content=\"summary_large_image\" \/>\n<meta name=\"twitter:site\" content=\"@TourTravel_More\" \/>\n<meta name=\"twitter:label1\" content=\"Dur\u00e9e de lecture estim\u00e9e\" \/>\n\t<meta name=\"twitter:data1\" content=\"3 minutes\" \/>\n<script type=\"application\/ld+json\" class=\"yoast-schema-graph\">{\"@context\":\"https:\/\/schema.org\",\"@graph\":[{\"@type\":\"WebPage\",\"@id\":\"https:\/\/tourtravelandmore.com\/fr\/tours\/france-fr\/toulouse-fr\/visite-privee-dalbi-et-de-cordes-sur-ciel-depuis-toulouse\/\",\"url\":\"https:\/\/tourtravelandmore.com\/fr\/tours\/france-fr\/toulouse-fr\/visite-privee-dalbi-et-de-cordes-sur-ciel-depuis-toulouse\/\",\"name\":\"\u27a1\ufe0f Visite priv\u00e9e d'Albi et Cordes-sur-Ciel depuis Toulouse | Tour Travel & More\",\"isPartOf\":{\"@id\":\"https:\/\/tourtravelandmore.com\/fr\/#website\"},\"primaryImageOfPage\":{\"@id\":\"https:\/\/tourtravelandmore.com\/fr\/tours\/france-fr\/toulouse-fr\/visite-privee-dalbi-et-de-cordes-sur-ciel-depuis-toulouse\/#primaryimage\"},\"image\":{\"@id\":\"https:\/\/tourtravelandmore.com\/fr\/tours\/france-fr\/toulouse-fr\/visite-privee-dalbi-et-de-cordes-sur-ciel-depuis-toulouse\/#primaryimage\"},\"thumbnailUrl\":\"https:\/\/tourtravelandmore.com\/wp-content\/uploads\/2022\/10\/image1-3.jpg\",\"datePublished\":\"2022-10-25T01:51:50+00:00\",\"dateModified\":\"2022-10-25T02:00:20+00:00\",\"description\":\"R\u00e9servez d\u00e8s maintenant cette visite priv\u00e9e \u00e0 Albi et Cordes-sur-Ciel, ce sera une exp\u00e9rience inimaginable si vous visitez Toulouse\",\"breadcrumb\":{\"@id\":\"https:\/\/tourtravelandmore.com\/fr\/tours\/france-fr\/toulouse-fr\/visite-privee-dalbi-et-de-cordes-sur-ciel-depuis-toulouse\/#breadcrumb\"},\"inLanguage\":\"fr-FR\",\"potentialAction\":[{\"@type\":\"ReadAction\",\"target\":[\"https:\/\/tourtravelandmore.com\/fr\/tours\/france-fr\/toulouse-fr\/visite-privee-dalbi-et-de-cordes-sur-ciel-depuis-toulouse\/\"]}]},{\"@type\":\"ImageObject\",\"inLanguage\":\"fr-FR\",\"@id\":\"https:\/\/tourtravelandmore.com\/fr\/tours\/france-fr\/toulouse-fr\/visite-privee-dalbi-et-de-cordes-sur-ciel-depuis-toulouse\/#primaryimage\",\"url\":\"https:\/\/tourtravelandmore.com\/wp-content\/uploads\/2022\/10\/image1-3.jpg\",\"contentUrl\":\"https:\/\/tourtravelandmore.com\/wp-content\/uploads\/2022\/10\/image1-3.jpg\",\"width\":900,\"height\":750},{\"@type\":\"BreadcrumbList\",\"@id\":\"https:\/\/tourtravelandmore.com\/fr\/tours\/france-fr\/toulouse-fr\/visite-privee-dalbi-et-de-cordes-sur-ciel-depuis-toulouse\/#breadcrumb\",\"itemListElement\":[{\"@type\":\"ListItem\",\"position\":1,\"name\":\"Home\",\"item\":\"https:\/\/tourtravelandmore.com\/fr\/\"},{\"@type\":\"ListItem\",\"position\":2,\"name\":\"Tours\",\"item\":\"https:\/\/tourtravelandmore.com\/fr\/tours\/\"},{\"@type\":\"ListItem\",\"position\":3,\"name\":\"Visite priv\u00e9e d&rsquo;Albi et de Cordes-sur-Ciel depuis Toulouse\"}]},{\"@type\":\"WebSite\",\"@id\":\"https:\/\/tourtravelandmore.com\/fr\/#website\",\"url\":\"https:\/\/tourtravelandmore.com\/fr\/\",\"name\":\"Tour Travel And More\",\"description\":\"Private sightseeing tours and luxury transfers in Spain\",\"publisher\":{\"@id\":\"https:\/\/tourtravelandmore.com\/fr\/#organization\"},\"potentialAction\":[{\"@type\":\"SearchAction\",\"target\":{\"@type\":\"EntryPoint\",\"urlTemplate\":\"https:\/\/tourtravelandmore.com\/fr\/?s={search_term_string}\"},\"query-input\":{\"@type\":\"PropertyValueSpecification\",\"valueRequired\":true,\"valueName\":\"search_term_string\"}}],\"inLanguage\":\"fr-FR\"},{\"@type\":\"Organization\",\"@id\":\"https:\/\/tourtravelandmore.com\/fr\/#organization\",\"name\":\"Tour Travel And More\",\"url\":\"https:\/\/tourtravelandmore.com\/fr\/\",\"logo\":{\"@type\":\"ImageObject\",\"inLanguage\":\"fr-FR\",\"@id\":\"https:\/\/tourtravelandmore.com\/fr\/#\/schema\/logo\/image\/\",\"url\":\"https:\/\/tourtravelandmore.com\/wp-content\/uploads\/2022\/12\/cropped-logo-cabecera-new.png\",\"contentUrl\":\"https:\/\/tourtravelandmore.com\/wp-content\/uploads\/2022\/12\/cropped-logo-cabecera-new.png\",\"width\":430,\"height\":61,\"caption\":\"Tour Travel And More\"},\"image\":{\"@id\":\"https:\/\/tourtravelandmore.com\/fr\/#\/schema\/logo\/image\/\"},\"sameAs\":[\"https:\/\/www.facebook.com\/tourtravelandmore\/\",\"https:\/\/x.com\/TourTravel_More\"]}]}<\/script>\n<!-- \/ Yoast SEO Premium plugin. -->","yoast_head_json":{"title":"\u27a1\ufe0f Visite priv\u00e9e d'Albi et Cordes-sur-Ciel depuis Toulouse | Tour Travel & More","description":"R\u00e9servez d\u00e8s maintenant cette visite priv\u00e9e \u00e0 Albi et Cordes-sur-Ciel, ce sera une exp\u00e9rience inimaginable si vous visitez Toulouse","robots":{"index":"index","follow":"follow","max-snippet":"max-snippet:-1","max-image-preview":"max-image-preview:large","max-video-preview":"max-video-preview:-1"},"canonical":"https:\/\/tourtravelandmore.com\/fr\/tours\/france-fr\/toulouse-fr\/visite-privee-dalbi-et-de-cordes-sur-ciel-depuis-toulouse\/","og_locale":"fr_FR","og_type":"article","og_title":"Visite priv\u00e9e d'Albi et de Cordes-sur-Ciel depuis Toulouse","og_description":"R\u00e9servez d\u00e8s maintenant cette visite priv\u00e9e \u00e0 Albi et Cordes-sur-Ciel, ce sera une exp\u00e9rience inimaginable si vous visitez Toulouse","og_url":"https:\/\/tourtravelandmore.com\/fr\/tours\/france-fr\/toulouse-fr\/visite-privee-dalbi-et-de-cordes-sur-ciel-depuis-toulouse\/","og_site_name":"Tour Travel And More","article_publisher":"https:\/\/www.facebook.com\/tourtravelandmore\/","article_modified_time":"2022-10-25T02:00:20+00:00","og_image":[{"width":900,"height":750,"url":"https:\/\/tourtravelandmore.com\/wp-content\/uploads\/2022\/10\/image1-3.jpg","type":"image\/jpeg"}],"twitter_card":"summary_large_image","twitter_site":"@TourTravel_More","twitter_misc":{"Dur\u00e9e de lecture estim\u00e9e":"3 minutes"},"schema":{"@context":"https:\/\/schema.org","@graph":[{"@type":"WebPage","@id":"https:\/\/tourtravelandmore.com\/fr\/tours\/france-fr\/toulouse-fr\/visite-privee-dalbi-et-de-cordes-sur-ciel-depuis-toulouse\/","url":"https:\/\/tourtravelandmore.com\/fr\/tours\/france-fr\/toulouse-fr\/visite-privee-dalbi-et-de-cordes-sur-ciel-depuis-toulouse\/","name":"\u27a1\ufe0f Visite priv\u00e9e d'Albi et Cordes-sur-Ciel depuis Toulouse | Tour Travel & More","isPartOf":{"@id":"https:\/\/tourtravelandmore.com\/fr\/#website"},"primaryImageOfPage":{"@id":"https:\/\/tourtravelandmore.com\/fr\/tours\/france-fr\/toulouse-fr\/visite-privee-dalbi-et-de-cordes-sur-ciel-depuis-toulouse\/#primaryimage"},"image":{"@id":"https:\/\/tourtravelandmore.com\/fr\/tours\/france-fr\/toulouse-fr\/visite-privee-dalbi-et-de-cordes-sur-ciel-depuis-toulouse\/#primaryimage"},"thumbnailUrl":"https:\/\/tourtravelandmore.com\/wp-content\/uploads\/2022\/10\/image1-3.jpg","datePublished":"2022-10-25T01:51:50+00:00","dateModified":"2022-10-25T02:00:20+00:00","description":"R\u00e9servez d\u00e8s maintenant cette visite priv\u00e9e \u00e0 Albi et Cordes-sur-Ciel, ce sera une exp\u00e9rience inimaginable si vous visitez Toulouse","breadcrumb":{"@id":"https:\/\/tourtravelandmore.com\/fr\/tours\/france-fr\/toulouse-fr\/visite-privee-dalbi-et-de-cordes-sur-ciel-depuis-toulouse\/#breadcrumb"},"inLanguage":"fr-FR","potentialAction":[{"@type":"ReadAction","target":["https:\/\/tourtravelandmore.com\/fr\/tours\/france-fr\/toulouse-fr\/visite-privee-dalbi-et-de-cordes-sur-ciel-depuis-toulouse\/"]}]},{"@type":"ImageObject","inLanguage":"fr-FR","@id":"https:\/\/tourtravelandmore.com\/fr\/tours\/france-fr\/toulouse-fr\/visite-privee-dalbi-et-de-cordes-sur-ciel-depuis-toulouse\/#primaryimage","url":"https:\/\/tourtravelandmore.com\/wp-content\/uploads\/2022\/10\/image1-3.jpg","contentUrl":"https:\/\/tourtravelandmore.com\/wp-content\/uploads\/2022\/10\/image1-3.jpg","width":900,"height":750},{"@type":"BreadcrumbList","@id":"https:\/\/tourtravelandmore.com\/fr\/tours\/france-fr\/toulouse-fr\/visite-privee-dalbi-et-de-cordes-sur-ciel-depuis-toulouse\/#breadcrumb","itemListElement":[{"@type":"ListItem","position":1,"name":"Home","item":"https:\/\/tourtravelandmore.com\/fr\/"},{"@type":"ListItem","position":2,"name":"Tours","item":"https:\/\/tourtravelandmore.com\/fr\/tours\/"},{"@type":"ListItem","position":3,"name":"Visite priv\u00e9e d&rsquo;Albi et de Cordes-sur-Ciel depuis Toulouse"}]},{"@type":"WebSite","@id":"https:\/\/tourtravelandmore.com\/fr\/#website","url":"https:\/\/tourtravelandmore.com\/fr\/","name":"Tour Travel And More","description":"Private sightseeing tours and luxury transfers in Spain","publisher":{"@id":"https:\/\/tourtravelandmore.com\/fr\/#organization"},"potentialAction":[{"@type":"SearchAction","target":{"@type":"EntryPoint","urlTemplate":"https:\/\/tourtravelandmore.com\/fr\/?s={search_term_string}"},"query-input":{"@type":"PropertyValueSpecification","valueRequired":true,"valueName":"search_term_string"}}],"inLanguage":"fr-FR"},{"@type":"Organization","@id":"https:\/\/tourtravelandmore.com\/fr\/#organization","name":"Tour Travel And More","url":"https:\/\/tourtravelandmore.com\/fr\/","logo":{"@type":"ImageObject","inLanguage":"fr-FR","@id":"https:\/\/tourtravelandmore.com\/fr\/#\/schema\/logo\/image\/","url":"https:\/\/tourtravelandmore.com\/wp-content\/uploads\/2022\/12\/cropped-logo-cabecera-new.png","contentUrl":"https:\/\/tourtravelandmore.com\/wp-content\/uploads\/2022\/12\/cropped-logo-cabecera-new.png","width":430,"height":61,"caption":"Tour Travel And More"},"image":{"@id":"https:\/\/tourtravelandmore.com\/fr\/#\/schema\/logo\/image\/"},"sameAs":["https:\/\/www.facebook.com\/tourtravelandmore\/","https:\/\/x.com\/TourTravel_More"]}]}},"_links":{"self":[{"href":"https:\/\/tourtravelandmore.com\/fr\/wp-json\/wp\/v2\/product\/141760","targetHints":{"allow":["GET"]}}],"collection":[{"href":"https:\/\/tourtravelandmore.com\/fr\/wp-json\/wp\/v2\/product"}],"about":[{"href":"https:\/\/tourtravelandmore.com\/fr\/wp-json\/wp\/v2\/types\/product"}],"replies":[{"embeddable":true,"href":"https:\/\/tourtravelandmore.com\/fr\/wp-json\/wp\/v2\/comments?post=141760"}],"wp:featuredmedia":[{"embeddable":true,"href":"https:\/\/tourtravelandmore.com\/fr\/wp-json\/wp\/v2\/media\/141772"}],"wp:attachment":[{"href":"https:\/\/tourtravelandmore.com\/fr\/wp-json\/wp\/v2\/media?parent=141760"}],"wp:term":[{"taxonomy":"product_brand","embeddable":true,"href":"https:\/\/tourtravelandmore.com\/fr\/wp-json\/wp\/v2\/product_brand?post=141760"},{"taxonomy":"product_cat","embeddable":true,"href":"https:\/\/tourtravelandmore.com\/fr\/wp-json\/wp\/v2\/product_cat?post=141760"},{"taxonomy":"product_tag","embeddable":true,"href":"https:\/\/tourtravelandmore.com\/fr\/wp-json\/wp\/v2\/product_tag?post=141760"}],"curies":[{"name":"wp","href":"https:\/\/api.w.org\/{rel}","templated":true}]}}