{"id":141729,"date":"2022-10-25T03:40:33","date_gmt":"2022-10-25T01:40:40","guid":{"rendered":"https:\/\/tourtravelandmore.com\/?post_type=product&#038;p=141729"},"modified":"2022-10-25T03:48:42","modified_gmt":"2022-10-25T01:48:42","slug":"visite-privee-de-lourdes-depuis-toulouse","status":"publish","type":"product","link":"https:\/\/tourtravelandmore.com\/fr\/tours\/france-fr\/toulouse-fr\/visite-privee-de-lourdes-depuis-toulouse\/","title":{"rendered":"Visite priv\u00e9e de Lourdes depuis Toulouse"},"content":{"rendered":"<h2><b>Description de l&#8217;excursion priv\u00e9e \u00e0 Lourdes au d\u00e9part de Toulouse<\/b><\/h2>\n<p><span style=\"font-weight: 400;\">Les visites priv\u00e9es \u00e0 Lourdes au d\u00e9part de Toulouse sont un excellent moyen de voir le c\u00e9l\u00e8bre site de p\u00e8lerinage et de vivre une exp\u00e9rience plus personnelle. Les visites priv\u00e9es durent 8 heures et vous emm\u00e8nent aux points d&#8217;int\u00e9r\u00eat les plus pertinents de votre voyage.<\/span><\/p>\n<p><span style=\"font-weight: 400;\">L&#8217;excursion comprend un chauffeur et un guide qui vous accompagneront pendant les huit heures que durera votre visite. Ils vous accompagneront dans un v\u00e9hicule priv\u00e9 qui a \u00e9t\u00e9 sp\u00e9cialement con\u00e7u pour \u00eatre confortable et spacieux. Vous pouvez voyager dans le confort tout en visitant certains des sites les plus importants de Lourdes.<\/span><\/p>\n<p><span style=\"font-weight: 400;\">N&#8217;oubliez pas que toutes nos visites priv\u00e9es sont enti\u00e8rement personnalisables et peuvent \u00eatre adapt\u00e9es \u00e0 vos besoins, que vous souhaitiez plus d&#8217;heures ou visiter plus de points d&#8217;int\u00e9r\u00eat, quels que soient vos besoins, nous pouvons y r\u00e9pondre.<\/span><\/p>\n<h2><b>Points forts de l&#8217;excursion priv\u00e9e \u00e0 Lourdes depuis Toulouse<\/b><\/h2>\n<p><span style=\"font-weight: 400;\">Cette exp\u00e9rience priv\u00e9e commencera par la rencontre avec votre chauffeur et guide priv\u00e9 \u00e0 Toulouse, sur votre lieu d&#8217;h\u00e9bergement ou au point de votre choix \u00e0 Toulouse.<\/span><\/p>\n<p><span style=\"font-weight: 400;\">Le circuit couvre de nombreux points d&#8217;int\u00e9r\u00eat de la r\u00e9gion, notamment la basilique de Lourdes, la grotte de Massabielle et le sanctuaire de Notre-Dame de Lourdes.<\/span><\/p>\n<p><span style=\"font-weight: 400;\">Les points d&#8217;int\u00e9r\u00eat les plus importants sont d\u00e9crits ci-dessous :<\/span><\/p>\n<h3><b>Rivi\u00e8re Gave de Pau<\/b><\/h3>\n<p><span style=\"font-weight: 400;\">Le Gave de Pau \u00e0 Lourdes est c\u00e9l\u00e8bre car c&#8217;est l&#8217;endroit o\u00f9 Sainte Bernadette Soubirous a vu la Vierge Marie le 18 f\u00e9vrier 1858.<\/span><\/p>\n<p><span style=\"font-weight: 400;\">Sainte Bernadette Soubirous \u00e9tait une jeune paysanne de 14 ans vivant \u00e0 Lourdes, en France. Le 18 f\u00e9vrier 1858, elle est all\u00e9e avec sa s\u0153ur et sa voisine chercher du bois de chauffage dans la grotte de Massabielle, comme elle l&#8217;avait fait de nombreuses fois auparavant. Alors qu&#8217;il s&#8217;approchait de la grotte, il a entendu un bruit comme &#8220;un coup de vent&#8221;. Lorsqu&#8217;elle a lev\u00e9 les yeux, elle a vu ce qu&#8217;elle d\u00e9crira plus tard comme &#8220;une petite jeune fille&#8221; v\u00eatue de blanc et portant une ceinture bleue qui couvrait sa t\u00eate et tombait sur ses pieds.<\/span><\/p>\n<h3><b>Ville religieuse<\/b><\/h3>\n<p><span style=\"font-weight: 400;\">La ville de Lourdes est une ville religieuse situ\u00e9e dans le sud de la France. Il est c\u00e9l\u00e8bre parce qu&#8217;il poss\u00e8de un sanctuaire que l&#8217;on croit miraculeux. Le sanctuaire a \u00e9t\u00e9 visit\u00e9 par des millions de personnes depuis 1858, date \u00e0 laquelle il a \u00e9t\u00e9 d\u00e9couvert.<\/span><\/p>\n<h3><b>Esplanade du Rosaire<\/b><\/h3>\n<p><span style=\"font-weight: 400;\">L&#8217;Esplanade du Rosaire de Lourdes est c\u00e9l\u00e8bre car c&#8217;est l\u00e0 que Notre Dame de Lourdes est apparue \u00e0 Sainte Bernadette. C&#8217;est aussi le lieu o\u00f9 Sainte Bernadette a re\u00e7u sa premi\u00e8re communion.<\/span><\/p>\n<p><span style=\"font-weight: 400;\">L&#8217;esplanade du Rosaire \u00e0 Lourdes est un lieu de p\u00e8lerinage depuis 1858, lorsque la Vierge est apparue \u00e0 Sainte Bernadette et lui a donn\u00e9 l&#8217;eau de source miraculeuse qui servirait \u00e0 gu\u00e9rir de nombreuses personnes.<\/span><\/p>\n<p><span style=\"font-weight: 400;\">Cette esplanade occupe une place importante dans l&#8217;histoire, car c&#8217;est ici que Notre-Dame de Lourdes est apparue pour la premi\u00e8re fois \u00e0 Sainte Bernadette le 11 f\u00e9vrier 1858.<\/span><\/p>\n<h3><b>Statue n\u00e9o-byzantine de la Vierge Marie<\/b><\/h3>\n<p><span style=\"font-weight: 400;\">La statue n\u00e9o-byzantine de Notre-Dame de Lourdes est c\u00e9l\u00e8bre pour la gu\u00e9rison miraculeuse, elle est situ\u00e9e dans la grotte de Massabielle, qui est le lieu de l&#8217;apparition. La statue a \u00e9t\u00e9 sculpt\u00e9e par Louis-Ernest Barrias et achev\u00e9e en 1876.<\/span><\/p>\n<h3><b>Basilique souterraine de Saint Pie X<\/b><\/h3>\n<p><span style=\"font-weight: 400;\">La basilique souterraine de Saint-Pie X \u00e0 Lourdes est c\u00e9l\u00e8bre pour \u00eatre le plus grand lieu de p\u00e8lerinage de France. La cath\u00e9drale est construite comme un sanctuaire en l&#8217;honneur de la Vierge Marie et a \u00e9t\u00e9 visit\u00e9e par des millions de p\u00e8lerins au cours du si\u00e8cle dernier.<\/span><\/p>\n<p><span style=\"font-weight: 400;\">La basilique a \u00e9t\u00e9 construite sur un site o\u00f9, selon la tradition, une apparition de la Vierge Marie a eu lieu le 11 f\u00e9vrier 1858.<\/span><\/p>\n<h3><b>Centre de p\u00e8lerinage Espace Sainte-Bernadette<\/b><\/h3>\n<p><span style=\"font-weight: 400;\">Le centre de p\u00e8lerinage Espace Sainte-Bernadette est un lieu o\u00f9 l&#8217;on peut se rendre pour prier pour les malades et pour la paix, situ\u00e9 \u00e0 la p\u00e9riph\u00e9rie de Lourdes, en France. Il a \u00e9t\u00e9 construit en 1989 et abrite de nombreux objets religieux diff\u00e9rents, tels que des sculptures, des peintures, des mosa\u00efques et des vitraux. Ce lieu est ouvert \u00e0 tous ceux qui souhaitent le visiter, mais il y a quelques r\u00e8gles \u00e0 respecter : les visiteurs ne sont pas autoris\u00e9s \u00e0 porter des jupes courtes ou des shorts ; ils ne sont pas non plus autoris\u00e9s \u00e0 fumer ou \u00e0 boire de l&#8217;alcool sur place.<\/span><\/p>\n<h3><b>Le chemin de croix<\/b><\/h3>\n<p><span style=\"font-weight: 400;\">Lourdes est une ville du sud de la France, c\u00e9l\u00e8bre pour son chemin de croix, que les p\u00e8lerins empruntent pour rendre hommage \u00e0 J\u00e9sus-Christ. Le chemin de croix de Lourdes est un important lieu de p\u00e8lerinage depuis 1858. Il attire des millions de visiteurs chaque ann\u00e9e.<\/span><\/p>\n<p><span style=\"font-weight: 400;\">La caract\u00e9ristique la plus notable du chemin de croix est une s\u00e9rie de 14 stations ou &#8220;arr\u00eats&#8221; le long du parcours. La premi\u00e8re station est situ\u00e9e \u00e0 Notre-Dame de Lourdes, et chaque station suivante m\u00e8ne \u00e0 une autre \u00e9glise ou chapelle avec une statue repr\u00e9sentant un moment de l&#8217;histoire de la Passion de J\u00e9sus.<\/span><\/p>\n<p><span style=\"font-weight: 400;\">Comme vous pouvez le voir, cette visite priv\u00e9e englobe diff\u00e9rents points d&#8217;int\u00e9r\u00eat, Lourdes une belle ville de France pleine d&#8217;histoire et de religion reconnue dans le monde entier, n&#8217;h\u00e9sitez pas \u00e0 en apprendre plus sur Toulouse avec <\/span><a href=\"https:\/\/tourtravelandmore.com\/fr\/city\/france-fr\/toulouse-fr\/\"><span style=\"font-weight: 400;\">nos visites priv\u00e9es dans cette destination fran\u00e7aise, ce sera une exp\u00e9rience inimaginable.<\/span><\/a><\/p>\n","protected":false},"excerpt":{"rendered":"<p><span style=\"font-weight: 400;\">\u00a0<strong>L&#8217;excursion priv\u00e9e \u00e0 Lourdes depuis Toulouse<\/strong> est parfaite pour ceux qui recherchent une exp\u00e9rience totalement adapt\u00e9e \u00e0 leurs besoins. Ce circuit vous y conduira en toute \u00e9l\u00e9gance, avec votre propre chauffeur et un guide priv\u00e9 qui vous fera d\u00e9couvrir tous les sites touristiques.<\/span><\/p>\n<div id=\"gtx-trans\" style=\"position: absolute; left: 320px; top: 38px;\">\n<div class=\"gtx-trans-icon\"><\/div>\n<\/div>\n","protected":false},"featured_media":141747,"comment_status":"open","ping_status":"closed","template":"","meta":{"_acf_changed":false},"product_brand":[],"product_cat":[3540,3628],"product_tag":[],"class_list":{"0":"post-141729","1":"product","2":"type-product","3":"status-publish","4":"has-post-thumbnail","6":"product_cat-france-fr","7":"product_cat-toulouse-fr","9":"first","10":"instock","11":"shipping-taxable","12":"purchasable","13":"product-type-simple"},"acf":[],"yoast_head":"<!-- This site is optimized with the Yoast SEO Premium plugin v25.3.1 (Yoast SEO v25.3.1) - https:\/\/yoast.com\/wordpress\/plugins\/seo\/ -->\n<title>\u27a1\ufe0f Circuit priv\u00e9 \u00e0 Lourdes depuis Toulouse | Tour Travel &amp; More<\/title>\n<meta name=\"description\" content=\"R\u00e9servez d\u00e8s maintenant cette visite priv\u00e9e \u00e0 Lourdes depuis Toulouse, ce sera une exp\u00e9rience inimaginable que vous ne pouvez pas manquer \u2705.\" \/>\n<meta name=\"robots\" content=\"index, follow, max-snippet:-1, max-image-preview:large, max-video-preview:-1\" \/>\n<link rel=\"canonical\" href=\"https:\/\/tourtravelandmore.com\/fr\/tours\/france-fr\/toulouse-fr\/visite-privee-de-lourdes-depuis-toulouse\/\" \/>\n<meta property=\"og:locale\" content=\"fr_FR\" \/>\n<meta property=\"og:type\" content=\"article\" \/>\n<meta property=\"og:title\" content=\"Visite priv\u00e9e de Lourdes depuis Toulouse\" \/>\n<meta property=\"og:description\" content=\"R\u00e9servez d\u00e8s maintenant cette visite priv\u00e9e \u00e0 Lourdes depuis Toulouse, ce sera une exp\u00e9rience inimaginable que vous ne pouvez pas manquer \u2705.\" \/>\n<meta property=\"og:url\" content=\"https:\/\/tourtravelandmore.com\/fr\/tours\/france-fr\/toulouse-fr\/visite-privee-de-lourdes-depuis-toulouse\/\" \/>\n<meta property=\"og:site_name\" content=\"Tour Travel And More\" \/>\n<meta property=\"article:publisher\" content=\"https:\/\/www.facebook.com\/tourtravelandmore\/\" \/>\n<meta property=\"article:modified_time\" content=\"2022-10-25T01:48:42+00:00\" \/>\n<meta property=\"og:image\" content=\"https:\/\/tourtravelandmore.com\/wp-content\/uploads\/2022\/10\/image3-2.jpg\" \/>\n\t<meta property=\"og:image:width\" content=\"900\" \/>\n\t<meta property=\"og:image:height\" content=\"750\" \/>\n\t<meta property=\"og:image:type\" content=\"image\/jpeg\" \/>\n<meta name=\"twitter:card\" content=\"summary_large_image\" \/>\n<meta name=\"twitter:site\" content=\"@TourTravel_More\" \/>\n<meta name=\"twitter:label1\" content=\"Dur\u00e9e de lecture estim\u00e9e\" \/>\n\t<meta name=\"twitter:data1\" content=\"5 minutes\" \/>\n<script type=\"application\/ld+json\" class=\"yoast-schema-graph\">{\"@context\":\"https:\/\/schema.org\",\"@graph\":[{\"@type\":\"WebPage\",\"@id\":\"https:\/\/tourtravelandmore.com\/fr\/tours\/france-fr\/toulouse-fr\/visite-privee-de-lourdes-depuis-toulouse\/\",\"url\":\"https:\/\/tourtravelandmore.com\/fr\/tours\/france-fr\/toulouse-fr\/visite-privee-de-lourdes-depuis-toulouse\/\",\"name\":\"\u27a1\ufe0f Circuit priv\u00e9 \u00e0 Lourdes depuis Toulouse | Tour Travel & More\",\"isPartOf\":{\"@id\":\"https:\/\/tourtravelandmore.com\/fr\/#website\"},\"primaryImageOfPage\":{\"@id\":\"https:\/\/tourtravelandmore.com\/fr\/tours\/france-fr\/toulouse-fr\/visite-privee-de-lourdes-depuis-toulouse\/#primaryimage\"},\"image\":{\"@id\":\"https:\/\/tourtravelandmore.com\/fr\/tours\/france-fr\/toulouse-fr\/visite-privee-de-lourdes-depuis-toulouse\/#primaryimage\"},\"thumbnailUrl\":\"https:\/\/tourtravelandmore.com\/wp-content\/uploads\/2022\/10\/image3-2.jpg\",\"datePublished\":\"2022-10-25T01:40:40+00:00\",\"dateModified\":\"2022-10-25T01:48:42+00:00\",\"description\":\"R\u00e9servez d\u00e8s maintenant cette visite priv\u00e9e \u00e0 Lourdes depuis Toulouse, ce sera une exp\u00e9rience inimaginable que vous ne pouvez pas manquer \u2705.\",\"breadcrumb\":{\"@id\":\"https:\/\/tourtravelandmore.com\/fr\/tours\/france-fr\/toulouse-fr\/visite-privee-de-lourdes-depuis-toulouse\/#breadcrumb\"},\"inLanguage\":\"fr-FR\",\"potentialAction\":[{\"@type\":\"ReadAction\",\"target\":[\"https:\/\/tourtravelandmore.com\/fr\/tours\/france-fr\/toulouse-fr\/visite-privee-de-lourdes-depuis-toulouse\/\"]}]},{\"@type\":\"ImageObject\",\"inLanguage\":\"fr-FR\",\"@id\":\"https:\/\/tourtravelandmore.com\/fr\/tours\/france-fr\/toulouse-fr\/visite-privee-de-lourdes-depuis-toulouse\/#primaryimage\",\"url\":\"https:\/\/tourtravelandmore.com\/wp-content\/uploads\/2022\/10\/image3-2.jpg\",\"contentUrl\":\"https:\/\/tourtravelandmore.com\/wp-content\/uploads\/2022\/10\/image3-2.jpg\",\"width\":900,\"height\":750},{\"@type\":\"BreadcrumbList\",\"@id\":\"https:\/\/tourtravelandmore.com\/fr\/tours\/france-fr\/toulouse-fr\/visite-privee-de-lourdes-depuis-toulouse\/#breadcrumb\",\"itemListElement\":[{\"@type\":\"ListItem\",\"position\":1,\"name\":\"Home\",\"item\":\"https:\/\/tourtravelandmore.com\/fr\/\"},{\"@type\":\"ListItem\",\"position\":2,\"name\":\"Tours\",\"item\":\"https:\/\/tourtravelandmore.com\/fr\/tours\/\"},{\"@type\":\"ListItem\",\"position\":3,\"name\":\"Visite priv\u00e9e de Lourdes depuis Toulouse\"}]},{\"@type\":\"WebSite\",\"@id\":\"https:\/\/tourtravelandmore.com\/fr\/#website\",\"url\":\"https:\/\/tourtravelandmore.com\/fr\/\",\"name\":\"Tour Travel And More\",\"description\":\"Private sightseeing tours and luxury transfers in Spain\",\"publisher\":{\"@id\":\"https:\/\/tourtravelandmore.com\/fr\/#organization\"},\"potentialAction\":[{\"@type\":\"SearchAction\",\"target\":{\"@type\":\"EntryPoint\",\"urlTemplate\":\"https:\/\/tourtravelandmore.com\/fr\/?s={search_term_string}\"},\"query-input\":{\"@type\":\"PropertyValueSpecification\",\"valueRequired\":true,\"valueName\":\"search_term_string\"}}],\"inLanguage\":\"fr-FR\"},{\"@type\":\"Organization\",\"@id\":\"https:\/\/tourtravelandmore.com\/fr\/#organization\",\"name\":\"Tour Travel And More\",\"url\":\"https:\/\/tourtravelandmore.com\/fr\/\",\"logo\":{\"@type\":\"ImageObject\",\"inLanguage\":\"fr-FR\",\"@id\":\"https:\/\/tourtravelandmore.com\/fr\/#\/schema\/logo\/image\/\",\"url\":\"https:\/\/tourtravelandmore.com\/wp-content\/uploads\/2022\/12\/cropped-logo-cabecera-new.png\",\"contentUrl\":\"https:\/\/tourtravelandmore.com\/wp-content\/uploads\/2022\/12\/cropped-logo-cabecera-new.png\",\"width\":430,\"height\":61,\"caption\":\"Tour Travel And More\"},\"image\":{\"@id\":\"https:\/\/tourtravelandmore.com\/fr\/#\/schema\/logo\/image\/\"},\"sameAs\":[\"https:\/\/www.facebook.com\/tourtravelandmore\/\",\"https:\/\/x.com\/TourTravel_More\"]}]}<\/script>\n<!-- \/ Yoast SEO Premium plugin. -->","yoast_head_json":{"title":"\u27a1\ufe0f Circuit priv\u00e9 \u00e0 Lourdes depuis Toulouse | Tour Travel & More","description":"R\u00e9servez d\u00e8s maintenant cette visite priv\u00e9e \u00e0 Lourdes depuis Toulouse, ce sera une exp\u00e9rience inimaginable que vous ne pouvez pas manquer \u2705.","robots":{"index":"index","follow":"follow","max-snippet":"max-snippet:-1","max-image-preview":"max-image-preview:large","max-video-preview":"max-video-preview:-1"},"canonical":"https:\/\/tourtravelandmore.com\/fr\/tours\/france-fr\/toulouse-fr\/visite-privee-de-lourdes-depuis-toulouse\/","og_locale":"fr_FR","og_type":"article","og_title":"Visite priv\u00e9e de Lourdes depuis Toulouse","og_description":"R\u00e9servez d\u00e8s maintenant cette visite priv\u00e9e \u00e0 Lourdes depuis Toulouse, ce sera une exp\u00e9rience inimaginable que vous ne pouvez pas manquer \u2705.","og_url":"https:\/\/tourtravelandmore.com\/fr\/tours\/france-fr\/toulouse-fr\/visite-privee-de-lourdes-depuis-toulouse\/","og_site_name":"Tour Travel And More","article_publisher":"https:\/\/www.facebook.com\/tourtravelandmore\/","article_modified_time":"2022-10-25T01:48:42+00:00","og_image":[{"width":900,"height":750,"url":"https:\/\/tourtravelandmore.com\/wp-content\/uploads\/2022\/10\/image3-2.jpg","type":"image\/jpeg"}],"twitter_card":"summary_large_image","twitter_site":"@TourTravel_More","twitter_misc":{"Dur\u00e9e de lecture estim\u00e9e":"5 minutes"},"schema":{"@context":"https:\/\/schema.org","@graph":[{"@type":"WebPage","@id":"https:\/\/tourtravelandmore.com\/fr\/tours\/france-fr\/toulouse-fr\/visite-privee-de-lourdes-depuis-toulouse\/","url":"https:\/\/tourtravelandmore.com\/fr\/tours\/france-fr\/toulouse-fr\/visite-privee-de-lourdes-depuis-toulouse\/","name":"\u27a1\ufe0f Circuit priv\u00e9 \u00e0 Lourdes depuis Toulouse | Tour Travel & More","isPartOf":{"@id":"https:\/\/tourtravelandmore.com\/fr\/#website"},"primaryImageOfPage":{"@id":"https:\/\/tourtravelandmore.com\/fr\/tours\/france-fr\/toulouse-fr\/visite-privee-de-lourdes-depuis-toulouse\/#primaryimage"},"image":{"@id":"https:\/\/tourtravelandmore.com\/fr\/tours\/france-fr\/toulouse-fr\/visite-privee-de-lourdes-depuis-toulouse\/#primaryimage"},"thumbnailUrl":"https:\/\/tourtravelandmore.com\/wp-content\/uploads\/2022\/10\/image3-2.jpg","datePublished":"2022-10-25T01:40:40+00:00","dateModified":"2022-10-25T01:48:42+00:00","description":"R\u00e9servez d\u00e8s maintenant cette visite priv\u00e9e \u00e0 Lourdes depuis Toulouse, ce sera une exp\u00e9rience inimaginable que vous ne pouvez pas manquer \u2705.","breadcrumb":{"@id":"https:\/\/tourtravelandmore.com\/fr\/tours\/france-fr\/toulouse-fr\/visite-privee-de-lourdes-depuis-toulouse\/#breadcrumb"},"inLanguage":"fr-FR","potentialAction":[{"@type":"ReadAction","target":["https:\/\/tourtravelandmore.com\/fr\/tours\/france-fr\/toulouse-fr\/visite-privee-de-lourdes-depuis-toulouse\/"]}]},{"@type":"ImageObject","inLanguage":"fr-FR","@id":"https:\/\/tourtravelandmore.com\/fr\/tours\/france-fr\/toulouse-fr\/visite-privee-de-lourdes-depuis-toulouse\/#primaryimage","url":"https:\/\/tourtravelandmore.com\/wp-content\/uploads\/2022\/10\/image3-2.jpg","contentUrl":"https:\/\/tourtravelandmore.com\/wp-content\/uploads\/2022\/10\/image3-2.jpg","width":900,"height":750},{"@type":"BreadcrumbList","@id":"https:\/\/tourtravelandmore.com\/fr\/tours\/france-fr\/toulouse-fr\/visite-privee-de-lourdes-depuis-toulouse\/#breadcrumb","itemListElement":[{"@type":"ListItem","position":1,"name":"Home","item":"https:\/\/tourtravelandmore.com\/fr\/"},{"@type":"ListItem","position":2,"name":"Tours","item":"https:\/\/tourtravelandmore.com\/fr\/tours\/"},{"@type":"ListItem","position":3,"name":"Visite priv\u00e9e de Lourdes depuis Toulouse"}]},{"@type":"WebSite","@id":"https:\/\/tourtravelandmore.com\/fr\/#website","url":"https:\/\/tourtravelandmore.com\/fr\/","name":"Tour Travel And More","description":"Private sightseeing tours and luxury transfers in Spain","publisher":{"@id":"https:\/\/tourtravelandmore.com\/fr\/#organization"},"potentialAction":[{"@type":"SearchAction","target":{"@type":"EntryPoint","urlTemplate":"https:\/\/tourtravelandmore.com\/fr\/?s={search_term_string}"},"query-input":{"@type":"PropertyValueSpecification","valueRequired":true,"valueName":"search_term_string"}}],"inLanguage":"fr-FR"},{"@type":"Organization","@id":"https:\/\/tourtravelandmore.com\/fr\/#organization","name":"Tour Travel And More","url":"https:\/\/tourtravelandmore.com\/fr\/","logo":{"@type":"ImageObject","inLanguage":"fr-FR","@id":"https:\/\/tourtravelandmore.com\/fr\/#\/schema\/logo\/image\/","url":"https:\/\/tourtravelandmore.com\/wp-content\/uploads\/2022\/12\/cropped-logo-cabecera-new.png","contentUrl":"https:\/\/tourtravelandmore.com\/wp-content\/uploads\/2022\/12\/cropped-logo-cabecera-new.png","width":430,"height":61,"caption":"Tour Travel And More"},"image":{"@id":"https:\/\/tourtravelandmore.com\/fr\/#\/schema\/logo\/image\/"},"sameAs":["https:\/\/www.facebook.com\/tourtravelandmore\/","https:\/\/x.com\/TourTravel_More"]}]}},"_links":{"self":[{"href":"https:\/\/tourtravelandmore.com\/fr\/wp-json\/wp\/v2\/product\/141729","targetHints":{"allow":["GET"]}}],"collection":[{"href":"https:\/\/tourtravelandmore.com\/fr\/wp-json\/wp\/v2\/product"}],"about":[{"href":"https:\/\/tourtravelandmore.com\/fr\/wp-json\/wp\/v2\/types\/product"}],"replies":[{"embeddable":true,"href":"https:\/\/tourtravelandmore.com\/fr\/wp-json\/wp\/v2\/comments?post=141729"}],"wp:featuredmedia":[{"embeddable":true,"href":"https:\/\/tourtravelandmore.com\/fr\/wp-json\/wp\/v2\/media\/141747"}],"wp:attachment":[{"href":"https:\/\/tourtravelandmore.com\/fr\/wp-json\/wp\/v2\/media?parent=141729"}],"wp:term":[{"taxonomy":"product_brand","embeddable":true,"href":"https:\/\/tourtravelandmore.com\/fr\/wp-json\/wp\/v2\/product_brand?post=141729"},{"taxonomy":"product_cat","embeddable":true,"href":"https:\/\/tourtravelandmore.com\/fr\/wp-json\/wp\/v2\/product_cat?post=141729"},{"taxonomy":"product_tag","embeddable":true,"href":"https:\/\/tourtravelandmore.com\/fr\/wp-json\/wp\/v2\/product_tag?post=141729"}],"curies":[{"name":"wp","href":"https:\/\/api.w.org\/{rel}","templated":true}]}}