{"id":141702,"date":"2022-10-25T03:07:54","date_gmt":"2022-10-25T01:08:00","guid":{"rendered":"https:\/\/tourtravelandmore.com\/?post_type=product&#038;p=141702"},"modified":"2022-10-25T03:30:58","modified_gmt":"2022-10-25T01:30:58","slug":"transfert-prive-toulouse","status":"publish","type":"product","link":"https:\/\/tourtravelandmore.com\/fr\/tours\/france-fr\/toulouse-fr\/transfert-prive-toulouse\/","title":{"rendered":"Transfert priv\u00e9 Toulouse"},"content":{"rendered":"<h2><b>Description du transfert priv\u00e9 \u00e0 Toulouse<\/b><\/h2>\n<p><span style=\"font-weight: 400;\">Faites un voyage sans souci dans notre v\u00e9hicule luxueux, appelez-nous pour un transfert priv\u00e9 et vous \u00eates pr\u00eats.<\/span><\/p>\n<p><span style=\"font-weight: 400;\">Nous proposons une large gamme de transferts de\/vers Toulouse. Nous proposons des transferts priv\u00e9s de\/vers tous les a\u00e9roports ou gares de Toulouse. Nous proposons \u00e9galement des transferts vers d&#8217;autres villes de France et la mise \u00e0 disposition d&#8217;une voiture priv\u00e9e avec chauffeur dans tout Toulouse et ses environs.<\/span><\/p>\n<p><span style=\"font-weight: 400;\">Si vous r\u00e9servez un transfert \u00e0 l&#8217;arriv\u00e9e, notre chauffeur vous attendra au terminal des arriv\u00e9es avec un panneau portant votre nom. Pendant les arriv\u00e9es, nos chauffeurs surveillent l&#8217;horaire d&#8217;atterrissage des vols, de sorte que vous n&#8217;aurez pas \u00e0 vous inqui\u00e9ter en cas de retard de votre vol.<\/span><\/p>\n<h2><b>Points d&#8217;int\u00e9r\u00eat du transfert priv\u00e9 Toulouse<\/b><\/h2>\n<p><span style=\"font-weight: 400;\">Toulouse est une destination touristique tr\u00e8s importante en France, avec un pass\u00e9 culturellement riche et vari\u00e9. En outre, elle offre des possibilit\u00e9s de cuisine de qualit\u00e9, de mode et de luxe. Toulouse est une ville historique qui offre de nombreuses attractions \u00e0 tous ses visiteurs.<\/span><\/p>\n<p><span style=\"font-weight: 400;\">Lors des transferts priv\u00e9s \u00e0 Toulouse, nous n&#8217;avons pas de limite sur la quantit\u00e9 de bagages que vous pouvez emporter. Si vous n&#8217;\u00eates pas s\u00fbr que vos bagages puissent d\u00e9passer notre capacit\u00e9, il est pr\u00e9f\u00e9rable de nous contacter \u00e0 l&#8217;avance et de nous informer de vos besoins sp\u00e9cifiques. Tous nos transferts sont effectu\u00e9s dans des v\u00e9hicules de luxe priv\u00e9s.<\/span><\/p>\n<p><span style=\"font-weight: 400;\">Vous pouvez demander un si\u00e8ge b\u00e9b\u00e9 ou enfant \u00e0 tout moment avant votre voyage et nous nous chargerons de l&#8217;organiser pour vous.<\/span><\/p>\n<p><span style=\"font-weight: 400;\">Si vous souhaitez en savoir plus sur Toulouse et ses points d&#8217;int\u00e9r\u00eat, nous vous recommandons de<\/span> <a href=\"https:\/\/tourtravelandmore.com\/fr\/city\/france-fr\/toulouse-fr\/\"><span style=\"font-weight: 400;\">consulter notre liste de visites priv\u00e9es \u00e0 Toulouse.<\/span><\/a><\/p>\n","protected":false},"excerpt":{"rendered":"<p><span style=\"font-weight: 400;\">\u00a0Toulouse est une belle ville et offre de nombreuses possibilit\u00e9s aux voyageurs. Que vous recherchiez un transfert priv\u00e9, une excursion ou que vous souhaitiez simplement profiter du voyage, de nombreuses options s&#8217;offrent \u00e0 vous.<\/span><\/p>\n","protected":false},"featured_media":118456,"comment_status":"open","ping_status":"closed","template":"","meta":{"_acf_changed":false},"product_brand":[],"product_cat":[3540,3628],"product_tag":[],"class_list":{"0":"post-141702","1":"product","2":"type-product","3":"status-publish","4":"has-post-thumbnail","6":"product_cat-france-fr","7":"product_cat-toulouse-fr","9":"first","10":"instock","11":"shipping-taxable","12":"purchasable","13":"product-type-simple"},"acf":[],"yoast_head":"<!-- This site is optimized with the Yoast SEO Premium plugin v25.3.1 (Yoast SEO v25.3.1) - https:\/\/yoast.com\/wordpress\/plugins\/seo\/ -->\n<title>\u27a1\ufe0f Transfert priv\u00e9 Toulouse | Tour Travel &amp; More<\/title>\n<meta name=\"description\" content=\"R\u00e9servez maintenant ce transfert priv\u00e9 \u00e0 Toulouse de et vers n&#039;importe quel endroit. Ce sera une exp\u00e9rience luxueuse et extr\u00eamement confortable \u2705.\" \/>\n<meta name=\"robots\" content=\"index, follow, max-snippet:-1, max-image-preview:large, max-video-preview:-1\" \/>\n<link rel=\"canonical\" href=\"https:\/\/tourtravelandmore.com\/fr\/tours\/france-fr\/toulouse-fr\/transfert-prive-toulouse\/\" \/>\n<meta property=\"og:locale\" content=\"fr_FR\" \/>\n<meta property=\"og:type\" content=\"article\" \/>\n<meta property=\"og:title\" content=\"Transfert priv\u00e9 Toulouse\" \/>\n<meta property=\"og:description\" content=\"R\u00e9servez maintenant ce transfert priv\u00e9 \u00e0 Toulouse de et vers n&#039;importe quel endroit. Ce sera une exp\u00e9rience luxueuse et extr\u00eamement confortable \u2705.\" \/>\n<meta property=\"og:url\" content=\"https:\/\/tourtravelandmore.com\/fr\/tours\/france-fr\/toulouse-fr\/transfert-prive-toulouse\/\" \/>\n<meta property=\"og:site_name\" content=\"Tour Travel And More\" \/>\n<meta property=\"article:publisher\" content=\"https:\/\/www.facebook.com\/tourtravelandmore\/\" \/>\n<meta property=\"article:modified_time\" content=\"2022-10-25T01:30:58+00:00\" \/>\n<meta property=\"og:image\" content=\"https:\/\/tourtravelandmore.com\/wp-content\/uploads\/2022\/01\/mercedes.jpg\" \/>\n\t<meta property=\"og:image:width\" content=\"2400\" \/>\n\t<meta property=\"og:image:height\" content=\"1600\" \/>\n\t<meta property=\"og:image:type\" content=\"image\/jpeg\" \/>\n<meta name=\"twitter:card\" content=\"summary_large_image\" \/>\n<meta name=\"twitter:site\" content=\"@TourTravel_More\" \/>\n<meta name=\"twitter:label1\" content=\"Dur\u00e9e de lecture estim\u00e9e\" \/>\n\t<meta name=\"twitter:data1\" content=\"1 minute\" \/>\n<script type=\"application\/ld+json\" class=\"yoast-schema-graph\">{\"@context\":\"https:\/\/schema.org\",\"@graph\":[{\"@type\":\"WebPage\",\"@id\":\"https:\/\/tourtravelandmore.com\/fr\/tours\/france-fr\/toulouse-fr\/transfert-prive-toulouse\/\",\"url\":\"https:\/\/tourtravelandmore.com\/fr\/tours\/france-fr\/toulouse-fr\/transfert-prive-toulouse\/\",\"name\":\"\u27a1\ufe0f Transfert priv\u00e9 Toulouse | Tour Travel & More\",\"isPartOf\":{\"@id\":\"https:\/\/tourtravelandmore.com\/fr\/#website\"},\"primaryImageOfPage\":{\"@id\":\"https:\/\/tourtravelandmore.com\/fr\/tours\/france-fr\/toulouse-fr\/transfert-prive-toulouse\/#primaryimage\"},\"image\":{\"@id\":\"https:\/\/tourtravelandmore.com\/fr\/tours\/france-fr\/toulouse-fr\/transfert-prive-toulouse\/#primaryimage\"},\"thumbnailUrl\":\"https:\/\/tourtravelandmore.com\/wp-content\/uploads\/2022\/01\/mercedes.jpg\",\"datePublished\":\"2022-10-25T01:08:00+00:00\",\"dateModified\":\"2022-10-25T01:30:58+00:00\",\"description\":\"R\u00e9servez maintenant ce transfert priv\u00e9 \u00e0 Toulouse de et vers n'importe quel endroit. Ce sera une exp\u00e9rience luxueuse et extr\u00eamement confortable \u2705.\",\"breadcrumb\":{\"@id\":\"https:\/\/tourtravelandmore.com\/fr\/tours\/france-fr\/toulouse-fr\/transfert-prive-toulouse\/#breadcrumb\"},\"inLanguage\":\"fr-FR\",\"potentialAction\":[{\"@type\":\"ReadAction\",\"target\":[\"https:\/\/tourtravelandmore.com\/fr\/tours\/france-fr\/toulouse-fr\/transfert-prive-toulouse\/\"]}]},{\"@type\":\"ImageObject\",\"inLanguage\":\"fr-FR\",\"@id\":\"https:\/\/tourtravelandmore.com\/fr\/tours\/france-fr\/toulouse-fr\/transfert-prive-toulouse\/#primaryimage\",\"url\":\"https:\/\/tourtravelandmore.com\/wp-content\/uploads\/2022\/01\/mercedes.jpg\",\"contentUrl\":\"https:\/\/tourtravelandmore.com\/wp-content\/uploads\/2022\/01\/mercedes.jpg\",\"width\":2400,\"height\":1600},{\"@type\":\"BreadcrumbList\",\"@id\":\"https:\/\/tourtravelandmore.com\/fr\/tours\/france-fr\/toulouse-fr\/transfert-prive-toulouse\/#breadcrumb\",\"itemListElement\":[{\"@type\":\"ListItem\",\"position\":1,\"name\":\"Home\",\"item\":\"https:\/\/tourtravelandmore.com\/fr\/\"},{\"@type\":\"ListItem\",\"position\":2,\"name\":\"Tours\",\"item\":\"https:\/\/tourtravelandmore.com\/fr\/tours\/\"},{\"@type\":\"ListItem\",\"position\":3,\"name\":\"Transfert priv\u00e9 Toulouse\"}]},{\"@type\":\"WebSite\",\"@id\":\"https:\/\/tourtravelandmore.com\/fr\/#website\",\"url\":\"https:\/\/tourtravelandmore.com\/fr\/\",\"name\":\"Tour Travel And More\",\"description\":\"Private sightseeing tours and luxury transfers in Spain\",\"publisher\":{\"@id\":\"https:\/\/tourtravelandmore.com\/fr\/#organization\"},\"potentialAction\":[{\"@type\":\"SearchAction\",\"target\":{\"@type\":\"EntryPoint\",\"urlTemplate\":\"https:\/\/tourtravelandmore.com\/fr\/?s={search_term_string}\"},\"query-input\":{\"@type\":\"PropertyValueSpecification\",\"valueRequired\":true,\"valueName\":\"search_term_string\"}}],\"inLanguage\":\"fr-FR\"},{\"@type\":\"Organization\",\"@id\":\"https:\/\/tourtravelandmore.com\/fr\/#organization\",\"name\":\"Tour Travel And More\",\"url\":\"https:\/\/tourtravelandmore.com\/fr\/\",\"logo\":{\"@type\":\"ImageObject\",\"inLanguage\":\"fr-FR\",\"@id\":\"https:\/\/tourtravelandmore.com\/fr\/#\/schema\/logo\/image\/\",\"url\":\"https:\/\/tourtravelandmore.com\/wp-content\/uploads\/2022\/12\/cropped-logo-cabecera-new.png\",\"contentUrl\":\"https:\/\/tourtravelandmore.com\/wp-content\/uploads\/2022\/12\/cropped-logo-cabecera-new.png\",\"width\":430,\"height\":61,\"caption\":\"Tour Travel And More\"},\"image\":{\"@id\":\"https:\/\/tourtravelandmore.com\/fr\/#\/schema\/logo\/image\/\"},\"sameAs\":[\"https:\/\/www.facebook.com\/tourtravelandmore\/\",\"https:\/\/x.com\/TourTravel_More\"]}]}<\/script>\n<!-- \/ Yoast SEO Premium plugin. -->","yoast_head_json":{"title":"\u27a1\ufe0f Transfert priv\u00e9 Toulouse | Tour Travel & More","description":"R\u00e9servez maintenant ce transfert priv\u00e9 \u00e0 Toulouse de et vers n'importe quel endroit. Ce sera une exp\u00e9rience luxueuse et extr\u00eamement confortable \u2705.","robots":{"index":"index","follow":"follow","max-snippet":"max-snippet:-1","max-image-preview":"max-image-preview:large","max-video-preview":"max-video-preview:-1"},"canonical":"https:\/\/tourtravelandmore.com\/fr\/tours\/france-fr\/toulouse-fr\/transfert-prive-toulouse\/","og_locale":"fr_FR","og_type":"article","og_title":"Transfert priv\u00e9 Toulouse","og_description":"R\u00e9servez maintenant ce transfert priv\u00e9 \u00e0 Toulouse de et vers n'importe quel endroit. Ce sera une exp\u00e9rience luxueuse et extr\u00eamement confortable \u2705.","og_url":"https:\/\/tourtravelandmore.com\/fr\/tours\/france-fr\/toulouse-fr\/transfert-prive-toulouse\/","og_site_name":"Tour Travel And More","article_publisher":"https:\/\/www.facebook.com\/tourtravelandmore\/","article_modified_time":"2022-10-25T01:30:58+00:00","og_image":[{"width":2400,"height":1600,"url":"https:\/\/tourtravelandmore.com\/wp-content\/uploads\/2022\/01\/mercedes.jpg","type":"image\/jpeg"}],"twitter_card":"summary_large_image","twitter_site":"@TourTravel_More","twitter_misc":{"Dur\u00e9e de lecture estim\u00e9e":"1 minute"},"schema":{"@context":"https:\/\/schema.org","@graph":[{"@type":"WebPage","@id":"https:\/\/tourtravelandmore.com\/fr\/tours\/france-fr\/toulouse-fr\/transfert-prive-toulouse\/","url":"https:\/\/tourtravelandmore.com\/fr\/tours\/france-fr\/toulouse-fr\/transfert-prive-toulouse\/","name":"\u27a1\ufe0f Transfert priv\u00e9 Toulouse | Tour Travel & More","isPartOf":{"@id":"https:\/\/tourtravelandmore.com\/fr\/#website"},"primaryImageOfPage":{"@id":"https:\/\/tourtravelandmore.com\/fr\/tours\/france-fr\/toulouse-fr\/transfert-prive-toulouse\/#primaryimage"},"image":{"@id":"https:\/\/tourtravelandmore.com\/fr\/tours\/france-fr\/toulouse-fr\/transfert-prive-toulouse\/#primaryimage"},"thumbnailUrl":"https:\/\/tourtravelandmore.com\/wp-content\/uploads\/2022\/01\/mercedes.jpg","datePublished":"2022-10-25T01:08:00+00:00","dateModified":"2022-10-25T01:30:58+00:00","description":"R\u00e9servez maintenant ce transfert priv\u00e9 \u00e0 Toulouse de et vers n'importe quel endroit. Ce sera une exp\u00e9rience luxueuse et extr\u00eamement confortable \u2705.","breadcrumb":{"@id":"https:\/\/tourtravelandmore.com\/fr\/tours\/france-fr\/toulouse-fr\/transfert-prive-toulouse\/#breadcrumb"},"inLanguage":"fr-FR","potentialAction":[{"@type":"ReadAction","target":["https:\/\/tourtravelandmore.com\/fr\/tours\/france-fr\/toulouse-fr\/transfert-prive-toulouse\/"]}]},{"@type":"ImageObject","inLanguage":"fr-FR","@id":"https:\/\/tourtravelandmore.com\/fr\/tours\/france-fr\/toulouse-fr\/transfert-prive-toulouse\/#primaryimage","url":"https:\/\/tourtravelandmore.com\/wp-content\/uploads\/2022\/01\/mercedes.jpg","contentUrl":"https:\/\/tourtravelandmore.com\/wp-content\/uploads\/2022\/01\/mercedes.jpg","width":2400,"height":1600},{"@type":"BreadcrumbList","@id":"https:\/\/tourtravelandmore.com\/fr\/tours\/france-fr\/toulouse-fr\/transfert-prive-toulouse\/#breadcrumb","itemListElement":[{"@type":"ListItem","position":1,"name":"Home","item":"https:\/\/tourtravelandmore.com\/fr\/"},{"@type":"ListItem","position":2,"name":"Tours","item":"https:\/\/tourtravelandmore.com\/fr\/tours\/"},{"@type":"ListItem","position":3,"name":"Transfert priv\u00e9 Toulouse"}]},{"@type":"WebSite","@id":"https:\/\/tourtravelandmore.com\/fr\/#website","url":"https:\/\/tourtravelandmore.com\/fr\/","name":"Tour Travel And More","description":"Private sightseeing tours and luxury transfers in Spain","publisher":{"@id":"https:\/\/tourtravelandmore.com\/fr\/#organization"},"potentialAction":[{"@type":"SearchAction","target":{"@type":"EntryPoint","urlTemplate":"https:\/\/tourtravelandmore.com\/fr\/?s={search_term_string}"},"query-input":{"@type":"PropertyValueSpecification","valueRequired":true,"valueName":"search_term_string"}}],"inLanguage":"fr-FR"},{"@type":"Organization","@id":"https:\/\/tourtravelandmore.com\/fr\/#organization","name":"Tour Travel And More","url":"https:\/\/tourtravelandmore.com\/fr\/","logo":{"@type":"ImageObject","inLanguage":"fr-FR","@id":"https:\/\/tourtravelandmore.com\/fr\/#\/schema\/logo\/image\/","url":"https:\/\/tourtravelandmore.com\/wp-content\/uploads\/2022\/12\/cropped-logo-cabecera-new.png","contentUrl":"https:\/\/tourtravelandmore.com\/wp-content\/uploads\/2022\/12\/cropped-logo-cabecera-new.png","width":430,"height":61,"caption":"Tour Travel And More"},"image":{"@id":"https:\/\/tourtravelandmore.com\/fr\/#\/schema\/logo\/image\/"},"sameAs":["https:\/\/www.facebook.com\/tourtravelandmore\/","https:\/\/x.com\/TourTravel_More"]}]}},"_links":{"self":[{"href":"https:\/\/tourtravelandmore.com\/fr\/wp-json\/wp\/v2\/product\/141702","targetHints":{"allow":["GET"]}}],"collection":[{"href":"https:\/\/tourtravelandmore.com\/fr\/wp-json\/wp\/v2\/product"}],"about":[{"href":"https:\/\/tourtravelandmore.com\/fr\/wp-json\/wp\/v2\/types\/product"}],"replies":[{"embeddable":true,"href":"https:\/\/tourtravelandmore.com\/fr\/wp-json\/wp\/v2\/comments?post=141702"}],"wp:featuredmedia":[{"embeddable":true,"href":"https:\/\/tourtravelandmore.com\/fr\/wp-json\/wp\/v2\/media\/118456"}],"wp:attachment":[{"href":"https:\/\/tourtravelandmore.com\/fr\/wp-json\/wp\/v2\/media?parent=141702"}],"wp:term":[{"taxonomy":"product_brand","embeddable":true,"href":"https:\/\/tourtravelandmore.com\/fr\/wp-json\/wp\/v2\/product_brand?post=141702"},{"taxonomy":"product_cat","embeddable":true,"href":"https:\/\/tourtravelandmore.com\/fr\/wp-json\/wp\/v2\/product_cat?post=141702"},{"taxonomy":"product_tag","embeddable":true,"href":"https:\/\/tourtravelandmore.com\/fr\/wp-json\/wp\/v2\/product_tag?post=141702"}],"curies":[{"name":"wp","href":"https:\/\/api.w.org\/{rel}","templated":true}]}}