{"id":141672,"date":"2022-10-25T02:39:43","date_gmt":"2022-10-25T00:39:53","guid":{"rendered":"https:\/\/tourtravelandmore.com\/?post_type=product&#038;p=141672"},"modified":"2022-10-25T03:00:05","modified_gmt":"2022-10-25T01:00:05","slug":"visite-privee-de-carcassonne-depuis-toulouse","status":"publish","type":"product","link":"https:\/\/tourtravelandmore.com\/fr\/tours\/france-fr\/toulouse-fr\/visite-privee-de-carcassonne-depuis-toulouse\/","title":{"rendered":"Visite priv\u00e9e de Carcassonne depuis Toulouse"},"content":{"rendered":"<h2><b>Description de la visite priv\u00e9e \u00e0 Carcassonne au d\u00e9part de Toulouse\u00a0<\/b><\/h2>\n<p><span style=\"font-weight: 400;\">Carcassonne est une cit\u00e9 m\u00e9di\u00e9vale sur l&#8217;Aude, dans le Languedoc. Elle est c\u00e9l\u00e8bre pour sa Cit\u00e9 de Carcassonne, une forteresse m\u00e9di\u00e9vale et l&#8217;une des plus grandes d&#8217;Europe.<\/span><\/p>\n<p><span style=\"font-weight: 400;\">Cette visite priv\u00e9e vous fera d\u00e9couvrir les sites les plus pittoresques et historiques de Carcassonne. La visite de 8 heures comprend un v\u00e9hicule priv\u00e9 et un guide pour vous conduire, afin que vous puissiez profiter de votre temps sans vous soucier de la conduite ou de la navigation.<\/span><\/p>\n<p><span style=\"font-weight: 400;\">N&#8217;oubliez pas que cette visite priv\u00e9e est enti\u00e8rement personnalisable. Si vous avez besoin de plus de temps ou si vous souhaitez voir plus de sites, contactez-nous pour que vos souhaits se r\u00e9alisent.<\/span><\/p>\n<p><span style=\"font-weight: 400;\">L&#8217;excursion priv\u00e9e commence par la rencontre avec votre chauffeur et votre v\u00e9hicule de luxe priv\u00e9 sur votre lieu d&#8217;h\u00e9bergement ou au point de votre choix \u00e0 Toulouse. Une fois que vous vous serez rencontr\u00e9s, vous commencerez l&#8217;aventure pour visiter Carcassone, un site incontournable si vous visitez Toulouse.<\/span><\/p>\n<h2><b>Points forts de la visite priv\u00e9e de Carcassonne au d\u00e9part de Toulouse\u00a0<\/b><\/h2>\n<p><span style=\"font-weight: 400;\">La meilleure fa\u00e7on de d\u00e9couvrir la magnifique r\u00e9gion du Languedoc-Roussillon est de participer \u00e0 une visite priv\u00e9e. Tour Travel &amp; More vous offre une occasion unique de voir tous les sites incontournables de Carcassonne. Votre guide priv\u00e9 vous montrera et vous expliquera l&#8217;histoire de chacun des sites qui identifient cette belle destination. Voici les points que nous visiterons lors de cette aventure enti\u00e8rement priv\u00e9e :<\/span><\/p>\n<h3><b>Citadelle de Carcassonne<\/b><\/h3>\n<p><span style=\"font-weight: 400;\">La Citadelle de Carcassonne a \u00e9t\u00e9 construite au XIIe si\u00e8cle et a \u00e9t\u00e9 utilis\u00e9e \u00e0 diverses fins, notamment comme prison. La citadelle est surtout connue pour avoir \u00e9t\u00e9 une prison, o\u00f9 de nombreuses personnes ont \u00e9t\u00e9 emprisonn\u00e9es pendant la Seconde Guerre mondiale.<\/span><\/p>\n<h3><b>Porte Narbonaise<\/b><\/h3>\n<p><span style=\"font-weight: 400;\">La Porte Narbonaise est une porte de la ville qui a \u00e9t\u00e9 construite par les Romains \u00e0 la fin du 3\u00e8me si\u00e8cle. Il est situ\u00e9 \u00e0 Cascassona, une ville du Languedoc-Roussillon, en France.<\/span><\/p>\n<p><span style=\"font-weight: 400;\">Cette porte a \u00e9t\u00e9 construite pour d\u00e9fendre la ville contre les envahisseurs et se dresse toujours comme un symbole de pouvoir et d&#8217;autorit\u00e9.<\/span><\/p>\n<h3><b>Ch\u00e2teau de Carcassonne (frais d&#8217;entr\u00e9e non inclus)<\/b><\/h3>\n<p><span style=\"font-weight: 400;\">Le ch\u00e2teau de Carcassonne est l&#8217;un des ch\u00e2teaux les plus c\u00e9l\u00e8bres de France. Il s&#8217;agit d&#8217;une forteresse m\u00e9di\u00e9vale situ\u00e9e au sommet d&#8217;une colline surplombant le fleuve Aude.<\/span><\/p>\n<p><span style=\"font-weight: 400;\">Le ch\u00e2teau a \u00e9t\u00e9 construit au XIe si\u00e8cle par le comte Roger Ier, vassal de Guillaume III, duc d&#8217;Aquitaine. Le ch\u00e2teau a \u00e9t\u00e9 assi\u00e9g\u00e9 par le roi Louis VII et son fils, le roi Philippe II, en 1173, puis captur\u00e9 par le roi Pierre II d&#8217;Aragon en 1213. Le ch\u00e2teau a \u00e9t\u00e9 assi\u00e9g\u00e9 \u00e0 de nombreuses reprises au cours des si\u00e8cles et n&#8217;a jamais \u00e9t\u00e9 pris. Il est c\u00e9l\u00e8bre pour sa beaut\u00e9 et son histoire, et constitue l&#8217;une des plus importantes forteresses m\u00e9di\u00e9vales d&#8217;Europe.<\/span><\/p>\n<h3><b>Murs de Carcassonne<\/b><\/h3>\n<p><span style=\"font-weight: 400;\">Les remparts de Carcassonne sont c\u00e9l\u00e8bres pour leurs fortifications m\u00e9di\u00e9vales. Elles sont class\u00e9es parmi les plus importants monuments m\u00e9di\u00e9vaux de France.<\/span><\/p>\n<p><span style=\"font-weight: 400;\">La premi\u00e8re enceinte a \u00e9t\u00e9 construite par les Romains au IIIe si\u00e8cle, la seconde par les Wisigoths en 584 et l&#8217;enceinte actuelle date du XIIIe si\u00e8cle et est le fruit d&#8217;une longue \u00e9volution.<\/span><\/p>\n<h3><b>Ch\u00e2teau comtal de Carcassonne<\/b><\/h3>\n<p><span style=\"font-weight: 400;\">Le Ch\u00e2teau Comtal de Carcassonne est un ch\u00e2teau bien connu dans le sud de la France. Il a \u00e9t\u00e9 construit en 885 par le comte de Toulouse, Raymond IV, et son \u00e9pouse, Guilla de Barcelone.<\/span><\/p>\n<p><span style=\"font-weight: 400;\">Le ch\u00e2teau a \u00e9t\u00e9 assi\u00e9g\u00e9 \u00e0 de nombreuses reprises depuis sa construction. Le si\u00e8ge le plus c\u00e9l\u00e8bre a eu lieu de 1209 \u00e0 1211, lorsque Simon de Montfort a assi\u00e9g\u00e9 le ch\u00e2teau et l&#8217;a conquis.<\/span><\/p>\n<h3><b>Basilique de Sainte-Nazaire<\/b><\/h3>\n<p><span style=\"font-weight: 400;\">La basilique de Sainte-Nazaire est une basilique catholique romaine situ\u00e9e \u00e0 Nantes, en France. C&#8217;est l&#8217;un des points de rep\u00e8re les plus reconnaissables de la ville.<\/span><\/p>\n<p><span style=\"font-weight: 400;\">La basilique a \u00e9t\u00e9 construite entre 1826 et 1843 en tant qu&#8217;\u00e9glise pour la Congr\u00e9gation de la Sainte-Croix, un ordre religieux d\u00e9di\u00e9 \u00e0 l&#8217;enseignement et aux \u0153uvres de charit\u00e9. L&#8217;architecte \u00e9tait Pierre-Louis Moreau, qui a \u00e9galement con\u00e7u l&#8217;\u00e9glise de Versailles.<\/span><\/p>\n<p><span style=\"font-weight: 400;\">Sa construction a \u00e9t\u00e9 rendue possible gr\u00e2ce aux dons de riches familles locales, telles que les Courbet et les Rochechouart.<\/span><\/p>\n<h3><b>Porte Narbonnaise<\/b><\/h3>\n<p><span style=\"font-weight: 400;\">La ville m\u00e9di\u00e9vale de la Porte Narbonnaise est c\u00e9l\u00e8bre pour \u00eatre le site de la bataille d&#8217;Agincourt, qui a eu lieu le 25 octobre 1415. Cette bataille a \u00e9t\u00e9 une victoire anglaise d\u00e9cisive dans la guerre de Cent Ans, et est l&#8217;une des plus c\u00e9l\u00e8bres batailles de toute l&#8217;histoire.<\/span><\/p>\n<p><span style=\"font-weight: 400;\">Porte Narbonnaise est une petite ville situ\u00e9e dans le sud de la France, pr\u00e8s de Toulouse. Elle est importante car c&#8217;est l\u00e0 qu&#8217;Henri V, roi d&#8217;Angleterre, a vaincu Charles VI, roi de France, le 25 octobre 1415.<\/span><\/p>\n<h3><b>Porte de l&#8217;Aude<\/b><\/h3>\n<p><span style=\"font-weight: 400;\">La Porte de l&#8217;Aude est c\u00e9l\u00e8bre car elle a constitu\u00e9 une \u00e9tape historique importante dans l&#8217;histoire de la France. Il a \u00e9t\u00e9 construit en 1211 par le roi Philippe II de France.<\/span><\/p>\n<p><span style=\"font-weight: 400;\">Comme vous pouvez le constater, cette visite est une exp\u00e9rience incontournable, o\u00f9 vous verrez des sites historiques et artistiques qui ont marqu\u00e9 un avant et un apr\u00e8s dans l&#8217;histoire de la France, \u00e0 ne pas manquer.<\/span><\/p>\n<p><span style=\"font-weight: 400;\">Si vous souhaitez en savoir plus sur Toulouse et ses environs, n&#8217;h\u00e9sitez pas \u00e0 consulter notre<\/span> <a href=\"https:\/\/tourtravelandmore.com\/fr\/city\/france-fr\/toulouse-fr\/\"><span style=\"font-weight: 400;\">liste d&#8217;excursions dans l&#8217;une des plus belles villes de France.<\/span><\/a><\/p>\n","protected":false},"excerpt":{"rendered":"<p><span style=\"font-weight: 400;\">Une visite priv\u00e9e \u00e0 Carcassonne depuis Toulouse vous fera vivre une exp\u00e9rience inoubliable. Vous serez accompagn\u00e9 d&#8217;un v\u00e9hicule priv\u00e9 et d&#8217;un guide qui vous fera d\u00e9couvrir la ville, vous expliquera son histoire et vous montrera certains de ses plus beaux coins.\u00a0<\/span><\/p>\n","protected":false},"featured_media":141687,"comment_status":"open","ping_status":"closed","template":"","meta":{"_acf_changed":false},"product_brand":[],"product_cat":[3540,3628],"product_tag":[],"class_list":{"0":"post-141672","1":"product","2":"type-product","3":"status-publish","4":"has-post-thumbnail","6":"product_cat-france-fr","7":"product_cat-toulouse-fr","9":"first","10":"instock","11":"shipping-taxable","12":"purchasable","13":"product-type-simple"},"acf":[],"yoast_head":"<!-- This site is optimized with the Yoast SEO Premium plugin v25.3.1 (Yoast SEO v25.3.1) - https:\/\/yoast.com\/wordpress\/plugins\/seo\/ -->\n<title>\u27a1\ufe0f Visite priv\u00e9e de Carcassonne depuis Toulouse | Tour Travel and More<\/title>\n<meta name=\"description\" content=\"Carcassonne est une cit\u00e9 m\u00e9di\u00e9vale fortifi\u00e9e situ\u00e9e dans le sud de la France. C&#039;est l&#039;une des villes fortifi\u00e9es les mieux pr\u00e9serv\u00e9es d&#039;Europe et elle est c\u00e9l\u00e8bre pour son histoire et son cadre magnifique, r\u00e9servez cette visite priv\u00e9e d\u00e8s maintenant \u2705.\" \/>\n<meta name=\"robots\" content=\"index, follow, max-snippet:-1, max-image-preview:large, max-video-preview:-1\" \/>\n<link rel=\"canonical\" href=\"https:\/\/tourtravelandmore.com\/fr\/tours\/france-fr\/toulouse-fr\/visite-privee-de-carcassonne-depuis-toulouse\/\" \/>\n<meta property=\"og:locale\" content=\"fr_FR\" \/>\n<meta property=\"og:type\" content=\"article\" \/>\n<meta property=\"og:title\" content=\"Visite priv\u00e9e de Carcassonne depuis Toulouse\" \/>\n<meta property=\"og:description\" content=\"Carcassonne est une cit\u00e9 m\u00e9di\u00e9vale fortifi\u00e9e situ\u00e9e dans le sud de la France. C&#039;est l&#039;une des villes fortifi\u00e9es les mieux pr\u00e9serv\u00e9es d&#039;Europe et elle est c\u00e9l\u00e8bre pour son histoire et son cadre magnifique, r\u00e9servez cette visite priv\u00e9e d\u00e8s maintenant \u2705.\" \/>\n<meta property=\"og:url\" content=\"https:\/\/tourtravelandmore.com\/fr\/tours\/france-fr\/toulouse-fr\/visite-privee-de-carcassonne-depuis-toulouse\/\" \/>\n<meta property=\"og:site_name\" content=\"Tour Travel And More\" \/>\n<meta property=\"article:publisher\" content=\"https:\/\/www.facebook.com\/tourtravelandmore\/\" \/>\n<meta property=\"article:modified_time\" content=\"2022-10-25T01:00:05+00:00\" \/>\n<meta property=\"og:image\" content=\"https:\/\/tourtravelandmore.com\/wp-content\/uploads\/2022\/10\/image2.jpg\" \/>\n\t<meta property=\"og:image:width\" content=\"900\" \/>\n\t<meta property=\"og:image:height\" content=\"750\" \/>\n\t<meta property=\"og:image:type\" content=\"image\/jpeg\" \/>\n<meta name=\"twitter:card\" content=\"summary_large_image\" \/>\n<meta name=\"twitter:site\" content=\"@TourTravel_More\" \/>\n<meta name=\"twitter:label1\" content=\"Dur\u00e9e de lecture estim\u00e9e\" \/>\n\t<meta name=\"twitter:data1\" content=\"5 minutes\" \/>\n<script type=\"application\/ld+json\" class=\"yoast-schema-graph\">{\"@context\":\"https:\/\/schema.org\",\"@graph\":[{\"@type\":\"WebPage\",\"@id\":\"https:\/\/tourtravelandmore.com\/fr\/tours\/france-fr\/toulouse-fr\/visite-privee-de-carcassonne-depuis-toulouse\/\",\"url\":\"https:\/\/tourtravelandmore.com\/fr\/tours\/france-fr\/toulouse-fr\/visite-privee-de-carcassonne-depuis-toulouse\/\",\"name\":\"\u27a1\ufe0f Visite priv\u00e9e de Carcassonne depuis Toulouse | Tour Travel and More\",\"isPartOf\":{\"@id\":\"https:\/\/tourtravelandmore.com\/fr\/#website\"},\"primaryImageOfPage\":{\"@id\":\"https:\/\/tourtravelandmore.com\/fr\/tours\/france-fr\/toulouse-fr\/visite-privee-de-carcassonne-depuis-toulouse\/#primaryimage\"},\"image\":{\"@id\":\"https:\/\/tourtravelandmore.com\/fr\/tours\/france-fr\/toulouse-fr\/visite-privee-de-carcassonne-depuis-toulouse\/#primaryimage\"},\"thumbnailUrl\":\"https:\/\/tourtravelandmore.com\/wp-content\/uploads\/2022\/10\/image2.jpg\",\"datePublished\":\"2022-10-25T00:39:53+00:00\",\"dateModified\":\"2022-10-25T01:00:05+00:00\",\"description\":\"Carcassonne est une cit\u00e9 m\u00e9di\u00e9vale fortifi\u00e9e situ\u00e9e dans le sud de la France. C'est l'une des villes fortifi\u00e9es les mieux pr\u00e9serv\u00e9es d'Europe et elle est c\u00e9l\u00e8bre pour son histoire et son cadre magnifique, r\u00e9servez cette visite priv\u00e9e d\u00e8s maintenant \u2705.\",\"breadcrumb\":{\"@id\":\"https:\/\/tourtravelandmore.com\/fr\/tours\/france-fr\/toulouse-fr\/visite-privee-de-carcassonne-depuis-toulouse\/#breadcrumb\"},\"inLanguage\":\"fr-FR\",\"potentialAction\":[{\"@type\":\"ReadAction\",\"target\":[\"https:\/\/tourtravelandmore.com\/fr\/tours\/france-fr\/toulouse-fr\/visite-privee-de-carcassonne-depuis-toulouse\/\"]}]},{\"@type\":\"ImageObject\",\"inLanguage\":\"fr-FR\",\"@id\":\"https:\/\/tourtravelandmore.com\/fr\/tours\/france-fr\/toulouse-fr\/visite-privee-de-carcassonne-depuis-toulouse\/#primaryimage\",\"url\":\"https:\/\/tourtravelandmore.com\/wp-content\/uploads\/2022\/10\/image2.jpg\",\"contentUrl\":\"https:\/\/tourtravelandmore.com\/wp-content\/uploads\/2022\/10\/image2.jpg\",\"width\":900,\"height\":750},{\"@type\":\"BreadcrumbList\",\"@id\":\"https:\/\/tourtravelandmore.com\/fr\/tours\/france-fr\/toulouse-fr\/visite-privee-de-carcassonne-depuis-toulouse\/#breadcrumb\",\"itemListElement\":[{\"@type\":\"ListItem\",\"position\":1,\"name\":\"Home\",\"item\":\"https:\/\/tourtravelandmore.com\/fr\/\"},{\"@type\":\"ListItem\",\"position\":2,\"name\":\"Tours\",\"item\":\"https:\/\/tourtravelandmore.com\/fr\/tours\/\"},{\"@type\":\"ListItem\",\"position\":3,\"name\":\"Visite priv\u00e9e de Carcassonne depuis Toulouse\"}]},{\"@type\":\"WebSite\",\"@id\":\"https:\/\/tourtravelandmore.com\/fr\/#website\",\"url\":\"https:\/\/tourtravelandmore.com\/fr\/\",\"name\":\"Tour Travel And More\",\"description\":\"Private sightseeing tours and luxury transfers in Spain\",\"publisher\":{\"@id\":\"https:\/\/tourtravelandmore.com\/fr\/#organization\"},\"potentialAction\":[{\"@type\":\"SearchAction\",\"target\":{\"@type\":\"EntryPoint\",\"urlTemplate\":\"https:\/\/tourtravelandmore.com\/fr\/?s={search_term_string}\"},\"query-input\":{\"@type\":\"PropertyValueSpecification\",\"valueRequired\":true,\"valueName\":\"search_term_string\"}}],\"inLanguage\":\"fr-FR\"},{\"@type\":\"Organization\",\"@id\":\"https:\/\/tourtravelandmore.com\/fr\/#organization\",\"name\":\"Tour Travel And More\",\"url\":\"https:\/\/tourtravelandmore.com\/fr\/\",\"logo\":{\"@type\":\"ImageObject\",\"inLanguage\":\"fr-FR\",\"@id\":\"https:\/\/tourtravelandmore.com\/fr\/#\/schema\/logo\/image\/\",\"url\":\"https:\/\/tourtravelandmore.com\/wp-content\/uploads\/2022\/12\/cropped-logo-cabecera-new.png\",\"contentUrl\":\"https:\/\/tourtravelandmore.com\/wp-content\/uploads\/2022\/12\/cropped-logo-cabecera-new.png\",\"width\":430,\"height\":61,\"caption\":\"Tour Travel And More\"},\"image\":{\"@id\":\"https:\/\/tourtravelandmore.com\/fr\/#\/schema\/logo\/image\/\"},\"sameAs\":[\"https:\/\/www.facebook.com\/tourtravelandmore\/\",\"https:\/\/x.com\/TourTravel_More\"]}]}<\/script>\n<!-- \/ Yoast SEO Premium plugin. -->","yoast_head_json":{"title":"\u27a1\ufe0f Visite priv\u00e9e de Carcassonne depuis Toulouse | Tour Travel and More","description":"Carcassonne est une cit\u00e9 m\u00e9di\u00e9vale fortifi\u00e9e situ\u00e9e dans le sud de la France. C'est l'une des villes fortifi\u00e9es les mieux pr\u00e9serv\u00e9es d'Europe et elle est c\u00e9l\u00e8bre pour son histoire et son cadre magnifique, r\u00e9servez cette visite priv\u00e9e d\u00e8s maintenant \u2705.","robots":{"index":"index","follow":"follow","max-snippet":"max-snippet:-1","max-image-preview":"max-image-preview:large","max-video-preview":"max-video-preview:-1"},"canonical":"https:\/\/tourtravelandmore.com\/fr\/tours\/france-fr\/toulouse-fr\/visite-privee-de-carcassonne-depuis-toulouse\/","og_locale":"fr_FR","og_type":"article","og_title":"Visite priv\u00e9e de Carcassonne depuis Toulouse","og_description":"Carcassonne est une cit\u00e9 m\u00e9di\u00e9vale fortifi\u00e9e situ\u00e9e dans le sud de la France. C'est l'une des villes fortifi\u00e9es les mieux pr\u00e9serv\u00e9es d'Europe et elle est c\u00e9l\u00e8bre pour son histoire et son cadre magnifique, r\u00e9servez cette visite priv\u00e9e d\u00e8s maintenant \u2705.","og_url":"https:\/\/tourtravelandmore.com\/fr\/tours\/france-fr\/toulouse-fr\/visite-privee-de-carcassonne-depuis-toulouse\/","og_site_name":"Tour Travel And More","article_publisher":"https:\/\/www.facebook.com\/tourtravelandmore\/","article_modified_time":"2022-10-25T01:00:05+00:00","og_image":[{"width":900,"height":750,"url":"https:\/\/tourtravelandmore.com\/wp-content\/uploads\/2022\/10\/image2.jpg","type":"image\/jpeg"}],"twitter_card":"summary_large_image","twitter_site":"@TourTravel_More","twitter_misc":{"Dur\u00e9e de lecture estim\u00e9e":"5 minutes"},"schema":{"@context":"https:\/\/schema.org","@graph":[{"@type":"WebPage","@id":"https:\/\/tourtravelandmore.com\/fr\/tours\/france-fr\/toulouse-fr\/visite-privee-de-carcassonne-depuis-toulouse\/","url":"https:\/\/tourtravelandmore.com\/fr\/tours\/france-fr\/toulouse-fr\/visite-privee-de-carcassonne-depuis-toulouse\/","name":"\u27a1\ufe0f Visite priv\u00e9e de Carcassonne depuis Toulouse | Tour Travel and More","isPartOf":{"@id":"https:\/\/tourtravelandmore.com\/fr\/#website"},"primaryImageOfPage":{"@id":"https:\/\/tourtravelandmore.com\/fr\/tours\/france-fr\/toulouse-fr\/visite-privee-de-carcassonne-depuis-toulouse\/#primaryimage"},"image":{"@id":"https:\/\/tourtravelandmore.com\/fr\/tours\/france-fr\/toulouse-fr\/visite-privee-de-carcassonne-depuis-toulouse\/#primaryimage"},"thumbnailUrl":"https:\/\/tourtravelandmore.com\/wp-content\/uploads\/2022\/10\/image2.jpg","datePublished":"2022-10-25T00:39:53+00:00","dateModified":"2022-10-25T01:00:05+00:00","description":"Carcassonne est une cit\u00e9 m\u00e9di\u00e9vale fortifi\u00e9e situ\u00e9e dans le sud de la France. C'est l'une des villes fortifi\u00e9es les mieux pr\u00e9serv\u00e9es d'Europe et elle est c\u00e9l\u00e8bre pour son histoire et son cadre magnifique, r\u00e9servez cette visite priv\u00e9e d\u00e8s maintenant \u2705.","breadcrumb":{"@id":"https:\/\/tourtravelandmore.com\/fr\/tours\/france-fr\/toulouse-fr\/visite-privee-de-carcassonne-depuis-toulouse\/#breadcrumb"},"inLanguage":"fr-FR","potentialAction":[{"@type":"ReadAction","target":["https:\/\/tourtravelandmore.com\/fr\/tours\/france-fr\/toulouse-fr\/visite-privee-de-carcassonne-depuis-toulouse\/"]}]},{"@type":"ImageObject","inLanguage":"fr-FR","@id":"https:\/\/tourtravelandmore.com\/fr\/tours\/france-fr\/toulouse-fr\/visite-privee-de-carcassonne-depuis-toulouse\/#primaryimage","url":"https:\/\/tourtravelandmore.com\/wp-content\/uploads\/2022\/10\/image2.jpg","contentUrl":"https:\/\/tourtravelandmore.com\/wp-content\/uploads\/2022\/10\/image2.jpg","width":900,"height":750},{"@type":"BreadcrumbList","@id":"https:\/\/tourtravelandmore.com\/fr\/tours\/france-fr\/toulouse-fr\/visite-privee-de-carcassonne-depuis-toulouse\/#breadcrumb","itemListElement":[{"@type":"ListItem","position":1,"name":"Home","item":"https:\/\/tourtravelandmore.com\/fr\/"},{"@type":"ListItem","position":2,"name":"Tours","item":"https:\/\/tourtravelandmore.com\/fr\/tours\/"},{"@type":"ListItem","position":3,"name":"Visite priv\u00e9e de Carcassonne depuis Toulouse"}]},{"@type":"WebSite","@id":"https:\/\/tourtravelandmore.com\/fr\/#website","url":"https:\/\/tourtravelandmore.com\/fr\/","name":"Tour Travel And More","description":"Private sightseeing tours and luxury transfers in Spain","publisher":{"@id":"https:\/\/tourtravelandmore.com\/fr\/#organization"},"potentialAction":[{"@type":"SearchAction","target":{"@type":"EntryPoint","urlTemplate":"https:\/\/tourtravelandmore.com\/fr\/?s={search_term_string}"},"query-input":{"@type":"PropertyValueSpecification","valueRequired":true,"valueName":"search_term_string"}}],"inLanguage":"fr-FR"},{"@type":"Organization","@id":"https:\/\/tourtravelandmore.com\/fr\/#organization","name":"Tour Travel And More","url":"https:\/\/tourtravelandmore.com\/fr\/","logo":{"@type":"ImageObject","inLanguage":"fr-FR","@id":"https:\/\/tourtravelandmore.com\/fr\/#\/schema\/logo\/image\/","url":"https:\/\/tourtravelandmore.com\/wp-content\/uploads\/2022\/12\/cropped-logo-cabecera-new.png","contentUrl":"https:\/\/tourtravelandmore.com\/wp-content\/uploads\/2022\/12\/cropped-logo-cabecera-new.png","width":430,"height":61,"caption":"Tour Travel And More"},"image":{"@id":"https:\/\/tourtravelandmore.com\/fr\/#\/schema\/logo\/image\/"},"sameAs":["https:\/\/www.facebook.com\/tourtravelandmore\/","https:\/\/x.com\/TourTravel_More"]}]}},"_links":{"self":[{"href":"https:\/\/tourtravelandmore.com\/fr\/wp-json\/wp\/v2\/product\/141672","targetHints":{"allow":["GET"]}}],"collection":[{"href":"https:\/\/tourtravelandmore.com\/fr\/wp-json\/wp\/v2\/product"}],"about":[{"href":"https:\/\/tourtravelandmore.com\/fr\/wp-json\/wp\/v2\/types\/product"}],"replies":[{"embeddable":true,"href":"https:\/\/tourtravelandmore.com\/fr\/wp-json\/wp\/v2\/comments?post=141672"}],"wp:featuredmedia":[{"embeddable":true,"href":"https:\/\/tourtravelandmore.com\/fr\/wp-json\/wp\/v2\/media\/141687"}],"wp:attachment":[{"href":"https:\/\/tourtravelandmore.com\/fr\/wp-json\/wp\/v2\/media?parent=141672"}],"wp:term":[{"taxonomy":"product_brand","embeddable":true,"href":"https:\/\/tourtravelandmore.com\/fr\/wp-json\/wp\/v2\/product_brand?post=141672"},{"taxonomy":"product_cat","embeddable":true,"href":"https:\/\/tourtravelandmore.com\/fr\/wp-json\/wp\/v2\/product_cat?post=141672"},{"taxonomy":"product_tag","embeddable":true,"href":"https:\/\/tourtravelandmore.com\/fr\/wp-json\/wp\/v2\/product_tag?post=141672"}],"curies":[{"name":"wp","href":"https:\/\/api.w.org\/{rel}","templated":true}]}}