{"id":141323,"date":"2022-10-21T20:12:02","date_gmt":"2022-10-21T18:12:10","guid":{"rendered":"https:\/\/tourtravelandmore.com\/?post_type=product&#038;p=141323"},"modified":"2023-02-08T15:05:57","modified_gmt":"2023-02-08T14:05:57","slug":"tour-prive-a-taormina-depuis-palerme","status":"publish","type":"product","link":"https:\/\/tourtravelandmore.com\/fr\/tours\/italie-fr\/palermo-fr\/all-private-tours-activities-fr-8\/tour-prive-a-taormina-depuis-palerme\/","title":{"rendered":"Tour priv\u00e9 \u00e0 Taormina depuis Palerme"},"content":{"rendered":"<h2>Description Tour priv\u00e9 \u00e0 Taormina depuis Palerme<\/h2>\n<p>Profitez de cette <strong>Tour priv\u00e9 \u00e0 Taormina depuis Palerme.<\/strong> Vous verrez <strong>Taormina<\/strong>, qui est une ville sur une colline sur la c\u00f4te est de la Sicile. Vous verrez \u00e9galement <strong>l&#8217;Etna<\/strong>, un volcan actif situ\u00e9 sur la c\u00f4te est de la <strong>Sicile<\/strong>, sur le territoire de la <strong>ville m\u00e9tropolitaine de Catane.<\/strong><\/p>\n<p>La ville de <strong>Taormina<\/strong> est situ\u00e9e pr\u00e8s de <strong>l&#8217;Etna<\/strong>, un volcan actif dont les sentiers m\u00e8nent \u00e0 son sommet. La ville est connue pour le <strong>Teatro Antico di Taormina<\/strong>, un ancien th\u00e9\u00e2tre gr\u00e9co-romain qui est toujours en activit\u00e9.<\/p>\n<p>Pr\u00e8s du th\u00e9\u00e2tre, les falaises descendent vers la mer et forment des criques avec des plages de sable. Une \u00e9troite bande de sable permet de rejoindre <strong>Isola Bella<\/strong>, une petite \u00eele et une r\u00e9serve naturelle.<\/p>\n<p><strong>Tour Tavel &amp; More<\/strong> vous propose un service unique o\u00f9 vous disposerez d&#8217;un <strong>v\u00e9hicule de luxe priv\u00e9<\/strong> avec chauffeur pendant<strong> 12 heures<\/strong>. Vous aurez \u00e9galement \u00e0 votre disposition un<strong> guide touristique officiel priv\u00e9<\/strong> pendant <strong>2<\/strong><strong>\u00a0heures<\/strong> \u00e0 l&#8217;Etna et \u00e0 Taormina.<\/p>\n<p>Si vous pr\u00e9f\u00e9rez, vous pouvez \u00e9galement prendre n&#8217;importe quelle autre des visites priv\u00e9es de Palerme.<\/p>\n<h2>Sites d&#8217;int\u00e9r\u00eat et points de rep\u00e8re<\/h2>\n<p>Tout d&#8217;abord, vous rencontrerez votre chauffeur priv\u00e9 \u00e0 votre<strong> h\u00f4tel ou au lieu de votre choix \u00e0 Palerme<\/strong>. L&#8217;heure de d\u00e9part de la visite sera d\u00e9termin\u00e9e par vous.<\/p>\n<p>Au cours de cette visite priv\u00e9e de <strong>l&#8217;Etna et de Taormine<\/strong>, vous apprendrez \u00e0 conna\u00eetre les sites les plus embl\u00e9matiques de ces lieux.<\/p>\n<p><strong>L&#8217;Etna<\/strong> est un volcan actif situ\u00e9 sur la c\u00f4te est de la Sicile, sur le territoire de la <strong>ville m\u00e9tropolitaine de Catane<\/strong>, en Italie. Il s&#8217;\u00e9l\u00e8ve \u00e0 environ <strong>3357 m\u00e8tres<\/strong>, bien que cette hauteur varie en raison des \u00e9ruptions constantes.<\/p>\n<p>C&#8217;est le plus <strong>haut volcan actif de la plaque eurasienne<\/strong>, le premier en r\u00e9f\u00e9rence \u00e0 l&#8217;Europe g\u00e9ographique et la plus haute montagne <strong>d&#8217;Italie<\/strong> au sud des Alpes. L&#8217;Etna couvre une superficie de 1190 km\u00b2, avec une circonf\u00e9rence basale de 140 km.<\/p>\n<p>Le volcan <strong>Etna<\/strong> appara\u00eet comme l&#8217;attraction principale de ce tour, mais nous ne pouvons pas laisser de c\u00f4t\u00e9 la beaut\u00e9 de <strong>Taormina<\/strong>, o\u00f9 vous pourrez voir de belles choses telles que :<\/p>\n<ul>\n<li><strong>D\u00e9coration dans les rues de Taormina.<\/strong><\/li>\n<li><strong>Don Corleone.<\/strong><\/li>\n<li><strong>Les rues \u00e9troites de Taormina.<\/strong><\/li>\n<li><strong>Piazza Duomo et Cattedrale di San Nicol\u00f2 di Bari.<\/strong><\/li>\n<li><strong>Fontaine de la Piazza Duomo.<\/strong><\/li>\n<li><strong>Piazza IX di Aprile.<\/strong><\/li>\n<li><strong>Volcan Etna en arri\u00e8re-plan au <a href=\"https:\/\/es.wikipedia.org\/wiki\/Teatro_de_Taormina\">Teatro Antico<\/a> de Taormina.<\/strong><\/li>\n<li><strong>Sc\u00e8ne du Teatro Antico de Taormina.<\/strong><\/li>\n<\/ul>\n<p>Votre chauffeur priv\u00e9 sera \u00e0 votre disposition pendant la visite de 12 heures. En revanche, le guide vous accompagnera sur l&#8217;Etna et Taormina pendant 2 heures au total. Vous pourrez visiter tous les recoins de cette \u00e9tonnante ville italienne.<\/p>\n<p>Enfin, votre chauffeur priv\u00e9 et votre guide vous d\u00e9poseront \u00e0 votre h\u00f4tel ou \u00e0 votre point de d\u00e9part \u00e0 Palerme.<\/p>\n","protected":false},"excerpt":{"rendered":"<p>Profitez de cette <strong>Tour priv\u00e9 \u00e0 Taormina depuis Palerme.<\/strong> Vous verrez <strong>Taormina<\/strong>, qui est une ville sur une colline sur la c\u00f4te est de la Sicile. Vous verrez \u00e9galement <strong>l&#8217;Etna<\/strong>, un volcan actif situ\u00e9 sur la c\u00f4te est de la <strong>Sicile<\/strong>, sur le territoire de la <strong>ville m\u00e9tropolitaine de Catane.<\/strong><\/p>\n","protected":false},"featured_media":141339,"comment_status":"open","ping_status":"closed","template":"","meta":{"_acf_changed":false},"product_brand":[],"product_cat":[3701,4208,4210,4209,4211],"product_tag":[],"class_list":{"0":"post-141323","1":"product","2":"type-product","3":"status-publish","4":"has-post-thumbnail","6":"product_cat-palermo-fr","7":"product_cat-all-private-tours-activities-fr-8","8":"product_cat-private-sightseeing-tours-fr-9","9":"product_cat-private-day-trips-fr-4","10":"product_cat-private-shore-excursions-fr-3","12":"first","13":"instock","14":"shipping-taxable","15":"purchasable","16":"product-type-simple"},"acf":[],"yoast_head":"<!-- This site is optimized with the Yoast SEO Premium plugin v25.3.1 (Yoast SEO v25.3.1) - https:\/\/yoast.com\/wordpress\/plugins\/seo\/ -->\n<title>Visite priv\u00e9e de l&#039;Etna et de Taormina depuis Palerme | Tour Travel &amp; More<\/title>\n<meta name=\"description\" content=\"Admirez les plus beaux endroits et monuments avec cette excursion priv\u00e9e \u00e0 l&#039;Etna et \u00e0 Taormina depuis Palerme. Saisissez votre chance avec TourTravel&amp;More !\" \/>\n<meta name=\"robots\" content=\"index, follow, max-snippet:-1, max-image-preview:large, max-video-preview:-1\" \/>\n<link rel=\"canonical\" href=\"https:\/\/tourtravelandmore.com\/fr\/tours\/italie-fr\/palermo-fr\/all-private-tours-activities-fr-8\/tour-prive-a-taormina-depuis-palerme\/\" \/>\n<meta property=\"og:locale\" content=\"fr_FR\" \/>\n<meta property=\"og:type\" content=\"article\" \/>\n<meta property=\"og:title\" content=\"Tour priv\u00e9 \u00e0 Taormina depuis Palerme\" \/>\n<meta property=\"og:description\" content=\"Admirez les plus beaux endroits et monuments avec cette excursion priv\u00e9e \u00e0 l&#039;Etna et \u00e0 Taormina depuis Palerme. Saisissez votre chance avec TourTravel&amp;More !\" \/>\n<meta property=\"og:url\" content=\"https:\/\/tourtravelandmore.com\/fr\/tours\/italie-fr\/palermo-fr\/all-private-tours-activities-fr-8\/tour-prive-a-taormina-depuis-palerme\/\" \/>\n<meta property=\"og:site_name\" content=\"Tour Travel And More\" \/>\n<meta property=\"article:publisher\" content=\"https:\/\/www.facebook.com\/tourtravelandmore\/\" \/>\n<meta property=\"article:modified_time\" content=\"2023-02-08T14:05:57+00:00\" \/>\n<meta property=\"og:image\" content=\"https:\/\/tourtravelandmore.com\/wp-content\/uploads\/2022\/10\/pexels-alexandra-holbea-5469523-scaled.jpg\" \/>\n\t<meta property=\"og:image:width\" content=\"2560\" \/>\n\t<meta property=\"og:image:height\" content=\"1707\" \/>\n\t<meta property=\"og:image:type\" content=\"image\/jpeg\" \/>\n<meta name=\"twitter:card\" content=\"summary_large_image\" \/>\n<meta name=\"twitter:site\" content=\"@TourTravel_More\" \/>\n<meta name=\"twitter:label1\" content=\"Dur\u00e9e de lecture estim\u00e9e\" \/>\n\t<meta name=\"twitter:data1\" content=\"2 minutes\" \/>\n<script type=\"application\/ld+json\" class=\"yoast-schema-graph\">{\"@context\":\"https:\/\/schema.org\",\"@graph\":[{\"@type\":\"WebPage\",\"@id\":\"https:\/\/tourtravelandmore.com\/fr\/tours\/italie-fr\/palermo-fr\/all-private-tours-activities-fr-8\/tour-prive-a-taormina-depuis-palerme\/\",\"url\":\"https:\/\/tourtravelandmore.com\/fr\/tours\/italie-fr\/palermo-fr\/all-private-tours-activities-fr-8\/tour-prive-a-taormina-depuis-palerme\/\",\"name\":\"Visite priv\u00e9e de l'Etna et de Taormina depuis Palerme | Tour Travel & More\",\"isPartOf\":{\"@id\":\"https:\/\/tourtravelandmore.com\/fr\/#website\"},\"primaryImageOfPage\":{\"@id\":\"https:\/\/tourtravelandmore.com\/fr\/tours\/italie-fr\/palermo-fr\/all-private-tours-activities-fr-8\/tour-prive-a-taormina-depuis-palerme\/#primaryimage\"},\"image\":{\"@id\":\"https:\/\/tourtravelandmore.com\/fr\/tours\/italie-fr\/palermo-fr\/all-private-tours-activities-fr-8\/tour-prive-a-taormina-depuis-palerme\/#primaryimage\"},\"thumbnailUrl\":\"https:\/\/tourtravelandmore.com\/wp-content\/uploads\/2022\/10\/pexels-alexandra-holbea-5469523-scaled.jpg\",\"datePublished\":\"2022-10-21T18:12:10+00:00\",\"dateModified\":\"2023-02-08T14:05:57+00:00\",\"description\":\"Admirez les plus beaux endroits et monuments avec cette excursion priv\u00e9e \u00e0 l'Etna et \u00e0 Taormina depuis Palerme. Saisissez votre chance avec TourTravel&More !\",\"breadcrumb\":{\"@id\":\"https:\/\/tourtravelandmore.com\/fr\/tours\/italie-fr\/palermo-fr\/all-private-tours-activities-fr-8\/tour-prive-a-taormina-depuis-palerme\/#breadcrumb\"},\"inLanguage\":\"fr-FR\",\"potentialAction\":[{\"@type\":\"ReadAction\",\"target\":[\"https:\/\/tourtravelandmore.com\/fr\/tours\/italie-fr\/palermo-fr\/all-private-tours-activities-fr-8\/tour-prive-a-taormina-depuis-palerme\/\"]}]},{\"@type\":\"ImageObject\",\"inLanguage\":\"fr-FR\",\"@id\":\"https:\/\/tourtravelandmore.com\/fr\/tours\/italie-fr\/palermo-fr\/all-private-tours-activities-fr-8\/tour-prive-a-taormina-depuis-palerme\/#primaryimage\",\"url\":\"https:\/\/tourtravelandmore.com\/wp-content\/uploads\/2022\/10\/pexels-alexandra-holbea-5469523-scaled.jpg\",\"contentUrl\":\"https:\/\/tourtravelandmore.com\/wp-content\/uploads\/2022\/10\/pexels-alexandra-holbea-5469523-scaled.jpg\",\"width\":2560,\"height\":1707},{\"@type\":\"BreadcrumbList\",\"@id\":\"https:\/\/tourtravelandmore.com\/fr\/tours\/italie-fr\/palermo-fr\/all-private-tours-activities-fr-8\/tour-prive-a-taormina-depuis-palerme\/#breadcrumb\",\"itemListElement\":[{\"@type\":\"ListItem\",\"position\":1,\"name\":\"Home\",\"item\":\"https:\/\/tourtravelandmore.com\/fr\/\"},{\"@type\":\"ListItem\",\"position\":2,\"name\":\"Tours\",\"item\":\"https:\/\/tourtravelandmore.com\/fr\/tours\/\"},{\"@type\":\"ListItem\",\"position\":3,\"name\":\"Tour priv\u00e9 \u00e0 Taormina depuis Palerme\"}]},{\"@type\":\"WebSite\",\"@id\":\"https:\/\/tourtravelandmore.com\/fr\/#website\",\"url\":\"https:\/\/tourtravelandmore.com\/fr\/\",\"name\":\"Tour Travel And More\",\"description\":\"Private sightseeing tours and luxury transfers in Spain\",\"publisher\":{\"@id\":\"https:\/\/tourtravelandmore.com\/fr\/#organization\"},\"potentialAction\":[{\"@type\":\"SearchAction\",\"target\":{\"@type\":\"EntryPoint\",\"urlTemplate\":\"https:\/\/tourtravelandmore.com\/fr\/?s={search_term_string}\"},\"query-input\":{\"@type\":\"PropertyValueSpecification\",\"valueRequired\":true,\"valueName\":\"search_term_string\"}}],\"inLanguage\":\"fr-FR\"},{\"@type\":\"Organization\",\"@id\":\"https:\/\/tourtravelandmore.com\/fr\/#organization\",\"name\":\"Tour Travel And More\",\"url\":\"https:\/\/tourtravelandmore.com\/fr\/\",\"logo\":{\"@type\":\"ImageObject\",\"inLanguage\":\"fr-FR\",\"@id\":\"https:\/\/tourtravelandmore.com\/fr\/#\/schema\/logo\/image\/\",\"url\":\"https:\/\/tourtravelandmore.com\/wp-content\/uploads\/2022\/12\/cropped-logo-cabecera-new.png\",\"contentUrl\":\"https:\/\/tourtravelandmore.com\/wp-content\/uploads\/2022\/12\/cropped-logo-cabecera-new.png\",\"width\":430,\"height\":61,\"caption\":\"Tour Travel And More\"},\"image\":{\"@id\":\"https:\/\/tourtravelandmore.com\/fr\/#\/schema\/logo\/image\/\"},\"sameAs\":[\"https:\/\/www.facebook.com\/tourtravelandmore\/\",\"https:\/\/x.com\/TourTravel_More\"]}]}<\/script>\n<!-- \/ Yoast SEO Premium plugin. -->","yoast_head_json":{"title":"Visite priv\u00e9e de l'Etna et de Taormina depuis Palerme | Tour Travel & More","description":"Admirez les plus beaux endroits et monuments avec cette excursion priv\u00e9e \u00e0 l'Etna et \u00e0 Taormina depuis Palerme. Saisissez votre chance avec TourTravel&More !","robots":{"index":"index","follow":"follow","max-snippet":"max-snippet:-1","max-image-preview":"max-image-preview:large","max-video-preview":"max-video-preview:-1"},"canonical":"https:\/\/tourtravelandmore.com\/fr\/tours\/italie-fr\/palermo-fr\/all-private-tours-activities-fr-8\/tour-prive-a-taormina-depuis-palerme\/","og_locale":"fr_FR","og_type":"article","og_title":"Tour priv\u00e9 \u00e0 Taormina depuis Palerme","og_description":"Admirez les plus beaux endroits et monuments avec cette excursion priv\u00e9e \u00e0 l'Etna et \u00e0 Taormina depuis Palerme. Saisissez votre chance avec TourTravel&More !","og_url":"https:\/\/tourtravelandmore.com\/fr\/tours\/italie-fr\/palermo-fr\/all-private-tours-activities-fr-8\/tour-prive-a-taormina-depuis-palerme\/","og_site_name":"Tour Travel And More","article_publisher":"https:\/\/www.facebook.com\/tourtravelandmore\/","article_modified_time":"2023-02-08T14:05:57+00:00","og_image":[{"width":2560,"height":1707,"url":"https:\/\/tourtravelandmore.com\/wp-content\/uploads\/2022\/10\/pexels-alexandra-holbea-5469523-scaled.jpg","type":"image\/jpeg"}],"twitter_card":"summary_large_image","twitter_site":"@TourTravel_More","twitter_misc":{"Dur\u00e9e de lecture estim\u00e9e":"2 minutes"},"schema":{"@context":"https:\/\/schema.org","@graph":[{"@type":"WebPage","@id":"https:\/\/tourtravelandmore.com\/fr\/tours\/italie-fr\/palermo-fr\/all-private-tours-activities-fr-8\/tour-prive-a-taormina-depuis-palerme\/","url":"https:\/\/tourtravelandmore.com\/fr\/tours\/italie-fr\/palermo-fr\/all-private-tours-activities-fr-8\/tour-prive-a-taormina-depuis-palerme\/","name":"Visite priv\u00e9e de l'Etna et de Taormina depuis Palerme | Tour Travel & More","isPartOf":{"@id":"https:\/\/tourtravelandmore.com\/fr\/#website"},"primaryImageOfPage":{"@id":"https:\/\/tourtravelandmore.com\/fr\/tours\/italie-fr\/palermo-fr\/all-private-tours-activities-fr-8\/tour-prive-a-taormina-depuis-palerme\/#primaryimage"},"image":{"@id":"https:\/\/tourtravelandmore.com\/fr\/tours\/italie-fr\/palermo-fr\/all-private-tours-activities-fr-8\/tour-prive-a-taormina-depuis-palerme\/#primaryimage"},"thumbnailUrl":"https:\/\/tourtravelandmore.com\/wp-content\/uploads\/2022\/10\/pexels-alexandra-holbea-5469523-scaled.jpg","datePublished":"2022-10-21T18:12:10+00:00","dateModified":"2023-02-08T14:05:57+00:00","description":"Admirez les plus beaux endroits et monuments avec cette excursion priv\u00e9e \u00e0 l'Etna et \u00e0 Taormina depuis Palerme. Saisissez votre chance avec TourTravel&More !","breadcrumb":{"@id":"https:\/\/tourtravelandmore.com\/fr\/tours\/italie-fr\/palermo-fr\/all-private-tours-activities-fr-8\/tour-prive-a-taormina-depuis-palerme\/#breadcrumb"},"inLanguage":"fr-FR","potentialAction":[{"@type":"ReadAction","target":["https:\/\/tourtravelandmore.com\/fr\/tours\/italie-fr\/palermo-fr\/all-private-tours-activities-fr-8\/tour-prive-a-taormina-depuis-palerme\/"]}]},{"@type":"ImageObject","inLanguage":"fr-FR","@id":"https:\/\/tourtravelandmore.com\/fr\/tours\/italie-fr\/palermo-fr\/all-private-tours-activities-fr-8\/tour-prive-a-taormina-depuis-palerme\/#primaryimage","url":"https:\/\/tourtravelandmore.com\/wp-content\/uploads\/2022\/10\/pexels-alexandra-holbea-5469523-scaled.jpg","contentUrl":"https:\/\/tourtravelandmore.com\/wp-content\/uploads\/2022\/10\/pexels-alexandra-holbea-5469523-scaled.jpg","width":2560,"height":1707},{"@type":"BreadcrumbList","@id":"https:\/\/tourtravelandmore.com\/fr\/tours\/italie-fr\/palermo-fr\/all-private-tours-activities-fr-8\/tour-prive-a-taormina-depuis-palerme\/#breadcrumb","itemListElement":[{"@type":"ListItem","position":1,"name":"Home","item":"https:\/\/tourtravelandmore.com\/fr\/"},{"@type":"ListItem","position":2,"name":"Tours","item":"https:\/\/tourtravelandmore.com\/fr\/tours\/"},{"@type":"ListItem","position":3,"name":"Tour priv\u00e9 \u00e0 Taormina depuis Palerme"}]},{"@type":"WebSite","@id":"https:\/\/tourtravelandmore.com\/fr\/#website","url":"https:\/\/tourtravelandmore.com\/fr\/","name":"Tour Travel And More","description":"Private sightseeing tours and luxury transfers in Spain","publisher":{"@id":"https:\/\/tourtravelandmore.com\/fr\/#organization"},"potentialAction":[{"@type":"SearchAction","target":{"@type":"EntryPoint","urlTemplate":"https:\/\/tourtravelandmore.com\/fr\/?s={search_term_string}"},"query-input":{"@type":"PropertyValueSpecification","valueRequired":true,"valueName":"search_term_string"}}],"inLanguage":"fr-FR"},{"@type":"Organization","@id":"https:\/\/tourtravelandmore.com\/fr\/#organization","name":"Tour Travel And More","url":"https:\/\/tourtravelandmore.com\/fr\/","logo":{"@type":"ImageObject","inLanguage":"fr-FR","@id":"https:\/\/tourtravelandmore.com\/fr\/#\/schema\/logo\/image\/","url":"https:\/\/tourtravelandmore.com\/wp-content\/uploads\/2022\/12\/cropped-logo-cabecera-new.png","contentUrl":"https:\/\/tourtravelandmore.com\/wp-content\/uploads\/2022\/12\/cropped-logo-cabecera-new.png","width":430,"height":61,"caption":"Tour Travel And More"},"image":{"@id":"https:\/\/tourtravelandmore.com\/fr\/#\/schema\/logo\/image\/"},"sameAs":["https:\/\/www.facebook.com\/tourtravelandmore\/","https:\/\/x.com\/TourTravel_More"]}]}},"_links":{"self":[{"href":"https:\/\/tourtravelandmore.com\/fr\/wp-json\/wp\/v2\/product\/141323","targetHints":{"allow":["GET"]}}],"collection":[{"href":"https:\/\/tourtravelandmore.com\/fr\/wp-json\/wp\/v2\/product"}],"about":[{"href":"https:\/\/tourtravelandmore.com\/fr\/wp-json\/wp\/v2\/types\/product"}],"replies":[{"embeddable":true,"href":"https:\/\/tourtravelandmore.com\/fr\/wp-json\/wp\/v2\/comments?post=141323"}],"wp:featuredmedia":[{"embeddable":true,"href":"https:\/\/tourtravelandmore.com\/fr\/wp-json\/wp\/v2\/media\/141339"}],"wp:attachment":[{"href":"https:\/\/tourtravelandmore.com\/fr\/wp-json\/wp\/v2\/media?parent=141323"}],"wp:term":[{"taxonomy":"product_brand","embeddable":true,"href":"https:\/\/tourtravelandmore.com\/fr\/wp-json\/wp\/v2\/product_brand?post=141323"},{"taxonomy":"product_cat","embeddable":true,"href":"https:\/\/tourtravelandmore.com\/fr\/wp-json\/wp\/v2\/product_cat?post=141323"},{"taxonomy":"product_tag","embeddable":true,"href":"https:\/\/tourtravelandmore.com\/fr\/wp-json\/wp\/v2\/product_tag?post=141323"}],"curies":[{"name":"wp","href":"https:\/\/api.w.org\/{rel}","templated":true}]}}