{"id":141269,"date":"2022-10-21T16:06:51","date_gmt":"2022-10-21T14:06:56","guid":{"rendered":"https:\/\/tourtravelandmore.com\/?post_type=product&#038;p=141269"},"modified":"2022-11-07T14:23:20","modified_gmt":"2022-11-07T13:23:20","slug":"transfert-de-palerme-a-catane-avec-arret-a-la-vallee-des-temples-dagrigente","status":"publish","type":"product","link":"https:\/\/tourtravelandmore.com\/fr\/tours\/italie-fr\/palermo-fr\/private-transfers-fr-2\/transfert-de-palerme-a-catane-avec-arret-a-la-vallee-des-temples-dagrigente\/","title":{"rendered":"Transfert de Palerme \u00e0 Catane avec arr\u00eat \u00e0 la Vall\u00e9e des Temples d&#8217;Agrigente."},"content":{"rendered":"<h2>Description des transferts de Palerme \u00e0 Catane avec arr\u00eat \u00e0 la Vall\u00e9e des Temples d&#8217;Agrigente.<\/h2>\n<p>Profitez d&#8217;une exp\u00e9rience relaxante dans l&#8217;un de nos luxueux v\u00e9hicules priv\u00e9s avec notre <strong>transfert de Palerme \u00e0 Catane avec arr\u00eat \u00e0 la Vall\u00e9e des Temples d&#8217;Agrigente<\/strong>. Nous vous offrons le moyen le plus <strong>rapide<\/strong> et le plus <strong>facile<\/strong> pour atteindre votre destination finale.<\/p>\n<p>Vous aurez votre propre <strong>guide officiel priv\u00e9<\/strong> \u00e0 Agrigente pendant <strong>2 heures<\/strong>. Il vous aidera \u00e0 conna\u00eetre cette belle ville, et vous aurez des billets d&#8217;entr\u00e9e. En outre, vous serez confortablement install\u00e9 dans votre v\u00e9hicule de luxe priv\u00e9 avec chauffeur parlant anglais.<\/p>\n<p><strong>Agrigente\/Vall\u00e9e des Temples<\/strong> est le site <strong>arch\u00e9ologique<\/strong> le plus fascinant de <strong>Sicile<\/strong>. C&#8217;est l&#8217;une des zones de<strong> ruines grecques<\/strong> les mieux pr\u00e9serv\u00e9es au monde et la plus grande d\u00e9monstration de la civilisation grecque dans la <strong>r\u00e9gion m\u00e9diterran\u00e9enne<\/strong>. En raison de sa grande valeur et de son importance, les ruines ont \u00e9t\u00e9 d\u00e9clar\u00e9es site du patrimoine mondial de l&#8217;UNESCO, sous le nom de <a href=\"https:\/\/es.wikipedia.org\/wiki\/Valle_de_los_Templos\">Vall\u00e9e des Temples.<\/a><\/p>\n<p>Au cours de cette visite priv\u00e9e d&#8217;Agrigente et de la Vall\u00e9e des Temples, vous pourrez admirer l&#8217;architecture de ce site historique.<\/p>\n<p>Nous disposons d&#8217;une large gamme d&#8217;excursions et de transferts au d\u00e9part de Palerme, consultez notre liste <a href=\"https:\/\/tourtravelandmore.com\/fr\/city\/italie-fr\/palermo-fr\/\">d&#8217;excursions priv\u00e9es \u00e0 Palerme.<\/a><\/p>\n<h2><b>Transfert priv\u00e9 Points d&#8217;int\u00e9r\u00eat<\/b><\/h2>\n<p>Nous proposons un service de transfert et offrons un service personnalis\u00e9 et priv\u00e9 pour tous les groupes. Tous nos v\u00e9hicules sont haut de gamme.<\/p>\n<p>Il vous suffit de nous contacter et nous organiserons votre transfert de la meilleure fa\u00e7on possible.<\/p>\n<p>Une fois que vous aurez effectu\u00e9 votre r\u00e9servation, vous recevrez un courriel de confirmation. Nous aurons ensuite besoin de vos informations de vol, de votre heure d&#8217;arriv\u00e9e et des informations sur la compagnie a\u00e9rienne ou la croisi\u00e8re. Entre <strong>48 et 24 heures avant votre heure d&#8217;arriv\u00e9e,<\/strong> nous aurons besoin d&#8217;une confirmation de tous ces d\u00e9tails pour que votre service de transfert soit parfait.<\/p>\n<p><strong>En plus du transport, nous proposons un service avec un arr\u00eat \u00e0 Agrigente, Vall\u00e9e des Temples,<\/strong> cette ville contient de nombreux sites <strong>arch\u00e9ologiques<\/strong> et <strong>mus\u00e9es<\/strong>. De l\u00e0, vous pourrez \u00e9galement admirer les vues \u00e0 couper le souffle que cette ville a \u00e0 offrir.<\/p>\n<p>C&#8217;est une exp\u00e9rience parfaite pour ceux qui aiment l&#8217;histoire, l&#8217;architecture et qui sont pr\u00eats \u00e0 en apprendre beaucoup.<\/p>\n<p><strong>La vall\u00e9e des temples<\/strong> est l&#8217;un des plus vastes parcs <strong>arch\u00e9ologiques<\/strong> de la <strong>civilisation<\/strong> <strong>grecque<\/strong>. Il a \u00e9t\u00e9 inscrit sur la liste du <strong>patrimoine mondial italien en 1997<\/strong> et est, sans surprise, l&#8217;un des plus c\u00e9l\u00e8bres de la r\u00e9gion.<\/p>\n<p>Nous ne limitons pas la quantit\u00e9 de bagages. Mais veuillez nous informer du nombre de bagages que vous emporterez, pour des raisons logistiques uniquement. Parfois, un v\u00e9hicule plus grand peut \u00eatre n\u00e9cessaire et des frais suppl\u00e9mentaires peuvent s&#8217;appliquer.<\/p>\n<p>Si vous avez besoin d&#8217;un si\u00e8ge b\u00e9b\u00e9 ou d&#8217;un si\u00e8ge enfant, veuillez nous contacter avant votre vol ou votre croisi\u00e8re afin de prendre les dispositions n\u00e9cessaires.<\/p>\n","protected":false},"excerpt":{"rendered":"<p>Profitez d&#8217;une exp\u00e9rience relaxante dans l&#8217;un de nos<strong> luxueux v\u00e9hicules priv\u00e9s<\/strong> avec notre <strong>transfert de Palerme \u00e0 Catane avec arr\u00eat \u00e0 la Vall\u00e9e des Temples d&#8217;Agrigente.<\/strong> Nous vous offrons le moyen le plus <strong>rapide<\/strong> et le plus <strong>facile<\/strong> pour atteindre votre destination finale.<\/p>\n","protected":false},"featured_media":141282,"comment_status":"open","ping_status":"closed","template":"","meta":{"_acf_changed":false},"product_brand":[],"product_cat":[3701,4207],"product_tag":[],"class_list":{"0":"post-141269","1":"product","2":"type-product","3":"status-publish","4":"has-post-thumbnail","6":"product_cat-palermo-fr","7":"product_cat-private-transfers-fr-2","9":"first","10":"instock","11":"shipping-taxable","12":"purchasable","13":"product-type-simple"},"acf":[],"yoast_head":"<!-- This site is optimized with the Yoast SEO Premium plugin v25.3.1 (Yoast SEO v25.3.1) - https:\/\/yoast.com\/wordpress\/plugins\/seo\/ -->\n<title>Transfert de Palerme \u00e0 Catane et \u00e0 la Vall\u00e9e des Temples | TTM<\/title>\n<meta name=\"description\" content=\"Prenez un transfert priv\u00e9 de Palerme \u00e0 Catane avec arr\u00eat \u00e0 la vall\u00e9e des temples d&#039;Agrigente avec Tour Travel &amp; More\u2705.\" \/>\n<meta name=\"robots\" content=\"index, follow, max-snippet:-1, max-image-preview:large, max-video-preview:-1\" \/>\n<link rel=\"canonical\" href=\"https:\/\/tourtravelandmore.com\/fr\/tours\/italie-fr\/palermo-fr\/private-transfers-fr-2\/transfert-de-palerme-a-catane-avec-arret-a-la-vallee-des-temples-dagrigente\/\" \/>\n<meta property=\"og:locale\" content=\"fr_FR\" \/>\n<meta property=\"og:type\" content=\"article\" \/>\n<meta property=\"og:title\" content=\"Transfert de Palerme \u00e0 Catane avec arr\u00eat \u00e0 la Vall\u00e9e des Temples d&#039;Agrigente.\" \/>\n<meta property=\"og:description\" content=\"Prenez un transfert priv\u00e9 de Palerme \u00e0 Catane avec arr\u00eat \u00e0 la vall\u00e9e des temples d&#039;Agrigente avec Tour Travel &amp; More\u2705.\" \/>\n<meta property=\"og:url\" content=\"https:\/\/tourtravelandmore.com\/fr\/tours\/italie-fr\/palermo-fr\/private-transfers-fr-2\/transfert-de-palerme-a-catane-avec-arret-a-la-vallee-des-temples-dagrigente\/\" \/>\n<meta property=\"og:site_name\" content=\"Tour Travel And More\" \/>\n<meta property=\"article:publisher\" content=\"https:\/\/www.facebook.com\/tourtravelandmore\/\" \/>\n<meta property=\"article:modified_time\" content=\"2022-11-07T13:23:20+00:00\" \/>\n<meta property=\"og:image\" content=\"https:\/\/tourtravelandmore.com\/wp-content\/uploads\/2022\/10\/pexels-jose-barbosa-10765309-scaled.jpg\" \/>\n\t<meta property=\"og:image:width\" content=\"2560\" \/>\n\t<meta property=\"og:image:height\" content=\"1738\" \/>\n\t<meta property=\"og:image:type\" content=\"image\/jpeg\" \/>\n<meta name=\"twitter:card\" content=\"summary_large_image\" \/>\n<meta name=\"twitter:site\" content=\"@TourTravel_More\" \/>\n<meta name=\"twitter:label1\" content=\"Dur\u00e9e de lecture estim\u00e9e\" \/>\n\t<meta name=\"twitter:data1\" content=\"3 minutes\" \/>\n<script type=\"application\/ld+json\" class=\"yoast-schema-graph\">{\"@context\":\"https:\/\/schema.org\",\"@graph\":[{\"@type\":\"WebPage\",\"@id\":\"https:\/\/tourtravelandmore.com\/fr\/tours\/italie-fr\/palermo-fr\/private-transfers-fr-2\/transfert-de-palerme-a-catane-avec-arret-a-la-vallee-des-temples-dagrigente\/\",\"url\":\"https:\/\/tourtravelandmore.com\/fr\/tours\/italie-fr\/palermo-fr\/private-transfers-fr-2\/transfert-de-palerme-a-catane-avec-arret-a-la-vallee-des-temples-dagrigente\/\",\"name\":\"Transfert de Palerme \u00e0 Catane et \u00e0 la Vall\u00e9e des Temples | TTM\",\"isPartOf\":{\"@id\":\"https:\/\/tourtravelandmore.com\/fr\/#website\"},\"primaryImageOfPage\":{\"@id\":\"https:\/\/tourtravelandmore.com\/fr\/tours\/italie-fr\/palermo-fr\/private-transfers-fr-2\/transfert-de-palerme-a-catane-avec-arret-a-la-vallee-des-temples-dagrigente\/#primaryimage\"},\"image\":{\"@id\":\"https:\/\/tourtravelandmore.com\/fr\/tours\/italie-fr\/palermo-fr\/private-transfers-fr-2\/transfert-de-palerme-a-catane-avec-arret-a-la-vallee-des-temples-dagrigente\/#primaryimage\"},\"thumbnailUrl\":\"https:\/\/tourtravelandmore.com\/wp-content\/uploads\/2022\/10\/pexels-jose-barbosa-10765309-scaled.jpg\",\"datePublished\":\"2022-10-21T14:06:56+00:00\",\"dateModified\":\"2022-11-07T13:23:20+00:00\",\"description\":\"Prenez un transfert priv\u00e9 de Palerme \u00e0 Catane avec arr\u00eat \u00e0 la vall\u00e9e des temples d'Agrigente avec Tour Travel & More\u2705.\",\"breadcrumb\":{\"@id\":\"https:\/\/tourtravelandmore.com\/fr\/tours\/italie-fr\/palermo-fr\/private-transfers-fr-2\/transfert-de-palerme-a-catane-avec-arret-a-la-vallee-des-temples-dagrigente\/#breadcrumb\"},\"inLanguage\":\"fr-FR\",\"potentialAction\":[{\"@type\":\"ReadAction\",\"target\":[\"https:\/\/tourtravelandmore.com\/fr\/tours\/italie-fr\/palermo-fr\/private-transfers-fr-2\/transfert-de-palerme-a-catane-avec-arret-a-la-vallee-des-temples-dagrigente\/\"]}]},{\"@type\":\"ImageObject\",\"inLanguage\":\"fr-FR\",\"@id\":\"https:\/\/tourtravelandmore.com\/fr\/tours\/italie-fr\/palermo-fr\/private-transfers-fr-2\/transfert-de-palerme-a-catane-avec-arret-a-la-vallee-des-temples-dagrigente\/#primaryimage\",\"url\":\"https:\/\/tourtravelandmore.com\/wp-content\/uploads\/2022\/10\/pexels-jose-barbosa-10765309-scaled.jpg\",\"contentUrl\":\"https:\/\/tourtravelandmore.com\/wp-content\/uploads\/2022\/10\/pexels-jose-barbosa-10765309-scaled.jpg\",\"width\":2560,\"height\":1738},{\"@type\":\"BreadcrumbList\",\"@id\":\"https:\/\/tourtravelandmore.com\/fr\/tours\/italie-fr\/palermo-fr\/private-transfers-fr-2\/transfert-de-palerme-a-catane-avec-arret-a-la-vallee-des-temples-dagrigente\/#breadcrumb\",\"itemListElement\":[{\"@type\":\"ListItem\",\"position\":1,\"name\":\"Home\",\"item\":\"https:\/\/tourtravelandmore.com\/fr\/\"},{\"@type\":\"ListItem\",\"position\":2,\"name\":\"Tours\",\"item\":\"https:\/\/tourtravelandmore.com\/fr\/tours\/\"},{\"@type\":\"ListItem\",\"position\":3,\"name\":\"Transfert de Palerme \u00e0 Catane avec arr\u00eat \u00e0 la Vall\u00e9e des Temples d&rsquo;Agrigente.\"}]},{\"@type\":\"WebSite\",\"@id\":\"https:\/\/tourtravelandmore.com\/fr\/#website\",\"url\":\"https:\/\/tourtravelandmore.com\/fr\/\",\"name\":\"Tour Travel And More\",\"description\":\"Private sightseeing tours and luxury transfers in Spain\",\"publisher\":{\"@id\":\"https:\/\/tourtravelandmore.com\/fr\/#organization\"},\"potentialAction\":[{\"@type\":\"SearchAction\",\"target\":{\"@type\":\"EntryPoint\",\"urlTemplate\":\"https:\/\/tourtravelandmore.com\/fr\/?s={search_term_string}\"},\"query-input\":{\"@type\":\"PropertyValueSpecification\",\"valueRequired\":true,\"valueName\":\"search_term_string\"}}],\"inLanguage\":\"fr-FR\"},{\"@type\":\"Organization\",\"@id\":\"https:\/\/tourtravelandmore.com\/fr\/#organization\",\"name\":\"Tour Travel And More\",\"url\":\"https:\/\/tourtravelandmore.com\/fr\/\",\"logo\":{\"@type\":\"ImageObject\",\"inLanguage\":\"fr-FR\",\"@id\":\"https:\/\/tourtravelandmore.com\/fr\/#\/schema\/logo\/image\/\",\"url\":\"https:\/\/tourtravelandmore.com\/wp-content\/uploads\/2022\/12\/cropped-logo-cabecera-new.png\",\"contentUrl\":\"https:\/\/tourtravelandmore.com\/wp-content\/uploads\/2022\/12\/cropped-logo-cabecera-new.png\",\"width\":430,\"height\":61,\"caption\":\"Tour Travel And More\"},\"image\":{\"@id\":\"https:\/\/tourtravelandmore.com\/fr\/#\/schema\/logo\/image\/\"},\"sameAs\":[\"https:\/\/www.facebook.com\/tourtravelandmore\/\",\"https:\/\/x.com\/TourTravel_More\"]}]}<\/script>\n<!-- \/ Yoast SEO Premium plugin. -->","yoast_head_json":{"title":"Transfert de Palerme \u00e0 Catane et \u00e0 la Vall\u00e9e des Temples | TTM","description":"Prenez un transfert priv\u00e9 de Palerme \u00e0 Catane avec arr\u00eat \u00e0 la vall\u00e9e des temples d'Agrigente avec Tour Travel & More\u2705.","robots":{"index":"index","follow":"follow","max-snippet":"max-snippet:-1","max-image-preview":"max-image-preview:large","max-video-preview":"max-video-preview:-1"},"canonical":"https:\/\/tourtravelandmore.com\/fr\/tours\/italie-fr\/palermo-fr\/private-transfers-fr-2\/transfert-de-palerme-a-catane-avec-arret-a-la-vallee-des-temples-dagrigente\/","og_locale":"fr_FR","og_type":"article","og_title":"Transfert de Palerme \u00e0 Catane avec arr\u00eat \u00e0 la Vall\u00e9e des Temples d'Agrigente.","og_description":"Prenez un transfert priv\u00e9 de Palerme \u00e0 Catane avec arr\u00eat \u00e0 la vall\u00e9e des temples d'Agrigente avec Tour Travel & More\u2705.","og_url":"https:\/\/tourtravelandmore.com\/fr\/tours\/italie-fr\/palermo-fr\/private-transfers-fr-2\/transfert-de-palerme-a-catane-avec-arret-a-la-vallee-des-temples-dagrigente\/","og_site_name":"Tour Travel And More","article_publisher":"https:\/\/www.facebook.com\/tourtravelandmore\/","article_modified_time":"2022-11-07T13:23:20+00:00","og_image":[{"width":2560,"height":1738,"url":"https:\/\/tourtravelandmore.com\/wp-content\/uploads\/2022\/10\/pexels-jose-barbosa-10765309-scaled.jpg","type":"image\/jpeg"}],"twitter_card":"summary_large_image","twitter_site":"@TourTravel_More","twitter_misc":{"Dur\u00e9e de lecture estim\u00e9e":"3 minutes"},"schema":{"@context":"https:\/\/schema.org","@graph":[{"@type":"WebPage","@id":"https:\/\/tourtravelandmore.com\/fr\/tours\/italie-fr\/palermo-fr\/private-transfers-fr-2\/transfert-de-palerme-a-catane-avec-arret-a-la-vallee-des-temples-dagrigente\/","url":"https:\/\/tourtravelandmore.com\/fr\/tours\/italie-fr\/palermo-fr\/private-transfers-fr-2\/transfert-de-palerme-a-catane-avec-arret-a-la-vallee-des-temples-dagrigente\/","name":"Transfert de Palerme \u00e0 Catane et \u00e0 la Vall\u00e9e des Temples | TTM","isPartOf":{"@id":"https:\/\/tourtravelandmore.com\/fr\/#website"},"primaryImageOfPage":{"@id":"https:\/\/tourtravelandmore.com\/fr\/tours\/italie-fr\/palermo-fr\/private-transfers-fr-2\/transfert-de-palerme-a-catane-avec-arret-a-la-vallee-des-temples-dagrigente\/#primaryimage"},"image":{"@id":"https:\/\/tourtravelandmore.com\/fr\/tours\/italie-fr\/palermo-fr\/private-transfers-fr-2\/transfert-de-palerme-a-catane-avec-arret-a-la-vallee-des-temples-dagrigente\/#primaryimage"},"thumbnailUrl":"https:\/\/tourtravelandmore.com\/wp-content\/uploads\/2022\/10\/pexels-jose-barbosa-10765309-scaled.jpg","datePublished":"2022-10-21T14:06:56+00:00","dateModified":"2022-11-07T13:23:20+00:00","description":"Prenez un transfert priv\u00e9 de Palerme \u00e0 Catane avec arr\u00eat \u00e0 la vall\u00e9e des temples d'Agrigente avec Tour Travel & More\u2705.","breadcrumb":{"@id":"https:\/\/tourtravelandmore.com\/fr\/tours\/italie-fr\/palermo-fr\/private-transfers-fr-2\/transfert-de-palerme-a-catane-avec-arret-a-la-vallee-des-temples-dagrigente\/#breadcrumb"},"inLanguage":"fr-FR","potentialAction":[{"@type":"ReadAction","target":["https:\/\/tourtravelandmore.com\/fr\/tours\/italie-fr\/palermo-fr\/private-transfers-fr-2\/transfert-de-palerme-a-catane-avec-arret-a-la-vallee-des-temples-dagrigente\/"]}]},{"@type":"ImageObject","inLanguage":"fr-FR","@id":"https:\/\/tourtravelandmore.com\/fr\/tours\/italie-fr\/palermo-fr\/private-transfers-fr-2\/transfert-de-palerme-a-catane-avec-arret-a-la-vallee-des-temples-dagrigente\/#primaryimage","url":"https:\/\/tourtravelandmore.com\/wp-content\/uploads\/2022\/10\/pexels-jose-barbosa-10765309-scaled.jpg","contentUrl":"https:\/\/tourtravelandmore.com\/wp-content\/uploads\/2022\/10\/pexels-jose-barbosa-10765309-scaled.jpg","width":2560,"height":1738},{"@type":"BreadcrumbList","@id":"https:\/\/tourtravelandmore.com\/fr\/tours\/italie-fr\/palermo-fr\/private-transfers-fr-2\/transfert-de-palerme-a-catane-avec-arret-a-la-vallee-des-temples-dagrigente\/#breadcrumb","itemListElement":[{"@type":"ListItem","position":1,"name":"Home","item":"https:\/\/tourtravelandmore.com\/fr\/"},{"@type":"ListItem","position":2,"name":"Tours","item":"https:\/\/tourtravelandmore.com\/fr\/tours\/"},{"@type":"ListItem","position":3,"name":"Transfert de Palerme \u00e0 Catane avec arr\u00eat \u00e0 la Vall\u00e9e des Temples d&rsquo;Agrigente."}]},{"@type":"WebSite","@id":"https:\/\/tourtravelandmore.com\/fr\/#website","url":"https:\/\/tourtravelandmore.com\/fr\/","name":"Tour Travel And More","description":"Private sightseeing tours and luxury transfers in Spain","publisher":{"@id":"https:\/\/tourtravelandmore.com\/fr\/#organization"},"potentialAction":[{"@type":"SearchAction","target":{"@type":"EntryPoint","urlTemplate":"https:\/\/tourtravelandmore.com\/fr\/?s={search_term_string}"},"query-input":{"@type":"PropertyValueSpecification","valueRequired":true,"valueName":"search_term_string"}}],"inLanguage":"fr-FR"},{"@type":"Organization","@id":"https:\/\/tourtravelandmore.com\/fr\/#organization","name":"Tour Travel And More","url":"https:\/\/tourtravelandmore.com\/fr\/","logo":{"@type":"ImageObject","inLanguage":"fr-FR","@id":"https:\/\/tourtravelandmore.com\/fr\/#\/schema\/logo\/image\/","url":"https:\/\/tourtravelandmore.com\/wp-content\/uploads\/2022\/12\/cropped-logo-cabecera-new.png","contentUrl":"https:\/\/tourtravelandmore.com\/wp-content\/uploads\/2022\/12\/cropped-logo-cabecera-new.png","width":430,"height":61,"caption":"Tour Travel And More"},"image":{"@id":"https:\/\/tourtravelandmore.com\/fr\/#\/schema\/logo\/image\/"},"sameAs":["https:\/\/www.facebook.com\/tourtravelandmore\/","https:\/\/x.com\/TourTravel_More"]}]}},"_links":{"self":[{"href":"https:\/\/tourtravelandmore.com\/fr\/wp-json\/wp\/v2\/product\/141269","targetHints":{"allow":["GET"]}}],"collection":[{"href":"https:\/\/tourtravelandmore.com\/fr\/wp-json\/wp\/v2\/product"}],"about":[{"href":"https:\/\/tourtravelandmore.com\/fr\/wp-json\/wp\/v2\/types\/product"}],"replies":[{"embeddable":true,"href":"https:\/\/tourtravelandmore.com\/fr\/wp-json\/wp\/v2\/comments?post=141269"}],"wp:featuredmedia":[{"embeddable":true,"href":"https:\/\/tourtravelandmore.com\/fr\/wp-json\/wp\/v2\/media\/141282"}],"wp:attachment":[{"href":"https:\/\/tourtravelandmore.com\/fr\/wp-json\/wp\/v2\/media?parent=141269"}],"wp:term":[{"taxonomy":"product_brand","embeddable":true,"href":"https:\/\/tourtravelandmore.com\/fr\/wp-json\/wp\/v2\/product_brand?post=141269"},{"taxonomy":"product_cat","embeddable":true,"href":"https:\/\/tourtravelandmore.com\/fr\/wp-json\/wp\/v2\/product_cat?post=141269"},{"taxonomy":"product_tag","embeddable":true,"href":"https:\/\/tourtravelandmore.com\/fr\/wp-json\/wp\/v2\/product_tag?post=141269"}],"curies":[{"name":"wp","href":"https:\/\/api.w.org\/{rel}","templated":true}]}}