{"id":140582,"date":"2022-10-14T20:54:03","date_gmt":"2022-10-14T18:54:14","guid":{"rendered":"https:\/\/tourtravelandmore.com\/?post_type=product&#038;p=140582"},"modified":"2024-02-27T14:04:08","modified_gmt":"2024-02-27T13:04:08","slug":"excursion-privee-a-arcos-de-la-frontera-el-bosque-et-ubrique-avec-degustation-de-fromage-depuis-cadix","status":"publish","type":"product","link":"https:\/\/tourtravelandmore.com\/fr\/tours\/espagne-fr\/cadiz-fr\/private-sightseeing-tours-fr-8\/excursion-privee-a-arcos-de-la-frontera-el-bosque-et-ubrique-avec-degustation-de-fromage-depuis-cadix\/","title":{"rendered":"Excursion priv\u00e9e \u00e0 Arcos de la Frontera, El Bosque et Ubrique avec d\u00e9gustation de fromage depuis Cadix"},"content":{"rendered":"<h2>Description<\/h2>\n<p>Profitez de cette <strong>visite priv\u00e9e \u00e0 <a href=\"https:\/\/es.wikipedia.org\/wiki\/Arcos_de_la_Frontera\">Arcos de la Frontera<\/a>, El Bosque et Ubrique avec d\u00e9gustation de fromage de Cadix<\/strong> et apprenez \u00e0 conna\u00eetre l&#8217;une des villes les plus importantes d&#8217;Andalousie. Il comprend un v\u00e9hicule avec chauffeur et votre guide officiel qui vous aidera \u00e0 mieux conna\u00eetre ces charmantes villes.<\/p>\n<p><strong>Arcos de la Frontera<\/strong> est une ville et une municipalit\u00e9 espagnole de la province de Cadix, en Andalousie. C&#8217;est la municipalit\u00e9 la plus peupl\u00e9e de la r\u00e9gion de la Sierra de C\u00e1diz et aussi la plus grande.<\/p>\n<p><strong>El Bosque<\/strong> est une municipalit\u00e9 espagnole de la province de Cadix, en Andalousie. Elle est situ\u00e9e au nord-est de la province, plus pr\u00e9cis\u00e9ment au pied de la Sierra de Grazalema, sur les rives de la rivi\u00e8re Majaceite, et son district municipal est au pied de la Sierra de Grazalema.<\/p>\n<p>\u00c0 la convergence des parcs naturels de Grazalema et de Los Alcornocales se trouve Ubrique, qui a \u00e9t\u00e9 d\u00e9clar\u00e9e site historique. Son origine romaine est attest\u00e9e par l&#8217;ancienne voie romaine entre <strong>Ubrique<\/strong> et Benaocaz et, surtout, par le pr\u00e9cieux site d&#8217;Ocuri, avec un monument fun\u00e9raire de type columbarium dont il existe tr\u00e8s peu d&#8217;\u00e9quivalents dans la p\u00e9ninsule ib\u00e9rique. De la culture musulmane, il reste les vestiges de la forteresse de Cardela.<\/p>\n<p>En outre, lors de cette visite priv\u00e9e \u00e0 Arcos de la Frontera, la for\u00eat et Ubrique avec d\u00e9gustation de fromage de Cadix, nous visiterons <strong>El Bosque\u00f1o<\/strong>, o\u00f9 vous aurez une d\u00e9gustation de fromage et apprendrez \u00e0 conna\u00eetre sa production.<\/p>\n<p>La dur\u00e9e de cette visite est de<strong> 8 heures<\/strong> et elle est enti\u00e8rement priv\u00e9e. Tour, Travel &amp; More vous propose un service o\u00f9 vous pouvez choisir l&#8217;heure et le lieu de d\u00e9part.<\/p>\n<h2>Sites d&#8217;int\u00e9r\u00eat et monuments Excursion priv\u00e9e \u00e0 Arcos de la Frontera, El Bosque et Ubrique avec d\u00e9gustation de fromage depuis Cadix<\/h2>\n<p>\u00c0 l&#8217;heure choisie, notre guide et notre chauffeur priv\u00e9 viendront vous chercher pour commencer votre circuit, \u00e0 l&#8217;endroit de votre choix.<\/p>\n<p><strong>Arcos de la Frontera<\/strong> est l&#8217;un des beaux villages de Cadix qui font partie de ce que l&#8217;on appelle les villages blancs de Cadix.<\/p>\n<p>Dans le cadre de cette visite priv\u00e9e d&#8217;Arcos de la Frontera, de la for\u00eat et d&#8217;Ubrique avec d\u00e9gustation de fromage de Cadix, nous pourrons visiter diff\u00e9rents points touristiques de cette ville, comme par exemple :<\/p>\n<ul>\n<li><strong>Plaza del Cabildo.<\/strong><\/li>\n<li><strong>Basilique mineure de Santa Mar\u00eda de la Asunci\u00f3n.<\/strong><\/li>\n<li><strong>Couvent des Mercedarias.<\/strong><\/li>\n<li><strong>\u00c9glise de San Pedro.<\/strong><\/li>\n<li><strong>Ch\u00e2teau d&#8217;Arcos de la Frontera.<\/strong><\/li>\n<li><strong>La porte de Matrera.<\/strong><\/li>\n<li><strong>La route des miradors d&#8217;Arcos de la Frontera.<\/strong><\/li>\n<\/ul>\n<p><strong>Ubrique<\/strong> est une municipalit\u00e9 situ\u00e9e dans la <strong>Sierra de C\u00e1diz<\/strong> avec une population d&#8217;environ 20 000 habitants. L&#8217;histoire d&#8217;Ubrique remonte \u00e0 l&#8217;\u00e9poque romaine, dont il reste des vestiges de ses constructions.<\/p>\n<p>Les plus remarquables sont les ruines romaines d&#8217;Ocuri (Ocvri) et la voie romaine qui relie la municipalit\u00e9 \u00e0 Benaocaz.<\/p>\n<p>Dans cette belle ville, nous visiterons des endroits tels que :<\/p>\n<ul>\n<li><strong>Site arch\u00e9ologique d&#8217;Ocuri.<\/strong><\/li>\n<li><strong>Parc Rafael Alberti<\/strong><\/li>\n<li><strong>Hermitage of San Antonio<\/strong><\/li>\n<li><strong>\u00c9glise de Nuestro Padre Jes\u00fas Nazareno<\/strong><\/li>\n<li><strong>Couvent des Capucins<\/strong><\/li>\n<li><strong>Exposition permanente &#8220;Mains et magie dans la peau&#8221;.<\/strong><\/li>\n<\/ul>\n<p>Au c\u0153ur de la Sierra de Albarrac\u00edn, \u00e0 c\u00f4t\u00e9 de la rivi\u00e8re Majaceite et entour\u00e9e de vall\u00e9es, nous pouvons voir l&#8217;ancienne maison de retraite des ducs d&#8217;Arcos, avec ses rues blanches parsem\u00e9es de fontaines et de fleurs.<\/p>\n<p>Vous pourrez voir des endroits tels que<\/p>\n<ul>\n<li><strong>Palais Ducal. Son architecture est une architecture militaire d\u00e9fensive typique des 15\u00e8me et 16\u00e8me si\u00e8cles. <\/strong><\/li>\n<li><strong>Callej\u00f3n de la Fragua. <\/strong><\/li>\n<li><strong>Mus\u00e9e du fromage El Bosque. <\/strong><\/li>\n<li><strong>Molino de Abajo. <\/strong><\/li>\n<li><strong>Jardin botanique.<\/strong><\/li>\n<li><strong>Itin\u00e9raires de randonn\u00e9e. <\/strong><\/li>\n<li><strong>Route des villages blancs. <\/strong><\/li>\n<li><strong>Festivals typiques.<\/strong><\/li>\n<\/ul>\n<p>Si vous disposez de plus de jours dans la ville de Cadix, vous pouvez consulter<a href=\"https:\/\/tourtravelandmore.com\/fr\/city\/espagne-fr\/cadiz-fr\/\"> ici le reste de nos visites priv\u00e9es.<\/a><\/p>\n","protected":false},"excerpt":{"rendered":"<p>Profitez de cette visite <strong>priv\u00e9e \u00e0 Arcos de la Frontera, El Bosque et Ubrique avec d\u00e9gustation de fromage de Cadix<\/strong> et apprenez \u00e0 conna\u00eetre l&#8217;une des villes les plus importantes d&#8217;Andalousie. Il comprend un v\u00e9hicule avec chauffeur et votre guide officiel qui vous aidera \u00e0 mieux conna\u00eetre ces charmantes villes.<\/p>\n","protected":false},"featured_media":140595,"comment_status":"open","ping_status":"closed","template":"","meta":{"_acf_changed":false},"product_brand":[],"product_cat":[3572,4200,4198,4199,4201],"product_tag":[],"class_list":{"0":"post-140582","1":"product","2":"type-product","3":"status-publish","4":"has-post-thumbnail","6":"product_cat-cadiz-fr","7":"product_cat-all-private-tours-activities-fr-70","8":"product_cat-private-sightseeing-tours-fr-8","9":"product_cat-private-day-trips-fr-2","10":"product_cat-private-shore-excursions-fr-2","12":"first","13":"instock","14":"shipping-taxable","15":"purchasable","16":"product-type-simple"},"acf":[],"yoast_head":"<!-- This site is optimized with the Yoast SEO Premium plugin v25.3.1 (Yoast SEO v25.3.1) - https:\/\/yoast.com\/wordpress\/plugins\/seo\/ -->\n<title>Visite priv\u00e9e d&#039;Arcos de la Frontera, El Bosque et Ubrique depuis Cadix-TTM<\/title>\n<meta name=\"description\" content=\"Visite priv\u00e9e d&#039;Arcos de la Frontera, El Bosque et Ubrique avec d\u00e9gustation de fromage de Cadix. Saisissez l&#039;occasion de visiter cet endroit magnifique avec TTM.\" \/>\n<meta name=\"robots\" content=\"index, follow, max-snippet:-1, max-image-preview:large, max-video-preview:-1\" \/>\n<link rel=\"canonical\" href=\"https:\/\/tourtravelandmore.com\/fr\/tours\/espagne-fr\/cadiz-fr\/private-sightseeing-tours-fr-8\/excursion-privee-a-arcos-de-la-frontera-el-bosque-et-ubrique-avec-degustation-de-fromage-depuis-cadix\/\" \/>\n<meta property=\"og:locale\" content=\"fr_FR\" \/>\n<meta property=\"og:type\" content=\"article\" \/>\n<meta property=\"og:title\" content=\"Excursion priv\u00e9e \u00e0 Arcos de la Frontera, El Bosque et Ubrique avec d\u00e9gustation de fromage depuis Cadix\" \/>\n<meta property=\"og:description\" content=\"Visite priv\u00e9e d&#039;Arcos de la Frontera, El Bosque et Ubrique avec d\u00e9gustation de fromage de Cadix. Saisissez l&#039;occasion de visiter cet endroit magnifique avec TTM.\" \/>\n<meta property=\"og:url\" content=\"https:\/\/tourtravelandmore.com\/fr\/tours\/espagne-fr\/cadiz-fr\/private-sightseeing-tours-fr-8\/excursion-privee-a-arcos-de-la-frontera-el-bosque-et-ubrique-avec-degustation-de-fromage-depuis-cadix\/\" \/>\n<meta property=\"og:site_name\" content=\"Tour Travel And More\" \/>\n<meta property=\"article:publisher\" content=\"https:\/\/www.facebook.com\/tourtravelandmore\/\" \/>\n<meta property=\"article:modified_time\" content=\"2024-02-27T13:04:08+00:00\" \/>\n<meta property=\"og:image\" content=\"https:\/\/tourtravelandmore.com\/wp-content\/uploads\/2022\/10\/p-arcos.jpg\" \/>\n\t<meta property=\"og:image:width\" content=\"2427\" \/>\n\t<meta property=\"og:image:height\" content=\"1625\" \/>\n\t<meta property=\"og:image:type\" content=\"image\/jpeg\" \/>\n<meta name=\"twitter:card\" content=\"summary_large_image\" \/>\n<meta name=\"twitter:site\" content=\"@TourTravel_More\" \/>\n<meta name=\"twitter:label1\" content=\"Dur\u00e9e de lecture estim\u00e9e\" \/>\n\t<meta name=\"twitter:data1\" content=\"3 minutes\" \/>\n<script type=\"application\/ld+json\" class=\"yoast-schema-graph\">{\"@context\":\"https:\/\/schema.org\",\"@graph\":[{\"@type\":\"WebPage\",\"@id\":\"https:\/\/tourtravelandmore.com\/fr\/tours\/espagne-fr\/cadiz-fr\/private-sightseeing-tours-fr-8\/excursion-privee-a-arcos-de-la-frontera-el-bosque-et-ubrique-avec-degustation-de-fromage-depuis-cadix\/\",\"url\":\"https:\/\/tourtravelandmore.com\/fr\/tours\/espagne-fr\/cadiz-fr\/private-sightseeing-tours-fr-8\/excursion-privee-a-arcos-de-la-frontera-el-bosque-et-ubrique-avec-degustation-de-fromage-depuis-cadix\/\",\"name\":\"Visite priv\u00e9e d'Arcos de la Frontera, El Bosque et Ubrique depuis Cadix-TTM\",\"isPartOf\":{\"@id\":\"https:\/\/tourtravelandmore.com\/fr\/#website\"},\"primaryImageOfPage\":{\"@id\":\"https:\/\/tourtravelandmore.com\/fr\/tours\/espagne-fr\/cadiz-fr\/private-sightseeing-tours-fr-8\/excursion-privee-a-arcos-de-la-frontera-el-bosque-et-ubrique-avec-degustation-de-fromage-depuis-cadix\/#primaryimage\"},\"image\":{\"@id\":\"https:\/\/tourtravelandmore.com\/fr\/tours\/espagne-fr\/cadiz-fr\/private-sightseeing-tours-fr-8\/excursion-privee-a-arcos-de-la-frontera-el-bosque-et-ubrique-avec-degustation-de-fromage-depuis-cadix\/#primaryimage\"},\"thumbnailUrl\":\"https:\/\/tourtravelandmore.com\/wp-content\/uploads\/2022\/10\/p-arcos.jpg\",\"datePublished\":\"2022-10-14T18:54:14+00:00\",\"dateModified\":\"2024-02-27T13:04:08+00:00\",\"description\":\"Visite priv\u00e9e d'Arcos de la Frontera, El Bosque et Ubrique avec d\u00e9gustation de fromage de Cadix. Saisissez l'occasion de visiter cet endroit magnifique avec TTM.\",\"breadcrumb\":{\"@id\":\"https:\/\/tourtravelandmore.com\/fr\/tours\/espagne-fr\/cadiz-fr\/private-sightseeing-tours-fr-8\/excursion-privee-a-arcos-de-la-frontera-el-bosque-et-ubrique-avec-degustation-de-fromage-depuis-cadix\/#breadcrumb\"},\"inLanguage\":\"fr-FR\",\"potentialAction\":[{\"@type\":\"ReadAction\",\"target\":[\"https:\/\/tourtravelandmore.com\/fr\/tours\/espagne-fr\/cadiz-fr\/private-sightseeing-tours-fr-8\/excursion-privee-a-arcos-de-la-frontera-el-bosque-et-ubrique-avec-degustation-de-fromage-depuis-cadix\/\"]}]},{\"@type\":\"ImageObject\",\"inLanguage\":\"fr-FR\",\"@id\":\"https:\/\/tourtravelandmore.com\/fr\/tours\/espagne-fr\/cadiz-fr\/private-sightseeing-tours-fr-8\/excursion-privee-a-arcos-de-la-frontera-el-bosque-et-ubrique-avec-degustation-de-fromage-depuis-cadix\/#primaryimage\",\"url\":\"https:\/\/tourtravelandmore.com\/wp-content\/uploads\/2022\/10\/p-arcos.jpg\",\"contentUrl\":\"https:\/\/tourtravelandmore.com\/wp-content\/uploads\/2022\/10\/p-arcos.jpg\",\"width\":2427,\"height\":1625},{\"@type\":\"BreadcrumbList\",\"@id\":\"https:\/\/tourtravelandmore.com\/fr\/tours\/espagne-fr\/cadiz-fr\/private-sightseeing-tours-fr-8\/excursion-privee-a-arcos-de-la-frontera-el-bosque-et-ubrique-avec-degustation-de-fromage-depuis-cadix\/#breadcrumb\",\"itemListElement\":[{\"@type\":\"ListItem\",\"position\":1,\"name\":\"Home\",\"item\":\"https:\/\/tourtravelandmore.com\/fr\/\"},{\"@type\":\"ListItem\",\"position\":2,\"name\":\"Tours\",\"item\":\"https:\/\/tourtravelandmore.com\/fr\/tours\/\"},{\"@type\":\"ListItem\",\"position\":3,\"name\":\"Excursion priv\u00e9e \u00e0 Arcos de la Frontera, El Bosque et Ubrique avec d\u00e9gustation de fromage depuis Cadix\"}]},{\"@type\":\"WebSite\",\"@id\":\"https:\/\/tourtravelandmore.com\/fr\/#website\",\"url\":\"https:\/\/tourtravelandmore.com\/fr\/\",\"name\":\"Tour Travel And More\",\"description\":\"Private sightseeing tours and luxury transfers in Spain\",\"publisher\":{\"@id\":\"https:\/\/tourtravelandmore.com\/fr\/#organization\"},\"potentialAction\":[{\"@type\":\"SearchAction\",\"target\":{\"@type\":\"EntryPoint\",\"urlTemplate\":\"https:\/\/tourtravelandmore.com\/fr\/?s={search_term_string}\"},\"query-input\":{\"@type\":\"PropertyValueSpecification\",\"valueRequired\":true,\"valueName\":\"search_term_string\"}}],\"inLanguage\":\"fr-FR\"},{\"@type\":\"Organization\",\"@id\":\"https:\/\/tourtravelandmore.com\/fr\/#organization\",\"name\":\"Tour Travel And More\",\"url\":\"https:\/\/tourtravelandmore.com\/fr\/\",\"logo\":{\"@type\":\"ImageObject\",\"inLanguage\":\"fr-FR\",\"@id\":\"https:\/\/tourtravelandmore.com\/fr\/#\/schema\/logo\/image\/\",\"url\":\"https:\/\/tourtravelandmore.com\/wp-content\/uploads\/2022\/12\/cropped-logo-cabecera-new.png\",\"contentUrl\":\"https:\/\/tourtravelandmore.com\/wp-content\/uploads\/2022\/12\/cropped-logo-cabecera-new.png\",\"width\":430,\"height\":61,\"caption\":\"Tour Travel And More\"},\"image\":{\"@id\":\"https:\/\/tourtravelandmore.com\/fr\/#\/schema\/logo\/image\/\"},\"sameAs\":[\"https:\/\/www.facebook.com\/tourtravelandmore\/\",\"https:\/\/x.com\/TourTravel_More\"]}]}<\/script>\n<!-- \/ Yoast SEO Premium plugin. -->","yoast_head_json":{"title":"Visite priv\u00e9e d'Arcos de la Frontera, El Bosque et Ubrique depuis Cadix-TTM","description":"Visite priv\u00e9e d'Arcos de la Frontera, El Bosque et Ubrique avec d\u00e9gustation de fromage de Cadix. Saisissez l'occasion de visiter cet endroit magnifique avec TTM.","robots":{"index":"index","follow":"follow","max-snippet":"max-snippet:-1","max-image-preview":"max-image-preview:large","max-video-preview":"max-video-preview:-1"},"canonical":"https:\/\/tourtravelandmore.com\/fr\/tours\/espagne-fr\/cadiz-fr\/private-sightseeing-tours-fr-8\/excursion-privee-a-arcos-de-la-frontera-el-bosque-et-ubrique-avec-degustation-de-fromage-depuis-cadix\/","og_locale":"fr_FR","og_type":"article","og_title":"Excursion priv\u00e9e \u00e0 Arcos de la Frontera, El Bosque et Ubrique avec d\u00e9gustation de fromage depuis Cadix","og_description":"Visite priv\u00e9e d'Arcos de la Frontera, El Bosque et Ubrique avec d\u00e9gustation de fromage de Cadix. Saisissez l'occasion de visiter cet endroit magnifique avec TTM.","og_url":"https:\/\/tourtravelandmore.com\/fr\/tours\/espagne-fr\/cadiz-fr\/private-sightseeing-tours-fr-8\/excursion-privee-a-arcos-de-la-frontera-el-bosque-et-ubrique-avec-degustation-de-fromage-depuis-cadix\/","og_site_name":"Tour Travel And More","article_publisher":"https:\/\/www.facebook.com\/tourtravelandmore\/","article_modified_time":"2024-02-27T13:04:08+00:00","og_image":[{"width":2427,"height":1625,"url":"https:\/\/tourtravelandmore.com\/wp-content\/uploads\/2022\/10\/p-arcos.jpg","type":"image\/jpeg"}],"twitter_card":"summary_large_image","twitter_site":"@TourTravel_More","twitter_misc":{"Dur\u00e9e de lecture estim\u00e9e":"3 minutes"},"schema":{"@context":"https:\/\/schema.org","@graph":[{"@type":"WebPage","@id":"https:\/\/tourtravelandmore.com\/fr\/tours\/espagne-fr\/cadiz-fr\/private-sightseeing-tours-fr-8\/excursion-privee-a-arcos-de-la-frontera-el-bosque-et-ubrique-avec-degustation-de-fromage-depuis-cadix\/","url":"https:\/\/tourtravelandmore.com\/fr\/tours\/espagne-fr\/cadiz-fr\/private-sightseeing-tours-fr-8\/excursion-privee-a-arcos-de-la-frontera-el-bosque-et-ubrique-avec-degustation-de-fromage-depuis-cadix\/","name":"Visite priv\u00e9e d'Arcos de la Frontera, El Bosque et Ubrique depuis Cadix-TTM","isPartOf":{"@id":"https:\/\/tourtravelandmore.com\/fr\/#website"},"primaryImageOfPage":{"@id":"https:\/\/tourtravelandmore.com\/fr\/tours\/espagne-fr\/cadiz-fr\/private-sightseeing-tours-fr-8\/excursion-privee-a-arcos-de-la-frontera-el-bosque-et-ubrique-avec-degustation-de-fromage-depuis-cadix\/#primaryimage"},"image":{"@id":"https:\/\/tourtravelandmore.com\/fr\/tours\/espagne-fr\/cadiz-fr\/private-sightseeing-tours-fr-8\/excursion-privee-a-arcos-de-la-frontera-el-bosque-et-ubrique-avec-degustation-de-fromage-depuis-cadix\/#primaryimage"},"thumbnailUrl":"https:\/\/tourtravelandmore.com\/wp-content\/uploads\/2022\/10\/p-arcos.jpg","datePublished":"2022-10-14T18:54:14+00:00","dateModified":"2024-02-27T13:04:08+00:00","description":"Visite priv\u00e9e d'Arcos de la Frontera, El Bosque et Ubrique avec d\u00e9gustation de fromage de Cadix. Saisissez l'occasion de visiter cet endroit magnifique avec TTM.","breadcrumb":{"@id":"https:\/\/tourtravelandmore.com\/fr\/tours\/espagne-fr\/cadiz-fr\/private-sightseeing-tours-fr-8\/excursion-privee-a-arcos-de-la-frontera-el-bosque-et-ubrique-avec-degustation-de-fromage-depuis-cadix\/#breadcrumb"},"inLanguage":"fr-FR","potentialAction":[{"@type":"ReadAction","target":["https:\/\/tourtravelandmore.com\/fr\/tours\/espagne-fr\/cadiz-fr\/private-sightseeing-tours-fr-8\/excursion-privee-a-arcos-de-la-frontera-el-bosque-et-ubrique-avec-degustation-de-fromage-depuis-cadix\/"]}]},{"@type":"ImageObject","inLanguage":"fr-FR","@id":"https:\/\/tourtravelandmore.com\/fr\/tours\/espagne-fr\/cadiz-fr\/private-sightseeing-tours-fr-8\/excursion-privee-a-arcos-de-la-frontera-el-bosque-et-ubrique-avec-degustation-de-fromage-depuis-cadix\/#primaryimage","url":"https:\/\/tourtravelandmore.com\/wp-content\/uploads\/2022\/10\/p-arcos.jpg","contentUrl":"https:\/\/tourtravelandmore.com\/wp-content\/uploads\/2022\/10\/p-arcos.jpg","width":2427,"height":1625},{"@type":"BreadcrumbList","@id":"https:\/\/tourtravelandmore.com\/fr\/tours\/espagne-fr\/cadiz-fr\/private-sightseeing-tours-fr-8\/excursion-privee-a-arcos-de-la-frontera-el-bosque-et-ubrique-avec-degustation-de-fromage-depuis-cadix\/#breadcrumb","itemListElement":[{"@type":"ListItem","position":1,"name":"Home","item":"https:\/\/tourtravelandmore.com\/fr\/"},{"@type":"ListItem","position":2,"name":"Tours","item":"https:\/\/tourtravelandmore.com\/fr\/tours\/"},{"@type":"ListItem","position":3,"name":"Excursion priv\u00e9e \u00e0 Arcos de la Frontera, El Bosque et Ubrique avec d\u00e9gustation de fromage depuis Cadix"}]},{"@type":"WebSite","@id":"https:\/\/tourtravelandmore.com\/fr\/#website","url":"https:\/\/tourtravelandmore.com\/fr\/","name":"Tour Travel And More","description":"Private sightseeing tours and luxury transfers in Spain","publisher":{"@id":"https:\/\/tourtravelandmore.com\/fr\/#organization"},"potentialAction":[{"@type":"SearchAction","target":{"@type":"EntryPoint","urlTemplate":"https:\/\/tourtravelandmore.com\/fr\/?s={search_term_string}"},"query-input":{"@type":"PropertyValueSpecification","valueRequired":true,"valueName":"search_term_string"}}],"inLanguage":"fr-FR"},{"@type":"Organization","@id":"https:\/\/tourtravelandmore.com\/fr\/#organization","name":"Tour Travel And More","url":"https:\/\/tourtravelandmore.com\/fr\/","logo":{"@type":"ImageObject","inLanguage":"fr-FR","@id":"https:\/\/tourtravelandmore.com\/fr\/#\/schema\/logo\/image\/","url":"https:\/\/tourtravelandmore.com\/wp-content\/uploads\/2022\/12\/cropped-logo-cabecera-new.png","contentUrl":"https:\/\/tourtravelandmore.com\/wp-content\/uploads\/2022\/12\/cropped-logo-cabecera-new.png","width":430,"height":61,"caption":"Tour Travel And More"},"image":{"@id":"https:\/\/tourtravelandmore.com\/fr\/#\/schema\/logo\/image\/"},"sameAs":["https:\/\/www.facebook.com\/tourtravelandmore\/","https:\/\/x.com\/TourTravel_More"]}]}},"_links":{"self":[{"href":"https:\/\/tourtravelandmore.com\/fr\/wp-json\/wp\/v2\/product\/140582","targetHints":{"allow":["GET"]}}],"collection":[{"href":"https:\/\/tourtravelandmore.com\/fr\/wp-json\/wp\/v2\/product"}],"about":[{"href":"https:\/\/tourtravelandmore.com\/fr\/wp-json\/wp\/v2\/types\/product"}],"replies":[{"embeddable":true,"href":"https:\/\/tourtravelandmore.com\/fr\/wp-json\/wp\/v2\/comments?post=140582"}],"wp:featuredmedia":[{"embeddable":true,"href":"https:\/\/tourtravelandmore.com\/fr\/wp-json\/wp\/v2\/media\/140595"}],"wp:attachment":[{"href":"https:\/\/tourtravelandmore.com\/fr\/wp-json\/wp\/v2\/media?parent=140582"}],"wp:term":[{"taxonomy":"product_brand","embeddable":true,"href":"https:\/\/tourtravelandmore.com\/fr\/wp-json\/wp\/v2\/product_brand?post=140582"},{"taxonomy":"product_cat","embeddable":true,"href":"https:\/\/tourtravelandmore.com\/fr\/wp-json\/wp\/v2\/product_cat?post=140582"},{"taxonomy":"product_tag","embeddable":true,"href":"https:\/\/tourtravelandmore.com\/fr\/wp-json\/wp\/v2\/product_tag?post=140582"}],"curies":[{"name":"wp","href":"https:\/\/api.w.org\/{rel}","templated":true}]}}