{"id":140509,"date":"2022-10-14T15:01:32","date_gmt":"2022-10-14T13:01:39","guid":{"rendered":"https:\/\/tourtravelandmore.com\/?post_type=product&#038;p=140509"},"modified":"2024-02-27T16:08:00","modified_gmt":"2024-02-27T15:08:00","slug":"excursion-privee-a-vejer-et-medina-sidonia-depuis-cadix","status":"publish","type":"product","link":"https:\/\/tourtravelandmore.com\/fr\/tours\/espagne-fr\/cadiz-fr\/private-sightseeing-tours-fr-8\/excursion-privee-a-vejer-et-medina-sidonia-depuis-cadix\/","title":{"rendered":"Excursion priv\u00e9e \u00e0 Vejer et Medina Sidonia depuis Cadix"},"content":{"rendered":"<h2>Description :<\/h2>\n<p>Profitez d&#8217;une journ\u00e9e libre pour visiter les charmantes rues blanchies \u00e0 la chaux de Vejer de la Frontera. Cette <strong>excursion priv\u00e9e \u00e0 Vejer et Medina Sidonia depuis Cadix<\/strong> est une excellente fa\u00e7on de d\u00e9couvrir cette magnifique r\u00e9gion d&#8217;Espagne. Il y a tellement de choses \u00e0 voir.<\/p>\n<p><strong><a href=\"https:\/\/es.wikipedia.org\/wiki\/Vejer_de_la_Frontera\">Vejer de la Frontera<\/a><\/strong> est une municipalit\u00e9 espagnole de la province de Cadix. Le centre ville est situ\u00e9 sur une colline de 200 m\u00e8tres de haut, sur les rives du fleuve Barbate et \u00e0 8 kilom\u00e8tres de la c\u00f4te.<\/p>\n<p><strong>Medina Sidonia<\/strong> est une municipalit\u00e9 et une ville espagnole de la province de <strong>Cadix<\/strong>, dans la communaut\u00e9 autonome d&#8217;Andalousie. Elle appartient \u00e0 la comarque de La Janda, dont elle est la capitale. Elle a une population de 11.813 habitants.<\/p>\n<p>Cette visite priv\u00e9e commence \u00e0 partir de votre h\u00f4tel ou du port de Cadix. Avec vos experts en voyage, nous organiserons l&#8217;exp\u00e9rience de la d\u00e9couverte de Vejer de la Frontera et de Medina Sidonia.<\/p>\n<p>Votre chauffeur priv\u00e9 et votre guide touristique ind\u00e9pendant viendront vous chercher et nous partirons pour cette excursion priv\u00e9e \u00e0 Vejer et Medina Sidonia depuis Cadix. Vous aurez \u00e9galement le temps de manger un morceau pour vous familiariser avec la gastronomie locale. Ensuite, nous partirons et retournerons \u00e0 Cadix.<\/p>\n<p>La dur\u00e9e de l&#8217;excursion priv\u00e9e \u00e0 Vejer et Medina Sidonia depuis Cadix est de <strong>6 heures<\/strong>. Il s&#8217;agit d&#8217;un service enti\u00e8rement priv\u00e9, vous pouvez choisir l&#8217;heure et le lieu de la prise en charge.<\/p>\n<h2>Points d&#8217;int\u00e9r\u00eat de cette Excursion priv\u00e9e \u00e0 Vejer et Medina Sidonia depuis Cadix:<\/h2>\n<p><strong>Tour Travel &amp; More<\/strong> propose un service o\u00f9, \u00e0 l&#8217;heure choisie, nous venons vous chercher \u00e0 votre h\u00f4tel ou au lieu de votre choix \u00e0 Cadix.<\/p>\n<p>Un trajet de 30 minutes nous m\u00e8nera \u00e0 cette belle ville de Cadix o\u00f9 nous pourrons nous promener dans les rues du pass\u00e9 arabe et fl\u00e2ner dans cette belle ville.<\/p>\n<p>Nous pourrons \u00e9galement voir des endroits tels que<\/p>\n<ul>\n<li><strong>Le plus beau balcon avec vue sur la baie de Cadix.<\/strong><\/li>\n<li><strong>Les murs musulmans et les portes de M\u00e9dine Sidonie.<\/strong><\/li>\n<li><strong>L&#8217;\u00e9glise de Santa Mar\u00eda la Mayor.<\/strong><\/li>\n<li><strong>Le ch\u00e2teau de Medina Sidonia.<\/strong><\/li>\n<li><strong>Fl\u00e2nerie dans le centre de Medina Sidonia.<\/strong><\/li>\n<li><strong>La Plaza de Espa\u00f1a \u00e0 Medina Sidonia.<\/strong><\/li>\n<\/ul>\n<p>Nous poursuivrons ensuite notre <strong>excursion priv\u00e9e \u00e0 Vejer et Medina Sidonia de Cadix<\/strong> \u00e0 Vejer de la Frontera, toujours accompagn\u00e9s de notre guide officiel priv\u00e9.<\/p>\n<p>Dans cette ville pittoresque, qui figure sur la liste des plus belles municipalit\u00e9s d&#8217;Espagne, nous pourrons profiter de lieux tels que :<\/p>\n<ul>\n<li><strong>La Plaza de Espa\u00f1a. <\/strong><\/li>\n<li><strong>La Cobijada et son mirador. <\/strong><\/li>\n<li><strong>Le quartier juif et l&#8217;Arc des Nonnes. <\/strong><\/li>\n<li><strong>Le ch\u00e2teau de Vejer de la Frontera. <\/strong><\/li>\n<li><strong>Couvent des Conceptionnistes. <\/strong><\/li>\n<li><strong>\u00c9glise de El Divino Salvador. <\/strong><\/li>\n<li><strong>Muraille m\u00e9di\u00e9vale. <\/strong><\/li>\n<li><strong>March\u00e9 de San Francisco.<\/strong><\/li>\n<\/ul>\n<p>Nous traverserons l&#8217;ornementale <strong>Plaza de Espa\u00f1a<\/strong> pour nous rendre aux <strong>Murailles de Vejer<\/strong>, vestige des anciennes disputes entre les territoires andalous et les royaumes chr\u00e9tiens. Apr\u00e8s avoir appris comment se d\u00e9roulaient ces batailles m\u00e9di\u00e9vales, nous retournerons au bus.<\/p>\n<p>Si vous avez plus de jours dans la ville de Cadix, vous pouvez consulter<a href=\"https:\/\/tourtravelandmore.com\/fr\/city\/espagne-fr\/cadiz-fr\/\"> ici le reste de nos visites priv\u00e9es<\/a>.<\/p>\n","protected":false},"excerpt":{"rendered":"<p>Profitez de cette <strong>excursion priv\u00e9e \u00e0 Vejer et Medina Sidonia depuis Cadix<\/strong>, avec votre guide priv\u00e9 et votre v\u00e9hicule avec chauffeur.<\/p>\n","protected":false},"featured_media":140519,"comment_status":"open","ping_status":"closed","template":"","meta":{"_acf_changed":false},"product_brand":[],"product_cat":[3572,4200,4198,4199,4201],"product_tag":[],"class_list":{"0":"post-140509","1":"product","2":"type-product","3":"status-publish","4":"has-post-thumbnail","6":"product_cat-cadiz-fr","7":"product_cat-all-private-tours-activities-fr-70","8":"product_cat-private-sightseeing-tours-fr-8","9":"product_cat-private-day-trips-fr-2","10":"product_cat-private-shore-excursions-fr-2","12":"first","13":"instock","14":"shipping-taxable","15":"purchasable","16":"product-type-simple"},"acf":[],"yoast_head":"<!-- This site is optimized with the Yoast SEO Premium plugin v25.3.1 (Yoast SEO v25.3.1) - https:\/\/yoast.com\/wordpress\/plugins\/seo\/ -->\n<title>Excursion priv\u00e9e \u00e0 Vejer et Medina Sidonia depuis Cadix | TourTravel&amp;More<\/title>\n<meta name=\"description\" content=\"Profitez de cette Excursion priv\u00e9e \u00e0 Vejer et Medina Sidonia depuis Cadix avec votre guide priv\u00e9 et votre v\u00e9hicule avec chauffeur.\" \/>\n<meta name=\"robots\" content=\"index, follow, max-snippet:-1, max-image-preview:large, max-video-preview:-1\" \/>\n<link rel=\"canonical\" href=\"https:\/\/tourtravelandmore.com\/fr\/tours\/espagne-fr\/cadiz-fr\/private-sightseeing-tours-fr-8\/excursion-privee-a-vejer-et-medina-sidonia-depuis-cadix\/\" \/>\n<meta property=\"og:locale\" content=\"fr_FR\" \/>\n<meta property=\"og:type\" content=\"article\" \/>\n<meta property=\"og:title\" content=\"Excursion priv\u00e9e \u00e0 Vejer et Medina Sidonia depuis Cadix\" \/>\n<meta property=\"og:description\" content=\"Profitez de cette Excursion priv\u00e9e \u00e0 Vejer et Medina Sidonia depuis Cadix avec votre guide priv\u00e9 et votre v\u00e9hicule avec chauffeur.\" \/>\n<meta property=\"og:url\" content=\"https:\/\/tourtravelandmore.com\/fr\/tours\/espagne-fr\/cadiz-fr\/private-sightseeing-tours-fr-8\/excursion-privee-a-vejer-et-medina-sidonia-depuis-cadix\/\" \/>\n<meta property=\"og:site_name\" content=\"Tour Travel And More\" \/>\n<meta property=\"article:publisher\" content=\"https:\/\/www.facebook.com\/tourtravelandmore\/\" \/>\n<meta property=\"article:modified_time\" content=\"2024-02-27T15:08:00+00:00\" \/>\n<meta property=\"og:image\" content=\"https:\/\/tourtravelandmore.com\/wp-content\/uploads\/2022\/10\/Feature-image-Vejer-de-la-frontera-best-virws-Explore-la-Tierra-Cadiz-min-e1608645551118.jpg\" \/>\n\t<meta property=\"og:image:width\" content=\"1785\" \/>\n\t<meta property=\"og:image:height\" content=\"910\" \/>\n\t<meta property=\"og:image:type\" content=\"image\/jpeg\" \/>\n<meta name=\"twitter:card\" content=\"summary_large_image\" \/>\n<meta name=\"twitter:site\" content=\"@TourTravel_More\" \/>\n<meta name=\"twitter:label1\" content=\"Dur\u00e9e de lecture estim\u00e9e\" \/>\n\t<meta name=\"twitter:data1\" content=\"3 minutes\" \/>\n<script type=\"application\/ld+json\" class=\"yoast-schema-graph\">{\"@context\":\"https:\/\/schema.org\",\"@graph\":[{\"@type\":\"WebPage\",\"@id\":\"https:\/\/tourtravelandmore.com\/fr\/tours\/espagne-fr\/cadiz-fr\/private-sightseeing-tours-fr-8\/excursion-privee-a-vejer-et-medina-sidonia-depuis-cadix\/\",\"url\":\"https:\/\/tourtravelandmore.com\/fr\/tours\/espagne-fr\/cadiz-fr\/private-sightseeing-tours-fr-8\/excursion-privee-a-vejer-et-medina-sidonia-depuis-cadix\/\",\"name\":\"Excursion priv\u00e9e \u00e0 Vejer et Medina Sidonia depuis Cadix | TourTravel&More\",\"isPartOf\":{\"@id\":\"https:\/\/tourtravelandmore.com\/fr\/#website\"},\"primaryImageOfPage\":{\"@id\":\"https:\/\/tourtravelandmore.com\/fr\/tours\/espagne-fr\/cadiz-fr\/private-sightseeing-tours-fr-8\/excursion-privee-a-vejer-et-medina-sidonia-depuis-cadix\/#primaryimage\"},\"image\":{\"@id\":\"https:\/\/tourtravelandmore.com\/fr\/tours\/espagne-fr\/cadiz-fr\/private-sightseeing-tours-fr-8\/excursion-privee-a-vejer-et-medina-sidonia-depuis-cadix\/#primaryimage\"},\"thumbnailUrl\":\"https:\/\/tourtravelandmore.com\/wp-content\/uploads\/2022\/10\/Feature-image-Vejer-de-la-frontera-best-virws-Explore-la-Tierra-Cadiz-min-e1608645551118.jpg\",\"datePublished\":\"2022-10-14T13:01:39+00:00\",\"dateModified\":\"2024-02-27T15:08:00+00:00\",\"description\":\"Profitez de cette Excursion priv\u00e9e \u00e0 Vejer et Medina Sidonia depuis Cadix avec votre guide priv\u00e9 et votre v\u00e9hicule avec chauffeur.\",\"breadcrumb\":{\"@id\":\"https:\/\/tourtravelandmore.com\/fr\/tours\/espagne-fr\/cadiz-fr\/private-sightseeing-tours-fr-8\/excursion-privee-a-vejer-et-medina-sidonia-depuis-cadix\/#breadcrumb\"},\"inLanguage\":\"fr-FR\",\"potentialAction\":[{\"@type\":\"ReadAction\",\"target\":[\"https:\/\/tourtravelandmore.com\/fr\/tours\/espagne-fr\/cadiz-fr\/private-sightseeing-tours-fr-8\/excursion-privee-a-vejer-et-medina-sidonia-depuis-cadix\/\"]}]},{\"@type\":\"ImageObject\",\"inLanguage\":\"fr-FR\",\"@id\":\"https:\/\/tourtravelandmore.com\/fr\/tours\/espagne-fr\/cadiz-fr\/private-sightseeing-tours-fr-8\/excursion-privee-a-vejer-et-medina-sidonia-depuis-cadix\/#primaryimage\",\"url\":\"https:\/\/tourtravelandmore.com\/wp-content\/uploads\/2022\/10\/Feature-image-Vejer-de-la-frontera-best-virws-Explore-la-Tierra-Cadiz-min-e1608645551118.jpg\",\"contentUrl\":\"https:\/\/tourtravelandmore.com\/wp-content\/uploads\/2022\/10\/Feature-image-Vejer-de-la-frontera-best-virws-Explore-la-Tierra-Cadiz-min-e1608645551118.jpg\",\"width\":1785,\"height\":910},{\"@type\":\"BreadcrumbList\",\"@id\":\"https:\/\/tourtravelandmore.com\/fr\/tours\/espagne-fr\/cadiz-fr\/private-sightseeing-tours-fr-8\/excursion-privee-a-vejer-et-medina-sidonia-depuis-cadix\/#breadcrumb\",\"itemListElement\":[{\"@type\":\"ListItem\",\"position\":1,\"name\":\"Home\",\"item\":\"https:\/\/tourtravelandmore.com\/fr\/\"},{\"@type\":\"ListItem\",\"position\":2,\"name\":\"Tours\",\"item\":\"https:\/\/tourtravelandmore.com\/fr\/tours\/\"},{\"@type\":\"ListItem\",\"position\":3,\"name\":\"Excursion priv\u00e9e \u00e0 Vejer et Medina Sidonia depuis Cadix\"}]},{\"@type\":\"WebSite\",\"@id\":\"https:\/\/tourtravelandmore.com\/fr\/#website\",\"url\":\"https:\/\/tourtravelandmore.com\/fr\/\",\"name\":\"Tour Travel And More\",\"description\":\"Private sightseeing tours and luxury transfers in Spain\",\"publisher\":{\"@id\":\"https:\/\/tourtravelandmore.com\/fr\/#organization\"},\"potentialAction\":[{\"@type\":\"SearchAction\",\"target\":{\"@type\":\"EntryPoint\",\"urlTemplate\":\"https:\/\/tourtravelandmore.com\/fr\/?s={search_term_string}\"},\"query-input\":{\"@type\":\"PropertyValueSpecification\",\"valueRequired\":true,\"valueName\":\"search_term_string\"}}],\"inLanguage\":\"fr-FR\"},{\"@type\":\"Organization\",\"@id\":\"https:\/\/tourtravelandmore.com\/fr\/#organization\",\"name\":\"Tour Travel And More\",\"url\":\"https:\/\/tourtravelandmore.com\/fr\/\",\"logo\":{\"@type\":\"ImageObject\",\"inLanguage\":\"fr-FR\",\"@id\":\"https:\/\/tourtravelandmore.com\/fr\/#\/schema\/logo\/image\/\",\"url\":\"https:\/\/tourtravelandmore.com\/wp-content\/uploads\/2022\/12\/cropped-logo-cabecera-new.png\",\"contentUrl\":\"https:\/\/tourtravelandmore.com\/wp-content\/uploads\/2022\/12\/cropped-logo-cabecera-new.png\",\"width\":430,\"height\":61,\"caption\":\"Tour Travel And More\"},\"image\":{\"@id\":\"https:\/\/tourtravelandmore.com\/fr\/#\/schema\/logo\/image\/\"},\"sameAs\":[\"https:\/\/www.facebook.com\/tourtravelandmore\/\",\"https:\/\/x.com\/TourTravel_More\"]}]}<\/script>\n<!-- \/ Yoast SEO Premium plugin. -->","yoast_head_json":{"title":"Excursion priv\u00e9e \u00e0 Vejer et Medina Sidonia depuis Cadix | TourTravel&More","description":"Profitez de cette Excursion priv\u00e9e \u00e0 Vejer et Medina Sidonia depuis Cadix avec votre guide priv\u00e9 et votre v\u00e9hicule avec chauffeur.","robots":{"index":"index","follow":"follow","max-snippet":"max-snippet:-1","max-image-preview":"max-image-preview:large","max-video-preview":"max-video-preview:-1"},"canonical":"https:\/\/tourtravelandmore.com\/fr\/tours\/espagne-fr\/cadiz-fr\/private-sightseeing-tours-fr-8\/excursion-privee-a-vejer-et-medina-sidonia-depuis-cadix\/","og_locale":"fr_FR","og_type":"article","og_title":"Excursion priv\u00e9e \u00e0 Vejer et Medina Sidonia depuis Cadix","og_description":"Profitez de cette Excursion priv\u00e9e \u00e0 Vejer et Medina Sidonia depuis Cadix avec votre guide priv\u00e9 et votre v\u00e9hicule avec chauffeur.","og_url":"https:\/\/tourtravelandmore.com\/fr\/tours\/espagne-fr\/cadiz-fr\/private-sightseeing-tours-fr-8\/excursion-privee-a-vejer-et-medina-sidonia-depuis-cadix\/","og_site_name":"Tour Travel And More","article_publisher":"https:\/\/www.facebook.com\/tourtravelandmore\/","article_modified_time":"2024-02-27T15:08:00+00:00","og_image":[{"width":1785,"height":910,"url":"https:\/\/tourtravelandmore.com\/wp-content\/uploads\/2022\/10\/Feature-image-Vejer-de-la-frontera-best-virws-Explore-la-Tierra-Cadiz-min-e1608645551118.jpg","type":"image\/jpeg"}],"twitter_card":"summary_large_image","twitter_site":"@TourTravel_More","twitter_misc":{"Dur\u00e9e de lecture estim\u00e9e":"3 minutes"},"schema":{"@context":"https:\/\/schema.org","@graph":[{"@type":"WebPage","@id":"https:\/\/tourtravelandmore.com\/fr\/tours\/espagne-fr\/cadiz-fr\/private-sightseeing-tours-fr-8\/excursion-privee-a-vejer-et-medina-sidonia-depuis-cadix\/","url":"https:\/\/tourtravelandmore.com\/fr\/tours\/espagne-fr\/cadiz-fr\/private-sightseeing-tours-fr-8\/excursion-privee-a-vejer-et-medina-sidonia-depuis-cadix\/","name":"Excursion priv\u00e9e \u00e0 Vejer et Medina Sidonia depuis Cadix | TourTravel&More","isPartOf":{"@id":"https:\/\/tourtravelandmore.com\/fr\/#website"},"primaryImageOfPage":{"@id":"https:\/\/tourtravelandmore.com\/fr\/tours\/espagne-fr\/cadiz-fr\/private-sightseeing-tours-fr-8\/excursion-privee-a-vejer-et-medina-sidonia-depuis-cadix\/#primaryimage"},"image":{"@id":"https:\/\/tourtravelandmore.com\/fr\/tours\/espagne-fr\/cadiz-fr\/private-sightseeing-tours-fr-8\/excursion-privee-a-vejer-et-medina-sidonia-depuis-cadix\/#primaryimage"},"thumbnailUrl":"https:\/\/tourtravelandmore.com\/wp-content\/uploads\/2022\/10\/Feature-image-Vejer-de-la-frontera-best-virws-Explore-la-Tierra-Cadiz-min-e1608645551118.jpg","datePublished":"2022-10-14T13:01:39+00:00","dateModified":"2024-02-27T15:08:00+00:00","description":"Profitez de cette Excursion priv\u00e9e \u00e0 Vejer et Medina Sidonia depuis Cadix avec votre guide priv\u00e9 et votre v\u00e9hicule avec chauffeur.","breadcrumb":{"@id":"https:\/\/tourtravelandmore.com\/fr\/tours\/espagne-fr\/cadiz-fr\/private-sightseeing-tours-fr-8\/excursion-privee-a-vejer-et-medina-sidonia-depuis-cadix\/#breadcrumb"},"inLanguage":"fr-FR","potentialAction":[{"@type":"ReadAction","target":["https:\/\/tourtravelandmore.com\/fr\/tours\/espagne-fr\/cadiz-fr\/private-sightseeing-tours-fr-8\/excursion-privee-a-vejer-et-medina-sidonia-depuis-cadix\/"]}]},{"@type":"ImageObject","inLanguage":"fr-FR","@id":"https:\/\/tourtravelandmore.com\/fr\/tours\/espagne-fr\/cadiz-fr\/private-sightseeing-tours-fr-8\/excursion-privee-a-vejer-et-medina-sidonia-depuis-cadix\/#primaryimage","url":"https:\/\/tourtravelandmore.com\/wp-content\/uploads\/2022\/10\/Feature-image-Vejer-de-la-frontera-best-virws-Explore-la-Tierra-Cadiz-min-e1608645551118.jpg","contentUrl":"https:\/\/tourtravelandmore.com\/wp-content\/uploads\/2022\/10\/Feature-image-Vejer-de-la-frontera-best-virws-Explore-la-Tierra-Cadiz-min-e1608645551118.jpg","width":1785,"height":910},{"@type":"BreadcrumbList","@id":"https:\/\/tourtravelandmore.com\/fr\/tours\/espagne-fr\/cadiz-fr\/private-sightseeing-tours-fr-8\/excursion-privee-a-vejer-et-medina-sidonia-depuis-cadix\/#breadcrumb","itemListElement":[{"@type":"ListItem","position":1,"name":"Home","item":"https:\/\/tourtravelandmore.com\/fr\/"},{"@type":"ListItem","position":2,"name":"Tours","item":"https:\/\/tourtravelandmore.com\/fr\/tours\/"},{"@type":"ListItem","position":3,"name":"Excursion priv\u00e9e \u00e0 Vejer et Medina Sidonia depuis Cadix"}]},{"@type":"WebSite","@id":"https:\/\/tourtravelandmore.com\/fr\/#website","url":"https:\/\/tourtravelandmore.com\/fr\/","name":"Tour Travel And More","description":"Private sightseeing tours and luxury transfers in Spain","publisher":{"@id":"https:\/\/tourtravelandmore.com\/fr\/#organization"},"potentialAction":[{"@type":"SearchAction","target":{"@type":"EntryPoint","urlTemplate":"https:\/\/tourtravelandmore.com\/fr\/?s={search_term_string}"},"query-input":{"@type":"PropertyValueSpecification","valueRequired":true,"valueName":"search_term_string"}}],"inLanguage":"fr-FR"},{"@type":"Organization","@id":"https:\/\/tourtravelandmore.com\/fr\/#organization","name":"Tour Travel And More","url":"https:\/\/tourtravelandmore.com\/fr\/","logo":{"@type":"ImageObject","inLanguage":"fr-FR","@id":"https:\/\/tourtravelandmore.com\/fr\/#\/schema\/logo\/image\/","url":"https:\/\/tourtravelandmore.com\/wp-content\/uploads\/2022\/12\/cropped-logo-cabecera-new.png","contentUrl":"https:\/\/tourtravelandmore.com\/wp-content\/uploads\/2022\/12\/cropped-logo-cabecera-new.png","width":430,"height":61,"caption":"Tour Travel And More"},"image":{"@id":"https:\/\/tourtravelandmore.com\/fr\/#\/schema\/logo\/image\/"},"sameAs":["https:\/\/www.facebook.com\/tourtravelandmore\/","https:\/\/x.com\/TourTravel_More"]}]}},"_links":{"self":[{"href":"https:\/\/tourtravelandmore.com\/fr\/wp-json\/wp\/v2\/product\/140509","targetHints":{"allow":["GET"]}}],"collection":[{"href":"https:\/\/tourtravelandmore.com\/fr\/wp-json\/wp\/v2\/product"}],"about":[{"href":"https:\/\/tourtravelandmore.com\/fr\/wp-json\/wp\/v2\/types\/product"}],"replies":[{"embeddable":true,"href":"https:\/\/tourtravelandmore.com\/fr\/wp-json\/wp\/v2\/comments?post=140509"}],"wp:featuredmedia":[{"embeddable":true,"href":"https:\/\/tourtravelandmore.com\/fr\/wp-json\/wp\/v2\/media\/140519"}],"wp:attachment":[{"href":"https:\/\/tourtravelandmore.com\/fr\/wp-json\/wp\/v2\/media?parent=140509"}],"wp:term":[{"taxonomy":"product_brand","embeddable":true,"href":"https:\/\/tourtravelandmore.com\/fr\/wp-json\/wp\/v2\/product_brand?post=140509"},{"taxonomy":"product_cat","embeddable":true,"href":"https:\/\/tourtravelandmore.com\/fr\/wp-json\/wp\/v2\/product_cat?post=140509"},{"taxonomy":"product_tag","embeddable":true,"href":"https:\/\/tourtravelandmore.com\/fr\/wp-json\/wp\/v2\/product_tag?post=140509"}],"curies":[{"name":"wp","href":"https:\/\/api.w.org\/{rel}","templated":true}]}}