{"id":140412,"date":"2022-10-13T21:49:27","date_gmt":"2022-10-13T19:49:33","guid":{"rendered":"https:\/\/tourtravelandmore.com\/?post_type=product&#038;p=140412"},"modified":"2024-02-27T17:05:25","modified_gmt":"2024-02-27T16:05:25","slug":"visite-privee-de-jerez-de-la-frontera-avec-spectacle-equestre-depuis-cadix","status":"publish","type":"product","link":"https:\/\/tourtravelandmore.com\/fr\/tours\/espagne-fr\/cadiz-fr\/private-sightseeing-tours-fr-8\/visite-privee-de-jerez-de-la-frontera-avec-spectacle-equestre-depuis-cadix\/","title":{"rendered":"Visite priv\u00e9e de Jer\u00e9z de la Frontera avec spectacle \u00e9questre depuis Cadix"},"content":{"rendered":"<h2>Description :<\/h2>\n<p>Visite priv\u00e9e de Jer\u00e9z de la Frontera avec spectacle \u00e9questre depuis Cadix Description :<br \/>\nProfitez de cette visite priv\u00e9e de Jer\u00e9z de la Frontera depuis Cadix, avec guide officiel priv\u00e9 et v\u00e9hicule avec chauffeur. D\u00e9couvrez les plus beaux coins de cette belle ville.<\/p>\n<p>Profitez d&#8217;une journ\u00e9e libre pour visiter les charmantes rues de Jer\u00e9z de la Frontera. Cette visite priv\u00e9e est une excellente exp\u00e9rience pour d\u00e9couvrir cette belle r\u00e9gion d&#8217;Espagne. Il y a tant \u00e0 voir.<\/p>\n<p>La dur\u00e9e de la visite de Jer\u00e9z de la Frontera depuis Cadix est de 5 heures. Il s&#8217;agit d&#8217;une visite enti\u00e8rement priv\u00e9e, vous pouvez choisir l&#8217;heure et le lieu de la prise en charge.<\/p>\n<p>Nous nous rendrons \u00e0 l&#8217;\u00c9cole royale andalouse d&#8217;art \u00e9questre pour voir &#8220;Comment dansent les chevaux andalous&#8221;. Ce spectacle de renomm\u00e9e internationale combine un \u00e9l\u00e9gant ballet \u00e9questre avec de la musique espagnole et des costumes du XVIIIe si\u00e8cle.<\/p>\n<p>Jerez de la Frontera est mondialement connue pour son vin, son flamenco et ses chevaux. Nous vous invitons \u00e0 faire un tour dans les entrailles de cette ville pour mieux la conna\u00eetre, c&#8217;est un plaisir garanti !<\/p>\n<h2>Points d&#8217;int\u00e9r\u00eat Visite priv\u00e9e de Jer\u00e9z de la Frontera avec spectacle \u00e9questre depuis Cadix:<\/h2>\n<p>Tour Travel &amp; More vous propose un service o\u00f9, \u00e0 l&#8217;heure choisie, nous viendrons vous chercher \u00e0 votre h\u00f4tel ou \u00e0 l&#8217;endroit de votre choix.<\/p>\n<p>Notre premi\u00e8re \u00e9tape sera l&#8217;Alcazar de Jerez de Fontera, l&#8217;un des plus beaux sites d&#8217;Espagne. L&#8217;Alcazar de Jerez de la Frontera est un ensemble de b\u00e2timents fortifi\u00e9s d&#8217;origine almohade qui ont probablement \u00e9t\u00e9 construits au XIIe si\u00e8cle. Il s&#8217;agit du plus ancien b\u00e2timent almohade de la p\u00e9ninsule ib\u00e9rique, auquel ont \u00e9t\u00e9 ajout\u00e9s plus tard des b\u00e2timents palatiaux baroques, et qui est l&#8217;un des principaux monuments de la ville ; il est situ\u00e9 dans l&#8217;angle sud-ouest de la muraille qui entourait la ville, \u00e0 c\u00f4t\u00e9 de l&#8217;Alameda Vieja.<\/p>\n<p>Apr\u00e8s une belle promenade dans les rues de Jerez, nous nous rendrons \u00e0 la cath\u00e9drale de Jerez de la Frontera. La cath\u00e9drale du dioc\u00e8se d&#8217;Asidonia-Jerez est une construction du XVIIe si\u00e8cle qui combine les styles gothique, baroque et n\u00e9oclassique.<\/p>\n<p>Nous poursuivrons notre visite priv\u00e9e jusqu&#8217;\u00e0 la Cartuja de Jerez de la Frontera, situ\u00e9e au sud de la ville. Il s&#8217;agit de l&#8217;ensemble monumental de plus grande valeur artistique de la province de Cadix, en Andalousie. Son style architectural initial correspond au gothique tardif et date du XVe si\u00e8cle.<\/p>\n<p>Tout au long de la visite, nous nous arr\u00eaterons pour d\u00e9jeuner dans un lieu typique de la r\u00e9gion, afin de profiter de sa gastronomie.<\/p>\n<p>Si vous disposez de plus de jours dans la ville de Cadix, vous pouvez consulter <a href=\"https:\/\/tourtravelandmore.com\/fr\/city\/espagne-fr\/cadiz-fr\/\">ici le reste de nos visites priv\u00e9es.<\/a><\/p>\n","protected":false},"excerpt":{"rendered":"<p>Profitez de cette visite priv\u00e9e de Jer\u00e9z de la Frontera avec spectacle \u00e9questre depuis Cadix, avec votre guide priv\u00e9 et votre v\u00e9hicule avec chauffeur.<\/p>\n","protected":false},"featured_media":140425,"comment_status":"open","ping_status":"closed","template":"","meta":{"_acf_changed":false},"product_brand":[],"product_cat":[3572,4200,4198,4199,4201],"product_tag":[],"class_list":{"0":"post-140412","1":"product","2":"type-product","3":"status-publish","4":"has-post-thumbnail","6":"product_cat-cadiz-fr","7":"product_cat-all-private-tours-activities-fr-70","8":"product_cat-private-sightseeing-tours-fr-8","9":"product_cat-private-day-trips-fr-2","10":"product_cat-private-shore-excursions-fr-2","12":"first","13":"instock","14":"shipping-taxable","15":"purchasable","16":"product-type-simple"},"acf":[],"yoast_head":"<!-- This site is optimized with the Yoast SEO Premium plugin v25.3.1 (Yoast SEO v25.3.1) - https:\/\/yoast.com\/wordpress\/plugins\/seo\/ -->\n<title>Visite priv\u00e9e de Jer\u00e9z de la Frontera avec spectacle \u00e9questre depuis Cadix<\/title>\n<meta name=\"description\" content=\"Profitez de cette visite priv\u00e9e de Jer\u00e9z de la Frontera avec spectacle \u00e9questre depuis Cadix, avec votre guide priv\u00e9 et votre v\u00e9hicule avec chauffeur.\" \/>\n<meta name=\"robots\" content=\"index, follow, max-snippet:-1, max-image-preview:large, max-video-preview:-1\" \/>\n<link rel=\"canonical\" href=\"https:\/\/tourtravelandmore.com\/fr\/tours\/espagne-fr\/cadiz-fr\/private-sightseeing-tours-fr-8\/visite-privee-de-jerez-de-la-frontera-avec-spectacle-equestre-depuis-cadix\/\" \/>\n<meta property=\"og:locale\" content=\"fr_FR\" \/>\n<meta property=\"og:type\" content=\"article\" \/>\n<meta property=\"og:title\" content=\"Visite priv\u00e9e de Jer\u00e9z de la Frontera avec spectacle \u00e9questre depuis Cadix\" \/>\n<meta property=\"og:description\" content=\"Profitez de cette visite priv\u00e9e de Jer\u00e9z de la Frontera avec spectacle \u00e9questre depuis Cadix, avec votre guide priv\u00e9 et votre v\u00e9hicule avec chauffeur.\" \/>\n<meta property=\"og:url\" content=\"https:\/\/tourtravelandmore.com\/fr\/tours\/espagne-fr\/cadiz-fr\/private-sightseeing-tours-fr-8\/visite-privee-de-jerez-de-la-frontera-avec-spectacle-equestre-depuis-cadix\/\" \/>\n<meta property=\"og:site_name\" content=\"Tour Travel And More\" \/>\n<meta property=\"article:publisher\" content=\"https:\/\/www.facebook.com\/tourtravelandmore\/\" \/>\n<meta property=\"article:modified_time\" content=\"2024-02-27T16:05:25+00:00\" \/>\n<meta property=\"og:image\" content=\"https:\/\/tourtravelandmore.com\/wp-content\/uploads\/2022\/10\/hd-2.jpg\" \/>\n\t<meta property=\"og:image:width\" content=\"1920\" \/>\n\t<meta property=\"og:image:height\" content=\"1080\" \/>\n\t<meta property=\"og:image:type\" content=\"image\/jpeg\" \/>\n<meta name=\"twitter:card\" content=\"summary_large_image\" \/>\n<meta name=\"twitter:site\" content=\"@TourTravel_More\" \/>\n<meta name=\"twitter:label1\" content=\"Dur\u00e9e de lecture estim\u00e9e\" \/>\n\t<meta name=\"twitter:data1\" content=\"2 minutes\" \/>\n<script type=\"application\/ld+json\" class=\"yoast-schema-graph\">{\"@context\":\"https:\/\/schema.org\",\"@graph\":[{\"@type\":\"WebPage\",\"@id\":\"https:\/\/tourtravelandmore.com\/fr\/tours\/espagne-fr\/cadiz-fr\/private-sightseeing-tours-fr-8\/visite-privee-de-jerez-de-la-frontera-avec-spectacle-equestre-depuis-cadix\/\",\"url\":\"https:\/\/tourtravelandmore.com\/fr\/tours\/espagne-fr\/cadiz-fr\/private-sightseeing-tours-fr-8\/visite-privee-de-jerez-de-la-frontera-avec-spectacle-equestre-depuis-cadix\/\",\"name\":\"Visite priv\u00e9e de Jer\u00e9z de la Frontera avec spectacle \u00e9questre depuis Cadix\",\"isPartOf\":{\"@id\":\"https:\/\/tourtravelandmore.com\/fr\/#website\"},\"primaryImageOfPage\":{\"@id\":\"https:\/\/tourtravelandmore.com\/fr\/tours\/espagne-fr\/cadiz-fr\/private-sightseeing-tours-fr-8\/visite-privee-de-jerez-de-la-frontera-avec-spectacle-equestre-depuis-cadix\/#primaryimage\"},\"image\":{\"@id\":\"https:\/\/tourtravelandmore.com\/fr\/tours\/espagne-fr\/cadiz-fr\/private-sightseeing-tours-fr-8\/visite-privee-de-jerez-de-la-frontera-avec-spectacle-equestre-depuis-cadix\/#primaryimage\"},\"thumbnailUrl\":\"https:\/\/tourtravelandmore.com\/wp-content\/uploads\/2022\/10\/hd-2.jpg\",\"datePublished\":\"2022-10-13T19:49:33+00:00\",\"dateModified\":\"2024-02-27T16:05:25+00:00\",\"description\":\"Profitez de cette visite priv\u00e9e de Jer\u00e9z de la Frontera avec spectacle \u00e9questre depuis Cadix, avec votre guide priv\u00e9 et votre v\u00e9hicule avec chauffeur.\",\"breadcrumb\":{\"@id\":\"https:\/\/tourtravelandmore.com\/fr\/tours\/espagne-fr\/cadiz-fr\/private-sightseeing-tours-fr-8\/visite-privee-de-jerez-de-la-frontera-avec-spectacle-equestre-depuis-cadix\/#breadcrumb\"},\"inLanguage\":\"fr-FR\",\"potentialAction\":[{\"@type\":\"ReadAction\",\"target\":[\"https:\/\/tourtravelandmore.com\/fr\/tours\/espagne-fr\/cadiz-fr\/private-sightseeing-tours-fr-8\/visite-privee-de-jerez-de-la-frontera-avec-spectacle-equestre-depuis-cadix\/\"]}]},{\"@type\":\"ImageObject\",\"inLanguage\":\"fr-FR\",\"@id\":\"https:\/\/tourtravelandmore.com\/fr\/tours\/espagne-fr\/cadiz-fr\/private-sightseeing-tours-fr-8\/visite-privee-de-jerez-de-la-frontera-avec-spectacle-equestre-depuis-cadix\/#primaryimage\",\"url\":\"https:\/\/tourtravelandmore.com\/wp-content\/uploads\/2022\/10\/hd-2.jpg\",\"contentUrl\":\"https:\/\/tourtravelandmore.com\/wp-content\/uploads\/2022\/10\/hd-2.jpg\",\"width\":1920,\"height\":1080},{\"@type\":\"BreadcrumbList\",\"@id\":\"https:\/\/tourtravelandmore.com\/fr\/tours\/espagne-fr\/cadiz-fr\/private-sightseeing-tours-fr-8\/visite-privee-de-jerez-de-la-frontera-avec-spectacle-equestre-depuis-cadix\/#breadcrumb\",\"itemListElement\":[{\"@type\":\"ListItem\",\"position\":1,\"name\":\"Home\",\"item\":\"https:\/\/tourtravelandmore.com\/fr\/\"},{\"@type\":\"ListItem\",\"position\":2,\"name\":\"Tours\",\"item\":\"https:\/\/tourtravelandmore.com\/fr\/tours\/\"},{\"@type\":\"ListItem\",\"position\":3,\"name\":\"Visite priv\u00e9e de Jer\u00e9z de la Frontera avec spectacle \u00e9questre depuis Cadix\"}]},{\"@type\":\"WebSite\",\"@id\":\"https:\/\/tourtravelandmore.com\/fr\/#website\",\"url\":\"https:\/\/tourtravelandmore.com\/fr\/\",\"name\":\"Tour Travel And More\",\"description\":\"Private sightseeing tours and luxury transfers in Spain\",\"publisher\":{\"@id\":\"https:\/\/tourtravelandmore.com\/fr\/#organization\"},\"potentialAction\":[{\"@type\":\"SearchAction\",\"target\":{\"@type\":\"EntryPoint\",\"urlTemplate\":\"https:\/\/tourtravelandmore.com\/fr\/?s={search_term_string}\"},\"query-input\":{\"@type\":\"PropertyValueSpecification\",\"valueRequired\":true,\"valueName\":\"search_term_string\"}}],\"inLanguage\":\"fr-FR\"},{\"@type\":\"Organization\",\"@id\":\"https:\/\/tourtravelandmore.com\/fr\/#organization\",\"name\":\"Tour Travel And More\",\"url\":\"https:\/\/tourtravelandmore.com\/fr\/\",\"logo\":{\"@type\":\"ImageObject\",\"inLanguage\":\"fr-FR\",\"@id\":\"https:\/\/tourtravelandmore.com\/fr\/#\/schema\/logo\/image\/\",\"url\":\"https:\/\/tourtravelandmore.com\/wp-content\/uploads\/2022\/12\/cropped-logo-cabecera-new.png\",\"contentUrl\":\"https:\/\/tourtravelandmore.com\/wp-content\/uploads\/2022\/12\/cropped-logo-cabecera-new.png\",\"width\":430,\"height\":61,\"caption\":\"Tour Travel And More\"},\"image\":{\"@id\":\"https:\/\/tourtravelandmore.com\/fr\/#\/schema\/logo\/image\/\"},\"sameAs\":[\"https:\/\/www.facebook.com\/tourtravelandmore\/\",\"https:\/\/x.com\/TourTravel_More\"]}]}<\/script>\n<!-- \/ Yoast SEO Premium plugin. -->","yoast_head_json":{"title":"Visite priv\u00e9e de Jer\u00e9z de la Frontera avec spectacle \u00e9questre depuis Cadix","description":"Profitez de cette visite priv\u00e9e de Jer\u00e9z de la Frontera avec spectacle \u00e9questre depuis Cadix, avec votre guide priv\u00e9 et votre v\u00e9hicule avec chauffeur.","robots":{"index":"index","follow":"follow","max-snippet":"max-snippet:-1","max-image-preview":"max-image-preview:large","max-video-preview":"max-video-preview:-1"},"canonical":"https:\/\/tourtravelandmore.com\/fr\/tours\/espagne-fr\/cadiz-fr\/private-sightseeing-tours-fr-8\/visite-privee-de-jerez-de-la-frontera-avec-spectacle-equestre-depuis-cadix\/","og_locale":"fr_FR","og_type":"article","og_title":"Visite priv\u00e9e de Jer\u00e9z de la Frontera avec spectacle \u00e9questre depuis Cadix","og_description":"Profitez de cette visite priv\u00e9e de Jer\u00e9z de la Frontera avec spectacle \u00e9questre depuis Cadix, avec votre guide priv\u00e9 et votre v\u00e9hicule avec chauffeur.","og_url":"https:\/\/tourtravelandmore.com\/fr\/tours\/espagne-fr\/cadiz-fr\/private-sightseeing-tours-fr-8\/visite-privee-de-jerez-de-la-frontera-avec-spectacle-equestre-depuis-cadix\/","og_site_name":"Tour Travel And More","article_publisher":"https:\/\/www.facebook.com\/tourtravelandmore\/","article_modified_time":"2024-02-27T16:05:25+00:00","og_image":[{"width":1920,"height":1080,"url":"https:\/\/tourtravelandmore.com\/wp-content\/uploads\/2022\/10\/hd-2.jpg","type":"image\/jpeg"}],"twitter_card":"summary_large_image","twitter_site":"@TourTravel_More","twitter_misc":{"Dur\u00e9e de lecture estim\u00e9e":"2 minutes"},"schema":{"@context":"https:\/\/schema.org","@graph":[{"@type":"WebPage","@id":"https:\/\/tourtravelandmore.com\/fr\/tours\/espagne-fr\/cadiz-fr\/private-sightseeing-tours-fr-8\/visite-privee-de-jerez-de-la-frontera-avec-spectacle-equestre-depuis-cadix\/","url":"https:\/\/tourtravelandmore.com\/fr\/tours\/espagne-fr\/cadiz-fr\/private-sightseeing-tours-fr-8\/visite-privee-de-jerez-de-la-frontera-avec-spectacle-equestre-depuis-cadix\/","name":"Visite priv\u00e9e de Jer\u00e9z de la Frontera avec spectacle \u00e9questre depuis Cadix","isPartOf":{"@id":"https:\/\/tourtravelandmore.com\/fr\/#website"},"primaryImageOfPage":{"@id":"https:\/\/tourtravelandmore.com\/fr\/tours\/espagne-fr\/cadiz-fr\/private-sightseeing-tours-fr-8\/visite-privee-de-jerez-de-la-frontera-avec-spectacle-equestre-depuis-cadix\/#primaryimage"},"image":{"@id":"https:\/\/tourtravelandmore.com\/fr\/tours\/espagne-fr\/cadiz-fr\/private-sightseeing-tours-fr-8\/visite-privee-de-jerez-de-la-frontera-avec-spectacle-equestre-depuis-cadix\/#primaryimage"},"thumbnailUrl":"https:\/\/tourtravelandmore.com\/wp-content\/uploads\/2022\/10\/hd-2.jpg","datePublished":"2022-10-13T19:49:33+00:00","dateModified":"2024-02-27T16:05:25+00:00","description":"Profitez de cette visite priv\u00e9e de Jer\u00e9z de la Frontera avec spectacle \u00e9questre depuis Cadix, avec votre guide priv\u00e9 et votre v\u00e9hicule avec chauffeur.","breadcrumb":{"@id":"https:\/\/tourtravelandmore.com\/fr\/tours\/espagne-fr\/cadiz-fr\/private-sightseeing-tours-fr-8\/visite-privee-de-jerez-de-la-frontera-avec-spectacle-equestre-depuis-cadix\/#breadcrumb"},"inLanguage":"fr-FR","potentialAction":[{"@type":"ReadAction","target":["https:\/\/tourtravelandmore.com\/fr\/tours\/espagne-fr\/cadiz-fr\/private-sightseeing-tours-fr-8\/visite-privee-de-jerez-de-la-frontera-avec-spectacle-equestre-depuis-cadix\/"]}]},{"@type":"ImageObject","inLanguage":"fr-FR","@id":"https:\/\/tourtravelandmore.com\/fr\/tours\/espagne-fr\/cadiz-fr\/private-sightseeing-tours-fr-8\/visite-privee-de-jerez-de-la-frontera-avec-spectacle-equestre-depuis-cadix\/#primaryimage","url":"https:\/\/tourtravelandmore.com\/wp-content\/uploads\/2022\/10\/hd-2.jpg","contentUrl":"https:\/\/tourtravelandmore.com\/wp-content\/uploads\/2022\/10\/hd-2.jpg","width":1920,"height":1080},{"@type":"BreadcrumbList","@id":"https:\/\/tourtravelandmore.com\/fr\/tours\/espagne-fr\/cadiz-fr\/private-sightseeing-tours-fr-8\/visite-privee-de-jerez-de-la-frontera-avec-spectacle-equestre-depuis-cadix\/#breadcrumb","itemListElement":[{"@type":"ListItem","position":1,"name":"Home","item":"https:\/\/tourtravelandmore.com\/fr\/"},{"@type":"ListItem","position":2,"name":"Tours","item":"https:\/\/tourtravelandmore.com\/fr\/tours\/"},{"@type":"ListItem","position":3,"name":"Visite priv\u00e9e de Jer\u00e9z de la Frontera avec spectacle \u00e9questre depuis Cadix"}]},{"@type":"WebSite","@id":"https:\/\/tourtravelandmore.com\/fr\/#website","url":"https:\/\/tourtravelandmore.com\/fr\/","name":"Tour Travel And More","description":"Private sightseeing tours and luxury transfers in Spain","publisher":{"@id":"https:\/\/tourtravelandmore.com\/fr\/#organization"},"potentialAction":[{"@type":"SearchAction","target":{"@type":"EntryPoint","urlTemplate":"https:\/\/tourtravelandmore.com\/fr\/?s={search_term_string}"},"query-input":{"@type":"PropertyValueSpecification","valueRequired":true,"valueName":"search_term_string"}}],"inLanguage":"fr-FR"},{"@type":"Organization","@id":"https:\/\/tourtravelandmore.com\/fr\/#organization","name":"Tour Travel And More","url":"https:\/\/tourtravelandmore.com\/fr\/","logo":{"@type":"ImageObject","inLanguage":"fr-FR","@id":"https:\/\/tourtravelandmore.com\/fr\/#\/schema\/logo\/image\/","url":"https:\/\/tourtravelandmore.com\/wp-content\/uploads\/2022\/12\/cropped-logo-cabecera-new.png","contentUrl":"https:\/\/tourtravelandmore.com\/wp-content\/uploads\/2022\/12\/cropped-logo-cabecera-new.png","width":430,"height":61,"caption":"Tour Travel And More"},"image":{"@id":"https:\/\/tourtravelandmore.com\/fr\/#\/schema\/logo\/image\/"},"sameAs":["https:\/\/www.facebook.com\/tourtravelandmore\/","https:\/\/x.com\/TourTravel_More"]}]}},"_links":{"self":[{"href":"https:\/\/tourtravelandmore.com\/fr\/wp-json\/wp\/v2\/product\/140412","targetHints":{"allow":["GET"]}}],"collection":[{"href":"https:\/\/tourtravelandmore.com\/fr\/wp-json\/wp\/v2\/product"}],"about":[{"href":"https:\/\/tourtravelandmore.com\/fr\/wp-json\/wp\/v2\/types\/product"}],"replies":[{"embeddable":true,"href":"https:\/\/tourtravelandmore.com\/fr\/wp-json\/wp\/v2\/comments?post=140412"}],"wp:featuredmedia":[{"embeddable":true,"href":"https:\/\/tourtravelandmore.com\/fr\/wp-json\/wp\/v2\/media\/140425"}],"wp:attachment":[{"href":"https:\/\/tourtravelandmore.com\/fr\/wp-json\/wp\/v2\/media?parent=140412"}],"wp:term":[{"taxonomy":"product_brand","embeddable":true,"href":"https:\/\/tourtravelandmore.com\/fr\/wp-json\/wp\/v2\/product_brand?post=140412"},{"taxonomy":"product_cat","embeddable":true,"href":"https:\/\/tourtravelandmore.com\/fr\/wp-json\/wp\/v2\/product_cat?post=140412"},{"taxonomy":"product_tag","embeddable":true,"href":"https:\/\/tourtravelandmore.com\/fr\/wp-json\/wp\/v2\/product_tag?post=140412"}],"curies":[{"name":"wp","href":"https:\/\/api.w.org\/{rel}","templated":true}]}}