{"id":140331,"date":"2022-10-13T15:58:40","date_gmt":"2022-10-13T13:58:52","guid":{"rendered":"https:\/\/tourtravelandmore.com\/?post_type=product&#038;p=140331"},"modified":"2024-02-28T16:09:25","modified_gmt":"2024-02-28T15:09:25","slug":"excursion-privee-a-tarifa-zahara-de-los-atunes-et-baelo-claudia-depuis-cadix","status":"publish","type":"product","link":"https:\/\/tourtravelandmore.com\/fr\/tours\/espagne-fr\/cadiz-fr\/private-sightseeing-tours-fr-8\/excursion-privee-a-tarifa-zahara-de-los-atunes-et-baelo-claudia-depuis-cadix\/","title":{"rendered":"Excursion priv\u00e9e \u00e0 Tarifa, Zahara de los Atunes et Baelo Claudia depuis Cadix"},"content":{"rendered":"<h2>Description<\/h2>\n<p>Prenez une journ\u00e9e de cong\u00e9 pour visiter la C\u00f4te du Thon. Cette excursion priv\u00e9e \u00e0<strong> <a href=\"https:\/\/es.wikipedia.org\/wiki\/Tarifa\">Tarifa<\/a>, Zahara de los Atunes et Baelo Claudia<\/strong> est une excellente exp\u00e9rience pour apprendre \u00e0 conna\u00eetre cette magnifique r\u00e9gion maritime d&#8217;Espagne. Il y a beaucoup de choses \u00e0 voir.<\/p>\n<p><strong>Tarifa<\/strong> est la ville la plus proche du continent africain en territoire espagnol, \u00e0 seulement 14 kilom\u00e8tres des terres africaines. C&#8217;est le point de rencontre des eaux de la M\u00e9diterran\u00e9e et de l&#8217;Atlantique, avec ses belles plages et son soleil radieux, vous aurez l&#8217;occasion de passer une excellente journ\u00e9e.<\/p>\n<p>Cette visite priv\u00e9e partira de votre h\u00f4tel ou du port de Cadix. Avec vos experts en voyage, nous organiserons ensuite l&#8217;exp\u00e9rience de conna\u00eetre Tarifa, Zahara de los Atunes et Baelo Claudia.<\/p>\n<p>Votre chauffeur priv\u00e9 et votre guide touristique ind\u00e9pendant viendront vous chercher et nous partirons pour cette excursion. Vous aurez ensuite le temps de manger un morceau et de vous familiariser avec la gastronomie locale. Ensuite, nous partirons et retournerons \u00e0 Cadix.<\/p>\n<p>La dur\u00e9e de l&#8217;excursion priv\u00e9e \u00e0 Tarifa, Zahara de los atunes et Baelo Claudia est de <strong>10 heures<\/strong>. Elle est enti\u00e8rement priv\u00e9e, vous pouvez choisir l&#8217;heure et le lieu de prise en charge.<\/p>\n<h2>Points d&#8217;int\u00e9r\u00eat et points de rep\u00e8re de l&#8217;excursion priv\u00e9e \u00e0 Tarifa, Zahara de los Atunes et Baelo Claudia depuis Cadix.<\/h2>\n<p>Tour Travel &amp; More propose un service o\u00f9, \u00e0 l&#8217;heure choisie, nous venons vous chercher \u00e0 votre h\u00f4tel ou au lieu de votre choix \u00e0 Cadix.<\/p>\n<p>Nous commencerons la visite par l&#8217;enclave romaine de Baelo Claudia, qui se trouve \u00e0 c\u00f4t\u00e9 de la plage de Bolonia.<\/p>\n<p>Baelo Claudia a pu avoir quelques fonctions en tant que centre administratif, mais la p\u00eache et l&#8217;industrie de la salaison sont les principales sources de richesse. L&#8217;empereur romain Claude lui a accord\u00e9 le statut de municipium (municipalit\u00e9 romaine).<\/p>\n<p>Nous poursuivrons cette excursion priv\u00e9e \u00e0 Tarifa Zahara de los Atunes et Baelo Claudia en nous rendant \u00e0 Tarifa, la ville la plus m\u00e9ridionale d&#8217;Europe occidentale. Nous ferons une visite \u00e0 pied de la vieille ville de cette ville situ\u00e9e sur les rives du d\u00e9troit de Gibraltar.<\/p>\n<p>Dans cette belle ville, vous trouverez diff\u00e9rents points historiques tels que :<\/p>\n<ul>\n<li>Puerta de Jerez.<\/li>\n<li>La vieille ville et l&#8217;\u00e9glise San Mateo.<\/li>\n<li>Murailles m\u00e9di\u00e9vales.<\/li>\n<li>Ch\u00e2teau de Guzm\u00e1n el Bueno.<\/li>\n<li>Point de vue de l&#8217;Afrique (et du port de Tarifa).<\/li>\n<li>Ch\u00e2teau de Santa Catalina.<\/li>\n<li>Islas de las Palomas et point de rencontre entre la mer M\u00e9diterran\u00e9e et l&#8217;Occident.<\/li>\n<\/ul>\n<p>Tout au long de la visite, nous nous arr\u00eaterons pour d\u00e9jeuner dans un endroit typique de la r\u00e9gion, afin de profiter de sa gastronomie maritime. Nous vous recommandons vivement les d\u00e9licieux plats de thon frais.<\/p>\n<p>Zahara de los Atunes est une entit\u00e9 locale autonome appartenant \u00e0 la municipalit\u00e9 espagnole de Barbate, Cadix, Andalousie. Selon les estimations officielles obtenues lors du recensement, la population de Zahara \u00e9tait de 1379 habitants.<\/p>\n<p>Une petite ville avec de splendides couchers de soleil rendra inoubliable le point culminant de cette Excursion priv\u00e9e \u00e0 Tarifa, Zahara de los Atunes et Baelo Claudia.<\/p>\n<p>Si vous disposez de plus de jours dans la ville de Cadix, vous pouvez consulter ici le<a href=\"https:\/\/tourtravelandmore.com\/fr\/city\/espagne-fr\/cadiz-fr\/\"> reste de nos excursions priv\u00e9es.<\/a><\/p>\n","protected":false},"excerpt":{"rendered":"<p>Prenez une journ\u00e9e de cong\u00e9 pour visiter la C\u00f4te du Thon. Cette excursion priv\u00e9e \u00e0 Tarifa, Zahara de los Atunes et Baelo Claudia est une excellente exp\u00e9rience pour apprendre \u00e0 conna\u00eetre cette magnifique r\u00e9gion maritime d&#8217;Espagne. Il y a tant de choses \u00e0 voir.<\/p>\n","protected":false},"featured_media":140353,"comment_status":"open","ping_status":"closed","template":"","meta":{"_acf_changed":false},"product_brand":[],"product_cat":[3572,4200,4198,4199,4201],"product_tag":[],"class_list":{"0":"post-140331","1":"product","2":"type-product","3":"status-publish","4":"has-post-thumbnail","6":"product_cat-cadiz-fr","7":"product_cat-all-private-tours-activities-fr-70","8":"product_cat-private-sightseeing-tours-fr-8","9":"product_cat-private-day-trips-fr-2","10":"product_cat-private-shore-excursions-fr-2","12":"first","13":"instock","14":"shipping-taxable","15":"purchasable","16":"product-type-simple"},"acf":[],"yoast_head":"<!-- This site is optimized with the Yoast SEO Premium plugin v25.3.1 (Yoast SEO v25.3.1) - https:\/\/yoast.com\/wordpress\/plugins\/seo\/ -->\n<title>Excursion priv\u00e9e \u00e0 Tarifa, Zahara de los Atunes et Baelo Claudia - TTM<\/title>\n<meta name=\"description\" content=\"Excursion priv\u00e9e \u00e0 Tarifa, Zahara de los Atunes et Baelo Claudia depuis Cadix, passez le meilleur moment avec nous ! - TourTravel&amp;more\" \/>\n<meta name=\"robots\" content=\"index, follow, max-snippet:-1, max-image-preview:large, max-video-preview:-1\" \/>\n<link rel=\"canonical\" href=\"https:\/\/tourtravelandmore.com\/fr\/tours\/espagne-fr\/cadiz-fr\/private-sightseeing-tours-fr-8\/excursion-privee-a-tarifa-zahara-de-los-atunes-et-baelo-claudia-depuis-cadix\/\" \/>\n<meta property=\"og:locale\" content=\"fr_FR\" \/>\n<meta property=\"og:type\" content=\"article\" \/>\n<meta property=\"og:title\" content=\"Excursion priv\u00e9e \u00e0 Tarifa, Zahara de los Atunes et Baelo Claudia depuis Cadix\" \/>\n<meta property=\"og:description\" content=\"Excursion priv\u00e9e \u00e0 Tarifa, Zahara de los Atunes et Baelo Claudia depuis Cadix, passez le meilleur moment avec nous ! - TourTravel&amp;more\" \/>\n<meta property=\"og:url\" content=\"https:\/\/tourtravelandmore.com\/fr\/tours\/espagne-fr\/cadiz-fr\/private-sightseeing-tours-fr-8\/excursion-privee-a-tarifa-zahara-de-los-atunes-et-baelo-claudia-depuis-cadix\/\" \/>\n<meta property=\"og:site_name\" content=\"Tour Travel And More\" \/>\n<meta property=\"article:publisher\" content=\"https:\/\/www.facebook.com\/tourtravelandmore\/\" \/>\n<meta property=\"article:modified_time\" content=\"2024-02-28T15:09:25+00:00\" \/>\n<meta property=\"og:image\" content=\"https:\/\/tourtravelandmore.com\/wp-content\/uploads\/2022\/10\/Casco-antiguo-Tarifa-Andalucia.jpg\" \/>\n\t<meta property=\"og:image:width\" content=\"1098\" \/>\n\t<meta property=\"og:image:height\" content=\"733\" \/>\n\t<meta property=\"og:image:type\" content=\"image\/jpeg\" \/>\n<meta name=\"twitter:card\" content=\"summary_large_image\" \/>\n<meta name=\"twitter:site\" content=\"@TourTravel_More\" \/>\n<meta name=\"twitter:label1\" content=\"Dur\u00e9e de lecture estim\u00e9e\" \/>\n\t<meta name=\"twitter:data1\" content=\"3 minutes\" \/>\n<script type=\"application\/ld+json\" class=\"yoast-schema-graph\">{\"@context\":\"https:\/\/schema.org\",\"@graph\":[{\"@type\":\"WebPage\",\"@id\":\"https:\/\/tourtravelandmore.com\/fr\/tours\/espagne-fr\/cadiz-fr\/private-sightseeing-tours-fr-8\/excursion-privee-a-tarifa-zahara-de-los-atunes-et-baelo-claudia-depuis-cadix\/\",\"url\":\"https:\/\/tourtravelandmore.com\/fr\/tours\/espagne-fr\/cadiz-fr\/private-sightseeing-tours-fr-8\/excursion-privee-a-tarifa-zahara-de-los-atunes-et-baelo-claudia-depuis-cadix\/\",\"name\":\"Excursion priv\u00e9e \u00e0 Tarifa, Zahara de los Atunes et Baelo Claudia - TTM\",\"isPartOf\":{\"@id\":\"https:\/\/tourtravelandmore.com\/fr\/#website\"},\"primaryImageOfPage\":{\"@id\":\"https:\/\/tourtravelandmore.com\/fr\/tours\/espagne-fr\/cadiz-fr\/private-sightseeing-tours-fr-8\/excursion-privee-a-tarifa-zahara-de-los-atunes-et-baelo-claudia-depuis-cadix\/#primaryimage\"},\"image\":{\"@id\":\"https:\/\/tourtravelandmore.com\/fr\/tours\/espagne-fr\/cadiz-fr\/private-sightseeing-tours-fr-8\/excursion-privee-a-tarifa-zahara-de-los-atunes-et-baelo-claudia-depuis-cadix\/#primaryimage\"},\"thumbnailUrl\":\"https:\/\/tourtravelandmore.com\/wp-content\/uploads\/2022\/10\/Casco-antiguo-Tarifa-Andalucia.jpg\",\"datePublished\":\"2022-10-13T13:58:52+00:00\",\"dateModified\":\"2024-02-28T15:09:25+00:00\",\"description\":\"Excursion priv\u00e9e \u00e0 Tarifa, Zahara de los Atunes et Baelo Claudia depuis Cadix, passez le meilleur moment avec nous ! - TourTravel&more\",\"breadcrumb\":{\"@id\":\"https:\/\/tourtravelandmore.com\/fr\/tours\/espagne-fr\/cadiz-fr\/private-sightseeing-tours-fr-8\/excursion-privee-a-tarifa-zahara-de-los-atunes-et-baelo-claudia-depuis-cadix\/#breadcrumb\"},\"inLanguage\":\"fr-FR\",\"potentialAction\":[{\"@type\":\"ReadAction\",\"target\":[\"https:\/\/tourtravelandmore.com\/fr\/tours\/espagne-fr\/cadiz-fr\/private-sightseeing-tours-fr-8\/excursion-privee-a-tarifa-zahara-de-los-atunes-et-baelo-claudia-depuis-cadix\/\"]}]},{\"@type\":\"ImageObject\",\"inLanguage\":\"fr-FR\",\"@id\":\"https:\/\/tourtravelandmore.com\/fr\/tours\/espagne-fr\/cadiz-fr\/private-sightseeing-tours-fr-8\/excursion-privee-a-tarifa-zahara-de-los-atunes-et-baelo-claudia-depuis-cadix\/#primaryimage\",\"url\":\"https:\/\/tourtravelandmore.com\/wp-content\/uploads\/2022\/10\/Casco-antiguo-Tarifa-Andalucia.jpg\",\"contentUrl\":\"https:\/\/tourtravelandmore.com\/wp-content\/uploads\/2022\/10\/Casco-antiguo-Tarifa-Andalucia.jpg\",\"width\":1098,\"height\":733},{\"@type\":\"BreadcrumbList\",\"@id\":\"https:\/\/tourtravelandmore.com\/fr\/tours\/espagne-fr\/cadiz-fr\/private-sightseeing-tours-fr-8\/excursion-privee-a-tarifa-zahara-de-los-atunes-et-baelo-claudia-depuis-cadix\/#breadcrumb\",\"itemListElement\":[{\"@type\":\"ListItem\",\"position\":1,\"name\":\"Home\",\"item\":\"https:\/\/tourtravelandmore.com\/fr\/\"},{\"@type\":\"ListItem\",\"position\":2,\"name\":\"Tours\",\"item\":\"https:\/\/tourtravelandmore.com\/fr\/tours\/\"},{\"@type\":\"ListItem\",\"position\":3,\"name\":\"Excursion priv\u00e9e \u00e0 Tarifa, Zahara de los Atunes et Baelo Claudia depuis Cadix\"}]},{\"@type\":\"WebSite\",\"@id\":\"https:\/\/tourtravelandmore.com\/fr\/#website\",\"url\":\"https:\/\/tourtravelandmore.com\/fr\/\",\"name\":\"Tour Travel And More\",\"description\":\"Private sightseeing tours and luxury transfers in Spain\",\"publisher\":{\"@id\":\"https:\/\/tourtravelandmore.com\/fr\/#organization\"},\"potentialAction\":[{\"@type\":\"SearchAction\",\"target\":{\"@type\":\"EntryPoint\",\"urlTemplate\":\"https:\/\/tourtravelandmore.com\/fr\/?s={search_term_string}\"},\"query-input\":{\"@type\":\"PropertyValueSpecification\",\"valueRequired\":true,\"valueName\":\"search_term_string\"}}],\"inLanguage\":\"fr-FR\"},{\"@type\":\"Organization\",\"@id\":\"https:\/\/tourtravelandmore.com\/fr\/#organization\",\"name\":\"Tour Travel And More\",\"url\":\"https:\/\/tourtravelandmore.com\/fr\/\",\"logo\":{\"@type\":\"ImageObject\",\"inLanguage\":\"fr-FR\",\"@id\":\"https:\/\/tourtravelandmore.com\/fr\/#\/schema\/logo\/image\/\",\"url\":\"https:\/\/tourtravelandmore.com\/wp-content\/uploads\/2022\/12\/cropped-logo-cabecera-new.png\",\"contentUrl\":\"https:\/\/tourtravelandmore.com\/wp-content\/uploads\/2022\/12\/cropped-logo-cabecera-new.png\",\"width\":430,\"height\":61,\"caption\":\"Tour Travel And More\"},\"image\":{\"@id\":\"https:\/\/tourtravelandmore.com\/fr\/#\/schema\/logo\/image\/\"},\"sameAs\":[\"https:\/\/www.facebook.com\/tourtravelandmore\/\",\"https:\/\/x.com\/TourTravel_More\"]}]}<\/script>\n<!-- \/ Yoast SEO Premium plugin. -->","yoast_head_json":{"title":"Excursion priv\u00e9e \u00e0 Tarifa, Zahara de los Atunes et Baelo Claudia - TTM","description":"Excursion priv\u00e9e \u00e0 Tarifa, Zahara de los Atunes et Baelo Claudia depuis Cadix, passez le meilleur moment avec nous ! - TourTravel&more","robots":{"index":"index","follow":"follow","max-snippet":"max-snippet:-1","max-image-preview":"max-image-preview:large","max-video-preview":"max-video-preview:-1"},"canonical":"https:\/\/tourtravelandmore.com\/fr\/tours\/espagne-fr\/cadiz-fr\/private-sightseeing-tours-fr-8\/excursion-privee-a-tarifa-zahara-de-los-atunes-et-baelo-claudia-depuis-cadix\/","og_locale":"fr_FR","og_type":"article","og_title":"Excursion priv\u00e9e \u00e0 Tarifa, Zahara de los Atunes et Baelo Claudia depuis Cadix","og_description":"Excursion priv\u00e9e \u00e0 Tarifa, Zahara de los Atunes et Baelo Claudia depuis Cadix, passez le meilleur moment avec nous ! - TourTravel&more","og_url":"https:\/\/tourtravelandmore.com\/fr\/tours\/espagne-fr\/cadiz-fr\/private-sightseeing-tours-fr-8\/excursion-privee-a-tarifa-zahara-de-los-atunes-et-baelo-claudia-depuis-cadix\/","og_site_name":"Tour Travel And More","article_publisher":"https:\/\/www.facebook.com\/tourtravelandmore\/","article_modified_time":"2024-02-28T15:09:25+00:00","og_image":[{"width":1098,"height":733,"url":"https:\/\/tourtravelandmore.com\/wp-content\/uploads\/2022\/10\/Casco-antiguo-Tarifa-Andalucia.jpg","type":"image\/jpeg"}],"twitter_card":"summary_large_image","twitter_site":"@TourTravel_More","twitter_misc":{"Dur\u00e9e de lecture estim\u00e9e":"3 minutes"},"schema":{"@context":"https:\/\/schema.org","@graph":[{"@type":"WebPage","@id":"https:\/\/tourtravelandmore.com\/fr\/tours\/espagne-fr\/cadiz-fr\/private-sightseeing-tours-fr-8\/excursion-privee-a-tarifa-zahara-de-los-atunes-et-baelo-claudia-depuis-cadix\/","url":"https:\/\/tourtravelandmore.com\/fr\/tours\/espagne-fr\/cadiz-fr\/private-sightseeing-tours-fr-8\/excursion-privee-a-tarifa-zahara-de-los-atunes-et-baelo-claudia-depuis-cadix\/","name":"Excursion priv\u00e9e \u00e0 Tarifa, Zahara de los Atunes et Baelo Claudia - TTM","isPartOf":{"@id":"https:\/\/tourtravelandmore.com\/fr\/#website"},"primaryImageOfPage":{"@id":"https:\/\/tourtravelandmore.com\/fr\/tours\/espagne-fr\/cadiz-fr\/private-sightseeing-tours-fr-8\/excursion-privee-a-tarifa-zahara-de-los-atunes-et-baelo-claudia-depuis-cadix\/#primaryimage"},"image":{"@id":"https:\/\/tourtravelandmore.com\/fr\/tours\/espagne-fr\/cadiz-fr\/private-sightseeing-tours-fr-8\/excursion-privee-a-tarifa-zahara-de-los-atunes-et-baelo-claudia-depuis-cadix\/#primaryimage"},"thumbnailUrl":"https:\/\/tourtravelandmore.com\/wp-content\/uploads\/2022\/10\/Casco-antiguo-Tarifa-Andalucia.jpg","datePublished":"2022-10-13T13:58:52+00:00","dateModified":"2024-02-28T15:09:25+00:00","description":"Excursion priv\u00e9e \u00e0 Tarifa, Zahara de los Atunes et Baelo Claudia depuis Cadix, passez le meilleur moment avec nous ! - TourTravel&more","breadcrumb":{"@id":"https:\/\/tourtravelandmore.com\/fr\/tours\/espagne-fr\/cadiz-fr\/private-sightseeing-tours-fr-8\/excursion-privee-a-tarifa-zahara-de-los-atunes-et-baelo-claudia-depuis-cadix\/#breadcrumb"},"inLanguage":"fr-FR","potentialAction":[{"@type":"ReadAction","target":["https:\/\/tourtravelandmore.com\/fr\/tours\/espagne-fr\/cadiz-fr\/private-sightseeing-tours-fr-8\/excursion-privee-a-tarifa-zahara-de-los-atunes-et-baelo-claudia-depuis-cadix\/"]}]},{"@type":"ImageObject","inLanguage":"fr-FR","@id":"https:\/\/tourtravelandmore.com\/fr\/tours\/espagne-fr\/cadiz-fr\/private-sightseeing-tours-fr-8\/excursion-privee-a-tarifa-zahara-de-los-atunes-et-baelo-claudia-depuis-cadix\/#primaryimage","url":"https:\/\/tourtravelandmore.com\/wp-content\/uploads\/2022\/10\/Casco-antiguo-Tarifa-Andalucia.jpg","contentUrl":"https:\/\/tourtravelandmore.com\/wp-content\/uploads\/2022\/10\/Casco-antiguo-Tarifa-Andalucia.jpg","width":1098,"height":733},{"@type":"BreadcrumbList","@id":"https:\/\/tourtravelandmore.com\/fr\/tours\/espagne-fr\/cadiz-fr\/private-sightseeing-tours-fr-8\/excursion-privee-a-tarifa-zahara-de-los-atunes-et-baelo-claudia-depuis-cadix\/#breadcrumb","itemListElement":[{"@type":"ListItem","position":1,"name":"Home","item":"https:\/\/tourtravelandmore.com\/fr\/"},{"@type":"ListItem","position":2,"name":"Tours","item":"https:\/\/tourtravelandmore.com\/fr\/tours\/"},{"@type":"ListItem","position":3,"name":"Excursion priv\u00e9e \u00e0 Tarifa, Zahara de los Atunes et Baelo Claudia depuis Cadix"}]},{"@type":"WebSite","@id":"https:\/\/tourtravelandmore.com\/fr\/#website","url":"https:\/\/tourtravelandmore.com\/fr\/","name":"Tour Travel And More","description":"Private sightseeing tours and luxury transfers in Spain","publisher":{"@id":"https:\/\/tourtravelandmore.com\/fr\/#organization"},"potentialAction":[{"@type":"SearchAction","target":{"@type":"EntryPoint","urlTemplate":"https:\/\/tourtravelandmore.com\/fr\/?s={search_term_string}"},"query-input":{"@type":"PropertyValueSpecification","valueRequired":true,"valueName":"search_term_string"}}],"inLanguage":"fr-FR"},{"@type":"Organization","@id":"https:\/\/tourtravelandmore.com\/fr\/#organization","name":"Tour Travel And More","url":"https:\/\/tourtravelandmore.com\/fr\/","logo":{"@type":"ImageObject","inLanguage":"fr-FR","@id":"https:\/\/tourtravelandmore.com\/fr\/#\/schema\/logo\/image\/","url":"https:\/\/tourtravelandmore.com\/wp-content\/uploads\/2022\/12\/cropped-logo-cabecera-new.png","contentUrl":"https:\/\/tourtravelandmore.com\/wp-content\/uploads\/2022\/12\/cropped-logo-cabecera-new.png","width":430,"height":61,"caption":"Tour Travel And More"},"image":{"@id":"https:\/\/tourtravelandmore.com\/fr\/#\/schema\/logo\/image\/"},"sameAs":["https:\/\/www.facebook.com\/tourtravelandmore\/","https:\/\/x.com\/TourTravel_More"]}]}},"_links":{"self":[{"href":"https:\/\/tourtravelandmore.com\/fr\/wp-json\/wp\/v2\/product\/140331","targetHints":{"allow":["GET"]}}],"collection":[{"href":"https:\/\/tourtravelandmore.com\/fr\/wp-json\/wp\/v2\/product"}],"about":[{"href":"https:\/\/tourtravelandmore.com\/fr\/wp-json\/wp\/v2\/types\/product"}],"replies":[{"embeddable":true,"href":"https:\/\/tourtravelandmore.com\/fr\/wp-json\/wp\/v2\/comments?post=140331"}],"wp:featuredmedia":[{"embeddable":true,"href":"https:\/\/tourtravelandmore.com\/fr\/wp-json\/wp\/v2\/media\/140353"}],"wp:attachment":[{"href":"https:\/\/tourtravelandmore.com\/fr\/wp-json\/wp\/v2\/media?parent=140331"}],"wp:term":[{"taxonomy":"product_brand","embeddable":true,"href":"https:\/\/tourtravelandmore.com\/fr\/wp-json\/wp\/v2\/product_brand?post=140331"},{"taxonomy":"product_cat","embeddable":true,"href":"https:\/\/tourtravelandmore.com\/fr\/wp-json\/wp\/v2\/product_cat?post=140331"},{"taxonomy":"product_tag","embeddable":true,"href":"https:\/\/tourtravelandmore.com\/fr\/wp-json\/wp\/v2\/product_tag?post=140331"}],"curies":[{"name":"wp","href":"https:\/\/api.w.org\/{rel}","templated":true}]}}