{"id":139996,"date":"2018-04-13T17:04:30","date_gmt":"2018-04-13T15:04:30","guid":{"rendered":"https:\/\/tourtravelandmore.com\/tours\/non%20class\u00e9\/private-tour-normandy-from-paris\/"},"modified":"2024-08-06T16:50:48","modified_gmt":"2024-08-06T14:50:48","slug":"visite-privee-dune-journee-en-normandie-au-depart-de-paris","status":"publish","type":"product","link":"https:\/\/tourtravelandmore.com\/fr\/tours\/france-fr\/paris-fr\/best-sellers\/visite-privee-dune-journee-en-normandie-au-depart-de-paris\/","title":{"rendered":"Visite priv\u00e9e d&#8217;une journ\u00e9e en Normandie au d\u00e9part de Paris"},"content":{"rendered":"<h2><strong>Description<\/strong><\/h2>\n<p>Profitez d&#8217;une excursion priv\u00e9e d&#8217;une <strong>journ\u00e9e compl\u00e8te en Normandie au d\u00e9part de Paris<\/strong>. Au cours de cette excursion priv\u00e9e d&#8217;une journ\u00e9e, vous visiterez les embl\u00e9matiques plages du d\u00e9barquement situ\u00e9es en Normandie. <strong>L&#8217;excursion pourra \u00e9galement<\/strong> \u00eatre ax\u00e9e sur le r\u00f4le jou\u00e9 par l&#8217;arm\u00e9e am\u00e9ricaine lors de cet \u00e9v\u00e9nement qui a conduit \u00e0 la fin de la <strong>Seconde Guerre mondiale.<\/strong> Visitez ces sites historiques avec un expert local gr\u00e2ce \u00e0 notre circuit priv\u00e9 de <strong>Paris<\/strong> \u00e0 la <strong>Normandie.<\/strong><\/p>\n<p>Tout d&#8217;abord, votre chauffeur <strong>francophone<\/strong> viendra vous chercher \u00e0 l&#8217;endroit de votre choix \u00e0 <strong>Paris.<\/strong> Ensuite, votre exp\u00e9rience priv\u00e9e d&#8217;une journ\u00e9e enti\u00e8re commencera. Vous vous rendrez \u00e0 Caen, qui est situ\u00e9e \u00e0 pr\u00e8s de 3 heures de <strong>Paris.<\/strong> Une fois sur place, vous rencontrerez votre guide officiel priv\u00e9 pour une visite <strong>guid\u00e9e<\/strong> de 4 heures des sites les plus embl\u00e9matiques de la zone de d\u00e9barquement. Avant ou apr\u00e8s votre visite guid\u00e9e, vous aurez du temps libre pour d\u00e9jeuner. Ensuite, vous reprendrez la route vers Paris.<\/p>\n<p>Toutes nos visites sont <strong>priv\u00e9es<\/strong> et <strong>personnalisables<\/strong> selon les d\u00e9sirs de nos clients. Prenez contact avec nous et notre \u00e9quipe d&#8217;experts vous aidera \u00e0 organiser une exp\u00e9rience sur mesure.<\/p>\n<h2>Points d&#8217;int\u00e9r\u00eat et points de rep\u00e8re Visite priv\u00e9e d&#8217;une journ\u00e9e en Normandie au d\u00e9part de Paris<\/h2>\n<p>Il y a beaucoup de choses \u00e0 voir en Normandie ! En fonction de vos int\u00e9r\u00eats personnels, la visite pourrait \u00eatre ax\u00e9e sur le r\u00f4le que l&#8217;arm\u00e9e am\u00e9ricaine a jou\u00e9 pendant la guerre, ou sur l&#8217;histoire g\u00e9n\u00e9rale du Jour J. Le 6 juin 1944, l&#8217;un des plus grands assauts militaires amphibies de l&#8217;histoire s&#8217;est produit \u00a8quand quelque 156 000 forces am\u00e9ricaines, britanniques et canadiennes ont d\u00e9barqu\u00e9 sur cinq plages le long d&#8217;une portion de 50 miles de la c\u00f4te fortement fortifi\u00e9e de la r\u00e9gion fran\u00e7aise de Normandie.\u00a8<\/p>\n<p>Au cours de votre visite guid\u00e9e priv\u00e9e, vous visiterez les sites et apprendrez l&#8217;histoire de la r\u00e9gion avec un expert local. Parmi les sites que vous pourrez visiter au cours de votre visite priv\u00e9e figurent :<\/p>\n<ul>\n<li><strong>La plage d&#8217;Arromanches<\/strong><\/li>\n<li><strong>La Cambe (cimeti\u00e8re militaire allemand)<\/strong><\/li>\n<li><strong>la Pointe du Hoc<\/strong><\/li>\n<li><strong>la plage d&#8217;Omaha<\/strong><\/li>\n<li><strong>Cimeti\u00e8re am\u00e9ricain et centre d&#8217;accueil<\/strong><\/li>\n<li><strong>Arromanches (vestiges de Mulberry Harbor)<\/strong><\/li>\n<li><strong>Gold Beach (zone britannique)<\/strong><\/li>\n<li><strong>Plage de l&#8217;Utah<\/strong><\/li>\n<li><strong>Et bien d&#8217;autres choses encore !<\/strong><\/li>\n<\/ul>\n<p>Votre guide priv\u00e9 vous recommandera un bon endroit pour d\u00e9jeuner dans la r\u00e9gion. Nous pouvons r\u00e9server un endroit \u00e0 l&#8217;avance si vous le souhaitez.<\/p>\n<p>Toutes les excursions que nous proposons sont priv\u00e9es, donc uniquement pour vous. Prenez contact avec nous et un membre de notre \u00e9quipe vous aidera \u00e0 organiser une exp\u00e9rience totalement personnalis\u00e9e.<\/p>\n<p>Si vous pr\u00e9f\u00e9rez, il est \u00e9galement possible d&#8217;organiser ce circuit avec des billets de train au lieu d&#8217;un chauffeur priv\u00e9 depuis Paris. Dans ce cas, nous pouvons organiser le transfert de votre h\u00f4tel \u00e0 Paris \u00e0 la gare et les billets de train. Notre guide et notre chauffeur vous attendront \u00e0 la gare de Caen et vous feront visiter la r\u00e9gion. La m\u00eame proc\u00e9dure sera organis\u00e9e pour le retour \u00e0 Paris.<\/p>\n","protected":false},"excerpt":{"rendered":"<p>Profitez de cette journ\u00e9e compl\u00e8te au d\u00e9part de Paris pour d\u00e9couvrir la merveilleuse r\u00e9gion de la Normandie. Vous apprendrez l&#8217;histoire de la Seconde Guerre mondiale et visiterez ses sites les plus embl\u00e9matiques avec un guide priv\u00e9, expert en histoire des sites. Votre chauffeur priv\u00e9 viendra vous chercher \u00e0 l&#8217;endroit de votre choix dans Paris.<\/p>\n","protected":false},"featured_media":97975,"comment_status":"open","ping_status":"closed","template":"","meta":{"_acf_changed":false},"product_brand":[],"product_cat":[3542,4202,4203,4204],"product_tag":[],"class_list":{"0":"post-139996","1":"product","2":"type-product","3":"status-publish","4":"has-post-thumbnail","6":"product_cat-paris-fr","7":"product_cat-best-sellers","8":"product_cat-all-private-tours-and-activities-fr-100","9":"product_cat-private-day-trips-fr-3","11":"first","12":"instock","13":"shipping-taxable","14":"purchasable","15":"product-type-simple"},"acf":[],"yoast_head":"<!-- This site is optimized with the Yoast SEO Premium plugin v25.3.1 (Yoast SEO v25.3.1) - https:\/\/yoast.com\/wordpress\/plugins\/seo\/ -->\n<title>\u27a1\ufe0f Excursion priv\u00e9e d&#039;une journ\u00e9e en Normandie au d\u00e9part de Paris | Tour Travel &amp; More<\/title>\n<meta name=\"description\" content=\"Profitez de cette excursion priv\u00e9e d&#039;une journ\u00e9e en Normandie au d\u00e9part de Paris pour d\u00e9couvrir l&#039;histoire de la Seconde Guerre mondiale et voir des endroits magnifiques \u2705.\" \/>\n<meta name=\"robots\" content=\"index, follow, max-snippet:-1, max-image-preview:large, max-video-preview:-1\" \/>\n<link rel=\"canonical\" href=\"https:\/\/tourtravelandmore.com\/fr\/tours\/france-fr\/paris-fr\/best-sellers\/visite-privee-dune-journee-en-normandie-au-depart-de-paris\/\" \/>\n<meta property=\"og:locale\" content=\"fr_FR\" \/>\n<meta property=\"og:type\" content=\"article\" \/>\n<meta property=\"og:title\" content=\"Visite priv\u00e9e d&#039;une journ\u00e9e en Normandie au d\u00e9part de Paris\" \/>\n<meta property=\"og:description\" content=\"Profitez de cette excursion priv\u00e9e d&#039;une journ\u00e9e en Normandie au d\u00e9part de Paris pour d\u00e9couvrir l&#039;histoire de la Seconde Guerre mondiale et voir des endroits magnifiques \u2705.\" \/>\n<meta property=\"og:url\" content=\"https:\/\/tourtravelandmore.com\/fr\/tours\/france-fr\/paris-fr\/best-sellers\/visite-privee-dune-journee-en-normandie-au-depart-de-paris\/\" \/>\n<meta property=\"og:site_name\" content=\"Tour Travel And More\" \/>\n<meta property=\"article:publisher\" content=\"https:\/\/www.facebook.com\/tourtravelandmore\/\" \/>\n<meta property=\"article:modified_time\" content=\"2024-08-06T14:50:48+00:00\" \/>\n<meta property=\"og:image\" content=\"https:\/\/tourtravelandmore.com\/wp-content\/uploads\/2018\/04\/omaha-beach-min.jpg\" \/>\n\t<meta property=\"og:image:width\" content=\"1024\" \/>\n\t<meta property=\"og:image:height\" content=\"496\" \/>\n\t<meta property=\"og:image:type\" content=\"image\/jpeg\" \/>\n<meta name=\"twitter:card\" content=\"summary_large_image\" \/>\n<meta name=\"twitter:site\" content=\"@TourTravel_More\" \/>\n<meta name=\"twitter:label1\" content=\"Dur\u00e9e de lecture estim\u00e9e\" \/>\n\t<meta name=\"twitter:data1\" content=\"3 minutes\" \/>\n<script type=\"application\/ld+json\" class=\"yoast-schema-graph\">{\"@context\":\"https:\/\/schema.org\",\"@graph\":[{\"@type\":\"WebPage\",\"@id\":\"https:\/\/tourtravelandmore.com\/fr\/tours\/france-fr\/paris-fr\/best-sellers\/visite-privee-dune-journee-en-normandie-au-depart-de-paris\/\",\"url\":\"https:\/\/tourtravelandmore.com\/fr\/tours\/france-fr\/paris-fr\/best-sellers\/visite-privee-dune-journee-en-normandie-au-depart-de-paris\/\",\"name\":\"\u27a1\ufe0f Excursion priv\u00e9e d'une journ\u00e9e en Normandie au d\u00e9part de Paris | Tour Travel & More\",\"isPartOf\":{\"@id\":\"https:\/\/tourtravelandmore.com\/fr\/#website\"},\"primaryImageOfPage\":{\"@id\":\"https:\/\/tourtravelandmore.com\/fr\/tours\/france-fr\/paris-fr\/best-sellers\/visite-privee-dune-journee-en-normandie-au-depart-de-paris\/#primaryimage\"},\"image\":{\"@id\":\"https:\/\/tourtravelandmore.com\/fr\/tours\/france-fr\/paris-fr\/best-sellers\/visite-privee-dune-journee-en-normandie-au-depart-de-paris\/#primaryimage\"},\"thumbnailUrl\":\"https:\/\/tourtravelandmore.com\/wp-content\/uploads\/2018\/04\/omaha-beach-min.jpg\",\"datePublished\":\"2018-04-13T15:04:30+00:00\",\"dateModified\":\"2024-08-06T14:50:48+00:00\",\"description\":\"Profitez de cette excursion priv\u00e9e d'une journ\u00e9e en Normandie au d\u00e9part de Paris pour d\u00e9couvrir l'histoire de la Seconde Guerre mondiale et voir des endroits magnifiques \u2705.\",\"breadcrumb\":{\"@id\":\"https:\/\/tourtravelandmore.com\/fr\/tours\/france-fr\/paris-fr\/best-sellers\/visite-privee-dune-journee-en-normandie-au-depart-de-paris\/#breadcrumb\"},\"inLanguage\":\"fr-FR\",\"potentialAction\":[{\"@type\":\"ReadAction\",\"target\":[\"https:\/\/tourtravelandmore.com\/fr\/tours\/france-fr\/paris-fr\/best-sellers\/visite-privee-dune-journee-en-normandie-au-depart-de-paris\/\"]}]},{\"@type\":\"ImageObject\",\"inLanguage\":\"fr-FR\",\"@id\":\"https:\/\/tourtravelandmore.com\/fr\/tours\/france-fr\/paris-fr\/best-sellers\/visite-privee-dune-journee-en-normandie-au-depart-de-paris\/#primaryimage\",\"url\":\"https:\/\/tourtravelandmore.com\/wp-content\/uploads\/2018\/04\/omaha-beach-min.jpg\",\"contentUrl\":\"https:\/\/tourtravelandmore.com\/wp-content\/uploads\/2018\/04\/omaha-beach-min.jpg\",\"width\":1024,\"height\":496,\"caption\":\"Omaha beach\"},{\"@type\":\"BreadcrumbList\",\"@id\":\"https:\/\/tourtravelandmore.com\/fr\/tours\/france-fr\/paris-fr\/best-sellers\/visite-privee-dune-journee-en-normandie-au-depart-de-paris\/#breadcrumb\",\"itemListElement\":[{\"@type\":\"ListItem\",\"position\":1,\"name\":\"Home\",\"item\":\"https:\/\/tourtravelandmore.com\/fr\/\"},{\"@type\":\"ListItem\",\"position\":2,\"name\":\"Tours\",\"item\":\"https:\/\/tourtravelandmore.com\/fr\/tours\/\"},{\"@type\":\"ListItem\",\"position\":3,\"name\":\"Visite priv\u00e9e d&#8217;une journ\u00e9e en Normandie au d\u00e9part de Paris\"}]},{\"@type\":\"WebSite\",\"@id\":\"https:\/\/tourtravelandmore.com\/fr\/#website\",\"url\":\"https:\/\/tourtravelandmore.com\/fr\/\",\"name\":\"Tour Travel And More\",\"description\":\"Private sightseeing tours and luxury transfers in Spain\",\"publisher\":{\"@id\":\"https:\/\/tourtravelandmore.com\/fr\/#organization\"},\"potentialAction\":[{\"@type\":\"SearchAction\",\"target\":{\"@type\":\"EntryPoint\",\"urlTemplate\":\"https:\/\/tourtravelandmore.com\/fr\/?s={search_term_string}\"},\"query-input\":{\"@type\":\"PropertyValueSpecification\",\"valueRequired\":true,\"valueName\":\"search_term_string\"}}],\"inLanguage\":\"fr-FR\"},{\"@type\":\"Organization\",\"@id\":\"https:\/\/tourtravelandmore.com\/fr\/#organization\",\"name\":\"Tour Travel And More\",\"url\":\"https:\/\/tourtravelandmore.com\/fr\/\",\"logo\":{\"@type\":\"ImageObject\",\"inLanguage\":\"fr-FR\",\"@id\":\"https:\/\/tourtravelandmore.com\/fr\/#\/schema\/logo\/image\/\",\"url\":\"https:\/\/tourtravelandmore.com\/wp-content\/uploads\/2022\/12\/cropped-logo-cabecera-new.png\",\"contentUrl\":\"https:\/\/tourtravelandmore.com\/wp-content\/uploads\/2022\/12\/cropped-logo-cabecera-new.png\",\"width\":430,\"height\":61,\"caption\":\"Tour Travel And More\"},\"image\":{\"@id\":\"https:\/\/tourtravelandmore.com\/fr\/#\/schema\/logo\/image\/\"},\"sameAs\":[\"https:\/\/www.facebook.com\/tourtravelandmore\/\",\"https:\/\/x.com\/TourTravel_More\"]}]}<\/script>\n<!-- \/ Yoast SEO Premium plugin. -->","yoast_head_json":{"title":"\u27a1\ufe0f Excursion priv\u00e9e d'une journ\u00e9e en Normandie au d\u00e9part de Paris | Tour Travel & More","description":"Profitez de cette excursion priv\u00e9e d'une journ\u00e9e en Normandie au d\u00e9part de Paris pour d\u00e9couvrir l'histoire de la Seconde Guerre mondiale et voir des endroits magnifiques \u2705.","robots":{"index":"index","follow":"follow","max-snippet":"max-snippet:-1","max-image-preview":"max-image-preview:large","max-video-preview":"max-video-preview:-1"},"canonical":"https:\/\/tourtravelandmore.com\/fr\/tours\/france-fr\/paris-fr\/best-sellers\/visite-privee-dune-journee-en-normandie-au-depart-de-paris\/","og_locale":"fr_FR","og_type":"article","og_title":"Visite priv\u00e9e d'une journ\u00e9e en Normandie au d\u00e9part de Paris","og_description":"Profitez de cette excursion priv\u00e9e d'une journ\u00e9e en Normandie au d\u00e9part de Paris pour d\u00e9couvrir l'histoire de la Seconde Guerre mondiale et voir des endroits magnifiques \u2705.","og_url":"https:\/\/tourtravelandmore.com\/fr\/tours\/france-fr\/paris-fr\/best-sellers\/visite-privee-dune-journee-en-normandie-au-depart-de-paris\/","og_site_name":"Tour Travel And More","article_publisher":"https:\/\/www.facebook.com\/tourtravelandmore\/","article_modified_time":"2024-08-06T14:50:48+00:00","og_image":[{"width":1024,"height":496,"url":"https:\/\/tourtravelandmore.com\/wp-content\/uploads\/2018\/04\/omaha-beach-min.jpg","type":"image\/jpeg"}],"twitter_card":"summary_large_image","twitter_site":"@TourTravel_More","twitter_misc":{"Dur\u00e9e de lecture estim\u00e9e":"3 minutes"},"schema":{"@context":"https:\/\/schema.org","@graph":[{"@type":"WebPage","@id":"https:\/\/tourtravelandmore.com\/fr\/tours\/france-fr\/paris-fr\/best-sellers\/visite-privee-dune-journee-en-normandie-au-depart-de-paris\/","url":"https:\/\/tourtravelandmore.com\/fr\/tours\/france-fr\/paris-fr\/best-sellers\/visite-privee-dune-journee-en-normandie-au-depart-de-paris\/","name":"\u27a1\ufe0f Excursion priv\u00e9e d'une journ\u00e9e en Normandie au d\u00e9part de Paris | Tour Travel & More","isPartOf":{"@id":"https:\/\/tourtravelandmore.com\/fr\/#website"},"primaryImageOfPage":{"@id":"https:\/\/tourtravelandmore.com\/fr\/tours\/france-fr\/paris-fr\/best-sellers\/visite-privee-dune-journee-en-normandie-au-depart-de-paris\/#primaryimage"},"image":{"@id":"https:\/\/tourtravelandmore.com\/fr\/tours\/france-fr\/paris-fr\/best-sellers\/visite-privee-dune-journee-en-normandie-au-depart-de-paris\/#primaryimage"},"thumbnailUrl":"https:\/\/tourtravelandmore.com\/wp-content\/uploads\/2018\/04\/omaha-beach-min.jpg","datePublished":"2018-04-13T15:04:30+00:00","dateModified":"2024-08-06T14:50:48+00:00","description":"Profitez de cette excursion priv\u00e9e d'une journ\u00e9e en Normandie au d\u00e9part de Paris pour d\u00e9couvrir l'histoire de la Seconde Guerre mondiale et voir des endroits magnifiques \u2705.","breadcrumb":{"@id":"https:\/\/tourtravelandmore.com\/fr\/tours\/france-fr\/paris-fr\/best-sellers\/visite-privee-dune-journee-en-normandie-au-depart-de-paris\/#breadcrumb"},"inLanguage":"fr-FR","potentialAction":[{"@type":"ReadAction","target":["https:\/\/tourtravelandmore.com\/fr\/tours\/france-fr\/paris-fr\/best-sellers\/visite-privee-dune-journee-en-normandie-au-depart-de-paris\/"]}]},{"@type":"ImageObject","inLanguage":"fr-FR","@id":"https:\/\/tourtravelandmore.com\/fr\/tours\/france-fr\/paris-fr\/best-sellers\/visite-privee-dune-journee-en-normandie-au-depart-de-paris\/#primaryimage","url":"https:\/\/tourtravelandmore.com\/wp-content\/uploads\/2018\/04\/omaha-beach-min.jpg","contentUrl":"https:\/\/tourtravelandmore.com\/wp-content\/uploads\/2018\/04\/omaha-beach-min.jpg","width":1024,"height":496,"caption":"Omaha beach"},{"@type":"BreadcrumbList","@id":"https:\/\/tourtravelandmore.com\/fr\/tours\/france-fr\/paris-fr\/best-sellers\/visite-privee-dune-journee-en-normandie-au-depart-de-paris\/#breadcrumb","itemListElement":[{"@type":"ListItem","position":1,"name":"Home","item":"https:\/\/tourtravelandmore.com\/fr\/"},{"@type":"ListItem","position":2,"name":"Tours","item":"https:\/\/tourtravelandmore.com\/fr\/tours\/"},{"@type":"ListItem","position":3,"name":"Visite priv\u00e9e d&#8217;une journ\u00e9e en Normandie au d\u00e9part de Paris"}]},{"@type":"WebSite","@id":"https:\/\/tourtravelandmore.com\/fr\/#website","url":"https:\/\/tourtravelandmore.com\/fr\/","name":"Tour Travel And More","description":"Private sightseeing tours and luxury transfers in Spain","publisher":{"@id":"https:\/\/tourtravelandmore.com\/fr\/#organization"},"potentialAction":[{"@type":"SearchAction","target":{"@type":"EntryPoint","urlTemplate":"https:\/\/tourtravelandmore.com\/fr\/?s={search_term_string}"},"query-input":{"@type":"PropertyValueSpecification","valueRequired":true,"valueName":"search_term_string"}}],"inLanguage":"fr-FR"},{"@type":"Organization","@id":"https:\/\/tourtravelandmore.com\/fr\/#organization","name":"Tour Travel And More","url":"https:\/\/tourtravelandmore.com\/fr\/","logo":{"@type":"ImageObject","inLanguage":"fr-FR","@id":"https:\/\/tourtravelandmore.com\/fr\/#\/schema\/logo\/image\/","url":"https:\/\/tourtravelandmore.com\/wp-content\/uploads\/2022\/12\/cropped-logo-cabecera-new.png","contentUrl":"https:\/\/tourtravelandmore.com\/wp-content\/uploads\/2022\/12\/cropped-logo-cabecera-new.png","width":430,"height":61,"caption":"Tour Travel And More"},"image":{"@id":"https:\/\/tourtravelandmore.com\/fr\/#\/schema\/logo\/image\/"},"sameAs":["https:\/\/www.facebook.com\/tourtravelandmore\/","https:\/\/x.com\/TourTravel_More"]}]}},"_links":{"self":[{"href":"https:\/\/tourtravelandmore.com\/fr\/wp-json\/wp\/v2\/product\/139996","targetHints":{"allow":["GET"]}}],"collection":[{"href":"https:\/\/tourtravelandmore.com\/fr\/wp-json\/wp\/v2\/product"}],"about":[{"href":"https:\/\/tourtravelandmore.com\/fr\/wp-json\/wp\/v2\/types\/product"}],"replies":[{"embeddable":true,"href":"https:\/\/tourtravelandmore.com\/fr\/wp-json\/wp\/v2\/comments?post=139996"}],"wp:featuredmedia":[{"embeddable":true,"href":"https:\/\/tourtravelandmore.com\/fr\/wp-json\/wp\/v2\/media\/97975"}],"wp:attachment":[{"href":"https:\/\/tourtravelandmore.com\/fr\/wp-json\/wp\/v2\/media?parent=139996"}],"wp:term":[{"taxonomy":"product_brand","embeddable":true,"href":"https:\/\/tourtravelandmore.com\/fr\/wp-json\/wp\/v2\/product_brand?post=139996"},{"taxonomy":"product_cat","embeddable":true,"href":"https:\/\/tourtravelandmore.com\/fr\/wp-json\/wp\/v2\/product_cat?post=139996"},{"taxonomy":"product_tag","embeddable":true,"href":"https:\/\/tourtravelandmore.com\/fr\/wp-json\/wp\/v2\/product_tag?post=139996"}],"curies":[{"name":"wp","href":"https:\/\/api.w.org\/{rel}","templated":true}]}}