{"id":139204,"date":"2022-10-04T14:30:58","date_gmt":"2022-10-04T12:31:04","guid":{"rendered":"https:\/\/tourtravelandmore.com\/?post_type=product&#038;p=139204"},"modified":"2024-02-27T18:52:52","modified_gmt":"2024-02-27T17:52:52","slug":"visite-privee-des-villages-blancs-et-de-cadix-au-depart-de-cadix","status":"publish","type":"product","link":"https:\/\/tourtravelandmore.com\/fr\/tours\/espagne-fr\/cadiz-fr\/private-sightseeing-tours-fr-8\/visite-privee-des-villages-blancs-et-de-cadix-au-depart-de-cadix\/","title":{"rendered":"Visite priv\u00e9e des villages blancs et de Cadix au d\u00e9part de Cadix"},"content":{"rendered":"<h2>Description<\/h2>\n<p>Prenez un jour de cong\u00e9 pour visiter les villages blancs et Cadix. Cette visite priv\u00e9e des villages blancs et de Cadix au d\u00e9part de Cadix est une excellente exp\u00e9rience pour d\u00e9couvrir deux des villages blancs d&#8217;Andalousie. Il y a tant \u00e0 voir.<\/p>\n<p>Cadix est l&#8217;une des plus anciennes et des plus belles villes d&#8217;Europe, qui accueille \u00e9galement l&#8217;un des carnavals les plus populaires, les plus dr\u00f4les et les plus attrayants d&#8217;Espagne. Les voyageurs ne viennent pas seulement dans cette ville attir\u00e9s par son carnaval, mais aussi par son atmosph\u00e8re et ses magnifiques coins qui vous feront tomber amoureux d&#8217;elle.<\/p>\n<p>Nous nous int\u00e9resserons \u00e9galement \u00e0 deux villages blancs : Ubrique, Grazalema, Vejer et Medina Sidonia. Il s&#8217;agit de l&#8217;un des plus beaux villages blancs d&#8217;Andalousie. Vous en visiterez deux.<\/p>\n<p>Cette visite priv\u00e9e commencera \u00e0 votre h\u00f4tel ou croisi\u00e8re \u00e0 Cadix. Avec vos experts en voyage, organisons l&#8217;exp\u00e9rience pour conna\u00eetre 2 des villages blancs d&#8217;Andalousie.<\/p>\n<p>Votre chauffeur priv\u00e9 et votre guide touristique ind\u00e9pendant viendront vous chercher, et nous nous dirigerons vers les villages blancs ! Vous aurez le temps de manger un morceau. Nous repartirons ensuite en direction de Cadix.<\/p>\n<h2>Sites d&#8217;int\u00e9r\u00eat et monuments Visite priv\u00e9e des villages blancs et de Cadix au d\u00e9part de Cadix<\/h2>\n<p>Embarquez pour un voyage exceptionnel \u00e0 travers les charmants villages blancs et la fascinante ville de Cadix avec notre visite priv\u00e9e exclusive de 8 heures. Vous pourrez choisir deux des quatre pittoresques villages blancs : Ubrique, Grazalema, Vejer et Medina Sidonia, cette excursion promet une exp\u00e9rience inoubliable.<\/p>\n<p>Le chauffeur et le guide viendront vous chercher \u00e0 votre h\u00e9bergement \u00e0 Cadix dans un v\u00e9hicule confortable et climatis\u00e9. Vous aurez la libert\u00e9 de choisir deux des villages blancs susmentionn\u00e9s pour d\u00e9couvrir leur charme unique, leur architecture traditionnelle et leurs paysages \u00e9poustouflants.<\/p>\n<p>Nous poursuivrons ensuite notre excursion priv\u00e9e vers les villages blancs depuis Cadix, toujours accompagn\u00e9s de notre guide touristique priv\u00e9 officiel.<\/p>\n<p>Plongez dans la riche histoire et la culture vibrante de la ville de Cadix, en explorant ses rues charmantes, ses places et ses monuments historiques.<\/p>\n<p>Cet itin\u00e9raire vous offre la libert\u00e9 d&#8217;explorer deux des magnifiques villages blancs de la r\u00e9gion, ainsi que la riche histoire et la beaut\u00e9 de la ville de Cadix, tout en b\u00e9n\u00e9ficiant du confort et de l&#8217;attention personnelle de nos guides et chauffeurs experts &#8211; nous sommes impatients de vous montrer le meilleur de cette magnifique r\u00e9gion d&#8217;Espagne !<\/p>\n<p>Vous pourrez personnaliser cette visite et prendre des photos impressionnantes quand vous le souhaitez. Il s&#8217;agit d&#8217;un circuit enti\u00e8rement personnalis\u00e9 et unique pour vous et votre groupe. L&#8217;excursion a une dur\u00e9e de 9 heures entre le moment de la prise en charge et le moment de la restitution.<\/p>\n<p>N&#8217;oubliez pas qu&#8217;il est possible d&#8217;organiser la prise en charge depuis votre h\u00f4tel, votre appartement ou le port de Cadix.<\/p>\n<p>Si vous disposez de plus de jours dans la ville de Cadix, vous pouvez consulter<a href=\"https:\/\/tourtravelandmore.com\/fr\/city\/espagne-fr\/cadiz-fr\/\"> ici le reste de nos visites priv\u00e9es.<\/a><\/p>\n","protected":false},"excerpt":{"rendered":"<p>Visite priv\u00e9e des villages blancs de Cadix depuis Cadix. Profitez des monuments et des sites les plus importants d&#8217;Andalousie. Une exp\u00e9rience unique des villages blancs d&#8217;Andalousie.<\/p>\n","protected":false},"featured_media":139232,"comment_status":"open","ping_status":"closed","template":"","meta":{"_acf_changed":false},"product_brand":[],"product_cat":[3572,4200,4198,4199,4201],"product_tag":[],"class_list":{"0":"post-139204","1":"product","2":"type-product","3":"status-publish","4":"has-post-thumbnail","6":"product_cat-cadiz-fr","7":"product_cat-all-private-tours-activities-fr-70","8":"product_cat-private-sightseeing-tours-fr-8","9":"product_cat-private-day-trips-fr-2","10":"product_cat-private-shore-excursions-fr-2","12":"first","13":"instock","14":"shipping-taxable","15":"purchasable","16":"product-type-simple"},"acf":[],"yoast_head":"<!-- This site is optimized with the Yoast SEO Premium plugin v25.3.1 (Yoast SEO v25.3.1) - https:\/\/yoast.com\/wordpress\/plugins\/seo\/ -->\n<title>Visite priv\u00e9e de Cadix et des villages blancs depuis Cadix - TourTravel&amp;More<\/title>\n<meta name=\"description\" content=\"Visite priv\u00e9e des villages blancs de Cadix depuis Cadix. Profitez des monuments et des sites les plus importants d&#039;Andalousie. Passez le meilleur moment avec nous !\" \/>\n<meta name=\"robots\" content=\"index, follow, max-snippet:-1, max-image-preview:large, max-video-preview:-1\" \/>\n<link rel=\"canonical\" href=\"https:\/\/tourtravelandmore.com\/fr\/tours\/espagne-fr\/cadiz-fr\/private-sightseeing-tours-fr-8\/visite-privee-des-villages-blancs-et-de-cadix-au-depart-de-cadix\/\" \/>\n<meta property=\"og:locale\" content=\"fr_FR\" \/>\n<meta property=\"og:type\" content=\"article\" \/>\n<meta property=\"og:title\" content=\"Visite priv\u00e9e des villages blancs et de Cadix au d\u00e9part de Cadix\" \/>\n<meta property=\"og:description\" content=\"Visite priv\u00e9e des villages blancs de Cadix depuis Cadix. Profitez des monuments et des sites les plus importants d&#039;Andalousie. Passez le meilleur moment avec nous !\" \/>\n<meta property=\"og:url\" content=\"https:\/\/tourtravelandmore.com\/fr\/tours\/espagne-fr\/cadiz-fr\/private-sightseeing-tours-fr-8\/visite-privee-des-villages-blancs-et-de-cadix-au-depart-de-cadix\/\" \/>\n<meta property=\"og:site_name\" content=\"Tour Travel And More\" \/>\n<meta property=\"article:publisher\" content=\"https:\/\/www.facebook.com\/tourtravelandmore\/\" \/>\n<meta property=\"article:modified_time\" content=\"2024-02-27T17:52:52+00:00\" \/>\n<meta property=\"og:image\" content=\"https:\/\/tourtravelandmore.com\/wp-content\/uploads\/2022\/10\/p-grazalema-scaled.jpg\" \/>\n\t<meta property=\"og:image:width\" content=\"2560\" \/>\n\t<meta property=\"og:image:height\" content=\"1440\" \/>\n\t<meta property=\"og:image:type\" content=\"image\/jpeg\" \/>\n<meta name=\"twitter:card\" content=\"summary_large_image\" \/>\n<meta name=\"twitter:site\" content=\"@TourTravel_More\" \/>\n<meta name=\"twitter:label1\" content=\"Dur\u00e9e de lecture estim\u00e9e\" \/>\n\t<meta name=\"twitter:data1\" content=\"3 minutes\" \/>\n<script type=\"application\/ld+json\" class=\"yoast-schema-graph\">{\"@context\":\"https:\/\/schema.org\",\"@graph\":[{\"@type\":\"WebPage\",\"@id\":\"https:\/\/tourtravelandmore.com\/fr\/tours\/espagne-fr\/cadiz-fr\/private-sightseeing-tours-fr-8\/visite-privee-des-villages-blancs-et-de-cadix-au-depart-de-cadix\/\",\"url\":\"https:\/\/tourtravelandmore.com\/fr\/tours\/espagne-fr\/cadiz-fr\/private-sightseeing-tours-fr-8\/visite-privee-des-villages-blancs-et-de-cadix-au-depart-de-cadix\/\",\"name\":\"Visite priv\u00e9e de Cadix et des villages blancs depuis Cadix - TourTravel&More\",\"isPartOf\":{\"@id\":\"https:\/\/tourtravelandmore.com\/fr\/#website\"},\"primaryImageOfPage\":{\"@id\":\"https:\/\/tourtravelandmore.com\/fr\/tours\/espagne-fr\/cadiz-fr\/private-sightseeing-tours-fr-8\/visite-privee-des-villages-blancs-et-de-cadix-au-depart-de-cadix\/#primaryimage\"},\"image\":{\"@id\":\"https:\/\/tourtravelandmore.com\/fr\/tours\/espagne-fr\/cadiz-fr\/private-sightseeing-tours-fr-8\/visite-privee-des-villages-blancs-et-de-cadix-au-depart-de-cadix\/#primaryimage\"},\"thumbnailUrl\":\"https:\/\/tourtravelandmore.com\/wp-content\/uploads\/2022\/10\/p-grazalema-scaled.jpg\",\"datePublished\":\"2022-10-04T12:31:04+00:00\",\"dateModified\":\"2024-02-27T17:52:52+00:00\",\"description\":\"Visite priv\u00e9e des villages blancs de Cadix depuis Cadix. Profitez des monuments et des sites les plus importants d'Andalousie. Passez le meilleur moment avec nous !\",\"breadcrumb\":{\"@id\":\"https:\/\/tourtravelandmore.com\/fr\/tours\/espagne-fr\/cadiz-fr\/private-sightseeing-tours-fr-8\/visite-privee-des-villages-blancs-et-de-cadix-au-depart-de-cadix\/#breadcrumb\"},\"inLanguage\":\"fr-FR\",\"potentialAction\":[{\"@type\":\"ReadAction\",\"target\":[\"https:\/\/tourtravelandmore.com\/fr\/tours\/espagne-fr\/cadiz-fr\/private-sightseeing-tours-fr-8\/visite-privee-des-villages-blancs-et-de-cadix-au-depart-de-cadix\/\"]}]},{\"@type\":\"ImageObject\",\"inLanguage\":\"fr-FR\",\"@id\":\"https:\/\/tourtravelandmore.com\/fr\/tours\/espagne-fr\/cadiz-fr\/private-sightseeing-tours-fr-8\/visite-privee-des-villages-blancs-et-de-cadix-au-depart-de-cadix\/#primaryimage\",\"url\":\"https:\/\/tourtravelandmore.com\/wp-content\/uploads\/2022\/10\/p-grazalema-scaled.jpg\",\"contentUrl\":\"https:\/\/tourtravelandmore.com\/wp-content\/uploads\/2022\/10\/p-grazalema-scaled.jpg\",\"width\":2560,\"height\":1440},{\"@type\":\"BreadcrumbList\",\"@id\":\"https:\/\/tourtravelandmore.com\/fr\/tours\/espagne-fr\/cadiz-fr\/private-sightseeing-tours-fr-8\/visite-privee-des-villages-blancs-et-de-cadix-au-depart-de-cadix\/#breadcrumb\",\"itemListElement\":[{\"@type\":\"ListItem\",\"position\":1,\"name\":\"Home\",\"item\":\"https:\/\/tourtravelandmore.com\/fr\/\"},{\"@type\":\"ListItem\",\"position\":2,\"name\":\"Tours\",\"item\":\"https:\/\/tourtravelandmore.com\/fr\/tours\/\"},{\"@type\":\"ListItem\",\"position\":3,\"name\":\"Visite priv\u00e9e des villages blancs et de Cadix au d\u00e9part de Cadix\"}]},{\"@type\":\"WebSite\",\"@id\":\"https:\/\/tourtravelandmore.com\/fr\/#website\",\"url\":\"https:\/\/tourtravelandmore.com\/fr\/\",\"name\":\"Tour Travel And More\",\"description\":\"Private sightseeing tours and luxury transfers in Spain\",\"publisher\":{\"@id\":\"https:\/\/tourtravelandmore.com\/fr\/#organization\"},\"potentialAction\":[{\"@type\":\"SearchAction\",\"target\":{\"@type\":\"EntryPoint\",\"urlTemplate\":\"https:\/\/tourtravelandmore.com\/fr\/?s={search_term_string}\"},\"query-input\":{\"@type\":\"PropertyValueSpecification\",\"valueRequired\":true,\"valueName\":\"search_term_string\"}}],\"inLanguage\":\"fr-FR\"},{\"@type\":\"Organization\",\"@id\":\"https:\/\/tourtravelandmore.com\/fr\/#organization\",\"name\":\"Tour Travel And More\",\"url\":\"https:\/\/tourtravelandmore.com\/fr\/\",\"logo\":{\"@type\":\"ImageObject\",\"inLanguage\":\"fr-FR\",\"@id\":\"https:\/\/tourtravelandmore.com\/fr\/#\/schema\/logo\/image\/\",\"url\":\"https:\/\/tourtravelandmore.com\/wp-content\/uploads\/2022\/12\/cropped-logo-cabecera-new.png\",\"contentUrl\":\"https:\/\/tourtravelandmore.com\/wp-content\/uploads\/2022\/12\/cropped-logo-cabecera-new.png\",\"width\":430,\"height\":61,\"caption\":\"Tour Travel And More\"},\"image\":{\"@id\":\"https:\/\/tourtravelandmore.com\/fr\/#\/schema\/logo\/image\/\"},\"sameAs\":[\"https:\/\/www.facebook.com\/tourtravelandmore\/\",\"https:\/\/x.com\/TourTravel_More\"]}]}<\/script>\n<!-- \/ Yoast SEO Premium plugin. -->","yoast_head_json":{"title":"Visite priv\u00e9e de Cadix et des villages blancs depuis Cadix - TourTravel&More","description":"Visite priv\u00e9e des villages blancs de Cadix depuis Cadix. Profitez des monuments et des sites les plus importants d'Andalousie. Passez le meilleur moment avec nous !","robots":{"index":"index","follow":"follow","max-snippet":"max-snippet:-1","max-image-preview":"max-image-preview:large","max-video-preview":"max-video-preview:-1"},"canonical":"https:\/\/tourtravelandmore.com\/fr\/tours\/espagne-fr\/cadiz-fr\/private-sightseeing-tours-fr-8\/visite-privee-des-villages-blancs-et-de-cadix-au-depart-de-cadix\/","og_locale":"fr_FR","og_type":"article","og_title":"Visite priv\u00e9e des villages blancs et de Cadix au d\u00e9part de Cadix","og_description":"Visite priv\u00e9e des villages blancs de Cadix depuis Cadix. Profitez des monuments et des sites les plus importants d'Andalousie. Passez le meilleur moment avec nous !","og_url":"https:\/\/tourtravelandmore.com\/fr\/tours\/espagne-fr\/cadiz-fr\/private-sightseeing-tours-fr-8\/visite-privee-des-villages-blancs-et-de-cadix-au-depart-de-cadix\/","og_site_name":"Tour Travel And More","article_publisher":"https:\/\/www.facebook.com\/tourtravelandmore\/","article_modified_time":"2024-02-27T17:52:52+00:00","og_image":[{"width":2560,"height":1440,"url":"https:\/\/tourtravelandmore.com\/wp-content\/uploads\/2022\/10\/p-grazalema-scaled.jpg","type":"image\/jpeg"}],"twitter_card":"summary_large_image","twitter_site":"@TourTravel_More","twitter_misc":{"Dur\u00e9e de lecture estim\u00e9e":"3 minutes"},"schema":{"@context":"https:\/\/schema.org","@graph":[{"@type":"WebPage","@id":"https:\/\/tourtravelandmore.com\/fr\/tours\/espagne-fr\/cadiz-fr\/private-sightseeing-tours-fr-8\/visite-privee-des-villages-blancs-et-de-cadix-au-depart-de-cadix\/","url":"https:\/\/tourtravelandmore.com\/fr\/tours\/espagne-fr\/cadiz-fr\/private-sightseeing-tours-fr-8\/visite-privee-des-villages-blancs-et-de-cadix-au-depart-de-cadix\/","name":"Visite priv\u00e9e de Cadix et des villages blancs depuis Cadix - TourTravel&More","isPartOf":{"@id":"https:\/\/tourtravelandmore.com\/fr\/#website"},"primaryImageOfPage":{"@id":"https:\/\/tourtravelandmore.com\/fr\/tours\/espagne-fr\/cadiz-fr\/private-sightseeing-tours-fr-8\/visite-privee-des-villages-blancs-et-de-cadix-au-depart-de-cadix\/#primaryimage"},"image":{"@id":"https:\/\/tourtravelandmore.com\/fr\/tours\/espagne-fr\/cadiz-fr\/private-sightseeing-tours-fr-8\/visite-privee-des-villages-blancs-et-de-cadix-au-depart-de-cadix\/#primaryimage"},"thumbnailUrl":"https:\/\/tourtravelandmore.com\/wp-content\/uploads\/2022\/10\/p-grazalema-scaled.jpg","datePublished":"2022-10-04T12:31:04+00:00","dateModified":"2024-02-27T17:52:52+00:00","description":"Visite priv\u00e9e des villages blancs de Cadix depuis Cadix. Profitez des monuments et des sites les plus importants d'Andalousie. Passez le meilleur moment avec nous !","breadcrumb":{"@id":"https:\/\/tourtravelandmore.com\/fr\/tours\/espagne-fr\/cadiz-fr\/private-sightseeing-tours-fr-8\/visite-privee-des-villages-blancs-et-de-cadix-au-depart-de-cadix\/#breadcrumb"},"inLanguage":"fr-FR","potentialAction":[{"@type":"ReadAction","target":["https:\/\/tourtravelandmore.com\/fr\/tours\/espagne-fr\/cadiz-fr\/private-sightseeing-tours-fr-8\/visite-privee-des-villages-blancs-et-de-cadix-au-depart-de-cadix\/"]}]},{"@type":"ImageObject","inLanguage":"fr-FR","@id":"https:\/\/tourtravelandmore.com\/fr\/tours\/espagne-fr\/cadiz-fr\/private-sightseeing-tours-fr-8\/visite-privee-des-villages-blancs-et-de-cadix-au-depart-de-cadix\/#primaryimage","url":"https:\/\/tourtravelandmore.com\/wp-content\/uploads\/2022\/10\/p-grazalema-scaled.jpg","contentUrl":"https:\/\/tourtravelandmore.com\/wp-content\/uploads\/2022\/10\/p-grazalema-scaled.jpg","width":2560,"height":1440},{"@type":"BreadcrumbList","@id":"https:\/\/tourtravelandmore.com\/fr\/tours\/espagne-fr\/cadiz-fr\/private-sightseeing-tours-fr-8\/visite-privee-des-villages-blancs-et-de-cadix-au-depart-de-cadix\/#breadcrumb","itemListElement":[{"@type":"ListItem","position":1,"name":"Home","item":"https:\/\/tourtravelandmore.com\/fr\/"},{"@type":"ListItem","position":2,"name":"Tours","item":"https:\/\/tourtravelandmore.com\/fr\/tours\/"},{"@type":"ListItem","position":3,"name":"Visite priv\u00e9e des villages blancs et de Cadix au d\u00e9part de Cadix"}]},{"@type":"WebSite","@id":"https:\/\/tourtravelandmore.com\/fr\/#website","url":"https:\/\/tourtravelandmore.com\/fr\/","name":"Tour Travel And More","description":"Private sightseeing tours and luxury transfers in Spain","publisher":{"@id":"https:\/\/tourtravelandmore.com\/fr\/#organization"},"potentialAction":[{"@type":"SearchAction","target":{"@type":"EntryPoint","urlTemplate":"https:\/\/tourtravelandmore.com\/fr\/?s={search_term_string}"},"query-input":{"@type":"PropertyValueSpecification","valueRequired":true,"valueName":"search_term_string"}}],"inLanguage":"fr-FR"},{"@type":"Organization","@id":"https:\/\/tourtravelandmore.com\/fr\/#organization","name":"Tour Travel And More","url":"https:\/\/tourtravelandmore.com\/fr\/","logo":{"@type":"ImageObject","inLanguage":"fr-FR","@id":"https:\/\/tourtravelandmore.com\/fr\/#\/schema\/logo\/image\/","url":"https:\/\/tourtravelandmore.com\/wp-content\/uploads\/2022\/12\/cropped-logo-cabecera-new.png","contentUrl":"https:\/\/tourtravelandmore.com\/wp-content\/uploads\/2022\/12\/cropped-logo-cabecera-new.png","width":430,"height":61,"caption":"Tour Travel And More"},"image":{"@id":"https:\/\/tourtravelandmore.com\/fr\/#\/schema\/logo\/image\/"},"sameAs":["https:\/\/www.facebook.com\/tourtravelandmore\/","https:\/\/x.com\/TourTravel_More"]}]}},"_links":{"self":[{"href":"https:\/\/tourtravelandmore.com\/fr\/wp-json\/wp\/v2\/product\/139204","targetHints":{"allow":["GET"]}}],"collection":[{"href":"https:\/\/tourtravelandmore.com\/fr\/wp-json\/wp\/v2\/product"}],"about":[{"href":"https:\/\/tourtravelandmore.com\/fr\/wp-json\/wp\/v2\/types\/product"}],"replies":[{"embeddable":true,"href":"https:\/\/tourtravelandmore.com\/fr\/wp-json\/wp\/v2\/comments?post=139204"}],"wp:featuredmedia":[{"embeddable":true,"href":"https:\/\/tourtravelandmore.com\/fr\/wp-json\/wp\/v2\/media\/139232"}],"wp:attachment":[{"href":"https:\/\/tourtravelandmore.com\/fr\/wp-json\/wp\/v2\/media?parent=139204"}],"wp:term":[{"taxonomy":"product_brand","embeddable":true,"href":"https:\/\/tourtravelandmore.com\/fr\/wp-json\/wp\/v2\/product_brand?post=139204"},{"taxonomy":"product_cat","embeddable":true,"href":"https:\/\/tourtravelandmore.com\/fr\/wp-json\/wp\/v2\/product_cat?post=139204"},{"taxonomy":"product_tag","embeddable":true,"href":"https:\/\/tourtravelandmore.com\/fr\/wp-json\/wp\/v2\/product_tag?post=139204"}],"curies":[{"name":"wp","href":"https:\/\/api.w.org\/{rel}","templated":true}]}}