{"id":138773,"date":"2022-09-30T14:40:27","date_gmt":"2022-09-30T12:40:39","guid":{"rendered":"https:\/\/tourtravelandmore.com\/?post_type=product&#038;p=138773"},"modified":"2024-02-27T15:31:06","modified_gmt":"2024-02-27T14:31:06","slug":"excursion-privee-a-ronda-et-setenial-de-las-bodegas-depuis-cadix","status":"publish","type":"product","link":"https:\/\/tourtravelandmore.com\/fr\/tours\/espagne-fr\/cadiz-fr\/private-sightseeing-tours-fr-8\/excursion-privee-a-ronda-et-setenial-de-las-bodegas-depuis-cadix\/","title":{"rendered":"Excursion priv\u00e9e \u00e0 Ronda et Setenial de las Bodegas depuis Cadix"},"content":{"rendered":"<h2>Description<\/h2>\n<p>Profitez descriptione cette visite<strong> priv\u00e9e \u00e0 Ronda et Setenial de las Bodegas depuis Cadix<\/strong>, avec votre guide priv\u00e9 et votre v\u00e9hicule avec chauffeur.<\/p>\n<p>Le chauffeur viendra vous chercher \u00e0 votre h\u00f4tel \u00e0 Cadix et notre guide priv\u00e9 officiel vous attendra \u00e0 Ronda pour une visite \u00e0 pied de 4 heures. \u00c0 la fin de la visite, vous aurez du temps libre pour d\u00e9jeuner et vous promener.<\/p>\n<p>Si vous \u00eates dans une autre ville d&#8217;Andalousie, nous pouvons \u00e9galement venir vous chercher dans n&#8217;importe quelle ville, car nous op\u00e9rons dans toute l&#8217;Andalousie.<\/p>\n<p>La dur\u00e9e totale de l&#8217;excursion \u00e0 Ronda depuis Cadix est de 10 heures.<\/p>\n<p>Tour Travel &amp; More vous propose un service enti\u00e8rement priv\u00e9, vous pouvez \u00e9galement choisir l&#8217;heure et le lieu de prise en charge.<\/p>\n<p>La visite dure 10 heures et est enti\u00e8rement priv\u00e9e. De <strong>Tour Travel &amp; More<\/strong> nous offrons un service o\u00f9 vous pouvez choisir l&#8217;heure et le lieu de d\u00e9part.<\/p>\n<h2>Points d&#8217;int\u00e9r\u00eat de cette excursion priv\u00e9e \u00e0 Ronda et Setenial de las Bodegas depuis Cadix<\/h2>\n<p><strong>Setenil de las Bodegas<\/strong> est une municipalit\u00e9 espagnole de la province de Cadix, en Andalousie. Son tissu urbain est d\u00e9clar\u00e9 Site historique, dont le centre est encastr\u00e9 dans la gorge form\u00e9e par la rivi\u00e8re Trejo lorsqu&#8217;elle traverse la ville.<\/p>\n<p>Au cours de votre visite priv\u00e9e, vous pourrez voir entre autres les monuments suivants :<\/p>\n<ul>\n<li>La rue Cuevas del Sol.<\/li>\n<li>Rue Cuevas de la Sombra.<\/li>\n<li>Mirador del Carmen.<\/li>\n<li>La Plaza de Andaluc\u00eda.<\/li>\n<li>Mirador El Liz\u00f3n.<\/li>\n<li>\u00c9glise de Nuestra Se\u00f1ora de la Encarnaci\u00f3n.<\/li>\n<\/ul>\n<p>Situ\u00e9e au milieu de la colline du Tajo, <strong>Ronda<\/strong> a \u00e9t\u00e9 construite au Ier si\u00e8cle avant J.-C. par l&#8217;empereur romain Jules C\u00e9sar, puis conquise par les Maures au VIIIe si\u00e8cle de notre \u00e8re.<\/p>\n<p>Aujourd&#8217;hui, c&#8217;est la troisi\u00e8me ville la plus visit\u00e9e d&#8217;Andalousie. Vous aurez le plaisir de d\u00e9couvrir cette magnifique ville en compagnie d&#8217;un guide officiel priv\u00e9, qui sera \u00e0 votre disposition pendant 4 heures \u00e0 Ronda.<\/p>\n<p>Au XVIIe si\u00e8cle, un pont a \u00e9t\u00e9 construit pour relier l&#8217;ancienne ville mauresque \u00e0 la nouvelle ville de Ronda. Au cours de votre visite priv\u00e9e, vous pourrez voir entre autres les monuments suivants :<\/p>\n<ul>\n<li>Les trois ponts de Ronda :<strong> Puente Romano, Puente Viejo et Puente Nuevo.L&#8217;h\u00f4tel de ville. <\/strong><\/li>\n<li><strong>Les ar\u00e8nes.<\/strong> Ronda est la ville moderne de la tauromachie. L&#8217;entr\u00e9e aux ar\u00e8nes est incluse dans le prix de la visite.<\/li>\n<li>Ruines d&#8217;Acinipo (situ\u00e9es \u00e0 seulement 20 km de Ronda, c&#8217;\u00e9tait le principal site de production de vin de l&#8217;Empire romain, le vin qui y \u00e9tait produit \u00e9tait export\u00e9 vers Rome).<\/li>\n<li>Casa Don Bosco : maison moderniste construite au d\u00e9but du XXe si\u00e8cle, avec des d\u00e9tails en c\u00e9ramique arabe et r\u00e9gionale, d&#8217;o\u00f9 vous pourrez profiter d&#8217;une vue panoramique fascinante.<\/li>\n<li>Entr\u00e9es incluses dans le prix de la visite<\/li>\n<li>Bains arabes<\/li>\n<li>Et bien plus encore !<\/li>\n<\/ul>\n<p>Vous pourrez profiter de Ronda dans toute sa splendeur et conna\u00eetre les sites les plus embl\u00e9matiques de la ville.<\/p>\n<p>Vous pouvez consulter notre liste de visites priv\u00e9es de Cadix pour d&#8217;autres visites au d\u00e9part de Cadix si vous avez le temps.<\/p>\n","protected":false},"excerpt":{"rendered":"<p>Profitez de cette visite priv\u00e9e \u00e0 Ronda et Setenial de las Bodegas depuis Cadix, avec votre guide priv\u00e9 et votre v\u00e9hicule avec chauffeur.<\/p>\n","protected":false},"featured_media":138783,"comment_status":"open","ping_status":"closed","template":"","meta":{"_acf_changed":false},"product_brand":[],"product_cat":[3572,4200,4198,4199,4201],"product_tag":[],"class_list":{"0":"post-138773","1":"product","2":"type-product","3":"status-publish","4":"has-post-thumbnail","6":"product_cat-cadiz-fr","7":"product_cat-all-private-tours-activities-fr-70","8":"product_cat-private-sightseeing-tours-fr-8","9":"product_cat-private-day-trips-fr-2","10":"product_cat-private-shore-excursions-fr-2","12":"first","13":"instock","14":"shipping-taxable","15":"purchasable","16":"product-type-simple"},"acf":[],"yoast_head":"<!-- This site is optimized with the Yoast SEO Premium plugin v25.3.1 (Yoast SEO v25.3.1) - https:\/\/yoast.com\/wordpress\/plugins\/seo\/ -->\n<title>Excursion priv\u00e9e \u00e0 Ronda et Setenial de las Bodegas depuis Cadix<\/title>\n<meta name=\"description\" content=\"Profitez de cette visite priv\u00e9e \u00e0 Ronda et Setenial de las Bodegas depuis Cadix, avec votre guide priv\u00e9 et votre v\u00e9hicule avec chauffeur.\" \/>\n<meta name=\"robots\" content=\"index, follow, max-snippet:-1, max-image-preview:large, max-video-preview:-1\" \/>\n<link rel=\"canonical\" href=\"https:\/\/tourtravelandmore.com\/fr\/tours\/espagne-fr\/cadiz-fr\/private-sightseeing-tours-fr-8\/excursion-privee-a-ronda-et-setenial-de-las-bodegas-depuis-cadix\/\" \/>\n<meta property=\"og:locale\" content=\"fr_FR\" \/>\n<meta property=\"og:type\" content=\"article\" \/>\n<meta property=\"og:title\" content=\"Excursion priv\u00e9e \u00e0 Ronda et Setenial de las Bodegas depuis Cadix\" \/>\n<meta property=\"og:description\" content=\"Profitez de cette visite priv\u00e9e \u00e0 Ronda et Setenial de las Bodegas depuis Cadix, avec votre guide priv\u00e9 et votre v\u00e9hicule avec chauffeur.\" \/>\n<meta property=\"og:url\" content=\"https:\/\/tourtravelandmore.com\/fr\/tours\/espagne-fr\/cadiz-fr\/private-sightseeing-tours-fr-8\/excursion-privee-a-ronda-et-setenial-de-las-bodegas-depuis-cadix\/\" \/>\n<meta property=\"og:site_name\" content=\"Tour Travel And More\" \/>\n<meta property=\"article:publisher\" content=\"https:\/\/www.facebook.com\/tourtravelandmore\/\" \/>\n<meta property=\"article:modified_time\" content=\"2024-02-27T14:31:06+00:00\" \/>\n<meta property=\"og:image\" content=\"https:\/\/tourtravelandmore.com\/wp-content\/uploads\/2022\/09\/pexels-javier-gonzalez-11825615-scaled.jpg\" \/>\n\t<meta property=\"og:image:width\" content=\"2560\" \/>\n\t<meta property=\"og:image:height\" content=\"1707\" \/>\n\t<meta property=\"og:image:type\" content=\"image\/jpeg\" \/>\n<meta name=\"twitter:card\" content=\"summary_large_image\" \/>\n<meta name=\"twitter:site\" content=\"@TourTravel_More\" \/>\n<meta name=\"twitter:label1\" content=\"Dur\u00e9e de lecture estim\u00e9e\" \/>\n\t<meta name=\"twitter:data1\" content=\"3 minutes\" \/>\n<script type=\"application\/ld+json\" class=\"yoast-schema-graph\">{\"@context\":\"https:\/\/schema.org\",\"@graph\":[{\"@type\":\"WebPage\",\"@id\":\"https:\/\/tourtravelandmore.com\/fr\/tours\/espagne-fr\/cadiz-fr\/private-sightseeing-tours-fr-8\/excursion-privee-a-ronda-et-setenial-de-las-bodegas-depuis-cadix\/\",\"url\":\"https:\/\/tourtravelandmore.com\/fr\/tours\/espagne-fr\/cadiz-fr\/private-sightseeing-tours-fr-8\/excursion-privee-a-ronda-et-setenial-de-las-bodegas-depuis-cadix\/\",\"name\":\"Excursion priv\u00e9e \u00e0 Ronda et Setenial de las Bodegas depuis Cadix\",\"isPartOf\":{\"@id\":\"https:\/\/tourtravelandmore.com\/fr\/#website\"},\"primaryImageOfPage\":{\"@id\":\"https:\/\/tourtravelandmore.com\/fr\/tours\/espagne-fr\/cadiz-fr\/private-sightseeing-tours-fr-8\/excursion-privee-a-ronda-et-setenial-de-las-bodegas-depuis-cadix\/#primaryimage\"},\"image\":{\"@id\":\"https:\/\/tourtravelandmore.com\/fr\/tours\/espagne-fr\/cadiz-fr\/private-sightseeing-tours-fr-8\/excursion-privee-a-ronda-et-setenial-de-las-bodegas-depuis-cadix\/#primaryimage\"},\"thumbnailUrl\":\"https:\/\/tourtravelandmore.com\/wp-content\/uploads\/2022\/09\/pexels-javier-gonzalez-11825615-scaled.jpg\",\"datePublished\":\"2022-09-30T12:40:39+00:00\",\"dateModified\":\"2024-02-27T14:31:06+00:00\",\"description\":\"Profitez de cette visite priv\u00e9e \u00e0 Ronda et Setenial de las Bodegas depuis Cadix, avec votre guide priv\u00e9 et votre v\u00e9hicule avec chauffeur.\",\"breadcrumb\":{\"@id\":\"https:\/\/tourtravelandmore.com\/fr\/tours\/espagne-fr\/cadiz-fr\/private-sightseeing-tours-fr-8\/excursion-privee-a-ronda-et-setenial-de-las-bodegas-depuis-cadix\/#breadcrumb\"},\"inLanguage\":\"fr-FR\",\"potentialAction\":[{\"@type\":\"ReadAction\",\"target\":[\"https:\/\/tourtravelandmore.com\/fr\/tours\/espagne-fr\/cadiz-fr\/private-sightseeing-tours-fr-8\/excursion-privee-a-ronda-et-setenial-de-las-bodegas-depuis-cadix\/\"]}]},{\"@type\":\"ImageObject\",\"inLanguage\":\"fr-FR\",\"@id\":\"https:\/\/tourtravelandmore.com\/fr\/tours\/espagne-fr\/cadiz-fr\/private-sightseeing-tours-fr-8\/excursion-privee-a-ronda-et-setenial-de-las-bodegas-depuis-cadix\/#primaryimage\",\"url\":\"https:\/\/tourtravelandmore.com\/wp-content\/uploads\/2022\/09\/pexels-javier-gonzalez-11825615-scaled.jpg\",\"contentUrl\":\"https:\/\/tourtravelandmore.com\/wp-content\/uploads\/2022\/09\/pexels-javier-gonzalez-11825615-scaled.jpg\",\"width\":2560,\"height\":1707,\"caption\":\"Excursion priv\u00e9e \u00e0 Ronda et Setenial de las Bodegas depuis Malaga\"},{\"@type\":\"BreadcrumbList\",\"@id\":\"https:\/\/tourtravelandmore.com\/fr\/tours\/espagne-fr\/cadiz-fr\/private-sightseeing-tours-fr-8\/excursion-privee-a-ronda-et-setenial-de-las-bodegas-depuis-cadix\/#breadcrumb\",\"itemListElement\":[{\"@type\":\"ListItem\",\"position\":1,\"name\":\"Home\",\"item\":\"https:\/\/tourtravelandmore.com\/fr\/\"},{\"@type\":\"ListItem\",\"position\":2,\"name\":\"Tours\",\"item\":\"https:\/\/tourtravelandmore.com\/fr\/tours\/\"},{\"@type\":\"ListItem\",\"position\":3,\"name\":\"Excursion priv\u00e9e \u00e0 Ronda et Setenial de las Bodegas depuis Cadix\"}]},{\"@type\":\"WebSite\",\"@id\":\"https:\/\/tourtravelandmore.com\/fr\/#website\",\"url\":\"https:\/\/tourtravelandmore.com\/fr\/\",\"name\":\"Tour Travel And More\",\"description\":\"Private sightseeing tours and luxury transfers in Spain\",\"publisher\":{\"@id\":\"https:\/\/tourtravelandmore.com\/fr\/#organization\"},\"potentialAction\":[{\"@type\":\"SearchAction\",\"target\":{\"@type\":\"EntryPoint\",\"urlTemplate\":\"https:\/\/tourtravelandmore.com\/fr\/?s={search_term_string}\"},\"query-input\":{\"@type\":\"PropertyValueSpecification\",\"valueRequired\":true,\"valueName\":\"search_term_string\"}}],\"inLanguage\":\"fr-FR\"},{\"@type\":\"Organization\",\"@id\":\"https:\/\/tourtravelandmore.com\/fr\/#organization\",\"name\":\"Tour Travel And More\",\"url\":\"https:\/\/tourtravelandmore.com\/fr\/\",\"logo\":{\"@type\":\"ImageObject\",\"inLanguage\":\"fr-FR\",\"@id\":\"https:\/\/tourtravelandmore.com\/fr\/#\/schema\/logo\/image\/\",\"url\":\"https:\/\/tourtravelandmore.com\/wp-content\/uploads\/2022\/12\/cropped-logo-cabecera-new.png\",\"contentUrl\":\"https:\/\/tourtravelandmore.com\/wp-content\/uploads\/2022\/12\/cropped-logo-cabecera-new.png\",\"width\":430,\"height\":61,\"caption\":\"Tour Travel And More\"},\"image\":{\"@id\":\"https:\/\/tourtravelandmore.com\/fr\/#\/schema\/logo\/image\/\"},\"sameAs\":[\"https:\/\/www.facebook.com\/tourtravelandmore\/\",\"https:\/\/x.com\/TourTravel_More\"]}]}<\/script>\n<!-- \/ Yoast SEO Premium plugin. -->","yoast_head_json":{"title":"Excursion priv\u00e9e \u00e0 Ronda et Setenial de las Bodegas depuis Cadix","description":"Profitez de cette visite priv\u00e9e \u00e0 Ronda et Setenial de las Bodegas depuis Cadix, avec votre guide priv\u00e9 et votre v\u00e9hicule avec chauffeur.","robots":{"index":"index","follow":"follow","max-snippet":"max-snippet:-1","max-image-preview":"max-image-preview:large","max-video-preview":"max-video-preview:-1"},"canonical":"https:\/\/tourtravelandmore.com\/fr\/tours\/espagne-fr\/cadiz-fr\/private-sightseeing-tours-fr-8\/excursion-privee-a-ronda-et-setenial-de-las-bodegas-depuis-cadix\/","og_locale":"fr_FR","og_type":"article","og_title":"Excursion priv\u00e9e \u00e0 Ronda et Setenial de las Bodegas depuis Cadix","og_description":"Profitez de cette visite priv\u00e9e \u00e0 Ronda et Setenial de las Bodegas depuis Cadix, avec votre guide priv\u00e9 et votre v\u00e9hicule avec chauffeur.","og_url":"https:\/\/tourtravelandmore.com\/fr\/tours\/espagne-fr\/cadiz-fr\/private-sightseeing-tours-fr-8\/excursion-privee-a-ronda-et-setenial-de-las-bodegas-depuis-cadix\/","og_site_name":"Tour Travel And More","article_publisher":"https:\/\/www.facebook.com\/tourtravelandmore\/","article_modified_time":"2024-02-27T14:31:06+00:00","og_image":[{"width":2560,"height":1707,"url":"https:\/\/tourtravelandmore.com\/wp-content\/uploads\/2022\/09\/pexels-javier-gonzalez-11825615-scaled.jpg","type":"image\/jpeg"}],"twitter_card":"summary_large_image","twitter_site":"@TourTravel_More","twitter_misc":{"Dur\u00e9e de lecture estim\u00e9e":"3 minutes"},"schema":{"@context":"https:\/\/schema.org","@graph":[{"@type":"WebPage","@id":"https:\/\/tourtravelandmore.com\/fr\/tours\/espagne-fr\/cadiz-fr\/private-sightseeing-tours-fr-8\/excursion-privee-a-ronda-et-setenial-de-las-bodegas-depuis-cadix\/","url":"https:\/\/tourtravelandmore.com\/fr\/tours\/espagne-fr\/cadiz-fr\/private-sightseeing-tours-fr-8\/excursion-privee-a-ronda-et-setenial-de-las-bodegas-depuis-cadix\/","name":"Excursion priv\u00e9e \u00e0 Ronda et Setenial de las Bodegas depuis Cadix","isPartOf":{"@id":"https:\/\/tourtravelandmore.com\/fr\/#website"},"primaryImageOfPage":{"@id":"https:\/\/tourtravelandmore.com\/fr\/tours\/espagne-fr\/cadiz-fr\/private-sightseeing-tours-fr-8\/excursion-privee-a-ronda-et-setenial-de-las-bodegas-depuis-cadix\/#primaryimage"},"image":{"@id":"https:\/\/tourtravelandmore.com\/fr\/tours\/espagne-fr\/cadiz-fr\/private-sightseeing-tours-fr-8\/excursion-privee-a-ronda-et-setenial-de-las-bodegas-depuis-cadix\/#primaryimage"},"thumbnailUrl":"https:\/\/tourtravelandmore.com\/wp-content\/uploads\/2022\/09\/pexels-javier-gonzalez-11825615-scaled.jpg","datePublished":"2022-09-30T12:40:39+00:00","dateModified":"2024-02-27T14:31:06+00:00","description":"Profitez de cette visite priv\u00e9e \u00e0 Ronda et Setenial de las Bodegas depuis Cadix, avec votre guide priv\u00e9 et votre v\u00e9hicule avec chauffeur.","breadcrumb":{"@id":"https:\/\/tourtravelandmore.com\/fr\/tours\/espagne-fr\/cadiz-fr\/private-sightseeing-tours-fr-8\/excursion-privee-a-ronda-et-setenial-de-las-bodegas-depuis-cadix\/#breadcrumb"},"inLanguage":"fr-FR","potentialAction":[{"@type":"ReadAction","target":["https:\/\/tourtravelandmore.com\/fr\/tours\/espagne-fr\/cadiz-fr\/private-sightseeing-tours-fr-8\/excursion-privee-a-ronda-et-setenial-de-las-bodegas-depuis-cadix\/"]}]},{"@type":"ImageObject","inLanguage":"fr-FR","@id":"https:\/\/tourtravelandmore.com\/fr\/tours\/espagne-fr\/cadiz-fr\/private-sightseeing-tours-fr-8\/excursion-privee-a-ronda-et-setenial-de-las-bodegas-depuis-cadix\/#primaryimage","url":"https:\/\/tourtravelandmore.com\/wp-content\/uploads\/2022\/09\/pexels-javier-gonzalez-11825615-scaled.jpg","contentUrl":"https:\/\/tourtravelandmore.com\/wp-content\/uploads\/2022\/09\/pexels-javier-gonzalez-11825615-scaled.jpg","width":2560,"height":1707,"caption":"Excursion priv\u00e9e \u00e0 Ronda et Setenial de las Bodegas depuis Malaga"},{"@type":"BreadcrumbList","@id":"https:\/\/tourtravelandmore.com\/fr\/tours\/espagne-fr\/cadiz-fr\/private-sightseeing-tours-fr-8\/excursion-privee-a-ronda-et-setenial-de-las-bodegas-depuis-cadix\/#breadcrumb","itemListElement":[{"@type":"ListItem","position":1,"name":"Home","item":"https:\/\/tourtravelandmore.com\/fr\/"},{"@type":"ListItem","position":2,"name":"Tours","item":"https:\/\/tourtravelandmore.com\/fr\/tours\/"},{"@type":"ListItem","position":3,"name":"Excursion priv\u00e9e \u00e0 Ronda et Setenial de las Bodegas depuis Cadix"}]},{"@type":"WebSite","@id":"https:\/\/tourtravelandmore.com\/fr\/#website","url":"https:\/\/tourtravelandmore.com\/fr\/","name":"Tour Travel And More","description":"Private sightseeing tours and luxury transfers in Spain","publisher":{"@id":"https:\/\/tourtravelandmore.com\/fr\/#organization"},"potentialAction":[{"@type":"SearchAction","target":{"@type":"EntryPoint","urlTemplate":"https:\/\/tourtravelandmore.com\/fr\/?s={search_term_string}"},"query-input":{"@type":"PropertyValueSpecification","valueRequired":true,"valueName":"search_term_string"}}],"inLanguage":"fr-FR"},{"@type":"Organization","@id":"https:\/\/tourtravelandmore.com\/fr\/#organization","name":"Tour Travel And More","url":"https:\/\/tourtravelandmore.com\/fr\/","logo":{"@type":"ImageObject","inLanguage":"fr-FR","@id":"https:\/\/tourtravelandmore.com\/fr\/#\/schema\/logo\/image\/","url":"https:\/\/tourtravelandmore.com\/wp-content\/uploads\/2022\/12\/cropped-logo-cabecera-new.png","contentUrl":"https:\/\/tourtravelandmore.com\/wp-content\/uploads\/2022\/12\/cropped-logo-cabecera-new.png","width":430,"height":61,"caption":"Tour Travel And More"},"image":{"@id":"https:\/\/tourtravelandmore.com\/fr\/#\/schema\/logo\/image\/"},"sameAs":["https:\/\/www.facebook.com\/tourtravelandmore\/","https:\/\/x.com\/TourTravel_More"]}]}},"_links":{"self":[{"href":"https:\/\/tourtravelandmore.com\/fr\/wp-json\/wp\/v2\/product\/138773","targetHints":{"allow":["GET"]}}],"collection":[{"href":"https:\/\/tourtravelandmore.com\/fr\/wp-json\/wp\/v2\/product"}],"about":[{"href":"https:\/\/tourtravelandmore.com\/fr\/wp-json\/wp\/v2\/types\/product"}],"replies":[{"embeddable":true,"href":"https:\/\/tourtravelandmore.com\/fr\/wp-json\/wp\/v2\/comments?post=138773"}],"wp:featuredmedia":[{"embeddable":true,"href":"https:\/\/tourtravelandmore.com\/fr\/wp-json\/wp\/v2\/media\/138783"}],"wp:attachment":[{"href":"https:\/\/tourtravelandmore.com\/fr\/wp-json\/wp\/v2\/media?parent=138773"}],"wp:term":[{"taxonomy":"product_brand","embeddable":true,"href":"https:\/\/tourtravelandmore.com\/fr\/wp-json\/wp\/v2\/product_brand?post=138773"},{"taxonomy":"product_cat","embeddable":true,"href":"https:\/\/tourtravelandmore.com\/fr\/wp-json\/wp\/v2\/product_cat?post=138773"},{"taxonomy":"product_tag","embeddable":true,"href":"https:\/\/tourtravelandmore.com\/fr\/wp-json\/wp\/v2\/product_tag?post=138773"}],"curies":[{"name":"wp","href":"https:\/\/api.w.org\/{rel}","templated":true}]}}