{"id":138466,"date":"2022-09-27T17:30:38","date_gmt":"2022-09-27T15:30:44","guid":{"rendered":"https:\/\/tourtravelandmore.com\/?post_type=product&#038;p=138466"},"modified":"2024-02-27T20:32:06","modified_gmt":"2024-02-27T19:32:06","slug":"visite-privee-de-cadiz-a-gibraltar","status":"publish","type":"product","link":"https:\/\/tourtravelandmore.com\/fr\/tours\/espagne-fr\/cadiz-fr\/private-sightseeing-tours-fr-8\/visite-privee-de-cadiz-a-gibraltar\/","title":{"rendered":"Visite priv\u00e9e de Cadiz \u00e0 Gibraltar"},"content":{"rendered":"<h2>Tour priv\u00e9 de Cadix \u00e0 Gibraltar Description<\/h2>\n<p>Le Tour de Gibraltar depuis Cadix est avec guide et v\u00e9hicule priv\u00e9, il vous permettra de conna\u00eetre une ville et une colonie britannique \u00e0 quelques kilom\u00e8tres de l&#8217;Espagne.<\/p>\n<p>Si vous \u00eates dans une autre ville d&#8217;Andalousie, vous pouvez trouver ici tous les circuits en Espagne pour aller o\u00f9 vous voulez.<br \/>\nCette petite ville britannique est situ\u00e9e dans la p\u00e9ninsule ib\u00e9rique, si vous \u00eates \u00e0 Cadix cela vaut la peine de planifier une visite de la ville.<\/p>\n<p>Sa situation strat\u00e9gique aux portes de la M\u00e9diterran\u00e9e, son c\u00e9l\u00e8bre rocher, son gouvernement britannique, sa langue connue sous le nom de llanito (un m\u00e9lange d&#8217;anglais et d&#8217;espagnol) et son architecture britannique au c\u0153ur de l&#8217;Andalousie, font de Gibraltar un lieu unique.<\/p>\n<p>Un transfert est pr\u00e9vu entre l&#8217;h\u00f4tel de votre choix \u00e0 Cadix et la fronti\u00e8re de Gibraltar. De l&#8217;autre c\u00f4t\u00e9, un chauffeur\/guide vous accueillera pour une visite d&#8217;une heure et demie de l&#8217;Upper Rock. \u00c0 la fin de l&#8217;excursion, le chauffeur vous d\u00e9posera dans le centre de Gibraltar et vous pourrez voir le magnifique centre-ville de Gibraltar. \u00c0 la fronti\u00e8re, votre chauffeur vous attendra pour vous ramener \u00e0 l&#8217;h\u00f4tel de votre choix \u00e0 Cadix.<\/p>\n<p>Nos v\u00e9hicules ne peuvent pas entrer dans la ville de Gibraltar, car il s&#8217;agit de deux pays diff\u00e9rents. Notre chauffeur nous attendra dans un parking autoris\u00e9 et de l\u00e0 nous prendrons un bus qui nous d\u00e9posera dans le centre ville en 10 minutes pour nous promener dans les rues principales et dans la ville avec notre guide priv\u00e9 officiel.<\/p>\n<p>La visite dure 10 heures et est enti\u00e8rement priv\u00e9e. Tour Travel &amp; More propose un service o\u00f9 vous pouvez choisir l&#8217;heure et le lieu de d\u00e9part.<\/p>\n<h2>Sites d&#8217;int\u00e9r\u00eat et monuments<\/h2>\n<p>Votre chauffeur priv\u00e9 viendra vous chercher \u00e0 votre h\u00f4tel ou \u00e0 l&#8217;endroit de votre choix \u00e0 Cadix et vous emm\u00e8nera vers la fronti\u00e8re de Gibraltar. Il vous d\u00e9posera du c\u00f4t\u00e9 espagnol et vous devrez traverser la fronti\u00e8re \u00e0 pied. Une fois \u00e0 Gibraltar, vous rencontrerez votre chauffeur\/guide priv\u00e9 pour une visite d&#8217;une heure et demie de l&#8217;Upper Rock.<\/p>\n<p>Le simple fait de passer la fronti\u00e8re vous donnera l&#8217;impression d&#8217;\u00eatre dans une petite ville londonienne avec ses bo\u00eetes aux lettres, ses bus et ses cabines t\u00e9l\u00e9phoniques typiques.<\/p>\n<p>Depuis le centre, nous verrons le rocher de Gibraltar, autrefois connu comme l&#8217;un des piliers d&#8217;Hercule, un symbole qui figure toujours sur les deux c\u00f4t\u00e9s des armoiries espagnoles. Dans l&#8217;Antiquit\u00e9, les piliers d&#8217;Hercule \u00e9taient consid\u00e9r\u00e9s comme le bout du monde. Au cours des derniers si\u00e8cles, le rocher a \u00e9t\u00e9 reconnu pour son importante position strat\u00e9gique.<\/p>\n<p>\u00c0 la fin de la visite, votre chauffeur\/guide vous d\u00e9posera dans le centre de Gibraltar pour que vous puissiez voir le magnifique centre-ville, vous promener, manger quelque chose et faire du shopping.<\/p>\n<p>Ensuite, vous prendrez les transports publics jusqu&#8217;\u00e0 la fronti\u00e8re (si vous pr\u00e9f\u00e9rez, nous pouvons organiser un transfert priv\u00e9 jusqu&#8217;\u00e0 la fronti\u00e8re) et vous la traverserez \u00e0 pied. De l&#8217;autre c\u00f4t\u00e9, votre chauffeur priv\u00e9 vous attendra pour vous ramener \u00e0 votre h\u00f4tel \u00e0 Cadix.<\/p>\n<p>Il s&#8217;agit d&#8217;une excursion priv\u00e9e unique et enti\u00e8rement personnalis\u00e9e de Cadix \u00e0 Gibraltar pour vous et votre groupe.<\/p>\n","protected":false},"excerpt":{"rendered":"<p>Circuit priv\u00e9 de Cadix \u00e0 Gibraltar. Guide officiel priv\u00e9 et v\u00e9hicule priv\u00e9 avec chauffeur. Le v\u00e9hicule priv\u00e9 reste \u00e0 la fronti\u00e8re et le guide officiel est \u00e0 votre disposition pendant toute la dur\u00e9e de l&#8217;excursion.<\/p>\n","protected":false},"featured_media":93747,"comment_status":"open","ping_status":"closed","template":"","meta":{"_acf_changed":false},"product_brand":[],"product_cat":[3572,4200,4198,4199,4201],"product_tag":[],"class_list":{"0":"post-138466","1":"product","2":"type-product","3":"status-publish","4":"has-post-thumbnail","6":"product_cat-cadiz-fr","7":"product_cat-all-private-tours-activities-fr-70","8":"product_cat-private-sightseeing-tours-fr-8","9":"product_cat-private-day-trips-fr-2","10":"product_cat-private-shore-excursions-fr-2","12":"first","13":"instock","14":"shipping-taxable","15":"purchasable","16":"product-type-simple"},"acf":[],"yoast_head":"<!-- This site is optimized with the Yoast SEO Premium plugin v25.3.1 (Yoast SEO v25.3.1) - https:\/\/yoast.com\/wordpress\/plugins\/seo\/ -->\n<title>Visite priv\u00e9e de Cadiz \u00e0 Gibraltar<\/title>\n<meta name=\"description\" content=\"Visite priv\u00e9e de cadiz \u00e0 Gibraltar. Guide touristique officiel priv\u00e9 et v\u00e9hicule priv\u00e9 avec chauffeur. Le v\u00e9hicule priv\u00e9 reste \u00e0 la fronti\u00e8re.\" \/>\n<meta name=\"robots\" content=\"index, follow, max-snippet:-1, max-image-preview:large, max-video-preview:-1\" \/>\n<link rel=\"canonical\" href=\"https:\/\/tourtravelandmore.com\/fr\/tours\/espagne-fr\/cadiz-fr\/private-sightseeing-tours-fr-8\/visite-privee-de-cadiz-a-gibraltar\/\" \/>\n<meta property=\"og:locale\" content=\"fr_FR\" \/>\n<meta property=\"og:type\" content=\"article\" \/>\n<meta property=\"og:title\" content=\"Visite priv\u00e9e de Cadiz \u00e0 Gibraltar\" \/>\n<meta property=\"og:description\" content=\"Visite priv\u00e9e de cadiz \u00e0 Gibraltar. Guide touristique officiel priv\u00e9 et v\u00e9hicule priv\u00e9 avec chauffeur. Le v\u00e9hicule priv\u00e9 reste \u00e0 la fronti\u00e8re.\" \/>\n<meta property=\"og:url\" content=\"https:\/\/tourtravelandmore.com\/fr\/tours\/espagne-fr\/cadiz-fr\/private-sightseeing-tours-fr-8\/visite-privee-de-cadiz-a-gibraltar\/\" \/>\n<meta property=\"og:site_name\" content=\"Tour Travel And More\" \/>\n<meta property=\"article:publisher\" content=\"https:\/\/www.facebook.com\/tourtravelandmore\/\" \/>\n<meta property=\"article:modified_time\" content=\"2024-02-27T19:32:06+00:00\" \/>\n<meta property=\"og:image\" content=\"https:\/\/tourtravelandmore.com\/wp-content\/uploads\/2016\/05\/portada86.jpg\" \/>\n\t<meta property=\"og:image:width\" content=\"1605\" \/>\n\t<meta property=\"og:image:height\" content=\"642\" \/>\n\t<meta property=\"og:image:type\" content=\"image\/jpeg\" \/>\n<meta name=\"twitter:card\" content=\"summary_large_image\" \/>\n<meta name=\"twitter:site\" content=\"@TourTravel_More\" \/>\n<meta name=\"twitter:label1\" content=\"Dur\u00e9e de lecture estim\u00e9e\" \/>\n\t<meta name=\"twitter:data1\" content=\"3 minutes\" \/>\n<script type=\"application\/ld+json\" class=\"yoast-schema-graph\">{\"@context\":\"https:\/\/schema.org\",\"@graph\":[{\"@type\":\"WebPage\",\"@id\":\"https:\/\/tourtravelandmore.com\/fr\/tours\/espagne-fr\/cadiz-fr\/private-sightseeing-tours-fr-8\/visite-privee-de-cadiz-a-gibraltar\/\",\"url\":\"https:\/\/tourtravelandmore.com\/fr\/tours\/espagne-fr\/cadiz-fr\/private-sightseeing-tours-fr-8\/visite-privee-de-cadiz-a-gibraltar\/\",\"name\":\"Visite priv\u00e9e de Cadiz \u00e0 Gibraltar\",\"isPartOf\":{\"@id\":\"https:\/\/tourtravelandmore.com\/fr\/#website\"},\"primaryImageOfPage\":{\"@id\":\"https:\/\/tourtravelandmore.com\/fr\/tours\/espagne-fr\/cadiz-fr\/private-sightseeing-tours-fr-8\/visite-privee-de-cadiz-a-gibraltar\/#primaryimage\"},\"image\":{\"@id\":\"https:\/\/tourtravelandmore.com\/fr\/tours\/espagne-fr\/cadiz-fr\/private-sightseeing-tours-fr-8\/visite-privee-de-cadiz-a-gibraltar\/#primaryimage\"},\"thumbnailUrl\":\"https:\/\/tourtravelandmore.com\/wp-content\/uploads\/2016\/05\/portada86.jpg\",\"datePublished\":\"2022-09-27T15:30:44+00:00\",\"dateModified\":\"2024-02-27T19:32:06+00:00\",\"description\":\"Visite priv\u00e9e de cadiz \u00e0 Gibraltar. Guide touristique officiel priv\u00e9 et v\u00e9hicule priv\u00e9 avec chauffeur. Le v\u00e9hicule priv\u00e9 reste \u00e0 la fronti\u00e8re.\",\"breadcrumb\":{\"@id\":\"https:\/\/tourtravelandmore.com\/fr\/tours\/espagne-fr\/cadiz-fr\/private-sightseeing-tours-fr-8\/visite-privee-de-cadiz-a-gibraltar\/#breadcrumb\"},\"inLanguage\":\"fr-FR\",\"potentialAction\":[{\"@type\":\"ReadAction\",\"target\":[\"https:\/\/tourtravelandmore.com\/fr\/tours\/espagne-fr\/cadiz-fr\/private-sightseeing-tours-fr-8\/visite-privee-de-cadiz-a-gibraltar\/\"]}]},{\"@type\":\"ImageObject\",\"inLanguage\":\"fr-FR\",\"@id\":\"https:\/\/tourtravelandmore.com\/fr\/tours\/espagne-fr\/cadiz-fr\/private-sightseeing-tours-fr-8\/visite-privee-de-cadiz-a-gibraltar\/#primaryimage\",\"url\":\"https:\/\/tourtravelandmore.com\/wp-content\/uploads\/2016\/05\/portada86.jpg\",\"contentUrl\":\"https:\/\/tourtravelandmore.com\/wp-content\/uploads\/2016\/05\/portada86.jpg\",\"width\":1605,\"height\":642},{\"@type\":\"BreadcrumbList\",\"@id\":\"https:\/\/tourtravelandmore.com\/fr\/tours\/espagne-fr\/cadiz-fr\/private-sightseeing-tours-fr-8\/visite-privee-de-cadiz-a-gibraltar\/#breadcrumb\",\"itemListElement\":[{\"@type\":\"ListItem\",\"position\":1,\"name\":\"Home\",\"item\":\"https:\/\/tourtravelandmore.com\/fr\/\"},{\"@type\":\"ListItem\",\"position\":2,\"name\":\"Tours\",\"item\":\"https:\/\/tourtravelandmore.com\/fr\/tours\/\"},{\"@type\":\"ListItem\",\"position\":3,\"name\":\"Visite priv\u00e9e de Cadiz \u00e0 Gibraltar\"}]},{\"@type\":\"WebSite\",\"@id\":\"https:\/\/tourtravelandmore.com\/fr\/#website\",\"url\":\"https:\/\/tourtravelandmore.com\/fr\/\",\"name\":\"Tour Travel And More\",\"description\":\"Private sightseeing tours and luxury transfers in Spain\",\"publisher\":{\"@id\":\"https:\/\/tourtravelandmore.com\/fr\/#organization\"},\"potentialAction\":[{\"@type\":\"SearchAction\",\"target\":{\"@type\":\"EntryPoint\",\"urlTemplate\":\"https:\/\/tourtravelandmore.com\/fr\/?s={search_term_string}\"},\"query-input\":{\"@type\":\"PropertyValueSpecification\",\"valueRequired\":true,\"valueName\":\"search_term_string\"}}],\"inLanguage\":\"fr-FR\"},{\"@type\":\"Organization\",\"@id\":\"https:\/\/tourtravelandmore.com\/fr\/#organization\",\"name\":\"Tour Travel And More\",\"url\":\"https:\/\/tourtravelandmore.com\/fr\/\",\"logo\":{\"@type\":\"ImageObject\",\"inLanguage\":\"fr-FR\",\"@id\":\"https:\/\/tourtravelandmore.com\/fr\/#\/schema\/logo\/image\/\",\"url\":\"https:\/\/tourtravelandmore.com\/wp-content\/uploads\/2022\/12\/cropped-logo-cabecera-new.png\",\"contentUrl\":\"https:\/\/tourtravelandmore.com\/wp-content\/uploads\/2022\/12\/cropped-logo-cabecera-new.png\",\"width\":430,\"height\":61,\"caption\":\"Tour Travel And More\"},\"image\":{\"@id\":\"https:\/\/tourtravelandmore.com\/fr\/#\/schema\/logo\/image\/\"},\"sameAs\":[\"https:\/\/www.facebook.com\/tourtravelandmore\/\",\"https:\/\/x.com\/TourTravel_More\"]}]}<\/script>\n<!-- \/ Yoast SEO Premium plugin. -->","yoast_head_json":{"title":"Visite priv\u00e9e de Cadiz \u00e0 Gibraltar","description":"Visite priv\u00e9e de cadiz \u00e0 Gibraltar. Guide touristique officiel priv\u00e9 et v\u00e9hicule priv\u00e9 avec chauffeur. Le v\u00e9hicule priv\u00e9 reste \u00e0 la fronti\u00e8re.","robots":{"index":"index","follow":"follow","max-snippet":"max-snippet:-1","max-image-preview":"max-image-preview:large","max-video-preview":"max-video-preview:-1"},"canonical":"https:\/\/tourtravelandmore.com\/fr\/tours\/espagne-fr\/cadiz-fr\/private-sightseeing-tours-fr-8\/visite-privee-de-cadiz-a-gibraltar\/","og_locale":"fr_FR","og_type":"article","og_title":"Visite priv\u00e9e de Cadiz \u00e0 Gibraltar","og_description":"Visite priv\u00e9e de cadiz \u00e0 Gibraltar. Guide touristique officiel priv\u00e9 et v\u00e9hicule priv\u00e9 avec chauffeur. Le v\u00e9hicule priv\u00e9 reste \u00e0 la fronti\u00e8re.","og_url":"https:\/\/tourtravelandmore.com\/fr\/tours\/espagne-fr\/cadiz-fr\/private-sightseeing-tours-fr-8\/visite-privee-de-cadiz-a-gibraltar\/","og_site_name":"Tour Travel And More","article_publisher":"https:\/\/www.facebook.com\/tourtravelandmore\/","article_modified_time":"2024-02-27T19:32:06+00:00","og_image":[{"width":1605,"height":642,"url":"https:\/\/tourtravelandmore.com\/wp-content\/uploads\/2016\/05\/portada86.jpg","type":"image\/jpeg"}],"twitter_card":"summary_large_image","twitter_site":"@TourTravel_More","twitter_misc":{"Dur\u00e9e de lecture estim\u00e9e":"3 minutes"},"schema":{"@context":"https:\/\/schema.org","@graph":[{"@type":"WebPage","@id":"https:\/\/tourtravelandmore.com\/fr\/tours\/espagne-fr\/cadiz-fr\/private-sightseeing-tours-fr-8\/visite-privee-de-cadiz-a-gibraltar\/","url":"https:\/\/tourtravelandmore.com\/fr\/tours\/espagne-fr\/cadiz-fr\/private-sightseeing-tours-fr-8\/visite-privee-de-cadiz-a-gibraltar\/","name":"Visite priv\u00e9e de Cadiz \u00e0 Gibraltar","isPartOf":{"@id":"https:\/\/tourtravelandmore.com\/fr\/#website"},"primaryImageOfPage":{"@id":"https:\/\/tourtravelandmore.com\/fr\/tours\/espagne-fr\/cadiz-fr\/private-sightseeing-tours-fr-8\/visite-privee-de-cadiz-a-gibraltar\/#primaryimage"},"image":{"@id":"https:\/\/tourtravelandmore.com\/fr\/tours\/espagne-fr\/cadiz-fr\/private-sightseeing-tours-fr-8\/visite-privee-de-cadiz-a-gibraltar\/#primaryimage"},"thumbnailUrl":"https:\/\/tourtravelandmore.com\/wp-content\/uploads\/2016\/05\/portada86.jpg","datePublished":"2022-09-27T15:30:44+00:00","dateModified":"2024-02-27T19:32:06+00:00","description":"Visite priv\u00e9e de cadiz \u00e0 Gibraltar. Guide touristique officiel priv\u00e9 et v\u00e9hicule priv\u00e9 avec chauffeur. Le v\u00e9hicule priv\u00e9 reste \u00e0 la fronti\u00e8re.","breadcrumb":{"@id":"https:\/\/tourtravelandmore.com\/fr\/tours\/espagne-fr\/cadiz-fr\/private-sightseeing-tours-fr-8\/visite-privee-de-cadiz-a-gibraltar\/#breadcrumb"},"inLanguage":"fr-FR","potentialAction":[{"@type":"ReadAction","target":["https:\/\/tourtravelandmore.com\/fr\/tours\/espagne-fr\/cadiz-fr\/private-sightseeing-tours-fr-8\/visite-privee-de-cadiz-a-gibraltar\/"]}]},{"@type":"ImageObject","inLanguage":"fr-FR","@id":"https:\/\/tourtravelandmore.com\/fr\/tours\/espagne-fr\/cadiz-fr\/private-sightseeing-tours-fr-8\/visite-privee-de-cadiz-a-gibraltar\/#primaryimage","url":"https:\/\/tourtravelandmore.com\/wp-content\/uploads\/2016\/05\/portada86.jpg","contentUrl":"https:\/\/tourtravelandmore.com\/wp-content\/uploads\/2016\/05\/portada86.jpg","width":1605,"height":642},{"@type":"BreadcrumbList","@id":"https:\/\/tourtravelandmore.com\/fr\/tours\/espagne-fr\/cadiz-fr\/private-sightseeing-tours-fr-8\/visite-privee-de-cadiz-a-gibraltar\/#breadcrumb","itemListElement":[{"@type":"ListItem","position":1,"name":"Home","item":"https:\/\/tourtravelandmore.com\/fr\/"},{"@type":"ListItem","position":2,"name":"Tours","item":"https:\/\/tourtravelandmore.com\/fr\/tours\/"},{"@type":"ListItem","position":3,"name":"Visite priv\u00e9e de Cadiz \u00e0 Gibraltar"}]},{"@type":"WebSite","@id":"https:\/\/tourtravelandmore.com\/fr\/#website","url":"https:\/\/tourtravelandmore.com\/fr\/","name":"Tour Travel And More","description":"Private sightseeing tours and luxury transfers in Spain","publisher":{"@id":"https:\/\/tourtravelandmore.com\/fr\/#organization"},"potentialAction":[{"@type":"SearchAction","target":{"@type":"EntryPoint","urlTemplate":"https:\/\/tourtravelandmore.com\/fr\/?s={search_term_string}"},"query-input":{"@type":"PropertyValueSpecification","valueRequired":true,"valueName":"search_term_string"}}],"inLanguage":"fr-FR"},{"@type":"Organization","@id":"https:\/\/tourtravelandmore.com\/fr\/#organization","name":"Tour Travel And More","url":"https:\/\/tourtravelandmore.com\/fr\/","logo":{"@type":"ImageObject","inLanguage":"fr-FR","@id":"https:\/\/tourtravelandmore.com\/fr\/#\/schema\/logo\/image\/","url":"https:\/\/tourtravelandmore.com\/wp-content\/uploads\/2022\/12\/cropped-logo-cabecera-new.png","contentUrl":"https:\/\/tourtravelandmore.com\/wp-content\/uploads\/2022\/12\/cropped-logo-cabecera-new.png","width":430,"height":61,"caption":"Tour Travel And More"},"image":{"@id":"https:\/\/tourtravelandmore.com\/fr\/#\/schema\/logo\/image\/"},"sameAs":["https:\/\/www.facebook.com\/tourtravelandmore\/","https:\/\/x.com\/TourTravel_More"]}]}},"_links":{"self":[{"href":"https:\/\/tourtravelandmore.com\/fr\/wp-json\/wp\/v2\/product\/138466","targetHints":{"allow":["GET"]}}],"collection":[{"href":"https:\/\/tourtravelandmore.com\/fr\/wp-json\/wp\/v2\/product"}],"about":[{"href":"https:\/\/tourtravelandmore.com\/fr\/wp-json\/wp\/v2\/types\/product"}],"replies":[{"embeddable":true,"href":"https:\/\/tourtravelandmore.com\/fr\/wp-json\/wp\/v2\/comments?post=138466"}],"wp:featuredmedia":[{"embeddable":true,"href":"https:\/\/tourtravelandmore.com\/fr\/wp-json\/wp\/v2\/media\/93747"}],"wp:attachment":[{"href":"https:\/\/tourtravelandmore.com\/fr\/wp-json\/wp\/v2\/media?parent=138466"}],"wp:term":[{"taxonomy":"product_brand","embeddable":true,"href":"https:\/\/tourtravelandmore.com\/fr\/wp-json\/wp\/v2\/product_brand?post=138466"},{"taxonomy":"product_cat","embeddable":true,"href":"https:\/\/tourtravelandmore.com\/fr\/wp-json\/wp\/v2\/product_cat?post=138466"},{"taxonomy":"product_tag","embeddable":true,"href":"https:\/\/tourtravelandmore.com\/fr\/wp-json\/wp\/v2\/product_tag?post=138466"}],"curies":[{"name":"wp","href":"https:\/\/api.w.org\/{rel}","templated":true}]}}