{"id":138062,"date":"2022-09-23T17:21:32","date_gmt":"2022-09-23T15:21:43","guid":{"rendered":"https:\/\/tourtravelandmore.com\/?post_type=product&#038;p=138062"},"modified":"2024-02-27T20:34:44","modified_gmt":"2024-02-27T19:34:44","slug":"visite-privee-de-lalhambra-depuis-cadix","status":"publish","type":"product","link":"https:\/\/tourtravelandmore.com\/fr\/tours\/espagne-fr\/cadiz-fr\/private-sightseeing-tours-fr-8\/visite-privee-de-lalhambra-depuis-cadix\/","title":{"rendered":"Visite priv\u00e9e de l&#8217;Alhambra depuis Cadix"},"content":{"rendered":"<h2>Description de l&#8217;excursion priv\u00e9e \u00e0 l&#8217;Alhambra depuis Cadix<\/h2>\n<p>D\u00e9couvrez et apprenez \u00e0 conna\u00eetre l&#8217;un des monuments les plus beaux et les plus spectaculaires du monde, gr\u00e2ce \u00e0 cette visite priv\u00e9e de l&#8217;Alhambra depuis Cadix avec un v\u00e9hicule priv\u00e9 et un guide officiel.<\/p>\n<p>Nous vous attribuerons un v\u00e9hicule priv\u00e9 de luxe avec chauffeur et nous vous fournirons \u00e9galement un guide expert qui vous attendra \u00e0 l&#8217;Alhambra pour vous faire d\u00e9couvrir les impressionnants palais et les magnifiques jardins qui composent le complexe de l&#8217;Alhambra.<\/p>\n<p>Notre chauffeur viendra vous chercher \u00e0 votre h\u00f4tel et vous emm\u00e8nera \u00e0 l&#8217;Alhambra, o\u00f9 notre guide officiel vous attendra pour une visite de 3 heures. Une fois la visite termin\u00e9e, le chauffeur priv\u00e9 vous conduira au centre de Grenade, afin que vous puissiez profiter d&#8217;un peu de temps libre, manger un morceau et appr\u00e9cier la richesse de sa gastronomie, avant le voyage de retour.<\/p>\n<p>La dur\u00e9e totale de la visite de l&#8217;Alhambra est de 12 heures, elle est enti\u00e8rement priv\u00e9e. Tour Travel &amp; More s&#8217;adapte \u00e0 vous, vous pouvez choisir l&#8217;heure de d\u00e9part et le lieu de prise en charge.<\/p>\n<p>Nous achetons toujours les billets \u00e0 l&#8217;avance, car il y a tr\u00e8s peu de places disponibles, ce qui nous permet d&#8217;\u00e9viter les files d&#8217;attente.<\/p>\n<p>Si vous planifiez votre voyage, r\u00e9servez vite, les billets pour l&#8217;Alhambra se vendent rapidement.<\/p>\n<h2><b>Points d&#8217;int\u00e9r\u00eat\u00a0<\/b><\/h2>\n<p>Une fois \u00e0 l&#8217;int\u00e9rieur de cette visite priv\u00e9e de l&#8217;Alhambra depuis Cadix, vous visiterez les palais nasrides, deux palais ind\u00e9pendants datant du XIVe si\u00e8cle, le premier d&#8217;entre eux est le palais de Comares, c&#8217;est le quartier du monarque, un endroit magnifique avec une s\u00e9rie d&#8217;inscriptions et d&#8217;ornements qui coupent le souffle \u00e0 tous ceux qui le voient pour la premi\u00e8re fois, il est situ\u00e9 autour du Patio de los Arrayanes, juste au nord de la Sala de la Barca et de la Sala de los Embajadores.<\/p>\n<p>Le deuxi\u00e8me b\u00e2timent est le palais des Lions, qui est en fait le troisi\u00e8me palais le plus important de tout le complexe et o\u00f9 se trouve le c\u00e9l\u00e8bre Patio de los Leones.<\/p>\n<p>Nous poursuivrons notre visite par l&#8217;Alcazaba, une forteresse militaire qui fut la premi\u00e8re \u00e0 \u00eatre construite dans toute la ville. En fait, avant elle, il y avait un petit ch\u00e2teau sur la colline de Sabika qui \u00e9tait \u00e9galement d\u00e9fensif, mais il a \u00e9t\u00e9 remplac\u00e9 par cette impressionnante \u0153uvre architecturale.<\/p>\n<p>Une fois abandonn\u00e9 le monde militaire de la dynastie nasride, il est temps de visiter le c\u00e9l\u00e8bre &#8220;Jardin de l&#8217;Architecte&#8221;, plus connu sous le nom de Generalife, une villa rurale, con\u00e7ue pour la d\u00e9tente et le repos des rois musulmans. Il est compos\u00e9 de jardins ornementaux et de jardins de fruits et l\u00e9gumes, un lieu o\u00f9 l&#8217;on peut se consacrer \u00e0 l&#8217;agriculture et profiter de ce que la nature a de meilleur \u00e0 offrir.<\/p>\n<p>Vous avancerez dans le temps jusqu&#8217;\u00e0 la Renaissance avec le Palais de Charles Quint, une autre pi\u00e8ce magnifique qui fait partie des r\u00e9sidences palatiales de ce complexe, bien qu&#8217;il s&#8217;agisse d&#8217;une construction beaucoup plus moderne, construite par Charles Quint lorsqu&#8217;il visita Grenade pendant son voyage de noces, et qui deviendra &#8220;La Casa Real Nueva&#8221; (la nouvelle maison royale).<\/p>\n<p>Le dernier site d&#8217;int\u00e9r\u00eat est El Partal, le dernier palais encore debout dans cette zone, bien que les environs soient pleins de vieilles ruines de r\u00e9sidences nobles. L&#8217;endroit est entour\u00e9 de beaux jardins et d&#8217;\u00e9tangs qui vous transporteront dans le conte des &#8220;Mille et une nuits&#8221;. L&#8217;ordre des visites peut \u00eatre modifi\u00e9 en fonction de l&#8217;horaire qui nous est communiqu\u00e9 par les palais Nasrides.<\/p>\n<p>Pour une proposition d\u00e9taill\u00e9e, veuillez remplir le formulaire de contact et indiquer votre ville de d\u00e9part.<\/p>\n<p>Nous pouvons ajouter une heure suppl\u00e9mentaire au guide si vous souhaitez descendre dans le centre de Grenade avec notre guide officiel priv\u00e9. Dans ce cas, vous pouvez choisir l&#8217;option d&#8217;une visite priv\u00e9e de l&#8217;Alhambra et de Grenade.<\/p>\n","protected":false},"excerpt":{"rendered":"<p>Gr\u00e2ce \u00e0 la visite priv\u00e9e de l&#8217;Alhambra, vous pourrez d\u00e9couvrir l&#8217;un des monuments les plus impressionnants et uniques au monde, situ\u00e9 \u00e0 proximit\u00e9 du centre historique de la ville de Grenade.<\/p>\n","protected":false},"featured_media":138000,"comment_status":"open","ping_status":"closed","template":"","meta":{"_acf_changed":false},"product_brand":[],"product_cat":[3572,4200,4198,4199],"product_tag":[],"class_list":{"0":"post-138062","1":"product","2":"type-product","3":"status-publish","4":"has-post-thumbnail","6":"product_cat-cadiz-fr","7":"product_cat-all-private-tours-activities-fr-70","8":"product_cat-private-sightseeing-tours-fr-8","9":"product_cat-private-day-trips-fr-2","11":"first","12":"instock","13":"shipping-taxable","14":"purchasable","15":"product-type-simple"},"acf":[],"yoast_head":"<!-- This site is optimized with the Yoast SEO Premium plugin v25.3.1 (Yoast SEO v25.3.1) - https:\/\/yoast.com\/wordpress\/plugins\/seo\/ -->\n<title>\u27a1\ufe0fVisite priv\u00e9e de l&#039;Alhambra depuis Cadix : Tour Travel &amp; More<\/title>\n<meta name=\"description\" content=\"R\u00e9servez d\u00e8s maintenant cette visite priv\u00e9e de Grenade au d\u00e9part de Cadix, ce sera une exp\u00e9rience de luxe et bien s\u00fbr inoubliable \u2705.\" \/>\n<meta name=\"robots\" content=\"index, follow, max-snippet:-1, max-image-preview:large, max-video-preview:-1\" \/>\n<link rel=\"canonical\" href=\"https:\/\/tourtravelandmore.com\/fr\/tours\/espagne-fr\/cadiz-fr\/private-sightseeing-tours-fr-8\/visite-privee-de-lalhambra-depuis-cadix\/\" \/>\n<meta property=\"og:locale\" content=\"fr_FR\" \/>\n<meta property=\"og:type\" content=\"article\" \/>\n<meta property=\"og:title\" content=\"Visite priv\u00e9e de l&#039;Alhambra depuis Cadix\" \/>\n<meta property=\"og:description\" content=\"R\u00e9servez d\u00e8s maintenant cette visite priv\u00e9e de Grenade au d\u00e9part de Cadix, ce sera une exp\u00e9rience de luxe et bien s\u00fbr inoubliable \u2705.\" \/>\n<meta property=\"og:url\" content=\"https:\/\/tourtravelandmore.com\/fr\/tours\/espagne-fr\/cadiz-fr\/private-sightseeing-tours-fr-8\/visite-privee-de-lalhambra-depuis-cadix\/\" \/>\n<meta property=\"og:site_name\" content=\"Tour Travel And More\" \/>\n<meta property=\"article:publisher\" content=\"https:\/\/www.facebook.com\/tourtravelandmore\/\" \/>\n<meta property=\"article:modified_time\" content=\"2024-02-27T19:34:44+00:00\" \/>\n<meta property=\"og:image\" content=\"https:\/\/tourtravelandmore.com\/wp-content\/uploads\/2022\/09\/pexels-zekai-zhu-11829151-scaled.jpg\" \/>\n\t<meta property=\"og:image:width\" content=\"2560\" \/>\n\t<meta property=\"og:image:height\" content=\"1703\" \/>\n\t<meta property=\"og:image:type\" content=\"image\/jpeg\" \/>\n<meta name=\"twitter:card\" content=\"summary_large_image\" \/>\n<meta name=\"twitter:site\" content=\"@TourTravel_More\" \/>\n<meta name=\"twitter:label1\" content=\"Dur\u00e9e de lecture estim\u00e9e\" \/>\n\t<meta name=\"twitter:data1\" content=\"3 minutes\" \/>\n<script type=\"application\/ld+json\" class=\"yoast-schema-graph\">{\"@context\":\"https:\/\/schema.org\",\"@graph\":[{\"@type\":\"WebPage\",\"@id\":\"https:\/\/tourtravelandmore.com\/fr\/tours\/espagne-fr\/cadiz-fr\/private-sightseeing-tours-fr-8\/visite-privee-de-lalhambra-depuis-cadix\/\",\"url\":\"https:\/\/tourtravelandmore.com\/fr\/tours\/espagne-fr\/cadiz-fr\/private-sightseeing-tours-fr-8\/visite-privee-de-lalhambra-depuis-cadix\/\",\"name\":\"\u27a1\ufe0fVisite priv\u00e9e de l'Alhambra depuis Cadix : Tour Travel & More\",\"isPartOf\":{\"@id\":\"https:\/\/tourtravelandmore.com\/fr\/#website\"},\"primaryImageOfPage\":{\"@id\":\"https:\/\/tourtravelandmore.com\/fr\/tours\/espagne-fr\/cadiz-fr\/private-sightseeing-tours-fr-8\/visite-privee-de-lalhambra-depuis-cadix\/#primaryimage\"},\"image\":{\"@id\":\"https:\/\/tourtravelandmore.com\/fr\/tours\/espagne-fr\/cadiz-fr\/private-sightseeing-tours-fr-8\/visite-privee-de-lalhambra-depuis-cadix\/#primaryimage\"},\"thumbnailUrl\":\"https:\/\/tourtravelandmore.com\/wp-content\/uploads\/2022\/09\/pexels-zekai-zhu-11829151-scaled.jpg\",\"datePublished\":\"2022-09-23T15:21:43+00:00\",\"dateModified\":\"2024-02-27T19:34:44+00:00\",\"description\":\"R\u00e9servez d\u00e8s maintenant cette visite priv\u00e9e de Grenade au d\u00e9part de Cadix, ce sera une exp\u00e9rience de luxe et bien s\u00fbr inoubliable \u2705.\",\"breadcrumb\":{\"@id\":\"https:\/\/tourtravelandmore.com\/fr\/tours\/espagne-fr\/cadiz-fr\/private-sightseeing-tours-fr-8\/visite-privee-de-lalhambra-depuis-cadix\/#breadcrumb\"},\"inLanguage\":\"fr-FR\",\"potentialAction\":[{\"@type\":\"ReadAction\",\"target\":[\"https:\/\/tourtravelandmore.com\/fr\/tours\/espagne-fr\/cadiz-fr\/private-sightseeing-tours-fr-8\/visite-privee-de-lalhambra-depuis-cadix\/\"]}]},{\"@type\":\"ImageObject\",\"inLanguage\":\"fr-FR\",\"@id\":\"https:\/\/tourtravelandmore.com\/fr\/tours\/espagne-fr\/cadiz-fr\/private-sightseeing-tours-fr-8\/visite-privee-de-lalhambra-depuis-cadix\/#primaryimage\",\"url\":\"https:\/\/tourtravelandmore.com\/wp-content\/uploads\/2022\/09\/pexels-zekai-zhu-11829151-scaled.jpg\",\"contentUrl\":\"https:\/\/tourtravelandmore.com\/wp-content\/uploads\/2022\/09\/pexels-zekai-zhu-11829151-scaled.jpg\",\"width\":2560,\"height\":1703},{\"@type\":\"BreadcrumbList\",\"@id\":\"https:\/\/tourtravelandmore.com\/fr\/tours\/espagne-fr\/cadiz-fr\/private-sightseeing-tours-fr-8\/visite-privee-de-lalhambra-depuis-cadix\/#breadcrumb\",\"itemListElement\":[{\"@type\":\"ListItem\",\"position\":1,\"name\":\"Home\",\"item\":\"https:\/\/tourtravelandmore.com\/fr\/\"},{\"@type\":\"ListItem\",\"position\":2,\"name\":\"Tours\",\"item\":\"https:\/\/tourtravelandmore.com\/fr\/tours\/\"},{\"@type\":\"ListItem\",\"position\":3,\"name\":\"Visite priv\u00e9e de l&#8217;Alhambra depuis Cadix\"}]},{\"@type\":\"WebSite\",\"@id\":\"https:\/\/tourtravelandmore.com\/fr\/#website\",\"url\":\"https:\/\/tourtravelandmore.com\/fr\/\",\"name\":\"Tour Travel And More\",\"description\":\"Private sightseeing tours and luxury transfers in Spain\",\"publisher\":{\"@id\":\"https:\/\/tourtravelandmore.com\/fr\/#organization\"},\"potentialAction\":[{\"@type\":\"SearchAction\",\"target\":{\"@type\":\"EntryPoint\",\"urlTemplate\":\"https:\/\/tourtravelandmore.com\/fr\/?s={search_term_string}\"},\"query-input\":{\"@type\":\"PropertyValueSpecification\",\"valueRequired\":true,\"valueName\":\"search_term_string\"}}],\"inLanguage\":\"fr-FR\"},{\"@type\":\"Organization\",\"@id\":\"https:\/\/tourtravelandmore.com\/fr\/#organization\",\"name\":\"Tour Travel And More\",\"url\":\"https:\/\/tourtravelandmore.com\/fr\/\",\"logo\":{\"@type\":\"ImageObject\",\"inLanguage\":\"fr-FR\",\"@id\":\"https:\/\/tourtravelandmore.com\/fr\/#\/schema\/logo\/image\/\",\"url\":\"https:\/\/tourtravelandmore.com\/wp-content\/uploads\/2022\/12\/cropped-logo-cabecera-new.png\",\"contentUrl\":\"https:\/\/tourtravelandmore.com\/wp-content\/uploads\/2022\/12\/cropped-logo-cabecera-new.png\",\"width\":430,\"height\":61,\"caption\":\"Tour Travel And More\"},\"image\":{\"@id\":\"https:\/\/tourtravelandmore.com\/fr\/#\/schema\/logo\/image\/\"},\"sameAs\":[\"https:\/\/www.facebook.com\/tourtravelandmore\/\",\"https:\/\/x.com\/TourTravel_More\"]}]}<\/script>\n<!-- \/ Yoast SEO Premium plugin. -->","yoast_head_json":{"title":"\u27a1\ufe0fVisite priv\u00e9e de l'Alhambra depuis Cadix : Tour Travel & More","description":"R\u00e9servez d\u00e8s maintenant cette visite priv\u00e9e de Grenade au d\u00e9part de Cadix, ce sera une exp\u00e9rience de luxe et bien s\u00fbr inoubliable \u2705.","robots":{"index":"index","follow":"follow","max-snippet":"max-snippet:-1","max-image-preview":"max-image-preview:large","max-video-preview":"max-video-preview:-1"},"canonical":"https:\/\/tourtravelandmore.com\/fr\/tours\/espagne-fr\/cadiz-fr\/private-sightseeing-tours-fr-8\/visite-privee-de-lalhambra-depuis-cadix\/","og_locale":"fr_FR","og_type":"article","og_title":"Visite priv\u00e9e de l'Alhambra depuis Cadix","og_description":"R\u00e9servez d\u00e8s maintenant cette visite priv\u00e9e de Grenade au d\u00e9part de Cadix, ce sera une exp\u00e9rience de luxe et bien s\u00fbr inoubliable \u2705.","og_url":"https:\/\/tourtravelandmore.com\/fr\/tours\/espagne-fr\/cadiz-fr\/private-sightseeing-tours-fr-8\/visite-privee-de-lalhambra-depuis-cadix\/","og_site_name":"Tour Travel And More","article_publisher":"https:\/\/www.facebook.com\/tourtravelandmore\/","article_modified_time":"2024-02-27T19:34:44+00:00","og_image":[{"width":2560,"height":1703,"url":"https:\/\/tourtravelandmore.com\/wp-content\/uploads\/2022\/09\/pexels-zekai-zhu-11829151-scaled.jpg","type":"image\/jpeg"}],"twitter_card":"summary_large_image","twitter_site":"@TourTravel_More","twitter_misc":{"Dur\u00e9e de lecture estim\u00e9e":"3 minutes"},"schema":{"@context":"https:\/\/schema.org","@graph":[{"@type":"WebPage","@id":"https:\/\/tourtravelandmore.com\/fr\/tours\/espagne-fr\/cadiz-fr\/private-sightseeing-tours-fr-8\/visite-privee-de-lalhambra-depuis-cadix\/","url":"https:\/\/tourtravelandmore.com\/fr\/tours\/espagne-fr\/cadiz-fr\/private-sightseeing-tours-fr-8\/visite-privee-de-lalhambra-depuis-cadix\/","name":"\u27a1\ufe0fVisite priv\u00e9e de l'Alhambra depuis Cadix : Tour Travel & More","isPartOf":{"@id":"https:\/\/tourtravelandmore.com\/fr\/#website"},"primaryImageOfPage":{"@id":"https:\/\/tourtravelandmore.com\/fr\/tours\/espagne-fr\/cadiz-fr\/private-sightseeing-tours-fr-8\/visite-privee-de-lalhambra-depuis-cadix\/#primaryimage"},"image":{"@id":"https:\/\/tourtravelandmore.com\/fr\/tours\/espagne-fr\/cadiz-fr\/private-sightseeing-tours-fr-8\/visite-privee-de-lalhambra-depuis-cadix\/#primaryimage"},"thumbnailUrl":"https:\/\/tourtravelandmore.com\/wp-content\/uploads\/2022\/09\/pexels-zekai-zhu-11829151-scaled.jpg","datePublished":"2022-09-23T15:21:43+00:00","dateModified":"2024-02-27T19:34:44+00:00","description":"R\u00e9servez d\u00e8s maintenant cette visite priv\u00e9e de Grenade au d\u00e9part de Cadix, ce sera une exp\u00e9rience de luxe et bien s\u00fbr inoubliable \u2705.","breadcrumb":{"@id":"https:\/\/tourtravelandmore.com\/fr\/tours\/espagne-fr\/cadiz-fr\/private-sightseeing-tours-fr-8\/visite-privee-de-lalhambra-depuis-cadix\/#breadcrumb"},"inLanguage":"fr-FR","potentialAction":[{"@type":"ReadAction","target":["https:\/\/tourtravelandmore.com\/fr\/tours\/espagne-fr\/cadiz-fr\/private-sightseeing-tours-fr-8\/visite-privee-de-lalhambra-depuis-cadix\/"]}]},{"@type":"ImageObject","inLanguage":"fr-FR","@id":"https:\/\/tourtravelandmore.com\/fr\/tours\/espagne-fr\/cadiz-fr\/private-sightseeing-tours-fr-8\/visite-privee-de-lalhambra-depuis-cadix\/#primaryimage","url":"https:\/\/tourtravelandmore.com\/wp-content\/uploads\/2022\/09\/pexels-zekai-zhu-11829151-scaled.jpg","contentUrl":"https:\/\/tourtravelandmore.com\/wp-content\/uploads\/2022\/09\/pexels-zekai-zhu-11829151-scaled.jpg","width":2560,"height":1703},{"@type":"BreadcrumbList","@id":"https:\/\/tourtravelandmore.com\/fr\/tours\/espagne-fr\/cadiz-fr\/private-sightseeing-tours-fr-8\/visite-privee-de-lalhambra-depuis-cadix\/#breadcrumb","itemListElement":[{"@type":"ListItem","position":1,"name":"Home","item":"https:\/\/tourtravelandmore.com\/fr\/"},{"@type":"ListItem","position":2,"name":"Tours","item":"https:\/\/tourtravelandmore.com\/fr\/tours\/"},{"@type":"ListItem","position":3,"name":"Visite priv\u00e9e de l&#8217;Alhambra depuis Cadix"}]},{"@type":"WebSite","@id":"https:\/\/tourtravelandmore.com\/fr\/#website","url":"https:\/\/tourtravelandmore.com\/fr\/","name":"Tour Travel And More","description":"Private sightseeing tours and luxury transfers in Spain","publisher":{"@id":"https:\/\/tourtravelandmore.com\/fr\/#organization"},"potentialAction":[{"@type":"SearchAction","target":{"@type":"EntryPoint","urlTemplate":"https:\/\/tourtravelandmore.com\/fr\/?s={search_term_string}"},"query-input":{"@type":"PropertyValueSpecification","valueRequired":true,"valueName":"search_term_string"}}],"inLanguage":"fr-FR"},{"@type":"Organization","@id":"https:\/\/tourtravelandmore.com\/fr\/#organization","name":"Tour Travel And More","url":"https:\/\/tourtravelandmore.com\/fr\/","logo":{"@type":"ImageObject","inLanguage":"fr-FR","@id":"https:\/\/tourtravelandmore.com\/fr\/#\/schema\/logo\/image\/","url":"https:\/\/tourtravelandmore.com\/wp-content\/uploads\/2022\/12\/cropped-logo-cabecera-new.png","contentUrl":"https:\/\/tourtravelandmore.com\/wp-content\/uploads\/2022\/12\/cropped-logo-cabecera-new.png","width":430,"height":61,"caption":"Tour Travel And More"},"image":{"@id":"https:\/\/tourtravelandmore.com\/fr\/#\/schema\/logo\/image\/"},"sameAs":["https:\/\/www.facebook.com\/tourtravelandmore\/","https:\/\/x.com\/TourTravel_More"]}]}},"_links":{"self":[{"href":"https:\/\/tourtravelandmore.com\/fr\/wp-json\/wp\/v2\/product\/138062","targetHints":{"allow":["GET"]}}],"collection":[{"href":"https:\/\/tourtravelandmore.com\/fr\/wp-json\/wp\/v2\/product"}],"about":[{"href":"https:\/\/tourtravelandmore.com\/fr\/wp-json\/wp\/v2\/types\/product"}],"replies":[{"embeddable":true,"href":"https:\/\/tourtravelandmore.com\/fr\/wp-json\/wp\/v2\/comments?post=138062"}],"wp:featuredmedia":[{"embeddable":true,"href":"https:\/\/tourtravelandmore.com\/fr\/wp-json\/wp\/v2\/media\/138000"}],"wp:attachment":[{"href":"https:\/\/tourtravelandmore.com\/fr\/wp-json\/wp\/v2\/media?parent=138062"}],"wp:term":[{"taxonomy":"product_brand","embeddable":true,"href":"https:\/\/tourtravelandmore.com\/fr\/wp-json\/wp\/v2\/product_brand?post=138062"},{"taxonomy":"product_cat","embeddable":true,"href":"https:\/\/tourtravelandmore.com\/fr\/wp-json\/wp\/v2\/product_cat?post=138062"},{"taxonomy":"product_tag","embeddable":true,"href":"https:\/\/tourtravelandmore.com\/fr\/wp-json\/wp\/v2\/product_tag?post=138062"}],"curies":[{"name":"wp","href":"https:\/\/api.w.org\/{rel}","templated":true}]}}