{"id":137978,"date":"2022-09-22T21:28:32","date_gmt":"2022-09-22T19:28:39","guid":{"rendered":"https:\/\/tourtravelandmore.com\/?post_type=product&#038;p=137978"},"modified":"2024-02-27T19:28:45","modified_gmt":"2024-02-27T18:28:45","slug":"visite-privee-de-lalhambra-et-de-grenade-au-depart-de-cadix","status":"publish","type":"product","link":"https:\/\/tourtravelandmore.com\/fr\/tours\/espagne-fr\/cadiz-fr\/private-sightseeing-tours-fr-8\/visite-privee-de-lalhambra-et-de-grenade-au-depart-de-cadix\/","title":{"rendered":"Visite priv\u00e9e de l&#8217;Alhambra et de Grenade au d\u00e9part de Cadix"},"content":{"rendered":"<h2><b>Description\u00a0<\/b><\/h2>\n<p>Gr\u00e2ce \u00e0 la visite priv\u00e9e de l&#8217;Alhambra et de Grenade au d\u00e9part de Cadix, vous d\u00e9couvrirez l&#8217;un des monuments les plus impressionnants et les plus uniques au monde. Il se trouve \u00e0 proximit\u00e9 du centre historique de la ville de Grenade.<\/p>\n<p>Si vous \u00eates \u00e0 Cadix, vous ne pouvez pas manquer ce lieu fascinant, le plus embl\u00e9matique et le plus important d&#8217;Espagne. L&#8217;Alhambra et la ville de Grenade qui d\u00e9tient l&#8217;un des plus beaux patrimoines que l&#8217;humanit\u00e9 poss\u00e8de, \u00e0 savoir la cit\u00e9 palatine de l&#8217;Alhambra et bien s\u00fbr d&#8217;autres sites d&#8217;int\u00e9r\u00eat tels que la chapelle royale et la cath\u00e9drale de Grenade.<\/p>\n<p>Tour Travel &amp; More propose un service de visite priv\u00e9e qui peut commencer \u00e0 l&#8217;endroit de votre choix \u00e0 Cadix, \u00e0 partir de votre h\u00f4tel ou \u00e0 l&#8217;endroit de votre choix, afin que vous puissiez emporter un tr\u00e8s beau souvenir de votre visite dans cette partie du monde.<\/p>\n<p>La dur\u00e9e totale de l&#8217;excursion est de 12 heures. Notre v\u00e9hicule priv\u00e9 avec chauffeur viendra vous chercher \u00e0 votre h\u00f4tel ou \u00e0 l&#8217;endroit de votre choix, et vous emm\u00e8nera \u00e0 Grenade. L\u00e0, notre guide priv\u00e9 officiel vous attendra pour commencer la visite de l&#8217;Alhambra et de Grenade. La dur\u00e9e de l&#8217;excursion est de 12 heures. Nous visiterons l&#8217;Alhambra, puis nous descendrons dans le centre historique pour d\u00e9couvrir la ville de Grenade.<\/p>\n<p>Les billets pour l&#8217;Alhambra sont inclus. Il est important de r\u00e9server \u00e0 l&#8217;avance, car les billets sont peu nombreux et se vendent g\u00e9n\u00e9ralement tr\u00e8s rapidement.<\/p>\n<p>La visite est enti\u00e8rement priv\u00e9e et nous nous adaptons \u00e0 vos besoins et pr\u00e9f\u00e9rences.<\/p>\n<h2><b>Points d&#8217;int\u00e9r\u00eat\u00a0<\/b><\/h2>\n<p>La visite priv\u00e9e commence par l&#8217;Alhambra. \u00c0 l&#8217;Alhambra, vous visiterez des sites embl\u00e9matiques et magnifiques tels que les palais nasrides, \u00e9galement connus sous le nom d'&#8221;ancienne maison royale&#8221;, vous admirerez le Patio de los Leones, vous d\u00e9couvrirez les magnifiques et paisibles jardins du Generalife et vous serez \u00e9bloui par le palais El Partal, le dernier b\u00e2timent de l&#8217;aile des quartiers nobles encore debout. Cette visite dure environ 2,5 heures. Il s&#8217;agit d&#8217;une ville imp\u00e9riale o\u00f9 vivaient aussi bien la noblesse musulmane et ses forces militaires que les citoyens.<\/p>\n<p>Une fois que vous aurez visit\u00e9 ce magnifique bastion datant du IXe si\u00e8cle, vous vous rendrez au centre de la ville. Vous vous rendrez au centre de la ville de Grenade o\u00f9 vous pourrez visiter la chapelle royale de Grenade qui constitue une annexe de la cath\u00e9drale de la ville. Elle a \u00e9t\u00e9 fond\u00e9e en tant que chapelle fun\u00e9raire des monarques catholiques. Il s&#8217;agit d&#8217;Isabelle I de Castille et de Ferdinand II d&#8217;Aragon.<\/p>\n<p>Notre guide est parfaitement form\u00e9, il conna\u00eet l&#8217;histoire, les l\u00e9gendes et les anecdotes. Vous vivrez une exp\u00e9rience unique, car l&#8217;Alhambra est consid\u00e9r\u00e9 comme l&#8217;un des monuments les plus importants au monde.<\/p>\n<p>Si vous voulez conna\u00eetre uniquement l&#8217;Alhambra, vous pouvez consulter notre visite <a href=\"https:\/\/tourtravelandmore.com\/fr\/city\/espagne-fr\/cadiz-fr\/\">priv\u00e9e de l&#8217;Alhambra depuis Cadix.<\/a><\/p>\n<p>Pour demander des informations, il suffit de remplir le formulaire de visite et d&#8217;indiquer votre lieu de prise en charge et notre \u00e9quipe vous fournira des informations d\u00e9taill\u00e9es.<\/p>\n","protected":false},"excerpt":{"rendered":"<p>Gr\u00e2ce \u00e0 la visite priv\u00e9e de l&#8217;Alhambra et de Grenade, vous d\u00e9couvrirez l&#8217;un des monuments les plus impressionnants et uniques au monde, \u00e0 c\u00f4t\u00e9 du centre historique de la ville de Grenade.<\/p>\n","protected":false},"featured_media":137988,"comment_status":"open","ping_status":"closed","template":"","meta":{"_acf_changed":false},"product_brand":[],"product_cat":[3572,4200,4198,4199],"product_tag":[],"class_list":{"0":"post-137978","1":"product","2":"type-product","3":"status-publish","4":"has-post-thumbnail","6":"product_cat-cadiz-fr","7":"product_cat-all-private-tours-activities-fr-70","8":"product_cat-private-sightseeing-tours-fr-8","9":"product_cat-private-day-trips-fr-2","11":"first","12":"instock","13":"shipping-taxable","14":"purchasable","15":"product-type-simple"},"acf":[],"yoast_head":"<!-- This site is optimized with the Yoast SEO Premium plugin v25.3.1 (Yoast SEO v25.3.1) - https:\/\/yoast.com\/wordpress\/plugins\/seo\/ -->\n<title>\u27a1\ufe0fAlhambra et Grenade - Circuit priv\u00e9 depuis Cadix : Tour Travel &amp; More<\/title>\n<meta name=\"description\" content=\"R\u00e9servez d\u00e8s maintenant cette visite priv\u00e9e de l&#039;Alhambra et de Grenade au d\u00e9part de Cadix, ce sera une exp\u00e9rience de luxe et bien s\u00fbr inoubliable \u2705.\" \/>\n<meta name=\"robots\" content=\"index, follow, max-snippet:-1, max-image-preview:large, max-video-preview:-1\" \/>\n<link rel=\"canonical\" href=\"https:\/\/tourtravelandmore.com\/fr\/tours\/espagne-fr\/cadiz-fr\/private-sightseeing-tours-fr-8\/visite-privee-de-lalhambra-et-de-grenade-au-depart-de-cadix\/\" \/>\n<meta property=\"og:locale\" content=\"fr_FR\" \/>\n<meta property=\"og:type\" content=\"article\" \/>\n<meta property=\"og:title\" content=\"Visite priv\u00e9e de l&#039;Alhambra et de Grenade au d\u00e9part de Cadix\" \/>\n<meta property=\"og:description\" content=\"R\u00e9servez d\u00e8s maintenant cette visite priv\u00e9e de l&#039;Alhambra et de Grenade au d\u00e9part de Cadix, ce sera une exp\u00e9rience de luxe et bien s\u00fbr inoubliable \u2705.\" \/>\n<meta property=\"og:url\" content=\"https:\/\/tourtravelandmore.com\/fr\/tours\/espagne-fr\/cadiz-fr\/private-sightseeing-tours-fr-8\/visite-privee-de-lalhambra-et-de-grenade-au-depart-de-cadix\/\" \/>\n<meta property=\"og:site_name\" content=\"Tour Travel And More\" \/>\n<meta property=\"article:publisher\" content=\"https:\/\/www.facebook.com\/tourtravelandmore\/\" \/>\n<meta property=\"article:modified_time\" content=\"2024-02-27T18:28:45+00:00\" \/>\n<meta property=\"og:image\" content=\"https:\/\/tourtravelandmore.com\/wp-content\/uploads\/2022\/09\/pexels-julio-gm-4472152-scaled.jpg\" \/>\n\t<meta property=\"og:image:width\" content=\"2560\" \/>\n\t<meta property=\"og:image:height\" content=\"1707\" \/>\n\t<meta property=\"og:image:type\" content=\"image\/jpeg\" \/>\n<meta name=\"twitter:card\" content=\"summary_large_image\" \/>\n<meta name=\"twitter:site\" content=\"@TourTravel_More\" \/>\n<meta name=\"twitter:label1\" content=\"Dur\u00e9e de lecture estim\u00e9e\" \/>\n\t<meta name=\"twitter:data1\" content=\"3 minutes\" \/>\n<script type=\"application\/ld+json\" class=\"yoast-schema-graph\">{\"@context\":\"https:\/\/schema.org\",\"@graph\":[{\"@type\":\"WebPage\",\"@id\":\"https:\/\/tourtravelandmore.com\/fr\/tours\/espagne-fr\/cadiz-fr\/private-sightseeing-tours-fr-8\/visite-privee-de-lalhambra-et-de-grenade-au-depart-de-cadix\/\",\"url\":\"https:\/\/tourtravelandmore.com\/fr\/tours\/espagne-fr\/cadiz-fr\/private-sightseeing-tours-fr-8\/visite-privee-de-lalhambra-et-de-grenade-au-depart-de-cadix\/\",\"name\":\"\u27a1\ufe0fAlhambra et Grenade - Circuit priv\u00e9 depuis Cadix : Tour Travel & More\",\"isPartOf\":{\"@id\":\"https:\/\/tourtravelandmore.com\/fr\/#website\"},\"primaryImageOfPage\":{\"@id\":\"https:\/\/tourtravelandmore.com\/fr\/tours\/espagne-fr\/cadiz-fr\/private-sightseeing-tours-fr-8\/visite-privee-de-lalhambra-et-de-grenade-au-depart-de-cadix\/#primaryimage\"},\"image\":{\"@id\":\"https:\/\/tourtravelandmore.com\/fr\/tours\/espagne-fr\/cadiz-fr\/private-sightseeing-tours-fr-8\/visite-privee-de-lalhambra-et-de-grenade-au-depart-de-cadix\/#primaryimage\"},\"thumbnailUrl\":\"https:\/\/tourtravelandmore.com\/wp-content\/uploads\/2022\/09\/pexels-julio-gm-4472152-scaled.jpg\",\"datePublished\":\"2022-09-22T19:28:39+00:00\",\"dateModified\":\"2024-02-27T18:28:45+00:00\",\"description\":\"R\u00e9servez d\u00e8s maintenant cette visite priv\u00e9e de l'Alhambra et de Grenade au d\u00e9part de Cadix, ce sera une exp\u00e9rience de luxe et bien s\u00fbr inoubliable \u2705.\",\"breadcrumb\":{\"@id\":\"https:\/\/tourtravelandmore.com\/fr\/tours\/espagne-fr\/cadiz-fr\/private-sightseeing-tours-fr-8\/visite-privee-de-lalhambra-et-de-grenade-au-depart-de-cadix\/#breadcrumb\"},\"inLanguage\":\"fr-FR\",\"potentialAction\":[{\"@type\":\"ReadAction\",\"target\":[\"https:\/\/tourtravelandmore.com\/fr\/tours\/espagne-fr\/cadiz-fr\/private-sightseeing-tours-fr-8\/visite-privee-de-lalhambra-et-de-grenade-au-depart-de-cadix\/\"]}]},{\"@type\":\"ImageObject\",\"inLanguage\":\"fr-FR\",\"@id\":\"https:\/\/tourtravelandmore.com\/fr\/tours\/espagne-fr\/cadiz-fr\/private-sightseeing-tours-fr-8\/visite-privee-de-lalhambra-et-de-grenade-au-depart-de-cadix\/#primaryimage\",\"url\":\"https:\/\/tourtravelandmore.com\/wp-content\/uploads\/2022\/09\/pexels-julio-gm-4472152-scaled.jpg\",\"contentUrl\":\"https:\/\/tourtravelandmore.com\/wp-content\/uploads\/2022\/09\/pexels-julio-gm-4472152-scaled.jpg\",\"width\":2560,\"height\":1707},{\"@type\":\"BreadcrumbList\",\"@id\":\"https:\/\/tourtravelandmore.com\/fr\/tours\/espagne-fr\/cadiz-fr\/private-sightseeing-tours-fr-8\/visite-privee-de-lalhambra-et-de-grenade-au-depart-de-cadix\/#breadcrumb\",\"itemListElement\":[{\"@type\":\"ListItem\",\"position\":1,\"name\":\"Home\",\"item\":\"https:\/\/tourtravelandmore.com\/fr\/\"},{\"@type\":\"ListItem\",\"position\":2,\"name\":\"Tours\",\"item\":\"https:\/\/tourtravelandmore.com\/fr\/tours\/\"},{\"@type\":\"ListItem\",\"position\":3,\"name\":\"Visite priv\u00e9e de l&#8217;Alhambra et de Grenade au d\u00e9part de Cadix\"}]},{\"@type\":\"WebSite\",\"@id\":\"https:\/\/tourtravelandmore.com\/fr\/#website\",\"url\":\"https:\/\/tourtravelandmore.com\/fr\/\",\"name\":\"Tour Travel And More\",\"description\":\"Private sightseeing tours and luxury transfers in Spain\",\"publisher\":{\"@id\":\"https:\/\/tourtravelandmore.com\/fr\/#organization\"},\"potentialAction\":[{\"@type\":\"SearchAction\",\"target\":{\"@type\":\"EntryPoint\",\"urlTemplate\":\"https:\/\/tourtravelandmore.com\/fr\/?s={search_term_string}\"},\"query-input\":{\"@type\":\"PropertyValueSpecification\",\"valueRequired\":true,\"valueName\":\"search_term_string\"}}],\"inLanguage\":\"fr-FR\"},{\"@type\":\"Organization\",\"@id\":\"https:\/\/tourtravelandmore.com\/fr\/#organization\",\"name\":\"Tour Travel And More\",\"url\":\"https:\/\/tourtravelandmore.com\/fr\/\",\"logo\":{\"@type\":\"ImageObject\",\"inLanguage\":\"fr-FR\",\"@id\":\"https:\/\/tourtravelandmore.com\/fr\/#\/schema\/logo\/image\/\",\"url\":\"https:\/\/tourtravelandmore.com\/wp-content\/uploads\/2022\/12\/cropped-logo-cabecera-new.png\",\"contentUrl\":\"https:\/\/tourtravelandmore.com\/wp-content\/uploads\/2022\/12\/cropped-logo-cabecera-new.png\",\"width\":430,\"height\":61,\"caption\":\"Tour Travel And More\"},\"image\":{\"@id\":\"https:\/\/tourtravelandmore.com\/fr\/#\/schema\/logo\/image\/\"},\"sameAs\":[\"https:\/\/www.facebook.com\/tourtravelandmore\/\",\"https:\/\/x.com\/TourTravel_More\"]}]}<\/script>\n<!-- \/ Yoast SEO Premium plugin. -->","yoast_head_json":{"title":"\u27a1\ufe0fAlhambra et Grenade - Circuit priv\u00e9 depuis Cadix : Tour Travel & More","description":"R\u00e9servez d\u00e8s maintenant cette visite priv\u00e9e de l'Alhambra et de Grenade au d\u00e9part de Cadix, ce sera une exp\u00e9rience de luxe et bien s\u00fbr inoubliable \u2705.","robots":{"index":"index","follow":"follow","max-snippet":"max-snippet:-1","max-image-preview":"max-image-preview:large","max-video-preview":"max-video-preview:-1"},"canonical":"https:\/\/tourtravelandmore.com\/fr\/tours\/espagne-fr\/cadiz-fr\/private-sightseeing-tours-fr-8\/visite-privee-de-lalhambra-et-de-grenade-au-depart-de-cadix\/","og_locale":"fr_FR","og_type":"article","og_title":"Visite priv\u00e9e de l'Alhambra et de Grenade au d\u00e9part de Cadix","og_description":"R\u00e9servez d\u00e8s maintenant cette visite priv\u00e9e de l'Alhambra et de Grenade au d\u00e9part de Cadix, ce sera une exp\u00e9rience de luxe et bien s\u00fbr inoubliable \u2705.","og_url":"https:\/\/tourtravelandmore.com\/fr\/tours\/espagne-fr\/cadiz-fr\/private-sightseeing-tours-fr-8\/visite-privee-de-lalhambra-et-de-grenade-au-depart-de-cadix\/","og_site_name":"Tour Travel And More","article_publisher":"https:\/\/www.facebook.com\/tourtravelandmore\/","article_modified_time":"2024-02-27T18:28:45+00:00","og_image":[{"width":2560,"height":1707,"url":"https:\/\/tourtravelandmore.com\/wp-content\/uploads\/2022\/09\/pexels-julio-gm-4472152-scaled.jpg","type":"image\/jpeg"}],"twitter_card":"summary_large_image","twitter_site":"@TourTravel_More","twitter_misc":{"Dur\u00e9e de lecture estim\u00e9e":"3 minutes"},"schema":{"@context":"https:\/\/schema.org","@graph":[{"@type":"WebPage","@id":"https:\/\/tourtravelandmore.com\/fr\/tours\/espagne-fr\/cadiz-fr\/private-sightseeing-tours-fr-8\/visite-privee-de-lalhambra-et-de-grenade-au-depart-de-cadix\/","url":"https:\/\/tourtravelandmore.com\/fr\/tours\/espagne-fr\/cadiz-fr\/private-sightseeing-tours-fr-8\/visite-privee-de-lalhambra-et-de-grenade-au-depart-de-cadix\/","name":"\u27a1\ufe0fAlhambra et Grenade - Circuit priv\u00e9 depuis Cadix : Tour Travel & More","isPartOf":{"@id":"https:\/\/tourtravelandmore.com\/fr\/#website"},"primaryImageOfPage":{"@id":"https:\/\/tourtravelandmore.com\/fr\/tours\/espagne-fr\/cadiz-fr\/private-sightseeing-tours-fr-8\/visite-privee-de-lalhambra-et-de-grenade-au-depart-de-cadix\/#primaryimage"},"image":{"@id":"https:\/\/tourtravelandmore.com\/fr\/tours\/espagne-fr\/cadiz-fr\/private-sightseeing-tours-fr-8\/visite-privee-de-lalhambra-et-de-grenade-au-depart-de-cadix\/#primaryimage"},"thumbnailUrl":"https:\/\/tourtravelandmore.com\/wp-content\/uploads\/2022\/09\/pexels-julio-gm-4472152-scaled.jpg","datePublished":"2022-09-22T19:28:39+00:00","dateModified":"2024-02-27T18:28:45+00:00","description":"R\u00e9servez d\u00e8s maintenant cette visite priv\u00e9e de l'Alhambra et de Grenade au d\u00e9part de Cadix, ce sera une exp\u00e9rience de luxe et bien s\u00fbr inoubliable \u2705.","breadcrumb":{"@id":"https:\/\/tourtravelandmore.com\/fr\/tours\/espagne-fr\/cadiz-fr\/private-sightseeing-tours-fr-8\/visite-privee-de-lalhambra-et-de-grenade-au-depart-de-cadix\/#breadcrumb"},"inLanguage":"fr-FR","potentialAction":[{"@type":"ReadAction","target":["https:\/\/tourtravelandmore.com\/fr\/tours\/espagne-fr\/cadiz-fr\/private-sightseeing-tours-fr-8\/visite-privee-de-lalhambra-et-de-grenade-au-depart-de-cadix\/"]}]},{"@type":"ImageObject","inLanguage":"fr-FR","@id":"https:\/\/tourtravelandmore.com\/fr\/tours\/espagne-fr\/cadiz-fr\/private-sightseeing-tours-fr-8\/visite-privee-de-lalhambra-et-de-grenade-au-depart-de-cadix\/#primaryimage","url":"https:\/\/tourtravelandmore.com\/wp-content\/uploads\/2022\/09\/pexels-julio-gm-4472152-scaled.jpg","contentUrl":"https:\/\/tourtravelandmore.com\/wp-content\/uploads\/2022\/09\/pexels-julio-gm-4472152-scaled.jpg","width":2560,"height":1707},{"@type":"BreadcrumbList","@id":"https:\/\/tourtravelandmore.com\/fr\/tours\/espagne-fr\/cadiz-fr\/private-sightseeing-tours-fr-8\/visite-privee-de-lalhambra-et-de-grenade-au-depart-de-cadix\/#breadcrumb","itemListElement":[{"@type":"ListItem","position":1,"name":"Home","item":"https:\/\/tourtravelandmore.com\/fr\/"},{"@type":"ListItem","position":2,"name":"Tours","item":"https:\/\/tourtravelandmore.com\/fr\/tours\/"},{"@type":"ListItem","position":3,"name":"Visite priv\u00e9e de l&#8217;Alhambra et de Grenade au d\u00e9part de Cadix"}]},{"@type":"WebSite","@id":"https:\/\/tourtravelandmore.com\/fr\/#website","url":"https:\/\/tourtravelandmore.com\/fr\/","name":"Tour Travel And More","description":"Private sightseeing tours and luxury transfers in Spain","publisher":{"@id":"https:\/\/tourtravelandmore.com\/fr\/#organization"},"potentialAction":[{"@type":"SearchAction","target":{"@type":"EntryPoint","urlTemplate":"https:\/\/tourtravelandmore.com\/fr\/?s={search_term_string}"},"query-input":{"@type":"PropertyValueSpecification","valueRequired":true,"valueName":"search_term_string"}}],"inLanguage":"fr-FR"},{"@type":"Organization","@id":"https:\/\/tourtravelandmore.com\/fr\/#organization","name":"Tour Travel And More","url":"https:\/\/tourtravelandmore.com\/fr\/","logo":{"@type":"ImageObject","inLanguage":"fr-FR","@id":"https:\/\/tourtravelandmore.com\/fr\/#\/schema\/logo\/image\/","url":"https:\/\/tourtravelandmore.com\/wp-content\/uploads\/2022\/12\/cropped-logo-cabecera-new.png","contentUrl":"https:\/\/tourtravelandmore.com\/wp-content\/uploads\/2022\/12\/cropped-logo-cabecera-new.png","width":430,"height":61,"caption":"Tour Travel And More"},"image":{"@id":"https:\/\/tourtravelandmore.com\/fr\/#\/schema\/logo\/image\/"},"sameAs":["https:\/\/www.facebook.com\/tourtravelandmore\/","https:\/\/x.com\/TourTravel_More"]}]}},"_links":{"self":[{"href":"https:\/\/tourtravelandmore.com\/fr\/wp-json\/wp\/v2\/product\/137978","targetHints":{"allow":["GET"]}}],"collection":[{"href":"https:\/\/tourtravelandmore.com\/fr\/wp-json\/wp\/v2\/product"}],"about":[{"href":"https:\/\/tourtravelandmore.com\/fr\/wp-json\/wp\/v2\/types\/product"}],"replies":[{"embeddable":true,"href":"https:\/\/tourtravelandmore.com\/fr\/wp-json\/wp\/v2\/comments?post=137978"}],"wp:featuredmedia":[{"embeddable":true,"href":"https:\/\/tourtravelandmore.com\/fr\/wp-json\/wp\/v2\/media\/137988"}],"wp:attachment":[{"href":"https:\/\/tourtravelandmore.com\/fr\/wp-json\/wp\/v2\/media?parent=137978"}],"wp:term":[{"taxonomy":"product_brand","embeddable":true,"href":"https:\/\/tourtravelandmore.com\/fr\/wp-json\/wp\/v2\/product_brand?post=137978"},{"taxonomy":"product_cat","embeddable":true,"href":"https:\/\/tourtravelandmore.com\/fr\/wp-json\/wp\/v2\/product_cat?post=137978"},{"taxonomy":"product_tag","embeddable":true,"href":"https:\/\/tourtravelandmore.com\/fr\/wp-json\/wp\/v2\/product_tag?post=137978"}],"curies":[{"name":"wp","href":"https:\/\/api.w.org\/{rel}","templated":true}]}}