{"id":137907,"date":"2022-09-22T16:38:08","date_gmt":"2022-09-22T14:38:15","guid":{"rendered":"https:\/\/tourtravelandmore.com\/?post_type=product&#038;p=137907"},"modified":"2024-02-27T15:21:12","modified_gmt":"2024-02-27T14:21:12","slug":"visite-privee-a-tanger-depuis-cadix","status":"publish","type":"product","link":"https:\/\/tourtravelandmore.com\/fr\/tours\/espagne-fr\/cadiz-fr\/private-sightseeing-tours-fr-8\/visite-privee-a-tanger-depuis-cadix\/","title":{"rendered":"Visite priv\u00e9e \u00e0 Tanger depuis Cadix"},"content":{"rendered":"<h2><b>Description<\/b><\/h2>\n<p>L&#8217;excursion priv\u00e9e \u00e0 Tanger depuis Cadix vous permettra de d\u00e9couvrir une nouvelle culture et un nouveau pays en une journ\u00e9e depuis l&#8217;Espagne.<\/p>\n<p>Notre v\u00e9hicule priv\u00e9 avec chauffeur viendra vous chercher \u00e0 votre h\u00f4tel ou appartement pour effectuer le transfert \u00e0 Tarifa et commencer l&#8217;excursion \u00e0 Tanger.<\/p>\n<p>Une fois arriv\u00e9 \u00e0 Tarifa, notre chauffeur sortira pour vous donner les billets de ferry et vous expliquer le point de rencontre et l&#8217;heure du transfert retour.<\/p>\n<p>La dur\u00e9e du trajet en ferry jusqu&#8217;\u00e0 Tanger est d&#8217;environ 1 heure.<\/p>\n<p>Une fois arriv\u00e9 \u00e0 Tanger et apr\u00e8s avoir pass\u00e9 le contr\u00f4le des passeports, notre guide et notre v\u00e9hicule avec chauffeur vous attendront \u00e0 la sortie du terminal avec un panneau \u00e0 votre nom. La dur\u00e9e de l&#8217;excursion priv\u00e9e \u00e0 Tanger est de 6 heures, y compris un arr\u00eat pour le d\u00e9jeuner dans un endroit typique de la ville.<\/p>\n<p>La dur\u00e9e totale de la visite est de 12 heures.<\/p>\n<p>Il est possible de coordonner la prise en charge depuis n&#8217;importe quel endroit de Cadix.<\/p>\n<h2><b>Points d&#8217;int\u00e9r\u00eat\u00a0<\/b><\/h2>\n<p>Nous commencerons l&#8217;excursion \u00e0 Tanger, en montant jusqu&#8217;au c\u00e9l\u00e8bre cap Espartel, o\u00f9 l&#8217;oc\u00e9an Atlantique et la mer M\u00e9diterran\u00e9e se rencontrent. Nous nous arr\u00eaterons \u00e0 des endroits offrant des vues panoramiques spectaculaires sur la mer. Si le temps le permet, nous pourrons apercevoir l&#8217;Espagne.<\/p>\n<p>Apr\u00e8s avoir visit\u00e9 le Cabo Espartel, nous ferons une promenade \u00e0 dos de chameau face \u00e0 la mer, ce qui vous permettra de prendre des photos et de profiter d&#8217;une activit\u00e9 tr\u00e8s amusante. La promenade \u00e0 dos de chameau dure environ 15 minutes.<\/p>\n<p>A la fin de la promenade \u00e0 dos de chameau, nous visiterons les c\u00e9l\u00e8bres grottes d&#8217;Hercule. Nous entrerons \u00e0 l&#8217;int\u00e9rieur, et nous conna\u00eetrons l&#8217;histoire d&#8217;amour qui s&#8217;y cache avec notre guide officiel priv\u00e9.<\/p>\n<p>La deuxi\u00e8me partie de l&#8217;excursion priv\u00e9e consiste en une visite \u00e0 pied \u00e0 travers les petites rues de la Kasbah et du fort de Tanger. Vous d\u00e9couvrirez des sites d&#8217;une grande richesse architecturale, notamment des murailles du XVe si\u00e8cle et un certain nombre de b\u00e2timents de style arabo-andalou, qui ont inspir\u00e9 des artistes et des peintres de renom tels qu&#8217;Eug\u00e8ne Delcroix et Henri Mattise.<\/p>\n<p>Vous visiterez ensuite le quartier de la M\u00e9dina, la vieille ville. Vous y d\u00e9couvrirez les secrets de la culture, de la gastronomie et de l&#8217;art de cette ville fantastique. Vous visiterez les march\u00e9s (souks) de la ville et ses places anim\u00e9es. Vous y verrez la grande influence des religions juive et catholique sur les habitants de Tanger.<\/p>\n<p>Bien entendu, vous aurez \u00e9galement le temps de go\u00fbter \u00e0 la merveilleuse cuisine marocaine au cours de la visite, ainsi que de visiter des boutiques d&#8217;artisanat local.<\/p>\n<p>\u00c0 la fin de la visite, votre chauffeur et votre guide priv\u00e9 vous conduiront au port de croisi\u00e8re de Tanger. L\u00e0, vous prendrez le ferry pour Tarifa, o\u00f9 votre chauffeur vous attendra pour vous conduire \u00e0 votre h\u00f4tel ou \u00e0 votre appartement.<\/p>\n<p>Vous vivrez une journ\u00e9e incroyable et apprendrez \u00e0 conna\u00eetre une nouvelle culture et un nouveau pays depuis l&#8217;Espagne.<\/p>\n<p>Pour demander des informations d\u00e9taill\u00e9es, vous pouvez nous contacter via le formulaire de contact du circuit et notre \u00e9quipe vous contactera imm\u00e9diatement.<\/p>\n<p><a href=\"https:\/\/tourtravelandmore.com\/fr\/city\/espagne-fr\/cadiz-fr\/\">Si vous voulez voir d&#8217;autres circuits sur Cadix, cliquez ici !<\/a><\/p>\n","protected":false},"excerpt":{"rendered":"<p>L&#8217;excursion priv\u00e9e \u00e0 Tanger depuis Cadix vous emm\u00e8nera pour une visite guid\u00e9e de 12 heures \u00e0 travers les parties les plus pittoresques et les plus belles de Tanger. Vous serez accompagn\u00e9 d&#8217;un guide professionnel et exp\u00e9riment\u00e9 qui s&#8217;assurera que votre visite sera inoubliable.<\/p>\n","protected":false},"featured_media":137920,"comment_status":"open","ping_status":"closed","template":"","meta":{"_acf_changed":false},"product_brand":[],"product_cat":[3572,4200,4198,4199],"product_tag":[],"class_list":{"0":"post-137907","1":"product","2":"type-product","3":"status-publish","4":"has-post-thumbnail","6":"product_cat-cadiz-fr","7":"product_cat-all-private-tours-activities-fr-70","8":"product_cat-private-sightseeing-tours-fr-8","9":"product_cat-private-day-trips-fr-2","11":"first","12":"instock","13":"shipping-taxable","14":"purchasable","15":"product-type-simple"},"acf":[],"yoast_head":"<!-- This site is optimized with the Yoast SEO Premium plugin v25.3.1 (Yoast SEO v25.3.1) - https:\/\/yoast.com\/wordpress\/plugins\/seo\/ -->\n<title>\u27a1\ufe0f Circuit priv\u00e9 \u00e0 Tanger depuis Cadix : Tour Travel &amp; More<\/title>\n<meta name=\"description\" content=\"R\u00e9servez d\u00e8s maintenant cette excursion priv\u00e9e \u00e0 Tanger depuis Cadix, ce sera une exp\u00e9rience de luxe et bien s\u00fbr inoubliable \u2705\" \/>\n<meta name=\"robots\" content=\"index, follow, max-snippet:-1, max-image-preview:large, max-video-preview:-1\" \/>\n<link rel=\"canonical\" href=\"https:\/\/tourtravelandmore.com\/fr\/tours\/espagne-fr\/cadiz-fr\/private-sightseeing-tours-fr-8\/visite-privee-a-tanger-depuis-cadix\/\" \/>\n<meta property=\"og:locale\" content=\"fr_FR\" \/>\n<meta property=\"og:type\" content=\"article\" \/>\n<meta property=\"og:title\" content=\"Visite priv\u00e9e \u00e0 Tanger depuis Cadix\" \/>\n<meta property=\"og:description\" content=\"R\u00e9servez d\u00e8s maintenant cette excursion priv\u00e9e \u00e0 Tanger depuis Cadix, ce sera une exp\u00e9rience de luxe et bien s\u00fbr inoubliable \u2705\" \/>\n<meta property=\"og:url\" content=\"https:\/\/tourtravelandmore.com\/fr\/tours\/espagne-fr\/cadiz-fr\/private-sightseeing-tours-fr-8\/visite-privee-a-tanger-depuis-cadix\/\" \/>\n<meta property=\"og:site_name\" content=\"Tour Travel And More\" \/>\n<meta property=\"article:publisher\" content=\"https:\/\/www.facebook.com\/tourtravelandmore\/\" \/>\n<meta property=\"article:modified_time\" content=\"2024-02-27T14:21:12+00:00\" \/>\n<meta property=\"og:image\" content=\"https:\/\/tourtravelandmore.com\/wp-content\/uploads\/2022\/09\/pexels-casablanca-stock-8411375-scaled.jpg\" \/>\n\t<meta property=\"og:image:width\" content=\"2560\" \/>\n\t<meta property=\"og:image:height\" content=\"1703\" \/>\n\t<meta property=\"og:image:type\" content=\"image\/jpeg\" \/>\n<meta name=\"twitter:card\" content=\"summary_large_image\" \/>\n<meta name=\"twitter:site\" content=\"@TourTravel_More\" \/>\n<meta name=\"twitter:label1\" content=\"Dur\u00e9e de lecture estim\u00e9e\" \/>\n\t<meta name=\"twitter:data1\" content=\"3 minutes\" \/>\n<script type=\"application\/ld+json\" class=\"yoast-schema-graph\">{\"@context\":\"https:\/\/schema.org\",\"@graph\":[{\"@type\":\"WebPage\",\"@id\":\"https:\/\/tourtravelandmore.com\/fr\/tours\/espagne-fr\/cadiz-fr\/private-sightseeing-tours-fr-8\/visite-privee-a-tanger-depuis-cadix\/\",\"url\":\"https:\/\/tourtravelandmore.com\/fr\/tours\/espagne-fr\/cadiz-fr\/private-sightseeing-tours-fr-8\/visite-privee-a-tanger-depuis-cadix\/\",\"name\":\"\u27a1\ufe0f Circuit priv\u00e9 \u00e0 Tanger depuis Cadix : Tour Travel & More\",\"isPartOf\":{\"@id\":\"https:\/\/tourtravelandmore.com\/fr\/#website\"},\"primaryImageOfPage\":{\"@id\":\"https:\/\/tourtravelandmore.com\/fr\/tours\/espagne-fr\/cadiz-fr\/private-sightseeing-tours-fr-8\/visite-privee-a-tanger-depuis-cadix\/#primaryimage\"},\"image\":{\"@id\":\"https:\/\/tourtravelandmore.com\/fr\/tours\/espagne-fr\/cadiz-fr\/private-sightseeing-tours-fr-8\/visite-privee-a-tanger-depuis-cadix\/#primaryimage\"},\"thumbnailUrl\":\"https:\/\/tourtravelandmore.com\/wp-content\/uploads\/2022\/09\/pexels-casablanca-stock-8411375-scaled.jpg\",\"datePublished\":\"2022-09-22T14:38:15+00:00\",\"dateModified\":\"2024-02-27T14:21:12+00:00\",\"description\":\"R\u00e9servez d\u00e8s maintenant cette excursion priv\u00e9e \u00e0 Tanger depuis Cadix, ce sera une exp\u00e9rience de luxe et bien s\u00fbr inoubliable \u2705\",\"breadcrumb\":{\"@id\":\"https:\/\/tourtravelandmore.com\/fr\/tours\/espagne-fr\/cadiz-fr\/private-sightseeing-tours-fr-8\/visite-privee-a-tanger-depuis-cadix\/#breadcrumb\"},\"inLanguage\":\"fr-FR\",\"potentialAction\":[{\"@type\":\"ReadAction\",\"target\":[\"https:\/\/tourtravelandmore.com\/fr\/tours\/espagne-fr\/cadiz-fr\/private-sightseeing-tours-fr-8\/visite-privee-a-tanger-depuis-cadix\/\"]}]},{\"@type\":\"ImageObject\",\"inLanguage\":\"fr-FR\",\"@id\":\"https:\/\/tourtravelandmore.com\/fr\/tours\/espagne-fr\/cadiz-fr\/private-sightseeing-tours-fr-8\/visite-privee-a-tanger-depuis-cadix\/#primaryimage\",\"url\":\"https:\/\/tourtravelandmore.com\/wp-content\/uploads\/2022\/09\/pexels-casablanca-stock-8411375-scaled.jpg\",\"contentUrl\":\"https:\/\/tourtravelandmore.com\/wp-content\/uploads\/2022\/09\/pexels-casablanca-stock-8411375-scaled.jpg\",\"width\":2560,\"height\":1703},{\"@type\":\"BreadcrumbList\",\"@id\":\"https:\/\/tourtravelandmore.com\/fr\/tours\/espagne-fr\/cadiz-fr\/private-sightseeing-tours-fr-8\/visite-privee-a-tanger-depuis-cadix\/#breadcrumb\",\"itemListElement\":[{\"@type\":\"ListItem\",\"position\":1,\"name\":\"Home\",\"item\":\"https:\/\/tourtravelandmore.com\/fr\/\"},{\"@type\":\"ListItem\",\"position\":2,\"name\":\"Tours\",\"item\":\"https:\/\/tourtravelandmore.com\/fr\/tours\/\"},{\"@type\":\"ListItem\",\"position\":3,\"name\":\"Visite priv\u00e9e \u00e0 Tanger depuis Cadix\"}]},{\"@type\":\"WebSite\",\"@id\":\"https:\/\/tourtravelandmore.com\/fr\/#website\",\"url\":\"https:\/\/tourtravelandmore.com\/fr\/\",\"name\":\"Tour Travel And More\",\"description\":\"Private sightseeing tours and luxury transfers in Spain\",\"publisher\":{\"@id\":\"https:\/\/tourtravelandmore.com\/fr\/#organization\"},\"potentialAction\":[{\"@type\":\"SearchAction\",\"target\":{\"@type\":\"EntryPoint\",\"urlTemplate\":\"https:\/\/tourtravelandmore.com\/fr\/?s={search_term_string}\"},\"query-input\":{\"@type\":\"PropertyValueSpecification\",\"valueRequired\":true,\"valueName\":\"search_term_string\"}}],\"inLanguage\":\"fr-FR\"},{\"@type\":\"Organization\",\"@id\":\"https:\/\/tourtravelandmore.com\/fr\/#organization\",\"name\":\"Tour Travel And More\",\"url\":\"https:\/\/tourtravelandmore.com\/fr\/\",\"logo\":{\"@type\":\"ImageObject\",\"inLanguage\":\"fr-FR\",\"@id\":\"https:\/\/tourtravelandmore.com\/fr\/#\/schema\/logo\/image\/\",\"url\":\"https:\/\/tourtravelandmore.com\/wp-content\/uploads\/2022\/12\/cropped-logo-cabecera-new.png\",\"contentUrl\":\"https:\/\/tourtravelandmore.com\/wp-content\/uploads\/2022\/12\/cropped-logo-cabecera-new.png\",\"width\":430,\"height\":61,\"caption\":\"Tour Travel And More\"},\"image\":{\"@id\":\"https:\/\/tourtravelandmore.com\/fr\/#\/schema\/logo\/image\/\"},\"sameAs\":[\"https:\/\/www.facebook.com\/tourtravelandmore\/\",\"https:\/\/x.com\/TourTravel_More\"]}]}<\/script>\n<!-- \/ Yoast SEO Premium plugin. -->","yoast_head_json":{"title":"\u27a1\ufe0f Circuit priv\u00e9 \u00e0 Tanger depuis Cadix : Tour Travel & More","description":"R\u00e9servez d\u00e8s maintenant cette excursion priv\u00e9e \u00e0 Tanger depuis Cadix, ce sera une exp\u00e9rience de luxe et bien s\u00fbr inoubliable \u2705","robots":{"index":"index","follow":"follow","max-snippet":"max-snippet:-1","max-image-preview":"max-image-preview:large","max-video-preview":"max-video-preview:-1"},"canonical":"https:\/\/tourtravelandmore.com\/fr\/tours\/espagne-fr\/cadiz-fr\/private-sightseeing-tours-fr-8\/visite-privee-a-tanger-depuis-cadix\/","og_locale":"fr_FR","og_type":"article","og_title":"Visite priv\u00e9e \u00e0 Tanger depuis Cadix","og_description":"R\u00e9servez d\u00e8s maintenant cette excursion priv\u00e9e \u00e0 Tanger depuis Cadix, ce sera une exp\u00e9rience de luxe et bien s\u00fbr inoubliable \u2705","og_url":"https:\/\/tourtravelandmore.com\/fr\/tours\/espagne-fr\/cadiz-fr\/private-sightseeing-tours-fr-8\/visite-privee-a-tanger-depuis-cadix\/","og_site_name":"Tour Travel And More","article_publisher":"https:\/\/www.facebook.com\/tourtravelandmore\/","article_modified_time":"2024-02-27T14:21:12+00:00","og_image":[{"width":2560,"height":1703,"url":"https:\/\/tourtravelandmore.com\/wp-content\/uploads\/2022\/09\/pexels-casablanca-stock-8411375-scaled.jpg","type":"image\/jpeg"}],"twitter_card":"summary_large_image","twitter_site":"@TourTravel_More","twitter_misc":{"Dur\u00e9e de lecture estim\u00e9e":"3 minutes"},"schema":{"@context":"https:\/\/schema.org","@graph":[{"@type":"WebPage","@id":"https:\/\/tourtravelandmore.com\/fr\/tours\/espagne-fr\/cadiz-fr\/private-sightseeing-tours-fr-8\/visite-privee-a-tanger-depuis-cadix\/","url":"https:\/\/tourtravelandmore.com\/fr\/tours\/espagne-fr\/cadiz-fr\/private-sightseeing-tours-fr-8\/visite-privee-a-tanger-depuis-cadix\/","name":"\u27a1\ufe0f Circuit priv\u00e9 \u00e0 Tanger depuis Cadix : Tour Travel & More","isPartOf":{"@id":"https:\/\/tourtravelandmore.com\/fr\/#website"},"primaryImageOfPage":{"@id":"https:\/\/tourtravelandmore.com\/fr\/tours\/espagne-fr\/cadiz-fr\/private-sightseeing-tours-fr-8\/visite-privee-a-tanger-depuis-cadix\/#primaryimage"},"image":{"@id":"https:\/\/tourtravelandmore.com\/fr\/tours\/espagne-fr\/cadiz-fr\/private-sightseeing-tours-fr-8\/visite-privee-a-tanger-depuis-cadix\/#primaryimage"},"thumbnailUrl":"https:\/\/tourtravelandmore.com\/wp-content\/uploads\/2022\/09\/pexels-casablanca-stock-8411375-scaled.jpg","datePublished":"2022-09-22T14:38:15+00:00","dateModified":"2024-02-27T14:21:12+00:00","description":"R\u00e9servez d\u00e8s maintenant cette excursion priv\u00e9e \u00e0 Tanger depuis Cadix, ce sera une exp\u00e9rience de luxe et bien s\u00fbr inoubliable \u2705","breadcrumb":{"@id":"https:\/\/tourtravelandmore.com\/fr\/tours\/espagne-fr\/cadiz-fr\/private-sightseeing-tours-fr-8\/visite-privee-a-tanger-depuis-cadix\/#breadcrumb"},"inLanguage":"fr-FR","potentialAction":[{"@type":"ReadAction","target":["https:\/\/tourtravelandmore.com\/fr\/tours\/espagne-fr\/cadiz-fr\/private-sightseeing-tours-fr-8\/visite-privee-a-tanger-depuis-cadix\/"]}]},{"@type":"ImageObject","inLanguage":"fr-FR","@id":"https:\/\/tourtravelandmore.com\/fr\/tours\/espagne-fr\/cadiz-fr\/private-sightseeing-tours-fr-8\/visite-privee-a-tanger-depuis-cadix\/#primaryimage","url":"https:\/\/tourtravelandmore.com\/wp-content\/uploads\/2022\/09\/pexels-casablanca-stock-8411375-scaled.jpg","contentUrl":"https:\/\/tourtravelandmore.com\/wp-content\/uploads\/2022\/09\/pexels-casablanca-stock-8411375-scaled.jpg","width":2560,"height":1703},{"@type":"BreadcrumbList","@id":"https:\/\/tourtravelandmore.com\/fr\/tours\/espagne-fr\/cadiz-fr\/private-sightseeing-tours-fr-8\/visite-privee-a-tanger-depuis-cadix\/#breadcrumb","itemListElement":[{"@type":"ListItem","position":1,"name":"Home","item":"https:\/\/tourtravelandmore.com\/fr\/"},{"@type":"ListItem","position":2,"name":"Tours","item":"https:\/\/tourtravelandmore.com\/fr\/tours\/"},{"@type":"ListItem","position":3,"name":"Visite priv\u00e9e \u00e0 Tanger depuis Cadix"}]},{"@type":"WebSite","@id":"https:\/\/tourtravelandmore.com\/fr\/#website","url":"https:\/\/tourtravelandmore.com\/fr\/","name":"Tour Travel And More","description":"Private sightseeing tours and luxury transfers in Spain","publisher":{"@id":"https:\/\/tourtravelandmore.com\/fr\/#organization"},"potentialAction":[{"@type":"SearchAction","target":{"@type":"EntryPoint","urlTemplate":"https:\/\/tourtravelandmore.com\/fr\/?s={search_term_string}"},"query-input":{"@type":"PropertyValueSpecification","valueRequired":true,"valueName":"search_term_string"}}],"inLanguage":"fr-FR"},{"@type":"Organization","@id":"https:\/\/tourtravelandmore.com\/fr\/#organization","name":"Tour Travel And More","url":"https:\/\/tourtravelandmore.com\/fr\/","logo":{"@type":"ImageObject","inLanguage":"fr-FR","@id":"https:\/\/tourtravelandmore.com\/fr\/#\/schema\/logo\/image\/","url":"https:\/\/tourtravelandmore.com\/wp-content\/uploads\/2022\/12\/cropped-logo-cabecera-new.png","contentUrl":"https:\/\/tourtravelandmore.com\/wp-content\/uploads\/2022\/12\/cropped-logo-cabecera-new.png","width":430,"height":61,"caption":"Tour Travel And More"},"image":{"@id":"https:\/\/tourtravelandmore.com\/fr\/#\/schema\/logo\/image\/"},"sameAs":["https:\/\/www.facebook.com\/tourtravelandmore\/","https:\/\/x.com\/TourTravel_More"]}]}},"_links":{"self":[{"href":"https:\/\/tourtravelandmore.com\/fr\/wp-json\/wp\/v2\/product\/137907","targetHints":{"allow":["GET"]}}],"collection":[{"href":"https:\/\/tourtravelandmore.com\/fr\/wp-json\/wp\/v2\/product"}],"about":[{"href":"https:\/\/tourtravelandmore.com\/fr\/wp-json\/wp\/v2\/types\/product"}],"replies":[{"embeddable":true,"href":"https:\/\/tourtravelandmore.com\/fr\/wp-json\/wp\/v2\/comments?post=137907"}],"wp:featuredmedia":[{"embeddable":true,"href":"https:\/\/tourtravelandmore.com\/fr\/wp-json\/wp\/v2\/media\/137920"}],"wp:attachment":[{"href":"https:\/\/tourtravelandmore.com\/fr\/wp-json\/wp\/v2\/media?parent=137907"}],"wp:term":[{"taxonomy":"product_brand","embeddable":true,"href":"https:\/\/tourtravelandmore.com\/fr\/wp-json\/wp\/v2\/product_brand?post=137907"},{"taxonomy":"product_cat","embeddable":true,"href":"https:\/\/tourtravelandmore.com\/fr\/wp-json\/wp\/v2\/product_cat?post=137907"},{"taxonomy":"product_tag","embeddable":true,"href":"https:\/\/tourtravelandmore.com\/fr\/wp-json\/wp\/v2\/product_tag?post=137907"}],"curies":[{"name":"wp","href":"https:\/\/api.w.org\/{rel}","templated":true}]}}