{"id":137860,"date":"2022-09-22T14:35:48","date_gmt":"2022-09-22T12:35:58","guid":{"rendered":"https:\/\/tourtravelandmore.com\/?post_type=product&#038;p=137860"},"modified":"2024-02-27T19:12:46","modified_gmt":"2024-02-27T18:12:46","slug":"visite-privee-de-chefchaouen-au-depart-de-cadix","status":"publish","type":"product","link":"https:\/\/tourtravelandmore.com\/fr\/tours\/espagne-fr\/cadiz-fr\/private-sightseeing-tours-fr-8\/visite-privee-de-chefchaouen-au-depart-de-cadix\/","title":{"rendered":"Visite priv\u00e9e de Chefchaouen depuis Cadix"},"content":{"rendered":"<h2><b>Description\u00a0<\/b><\/h2>\n<p>Profitez de cette excursion priv\u00e9e \u00e0 Chefchaouen depuis Cadix, avec prise en charge et retour depuis n&#8217;importe quel point de Cadix, et visitez les lieux les plus embl\u00e9matiques de Chefchaouen avec un guide local, dans un v\u00e9hicule priv\u00e9.<\/p>\n<p>La dur\u00e9e de l&#8217;excursion \u00e0 Chefchaouen depuis l&#8217;Espagne est de 12 heures.<\/p>\n<p>Notre chauffeur viendra vous chercher \u00e0 votre h\u00f4tel \u00e0 Cadix \u00e0 l&#8217;heure pr\u00e9vue, pour aller avec le v\u00e9hicule priv\u00e9 \u00e0 Tarif pour prendre le ferry. Une fois arriv\u00e9 au terminal de ferry \u00e0 Tarif, vous prendrez le ferry par vos propres moyens en direction de Tanger.<\/p>\n<p>A l&#8217;arriv\u00e9e \u00e0 Tanger, notre guide local priv\u00e9 et notre chauffeur avec v\u00e9hicule priv\u00e9 vous attendront pour aller \u00e0 Chefchaouen afin que vous puissiez faire votre visite de 6 heures.<\/p>\n<p>Chez Tour Travel &amp; More nous offrons un service compl\u00e8tement priv\u00e9, nous pouvons nous adapter \u00e0 vos besoins et \u00e0 vos demandes.<\/p>\n<h2>Points d&#8217;int\u00e9r\u00eat de la visite priv\u00e9e de Chefchaouen depuis Cadix<\/h2>\n<p>La ville compte environ 40 000 habitants. C&#8217;est la capitale de la province de Tanger. Elle a \u00e9t\u00e9 cr\u00e9\u00e9e par les Berb\u00e8res au XVe si\u00e8cle et a accueilli les Maures et les Juifs qui avaient \u00e9t\u00e9 expuls\u00e9s d&#8217;Espagne \u00e0 cette \u00e9poque.<\/p>\n<p>Elle est \u00e9galement connue sous le nom de ville bleue, en raison de la couleur des maisons de sa m\u00e9dina, quelque chose de tr\u00e8s beau et spectaculaire \u00e0 voir.<\/p>\n<p>Pendant votre visite, vous verrez la m\u00e9dina de la ville (le centre historique), o\u00f9 vous trouverez la c\u00e9l\u00e8bre place Uta el-Hammam, la Kasbah, les boutiques d&#8217;artisanat de la ville et bien d&#8217;autres choses encore !<\/p>\n<p>Bien s\u00fbr, vous aurez \u00e9galement le temps de go\u00fbter \u00e0 la merveilleuse cuisine marocaine pendant votre visite, ainsi que de visiter les boutiques d&#8217;artisanat local.<\/p>\n<p>\u00c0 la fin de l&#8217;excursion, votre chauffeur et votre guide priv\u00e9 vous conduiront au port de croisi\u00e8re de Tanger. L\u00e0, vous prendrez le ferry pour Tarifa, o\u00f9 votre chauffeur vous attendra pour vous conduire \u00e0 votre h\u00f4tel ou \u00e0 votre point de ramassage personnel \u00e0 Cadix.<\/p>\n<p>Par le biais de la p\u00e9tition, vous pouvez indiquer le lieu de prise en charge et notre \u00e9quipe vous enverra une proposition d\u00e9taill\u00e9e avec toutes les informations. N&#8217;h\u00e9sitez pas \u00e0 nous \u00e9crire, nous vous r\u00e9pondrons tr\u00e8s rapidement.<\/p>\n<p>Si vous souhaitez voir d&#8217;autres visites priv\u00e9es \u00e0 Cadix, cliquez <a href=\"https:\/\/tourtravelandmore.com\/fr\/city\/espagne-fr\/cadiz-fr\/\">ici.<\/a><\/p>\n","protected":false},"excerpt":{"rendered":"<p>Profitez de cette excursion priv\u00e9e d&#8217;une journ\u00e9e \u00e0 Chefchaouen depuis Cadix. Explorez la culture et l&#8217;histoire du Maroc avec votre propre guide officiel priv\u00e9 et votre chauffeur \u00e0 votre arriv\u00e9e \u00e0 Tanger. Prise en charge et retour \u00e0 l&#8217;h\u00f4tel inclus depuis Cadix.<\/p>\n","protected":false},"featured_media":137892,"comment_status":"open","ping_status":"closed","template":"","meta":{"_acf_changed":false},"product_brand":[],"product_cat":[3572,4200,4198,4199],"product_tag":[],"class_list":{"0":"post-137860","1":"product","2":"type-product","3":"status-publish","4":"has-post-thumbnail","6":"product_cat-cadiz-fr","7":"product_cat-all-private-tours-activities-fr-70","8":"product_cat-private-sightseeing-tours-fr-8","9":"product_cat-private-day-trips-fr-2","11":"first","12":"instock","13":"shipping-taxable","14":"purchasable","15":"product-type-simple"},"acf":[],"yoast_head":"<!-- This site is optimized with the Yoast SEO Premium plugin v25.3.1 (Yoast SEO v25.3.1) - https:\/\/yoast.com\/wordpress\/plugins\/seo\/ -->\n<title>\u27a1\ufe0f Visite priv\u00e9e de Chefchaouen depuis Cadix | Tour Travel &amp; More<\/title>\n<meta name=\"description\" content=\"R\u00e9servez d\u00e8s maintenant cette visite priv\u00e9e de Chefchaouen depuis Cadix, ce sera une exp\u00e9rience que vous et votre groupe n&#039;oublierez jamais \u2705.\" \/>\n<meta name=\"robots\" content=\"index, follow, max-snippet:-1, max-image-preview:large, max-video-preview:-1\" \/>\n<link rel=\"canonical\" href=\"https:\/\/tourtravelandmore.com\/fr\/tours\/espagne-fr\/cadiz-fr\/private-sightseeing-tours-fr-8\/visite-privee-de-chefchaouen-au-depart-de-cadix\/\" \/>\n<meta property=\"og:locale\" content=\"fr_FR\" \/>\n<meta property=\"og:type\" content=\"article\" \/>\n<meta property=\"og:title\" content=\"Visite priv\u00e9e de Chefchaouen depuis Cadix\" \/>\n<meta property=\"og:description\" content=\"R\u00e9servez d\u00e8s maintenant cette visite priv\u00e9e de Chefchaouen depuis Cadix, ce sera une exp\u00e9rience que vous et votre groupe n&#039;oublierez jamais \u2705.\" \/>\n<meta property=\"og:url\" content=\"https:\/\/tourtravelandmore.com\/fr\/tours\/espagne-fr\/cadiz-fr\/private-sightseeing-tours-fr-8\/visite-privee-de-chefchaouen-au-depart-de-cadix\/\" \/>\n<meta property=\"og:site_name\" content=\"Tour Travel And More\" \/>\n<meta property=\"article:publisher\" content=\"https:\/\/www.facebook.com\/tourtravelandmore\/\" \/>\n<meta property=\"article:modified_time\" content=\"2024-02-27T18:12:46+00:00\" \/>\n<meta property=\"og:image\" content=\"https:\/\/tourtravelandmore.com\/wp-content\/uploads\/2022\/09\/pexels-ryutaro-tsukata-5472524-scaled.jpg\" \/>\n\t<meta property=\"og:image:width\" content=\"2560\" \/>\n\t<meta property=\"og:image:height\" content=\"1707\" \/>\n\t<meta property=\"og:image:type\" content=\"image\/jpeg\" \/>\n<meta name=\"twitter:card\" content=\"summary_large_image\" \/>\n<meta name=\"twitter:site\" content=\"@TourTravel_More\" \/>\n<meta name=\"twitter:label1\" content=\"Dur\u00e9e de lecture estim\u00e9e\" \/>\n\t<meta name=\"twitter:data1\" content=\"2 minutes\" \/>\n<script type=\"application\/ld+json\" class=\"yoast-schema-graph\">{\"@context\":\"https:\/\/schema.org\",\"@graph\":[{\"@type\":\"WebPage\",\"@id\":\"https:\/\/tourtravelandmore.com\/fr\/tours\/espagne-fr\/cadiz-fr\/private-sightseeing-tours-fr-8\/visite-privee-de-chefchaouen-au-depart-de-cadix\/\",\"url\":\"https:\/\/tourtravelandmore.com\/fr\/tours\/espagne-fr\/cadiz-fr\/private-sightseeing-tours-fr-8\/visite-privee-de-chefchaouen-au-depart-de-cadix\/\",\"name\":\"\u27a1\ufe0f Visite priv\u00e9e de Chefchaouen depuis Cadix | Tour Travel & More\",\"isPartOf\":{\"@id\":\"https:\/\/tourtravelandmore.com\/fr\/#website\"},\"primaryImageOfPage\":{\"@id\":\"https:\/\/tourtravelandmore.com\/fr\/tours\/espagne-fr\/cadiz-fr\/private-sightseeing-tours-fr-8\/visite-privee-de-chefchaouen-au-depart-de-cadix\/#primaryimage\"},\"image\":{\"@id\":\"https:\/\/tourtravelandmore.com\/fr\/tours\/espagne-fr\/cadiz-fr\/private-sightseeing-tours-fr-8\/visite-privee-de-chefchaouen-au-depart-de-cadix\/#primaryimage\"},\"thumbnailUrl\":\"https:\/\/tourtravelandmore.com\/wp-content\/uploads\/2022\/09\/pexels-ryutaro-tsukata-5472524-scaled.jpg\",\"datePublished\":\"2022-09-22T12:35:58+00:00\",\"dateModified\":\"2024-02-27T18:12:46+00:00\",\"description\":\"R\u00e9servez d\u00e8s maintenant cette visite priv\u00e9e de Chefchaouen depuis Cadix, ce sera une exp\u00e9rience que vous et votre groupe n'oublierez jamais \u2705.\",\"breadcrumb\":{\"@id\":\"https:\/\/tourtravelandmore.com\/fr\/tours\/espagne-fr\/cadiz-fr\/private-sightseeing-tours-fr-8\/visite-privee-de-chefchaouen-au-depart-de-cadix\/#breadcrumb\"},\"inLanguage\":\"fr-FR\",\"potentialAction\":[{\"@type\":\"ReadAction\",\"target\":[\"https:\/\/tourtravelandmore.com\/fr\/tours\/espagne-fr\/cadiz-fr\/private-sightseeing-tours-fr-8\/visite-privee-de-chefchaouen-au-depart-de-cadix\/\"]}]},{\"@type\":\"ImageObject\",\"inLanguage\":\"fr-FR\",\"@id\":\"https:\/\/tourtravelandmore.com\/fr\/tours\/espagne-fr\/cadiz-fr\/private-sightseeing-tours-fr-8\/visite-privee-de-chefchaouen-au-depart-de-cadix\/#primaryimage\",\"url\":\"https:\/\/tourtravelandmore.com\/wp-content\/uploads\/2022\/09\/pexels-ryutaro-tsukata-5472524-scaled.jpg\",\"contentUrl\":\"https:\/\/tourtravelandmore.com\/wp-content\/uploads\/2022\/09\/pexels-ryutaro-tsukata-5472524-scaled.jpg\",\"width\":2560,\"height\":1707},{\"@type\":\"BreadcrumbList\",\"@id\":\"https:\/\/tourtravelandmore.com\/fr\/tours\/espagne-fr\/cadiz-fr\/private-sightseeing-tours-fr-8\/visite-privee-de-chefchaouen-au-depart-de-cadix\/#breadcrumb\",\"itemListElement\":[{\"@type\":\"ListItem\",\"position\":1,\"name\":\"Home\",\"item\":\"https:\/\/tourtravelandmore.com\/fr\/\"},{\"@type\":\"ListItem\",\"position\":2,\"name\":\"Tours\",\"item\":\"https:\/\/tourtravelandmore.com\/fr\/tours\/\"},{\"@type\":\"ListItem\",\"position\":3,\"name\":\"Visite priv\u00e9e de Chefchaouen depuis Cadix\"}]},{\"@type\":\"WebSite\",\"@id\":\"https:\/\/tourtravelandmore.com\/fr\/#website\",\"url\":\"https:\/\/tourtravelandmore.com\/fr\/\",\"name\":\"Tour Travel And More\",\"description\":\"Private sightseeing tours and luxury transfers in Spain\",\"publisher\":{\"@id\":\"https:\/\/tourtravelandmore.com\/fr\/#organization\"},\"potentialAction\":[{\"@type\":\"SearchAction\",\"target\":{\"@type\":\"EntryPoint\",\"urlTemplate\":\"https:\/\/tourtravelandmore.com\/fr\/?s={search_term_string}\"},\"query-input\":{\"@type\":\"PropertyValueSpecification\",\"valueRequired\":true,\"valueName\":\"search_term_string\"}}],\"inLanguage\":\"fr-FR\"},{\"@type\":\"Organization\",\"@id\":\"https:\/\/tourtravelandmore.com\/fr\/#organization\",\"name\":\"Tour Travel And More\",\"url\":\"https:\/\/tourtravelandmore.com\/fr\/\",\"logo\":{\"@type\":\"ImageObject\",\"inLanguage\":\"fr-FR\",\"@id\":\"https:\/\/tourtravelandmore.com\/fr\/#\/schema\/logo\/image\/\",\"url\":\"https:\/\/tourtravelandmore.com\/wp-content\/uploads\/2022\/12\/cropped-logo-cabecera-new.png\",\"contentUrl\":\"https:\/\/tourtravelandmore.com\/wp-content\/uploads\/2022\/12\/cropped-logo-cabecera-new.png\",\"width\":430,\"height\":61,\"caption\":\"Tour Travel And More\"},\"image\":{\"@id\":\"https:\/\/tourtravelandmore.com\/fr\/#\/schema\/logo\/image\/\"},\"sameAs\":[\"https:\/\/www.facebook.com\/tourtravelandmore\/\",\"https:\/\/x.com\/TourTravel_More\"]}]}<\/script>\n<!-- \/ Yoast SEO Premium plugin. -->","yoast_head_json":{"title":"\u27a1\ufe0f Visite priv\u00e9e de Chefchaouen depuis Cadix | Tour Travel & More","description":"R\u00e9servez d\u00e8s maintenant cette visite priv\u00e9e de Chefchaouen depuis Cadix, ce sera une exp\u00e9rience que vous et votre groupe n'oublierez jamais \u2705.","robots":{"index":"index","follow":"follow","max-snippet":"max-snippet:-1","max-image-preview":"max-image-preview:large","max-video-preview":"max-video-preview:-1"},"canonical":"https:\/\/tourtravelandmore.com\/fr\/tours\/espagne-fr\/cadiz-fr\/private-sightseeing-tours-fr-8\/visite-privee-de-chefchaouen-au-depart-de-cadix\/","og_locale":"fr_FR","og_type":"article","og_title":"Visite priv\u00e9e de Chefchaouen depuis Cadix","og_description":"R\u00e9servez d\u00e8s maintenant cette visite priv\u00e9e de Chefchaouen depuis Cadix, ce sera une exp\u00e9rience que vous et votre groupe n'oublierez jamais \u2705.","og_url":"https:\/\/tourtravelandmore.com\/fr\/tours\/espagne-fr\/cadiz-fr\/private-sightseeing-tours-fr-8\/visite-privee-de-chefchaouen-au-depart-de-cadix\/","og_site_name":"Tour Travel And More","article_publisher":"https:\/\/www.facebook.com\/tourtravelandmore\/","article_modified_time":"2024-02-27T18:12:46+00:00","og_image":[{"width":2560,"height":1707,"url":"https:\/\/tourtravelandmore.com\/wp-content\/uploads\/2022\/09\/pexels-ryutaro-tsukata-5472524-scaled.jpg","type":"image\/jpeg"}],"twitter_card":"summary_large_image","twitter_site":"@TourTravel_More","twitter_misc":{"Dur\u00e9e de lecture estim\u00e9e":"2 minutes"},"schema":{"@context":"https:\/\/schema.org","@graph":[{"@type":"WebPage","@id":"https:\/\/tourtravelandmore.com\/fr\/tours\/espagne-fr\/cadiz-fr\/private-sightseeing-tours-fr-8\/visite-privee-de-chefchaouen-au-depart-de-cadix\/","url":"https:\/\/tourtravelandmore.com\/fr\/tours\/espagne-fr\/cadiz-fr\/private-sightseeing-tours-fr-8\/visite-privee-de-chefchaouen-au-depart-de-cadix\/","name":"\u27a1\ufe0f Visite priv\u00e9e de Chefchaouen depuis Cadix | Tour Travel & More","isPartOf":{"@id":"https:\/\/tourtravelandmore.com\/fr\/#website"},"primaryImageOfPage":{"@id":"https:\/\/tourtravelandmore.com\/fr\/tours\/espagne-fr\/cadiz-fr\/private-sightseeing-tours-fr-8\/visite-privee-de-chefchaouen-au-depart-de-cadix\/#primaryimage"},"image":{"@id":"https:\/\/tourtravelandmore.com\/fr\/tours\/espagne-fr\/cadiz-fr\/private-sightseeing-tours-fr-8\/visite-privee-de-chefchaouen-au-depart-de-cadix\/#primaryimage"},"thumbnailUrl":"https:\/\/tourtravelandmore.com\/wp-content\/uploads\/2022\/09\/pexels-ryutaro-tsukata-5472524-scaled.jpg","datePublished":"2022-09-22T12:35:58+00:00","dateModified":"2024-02-27T18:12:46+00:00","description":"R\u00e9servez d\u00e8s maintenant cette visite priv\u00e9e de Chefchaouen depuis Cadix, ce sera une exp\u00e9rience que vous et votre groupe n'oublierez jamais \u2705.","breadcrumb":{"@id":"https:\/\/tourtravelandmore.com\/fr\/tours\/espagne-fr\/cadiz-fr\/private-sightseeing-tours-fr-8\/visite-privee-de-chefchaouen-au-depart-de-cadix\/#breadcrumb"},"inLanguage":"fr-FR","potentialAction":[{"@type":"ReadAction","target":["https:\/\/tourtravelandmore.com\/fr\/tours\/espagne-fr\/cadiz-fr\/private-sightseeing-tours-fr-8\/visite-privee-de-chefchaouen-au-depart-de-cadix\/"]}]},{"@type":"ImageObject","inLanguage":"fr-FR","@id":"https:\/\/tourtravelandmore.com\/fr\/tours\/espagne-fr\/cadiz-fr\/private-sightseeing-tours-fr-8\/visite-privee-de-chefchaouen-au-depart-de-cadix\/#primaryimage","url":"https:\/\/tourtravelandmore.com\/wp-content\/uploads\/2022\/09\/pexels-ryutaro-tsukata-5472524-scaled.jpg","contentUrl":"https:\/\/tourtravelandmore.com\/wp-content\/uploads\/2022\/09\/pexels-ryutaro-tsukata-5472524-scaled.jpg","width":2560,"height":1707},{"@type":"BreadcrumbList","@id":"https:\/\/tourtravelandmore.com\/fr\/tours\/espagne-fr\/cadiz-fr\/private-sightseeing-tours-fr-8\/visite-privee-de-chefchaouen-au-depart-de-cadix\/#breadcrumb","itemListElement":[{"@type":"ListItem","position":1,"name":"Home","item":"https:\/\/tourtravelandmore.com\/fr\/"},{"@type":"ListItem","position":2,"name":"Tours","item":"https:\/\/tourtravelandmore.com\/fr\/tours\/"},{"@type":"ListItem","position":3,"name":"Visite priv\u00e9e de Chefchaouen depuis Cadix"}]},{"@type":"WebSite","@id":"https:\/\/tourtravelandmore.com\/fr\/#website","url":"https:\/\/tourtravelandmore.com\/fr\/","name":"Tour Travel And More","description":"Private sightseeing tours and luxury transfers in Spain","publisher":{"@id":"https:\/\/tourtravelandmore.com\/fr\/#organization"},"potentialAction":[{"@type":"SearchAction","target":{"@type":"EntryPoint","urlTemplate":"https:\/\/tourtravelandmore.com\/fr\/?s={search_term_string}"},"query-input":{"@type":"PropertyValueSpecification","valueRequired":true,"valueName":"search_term_string"}}],"inLanguage":"fr-FR"},{"@type":"Organization","@id":"https:\/\/tourtravelandmore.com\/fr\/#organization","name":"Tour Travel And More","url":"https:\/\/tourtravelandmore.com\/fr\/","logo":{"@type":"ImageObject","inLanguage":"fr-FR","@id":"https:\/\/tourtravelandmore.com\/fr\/#\/schema\/logo\/image\/","url":"https:\/\/tourtravelandmore.com\/wp-content\/uploads\/2022\/12\/cropped-logo-cabecera-new.png","contentUrl":"https:\/\/tourtravelandmore.com\/wp-content\/uploads\/2022\/12\/cropped-logo-cabecera-new.png","width":430,"height":61,"caption":"Tour Travel And More"},"image":{"@id":"https:\/\/tourtravelandmore.com\/fr\/#\/schema\/logo\/image\/"},"sameAs":["https:\/\/www.facebook.com\/tourtravelandmore\/","https:\/\/x.com\/TourTravel_More"]}]}},"_links":{"self":[{"href":"https:\/\/tourtravelandmore.com\/fr\/wp-json\/wp\/v2\/product\/137860","targetHints":{"allow":["GET"]}}],"collection":[{"href":"https:\/\/tourtravelandmore.com\/fr\/wp-json\/wp\/v2\/product"}],"about":[{"href":"https:\/\/tourtravelandmore.com\/fr\/wp-json\/wp\/v2\/types\/product"}],"replies":[{"embeddable":true,"href":"https:\/\/tourtravelandmore.com\/fr\/wp-json\/wp\/v2\/comments?post=137860"}],"wp:featuredmedia":[{"embeddable":true,"href":"https:\/\/tourtravelandmore.com\/fr\/wp-json\/wp\/v2\/media\/137892"}],"wp:attachment":[{"href":"https:\/\/tourtravelandmore.com\/fr\/wp-json\/wp\/v2\/media?parent=137860"}],"wp:term":[{"taxonomy":"product_brand","embeddable":true,"href":"https:\/\/tourtravelandmore.com\/fr\/wp-json\/wp\/v2\/product_brand?post=137860"},{"taxonomy":"product_cat","embeddable":true,"href":"https:\/\/tourtravelandmore.com\/fr\/wp-json\/wp\/v2\/product_cat?post=137860"},{"taxonomy":"product_tag","embeddable":true,"href":"https:\/\/tourtravelandmore.com\/fr\/wp-json\/wp\/v2\/product_tag?post=137860"}],"curies":[{"name":"wp","href":"https:\/\/api.w.org\/{rel}","templated":true}]}}