{"id":135522,"date":"2022-08-25T15:45:31","date_gmt":"2022-08-25T13:45:37","guid":{"rendered":"https:\/\/tourtravelandmore.com\/?post_type=product&#038;p=135522"},"modified":"2022-08-25T15:54:15","modified_gmt":"2022-08-25T13:54:15","slug":"visite-privee-de-pise-au-depart-de-florence-avec-billets-dentree-pour-la-tour-penchee","status":"publish","type":"product","link":"https:\/\/tourtravelandmore.com\/fr\/tours\/italie-fr\/florence-fr\/all-private-tours-activities-fr\/visite-privee-de-pise-au-depart-de-florence-avec-billets-dentree-pour-la-tour-penchee\/","title":{"rendered":"Visite priv\u00e9e de Pise au d\u00e9part de Florence avec billets d&#8217;entr\u00e9e pour la Tour pench\u00e9e."},"content":{"rendered":"<h2><b>Description de la visite priv\u00e9e de Pise au d\u00e9part de Florence avec billets d&#8217;entr\u00e9e \u00e0 la Tour pench\u00e9e<\/b><\/h2>\n<p><span style=\"font-weight: 400;\">Cette excursion vous emm\u00e8nera \u00e0 Pise depuis Florence, avec un transport priv\u00e9 et une visite de 5 heures de la ville. Vous visiterez la Tour et explorerez les attractions touristiques les plus c\u00e9l\u00e8bres de Pise. Vous aurez \u00e9galement des billets pour la Tour et pourrez profiter d&#8217;une vue panoramique de Pise depuis le sommet.<\/span><\/p>\n<p><span style=\"font-weight: 400;\">C&#8217;est une exp\u00e9rience \u00e0 ne pas manquer pour tout amateur d&#8217;histoire et de culture.<\/span><\/p>\n<p><span style=\"font-weight: 400;\">L&#8217;excursion priv\u00e9e commencera par un ramassage \u00e0 votre point d&#8217;h\u00e9bergement ou au point de votre choix dans la ville de Florence. Vous rencontrerez votre chauffeur et votre guide priv\u00e9s et commencerez ensuite le voyage.<\/span><\/p>\n<p><span style=\"font-weight: 400;\">Nous vous rappelons que chez Tour Travel &amp; More, tous nos circuits sont enti\u00e8rement personnalisables. Si vous souhaitez ajouter des heures suppl\u00e9mentaires \u00e0 votre circuit, visiter d&#8217;autres lieux d&#8217;int\u00e9r\u00eat, faites-le nous savoir et nous nous occuperons de vos besoins et de vos souhaits.<\/span><\/p>\n<h2><b>Points d&#8217;int\u00e9r\u00eat de la visite priv\u00e9e de Pise au d\u00e9part de Florence avec entr\u00e9e \u00e0 la Tour.<\/b><\/h2>\n<p><span style=\"font-weight: 400;\">La ville de Pise est mondialement connue pour toutes les \u0153uvres d&#8217;art, les pi\u00e8ces d&#8217;histoire et les myst\u00e8res qu&#8217;elle cache. Cette ville d&#8217;Italie est visit\u00e9e par des millions de personnes chaque ann\u00e9e et c&#8217;est pourquoi nous vous proposons de la conna\u00eetre de mani\u00e8re priv\u00e9e, confortable et luxueuse.<\/span><\/p>\n<p><span style=\"font-weight: 400;\">Voici pourquoi les sites que vous verrez lors de cette visite priv\u00e9e sont incontournables et mondialement connus :<\/span><\/p>\n<h3><b>Murs m\u00e9di\u00e9vaux<\/b><\/h3>\n<p><span style=\"font-weight: 400;\">Les murs m\u00e9di\u00e9vaux de Pise sont c\u00e9l\u00e8bres car ils sont la seule partie de la ville qui a surv\u00e9cu \u00e0 l&#8217;\u00e9poque romaine.<\/span><\/p>\n<p><span style=\"font-weight: 400;\">Elles ont \u00e9t\u00e9 construites par l&#8217;empereur Claudius en 42 apr\u00e8s J.-C. et \u00e9taient destin\u00e9es \u00e0 prot\u00e9ger la ville contre les attaques. Les murs ont \u00e9t\u00e9 partiellement restaur\u00e9s.<\/span><\/p>\n<h3><b>Piazza dei Miracoli<\/b><\/h3>\n<p><span style=\"font-weight: 400;\">La Piazza dei Miracoli de Pise est c\u00e9l\u00e8bre pour abriter certains des b\u00e2timents les plus embl\u00e9matiques du monde. Le Duomo, le Baptist\u00e8re et le Campanile font partie du patrimoine mondial de l&#8217;UNESCO.<\/span><\/p>\n<p><span style=\"font-weight: 400;\">Le Duomo di Pisa est l&#8217;un des b\u00e2timents les plus reconnaissables d&#8217;Italie et l&#8217;un des plus beaux exemples d&#8217;architecture romane italienne. Il a \u00e9t\u00e9 construit sur une p\u00e9riode de pr\u00e8s de 200 ans (1173-1360) par diff\u00e9rents architectes, Arnolfo di Cambio \u00e9tant responsable de sa forme actuelle. Elle abrite de nombreuses \u0153uvres d&#8217;art, dont la &#8220;Piet\u00e0&#8221; de Michel-Ange.<\/span><\/p>\n<h3><b>Battistero di San Giovanni<\/b><\/h3>\n<p><span style=\"font-weight: 400;\">Le baptist\u00e8re de San Giovanni \u00e0 Pise est c\u00e9l\u00e8bre pour sa forme octogonale, l&#8217;utilisation de marbre blanc et les sculptures complexes de l&#8217;ext\u00e9rieur.<\/span><\/p>\n<p><span style=\"font-weight: 400;\">La forme octogonale est un symbole de perfection dans le monde chr\u00e9tien m\u00e9di\u00e9val. Le baptist\u00e8re a \u00e9t\u00e9 construit en 1152 et a \u00e9t\u00e9 consacr\u00e9 par le pape Eug\u00e8ne III. Il a \u00e9t\u00e9 r\u00e9nov\u00e9 \u00e0 plusieurs reprises depuis lors et est actuellement en cours de r\u00e9novation pour son 800e anniversaire.<\/span><\/p>\n<p><span style=\"font-weight: 400;\">Les sculptures ext\u00e9rieures sont incroyablement complexes et chaque panneau raconte une histoire du christianisme ou d&#8217;autres religions. La sculpture la plus c\u00e9l\u00e8bre est celle du &#8220;Printemps&#8221;, qui repr\u00e9sente la d\u00e9esse V\u00e9nus sortant de sa coquille, symbole de fertilit\u00e9 et de vie nouvelle.<\/span><\/p>\n<h3><b>Cimeti\u00e8re Monumental<\/b><\/h3>\n<p><span style=\"font-weight: 400;\">Le cimeti\u00e8re monumental de Pise est c\u00e9l\u00e8bre car il a \u00e9t\u00e9 le premier cimeti\u00e8re d&#8217;Italie \u00e0 \u00eatre construit apr\u00e8s l&#8217;unification de l&#8217;Italie. C&#8217;est \u00e9galement le premier cimeti\u00e8re \u00e0 \u00eatre construit \u00e0 grande \u00e9chelle. Le cimeti\u00e8re est situ\u00e9 \u00e0 Pise et constitue l&#8217;un des monuments les plus importants d&#8217;Italie.<\/span><\/p>\n<h3><b>Tour pench\u00e9e<\/b><\/h3>\n<p><span style=\"font-weight: 400;\">La tour pench\u00e9e de Pise est l&#8217;un des b\u00e2timents les plus c\u00e9l\u00e8bres du monde. Il est c\u00e9l\u00e8bre pour son penchant, qui a \u00e9t\u00e9 caus\u00e9 par une simple erreur de construction.<\/span><\/p>\n<p><span style=\"font-weight: 400;\">La tour a \u00e9t\u00e9 construite en 1173 et termin\u00e9e en 1372. L&#8217;architecte s&#8217;est rendu compte que la tour penchait, mais il n&#8217;avait pas assez d&#8217;argent pour la r\u00e9parer, alors il l&#8217;a laiss\u00e9e telle quelle.<\/span><\/p>\n<p><span style=\"font-weight: 400;\">On ne sait pas exactement pourquoi ce b\u00e2timent est si c\u00e9l\u00e8bre, peut-\u00eatre est-ce \u00e0 cause de son inclinaison ou peut-\u00eatre que les gens aiment le visiter \u00e0 cause de son histoire. Mais quelle qu&#8217;en soit la raison, ce b\u00e2timent est devenu un symbole de l&#8217;Italie et des \u00e9checs de l&#8217;ing\u00e9nierie dans le monde entier.<\/span><\/p>\n<p><span style=\"font-weight: 400;\">\u00c0 la fin de cette visite priv\u00e9e, votre chauffeur vous ram\u00e8nera \u00e0 votre point de ramassage \u00e0 Florence pour que vous puissiez continuer \u00e0 profiter de cette belle ville par vous-m\u00eame.<\/span><\/p>\n<p><b>Si vous souhaitez conna\u00eetre Florence de mani\u00e8re priv\u00e9e et luxueuse, n&#8217;h\u00e9sitez pas \u00e0 consulter notre<\/b><a href=\"https:\/\/tourtravelandmore.com\/fr\/city\/italie-fr\/florence-fr\/\"><b> liste de visites priv\u00e9es \u00e0 Florence.<\/b><\/a><\/p>\n","protected":false},"excerpt":{"rendered":"<p><b>\u00a0<\/b><span style=\"font-weight: 400;\">Chez Travel &amp; More Tour, nous proposons une visite priv\u00e9e de 5 heures de Florence \u00e0 Pise avec des billets d&#8217;entr\u00e9e pour la Tour. Ce circuit peut \u00eatre r\u00e9serv\u00e9 individuellement ou en groupe et comprend un chauffeur priv\u00e9 qui viendra vous chercher \u00e0 votre h\u00f4tel \u00e0 Florence et vous emm\u00e8nera voir certains des plus beaux endroits de la Toscane.<\/span><\/p>\n","protected":false},"featured_media":135541,"comment_status":"open","ping_status":"closed","template":"","meta":{"_acf_changed":false},"product_brand":[],"product_cat":[3697,3702,3704,3703],"product_tag":[],"class_list":{"0":"post-135522","1":"product","2":"type-product","3":"status-publish","4":"has-post-thumbnail","6":"product_cat-florence-fr","7":"product_cat-all-private-tours-activities-fr","8":"product_cat-private-sightseeing-tours-fr","9":"product_cat-private-day-trips","11":"first","12":"instock","13":"shipping-taxable","14":"purchasable","15":"product-type-simple"},"acf":[],"yoast_head":"<!-- This site is optimized with the Yoast SEO Premium plugin v25.3.1 (Yoast SEO v25.3.1) - https:\/\/yoast.com\/wordpress\/plugins\/seo\/ -->\n<title>\u27a1\ufe0f Circuit priv\u00e9 \u00e0 Pise depuis Florence avec billets d&#039;entr\u00e9e \u00e0 la Tour | Tour Travel &amp; More<\/title>\n<meta name=\"description\" content=\": R\u00e9servez d\u00e8s maintenant ce circuit priv\u00e9 \u00e0 Pise depuis Florence avec billets d&#039;entr\u00e9e \u00e0 la Tour, ce sera une exp\u00e9rience que vous et vos compagnons n&#039;oublierez jamais \u2705.\" \/>\n<meta name=\"robots\" content=\"index, follow, max-snippet:-1, max-image-preview:large, max-video-preview:-1\" \/>\n<link rel=\"canonical\" href=\"https:\/\/tourtravelandmore.com\/fr\/tours\/italie-fr\/florence-fr\/all-private-tours-activities-fr\/visite-privee-de-pise-au-depart-de-florence-avec-billets-dentree-pour-la-tour-penchee\/\" \/>\n<meta property=\"og:locale\" content=\"fr_FR\" \/>\n<meta property=\"og:type\" content=\"article\" \/>\n<meta property=\"og:title\" content=\"Visite priv\u00e9e de Pise au d\u00e9part de Florence avec billets d&#039;entr\u00e9e pour la Tour pench\u00e9e.\" \/>\n<meta property=\"og:description\" content=\": R\u00e9servez d\u00e8s maintenant ce circuit priv\u00e9 \u00e0 Pise depuis Florence avec billets d&#039;entr\u00e9e \u00e0 la Tour, ce sera une exp\u00e9rience que vous et vos compagnons n&#039;oublierez jamais \u2705.\" \/>\n<meta property=\"og:url\" content=\"https:\/\/tourtravelandmore.com\/fr\/tours\/italie-fr\/florence-fr\/all-private-tours-activities-fr\/visite-privee-de-pise-au-depart-de-florence-avec-billets-dentree-pour-la-tour-penchee\/\" \/>\n<meta property=\"og:site_name\" content=\"Tour Travel And More\" \/>\n<meta property=\"article:publisher\" content=\"https:\/\/www.facebook.com\/tourtravelandmore\/\" \/>\n<meta property=\"article:modified_time\" content=\"2022-08-25T13:54:15+00:00\" \/>\n<meta property=\"og:image\" content=\"https:\/\/tourtravelandmore.com\/wp-content\/uploads\/2022\/08\/image4-4.jpg\" \/>\n\t<meta property=\"og:image:width\" content=\"900\" \/>\n\t<meta property=\"og:image:height\" content=\"750\" \/>\n\t<meta property=\"og:image:type\" content=\"image\/jpeg\" \/>\n<meta name=\"twitter:card\" content=\"summary_large_image\" \/>\n<meta name=\"twitter:site\" content=\"@TourTravel_More\" \/>\n<meta name=\"twitter:label1\" content=\"Dur\u00e9e de lecture estim\u00e9e\" \/>\n\t<meta name=\"twitter:data1\" content=\"4 minutes\" \/>\n<script type=\"application\/ld+json\" class=\"yoast-schema-graph\">{\"@context\":\"https:\/\/schema.org\",\"@graph\":[{\"@type\":\"WebPage\",\"@id\":\"https:\/\/tourtravelandmore.com\/fr\/tours\/italie-fr\/florence-fr\/all-private-tours-activities-fr\/visite-privee-de-pise-au-depart-de-florence-avec-billets-dentree-pour-la-tour-penchee\/\",\"url\":\"https:\/\/tourtravelandmore.com\/fr\/tours\/italie-fr\/florence-fr\/all-private-tours-activities-fr\/visite-privee-de-pise-au-depart-de-florence-avec-billets-dentree-pour-la-tour-penchee\/\",\"name\":\"\u27a1\ufe0f Circuit priv\u00e9 \u00e0 Pise depuis Florence avec billets d'entr\u00e9e \u00e0 la Tour | Tour Travel & More\",\"isPartOf\":{\"@id\":\"https:\/\/tourtravelandmore.com\/fr\/#website\"},\"primaryImageOfPage\":{\"@id\":\"https:\/\/tourtravelandmore.com\/fr\/tours\/italie-fr\/florence-fr\/all-private-tours-activities-fr\/visite-privee-de-pise-au-depart-de-florence-avec-billets-dentree-pour-la-tour-penchee\/#primaryimage\"},\"image\":{\"@id\":\"https:\/\/tourtravelandmore.com\/fr\/tours\/italie-fr\/florence-fr\/all-private-tours-activities-fr\/visite-privee-de-pise-au-depart-de-florence-avec-billets-dentree-pour-la-tour-penchee\/#primaryimage\"},\"thumbnailUrl\":\"https:\/\/tourtravelandmore.com\/wp-content\/uploads\/2022\/08\/image4-4.jpg\",\"datePublished\":\"2022-08-25T13:45:37+00:00\",\"dateModified\":\"2022-08-25T13:54:15+00:00\",\"description\":\": R\u00e9servez d\u00e8s maintenant ce circuit priv\u00e9 \u00e0 Pise depuis Florence avec billets d'entr\u00e9e \u00e0 la Tour, ce sera une exp\u00e9rience que vous et vos compagnons n'oublierez jamais \u2705.\",\"breadcrumb\":{\"@id\":\"https:\/\/tourtravelandmore.com\/fr\/tours\/italie-fr\/florence-fr\/all-private-tours-activities-fr\/visite-privee-de-pise-au-depart-de-florence-avec-billets-dentree-pour-la-tour-penchee\/#breadcrumb\"},\"inLanguage\":\"fr-FR\",\"potentialAction\":[{\"@type\":\"ReadAction\",\"target\":[\"https:\/\/tourtravelandmore.com\/fr\/tours\/italie-fr\/florence-fr\/all-private-tours-activities-fr\/visite-privee-de-pise-au-depart-de-florence-avec-billets-dentree-pour-la-tour-penchee\/\"]}]},{\"@type\":\"ImageObject\",\"inLanguage\":\"fr-FR\",\"@id\":\"https:\/\/tourtravelandmore.com\/fr\/tours\/italie-fr\/florence-fr\/all-private-tours-activities-fr\/visite-privee-de-pise-au-depart-de-florence-avec-billets-dentree-pour-la-tour-penchee\/#primaryimage\",\"url\":\"https:\/\/tourtravelandmore.com\/wp-content\/uploads\/2022\/08\/image4-4.jpg\",\"contentUrl\":\"https:\/\/tourtravelandmore.com\/wp-content\/uploads\/2022\/08\/image4-4.jpg\",\"width\":900,\"height\":750},{\"@type\":\"BreadcrumbList\",\"@id\":\"https:\/\/tourtravelandmore.com\/fr\/tours\/italie-fr\/florence-fr\/all-private-tours-activities-fr\/visite-privee-de-pise-au-depart-de-florence-avec-billets-dentree-pour-la-tour-penchee\/#breadcrumb\",\"itemListElement\":[{\"@type\":\"ListItem\",\"position\":1,\"name\":\"Home\",\"item\":\"https:\/\/tourtravelandmore.com\/fr\/\"},{\"@type\":\"ListItem\",\"position\":2,\"name\":\"Tours\",\"item\":\"https:\/\/tourtravelandmore.com\/fr\/tours\/\"},{\"@type\":\"ListItem\",\"position\":3,\"name\":\"Visite priv\u00e9e de Pise au d\u00e9part de Florence avec billets d&rsquo;entr\u00e9e pour la Tour pench\u00e9e.\"}]},{\"@type\":\"WebSite\",\"@id\":\"https:\/\/tourtravelandmore.com\/fr\/#website\",\"url\":\"https:\/\/tourtravelandmore.com\/fr\/\",\"name\":\"Tour Travel And More\",\"description\":\"Private sightseeing tours and luxury transfers in Spain\",\"publisher\":{\"@id\":\"https:\/\/tourtravelandmore.com\/fr\/#organization\"},\"potentialAction\":[{\"@type\":\"SearchAction\",\"target\":{\"@type\":\"EntryPoint\",\"urlTemplate\":\"https:\/\/tourtravelandmore.com\/fr\/?s={search_term_string}\"},\"query-input\":{\"@type\":\"PropertyValueSpecification\",\"valueRequired\":true,\"valueName\":\"search_term_string\"}}],\"inLanguage\":\"fr-FR\"},{\"@type\":\"Organization\",\"@id\":\"https:\/\/tourtravelandmore.com\/fr\/#organization\",\"name\":\"Tour Travel And More\",\"url\":\"https:\/\/tourtravelandmore.com\/fr\/\",\"logo\":{\"@type\":\"ImageObject\",\"inLanguage\":\"fr-FR\",\"@id\":\"https:\/\/tourtravelandmore.com\/fr\/#\/schema\/logo\/image\/\",\"url\":\"https:\/\/tourtravelandmore.com\/wp-content\/uploads\/2022\/12\/cropped-logo-cabecera-new.png\",\"contentUrl\":\"https:\/\/tourtravelandmore.com\/wp-content\/uploads\/2022\/12\/cropped-logo-cabecera-new.png\",\"width\":430,\"height\":61,\"caption\":\"Tour Travel And More\"},\"image\":{\"@id\":\"https:\/\/tourtravelandmore.com\/fr\/#\/schema\/logo\/image\/\"},\"sameAs\":[\"https:\/\/www.facebook.com\/tourtravelandmore\/\",\"https:\/\/x.com\/TourTravel_More\"]}]}<\/script>\n<!-- \/ Yoast SEO Premium plugin. -->","yoast_head_json":{"title":"\u27a1\ufe0f Circuit priv\u00e9 \u00e0 Pise depuis Florence avec billets d'entr\u00e9e \u00e0 la Tour | Tour Travel & More","description":": R\u00e9servez d\u00e8s maintenant ce circuit priv\u00e9 \u00e0 Pise depuis Florence avec billets d'entr\u00e9e \u00e0 la Tour, ce sera une exp\u00e9rience que vous et vos compagnons n'oublierez jamais \u2705.","robots":{"index":"index","follow":"follow","max-snippet":"max-snippet:-1","max-image-preview":"max-image-preview:large","max-video-preview":"max-video-preview:-1"},"canonical":"https:\/\/tourtravelandmore.com\/fr\/tours\/italie-fr\/florence-fr\/all-private-tours-activities-fr\/visite-privee-de-pise-au-depart-de-florence-avec-billets-dentree-pour-la-tour-penchee\/","og_locale":"fr_FR","og_type":"article","og_title":"Visite priv\u00e9e de Pise au d\u00e9part de Florence avec billets d'entr\u00e9e pour la Tour pench\u00e9e.","og_description":": R\u00e9servez d\u00e8s maintenant ce circuit priv\u00e9 \u00e0 Pise depuis Florence avec billets d'entr\u00e9e \u00e0 la Tour, ce sera une exp\u00e9rience que vous et vos compagnons n'oublierez jamais \u2705.","og_url":"https:\/\/tourtravelandmore.com\/fr\/tours\/italie-fr\/florence-fr\/all-private-tours-activities-fr\/visite-privee-de-pise-au-depart-de-florence-avec-billets-dentree-pour-la-tour-penchee\/","og_site_name":"Tour Travel And More","article_publisher":"https:\/\/www.facebook.com\/tourtravelandmore\/","article_modified_time":"2022-08-25T13:54:15+00:00","og_image":[{"width":900,"height":750,"url":"https:\/\/tourtravelandmore.com\/wp-content\/uploads\/2022\/08\/image4-4.jpg","type":"image\/jpeg"}],"twitter_card":"summary_large_image","twitter_site":"@TourTravel_More","twitter_misc":{"Dur\u00e9e de lecture estim\u00e9e":"4 minutes"},"schema":{"@context":"https:\/\/schema.org","@graph":[{"@type":"WebPage","@id":"https:\/\/tourtravelandmore.com\/fr\/tours\/italie-fr\/florence-fr\/all-private-tours-activities-fr\/visite-privee-de-pise-au-depart-de-florence-avec-billets-dentree-pour-la-tour-penchee\/","url":"https:\/\/tourtravelandmore.com\/fr\/tours\/italie-fr\/florence-fr\/all-private-tours-activities-fr\/visite-privee-de-pise-au-depart-de-florence-avec-billets-dentree-pour-la-tour-penchee\/","name":"\u27a1\ufe0f Circuit priv\u00e9 \u00e0 Pise depuis Florence avec billets d'entr\u00e9e \u00e0 la Tour | Tour Travel & More","isPartOf":{"@id":"https:\/\/tourtravelandmore.com\/fr\/#website"},"primaryImageOfPage":{"@id":"https:\/\/tourtravelandmore.com\/fr\/tours\/italie-fr\/florence-fr\/all-private-tours-activities-fr\/visite-privee-de-pise-au-depart-de-florence-avec-billets-dentree-pour-la-tour-penchee\/#primaryimage"},"image":{"@id":"https:\/\/tourtravelandmore.com\/fr\/tours\/italie-fr\/florence-fr\/all-private-tours-activities-fr\/visite-privee-de-pise-au-depart-de-florence-avec-billets-dentree-pour-la-tour-penchee\/#primaryimage"},"thumbnailUrl":"https:\/\/tourtravelandmore.com\/wp-content\/uploads\/2022\/08\/image4-4.jpg","datePublished":"2022-08-25T13:45:37+00:00","dateModified":"2022-08-25T13:54:15+00:00","description":": R\u00e9servez d\u00e8s maintenant ce circuit priv\u00e9 \u00e0 Pise depuis Florence avec billets d'entr\u00e9e \u00e0 la Tour, ce sera une exp\u00e9rience que vous et vos compagnons n'oublierez jamais \u2705.","breadcrumb":{"@id":"https:\/\/tourtravelandmore.com\/fr\/tours\/italie-fr\/florence-fr\/all-private-tours-activities-fr\/visite-privee-de-pise-au-depart-de-florence-avec-billets-dentree-pour-la-tour-penchee\/#breadcrumb"},"inLanguage":"fr-FR","potentialAction":[{"@type":"ReadAction","target":["https:\/\/tourtravelandmore.com\/fr\/tours\/italie-fr\/florence-fr\/all-private-tours-activities-fr\/visite-privee-de-pise-au-depart-de-florence-avec-billets-dentree-pour-la-tour-penchee\/"]}]},{"@type":"ImageObject","inLanguage":"fr-FR","@id":"https:\/\/tourtravelandmore.com\/fr\/tours\/italie-fr\/florence-fr\/all-private-tours-activities-fr\/visite-privee-de-pise-au-depart-de-florence-avec-billets-dentree-pour-la-tour-penchee\/#primaryimage","url":"https:\/\/tourtravelandmore.com\/wp-content\/uploads\/2022\/08\/image4-4.jpg","contentUrl":"https:\/\/tourtravelandmore.com\/wp-content\/uploads\/2022\/08\/image4-4.jpg","width":900,"height":750},{"@type":"BreadcrumbList","@id":"https:\/\/tourtravelandmore.com\/fr\/tours\/italie-fr\/florence-fr\/all-private-tours-activities-fr\/visite-privee-de-pise-au-depart-de-florence-avec-billets-dentree-pour-la-tour-penchee\/#breadcrumb","itemListElement":[{"@type":"ListItem","position":1,"name":"Home","item":"https:\/\/tourtravelandmore.com\/fr\/"},{"@type":"ListItem","position":2,"name":"Tours","item":"https:\/\/tourtravelandmore.com\/fr\/tours\/"},{"@type":"ListItem","position":3,"name":"Visite priv\u00e9e de Pise au d\u00e9part de Florence avec billets d&rsquo;entr\u00e9e pour la Tour pench\u00e9e."}]},{"@type":"WebSite","@id":"https:\/\/tourtravelandmore.com\/fr\/#website","url":"https:\/\/tourtravelandmore.com\/fr\/","name":"Tour Travel And More","description":"Private sightseeing tours and luxury transfers in Spain","publisher":{"@id":"https:\/\/tourtravelandmore.com\/fr\/#organization"},"potentialAction":[{"@type":"SearchAction","target":{"@type":"EntryPoint","urlTemplate":"https:\/\/tourtravelandmore.com\/fr\/?s={search_term_string}"},"query-input":{"@type":"PropertyValueSpecification","valueRequired":true,"valueName":"search_term_string"}}],"inLanguage":"fr-FR"},{"@type":"Organization","@id":"https:\/\/tourtravelandmore.com\/fr\/#organization","name":"Tour Travel And More","url":"https:\/\/tourtravelandmore.com\/fr\/","logo":{"@type":"ImageObject","inLanguage":"fr-FR","@id":"https:\/\/tourtravelandmore.com\/fr\/#\/schema\/logo\/image\/","url":"https:\/\/tourtravelandmore.com\/wp-content\/uploads\/2022\/12\/cropped-logo-cabecera-new.png","contentUrl":"https:\/\/tourtravelandmore.com\/wp-content\/uploads\/2022\/12\/cropped-logo-cabecera-new.png","width":430,"height":61,"caption":"Tour Travel And More"},"image":{"@id":"https:\/\/tourtravelandmore.com\/fr\/#\/schema\/logo\/image\/"},"sameAs":["https:\/\/www.facebook.com\/tourtravelandmore\/","https:\/\/x.com\/TourTravel_More"]}]}},"_links":{"self":[{"href":"https:\/\/tourtravelandmore.com\/fr\/wp-json\/wp\/v2\/product\/135522","targetHints":{"allow":["GET"]}}],"collection":[{"href":"https:\/\/tourtravelandmore.com\/fr\/wp-json\/wp\/v2\/product"}],"about":[{"href":"https:\/\/tourtravelandmore.com\/fr\/wp-json\/wp\/v2\/types\/product"}],"replies":[{"embeddable":true,"href":"https:\/\/tourtravelandmore.com\/fr\/wp-json\/wp\/v2\/comments?post=135522"}],"wp:featuredmedia":[{"embeddable":true,"href":"https:\/\/tourtravelandmore.com\/fr\/wp-json\/wp\/v2\/media\/135541"}],"wp:attachment":[{"href":"https:\/\/tourtravelandmore.com\/fr\/wp-json\/wp\/v2\/media?parent=135522"}],"wp:term":[{"taxonomy":"product_brand","embeddable":true,"href":"https:\/\/tourtravelandmore.com\/fr\/wp-json\/wp\/v2\/product_brand?post=135522"},{"taxonomy":"product_cat","embeddable":true,"href":"https:\/\/tourtravelandmore.com\/fr\/wp-json\/wp\/v2\/product_cat?post=135522"},{"taxonomy":"product_tag","embeddable":true,"href":"https:\/\/tourtravelandmore.com\/fr\/wp-json\/wp\/v2\/product_tag?post=135522"}],"curies":[{"name":"wp","href":"https:\/\/api.w.org\/{rel}","templated":true}]}}