{"id":135495,"date":"2022-08-25T15:33:16","date_gmt":"2022-08-25T13:33:22","guid":{"rendered":"https:\/\/tourtravelandmore.com\/?post_type=product&#038;p=135495"},"modified":"2023-12-04T15:24:36","modified_gmt":"2023-12-04T14:24:36","slug":"visite-privee-de-venise-au-depart-de-florence","status":"publish","type":"product","link":"https:\/\/tourtravelandmore.com\/fr\/tours\/italie-fr\/florence-fr\/all-private-tours-activities-fr\/visite-privee-de-venise-au-depart-de-florence\/","title":{"rendered":"Visite priv\u00e9e de Venise au d\u00e9part de Florence"},"content":{"rendered":"<h2><b>Description de l&#8217;excursion priv\u00e9e \u00e0 Venise au d\u00e9part de Florence<\/b><\/h2>\n<p><span style=\"font-weight: 400;\">L&#8217;excursion priv\u00e9e \u00e0 Venise au d\u00e9part de Florence est une excursion qui vous fera d\u00e9couvrir les plus beaux endroits de cet endroit en Italie. Il s&#8217;agit d&#8217;une visite priv\u00e9e qui rendra votre exp\u00e9rience plus m\u00e9morable et plus agr\u00e9able.<\/span><\/p>\n<p><span style=\"font-weight: 400;\">Monter les escaliers de la Piazzetta San Marco et voir la basilique de Saint-Marc devant soi est une exp\u00e9rience inoubliable. Vous visiterez \u00e9galement d&#8217;autres attractions telles que le palais des Doges, le Campanile di San Marco, le th\u00e9\u00e2tre La Fenice et le mus\u00e9e d&#8217;art moderne Palazzo Grassi.<\/span><\/p>\n<p><span style=\"font-weight: 400;\">L&#8217;excursion priv\u00e9e commence par un ramassage \u00e0 votre h\u00e9bergement ou au point de choix \u00e0 Florence, puis dans votre v\u00e9hicule priv\u00e9 avec chauffeur, nous vous emm\u00e8nerons \u00e0 Venise, l&#8217;une des villes les plus romantiques du monde.<\/span><\/p>\n<p><span style=\"font-weight: 400;\">N&#8217;oubliez pas que cette visite priv\u00e9e est personnalisable \u00e0 100 %. Si vous souhaitez visiter d&#8217;autres sites, disposer de plus de temps ou entrer pour un point d&#8217;int\u00e9r\u00eat quelconque, veuillez nous le faire savoir.<\/span><\/p>\n<h2><b>Points d&#8217;int\u00e9r\u00eat de l&#8217;excursion priv\u00e9e \u00e0 Venise au d\u00e9part de Florence<\/b><\/h2>\n<p><span style=\"font-weight: 400;\">Une fois votre voyage commenc\u00e9, votre chauffeur priv\u00e9 dans votre v\u00e9hicule de luxe vous emm\u00e8nera \u00e0 Venise, o\u00f9 vous visiterez les sites les plus embl\u00e9matiques qui sont incontournables dans ce circuit.<\/span><\/p>\n<p><span style=\"font-weight: 400;\">Nous vous expliquons ci-dessous quels sont les endroits que nous verrons et pourquoi ils sont charg\u00e9s d&#8217;histoire et populaires aupr\u00e8s de millions de touristes chaque ann\u00e9e :<\/span><\/p>\n<p><span style=\"font-weight: 400;\">La place Saint-Marc est la place la plus c\u00e9l\u00e8bre de Venise. Il est situ\u00e9 en face de la basilique Saint-Marc, qui a \u00e9t\u00e9 construite en l&#8217;honneur de Saint-Marc, le saint patron et protecteur de Venise. La place a \u00e9t\u00e9 utilis\u00e9e comme lieu de rencontre pour les V\u00e9nitiens tout au long de l&#8217;histoire.<\/span><\/p>\n<p><span style=\"font-weight: 400;\">La basilique est c\u00e9l\u00e8bre car c&#8217;est l&#8217;\u00e9glise la plus importante de Venise. C&#8217;est aussi l&#8217;une des plus importantes \u00e9glises chr\u00e9tiennes du monde.<\/span><\/p>\n<p><span style=\"font-weight: 400;\">La basilique a \u00e9t\u00e9 fond\u00e9e par le doge Pietro Orseolo II. La construction de la basilique a commenc\u00e9 en 1063 et s&#8217;est achev\u00e9e en 1106.<\/span><\/p>\n<p><span style=\"font-weight: 400;\">Le palais des Doges est un b\u00e2timent embl\u00e9matique de Venise, en Italie. Il a \u00e9t\u00e9 construit au XVe si\u00e8cle et servait de r\u00e9sidence au doge, qui \u00e9tait le chef d&#8217;\u00c9tat de Venise.<\/span><\/p>\n<p><span style=\"font-weight: 400;\">Le palais porte le nom du doge Marino Faliero, qui a \u00e9t\u00e9 ex\u00e9cut\u00e9 pour avoir tent\u00e9 de renverser la R\u00e9publique v\u00e9nitienne. Il s&#8217;agit d&#8217;un m\u00e9lange de styles architecturaux gothique et byzantin avec quelques \u00e9l\u00e9ments de la Renaissance. Le palais a \u00e9t\u00e9 utilis\u00e9 comme d\u00e9cor dans plusieurs films tels que &#8220;Laguna Blu&#8221; (1954) et &#8220;Mission Impossible : Ghost Protocol&#8221; (2011).<\/span><\/p>\n<p><span style=\"font-weight: 400;\">Le pont du Rialto est le plus ancien des quatre ponts qui enjambent le Grand Canal \u00e0 Venise, en Italie. Elle relie le centre historique de Venise \u00e0 ses quartiers est et ouest. Le pont du Rialto a \u00e9t\u00e9 le premier pont \u00e0 \u00eatre construit sur le Grand Canal et a \u00e9t\u00e9 inaugur\u00e9 le 11 mars 1591. Il est c\u00e9l\u00e8bre comme \u00e9tant l&#8217;un des plus anciens ponts de Venise et relie deux parties de la ville.<\/span><\/p>\n<p><span style=\"font-weight: 400;\">Le Grand Canal traverse le centre de Venise. Il constitue un \u00e9l\u00e9ment important de la ville depuis sa cr\u00e9ation au VIe si\u00e8cle. Il a \u00e9t\u00e9 construit pour permettre le transport de marchandises d&#8217;un bout \u00e0 l&#8217;autre de la ville. Le canal lui-m\u00eame n&#8217;est pas tr\u00e8s large ; il ne fait qu&#8217;environ 30 pieds de large et 3 m\u00e8tres de profondeur. Mais elle est tr\u00e8s longue et comporte de nombreux ponts reliant les quartiers de Venise. Le Grand Canal est c\u00e9l\u00e8bre pour sa beaut\u00e9 et son histoire, ainsi que pour \u00eatre un \u00e9l\u00e9ment important de l&#8217;infrastructure de Venise.<\/span><\/p>\n<p><span style=\"font-weight: 400;\">\u00c0 la fin de cette visite priv\u00e9e, votre chauffeur vous ram\u00e8nera \u00e0 votre point de ramassage \u00e0 Florence pour que vous puissiez continuer \u00e0 profiter de cette belle ville par vous-m\u00eame.<\/span><\/p>\n<p><b>Si vous souhaitez conna\u00eetre Florence de mani\u00e8re priv\u00e9e et luxueuse, n&#8217;h\u00e9sitez pas \u00e0 consulter notre<\/b><a href=\"https:\/\/tourtravelandmore.com\/fr\/city\/italie-fr\/florence-fr\/\"><b> liste de visites priv\u00e9es \u00e0 Florence.<\/b><\/a><\/p>\n","protected":false},"excerpt":{"rendered":"<p><b>\u00a0<\/b><span style=\"font-weight: 400;\">L&#8217;excursion priv\u00e9e \u00e0 Venise depuis Florence vous emm\u00e8nera pour une visite guid\u00e9e de 3 heures \u00e0 travers les parties les plus pittoresques et les plus belles de la Toscane. Vous serez accompagn\u00e9 d&#8217;un guide professionnel et exp\u00e9riment\u00e9 qui fera en sorte que votre visite soit inoubliable.<\/span><\/p>\n","protected":false},"featured_media":135505,"comment_status":"open","ping_status":"closed","template":"","meta":{"_acf_changed":false},"product_brand":[],"product_cat":[3697,3702,3704,3703],"product_tag":[],"class_list":{"0":"post-135495","1":"product","2":"type-product","3":"status-publish","4":"has-post-thumbnail","6":"product_cat-florence-fr","7":"product_cat-all-private-tours-activities-fr","8":"product_cat-private-sightseeing-tours-fr","9":"product_cat-private-day-trips","11":"first","12":"instock","13":"shipping-taxable","14":"purchasable","15":"product-type-simple"},"acf":[],"yoast_head":"<!-- This site is optimized with the Yoast SEO Premium plugin v25.3.1 (Yoast SEO v25.3.1) - https:\/\/yoast.com\/wordpress\/plugins\/seo\/ -->\n<title>\u27a1\ufe0f Visite priv\u00e9e de Venise depuis Florence | Tour Travel &amp; More<\/title>\n<meta name=\"description\" content=\"R\u00e9servez maintenant cette visite priv\u00e9e \u00e0 Venise depuis Florence, ce sera une exp\u00e9rience luxueuse et inoubliable \u2705.\" \/>\n<meta name=\"robots\" content=\"index, follow, max-snippet:-1, max-image-preview:large, max-video-preview:-1\" \/>\n<link rel=\"canonical\" href=\"https:\/\/tourtravelandmore.com\/fr\/tours\/italie-fr\/florence-fr\/all-private-tours-activities-fr\/visite-privee-de-venise-au-depart-de-florence\/\" \/>\n<meta property=\"og:locale\" content=\"fr_FR\" \/>\n<meta property=\"og:type\" content=\"article\" \/>\n<meta property=\"og:title\" content=\"Visite priv\u00e9e de Venise au d\u00e9part de Florence\" \/>\n<meta property=\"og:description\" content=\"R\u00e9servez maintenant cette visite priv\u00e9e \u00e0 Venise depuis Florence, ce sera une exp\u00e9rience luxueuse et inoubliable \u2705.\" \/>\n<meta property=\"og:url\" content=\"https:\/\/tourtravelandmore.com\/fr\/tours\/italie-fr\/florence-fr\/all-private-tours-activities-fr\/visite-privee-de-venise-au-depart-de-florence\/\" \/>\n<meta property=\"og:site_name\" content=\"Tour Travel And More\" \/>\n<meta property=\"article:publisher\" content=\"https:\/\/www.facebook.com\/tourtravelandmore\/\" \/>\n<meta property=\"article:modified_time\" content=\"2023-12-04T14:24:36+00:00\" \/>\n<meta property=\"og:image\" content=\"https:\/\/tourtravelandmore.com\/wp-content\/uploads\/2022\/08\/image1-4.jpg\" \/>\n\t<meta property=\"og:image:width\" content=\"900\" \/>\n\t<meta property=\"og:image:height\" content=\"750\" \/>\n\t<meta property=\"og:image:type\" content=\"image\/jpeg\" \/>\n<meta name=\"twitter:card\" content=\"summary_large_image\" \/>\n<meta name=\"twitter:site\" content=\"@TourTravel_More\" \/>\n<meta name=\"twitter:label1\" content=\"Dur\u00e9e de lecture estim\u00e9e\" \/>\n\t<meta name=\"twitter:data1\" content=\"3 minutes\" \/>\n<script type=\"application\/ld+json\" class=\"yoast-schema-graph\">{\"@context\":\"https:\/\/schema.org\",\"@graph\":[{\"@type\":\"WebPage\",\"@id\":\"https:\/\/tourtravelandmore.com\/fr\/tours\/italie-fr\/florence-fr\/all-private-tours-activities-fr\/visite-privee-de-venise-au-depart-de-florence\/\",\"url\":\"https:\/\/tourtravelandmore.com\/fr\/tours\/italie-fr\/florence-fr\/all-private-tours-activities-fr\/visite-privee-de-venise-au-depart-de-florence\/\",\"name\":\"\u27a1\ufe0f Visite priv\u00e9e de Venise depuis Florence | Tour Travel & More\",\"isPartOf\":{\"@id\":\"https:\/\/tourtravelandmore.com\/fr\/#website\"},\"primaryImageOfPage\":{\"@id\":\"https:\/\/tourtravelandmore.com\/fr\/tours\/italie-fr\/florence-fr\/all-private-tours-activities-fr\/visite-privee-de-venise-au-depart-de-florence\/#primaryimage\"},\"image\":{\"@id\":\"https:\/\/tourtravelandmore.com\/fr\/tours\/italie-fr\/florence-fr\/all-private-tours-activities-fr\/visite-privee-de-venise-au-depart-de-florence\/#primaryimage\"},\"thumbnailUrl\":\"https:\/\/tourtravelandmore.com\/wp-content\/uploads\/2022\/08\/image1-4.jpg\",\"datePublished\":\"2022-08-25T13:33:22+00:00\",\"dateModified\":\"2023-12-04T14:24:36+00:00\",\"description\":\"R\u00e9servez maintenant cette visite priv\u00e9e \u00e0 Venise depuis Florence, ce sera une exp\u00e9rience luxueuse et inoubliable \u2705.\",\"breadcrumb\":{\"@id\":\"https:\/\/tourtravelandmore.com\/fr\/tours\/italie-fr\/florence-fr\/all-private-tours-activities-fr\/visite-privee-de-venise-au-depart-de-florence\/#breadcrumb\"},\"inLanguage\":\"fr-FR\",\"potentialAction\":[{\"@type\":\"ReadAction\",\"target\":[\"https:\/\/tourtravelandmore.com\/fr\/tours\/italie-fr\/florence-fr\/all-private-tours-activities-fr\/visite-privee-de-venise-au-depart-de-florence\/\"]}]},{\"@type\":\"ImageObject\",\"inLanguage\":\"fr-FR\",\"@id\":\"https:\/\/tourtravelandmore.com\/fr\/tours\/italie-fr\/florence-fr\/all-private-tours-activities-fr\/visite-privee-de-venise-au-depart-de-florence\/#primaryimage\",\"url\":\"https:\/\/tourtravelandmore.com\/wp-content\/uploads\/2022\/08\/image1-4.jpg\",\"contentUrl\":\"https:\/\/tourtravelandmore.com\/wp-content\/uploads\/2022\/08\/image1-4.jpg\",\"width\":900,\"height\":750},{\"@type\":\"BreadcrumbList\",\"@id\":\"https:\/\/tourtravelandmore.com\/fr\/tours\/italie-fr\/florence-fr\/all-private-tours-activities-fr\/visite-privee-de-venise-au-depart-de-florence\/#breadcrumb\",\"itemListElement\":[{\"@type\":\"ListItem\",\"position\":1,\"name\":\"Home\",\"item\":\"https:\/\/tourtravelandmore.com\/fr\/\"},{\"@type\":\"ListItem\",\"position\":2,\"name\":\"Tours\",\"item\":\"https:\/\/tourtravelandmore.com\/fr\/tours\/\"},{\"@type\":\"ListItem\",\"position\":3,\"name\":\"Visite priv\u00e9e de Venise au d\u00e9part de Florence\"}]},{\"@type\":\"WebSite\",\"@id\":\"https:\/\/tourtravelandmore.com\/fr\/#website\",\"url\":\"https:\/\/tourtravelandmore.com\/fr\/\",\"name\":\"Tour Travel And More\",\"description\":\"Private sightseeing tours and luxury transfers in Spain\",\"publisher\":{\"@id\":\"https:\/\/tourtravelandmore.com\/fr\/#organization\"},\"potentialAction\":[{\"@type\":\"SearchAction\",\"target\":{\"@type\":\"EntryPoint\",\"urlTemplate\":\"https:\/\/tourtravelandmore.com\/fr\/?s={search_term_string}\"},\"query-input\":{\"@type\":\"PropertyValueSpecification\",\"valueRequired\":true,\"valueName\":\"search_term_string\"}}],\"inLanguage\":\"fr-FR\"},{\"@type\":\"Organization\",\"@id\":\"https:\/\/tourtravelandmore.com\/fr\/#organization\",\"name\":\"Tour Travel And More\",\"url\":\"https:\/\/tourtravelandmore.com\/fr\/\",\"logo\":{\"@type\":\"ImageObject\",\"inLanguage\":\"fr-FR\",\"@id\":\"https:\/\/tourtravelandmore.com\/fr\/#\/schema\/logo\/image\/\",\"url\":\"https:\/\/tourtravelandmore.com\/wp-content\/uploads\/2022\/12\/cropped-logo-cabecera-new.png\",\"contentUrl\":\"https:\/\/tourtravelandmore.com\/wp-content\/uploads\/2022\/12\/cropped-logo-cabecera-new.png\",\"width\":430,\"height\":61,\"caption\":\"Tour Travel And More\"},\"image\":{\"@id\":\"https:\/\/tourtravelandmore.com\/fr\/#\/schema\/logo\/image\/\"},\"sameAs\":[\"https:\/\/www.facebook.com\/tourtravelandmore\/\",\"https:\/\/x.com\/TourTravel_More\"]}]}<\/script>\n<!-- \/ Yoast SEO Premium plugin. -->","yoast_head_json":{"title":"\u27a1\ufe0f Visite priv\u00e9e de Venise depuis Florence | Tour Travel & More","description":"R\u00e9servez maintenant cette visite priv\u00e9e \u00e0 Venise depuis Florence, ce sera une exp\u00e9rience luxueuse et inoubliable \u2705.","robots":{"index":"index","follow":"follow","max-snippet":"max-snippet:-1","max-image-preview":"max-image-preview:large","max-video-preview":"max-video-preview:-1"},"canonical":"https:\/\/tourtravelandmore.com\/fr\/tours\/italie-fr\/florence-fr\/all-private-tours-activities-fr\/visite-privee-de-venise-au-depart-de-florence\/","og_locale":"fr_FR","og_type":"article","og_title":"Visite priv\u00e9e de Venise au d\u00e9part de Florence","og_description":"R\u00e9servez maintenant cette visite priv\u00e9e \u00e0 Venise depuis Florence, ce sera une exp\u00e9rience luxueuse et inoubliable \u2705.","og_url":"https:\/\/tourtravelandmore.com\/fr\/tours\/italie-fr\/florence-fr\/all-private-tours-activities-fr\/visite-privee-de-venise-au-depart-de-florence\/","og_site_name":"Tour Travel And More","article_publisher":"https:\/\/www.facebook.com\/tourtravelandmore\/","article_modified_time":"2023-12-04T14:24:36+00:00","og_image":[{"width":900,"height":750,"url":"https:\/\/tourtravelandmore.com\/wp-content\/uploads\/2022\/08\/image1-4.jpg","type":"image\/jpeg"}],"twitter_card":"summary_large_image","twitter_site":"@TourTravel_More","twitter_misc":{"Dur\u00e9e de lecture estim\u00e9e":"3 minutes"},"schema":{"@context":"https:\/\/schema.org","@graph":[{"@type":"WebPage","@id":"https:\/\/tourtravelandmore.com\/fr\/tours\/italie-fr\/florence-fr\/all-private-tours-activities-fr\/visite-privee-de-venise-au-depart-de-florence\/","url":"https:\/\/tourtravelandmore.com\/fr\/tours\/italie-fr\/florence-fr\/all-private-tours-activities-fr\/visite-privee-de-venise-au-depart-de-florence\/","name":"\u27a1\ufe0f Visite priv\u00e9e de Venise depuis Florence | Tour Travel & More","isPartOf":{"@id":"https:\/\/tourtravelandmore.com\/fr\/#website"},"primaryImageOfPage":{"@id":"https:\/\/tourtravelandmore.com\/fr\/tours\/italie-fr\/florence-fr\/all-private-tours-activities-fr\/visite-privee-de-venise-au-depart-de-florence\/#primaryimage"},"image":{"@id":"https:\/\/tourtravelandmore.com\/fr\/tours\/italie-fr\/florence-fr\/all-private-tours-activities-fr\/visite-privee-de-venise-au-depart-de-florence\/#primaryimage"},"thumbnailUrl":"https:\/\/tourtravelandmore.com\/wp-content\/uploads\/2022\/08\/image1-4.jpg","datePublished":"2022-08-25T13:33:22+00:00","dateModified":"2023-12-04T14:24:36+00:00","description":"R\u00e9servez maintenant cette visite priv\u00e9e \u00e0 Venise depuis Florence, ce sera une exp\u00e9rience luxueuse et inoubliable \u2705.","breadcrumb":{"@id":"https:\/\/tourtravelandmore.com\/fr\/tours\/italie-fr\/florence-fr\/all-private-tours-activities-fr\/visite-privee-de-venise-au-depart-de-florence\/#breadcrumb"},"inLanguage":"fr-FR","potentialAction":[{"@type":"ReadAction","target":["https:\/\/tourtravelandmore.com\/fr\/tours\/italie-fr\/florence-fr\/all-private-tours-activities-fr\/visite-privee-de-venise-au-depart-de-florence\/"]}]},{"@type":"ImageObject","inLanguage":"fr-FR","@id":"https:\/\/tourtravelandmore.com\/fr\/tours\/italie-fr\/florence-fr\/all-private-tours-activities-fr\/visite-privee-de-venise-au-depart-de-florence\/#primaryimage","url":"https:\/\/tourtravelandmore.com\/wp-content\/uploads\/2022\/08\/image1-4.jpg","contentUrl":"https:\/\/tourtravelandmore.com\/wp-content\/uploads\/2022\/08\/image1-4.jpg","width":900,"height":750},{"@type":"BreadcrumbList","@id":"https:\/\/tourtravelandmore.com\/fr\/tours\/italie-fr\/florence-fr\/all-private-tours-activities-fr\/visite-privee-de-venise-au-depart-de-florence\/#breadcrumb","itemListElement":[{"@type":"ListItem","position":1,"name":"Home","item":"https:\/\/tourtravelandmore.com\/fr\/"},{"@type":"ListItem","position":2,"name":"Tours","item":"https:\/\/tourtravelandmore.com\/fr\/tours\/"},{"@type":"ListItem","position":3,"name":"Visite priv\u00e9e de Venise au d\u00e9part de Florence"}]},{"@type":"WebSite","@id":"https:\/\/tourtravelandmore.com\/fr\/#website","url":"https:\/\/tourtravelandmore.com\/fr\/","name":"Tour Travel And More","description":"Private sightseeing tours and luxury transfers in Spain","publisher":{"@id":"https:\/\/tourtravelandmore.com\/fr\/#organization"},"potentialAction":[{"@type":"SearchAction","target":{"@type":"EntryPoint","urlTemplate":"https:\/\/tourtravelandmore.com\/fr\/?s={search_term_string}"},"query-input":{"@type":"PropertyValueSpecification","valueRequired":true,"valueName":"search_term_string"}}],"inLanguage":"fr-FR"},{"@type":"Organization","@id":"https:\/\/tourtravelandmore.com\/fr\/#organization","name":"Tour Travel And More","url":"https:\/\/tourtravelandmore.com\/fr\/","logo":{"@type":"ImageObject","inLanguage":"fr-FR","@id":"https:\/\/tourtravelandmore.com\/fr\/#\/schema\/logo\/image\/","url":"https:\/\/tourtravelandmore.com\/wp-content\/uploads\/2022\/12\/cropped-logo-cabecera-new.png","contentUrl":"https:\/\/tourtravelandmore.com\/wp-content\/uploads\/2022\/12\/cropped-logo-cabecera-new.png","width":430,"height":61,"caption":"Tour Travel And More"},"image":{"@id":"https:\/\/tourtravelandmore.com\/fr\/#\/schema\/logo\/image\/"},"sameAs":["https:\/\/www.facebook.com\/tourtravelandmore\/","https:\/\/x.com\/TourTravel_More"]}]}},"_links":{"self":[{"href":"https:\/\/tourtravelandmore.com\/fr\/wp-json\/wp\/v2\/product\/135495","targetHints":{"allow":["GET"]}}],"collection":[{"href":"https:\/\/tourtravelandmore.com\/fr\/wp-json\/wp\/v2\/product"}],"about":[{"href":"https:\/\/tourtravelandmore.com\/fr\/wp-json\/wp\/v2\/types\/product"}],"replies":[{"embeddable":true,"href":"https:\/\/tourtravelandmore.com\/fr\/wp-json\/wp\/v2\/comments?post=135495"}],"wp:featuredmedia":[{"embeddable":true,"href":"https:\/\/tourtravelandmore.com\/fr\/wp-json\/wp\/v2\/media\/135505"}],"wp:attachment":[{"href":"https:\/\/tourtravelandmore.com\/fr\/wp-json\/wp\/v2\/media?parent=135495"}],"wp:term":[{"taxonomy":"product_brand","embeddable":true,"href":"https:\/\/tourtravelandmore.com\/fr\/wp-json\/wp\/v2\/product_brand?post=135495"},{"taxonomy":"product_cat","embeddable":true,"href":"https:\/\/tourtravelandmore.com\/fr\/wp-json\/wp\/v2\/product_cat?post=135495"},{"taxonomy":"product_tag","embeddable":true,"href":"https:\/\/tourtravelandmore.com\/fr\/wp-json\/wp\/v2\/product_tag?post=135495"}],"curies":[{"name":"wp","href":"https:\/\/api.w.org\/{rel}","templated":true}]}}