{"id":135468,"date":"2022-08-25T15:20:25","date_gmt":"2022-08-25T13:20:30","guid":{"rendered":"https:\/\/tourtravelandmore.com\/?post_type=product&#038;p=135468"},"modified":"2022-08-25T15:30:25","modified_gmt":"2022-08-25T13:30:25","slug":"visite-privee-dune-journee-complete-de-florence","status":"publish","type":"product","link":"https:\/\/tourtravelandmore.com\/fr\/tours\/italie-fr\/florence-fr\/all-private-tours-activities-fr\/visite-privee-dune-journee-complete-de-florence\/","title":{"rendered":"Visite priv\u00e9e d&#8217;une journ\u00e9e compl\u00e8te de Florence"},"content":{"rendered":"<h2><b>Description de la visite priv\u00e9e d&#8217;une journ\u00e9e compl\u00e8te \u00e0 Florence<\/b><\/h2>\n<p><span style=\"font-weight: 400;\">Une visite priv\u00e9e de Florence est un excellent moyen d&#8217;explorer cette belle ville d&#8217;Italie. Notre visite de 8 heures vous fera d\u00e9couvrir les sites et attractions les plus importants de cette belle ville italienne. Vous d\u00e9couvrirez \u00e9galement certains des joyaux cach\u00e9s que les touristes manquent souvent.<\/span><\/p>\n<p><span style=\"font-weight: 400;\">La visite priv\u00e9e est parfaite pour tous ceux qui veulent explorer Florence par eux-m\u00eames, mais qui ne veulent pas se sentir seuls. Cette exp\u00e9rience priv\u00e9e d&#8217;une journ\u00e9e comprend un guide expert qui s&#8217;assurera que vous profitez au maximum de votre s\u00e9jour \u00e0 Florence.<\/span><\/p>\n<p><span style=\"font-weight: 400;\">Cette exp\u00e9rience personnalis\u00e9e commencera par la rencontre de votre chauffeur et de votre guide expert \u00e0 votre h\u00e9bergement ou au point de votre choix \u00e0 Florence, marquant ainsi le d\u00e9but de cette merveilleuse aventure.<\/span><\/p>\n<h2><b>Points forts de l&#8217;excursion priv\u00e9e d&#8217;une journ\u00e9e \u00e0 Florence<\/b><\/h2>\n<p><span style=\"font-weight: 400;\">Cette exp\u00e9rience est une introduction parfaite \u00e0 Florence. Il comprend les points forts de cette ville \u00e9tonnante. Cette visite vous fera d\u00e9couvrir les sites les plus importants de la ville et vous permettra de mieux comprendre son histoire, sa culture et son mode de vie.<\/span><\/p>\n<p><span style=\"font-weight: 400;\">Cette visite priv\u00e9e d&#8217;une journ\u00e9e compl\u00e8te comprend la visite des sites incontournables de cette ville :\u00a0<\/span><\/p>\n<h3><b>Visite guid\u00e9e de l&#8217;Acad\u00e9mie<\/b><\/h3>\n<p><span style=\"font-weight: 400;\">Les \u0153uvres les plus c\u00e9l\u00e8bres de Michelangelo Buonarroti, Saint Matthieu ou Paletina, sont expos\u00e9es dans la galerie de l&#8217;Accademia.<\/span><\/p>\n<p><span style=\"font-weight: 400;\">L&#8217;exposition commence par une visite guid\u00e9e de la galerie Accademia, qui comprend les \u0153uvres les plus c\u00e9l\u00e8bres de Michel Angelo Buonarroti.<\/span><\/p>\n<p><span style=\"font-weight: 400;\">La galerie Accademia est situ\u00e9e dans une belle villa sur les rives de l&#8217;Arno. C&#8217;est l&#8217;un des plus anciens mus\u00e9es de Florence et il abrite les \u0153uvres les plus c\u00e9l\u00e8bres de Michelangelo Buonarroti : Saint Matthieu ou Paletina et ses esclaves inachev\u00e9s.<\/span><\/p>\n<h3><b>Visite guid\u00e9e de la galerie des Uffizi<\/b><\/h3>\n<p><span style=\"font-weight: 400;\">Dans la Gleria Uffizi, vous ne pouvez pas manquer la Naissance de V\u00e9nus qui est l&#8217;un des tableaux les plus c\u00e9l\u00e8bres au monde. Il a \u00e9t\u00e9 peint par l&#8217;artiste italien de la Renaissance Sandro Botticelli et repr\u00e9sente la naissance de V\u00e9nus, la d\u00e9esse de l&#8217;amour, qui a \u00e9merg\u00e9 d&#8217;un coquillage. L&#8217;Annonciation de L\u00e9onard de Vinci est un autre chef-d&#8217;\u0153uvre que vous ne pouvez pas vous permettre de manquer, parmi beaucoup d&#8217;autres.<\/span><\/p>\n<h3><b>Visite guid\u00e9e du Palazzo Vecchio<\/b><\/h3>\n<p><span style=\"font-weight: 400;\">Le Palazzo Vecchio est un b\u00e2timent de Florence qui a \u00e9t\u00e9 construit <\/span><b>entre 1299 et 1314. <\/b><span style=\"font-weight: 400;\">\u00c0 l&#8217;origine, elle \u00e9tait le si\u00e8ge du Grand-Duch\u00e9 de Toscane, puis, en 1574, elle est devenue le si\u00e8ge du gouvernement de la ville.<\/span><\/p>\n<p><span style=\"font-weight: 400;\">Le Palazzo Vecchio est ouvert aux visiteurs tous les jours et propose une visite guid\u00e9e aux personnes int\u00e9ress\u00e9es. La visite commence \u00e0 l&#8217;\u00e9tage sup\u00e9rieur et se poursuit au rez-de-chauss\u00e9e, o\u00f9 se trouve une exposition sur l&#8217;\u00e9volution de la politique florentine au fil du temps.<\/span><\/p>\n<h3><b>Visite M\u00e9dicis de Florence<\/b><\/h3>\n<p><span style=\"font-weight: 400;\">Le Medici Tour of Florence est une visite qui vous emm\u00e8ne dans les lieux les plus beaux et les plus importants de la ville.<\/span><\/p>\n<p><span style=\"font-weight: 400;\">Au cours de cette visite, vous verrez certains des monuments les plus importants de Florence, tels que la Piazza della Signoria, la Basilique de Santa Croce et bien d&#8217;autres encore. Vous d\u00e9couvrirez \u00e9galement l&#8217;histoire de ces b\u00e2timents et profiterez d&#8217;une vue panoramique de la ville.<\/span><\/p>\n<p><span style=\"font-weight: 400;\">\u00c0 la fin de l&#8217;excursion, votre chauffeur et votre v\u00e9hicule priv\u00e9 vous ram\u00e8neront \u00e0 votre point de d\u00e9part afin que vous puissiez continuer \u00e0 profiter de cette belle destination par vous-m\u00eame.<\/span><\/p>\n<p><b>Tour Travel &amp; More <\/b><span style=\"font-weight: 400;\">propose plusieurs <\/span><a href=\"https:\/\/tourtravelandmore.com\/fr\/city\/italie-fr\/florence-fr\/\"><span style=\"font-weight: 400;\">circuits diff\u00e9rents dans et autour de Florence<\/span><\/a><span style=\"font-weight: 400;\">, <\/span><span style=\"font-weight: 400;\">tous avec un guide expert qui peut adapter votre exp\u00e9rience \u00e0 vos besoins.<\/span><\/p>\n","protected":false},"excerpt":{"rendered":"<p><b>\u00a0<\/b><span style=\"font-weight: 400;\">Explorez les nombreux tr\u00e9sors cach\u00e9s de Florence avec une visite priv\u00e9e d&#8217;une journ\u00e9e compl\u00e8te. Votre guide vous conduira aux sites les plus embl\u00e9matiques de Florence, tels que le Duomo et le Ponte Vecchio. Vous aurez \u00e9galement le temps de visiter la c\u00e9l\u00e8bre galerie de l&#8217;Accademia.<\/span><\/p>\n","protected":false},"featured_media":135478,"comment_status":"open","ping_status":"closed","template":"","meta":{"_acf_changed":false},"product_brand":[],"product_cat":[3697,3702,3704,3703],"product_tag":[],"class_list":{"0":"post-135468","1":"product","2":"type-product","3":"status-publish","4":"has-post-thumbnail","6":"product_cat-florence-fr","7":"product_cat-all-private-tours-activities-fr","8":"product_cat-private-sightseeing-tours-fr","9":"product_cat-private-day-trips","11":"first","12":"instock","13":"shipping-taxable","14":"purchasable","15":"product-type-simple"},"acf":[],"yoast_head":"<!-- This site is optimized with the Yoast SEO Premium plugin v25.3.1 (Yoast SEO v25.3.1) - https:\/\/yoast.com\/wordpress\/plugins\/seo\/ -->\n<title>: \u27a1\ufe0f Journ\u00e9e compl\u00e8te de visite priv\u00e9e de Florence | Tour Travel &amp; More<\/title>\n<meta name=\"description\" content=\"Visite priv\u00e9e d&#039;une journ\u00e9e compl\u00e8te de Florence : Tour Travel &amp; More propose plusieurs visites diff\u00e9rentes \u00e0 Florence et dans ses environs : R\u00e9servez d\u00e8s maintenant ! \u2705\" \/>\n<meta name=\"robots\" content=\"index, follow, max-snippet:-1, max-image-preview:large, max-video-preview:-1\" \/>\n<link rel=\"canonical\" href=\"https:\/\/tourtravelandmore.com\/fr\/tours\/italie-fr\/florence-fr\/all-private-tours-activities-fr\/visite-privee-dune-journee-complete-de-florence\/\" \/>\n<meta property=\"og:locale\" content=\"fr_FR\" \/>\n<meta property=\"og:type\" content=\"article\" \/>\n<meta property=\"og:title\" content=\"Visite priv\u00e9e d&#039;une journ\u00e9e compl\u00e8te de Florence\" \/>\n<meta property=\"og:description\" content=\"Visite priv\u00e9e d&#039;une journ\u00e9e compl\u00e8te de Florence : Tour Travel &amp; More propose plusieurs visites diff\u00e9rentes \u00e0 Florence et dans ses environs : R\u00e9servez d\u00e8s maintenant ! \u2705\" \/>\n<meta property=\"og:url\" content=\"https:\/\/tourtravelandmore.com\/fr\/tours\/italie-fr\/florence-fr\/all-private-tours-activities-fr\/visite-privee-dune-journee-complete-de-florence\/\" \/>\n<meta property=\"og:site_name\" content=\"Tour Travel And More\" \/>\n<meta property=\"article:publisher\" content=\"https:\/\/www.facebook.com\/tourtravelandmore\/\" \/>\n<meta property=\"article:modified_time\" content=\"2022-08-25T13:30:25+00:00\" \/>\n<meta property=\"og:image\" content=\"https:\/\/tourtravelandmore.com\/wp-content\/uploads\/2022\/08\/image1-3.jpg\" \/>\n\t<meta property=\"og:image:width\" content=\"900\" \/>\n\t<meta property=\"og:image:height\" content=\"750\" \/>\n\t<meta property=\"og:image:type\" content=\"image\/jpeg\" \/>\n<meta name=\"twitter:card\" content=\"summary_large_image\" \/>\n<meta name=\"twitter:site\" content=\"@TourTravel_More\" \/>\n<meta name=\"twitter:label1\" content=\"Dur\u00e9e de lecture estim\u00e9e\" \/>\n\t<meta name=\"twitter:data1\" content=\"3 minutes\" \/>\n<script type=\"application\/ld+json\" class=\"yoast-schema-graph\">{\"@context\":\"https:\/\/schema.org\",\"@graph\":[{\"@type\":\"WebPage\",\"@id\":\"https:\/\/tourtravelandmore.com\/fr\/tours\/italie-fr\/florence-fr\/all-private-tours-activities-fr\/visite-privee-dune-journee-complete-de-florence\/\",\"url\":\"https:\/\/tourtravelandmore.com\/fr\/tours\/italie-fr\/florence-fr\/all-private-tours-activities-fr\/visite-privee-dune-journee-complete-de-florence\/\",\"name\":\": \u27a1\ufe0f Journ\u00e9e compl\u00e8te de visite priv\u00e9e de Florence | Tour Travel & More\",\"isPartOf\":{\"@id\":\"https:\/\/tourtravelandmore.com\/fr\/#website\"},\"primaryImageOfPage\":{\"@id\":\"https:\/\/tourtravelandmore.com\/fr\/tours\/italie-fr\/florence-fr\/all-private-tours-activities-fr\/visite-privee-dune-journee-complete-de-florence\/#primaryimage\"},\"image\":{\"@id\":\"https:\/\/tourtravelandmore.com\/fr\/tours\/italie-fr\/florence-fr\/all-private-tours-activities-fr\/visite-privee-dune-journee-complete-de-florence\/#primaryimage\"},\"thumbnailUrl\":\"https:\/\/tourtravelandmore.com\/wp-content\/uploads\/2022\/08\/image1-3.jpg\",\"datePublished\":\"2022-08-25T13:20:30+00:00\",\"dateModified\":\"2022-08-25T13:30:25+00:00\",\"description\":\"Visite priv\u00e9e d'une journ\u00e9e compl\u00e8te de Florence : Tour Travel & More propose plusieurs visites diff\u00e9rentes \u00e0 Florence et dans ses environs : R\u00e9servez d\u00e8s maintenant ! \u2705\",\"breadcrumb\":{\"@id\":\"https:\/\/tourtravelandmore.com\/fr\/tours\/italie-fr\/florence-fr\/all-private-tours-activities-fr\/visite-privee-dune-journee-complete-de-florence\/#breadcrumb\"},\"inLanguage\":\"fr-FR\",\"potentialAction\":[{\"@type\":\"ReadAction\",\"target\":[\"https:\/\/tourtravelandmore.com\/fr\/tours\/italie-fr\/florence-fr\/all-private-tours-activities-fr\/visite-privee-dune-journee-complete-de-florence\/\"]}]},{\"@type\":\"ImageObject\",\"inLanguage\":\"fr-FR\",\"@id\":\"https:\/\/tourtravelandmore.com\/fr\/tours\/italie-fr\/florence-fr\/all-private-tours-activities-fr\/visite-privee-dune-journee-complete-de-florence\/#primaryimage\",\"url\":\"https:\/\/tourtravelandmore.com\/wp-content\/uploads\/2022\/08\/image1-3.jpg\",\"contentUrl\":\"https:\/\/tourtravelandmore.com\/wp-content\/uploads\/2022\/08\/image1-3.jpg\",\"width\":900,\"height\":750},{\"@type\":\"BreadcrumbList\",\"@id\":\"https:\/\/tourtravelandmore.com\/fr\/tours\/italie-fr\/florence-fr\/all-private-tours-activities-fr\/visite-privee-dune-journee-complete-de-florence\/#breadcrumb\",\"itemListElement\":[{\"@type\":\"ListItem\",\"position\":1,\"name\":\"Home\",\"item\":\"https:\/\/tourtravelandmore.com\/fr\/\"},{\"@type\":\"ListItem\",\"position\":2,\"name\":\"Tours\",\"item\":\"https:\/\/tourtravelandmore.com\/fr\/tours\/\"},{\"@type\":\"ListItem\",\"position\":3,\"name\":\"Visite priv\u00e9e d&rsquo;une journ\u00e9e compl\u00e8te de Florence\"}]},{\"@type\":\"WebSite\",\"@id\":\"https:\/\/tourtravelandmore.com\/fr\/#website\",\"url\":\"https:\/\/tourtravelandmore.com\/fr\/\",\"name\":\"Tour Travel And More\",\"description\":\"Private sightseeing tours and luxury transfers in Spain\",\"publisher\":{\"@id\":\"https:\/\/tourtravelandmore.com\/fr\/#organization\"},\"potentialAction\":[{\"@type\":\"SearchAction\",\"target\":{\"@type\":\"EntryPoint\",\"urlTemplate\":\"https:\/\/tourtravelandmore.com\/fr\/?s={search_term_string}\"},\"query-input\":{\"@type\":\"PropertyValueSpecification\",\"valueRequired\":true,\"valueName\":\"search_term_string\"}}],\"inLanguage\":\"fr-FR\"},{\"@type\":\"Organization\",\"@id\":\"https:\/\/tourtravelandmore.com\/fr\/#organization\",\"name\":\"Tour Travel And More\",\"url\":\"https:\/\/tourtravelandmore.com\/fr\/\",\"logo\":{\"@type\":\"ImageObject\",\"inLanguage\":\"fr-FR\",\"@id\":\"https:\/\/tourtravelandmore.com\/fr\/#\/schema\/logo\/image\/\",\"url\":\"https:\/\/tourtravelandmore.com\/wp-content\/uploads\/2022\/12\/cropped-logo-cabecera-new.png\",\"contentUrl\":\"https:\/\/tourtravelandmore.com\/wp-content\/uploads\/2022\/12\/cropped-logo-cabecera-new.png\",\"width\":430,\"height\":61,\"caption\":\"Tour Travel And More\"},\"image\":{\"@id\":\"https:\/\/tourtravelandmore.com\/fr\/#\/schema\/logo\/image\/\"},\"sameAs\":[\"https:\/\/www.facebook.com\/tourtravelandmore\/\",\"https:\/\/x.com\/TourTravel_More\"]}]}<\/script>\n<!-- \/ Yoast SEO Premium plugin. -->","yoast_head_json":{"title":": \u27a1\ufe0f Journ\u00e9e compl\u00e8te de visite priv\u00e9e de Florence | Tour Travel & More","description":"Visite priv\u00e9e d'une journ\u00e9e compl\u00e8te de Florence : Tour Travel & More propose plusieurs visites diff\u00e9rentes \u00e0 Florence et dans ses environs : R\u00e9servez d\u00e8s maintenant ! \u2705","robots":{"index":"index","follow":"follow","max-snippet":"max-snippet:-1","max-image-preview":"max-image-preview:large","max-video-preview":"max-video-preview:-1"},"canonical":"https:\/\/tourtravelandmore.com\/fr\/tours\/italie-fr\/florence-fr\/all-private-tours-activities-fr\/visite-privee-dune-journee-complete-de-florence\/","og_locale":"fr_FR","og_type":"article","og_title":"Visite priv\u00e9e d'une journ\u00e9e compl\u00e8te de Florence","og_description":"Visite priv\u00e9e d'une journ\u00e9e compl\u00e8te de Florence : Tour Travel & More propose plusieurs visites diff\u00e9rentes \u00e0 Florence et dans ses environs : R\u00e9servez d\u00e8s maintenant ! \u2705","og_url":"https:\/\/tourtravelandmore.com\/fr\/tours\/italie-fr\/florence-fr\/all-private-tours-activities-fr\/visite-privee-dune-journee-complete-de-florence\/","og_site_name":"Tour Travel And More","article_publisher":"https:\/\/www.facebook.com\/tourtravelandmore\/","article_modified_time":"2022-08-25T13:30:25+00:00","og_image":[{"width":900,"height":750,"url":"https:\/\/tourtravelandmore.com\/wp-content\/uploads\/2022\/08\/image1-3.jpg","type":"image\/jpeg"}],"twitter_card":"summary_large_image","twitter_site":"@TourTravel_More","twitter_misc":{"Dur\u00e9e de lecture estim\u00e9e":"3 minutes"},"schema":{"@context":"https:\/\/schema.org","@graph":[{"@type":"WebPage","@id":"https:\/\/tourtravelandmore.com\/fr\/tours\/italie-fr\/florence-fr\/all-private-tours-activities-fr\/visite-privee-dune-journee-complete-de-florence\/","url":"https:\/\/tourtravelandmore.com\/fr\/tours\/italie-fr\/florence-fr\/all-private-tours-activities-fr\/visite-privee-dune-journee-complete-de-florence\/","name":": \u27a1\ufe0f Journ\u00e9e compl\u00e8te de visite priv\u00e9e de Florence | Tour Travel & More","isPartOf":{"@id":"https:\/\/tourtravelandmore.com\/fr\/#website"},"primaryImageOfPage":{"@id":"https:\/\/tourtravelandmore.com\/fr\/tours\/italie-fr\/florence-fr\/all-private-tours-activities-fr\/visite-privee-dune-journee-complete-de-florence\/#primaryimage"},"image":{"@id":"https:\/\/tourtravelandmore.com\/fr\/tours\/italie-fr\/florence-fr\/all-private-tours-activities-fr\/visite-privee-dune-journee-complete-de-florence\/#primaryimage"},"thumbnailUrl":"https:\/\/tourtravelandmore.com\/wp-content\/uploads\/2022\/08\/image1-3.jpg","datePublished":"2022-08-25T13:20:30+00:00","dateModified":"2022-08-25T13:30:25+00:00","description":"Visite priv\u00e9e d'une journ\u00e9e compl\u00e8te de Florence : Tour Travel & More propose plusieurs visites diff\u00e9rentes \u00e0 Florence et dans ses environs : R\u00e9servez d\u00e8s maintenant ! \u2705","breadcrumb":{"@id":"https:\/\/tourtravelandmore.com\/fr\/tours\/italie-fr\/florence-fr\/all-private-tours-activities-fr\/visite-privee-dune-journee-complete-de-florence\/#breadcrumb"},"inLanguage":"fr-FR","potentialAction":[{"@type":"ReadAction","target":["https:\/\/tourtravelandmore.com\/fr\/tours\/italie-fr\/florence-fr\/all-private-tours-activities-fr\/visite-privee-dune-journee-complete-de-florence\/"]}]},{"@type":"ImageObject","inLanguage":"fr-FR","@id":"https:\/\/tourtravelandmore.com\/fr\/tours\/italie-fr\/florence-fr\/all-private-tours-activities-fr\/visite-privee-dune-journee-complete-de-florence\/#primaryimage","url":"https:\/\/tourtravelandmore.com\/wp-content\/uploads\/2022\/08\/image1-3.jpg","contentUrl":"https:\/\/tourtravelandmore.com\/wp-content\/uploads\/2022\/08\/image1-3.jpg","width":900,"height":750},{"@type":"BreadcrumbList","@id":"https:\/\/tourtravelandmore.com\/fr\/tours\/italie-fr\/florence-fr\/all-private-tours-activities-fr\/visite-privee-dune-journee-complete-de-florence\/#breadcrumb","itemListElement":[{"@type":"ListItem","position":1,"name":"Home","item":"https:\/\/tourtravelandmore.com\/fr\/"},{"@type":"ListItem","position":2,"name":"Tours","item":"https:\/\/tourtravelandmore.com\/fr\/tours\/"},{"@type":"ListItem","position":3,"name":"Visite priv\u00e9e d&rsquo;une journ\u00e9e compl\u00e8te de Florence"}]},{"@type":"WebSite","@id":"https:\/\/tourtravelandmore.com\/fr\/#website","url":"https:\/\/tourtravelandmore.com\/fr\/","name":"Tour Travel And More","description":"Private sightseeing tours and luxury transfers in Spain","publisher":{"@id":"https:\/\/tourtravelandmore.com\/fr\/#organization"},"potentialAction":[{"@type":"SearchAction","target":{"@type":"EntryPoint","urlTemplate":"https:\/\/tourtravelandmore.com\/fr\/?s={search_term_string}"},"query-input":{"@type":"PropertyValueSpecification","valueRequired":true,"valueName":"search_term_string"}}],"inLanguage":"fr-FR"},{"@type":"Organization","@id":"https:\/\/tourtravelandmore.com\/fr\/#organization","name":"Tour Travel And More","url":"https:\/\/tourtravelandmore.com\/fr\/","logo":{"@type":"ImageObject","inLanguage":"fr-FR","@id":"https:\/\/tourtravelandmore.com\/fr\/#\/schema\/logo\/image\/","url":"https:\/\/tourtravelandmore.com\/wp-content\/uploads\/2022\/12\/cropped-logo-cabecera-new.png","contentUrl":"https:\/\/tourtravelandmore.com\/wp-content\/uploads\/2022\/12\/cropped-logo-cabecera-new.png","width":430,"height":61,"caption":"Tour Travel And More"},"image":{"@id":"https:\/\/tourtravelandmore.com\/fr\/#\/schema\/logo\/image\/"},"sameAs":["https:\/\/www.facebook.com\/tourtravelandmore\/","https:\/\/x.com\/TourTravel_More"]}]}},"_links":{"self":[{"href":"https:\/\/tourtravelandmore.com\/fr\/wp-json\/wp\/v2\/product\/135468","targetHints":{"allow":["GET"]}}],"collection":[{"href":"https:\/\/tourtravelandmore.com\/fr\/wp-json\/wp\/v2\/product"}],"about":[{"href":"https:\/\/tourtravelandmore.com\/fr\/wp-json\/wp\/v2\/types\/product"}],"replies":[{"embeddable":true,"href":"https:\/\/tourtravelandmore.com\/fr\/wp-json\/wp\/v2\/comments?post=135468"}],"wp:featuredmedia":[{"embeddable":true,"href":"https:\/\/tourtravelandmore.com\/fr\/wp-json\/wp\/v2\/media\/135478"}],"wp:attachment":[{"href":"https:\/\/tourtravelandmore.com\/fr\/wp-json\/wp\/v2\/media?parent=135468"}],"wp:term":[{"taxonomy":"product_brand","embeddable":true,"href":"https:\/\/tourtravelandmore.com\/fr\/wp-json\/wp\/v2\/product_brand?post=135468"},{"taxonomy":"product_cat","embeddable":true,"href":"https:\/\/tourtravelandmore.com\/fr\/wp-json\/wp\/v2\/product_cat?post=135468"},{"taxonomy":"product_tag","embeddable":true,"href":"https:\/\/tourtravelandmore.com\/fr\/wp-json\/wp\/v2\/product_tag?post=135468"}],"curies":[{"name":"wp","href":"https:\/\/api.w.org\/{rel}","templated":true}]}}