{"id":135437,"date":"2022-08-25T15:04:52","date_gmt":"2022-08-25T13:04:57","guid":{"rendered":"https:\/\/tourtravelandmore.com\/?post_type=product&#038;p=135437"},"modified":"2022-08-25T15:15:56","modified_gmt":"2022-08-25T13:15:56","slug":"experience-privee-de-chasse-a-la-truffe-avec-dejeuner-pres-de-florence","status":"publish","type":"product","link":"https:\/\/tourtravelandmore.com\/fr\/tours\/italie-fr\/florence-fr\/all-private-tours-activities-fr\/experience-privee-de-chasse-a-la-truffe-avec-dejeuner-pres-de-florence\/","title":{"rendered":"Exp\u00e9rience priv\u00e9e de chasse \u00e0 la truffe avec d\u00e9jeuner pr\u00e8s de Florence"},"content":{"rendered":"<h2><b>Description de l&#8217;exp\u00e9rience de chasse \u00e0 la truffe avec d\u00e9jeuner pr\u00e8s de Florence<\/b><\/h2>\n<p><span style=\"font-weight: 400;\">La chasse \u00e0 la truffe est une activit\u00e9 populaire pour les touristes qui visitent la Toscane, en Italie. Elle constitue \u00e9galement un \u00e9l\u00e9ment important de l&#8217;\u00e9conomie locale. L&#8217;exp\u00e9rience commence par une br\u00e8ve visite de la campagne, puis vous partirez \u00e0 la recherche de ces d\u00e9licieux champignons. Vous apprendrez \u00e0 les identifier et \u00e0 les d\u00e9terrer du sol. \u00c0 la fin, vous appr\u00e9cierez le d\u00e9jeuner dans une belle cave \u00e0 vin avec des vues de Florence au loin.<\/span><\/p>\n<p><span style=\"font-weight: 400;\">L&#8217;aventure priv\u00e9e commencera par la rencontre avec votre chauffeur et votre v\u00e9hicule priv\u00e9 \u00e0 votre h\u00e9bergement ou au point de choix \u00e0 Florence, o\u00f9 la journ\u00e9e commencera.<\/span><\/p>\n<h2><b>Points forts de l&#8217;exp\u00e9rience de chasse \u00e0 la truffe avec d\u00e9jeuner pr\u00e8s de Florence<\/b><\/h2>\n<p><b>Exp\u00e9rience de chasse \u00e0 la truffe :<\/b><\/p>\n<p><span style=\"font-weight: 400;\">&#8211; L&#8217;excursion commence par une visite de la ferme, o\u00f9 vous verrez comment les truffes sont cultiv\u00e9es.<\/span><\/p>\n<p><span style=\"font-weight: 400;\">&#8211; Vous partirez ensuite \u00e0 la chasse aux truffes dans la for\u00eat et d\u00e9couvrirez comment identifier les truffes par leur odeur.<\/span><\/p>\n<p><span style=\"font-weight: 400;\">&#8211; Apr\u00e8s votre chasse, un d\u00e9jeuner vous sera servi dans un authentique restaurant toscan.<\/span><\/p>\n<p><strong>Points d&#8217;int\u00e9r\u00eat :<\/strong><\/p>\n<p>&#8211; Le restaurant est situ\u00e9 au c\u0153ur de la campagne florentine.<\/p>\n<p><span style=\"font-weight: 400;\">&#8211; Il s&#8217;agit d&#8217;une entreprise familiale qui propose un d\u00e9licieux d\u00e9jeuner compos\u00e9 de recettes toscanes traditionnelles.<\/span><\/p>\n<p><span style=\"font-weight: 400;\">Si vous voulez en savoir plus sur Florence, nous vous recommandons de jeter <\/span><a href=\"https:\/\/tourtravelandmore.com\/fr\/city\/italie-fr\/florence-fr\/\"><span style=\"font-weight: 400;\">un coup d&#8217;\u0153il \u00e0 l&#8217;un de nos circuits et exp\u00e9riences in\u00e9gal\u00e9s en Toscane<\/span><\/a><span style=\"font-weight: 400;\">, vous ne le regretterez pas !<\/span><\/p>\n<div id=\"gtx-trans\" style=\"position: absolute; left: -13px; top: 615.656px;\">\n<div class=\"gtx-trans-icon\"><\/div>\n<\/div>\n","protected":false},"excerpt":{"rendered":"<p><b>: <\/b><span style=\"font-weight: 400;\">Ce circuit est une exp\u00e9rience unique pour les voyageurs. Vous pourrez explorer la campagne toscane avec votre chauffeur et guide priv\u00e9 qui vous emm\u00e8nera dans les meilleurs endroits pour la chasse aux truffes. Vous aurez \u00e9galement l&#8217;occasion de go\u00fbter \u00e0 certains des mets les plus d\u00e9licieux d&#8217;Italie, ce sera une exp\u00e9rience inimaginable.<\/span><\/p>\n","protected":false},"featured_media":135450,"comment_status":"open","ping_status":"closed","template":"","meta":{"_acf_changed":false},"product_brand":[],"product_cat":[3697,3702,3704],"product_tag":[],"class_list":{"0":"post-135437","1":"product","2":"type-product","3":"status-publish","4":"has-post-thumbnail","6":"product_cat-florence-fr","7":"product_cat-all-private-tours-activities-fr","8":"product_cat-private-sightseeing-tours-fr","10":"first","11":"instock","12":"shipping-taxable","13":"purchasable","14":"product-type-simple"},"acf":[],"yoast_head":"<!-- This site is optimized with the Yoast SEO Premium plugin v25.3.1 (Yoast SEO v25.3.1) - https:\/\/yoast.com\/wordpress\/plugins\/seo\/ -->\n<title>\u27a1\ufe0f Exp\u00e9rience priv\u00e9e de chasse \u00e0 la truffe avec d\u00e9jeuner pr\u00e8s de Florence | Tour Travel &amp; More<\/title>\n<meta name=\"description\" content=\"R\u00e9servez maintenant cette exp\u00e9rience de chasse \u00e0 la truffe priv\u00e9e avec d\u00e9jeuner pr\u00e8s de Florence, ce sera une aventure inimaginable \u2705.\" \/>\n<meta name=\"robots\" content=\"index, follow, max-snippet:-1, max-image-preview:large, max-video-preview:-1\" \/>\n<link rel=\"canonical\" href=\"https:\/\/tourtravelandmore.com\/fr\/tours\/italie-fr\/florence-fr\/all-private-tours-activities-fr\/experience-privee-de-chasse-a-la-truffe-avec-dejeuner-pres-de-florence\/\" \/>\n<meta property=\"og:locale\" content=\"fr_FR\" \/>\n<meta property=\"og:type\" content=\"article\" \/>\n<meta property=\"og:title\" content=\"Exp\u00e9rience priv\u00e9e de chasse \u00e0 la truffe avec d\u00e9jeuner pr\u00e8s de Florence\" \/>\n<meta property=\"og:description\" content=\"R\u00e9servez maintenant cette exp\u00e9rience de chasse \u00e0 la truffe priv\u00e9e avec d\u00e9jeuner pr\u00e8s de Florence, ce sera une aventure inimaginable \u2705.\" \/>\n<meta property=\"og:url\" content=\"https:\/\/tourtravelandmore.com\/fr\/tours\/italie-fr\/florence-fr\/all-private-tours-activities-fr\/experience-privee-de-chasse-a-la-truffe-avec-dejeuner-pres-de-florence\/\" \/>\n<meta property=\"og:site_name\" content=\"Tour Travel And More\" \/>\n<meta property=\"article:publisher\" content=\"https:\/\/www.facebook.com\/tourtravelandmore\/\" \/>\n<meta property=\"article:modified_time\" content=\"2022-08-25T13:15:56+00:00\" \/>\n<meta property=\"og:image\" content=\"https:\/\/tourtravelandmore.com\/wp-content\/uploads\/2022\/08\/image1-2.jpg\" \/>\n\t<meta property=\"og:image:width\" content=\"900\" \/>\n\t<meta property=\"og:image:height\" content=\"750\" \/>\n\t<meta property=\"og:image:type\" content=\"image\/jpeg\" \/>\n<meta name=\"twitter:card\" content=\"summary_large_image\" \/>\n<meta name=\"twitter:site\" content=\"@TourTravel_More\" \/>\n<meta name=\"twitter:label1\" content=\"Dur\u00e9e de lecture estim\u00e9e\" \/>\n\t<meta name=\"twitter:data1\" content=\"1 minute\" \/>\n<script type=\"application\/ld+json\" class=\"yoast-schema-graph\">{\"@context\":\"https:\/\/schema.org\",\"@graph\":[{\"@type\":\"WebPage\",\"@id\":\"https:\/\/tourtravelandmore.com\/fr\/tours\/italie-fr\/florence-fr\/all-private-tours-activities-fr\/experience-privee-de-chasse-a-la-truffe-avec-dejeuner-pres-de-florence\/\",\"url\":\"https:\/\/tourtravelandmore.com\/fr\/tours\/italie-fr\/florence-fr\/all-private-tours-activities-fr\/experience-privee-de-chasse-a-la-truffe-avec-dejeuner-pres-de-florence\/\",\"name\":\"\u27a1\ufe0f Exp\u00e9rience priv\u00e9e de chasse \u00e0 la truffe avec d\u00e9jeuner pr\u00e8s de Florence | Tour Travel & More\",\"isPartOf\":{\"@id\":\"https:\/\/tourtravelandmore.com\/fr\/#website\"},\"primaryImageOfPage\":{\"@id\":\"https:\/\/tourtravelandmore.com\/fr\/tours\/italie-fr\/florence-fr\/all-private-tours-activities-fr\/experience-privee-de-chasse-a-la-truffe-avec-dejeuner-pres-de-florence\/#primaryimage\"},\"image\":{\"@id\":\"https:\/\/tourtravelandmore.com\/fr\/tours\/italie-fr\/florence-fr\/all-private-tours-activities-fr\/experience-privee-de-chasse-a-la-truffe-avec-dejeuner-pres-de-florence\/#primaryimage\"},\"thumbnailUrl\":\"https:\/\/tourtravelandmore.com\/wp-content\/uploads\/2022\/08\/image1-2.jpg\",\"datePublished\":\"2022-08-25T13:04:57+00:00\",\"dateModified\":\"2022-08-25T13:15:56+00:00\",\"description\":\"R\u00e9servez maintenant cette exp\u00e9rience de chasse \u00e0 la truffe priv\u00e9e avec d\u00e9jeuner pr\u00e8s de Florence, ce sera une aventure inimaginable \u2705.\",\"breadcrumb\":{\"@id\":\"https:\/\/tourtravelandmore.com\/fr\/tours\/italie-fr\/florence-fr\/all-private-tours-activities-fr\/experience-privee-de-chasse-a-la-truffe-avec-dejeuner-pres-de-florence\/#breadcrumb\"},\"inLanguage\":\"fr-FR\",\"potentialAction\":[{\"@type\":\"ReadAction\",\"target\":[\"https:\/\/tourtravelandmore.com\/fr\/tours\/italie-fr\/florence-fr\/all-private-tours-activities-fr\/experience-privee-de-chasse-a-la-truffe-avec-dejeuner-pres-de-florence\/\"]}]},{\"@type\":\"ImageObject\",\"inLanguage\":\"fr-FR\",\"@id\":\"https:\/\/tourtravelandmore.com\/fr\/tours\/italie-fr\/florence-fr\/all-private-tours-activities-fr\/experience-privee-de-chasse-a-la-truffe-avec-dejeuner-pres-de-florence\/#primaryimage\",\"url\":\"https:\/\/tourtravelandmore.com\/wp-content\/uploads\/2022\/08\/image1-2.jpg\",\"contentUrl\":\"https:\/\/tourtravelandmore.com\/wp-content\/uploads\/2022\/08\/image1-2.jpg\",\"width\":900,\"height\":750},{\"@type\":\"BreadcrumbList\",\"@id\":\"https:\/\/tourtravelandmore.com\/fr\/tours\/italie-fr\/florence-fr\/all-private-tours-activities-fr\/experience-privee-de-chasse-a-la-truffe-avec-dejeuner-pres-de-florence\/#breadcrumb\",\"itemListElement\":[{\"@type\":\"ListItem\",\"position\":1,\"name\":\"Home\",\"item\":\"https:\/\/tourtravelandmore.com\/fr\/\"},{\"@type\":\"ListItem\",\"position\":2,\"name\":\"Tours\",\"item\":\"https:\/\/tourtravelandmore.com\/fr\/tours\/\"},{\"@type\":\"ListItem\",\"position\":3,\"name\":\"Exp\u00e9rience priv\u00e9e de chasse \u00e0 la truffe avec d\u00e9jeuner pr\u00e8s de Florence\"}]},{\"@type\":\"WebSite\",\"@id\":\"https:\/\/tourtravelandmore.com\/fr\/#website\",\"url\":\"https:\/\/tourtravelandmore.com\/fr\/\",\"name\":\"Tour Travel And More\",\"description\":\"Private sightseeing tours and luxury transfers in Spain\",\"publisher\":{\"@id\":\"https:\/\/tourtravelandmore.com\/fr\/#organization\"},\"potentialAction\":[{\"@type\":\"SearchAction\",\"target\":{\"@type\":\"EntryPoint\",\"urlTemplate\":\"https:\/\/tourtravelandmore.com\/fr\/?s={search_term_string}\"},\"query-input\":{\"@type\":\"PropertyValueSpecification\",\"valueRequired\":true,\"valueName\":\"search_term_string\"}}],\"inLanguage\":\"fr-FR\"},{\"@type\":\"Organization\",\"@id\":\"https:\/\/tourtravelandmore.com\/fr\/#organization\",\"name\":\"Tour Travel And More\",\"url\":\"https:\/\/tourtravelandmore.com\/fr\/\",\"logo\":{\"@type\":\"ImageObject\",\"inLanguage\":\"fr-FR\",\"@id\":\"https:\/\/tourtravelandmore.com\/fr\/#\/schema\/logo\/image\/\",\"url\":\"https:\/\/tourtravelandmore.com\/wp-content\/uploads\/2022\/12\/cropped-logo-cabecera-new.png\",\"contentUrl\":\"https:\/\/tourtravelandmore.com\/wp-content\/uploads\/2022\/12\/cropped-logo-cabecera-new.png\",\"width\":430,\"height\":61,\"caption\":\"Tour Travel And More\"},\"image\":{\"@id\":\"https:\/\/tourtravelandmore.com\/fr\/#\/schema\/logo\/image\/\"},\"sameAs\":[\"https:\/\/www.facebook.com\/tourtravelandmore\/\",\"https:\/\/x.com\/TourTravel_More\"]}]}<\/script>\n<!-- \/ Yoast SEO Premium plugin. -->","yoast_head_json":{"title":"\u27a1\ufe0f Exp\u00e9rience priv\u00e9e de chasse \u00e0 la truffe avec d\u00e9jeuner pr\u00e8s de Florence | Tour Travel & More","description":"R\u00e9servez maintenant cette exp\u00e9rience de chasse \u00e0 la truffe priv\u00e9e avec d\u00e9jeuner pr\u00e8s de Florence, ce sera une aventure inimaginable \u2705.","robots":{"index":"index","follow":"follow","max-snippet":"max-snippet:-1","max-image-preview":"max-image-preview:large","max-video-preview":"max-video-preview:-1"},"canonical":"https:\/\/tourtravelandmore.com\/fr\/tours\/italie-fr\/florence-fr\/all-private-tours-activities-fr\/experience-privee-de-chasse-a-la-truffe-avec-dejeuner-pres-de-florence\/","og_locale":"fr_FR","og_type":"article","og_title":"Exp\u00e9rience priv\u00e9e de chasse \u00e0 la truffe avec d\u00e9jeuner pr\u00e8s de Florence","og_description":"R\u00e9servez maintenant cette exp\u00e9rience de chasse \u00e0 la truffe priv\u00e9e avec d\u00e9jeuner pr\u00e8s de Florence, ce sera une aventure inimaginable \u2705.","og_url":"https:\/\/tourtravelandmore.com\/fr\/tours\/italie-fr\/florence-fr\/all-private-tours-activities-fr\/experience-privee-de-chasse-a-la-truffe-avec-dejeuner-pres-de-florence\/","og_site_name":"Tour Travel And More","article_publisher":"https:\/\/www.facebook.com\/tourtravelandmore\/","article_modified_time":"2022-08-25T13:15:56+00:00","og_image":[{"width":900,"height":750,"url":"https:\/\/tourtravelandmore.com\/wp-content\/uploads\/2022\/08\/image1-2.jpg","type":"image\/jpeg"}],"twitter_card":"summary_large_image","twitter_site":"@TourTravel_More","twitter_misc":{"Dur\u00e9e de lecture estim\u00e9e":"1 minute"},"schema":{"@context":"https:\/\/schema.org","@graph":[{"@type":"WebPage","@id":"https:\/\/tourtravelandmore.com\/fr\/tours\/italie-fr\/florence-fr\/all-private-tours-activities-fr\/experience-privee-de-chasse-a-la-truffe-avec-dejeuner-pres-de-florence\/","url":"https:\/\/tourtravelandmore.com\/fr\/tours\/italie-fr\/florence-fr\/all-private-tours-activities-fr\/experience-privee-de-chasse-a-la-truffe-avec-dejeuner-pres-de-florence\/","name":"\u27a1\ufe0f Exp\u00e9rience priv\u00e9e de chasse \u00e0 la truffe avec d\u00e9jeuner pr\u00e8s de Florence | Tour Travel & More","isPartOf":{"@id":"https:\/\/tourtravelandmore.com\/fr\/#website"},"primaryImageOfPage":{"@id":"https:\/\/tourtravelandmore.com\/fr\/tours\/italie-fr\/florence-fr\/all-private-tours-activities-fr\/experience-privee-de-chasse-a-la-truffe-avec-dejeuner-pres-de-florence\/#primaryimage"},"image":{"@id":"https:\/\/tourtravelandmore.com\/fr\/tours\/italie-fr\/florence-fr\/all-private-tours-activities-fr\/experience-privee-de-chasse-a-la-truffe-avec-dejeuner-pres-de-florence\/#primaryimage"},"thumbnailUrl":"https:\/\/tourtravelandmore.com\/wp-content\/uploads\/2022\/08\/image1-2.jpg","datePublished":"2022-08-25T13:04:57+00:00","dateModified":"2022-08-25T13:15:56+00:00","description":"R\u00e9servez maintenant cette exp\u00e9rience de chasse \u00e0 la truffe priv\u00e9e avec d\u00e9jeuner pr\u00e8s de Florence, ce sera une aventure inimaginable \u2705.","breadcrumb":{"@id":"https:\/\/tourtravelandmore.com\/fr\/tours\/italie-fr\/florence-fr\/all-private-tours-activities-fr\/experience-privee-de-chasse-a-la-truffe-avec-dejeuner-pres-de-florence\/#breadcrumb"},"inLanguage":"fr-FR","potentialAction":[{"@type":"ReadAction","target":["https:\/\/tourtravelandmore.com\/fr\/tours\/italie-fr\/florence-fr\/all-private-tours-activities-fr\/experience-privee-de-chasse-a-la-truffe-avec-dejeuner-pres-de-florence\/"]}]},{"@type":"ImageObject","inLanguage":"fr-FR","@id":"https:\/\/tourtravelandmore.com\/fr\/tours\/italie-fr\/florence-fr\/all-private-tours-activities-fr\/experience-privee-de-chasse-a-la-truffe-avec-dejeuner-pres-de-florence\/#primaryimage","url":"https:\/\/tourtravelandmore.com\/wp-content\/uploads\/2022\/08\/image1-2.jpg","contentUrl":"https:\/\/tourtravelandmore.com\/wp-content\/uploads\/2022\/08\/image1-2.jpg","width":900,"height":750},{"@type":"BreadcrumbList","@id":"https:\/\/tourtravelandmore.com\/fr\/tours\/italie-fr\/florence-fr\/all-private-tours-activities-fr\/experience-privee-de-chasse-a-la-truffe-avec-dejeuner-pres-de-florence\/#breadcrumb","itemListElement":[{"@type":"ListItem","position":1,"name":"Home","item":"https:\/\/tourtravelandmore.com\/fr\/"},{"@type":"ListItem","position":2,"name":"Tours","item":"https:\/\/tourtravelandmore.com\/fr\/tours\/"},{"@type":"ListItem","position":3,"name":"Exp\u00e9rience priv\u00e9e de chasse \u00e0 la truffe avec d\u00e9jeuner pr\u00e8s de Florence"}]},{"@type":"WebSite","@id":"https:\/\/tourtravelandmore.com\/fr\/#website","url":"https:\/\/tourtravelandmore.com\/fr\/","name":"Tour Travel And More","description":"Private sightseeing tours and luxury transfers in Spain","publisher":{"@id":"https:\/\/tourtravelandmore.com\/fr\/#organization"},"potentialAction":[{"@type":"SearchAction","target":{"@type":"EntryPoint","urlTemplate":"https:\/\/tourtravelandmore.com\/fr\/?s={search_term_string}"},"query-input":{"@type":"PropertyValueSpecification","valueRequired":true,"valueName":"search_term_string"}}],"inLanguage":"fr-FR"},{"@type":"Organization","@id":"https:\/\/tourtravelandmore.com\/fr\/#organization","name":"Tour Travel And More","url":"https:\/\/tourtravelandmore.com\/fr\/","logo":{"@type":"ImageObject","inLanguage":"fr-FR","@id":"https:\/\/tourtravelandmore.com\/fr\/#\/schema\/logo\/image\/","url":"https:\/\/tourtravelandmore.com\/wp-content\/uploads\/2022\/12\/cropped-logo-cabecera-new.png","contentUrl":"https:\/\/tourtravelandmore.com\/wp-content\/uploads\/2022\/12\/cropped-logo-cabecera-new.png","width":430,"height":61,"caption":"Tour Travel And More"},"image":{"@id":"https:\/\/tourtravelandmore.com\/fr\/#\/schema\/logo\/image\/"},"sameAs":["https:\/\/www.facebook.com\/tourtravelandmore\/","https:\/\/x.com\/TourTravel_More"]}]}},"_links":{"self":[{"href":"https:\/\/tourtravelandmore.com\/fr\/wp-json\/wp\/v2\/product\/135437","targetHints":{"allow":["GET"]}}],"collection":[{"href":"https:\/\/tourtravelandmore.com\/fr\/wp-json\/wp\/v2\/product"}],"about":[{"href":"https:\/\/tourtravelandmore.com\/fr\/wp-json\/wp\/v2\/types\/product"}],"replies":[{"embeddable":true,"href":"https:\/\/tourtravelandmore.com\/fr\/wp-json\/wp\/v2\/comments?post=135437"}],"wp:featuredmedia":[{"embeddable":true,"href":"https:\/\/tourtravelandmore.com\/fr\/wp-json\/wp\/v2\/media\/135450"}],"wp:attachment":[{"href":"https:\/\/tourtravelandmore.com\/fr\/wp-json\/wp\/v2\/media?parent=135437"}],"wp:term":[{"taxonomy":"product_brand","embeddable":true,"href":"https:\/\/tourtravelandmore.com\/fr\/wp-json\/wp\/v2\/product_brand?post=135437"},{"taxonomy":"product_cat","embeddable":true,"href":"https:\/\/tourtravelandmore.com\/fr\/wp-json\/wp\/v2\/product_cat?post=135437"},{"taxonomy":"product_tag","embeddable":true,"href":"https:\/\/tourtravelandmore.com\/fr\/wp-json\/wp\/v2\/product_tag?post=135437"}],"curies":[{"name":"wp","href":"https:\/\/api.w.org\/{rel}","templated":true}]}}