{"id":135407,"date":"2022-08-25T14:43:49","date_gmt":"2022-08-25T12:43:58","guid":{"rendered":"https:\/\/tourtravelandmore.com\/?post_type=product&#038;p=135407"},"modified":"2022-08-25T14:58:34","modified_gmt":"2022-08-25T12:58:34","slug":"excursion-privee-a-san-gimignano-sienne-et-chianti","status":"publish","type":"product","link":"https:\/\/tourtravelandmore.com\/fr\/tours\/italie-fr\/florence-fr\/all-private-tours-activities-fr\/excursion-privee-a-san-gimignano-sienne-et-chianti\/","title":{"rendered":"Excursion priv\u00e9e \u00e0 San Gimignano, Sienne et Chianti"},"content":{"rendered":"<h2><b>Description de l&#8217;excursion priv\u00e9e \u00e0 San Gimignano, Siena et Chianti<\/b><\/h2>\n<p><span style=\"font-weight: 400;\">Les visites priv\u00e9es sont le meilleur moyen d&#8217;explorer une ville ou une r\u00e9gion. Ils vous font vivre une exp\u00e9rience totalement adapt\u00e9e \u00e0 vos besoins et \u00e0 vos envies.<\/span><\/p>\n<p><span style=\"font-weight: 400;\">Dans cette exp\u00e9rience, vous et vos compagnons pourrez profiter de ces magnifiques villages m\u00e9di\u00e9vaux, ce sera une aventure incomparable.<\/span><\/p>\n<p><span style=\"font-weight: 400;\">La visite priv\u00e9e commencera par la rencontre avec votre chauffeur et votre v\u00e9hicule priv\u00e9 \u00e0 votre h\u00e9bergement ou au point de votre choix \u00e0 Florence. Nous avons con\u00e7u ce circuit priv\u00e9 pour vous donner l&#8217;occasion d&#8217;explorer certaines des r\u00e9gions les plus belles et les plus riches culturellement de la Toscane.<\/span><\/p>\n<h2><b>Pintos dei nteress sur l&#8217;excursion priv\u00e9e \u00e0 San Gimignano, Sienne et Chianti<\/b><\/h2>\n<p><span style=\"font-weight: 400;\">La premi\u00e8re \u00e9tape de notre voyage est San Gimignano, connue pour ses tours m\u00e9di\u00e9vales et sa cath\u00e9drale de style roman. Nous nous dirigerons ensuite vers Sienne, l&#8217;une des villes les plus fascinantes d&#8217;Italie, qui abrite de nombreux monuments, dont le Duomo.<\/span><\/p>\n<p><span style=\"font-weight: 400;\">Ensuite, nous visiterons le Chianti, une r\u00e9gion c\u00e9l\u00e8bre pour sa production de vin et ses paysages \u00e0 couper le souffle. Nous vous d\u00e9crivons ci-dessous un peu plus en d\u00e9tail ces sites et pourquoi ils sont incontournables si vous visitez Florence :<\/span><\/p>\n<p>&nbsp;<\/p>\n<h3><b>San Gimignano<\/b><\/h3>\n<p><span style=\"font-weight: 400;\">San Gimignano est une petite ville m\u00e9di\u00e9vale de la province de Sienne, en Toscane, en Italie. Elle est c\u00e9l\u00e8bre pour son centre historique \u00e0 l&#8217;architecture du XIIIe si\u00e8cle. Le nom vient de San Geminianus. Il est situ\u00e9 au sommet d&#8217;une colline, dont le point culminant se trouve \u00e0 229 m\u00e8tres (751 ft) au-dessus du niveau de la mer. La ville est connue pour son centre m\u00e9di\u00e9val intact et ses murs du 13e si\u00e8cle. \u00c0 l&#8217;origine, il s&#8217;agissait d&#8217;un ch\u00e2teau fortifi\u00e9, mais au fil des si\u00e8cles, il s&#8217;est transform\u00e9 en une petite ville. La forteresse d&#8217;origine a \u00e9t\u00e9 d\u00e9truite par un tremblement de terre en 1222, mais la ville a conserv\u00e9 une grande partie de son caract\u00e8re m\u00e9di\u00e9val.<\/span><\/p>\n<h3><b>Siena<\/b><\/h3>\n<p><span style=\"font-weight: 400;\">Sienne est une belle ville entour\u00e9e de collines. Elle a une longue histoire et vous pouvez le sentir dans les rues. Vous pouvez voir l&#8217;influence de l&#8217;Empire romain, du Moyen \u00c2ge et de la Renaissance. Le m\u00e9lange unique de diff\u00e9rentes cultures a laiss\u00e9 son empreinte sur cet endroit.<\/span><\/p>\n<p><span style=\"font-weight: 400;\">Vous ne regretterez pas votre visite \u00e0 Sienne !<\/span><\/p>\n<h3><b>Chianti<\/b><\/h3>\n<p><span style=\"font-weight: 400;\">Chianti est une ville de Toscane, en Italie. Elle est situ\u00e9e dans les collines du sud de la Toscane, entre Florence et Sienne.<\/span><\/p>\n<p><span style=\"font-weight: 400;\">La r\u00e9gion est c\u00e9l\u00e8bre pour son vin depuis le Moyen \u00c2ge et est associ\u00e9e \u00e0 un style de vin particulier depuis la Renaissance. Le vin est produit dans une r\u00e9gion qui s&#8217;\u00e9tend des pentes du Monte Amiata au sud jusqu&#8217;aux collines autour d&#8217;Arezzo en Toscane centrale.<\/span><\/p>\n<p><span style=\"font-weight: 400;\">\u00c0 la fin de cette visite priv\u00e9e de 12 heures, votre chauffeur vous ram\u00e8nera \u00e0 votre point de ramassage \u00e0 Florence afin que vous puissiez continuer \u00e0 d\u00e9couvrir cette destination par vous-m\u00eame.<\/span><\/p>\n<p><span style=\"font-weight: 400;\">Si vous le souhaitez, nous pouvons \u00e9galement vous proposer une foule d<\/span><a href=\"https:\/\/tourtravelandmore.com\/fr\/city\/italie-fr\/florence-fr\/\"><span style=\"font-weight: 400;\">&#8216;exp\u00e9riences inoubliables \u00e0 Florence<\/span><\/a> <span style=\"font-weight: 400;\">pour tirer le meilleur parti de votre visite.<\/span><\/p>\n","protected":false},"excerpt":{"rendered":"<p><span style=\"font-weight: 400;\">Ce circuit est parfait pour ceux qui veulent d\u00e9couvrir la Toscane, l&#8217;une des plus belles r\u00e9gions d&#8217;Italie. Il comprend la visite de trois des villages toscans les plus embl\u00e9matiques : San Gimignano, Sienne et Chianti.<\/span><\/p>\n","protected":false},"featured_media":135420,"comment_status":"open","ping_status":"closed","template":"","meta":{"_acf_changed":false},"product_brand":[],"product_cat":[3697,3702,3704,3703],"product_tag":[],"class_list":{"0":"post-135407","1":"product","2":"type-product","3":"status-publish","4":"has-post-thumbnail","6":"product_cat-florence-fr","7":"product_cat-all-private-tours-activities-fr","8":"product_cat-private-sightseeing-tours-fr","9":"product_cat-private-day-trips","11":"first","12":"instock","13":"shipping-taxable","14":"purchasable","15":"product-type-simple"},"acf":[],"yoast_head":"<!-- This site is optimized with the Yoast SEO Premium plugin v25.3.1 (Yoast SEO v25.3.1) - https:\/\/yoast.com\/wordpress\/plugins\/seo\/ -->\n<title>\u27a1\ufe0f Visite priv\u00e9e de San Gimignano, Sienne et Chianti | Tour Travel &amp; More<\/title>\n<meta name=\"description\" content=\"R\u00e9servez d\u00e8s maintenant cette visite priv\u00e9e \u00e0 San Gimignano, Sienne et Chianti, ce sera une exp\u00e9rience totalement priv\u00e9e et luxueuse \u2705.\" \/>\n<meta name=\"robots\" content=\"index, follow, max-snippet:-1, max-image-preview:large, max-video-preview:-1\" \/>\n<link rel=\"canonical\" href=\"https:\/\/tourtravelandmore.com\/fr\/tours\/italie-fr\/florence-fr\/all-private-tours-activities-fr\/excursion-privee-a-san-gimignano-sienne-et-chianti\/\" \/>\n<meta property=\"og:locale\" content=\"fr_FR\" \/>\n<meta property=\"og:type\" content=\"article\" \/>\n<meta property=\"og:title\" content=\"Excursion priv\u00e9e \u00e0 San Gimignano, Sienne et Chianti\" \/>\n<meta property=\"og:description\" content=\"R\u00e9servez d\u00e8s maintenant cette visite priv\u00e9e \u00e0 San Gimignano, Sienne et Chianti, ce sera une exp\u00e9rience totalement priv\u00e9e et luxueuse \u2705.\" \/>\n<meta property=\"og:url\" content=\"https:\/\/tourtravelandmore.com\/fr\/tours\/italie-fr\/florence-fr\/all-private-tours-activities-fr\/excursion-privee-a-san-gimignano-sienne-et-chianti\/\" \/>\n<meta property=\"og:site_name\" content=\"Tour Travel And More\" \/>\n<meta property=\"article:publisher\" content=\"https:\/\/www.facebook.com\/tourtravelandmore\/\" \/>\n<meta property=\"article:modified_time\" content=\"2022-08-25T12:58:34+00:00\" \/>\n<meta property=\"og:image\" content=\"https:\/\/tourtravelandmore.com\/wp-content\/uploads\/2022\/08\/image2-1.jpg\" \/>\n\t<meta property=\"og:image:width\" content=\"900\" \/>\n\t<meta property=\"og:image:height\" content=\"750\" \/>\n\t<meta property=\"og:image:type\" content=\"image\/jpeg\" \/>\n<meta name=\"twitter:card\" content=\"summary_large_image\" \/>\n<meta name=\"twitter:site\" content=\"@TourTravel_More\" \/>\n<meta name=\"twitter:label1\" content=\"Dur\u00e9e de lecture estim\u00e9e\" \/>\n\t<meta name=\"twitter:data1\" content=\"3 minutes\" \/>\n<script type=\"application\/ld+json\" class=\"yoast-schema-graph\">{\"@context\":\"https:\/\/schema.org\",\"@graph\":[{\"@type\":\"WebPage\",\"@id\":\"https:\/\/tourtravelandmore.com\/fr\/tours\/italie-fr\/florence-fr\/all-private-tours-activities-fr\/excursion-privee-a-san-gimignano-sienne-et-chianti\/\",\"url\":\"https:\/\/tourtravelandmore.com\/fr\/tours\/italie-fr\/florence-fr\/all-private-tours-activities-fr\/excursion-privee-a-san-gimignano-sienne-et-chianti\/\",\"name\":\"\u27a1\ufe0f Visite priv\u00e9e de San Gimignano, Sienne et Chianti | Tour Travel & More\",\"isPartOf\":{\"@id\":\"https:\/\/tourtravelandmore.com\/fr\/#website\"},\"primaryImageOfPage\":{\"@id\":\"https:\/\/tourtravelandmore.com\/fr\/tours\/italie-fr\/florence-fr\/all-private-tours-activities-fr\/excursion-privee-a-san-gimignano-sienne-et-chianti\/#primaryimage\"},\"image\":{\"@id\":\"https:\/\/tourtravelandmore.com\/fr\/tours\/italie-fr\/florence-fr\/all-private-tours-activities-fr\/excursion-privee-a-san-gimignano-sienne-et-chianti\/#primaryimage\"},\"thumbnailUrl\":\"https:\/\/tourtravelandmore.com\/wp-content\/uploads\/2022\/08\/image2-1.jpg\",\"datePublished\":\"2022-08-25T12:43:58+00:00\",\"dateModified\":\"2022-08-25T12:58:34+00:00\",\"description\":\"R\u00e9servez d\u00e8s maintenant cette visite priv\u00e9e \u00e0 San Gimignano, Sienne et Chianti, ce sera une exp\u00e9rience totalement priv\u00e9e et luxueuse \u2705.\",\"breadcrumb\":{\"@id\":\"https:\/\/tourtravelandmore.com\/fr\/tours\/italie-fr\/florence-fr\/all-private-tours-activities-fr\/excursion-privee-a-san-gimignano-sienne-et-chianti\/#breadcrumb\"},\"inLanguage\":\"fr-FR\",\"potentialAction\":[{\"@type\":\"ReadAction\",\"target\":[\"https:\/\/tourtravelandmore.com\/fr\/tours\/italie-fr\/florence-fr\/all-private-tours-activities-fr\/excursion-privee-a-san-gimignano-sienne-et-chianti\/\"]}]},{\"@type\":\"ImageObject\",\"inLanguage\":\"fr-FR\",\"@id\":\"https:\/\/tourtravelandmore.com\/fr\/tours\/italie-fr\/florence-fr\/all-private-tours-activities-fr\/excursion-privee-a-san-gimignano-sienne-et-chianti\/#primaryimage\",\"url\":\"https:\/\/tourtravelandmore.com\/wp-content\/uploads\/2022\/08\/image2-1.jpg\",\"contentUrl\":\"https:\/\/tourtravelandmore.com\/wp-content\/uploads\/2022\/08\/image2-1.jpg\",\"width\":900,\"height\":750},{\"@type\":\"BreadcrumbList\",\"@id\":\"https:\/\/tourtravelandmore.com\/fr\/tours\/italie-fr\/florence-fr\/all-private-tours-activities-fr\/excursion-privee-a-san-gimignano-sienne-et-chianti\/#breadcrumb\",\"itemListElement\":[{\"@type\":\"ListItem\",\"position\":1,\"name\":\"Home\",\"item\":\"https:\/\/tourtravelandmore.com\/fr\/\"},{\"@type\":\"ListItem\",\"position\":2,\"name\":\"Tours\",\"item\":\"https:\/\/tourtravelandmore.com\/fr\/tours\/\"},{\"@type\":\"ListItem\",\"position\":3,\"name\":\"Excursion priv\u00e9e \u00e0 San Gimignano, Sienne et Chianti\"}]},{\"@type\":\"WebSite\",\"@id\":\"https:\/\/tourtravelandmore.com\/fr\/#website\",\"url\":\"https:\/\/tourtravelandmore.com\/fr\/\",\"name\":\"Tour Travel And More\",\"description\":\"Private sightseeing tours and luxury transfers in Spain\",\"publisher\":{\"@id\":\"https:\/\/tourtravelandmore.com\/fr\/#organization\"},\"potentialAction\":[{\"@type\":\"SearchAction\",\"target\":{\"@type\":\"EntryPoint\",\"urlTemplate\":\"https:\/\/tourtravelandmore.com\/fr\/?s={search_term_string}\"},\"query-input\":{\"@type\":\"PropertyValueSpecification\",\"valueRequired\":true,\"valueName\":\"search_term_string\"}}],\"inLanguage\":\"fr-FR\"},{\"@type\":\"Organization\",\"@id\":\"https:\/\/tourtravelandmore.com\/fr\/#organization\",\"name\":\"Tour Travel And More\",\"url\":\"https:\/\/tourtravelandmore.com\/fr\/\",\"logo\":{\"@type\":\"ImageObject\",\"inLanguage\":\"fr-FR\",\"@id\":\"https:\/\/tourtravelandmore.com\/fr\/#\/schema\/logo\/image\/\",\"url\":\"https:\/\/tourtravelandmore.com\/wp-content\/uploads\/2022\/12\/cropped-logo-cabecera-new.png\",\"contentUrl\":\"https:\/\/tourtravelandmore.com\/wp-content\/uploads\/2022\/12\/cropped-logo-cabecera-new.png\",\"width\":430,\"height\":61,\"caption\":\"Tour Travel And More\"},\"image\":{\"@id\":\"https:\/\/tourtravelandmore.com\/fr\/#\/schema\/logo\/image\/\"},\"sameAs\":[\"https:\/\/www.facebook.com\/tourtravelandmore\/\",\"https:\/\/x.com\/TourTravel_More\"]}]}<\/script>\n<!-- \/ Yoast SEO Premium plugin. -->","yoast_head_json":{"title":"\u27a1\ufe0f Visite priv\u00e9e de San Gimignano, Sienne et Chianti | Tour Travel & More","description":"R\u00e9servez d\u00e8s maintenant cette visite priv\u00e9e \u00e0 San Gimignano, Sienne et Chianti, ce sera une exp\u00e9rience totalement priv\u00e9e et luxueuse \u2705.","robots":{"index":"index","follow":"follow","max-snippet":"max-snippet:-1","max-image-preview":"max-image-preview:large","max-video-preview":"max-video-preview:-1"},"canonical":"https:\/\/tourtravelandmore.com\/fr\/tours\/italie-fr\/florence-fr\/all-private-tours-activities-fr\/excursion-privee-a-san-gimignano-sienne-et-chianti\/","og_locale":"fr_FR","og_type":"article","og_title":"Excursion priv\u00e9e \u00e0 San Gimignano, Sienne et Chianti","og_description":"R\u00e9servez d\u00e8s maintenant cette visite priv\u00e9e \u00e0 San Gimignano, Sienne et Chianti, ce sera une exp\u00e9rience totalement priv\u00e9e et luxueuse \u2705.","og_url":"https:\/\/tourtravelandmore.com\/fr\/tours\/italie-fr\/florence-fr\/all-private-tours-activities-fr\/excursion-privee-a-san-gimignano-sienne-et-chianti\/","og_site_name":"Tour Travel And More","article_publisher":"https:\/\/www.facebook.com\/tourtravelandmore\/","article_modified_time":"2022-08-25T12:58:34+00:00","og_image":[{"width":900,"height":750,"url":"https:\/\/tourtravelandmore.com\/wp-content\/uploads\/2022\/08\/image2-1.jpg","type":"image\/jpeg"}],"twitter_card":"summary_large_image","twitter_site":"@TourTravel_More","twitter_misc":{"Dur\u00e9e de lecture estim\u00e9e":"3 minutes"},"schema":{"@context":"https:\/\/schema.org","@graph":[{"@type":"WebPage","@id":"https:\/\/tourtravelandmore.com\/fr\/tours\/italie-fr\/florence-fr\/all-private-tours-activities-fr\/excursion-privee-a-san-gimignano-sienne-et-chianti\/","url":"https:\/\/tourtravelandmore.com\/fr\/tours\/italie-fr\/florence-fr\/all-private-tours-activities-fr\/excursion-privee-a-san-gimignano-sienne-et-chianti\/","name":"\u27a1\ufe0f Visite priv\u00e9e de San Gimignano, Sienne et Chianti | Tour Travel & More","isPartOf":{"@id":"https:\/\/tourtravelandmore.com\/fr\/#website"},"primaryImageOfPage":{"@id":"https:\/\/tourtravelandmore.com\/fr\/tours\/italie-fr\/florence-fr\/all-private-tours-activities-fr\/excursion-privee-a-san-gimignano-sienne-et-chianti\/#primaryimage"},"image":{"@id":"https:\/\/tourtravelandmore.com\/fr\/tours\/italie-fr\/florence-fr\/all-private-tours-activities-fr\/excursion-privee-a-san-gimignano-sienne-et-chianti\/#primaryimage"},"thumbnailUrl":"https:\/\/tourtravelandmore.com\/wp-content\/uploads\/2022\/08\/image2-1.jpg","datePublished":"2022-08-25T12:43:58+00:00","dateModified":"2022-08-25T12:58:34+00:00","description":"R\u00e9servez d\u00e8s maintenant cette visite priv\u00e9e \u00e0 San Gimignano, Sienne et Chianti, ce sera une exp\u00e9rience totalement priv\u00e9e et luxueuse \u2705.","breadcrumb":{"@id":"https:\/\/tourtravelandmore.com\/fr\/tours\/italie-fr\/florence-fr\/all-private-tours-activities-fr\/excursion-privee-a-san-gimignano-sienne-et-chianti\/#breadcrumb"},"inLanguage":"fr-FR","potentialAction":[{"@type":"ReadAction","target":["https:\/\/tourtravelandmore.com\/fr\/tours\/italie-fr\/florence-fr\/all-private-tours-activities-fr\/excursion-privee-a-san-gimignano-sienne-et-chianti\/"]}]},{"@type":"ImageObject","inLanguage":"fr-FR","@id":"https:\/\/tourtravelandmore.com\/fr\/tours\/italie-fr\/florence-fr\/all-private-tours-activities-fr\/excursion-privee-a-san-gimignano-sienne-et-chianti\/#primaryimage","url":"https:\/\/tourtravelandmore.com\/wp-content\/uploads\/2022\/08\/image2-1.jpg","contentUrl":"https:\/\/tourtravelandmore.com\/wp-content\/uploads\/2022\/08\/image2-1.jpg","width":900,"height":750},{"@type":"BreadcrumbList","@id":"https:\/\/tourtravelandmore.com\/fr\/tours\/italie-fr\/florence-fr\/all-private-tours-activities-fr\/excursion-privee-a-san-gimignano-sienne-et-chianti\/#breadcrumb","itemListElement":[{"@type":"ListItem","position":1,"name":"Home","item":"https:\/\/tourtravelandmore.com\/fr\/"},{"@type":"ListItem","position":2,"name":"Tours","item":"https:\/\/tourtravelandmore.com\/fr\/tours\/"},{"@type":"ListItem","position":3,"name":"Excursion priv\u00e9e \u00e0 San Gimignano, Sienne et Chianti"}]},{"@type":"WebSite","@id":"https:\/\/tourtravelandmore.com\/fr\/#website","url":"https:\/\/tourtravelandmore.com\/fr\/","name":"Tour Travel And More","description":"Private sightseeing tours and luxury transfers in Spain","publisher":{"@id":"https:\/\/tourtravelandmore.com\/fr\/#organization"},"potentialAction":[{"@type":"SearchAction","target":{"@type":"EntryPoint","urlTemplate":"https:\/\/tourtravelandmore.com\/fr\/?s={search_term_string}"},"query-input":{"@type":"PropertyValueSpecification","valueRequired":true,"valueName":"search_term_string"}}],"inLanguage":"fr-FR"},{"@type":"Organization","@id":"https:\/\/tourtravelandmore.com\/fr\/#organization","name":"Tour Travel And More","url":"https:\/\/tourtravelandmore.com\/fr\/","logo":{"@type":"ImageObject","inLanguage":"fr-FR","@id":"https:\/\/tourtravelandmore.com\/fr\/#\/schema\/logo\/image\/","url":"https:\/\/tourtravelandmore.com\/wp-content\/uploads\/2022\/12\/cropped-logo-cabecera-new.png","contentUrl":"https:\/\/tourtravelandmore.com\/wp-content\/uploads\/2022\/12\/cropped-logo-cabecera-new.png","width":430,"height":61,"caption":"Tour Travel And More"},"image":{"@id":"https:\/\/tourtravelandmore.com\/fr\/#\/schema\/logo\/image\/"},"sameAs":["https:\/\/www.facebook.com\/tourtravelandmore\/","https:\/\/x.com\/TourTravel_More"]}]}},"_links":{"self":[{"href":"https:\/\/tourtravelandmore.com\/fr\/wp-json\/wp\/v2\/product\/135407","targetHints":{"allow":["GET"]}}],"collection":[{"href":"https:\/\/tourtravelandmore.com\/fr\/wp-json\/wp\/v2\/product"}],"about":[{"href":"https:\/\/tourtravelandmore.com\/fr\/wp-json\/wp\/v2\/types\/product"}],"replies":[{"embeddable":true,"href":"https:\/\/tourtravelandmore.com\/fr\/wp-json\/wp\/v2\/comments?post=135407"}],"wp:featuredmedia":[{"embeddable":true,"href":"https:\/\/tourtravelandmore.com\/fr\/wp-json\/wp\/v2\/media\/135420"}],"wp:attachment":[{"href":"https:\/\/tourtravelandmore.com\/fr\/wp-json\/wp\/v2\/media?parent=135407"}],"wp:term":[{"taxonomy":"product_brand","embeddable":true,"href":"https:\/\/tourtravelandmore.com\/fr\/wp-json\/wp\/v2\/product_brand?post=135407"},{"taxonomy":"product_cat","embeddable":true,"href":"https:\/\/tourtravelandmore.com\/fr\/wp-json\/wp\/v2\/product_cat?post=135407"},{"taxonomy":"product_tag","embeddable":true,"href":"https:\/\/tourtravelandmore.com\/fr\/wp-json\/wp\/v2\/product_tag?post=135407"}],"curies":[{"name":"wp","href":"https:\/\/api.w.org\/{rel}","templated":true}]}}