{"id":135295,"date":"2022-08-24T13:35:21","date_gmt":"2022-08-24T11:35:30","guid":{"rendered":"https:\/\/tourtravelandmore.com\/?post_type=product&#038;p=135295"},"modified":"2022-08-25T15:00:30","modified_gmt":"2022-08-25T13:00:30","slug":"excursion-privee-a-pise-san-gimignano-et-sienne","status":"publish","type":"product","link":"https:\/\/tourtravelandmore.com\/fr\/tours\/italie-fr\/florence-fr\/all-private-tours-activities-fr\/excursion-privee-a-pise-san-gimignano-et-sienne\/","title":{"rendered":"Excursion priv\u00e9e \u00e0 Pise, San Gimignano et Sienne."},"content":{"rendered":"<h2><b>Description de l&#8217;excursion priv\u00e9e \u00e0 Pise, San Gimignano et Sienne.<\/b><\/h2>\n<p><span style=\"font-weight: 400;\">Une visite priv\u00e9e de 12 heures est un excellent moyen d&#8217;explorer la campagne toscane, car vous aurez l&#8217;occasion de visiter certains de ses plus beaux villages.<\/span><\/p>\n<p><span style=\"font-weight: 400;\">Pour commencer cette journ\u00e9e, vous et vos compagnons retrouverez votre chauffeur et votre v\u00e9hicule priv\u00e9 \u00e0 votre lieu d&#8217;h\u00e9bergement ou au point de choix \u00e0 Florence.<\/span><\/p>\n<p><span style=\"font-weight: 400;\">La premi\u00e8re \u00e9tape est Pise pour une visite guid\u00e9e de la Tour pench\u00e9e et de la cath\u00e9drale de Pise. Ensuite, nous nous dirigeons vers le sud vers San Gimignano pour une visite guid\u00e9e \u00e0 pied de cette ville m\u00e9di\u00e9vale avec son magnifique centre historique et enfin nous visitons Sienne.<\/span><\/p>\n<p><span style=\"font-weight: 400;\">Cette visite priv\u00e9e est enti\u00e8rement personnalisable, si vous avez besoin de plus de temps, de frais d&#8217;entr\u00e9e ou si vous voulez voir plus de sites, faites-le nous savoir.<\/span><\/p>\n<h2><b>Points forts de l&#8217;excursion priv\u00e9e \u00e0 Pise, San Gimignano et Sienne<\/b><\/h2>\n<p><span style=\"font-weight: 400;\">Les points forts de l&#8217;excursion priv\u00e9e \u00e0 Pise, San Gimignano et Sienne comprennent la cath\u00e9drale de Pise, le Duomo di Siena et le Palazzo Pubblico. Ce sont toutes des merveilles architecturales que vous devez voir si vous visitez ces villes ou si vous s\u00e9journez \u00e0 Florence, car elles sont faciles d&#8217;acc\u00e8s. N&#8217;oubliez pas que vous pouvez voir les trois villes en une journ\u00e9e sans avoir \u00e0 vous soucier des transports ou des longues files d&#8217;attente pour les billets.<\/span><\/p>\n<h3><b>Pise<\/b><\/h3>\n<p><span style=\"font-weight: 400;\">La tour pench\u00e9e de Pise est l&#8217;un des monuments les plus c\u00e9l\u00e8bres d&#8217;Italie et du monde. Il est inscrit au patrimoine mondial de l&#8217;UNESCO et a \u00e9t\u00e9 construit sur une p\u00e9riode de plus de deux si\u00e8cles.<\/span><\/p>\n<h3><b>San Gimignano<\/b><\/h3>\n<p><span style=\"font-weight: 400;\">San Gimignano est une ville ancienne qui a \u00e9t\u00e9 fond\u00e9e au 12e si\u00e8cle. Elle poss\u00e8de une architecture m\u00e9di\u00e9vale italienne avec des rues \u00e9troites et des tours.<\/span><\/p>\n<h3><b>Siena<\/b><\/h3>\n<p><span style=\"font-weight: 400;\">Sienne est l&#8217;une des plus belles villes m\u00e9di\u00e9vales d&#8217;Italie, qui a \u00e9t\u00e9 class\u00e9e au patrimoine mondial de l&#8217;UNESCO.<\/span><\/p>\n<p><span style=\"font-weight: 400;\">\u00c0 la fin de l&#8217;exclusion priv\u00e9e, nous vous ram\u00e8nerons avec votre chauffeur et votre v\u00e9hicule priv\u00e9 \u00e0 votre point de rendez-vous \u00e0 Florence pour que vous puissiez continuer \u00e0 d\u00e9couvrir cette belle ville par vous-m\u00eame.<\/span><\/p>\n<p><span style=\"font-weight: 400;\">Si vous le souhaitez, vous pouvez \u00e9galement r\u00e9server l&#8217;une de nos autres <\/span><a href=\"https:\/\/tourtravelandmore.com\/fr\/city\/italie-fr\/florence-fr\/\"><span style=\"font-weight: 400;\">visites priv\u00e9es \u00e0 Florence<\/span><\/a> <span style=\"font-weight: 400;\">et d\u00e9couvrir d&#8217;autres lieux magiques pendant votre voyage ou votre s\u00e9jour.<\/span><\/p>\n","protected":false},"excerpt":{"rendered":"<p><span style=\"font-weight: 400;\">Cette visite priv\u00e9e de 12 heures vous emm\u00e8nera de Florence \u00e0 Pise, San Gimignano et Sienne. Laissez-vous guider par un expert local qui vous fera d\u00e9couvrir tous les joyaux cach\u00e9s de ces trois villes historiques.<\/span><\/p>\n","protected":false},"featured_media":135314,"comment_status":"open","ping_status":"closed","template":"","meta":{"_acf_changed":false},"product_brand":[],"product_cat":[3697,3702,3704,3703],"product_tag":[],"class_list":{"0":"post-135295","1":"product","2":"type-product","3":"status-publish","4":"has-post-thumbnail","6":"product_cat-florence-fr","7":"product_cat-all-private-tours-activities-fr","8":"product_cat-private-sightseeing-tours-fr","9":"product_cat-private-day-trips","11":"first","12":"instock","13":"shipping-taxable","14":"purchasable","15":"product-type-simple"},"acf":[],"yoast_head":"<!-- This site is optimized with the Yoast SEO Premium plugin v25.3.1 (Yoast SEO v25.3.1) - https:\/\/yoast.com\/wordpress\/plugins\/seo\/ -->\n<title>\u27a1\ufe0f Visite priv\u00e9e de Pise, San Gimignano et Sienne | Tour Travel &amp; More<\/title>\n<meta name=\"description\" content=\"R\u00e9servez maintenant cette visite priv\u00e9e in\u00e9gal\u00e9e \u00e0 Pise, San Gimignano et Sienne, ce sera une exp\u00e9rience inoubliable \u2705.\" \/>\n<meta name=\"robots\" content=\"index, follow, max-snippet:-1, max-image-preview:large, max-video-preview:-1\" \/>\n<link rel=\"canonical\" href=\"https:\/\/tourtravelandmore.com\/fr\/tours\/italie-fr\/florence-fr\/all-private-tours-activities-fr\/excursion-privee-a-pise-san-gimignano-et-sienne\/\" \/>\n<meta property=\"og:locale\" content=\"fr_FR\" \/>\n<meta property=\"og:type\" content=\"article\" \/>\n<meta property=\"og:title\" content=\"Excursion priv\u00e9e \u00e0 Pise, San Gimignano et Sienne.\" \/>\n<meta property=\"og:description\" content=\"R\u00e9servez maintenant cette visite priv\u00e9e in\u00e9gal\u00e9e \u00e0 Pise, San Gimignano et Sienne, ce sera une exp\u00e9rience inoubliable \u2705.\" \/>\n<meta property=\"og:url\" content=\"https:\/\/tourtravelandmore.com\/fr\/tours\/italie-fr\/florence-fr\/all-private-tours-activities-fr\/excursion-privee-a-pise-san-gimignano-et-sienne\/\" \/>\n<meta property=\"og:site_name\" content=\"Tour Travel And More\" \/>\n<meta property=\"article:publisher\" content=\"https:\/\/www.facebook.com\/tourtravelandmore\/\" \/>\n<meta property=\"article:modified_time\" content=\"2022-08-25T13:00:30+00:00\" \/>\n<meta property=\"og:image\" content=\"https:\/\/tourtravelandmore.com\/wp-content\/uploads\/2022\/08\/image4.jpg\" \/>\n\t<meta property=\"og:image:width\" content=\"900\" \/>\n\t<meta property=\"og:image:height\" content=\"750\" \/>\n\t<meta property=\"og:image:type\" content=\"image\/jpeg\" \/>\n<meta name=\"twitter:card\" content=\"summary_large_image\" \/>\n<meta name=\"twitter:site\" content=\"@TourTravel_More\" \/>\n<meta name=\"twitter:label1\" content=\"Dur\u00e9e de lecture estim\u00e9e\" \/>\n\t<meta name=\"twitter:data1\" content=\"2 minutes\" \/>\n<script type=\"application\/ld+json\" class=\"yoast-schema-graph\">{\"@context\":\"https:\/\/schema.org\",\"@graph\":[{\"@type\":\"WebPage\",\"@id\":\"https:\/\/tourtravelandmore.com\/fr\/tours\/italie-fr\/florence-fr\/all-private-tours-activities-fr\/excursion-privee-a-pise-san-gimignano-et-sienne\/\",\"url\":\"https:\/\/tourtravelandmore.com\/fr\/tours\/italie-fr\/florence-fr\/all-private-tours-activities-fr\/excursion-privee-a-pise-san-gimignano-et-sienne\/\",\"name\":\"\u27a1\ufe0f Visite priv\u00e9e de Pise, San Gimignano et Sienne | Tour Travel & More\",\"isPartOf\":{\"@id\":\"https:\/\/tourtravelandmore.com\/fr\/#website\"},\"primaryImageOfPage\":{\"@id\":\"https:\/\/tourtravelandmore.com\/fr\/tours\/italie-fr\/florence-fr\/all-private-tours-activities-fr\/excursion-privee-a-pise-san-gimignano-et-sienne\/#primaryimage\"},\"image\":{\"@id\":\"https:\/\/tourtravelandmore.com\/fr\/tours\/italie-fr\/florence-fr\/all-private-tours-activities-fr\/excursion-privee-a-pise-san-gimignano-et-sienne\/#primaryimage\"},\"thumbnailUrl\":\"https:\/\/tourtravelandmore.com\/wp-content\/uploads\/2022\/08\/image4.jpg\",\"datePublished\":\"2022-08-24T11:35:30+00:00\",\"dateModified\":\"2022-08-25T13:00:30+00:00\",\"description\":\"R\u00e9servez maintenant cette visite priv\u00e9e in\u00e9gal\u00e9e \u00e0 Pise, San Gimignano et Sienne, ce sera une exp\u00e9rience inoubliable \u2705.\",\"breadcrumb\":{\"@id\":\"https:\/\/tourtravelandmore.com\/fr\/tours\/italie-fr\/florence-fr\/all-private-tours-activities-fr\/excursion-privee-a-pise-san-gimignano-et-sienne\/#breadcrumb\"},\"inLanguage\":\"fr-FR\",\"potentialAction\":[{\"@type\":\"ReadAction\",\"target\":[\"https:\/\/tourtravelandmore.com\/fr\/tours\/italie-fr\/florence-fr\/all-private-tours-activities-fr\/excursion-privee-a-pise-san-gimignano-et-sienne\/\"]}]},{\"@type\":\"ImageObject\",\"inLanguage\":\"fr-FR\",\"@id\":\"https:\/\/tourtravelandmore.com\/fr\/tours\/italie-fr\/florence-fr\/all-private-tours-activities-fr\/excursion-privee-a-pise-san-gimignano-et-sienne\/#primaryimage\",\"url\":\"https:\/\/tourtravelandmore.com\/wp-content\/uploads\/2022\/08\/image4.jpg\",\"contentUrl\":\"https:\/\/tourtravelandmore.com\/wp-content\/uploads\/2022\/08\/image4.jpg\",\"width\":900,\"height\":750},{\"@type\":\"BreadcrumbList\",\"@id\":\"https:\/\/tourtravelandmore.com\/fr\/tours\/italie-fr\/florence-fr\/all-private-tours-activities-fr\/excursion-privee-a-pise-san-gimignano-et-sienne\/#breadcrumb\",\"itemListElement\":[{\"@type\":\"ListItem\",\"position\":1,\"name\":\"Home\",\"item\":\"https:\/\/tourtravelandmore.com\/fr\/\"},{\"@type\":\"ListItem\",\"position\":2,\"name\":\"Tours\",\"item\":\"https:\/\/tourtravelandmore.com\/fr\/tours\/\"},{\"@type\":\"ListItem\",\"position\":3,\"name\":\"Excursion priv\u00e9e \u00e0 Pise, San Gimignano et Sienne.\"}]},{\"@type\":\"WebSite\",\"@id\":\"https:\/\/tourtravelandmore.com\/fr\/#website\",\"url\":\"https:\/\/tourtravelandmore.com\/fr\/\",\"name\":\"Tour Travel And More\",\"description\":\"Private sightseeing tours and luxury transfers in Spain\",\"publisher\":{\"@id\":\"https:\/\/tourtravelandmore.com\/fr\/#organization\"},\"potentialAction\":[{\"@type\":\"SearchAction\",\"target\":{\"@type\":\"EntryPoint\",\"urlTemplate\":\"https:\/\/tourtravelandmore.com\/fr\/?s={search_term_string}\"},\"query-input\":{\"@type\":\"PropertyValueSpecification\",\"valueRequired\":true,\"valueName\":\"search_term_string\"}}],\"inLanguage\":\"fr-FR\"},{\"@type\":\"Organization\",\"@id\":\"https:\/\/tourtravelandmore.com\/fr\/#organization\",\"name\":\"Tour Travel And More\",\"url\":\"https:\/\/tourtravelandmore.com\/fr\/\",\"logo\":{\"@type\":\"ImageObject\",\"inLanguage\":\"fr-FR\",\"@id\":\"https:\/\/tourtravelandmore.com\/fr\/#\/schema\/logo\/image\/\",\"url\":\"https:\/\/tourtravelandmore.com\/wp-content\/uploads\/2022\/12\/cropped-logo-cabecera-new.png\",\"contentUrl\":\"https:\/\/tourtravelandmore.com\/wp-content\/uploads\/2022\/12\/cropped-logo-cabecera-new.png\",\"width\":430,\"height\":61,\"caption\":\"Tour Travel And More\"},\"image\":{\"@id\":\"https:\/\/tourtravelandmore.com\/fr\/#\/schema\/logo\/image\/\"},\"sameAs\":[\"https:\/\/www.facebook.com\/tourtravelandmore\/\",\"https:\/\/x.com\/TourTravel_More\"]}]}<\/script>\n<!-- \/ Yoast SEO Premium plugin. -->","yoast_head_json":{"title":"\u27a1\ufe0f Visite priv\u00e9e de Pise, San Gimignano et Sienne | Tour Travel & More","description":"R\u00e9servez maintenant cette visite priv\u00e9e in\u00e9gal\u00e9e \u00e0 Pise, San Gimignano et Sienne, ce sera une exp\u00e9rience inoubliable \u2705.","robots":{"index":"index","follow":"follow","max-snippet":"max-snippet:-1","max-image-preview":"max-image-preview:large","max-video-preview":"max-video-preview:-1"},"canonical":"https:\/\/tourtravelandmore.com\/fr\/tours\/italie-fr\/florence-fr\/all-private-tours-activities-fr\/excursion-privee-a-pise-san-gimignano-et-sienne\/","og_locale":"fr_FR","og_type":"article","og_title":"Excursion priv\u00e9e \u00e0 Pise, San Gimignano et Sienne.","og_description":"R\u00e9servez maintenant cette visite priv\u00e9e in\u00e9gal\u00e9e \u00e0 Pise, San Gimignano et Sienne, ce sera une exp\u00e9rience inoubliable \u2705.","og_url":"https:\/\/tourtravelandmore.com\/fr\/tours\/italie-fr\/florence-fr\/all-private-tours-activities-fr\/excursion-privee-a-pise-san-gimignano-et-sienne\/","og_site_name":"Tour Travel And More","article_publisher":"https:\/\/www.facebook.com\/tourtravelandmore\/","article_modified_time":"2022-08-25T13:00:30+00:00","og_image":[{"width":900,"height":750,"url":"https:\/\/tourtravelandmore.com\/wp-content\/uploads\/2022\/08\/image4.jpg","type":"image\/jpeg"}],"twitter_card":"summary_large_image","twitter_site":"@TourTravel_More","twitter_misc":{"Dur\u00e9e de lecture estim\u00e9e":"2 minutes"},"schema":{"@context":"https:\/\/schema.org","@graph":[{"@type":"WebPage","@id":"https:\/\/tourtravelandmore.com\/fr\/tours\/italie-fr\/florence-fr\/all-private-tours-activities-fr\/excursion-privee-a-pise-san-gimignano-et-sienne\/","url":"https:\/\/tourtravelandmore.com\/fr\/tours\/italie-fr\/florence-fr\/all-private-tours-activities-fr\/excursion-privee-a-pise-san-gimignano-et-sienne\/","name":"\u27a1\ufe0f Visite priv\u00e9e de Pise, San Gimignano et Sienne | Tour Travel & More","isPartOf":{"@id":"https:\/\/tourtravelandmore.com\/fr\/#website"},"primaryImageOfPage":{"@id":"https:\/\/tourtravelandmore.com\/fr\/tours\/italie-fr\/florence-fr\/all-private-tours-activities-fr\/excursion-privee-a-pise-san-gimignano-et-sienne\/#primaryimage"},"image":{"@id":"https:\/\/tourtravelandmore.com\/fr\/tours\/italie-fr\/florence-fr\/all-private-tours-activities-fr\/excursion-privee-a-pise-san-gimignano-et-sienne\/#primaryimage"},"thumbnailUrl":"https:\/\/tourtravelandmore.com\/wp-content\/uploads\/2022\/08\/image4.jpg","datePublished":"2022-08-24T11:35:30+00:00","dateModified":"2022-08-25T13:00:30+00:00","description":"R\u00e9servez maintenant cette visite priv\u00e9e in\u00e9gal\u00e9e \u00e0 Pise, San Gimignano et Sienne, ce sera une exp\u00e9rience inoubliable \u2705.","breadcrumb":{"@id":"https:\/\/tourtravelandmore.com\/fr\/tours\/italie-fr\/florence-fr\/all-private-tours-activities-fr\/excursion-privee-a-pise-san-gimignano-et-sienne\/#breadcrumb"},"inLanguage":"fr-FR","potentialAction":[{"@type":"ReadAction","target":["https:\/\/tourtravelandmore.com\/fr\/tours\/italie-fr\/florence-fr\/all-private-tours-activities-fr\/excursion-privee-a-pise-san-gimignano-et-sienne\/"]}]},{"@type":"ImageObject","inLanguage":"fr-FR","@id":"https:\/\/tourtravelandmore.com\/fr\/tours\/italie-fr\/florence-fr\/all-private-tours-activities-fr\/excursion-privee-a-pise-san-gimignano-et-sienne\/#primaryimage","url":"https:\/\/tourtravelandmore.com\/wp-content\/uploads\/2022\/08\/image4.jpg","contentUrl":"https:\/\/tourtravelandmore.com\/wp-content\/uploads\/2022\/08\/image4.jpg","width":900,"height":750},{"@type":"BreadcrumbList","@id":"https:\/\/tourtravelandmore.com\/fr\/tours\/italie-fr\/florence-fr\/all-private-tours-activities-fr\/excursion-privee-a-pise-san-gimignano-et-sienne\/#breadcrumb","itemListElement":[{"@type":"ListItem","position":1,"name":"Home","item":"https:\/\/tourtravelandmore.com\/fr\/"},{"@type":"ListItem","position":2,"name":"Tours","item":"https:\/\/tourtravelandmore.com\/fr\/tours\/"},{"@type":"ListItem","position":3,"name":"Excursion priv\u00e9e \u00e0 Pise, San Gimignano et Sienne."}]},{"@type":"WebSite","@id":"https:\/\/tourtravelandmore.com\/fr\/#website","url":"https:\/\/tourtravelandmore.com\/fr\/","name":"Tour Travel And More","description":"Private sightseeing tours and luxury transfers in Spain","publisher":{"@id":"https:\/\/tourtravelandmore.com\/fr\/#organization"},"potentialAction":[{"@type":"SearchAction","target":{"@type":"EntryPoint","urlTemplate":"https:\/\/tourtravelandmore.com\/fr\/?s={search_term_string}"},"query-input":{"@type":"PropertyValueSpecification","valueRequired":true,"valueName":"search_term_string"}}],"inLanguage":"fr-FR"},{"@type":"Organization","@id":"https:\/\/tourtravelandmore.com\/fr\/#organization","name":"Tour Travel And More","url":"https:\/\/tourtravelandmore.com\/fr\/","logo":{"@type":"ImageObject","inLanguage":"fr-FR","@id":"https:\/\/tourtravelandmore.com\/fr\/#\/schema\/logo\/image\/","url":"https:\/\/tourtravelandmore.com\/wp-content\/uploads\/2022\/12\/cropped-logo-cabecera-new.png","contentUrl":"https:\/\/tourtravelandmore.com\/wp-content\/uploads\/2022\/12\/cropped-logo-cabecera-new.png","width":430,"height":61,"caption":"Tour Travel And More"},"image":{"@id":"https:\/\/tourtravelandmore.com\/fr\/#\/schema\/logo\/image\/"},"sameAs":["https:\/\/www.facebook.com\/tourtravelandmore\/","https:\/\/x.com\/TourTravel_More"]}]}},"_links":{"self":[{"href":"https:\/\/tourtravelandmore.com\/fr\/wp-json\/wp\/v2\/product\/135295","targetHints":{"allow":["GET"]}}],"collection":[{"href":"https:\/\/tourtravelandmore.com\/fr\/wp-json\/wp\/v2\/product"}],"about":[{"href":"https:\/\/tourtravelandmore.com\/fr\/wp-json\/wp\/v2\/types\/product"}],"replies":[{"embeddable":true,"href":"https:\/\/tourtravelandmore.com\/fr\/wp-json\/wp\/v2\/comments?post=135295"}],"wp:featuredmedia":[{"embeddable":true,"href":"https:\/\/tourtravelandmore.com\/fr\/wp-json\/wp\/v2\/media\/135314"}],"wp:attachment":[{"href":"https:\/\/tourtravelandmore.com\/fr\/wp-json\/wp\/v2\/media?parent=135295"}],"wp:term":[{"taxonomy":"product_brand","embeddable":true,"href":"https:\/\/tourtravelandmore.com\/fr\/wp-json\/wp\/v2\/product_brand?post=135295"},{"taxonomy":"product_cat","embeddable":true,"href":"https:\/\/tourtravelandmore.com\/fr\/wp-json\/wp\/v2\/product_cat?post=135295"},{"taxonomy":"product_tag","embeddable":true,"href":"https:\/\/tourtravelandmore.com\/fr\/wp-json\/wp\/v2\/product_tag?post=135295"}],"curies":[{"name":"wp","href":"https:\/\/api.w.org\/{rel}","templated":true}]}}