{"id":132911,"date":"2022-07-25T11:18:16","date_gmt":"2022-07-25T09:18:23","guid":{"rendered":"https:\/\/tourtravelandmore.com\/?post_type=product&#038;p=132911"},"modified":"2023-05-09T01:46:19","modified_gmt":"2023-05-08T23:46:19","slug":"visite-privee-de-taormine-et-visite-dun-vignoble-sur-letna-depuis-messine","status":"publish","type":"product","link":"https:\/\/tourtravelandmore.com\/fr\/tours\/italie-fr\/messina-fr\/toutes-les-visites-et-activites-privees-fr-3\/visite-privee-de-taormine-et-visite-dun-vignoble-sur-letna-depuis-messine\/","title":{"rendered":"Visite priv\u00e9e de Taormine et visite d&#8217;un vignoble sur l&#8217;Etna depuis Messine"},"content":{"rendered":"<h2><b>Description de l&#8217;excursion priv\u00e9e \u00e0 Taormine et de la visite d&#8217;un domaine viticole sur l&#8217;Etna au d\u00e9part de Messine<\/b><\/h2>\n<p><span style=\"font-weight: 400;\">L&#8217;excursion priv\u00e9e de Taormine et de l&#8217;Etna est id\u00e9ale pour ceux qui souhaitent explorer ces destinations \u00e9tonnantes dans le confort et le luxe. Votre chauffeur\/guide personnel vous emm\u00e8nera sur une route panoramique \u00e0 travers la campagne sicilienne, o\u00f9 vous pourrez admirer les vues \u00e0 couper le souffle de la c\u00f4te et de la campagne.<\/span><\/p>\n<p><span style=\"font-weight: 400;\">Au cours de l&#8217;excursion, vous visiterez certains des sites les plus c\u00e9l\u00e8bres de Taormine, notamment l&#8217;ancien th\u00e9\u00e2tre grec et les charmantes rues m\u00e9di\u00e9vales de la vieille ville. Vous aurez \u00e9galement l&#8217;occasion d&#8217;explorer les magnifiques paysages naturels de l&#8217;Etna, y compris le crat\u00e8re et les champs de lave.<\/span><\/p>\n<p><span style=\"font-weight: 400;\">Que vous soyez passionn\u00e9 d&#8217;histoire, amoureux de la nature ou que vous souhaitiez simplement vous d\u00e9tendre sur la plage, l&#8217;excursion priv\u00e9e \u00e0 Taormine et \u00e0 l&#8217;Etna est le moyen id\u00e9al de d\u00e9couvrir la beaut\u00e9 et le charme de la Sicile. Contactez-nous d\u00e8s aujourd&#8217;hui pour r\u00e9server votre circuit et d\u00e9couvrir le meilleur de cette \u00eele incroyable.<\/span><\/p>\n<h2><b>Points d&#8217;int\u00e9r\u00eat de l&#8217;excursion priv\u00e9e \u00e0 Taormine et visite d&#8217;un vignoble sur l&#8217;Etna depuis Messine<\/b><\/h2>\n<p><span style=\"font-weight: 400;\">D\u00e8s le d\u00e9but de votre visite priv\u00e9e, votre guide et votre v\u00e9hicule priv\u00e9 vous emm\u00e8neront vers des sites embl\u00e9matiques de Taormine o\u00f9 votre guide vous expliquera en d\u00e9tail toutes les questions que vous pourriez avoir, les faits importants, entre autres choses. Au cours de cette visite priv\u00e9e, vous apprendrez \u00e0 conna\u00eetre :<\/span><\/p>\n<p><b>Les \u00e9glises et les monuments :<\/b><\/p>\n<p><span style=\"font-weight: 400;\">Taormine abrite de nombreuses \u00e9glises et monuments qui refl\u00e8tent son riche patrimoine culturel. La ville pr\u00e9sente un m\u00e9lange fascinant de styles architecturaux, du th\u00e9\u00e2tre grec antique au style baroque de l&#8217;\u00e9glise San Giuseppe. La cath\u00e9drale de Taormine et le Palazzo Corvaja sont d&#8217;autres sites remarquables. Chacun de ces b\u00e2timents a une histoire unique \u00e0 raconter, et une visite priv\u00e9e est un excellent moyen d&#8217;explorer leur histoire et leur importance en profondeur.<\/span><\/p>\n<p><b>Le plus grand volcan actif d&#8217;Europe :<\/b><\/p>\n<p><span style=\"font-weight: 400;\">L&#8217;Etna est non seulement le plus grand volcan actif d&#8217;Europe, mais aussi l&#8217;un des volcans les plus actifs du monde. Il s&#8217;\u00e9l\u00e8ve \u00e0 plus de 3 329 m\u00e8tres et domine l&#8217;horizon de la Sicile. Une visite priv\u00e9e de l&#8217;Etna vous permettra de d\u00e9couvrir la g\u00e9ologie fascinante du volcan, son histoire et son importance culturelle. Vous pouvez \u00e9galement prendre un t\u00e9l\u00e9ph\u00e9rique pour monter sur les pentes sup\u00e9rieures de l&#8217;Etna et profiter d&#8217;une vue \u00e0 couper le souffle sur les paysages environnants.<\/span><\/p>\n<p><b>Corso Umberto :<\/b><\/p>\n<p><span style=\"font-weight: 400;\">Le Corso Umberto est l&#8217;une des rues principales de Taormine, bord\u00e9e de b\u00e2timents \u00e9l\u00e9gants, de caf\u00e9s et de boutiques. C&#8217;est une destination populaire pour les touristes et les habitants, et un endroit id\u00e9al pour une promenade tranquille. Lors d&#8217;une visite priv\u00e9e de Taormine, votre guide pourra vous donner des informations sur l&#8217;histoire de la rue et vous indiquer des points de rep\u00e8re et des attractions int\u00e9ressantes le long de la route.<\/span><\/p>\n<p><b>Piazza IX Aprile :<\/b><\/p>\n<p><span style=\"font-weight: 400;\">La Piazza IX Aprile est une place populaire de Taormine, qui offre une vue imprenable sur la mer M\u00e9diterran\u00e9e et l&#8217;Etna. La place abrite une belle \u00e9glise baroque et plusieurs restaurants et caf\u00e9s, ce qui en fait un excellent endroit pour se d\u00e9tendre et admirer la vue. Une visite priv\u00e9e de Taormine peut inclure un arr\u00eat sur la Piazza IX Aprile, o\u00f9 votre guide pourra vous donner des informations fascinantes sur l&#8217;histoire et l&#8217;importance culturelle de la place.<\/span><\/p>\n<p><b>Les pentes de l&#8217;Etna :<\/b><\/p>\n<p><span style=\"font-weight: 400;\">Les pentes de l&#8217;Etna sont parsem\u00e9es de vignobles qui produisent certains des meilleurs vins de Sicile. Une visite priv\u00e9e de Taormine peut inclure une visite \u00e0 l&#8217;un de ces vignobles pour une d\u00e9gustation de vin. Vous pourrez d\u00e9guster une vari\u00e9t\u00e9 de vins, dont les c\u00e9l\u00e8bres rouges de l&#8217;Etna Rosso DOC et les blancs de l&#8217;Etna Bianco DOC. Votre guide vous donnera des informations sur la culture locale du vin et sur le processus de vinification, ce qui vous permettra de vivre une exp\u00e9rience v\u00e9ritablement immersive.<\/span><\/p>\n<p><strong>Visite d&#8217;un domaine viticole de l&#8217;Etna avec d\u00e9gustation de vins<\/strong><\/p>\n<p>Une visite priv\u00e9e de Taormine ne serait pas compl\u00e8te sans une exp\u00e9rience de d\u00e9gustation de vins. La r\u00e9gion est c\u00e9l\u00e8bre pour sa riche et diversifi\u00e9e culture viticole, et de nombreux vignobles et domaines proposent des d\u00e9gustations. Lors d&#8217;une visite priv\u00e9e, vous pourrez go\u00fbter une vari\u00e9t\u00e9 de vins, y compris des rouges, des blancs et des ros\u00e9s dans un domaine viticole, et vous renseigner sur le processus de vinification. Votre guide pourra \u00e9galement vous fournir des informations sur la culture et les traditions viticoles locales, rendant cette exp\u00e9rience inoubliable.<\/p>\n<p><span style=\"font-weight: 400;\">\u00c0 la fin de l&#8217;excursion, votre v\u00e9hicule et votre chauffeur priv\u00e9 vous ram\u00e8neront au point de ramassage \u00e0 Messine, afin que vous puissiez continuer \u00e0 profiter de cette ville.<\/span><\/p>\n<p><span style=\"font-weight: 400;\">Si vous souhaitez en savoir plus sur Messine et ses magnifiques endroits et points d&#8217;int\u00e9r\u00eat, nous vous recommandons de <\/span><a href=\"https:\/\/tourtravelandmore.com\/fr\/city\/italie-fr\/messina-fr\/\"><span style=\"font-weight: 400;\">r\u00e9server une autre visite priv\u00e9e dans cette fantastique destination.<\/span><\/a><\/p>\n","protected":false},"excerpt":{"rendered":"<p><span style=\"font-weight: 400;\">Une visite priv\u00e9e de l&#8217;Etna depuis Messine vous permettra d&#8217;explorer le volcan sans vous soucier de la foule ou de faire la queue pendant des heures. Vous pouvez \u00e9galement visiter un \u00e9tablissement vinicole sur l&#8217;Etna.<\/span><\/p>\n","protected":false},"featured_media":132923,"comment_status":"open","ping_status":"closed","template":"","meta":{"_acf_changed":false},"product_brand":[],"product_cat":[3549,4169,4189,4177,4188],"product_tag":[],"class_list":{"0":"post-132911","1":"product","2":"type-product","3":"status-publish","4":"has-post-thumbnail","6":"product_cat-italie-fr","7":"product_cat-messina-fr","8":"product_cat-excursions-privees-a-terre-fr-3","9":"product_cat-toutes-les-visites-et-activites-privees-fr-3","10":"product_cat-visites-guidees-privees-fr-3","12":"first","13":"instock","14":"shipping-taxable","15":"purchasable","16":"product-type-simple"},"acf":[],"yoast_head":"<!-- This site is optimized with the Yoast SEO Premium plugin v25.3.1 (Yoast SEO v25.3.1) - https:\/\/yoast.com\/wordpress\/plugins\/seo\/ -->\n<title>\u27a1\ufe0f Visite priv\u00e9e de Taormine et visite d&#039;un vignoble sur l&#039;Etna depuis Messine : TTM<\/title>\n<meta name=\"description\" content=\"R\u00e9servez maintenant cette excursion priv\u00e9e \u00e0 Taormine et visitez le vignoble sur l&#039;Etna au d\u00e9part de Messine, ce sera une exp\u00e9rience inoubliable \u2705\" \/>\n<meta name=\"robots\" content=\"index, follow, max-snippet:-1, max-image-preview:large, max-video-preview:-1\" \/>\n<link rel=\"canonical\" href=\"https:\/\/tourtravelandmore.com\/fr\/tours\/italie-fr\/messina-fr\/toutes-les-visites-et-activites-privees-fr-3\/visite-privee-de-taormine-et-visite-dun-vignoble-sur-letna-depuis-messine\/\" \/>\n<meta property=\"og:locale\" content=\"fr_FR\" \/>\n<meta property=\"og:type\" content=\"article\" \/>\n<meta property=\"og:title\" content=\"Visite priv\u00e9e de Taormine et visite d&#039;un vignoble sur l&#039;Etna depuis Messine\" \/>\n<meta property=\"og:description\" content=\"R\u00e9servez maintenant cette excursion priv\u00e9e \u00e0 Taormine et visitez le vignoble sur l&#039;Etna au d\u00e9part de Messine, ce sera une exp\u00e9rience inoubliable \u2705\" \/>\n<meta property=\"og:url\" content=\"https:\/\/tourtravelandmore.com\/fr\/tours\/italie-fr\/messina-fr\/toutes-les-visites-et-activites-privees-fr-3\/visite-privee-de-taormine-et-visite-dun-vignoble-sur-letna-depuis-messine\/\" \/>\n<meta property=\"og:site_name\" content=\"Tour Travel And More\" \/>\n<meta property=\"article:publisher\" content=\"https:\/\/www.facebook.com\/tourtravelandmore\/\" \/>\n<meta property=\"article:modified_time\" content=\"2023-05-08T23:46:19+00:00\" \/>\n<meta property=\"og:image\" content=\"https:\/\/tourtravelandmore.com\/wp-content\/uploads\/2022\/07\/image1-5.jpg\" \/>\n\t<meta property=\"og:image:width\" content=\"900\" \/>\n\t<meta property=\"og:image:height\" content=\"750\" \/>\n\t<meta property=\"og:image:type\" content=\"image\/jpeg\" \/>\n<meta name=\"twitter:card\" content=\"summary_large_image\" \/>\n<meta name=\"twitter:site\" content=\"@TourTravel_More\" \/>\n<meta name=\"twitter:label1\" content=\"Dur\u00e9e de lecture estim\u00e9e\" \/>\n\t<meta name=\"twitter:data1\" content=\"4 minutes\" \/>\n<script type=\"application\/ld+json\" class=\"yoast-schema-graph\">{\"@context\":\"https:\/\/schema.org\",\"@graph\":[{\"@type\":\"WebPage\",\"@id\":\"https:\/\/tourtravelandmore.com\/fr\/tours\/italie-fr\/messina-fr\/toutes-les-visites-et-activites-privees-fr-3\/visite-privee-de-taormine-et-visite-dun-vignoble-sur-letna-depuis-messine\/\",\"url\":\"https:\/\/tourtravelandmore.com\/fr\/tours\/italie-fr\/messina-fr\/toutes-les-visites-et-activites-privees-fr-3\/visite-privee-de-taormine-et-visite-dun-vignoble-sur-letna-depuis-messine\/\",\"name\":\"\u27a1\ufe0f Visite priv\u00e9e de Taormine et visite d'un vignoble sur l'Etna depuis Messine : TTM\",\"isPartOf\":{\"@id\":\"https:\/\/tourtravelandmore.com\/fr\/#website\"},\"primaryImageOfPage\":{\"@id\":\"https:\/\/tourtravelandmore.com\/fr\/tours\/italie-fr\/messina-fr\/toutes-les-visites-et-activites-privees-fr-3\/visite-privee-de-taormine-et-visite-dun-vignoble-sur-letna-depuis-messine\/#primaryimage\"},\"image\":{\"@id\":\"https:\/\/tourtravelandmore.com\/fr\/tours\/italie-fr\/messina-fr\/toutes-les-visites-et-activites-privees-fr-3\/visite-privee-de-taormine-et-visite-dun-vignoble-sur-letna-depuis-messine\/#primaryimage\"},\"thumbnailUrl\":\"https:\/\/tourtravelandmore.com\/wp-content\/uploads\/2022\/07\/image1-5.jpg\",\"datePublished\":\"2022-07-25T09:18:23+00:00\",\"dateModified\":\"2023-05-08T23:46:19+00:00\",\"description\":\"R\u00e9servez maintenant cette excursion priv\u00e9e \u00e0 Taormine et visitez le vignoble sur l'Etna au d\u00e9part de Messine, ce sera une exp\u00e9rience inoubliable \u2705\",\"breadcrumb\":{\"@id\":\"https:\/\/tourtravelandmore.com\/fr\/tours\/italie-fr\/messina-fr\/toutes-les-visites-et-activites-privees-fr-3\/visite-privee-de-taormine-et-visite-dun-vignoble-sur-letna-depuis-messine\/#breadcrumb\"},\"inLanguage\":\"fr-FR\",\"potentialAction\":[{\"@type\":\"ReadAction\",\"target\":[\"https:\/\/tourtravelandmore.com\/fr\/tours\/italie-fr\/messina-fr\/toutes-les-visites-et-activites-privees-fr-3\/visite-privee-de-taormine-et-visite-dun-vignoble-sur-letna-depuis-messine\/\"]}]},{\"@type\":\"ImageObject\",\"inLanguage\":\"fr-FR\",\"@id\":\"https:\/\/tourtravelandmore.com\/fr\/tours\/italie-fr\/messina-fr\/toutes-les-visites-et-activites-privees-fr-3\/visite-privee-de-taormine-et-visite-dun-vignoble-sur-letna-depuis-messine\/#primaryimage\",\"url\":\"https:\/\/tourtravelandmore.com\/wp-content\/uploads\/2022\/07\/image1-5.jpg\",\"contentUrl\":\"https:\/\/tourtravelandmore.com\/wp-content\/uploads\/2022\/07\/image1-5.jpg\",\"width\":900,\"height\":750},{\"@type\":\"BreadcrumbList\",\"@id\":\"https:\/\/tourtravelandmore.com\/fr\/tours\/italie-fr\/messina-fr\/toutes-les-visites-et-activites-privees-fr-3\/visite-privee-de-taormine-et-visite-dun-vignoble-sur-letna-depuis-messine\/#breadcrumb\",\"itemListElement\":[{\"@type\":\"ListItem\",\"position\":1,\"name\":\"Home\",\"item\":\"https:\/\/tourtravelandmore.com\/fr\/\"},{\"@type\":\"ListItem\",\"position\":2,\"name\":\"Tours\",\"item\":\"https:\/\/tourtravelandmore.com\/fr\/tours\/\"},{\"@type\":\"ListItem\",\"position\":3,\"name\":\"Visite priv\u00e9e de Taormine et visite d&rsquo;un vignoble sur l&rsquo;Etna depuis Messine\"}]},{\"@type\":\"WebSite\",\"@id\":\"https:\/\/tourtravelandmore.com\/fr\/#website\",\"url\":\"https:\/\/tourtravelandmore.com\/fr\/\",\"name\":\"Tour Travel And More\",\"description\":\"Private sightseeing tours and luxury transfers in Spain\",\"publisher\":{\"@id\":\"https:\/\/tourtravelandmore.com\/fr\/#organization\"},\"potentialAction\":[{\"@type\":\"SearchAction\",\"target\":{\"@type\":\"EntryPoint\",\"urlTemplate\":\"https:\/\/tourtravelandmore.com\/fr\/?s={search_term_string}\"},\"query-input\":{\"@type\":\"PropertyValueSpecification\",\"valueRequired\":true,\"valueName\":\"search_term_string\"}}],\"inLanguage\":\"fr-FR\"},{\"@type\":\"Organization\",\"@id\":\"https:\/\/tourtravelandmore.com\/fr\/#organization\",\"name\":\"Tour Travel And More\",\"url\":\"https:\/\/tourtravelandmore.com\/fr\/\",\"logo\":{\"@type\":\"ImageObject\",\"inLanguage\":\"fr-FR\",\"@id\":\"https:\/\/tourtravelandmore.com\/fr\/#\/schema\/logo\/image\/\",\"url\":\"https:\/\/tourtravelandmore.com\/wp-content\/uploads\/2022\/12\/cropped-logo-cabecera-new.png\",\"contentUrl\":\"https:\/\/tourtravelandmore.com\/wp-content\/uploads\/2022\/12\/cropped-logo-cabecera-new.png\",\"width\":430,\"height\":61,\"caption\":\"Tour Travel And More\"},\"image\":{\"@id\":\"https:\/\/tourtravelandmore.com\/fr\/#\/schema\/logo\/image\/\"},\"sameAs\":[\"https:\/\/www.facebook.com\/tourtravelandmore\/\",\"https:\/\/x.com\/TourTravel_More\"]}]}<\/script>\n<!-- \/ Yoast SEO Premium plugin. -->","yoast_head_json":{"title":"\u27a1\ufe0f Visite priv\u00e9e de Taormine et visite d'un vignoble sur l'Etna depuis Messine : TTM","description":"R\u00e9servez maintenant cette excursion priv\u00e9e \u00e0 Taormine et visitez le vignoble sur l'Etna au d\u00e9part de Messine, ce sera une exp\u00e9rience inoubliable \u2705","robots":{"index":"index","follow":"follow","max-snippet":"max-snippet:-1","max-image-preview":"max-image-preview:large","max-video-preview":"max-video-preview:-1"},"canonical":"https:\/\/tourtravelandmore.com\/fr\/tours\/italie-fr\/messina-fr\/toutes-les-visites-et-activites-privees-fr-3\/visite-privee-de-taormine-et-visite-dun-vignoble-sur-letna-depuis-messine\/","og_locale":"fr_FR","og_type":"article","og_title":"Visite priv\u00e9e de Taormine et visite d'un vignoble sur l'Etna depuis Messine","og_description":"R\u00e9servez maintenant cette excursion priv\u00e9e \u00e0 Taormine et visitez le vignoble sur l'Etna au d\u00e9part de Messine, ce sera une exp\u00e9rience inoubliable \u2705","og_url":"https:\/\/tourtravelandmore.com\/fr\/tours\/italie-fr\/messina-fr\/toutes-les-visites-et-activites-privees-fr-3\/visite-privee-de-taormine-et-visite-dun-vignoble-sur-letna-depuis-messine\/","og_site_name":"Tour Travel And More","article_publisher":"https:\/\/www.facebook.com\/tourtravelandmore\/","article_modified_time":"2023-05-08T23:46:19+00:00","og_image":[{"width":900,"height":750,"url":"https:\/\/tourtravelandmore.com\/wp-content\/uploads\/2022\/07\/image1-5.jpg","type":"image\/jpeg"}],"twitter_card":"summary_large_image","twitter_site":"@TourTravel_More","twitter_misc":{"Dur\u00e9e de lecture estim\u00e9e":"4 minutes"},"schema":{"@context":"https:\/\/schema.org","@graph":[{"@type":"WebPage","@id":"https:\/\/tourtravelandmore.com\/fr\/tours\/italie-fr\/messina-fr\/toutes-les-visites-et-activites-privees-fr-3\/visite-privee-de-taormine-et-visite-dun-vignoble-sur-letna-depuis-messine\/","url":"https:\/\/tourtravelandmore.com\/fr\/tours\/italie-fr\/messina-fr\/toutes-les-visites-et-activites-privees-fr-3\/visite-privee-de-taormine-et-visite-dun-vignoble-sur-letna-depuis-messine\/","name":"\u27a1\ufe0f Visite priv\u00e9e de Taormine et visite d'un vignoble sur l'Etna depuis Messine : TTM","isPartOf":{"@id":"https:\/\/tourtravelandmore.com\/fr\/#website"},"primaryImageOfPage":{"@id":"https:\/\/tourtravelandmore.com\/fr\/tours\/italie-fr\/messina-fr\/toutes-les-visites-et-activites-privees-fr-3\/visite-privee-de-taormine-et-visite-dun-vignoble-sur-letna-depuis-messine\/#primaryimage"},"image":{"@id":"https:\/\/tourtravelandmore.com\/fr\/tours\/italie-fr\/messina-fr\/toutes-les-visites-et-activites-privees-fr-3\/visite-privee-de-taormine-et-visite-dun-vignoble-sur-letna-depuis-messine\/#primaryimage"},"thumbnailUrl":"https:\/\/tourtravelandmore.com\/wp-content\/uploads\/2022\/07\/image1-5.jpg","datePublished":"2022-07-25T09:18:23+00:00","dateModified":"2023-05-08T23:46:19+00:00","description":"R\u00e9servez maintenant cette excursion priv\u00e9e \u00e0 Taormine et visitez le vignoble sur l'Etna au d\u00e9part de Messine, ce sera une exp\u00e9rience inoubliable \u2705","breadcrumb":{"@id":"https:\/\/tourtravelandmore.com\/fr\/tours\/italie-fr\/messina-fr\/toutes-les-visites-et-activites-privees-fr-3\/visite-privee-de-taormine-et-visite-dun-vignoble-sur-letna-depuis-messine\/#breadcrumb"},"inLanguage":"fr-FR","potentialAction":[{"@type":"ReadAction","target":["https:\/\/tourtravelandmore.com\/fr\/tours\/italie-fr\/messina-fr\/toutes-les-visites-et-activites-privees-fr-3\/visite-privee-de-taormine-et-visite-dun-vignoble-sur-letna-depuis-messine\/"]}]},{"@type":"ImageObject","inLanguage":"fr-FR","@id":"https:\/\/tourtravelandmore.com\/fr\/tours\/italie-fr\/messina-fr\/toutes-les-visites-et-activites-privees-fr-3\/visite-privee-de-taormine-et-visite-dun-vignoble-sur-letna-depuis-messine\/#primaryimage","url":"https:\/\/tourtravelandmore.com\/wp-content\/uploads\/2022\/07\/image1-5.jpg","contentUrl":"https:\/\/tourtravelandmore.com\/wp-content\/uploads\/2022\/07\/image1-5.jpg","width":900,"height":750},{"@type":"BreadcrumbList","@id":"https:\/\/tourtravelandmore.com\/fr\/tours\/italie-fr\/messina-fr\/toutes-les-visites-et-activites-privees-fr-3\/visite-privee-de-taormine-et-visite-dun-vignoble-sur-letna-depuis-messine\/#breadcrumb","itemListElement":[{"@type":"ListItem","position":1,"name":"Home","item":"https:\/\/tourtravelandmore.com\/fr\/"},{"@type":"ListItem","position":2,"name":"Tours","item":"https:\/\/tourtravelandmore.com\/fr\/tours\/"},{"@type":"ListItem","position":3,"name":"Visite priv\u00e9e de Taormine et visite d&rsquo;un vignoble sur l&rsquo;Etna depuis Messine"}]},{"@type":"WebSite","@id":"https:\/\/tourtravelandmore.com\/fr\/#website","url":"https:\/\/tourtravelandmore.com\/fr\/","name":"Tour Travel And More","description":"Private sightseeing tours and luxury transfers in Spain","publisher":{"@id":"https:\/\/tourtravelandmore.com\/fr\/#organization"},"potentialAction":[{"@type":"SearchAction","target":{"@type":"EntryPoint","urlTemplate":"https:\/\/tourtravelandmore.com\/fr\/?s={search_term_string}"},"query-input":{"@type":"PropertyValueSpecification","valueRequired":true,"valueName":"search_term_string"}}],"inLanguage":"fr-FR"},{"@type":"Organization","@id":"https:\/\/tourtravelandmore.com\/fr\/#organization","name":"Tour Travel And More","url":"https:\/\/tourtravelandmore.com\/fr\/","logo":{"@type":"ImageObject","inLanguage":"fr-FR","@id":"https:\/\/tourtravelandmore.com\/fr\/#\/schema\/logo\/image\/","url":"https:\/\/tourtravelandmore.com\/wp-content\/uploads\/2022\/12\/cropped-logo-cabecera-new.png","contentUrl":"https:\/\/tourtravelandmore.com\/wp-content\/uploads\/2022\/12\/cropped-logo-cabecera-new.png","width":430,"height":61,"caption":"Tour Travel And More"},"image":{"@id":"https:\/\/tourtravelandmore.com\/fr\/#\/schema\/logo\/image\/"},"sameAs":["https:\/\/www.facebook.com\/tourtravelandmore\/","https:\/\/x.com\/TourTravel_More"]}]}},"_links":{"self":[{"href":"https:\/\/tourtravelandmore.com\/fr\/wp-json\/wp\/v2\/product\/132911","targetHints":{"allow":["GET"]}}],"collection":[{"href":"https:\/\/tourtravelandmore.com\/fr\/wp-json\/wp\/v2\/product"}],"about":[{"href":"https:\/\/tourtravelandmore.com\/fr\/wp-json\/wp\/v2\/types\/product"}],"replies":[{"embeddable":true,"href":"https:\/\/tourtravelandmore.com\/fr\/wp-json\/wp\/v2\/comments?post=132911"}],"wp:featuredmedia":[{"embeddable":true,"href":"https:\/\/tourtravelandmore.com\/fr\/wp-json\/wp\/v2\/media\/132923"}],"wp:attachment":[{"href":"https:\/\/tourtravelandmore.com\/fr\/wp-json\/wp\/v2\/media?parent=132911"}],"wp:term":[{"taxonomy":"product_brand","embeddable":true,"href":"https:\/\/tourtravelandmore.com\/fr\/wp-json\/wp\/v2\/product_brand?post=132911"},{"taxonomy":"product_cat","embeddable":true,"href":"https:\/\/tourtravelandmore.com\/fr\/wp-json\/wp\/v2\/product_cat?post=132911"},{"taxonomy":"product_tag","embeddable":true,"href":"https:\/\/tourtravelandmore.com\/fr\/wp-json\/wp\/v2\/product_tag?post=132911"}],"curies":[{"name":"wp","href":"https:\/\/api.w.org\/{rel}","templated":true}]}}