{"id":132868,"date":"2022-07-25T11:04:11","date_gmt":"2022-07-25T09:04:19","guid":{"rendered":"https:\/\/tourtravelandmore.com\/?post_type=product&#038;p=132868"},"modified":"2023-04-25T03:36:29","modified_gmt":"2023-04-25T01:36:29","slug":"visite-privee-de-savoca-et-taormina-au-depart-de-messine","status":"publish","type":"product","link":"https:\/\/tourtravelandmore.com\/fr\/tours\/italie-fr\/messina-fr\/toutes-les-visites-et-activites-privees-fr-3\/visite-privee-de-savoca-et-taormina-au-depart-de-messine\/","title":{"rendered":"Visite priv\u00e9e de Savoca et Taormina au d\u00e9part de Messine"},"content":{"rendered":"<h2>Description de l&#8217;Excursion Priv\u00e9e \u00e0 Savoca et Taormina depuis Messine<\/h2>\n<p>Messine est une impressionnante ville situ\u00e9e sur la c\u00f4te nord-est de la Sicile, r\u00e9put\u00e9e pour sa riche histoire et sa beaut\u00e9 naturelle \u00e9poustouflante. Dans cette excursion priv\u00e9e, nous viendrons vous chercher \u00e0 votre s\u00e9jour \u00e0 Messine et vous emm\u00e8nerons vers deux destinations incroyables : Savoca et Taormina.<\/p>\n<p>Taormina est le joyau de la M\u00e9diterran\u00e9e, perch\u00e9 en haut d&#8217;une falaise surplombant la mer Ionienne et l&#8217;impressionnant mont Etna. Avec son architecture \u00e9tonnante, son charmant centre historique et ses plages pittoresques, comme l&#8217;impressionnante Isola Bella, c&#8217;est une destination pris\u00e9e des voyageurs du monde entier.<\/p>\n<p>Savoca, situ\u00e9e \u00e0 une courte distance en voiture de Taormina, est un joyau cach\u00e9 \u00e0 ne pas manquer. Cette charmante ville m\u00e9di\u00e9vale est perch\u00e9e en haut d&#8217;une colline, offrant des vues imprenables sur la campagne environnante. Elle abrite \u00e9galement plusieurs monuments historiques, tels que le Bar Vitelli, o\u00f9 des sc\u00e8nes du film &#8220;Le Parrain&#8221; ont \u00e9t\u00e9 tourn\u00e9es.<\/p>\n<p>Votre visite priv\u00e9e de Savoca et Taormina commencera par la prise en charge par votre guide expert \u00e0 votre h\u00e9bergement \u00e0 Messine. Avec un v\u00e9hicule priv\u00e9 confortable et un chauffeur professionnel, vous partirez \u00e0 la d\u00e9couverte de la beaut\u00e9 et du charme de ces deux impressionnantes villes siciliennes. Que vous souhaitiez explorer les monuments historiques, profiter des plages \u00e9poustouflantes ou vous r\u00e9galer de la d\u00e9licieuse cuisine sicilienne, notre circuit priv\u00e9 peut \u00eatre adapt\u00e9 \u00e0 vos pr\u00e9f\u00e9rences et vos centres d&#8217;int\u00e9r\u00eat.<\/p>\n<h2>Lieux d&#8217;int\u00e9r\u00eat lors de l&#8217;excursion priv\u00e9e \u00e0 Savoca et Taormina depuis Messine<\/h2>\n<p>Cette excursion priv\u00e9e de 8 heures vous emm\u00e8nera dans un voyage inoubliable \u00e0 travers deux des plus belles villes de Sicile : Savoca et Taormina. Notre guide expert et votre v\u00e9hicule priv\u00e9 vous conduiront \u00e0 des sites d&#8217;int\u00e9r\u00eat tels que :<\/p>\n<h2>Savoca :<\/h2>\n<h3>\u00c9glise de San Nicol\u00e1s<\/h3>\n<p>Un bel exemple d&#8217;architecture baroque construit au XVIIIe si\u00e8cle, avec un int\u00e9rieur impressionnant aux d\u00e9tails complexes et aux fresques. L&#8217;\u00e9glise de San Nicol\u00e1s est un incontournable \u00e0 Savoca, o\u00f9 les visiteurs peuvent appr\u00e9cier le patrimoine historique et culturel de la r\u00e9gion.<\/p>\n<h3>Bar Vitelli<\/h3>\n<p>Un caf\u00e9 historique c\u00e9l\u00e8bre pour ses d\u00e9licieuses p\u00e2tisseries et son apparition dans le film &#8220;Le Parrain&#8221;. Le Bar Vitelli a conserv\u00e9 des meubles et des \u0153uvres d&#8217;art de l&#8217;\u00e9poque, lui conf\u00e9rant une atmosph\u00e8re classique et authentique. Cet endroit est parfait pour profiter d&#8217;une pause et savourer les saveurs locales tout en appr\u00e9ciant l&#8217;histoire du cin\u00e9ma.<\/p>\n<h2>Taormina :<\/h2>\n<h3>Th\u00e9\u00e2tre antique<\/h3>\n<p>Un magnifique exemple d&#8217;architecture grecque et romaine datant du IIIe si\u00e8cle av. J.-C., et qui est encore utilis\u00e9 aujourd&#8217;hui pour des concerts et d&#8217;autres spectacles. Le Th\u00e9\u00e2tre antique de Taormina offredes vues imprenables sur la mer et l&#8217;Etna, ce qui en fait un lieu embl\u00e9matique pour appr\u00e9cier les merveilles naturelles et culturelles de la r\u00e9gion.<\/p>\n<h3>Corso Umberto<\/h3>\n<p>La rue principale de Taormina, bord\u00e9e de boutiques, de restaurants et de b\u00e2timents historiques, est un lieu populaire pour se promener, faire du shopping et d\u00eener. La rue Corso Umberto est pleine de charme et offre un aper\u00e7u de la riche histoire et culture de la ville. Ici, les visiteurs peuvent trouver des souvenirs locaux ainsi que des boutiques de luxe et des galeries d&#8217;art.<\/p>\n<p>Si vous souhaitez en savoir plus sur Messine et ses beaux coins, n&#8217;h\u00e9sitez pas \u00e0 consulter notre <a href=\"https:\/\/tourtravelandmore.com\/fr\/city\/italie-fr\/messina-fr\/\">liste d&#8217;excursions priv\u00e9es vers cette destination sicilienne.<\/a><\/p>\n","protected":false},"excerpt":{"rendered":"<p><span style=\"font-weight: 400;\">Messine est une ville de Sicile et Taormina est sa capitale. Les deux villes sont connues pour leurs plages incroyables et pour la beaut\u00e9 de leur architecture, tombez amoureux de cette destination avec nous !<\/span><\/p>\n","protected":false},"featured_media":132886,"comment_status":"open","ping_status":"closed","template":"","meta":{"_acf_changed":false},"product_brand":[],"product_cat":[3549,4169,4189,4177,4188],"product_tag":[],"class_list":{"0":"post-132868","1":"product","2":"type-product","3":"status-publish","4":"has-post-thumbnail","6":"product_cat-italie-fr","7":"product_cat-messina-fr","8":"product_cat-excursions-privees-a-terre-fr-3","9":"product_cat-toutes-les-visites-et-activites-privees-fr-3","10":"product_cat-visites-guidees-privees-fr-3","12":"first","13":"instock","14":"shipping-taxable","15":"purchasable","16":"product-type-simple"},"acf":[],"yoast_head":"<!-- This site is optimized with the Yoast SEO Premium plugin v25.3.1 (Yoast SEO v25.3.1) - https:\/\/yoast.com\/wordpress\/plugins\/seo\/ -->\n<title>\u27a1\ufe0f Excursion Priv\u00e9e \u00e0 Savoca et Taormina depuis Messine | Tour Travel &amp; More<\/title>\n<meta name=\"description\" content=\"R\u00e9servez maintenant notre tour priv\u00e9 \u00e0 Savoca et Taormina de Messine, ce sera une exp\u00e9rience priv\u00e9e et incomparable \u2705\" \/>\n<meta name=\"robots\" content=\"index, follow, max-snippet:-1, max-image-preview:large, max-video-preview:-1\" \/>\n<link rel=\"canonical\" href=\"https:\/\/tourtravelandmore.com\/fr\/tours\/italie-fr\/messina-fr\/toutes-les-visites-et-activites-privees-fr-3\/visite-privee-de-savoca-et-taormina-au-depart-de-messine\/\" \/>\n<meta property=\"og:locale\" content=\"fr_FR\" \/>\n<meta property=\"og:type\" content=\"article\" \/>\n<meta property=\"og:title\" content=\"Visite priv\u00e9e de Savoca et Taormina au d\u00e9part de Messine\" \/>\n<meta property=\"og:description\" content=\"R\u00e9servez maintenant notre tour priv\u00e9 \u00e0 Savoca et Taormina de Messine, ce sera une exp\u00e9rience priv\u00e9e et incomparable \u2705\" \/>\n<meta property=\"og:url\" content=\"https:\/\/tourtravelandmore.com\/fr\/tours\/italie-fr\/messina-fr\/toutes-les-visites-et-activites-privees-fr-3\/visite-privee-de-savoca-et-taormina-au-depart-de-messine\/\" \/>\n<meta property=\"og:site_name\" content=\"Tour Travel And More\" \/>\n<meta property=\"article:publisher\" content=\"https:\/\/www.facebook.com\/tourtravelandmore\/\" \/>\n<meta property=\"article:modified_time\" content=\"2023-04-25T01:36:29+00:00\" \/>\n<meta property=\"og:image\" content=\"https:\/\/tourtravelandmore.com\/wp-content\/uploads\/2022\/07\/image2-4.jpg\" \/>\n\t<meta property=\"og:image:width\" content=\"900\" \/>\n\t<meta property=\"og:image:height\" content=\"750\" \/>\n\t<meta property=\"og:image:type\" content=\"image\/jpeg\" \/>\n<meta name=\"twitter:card\" content=\"summary_large_image\" \/>\n<meta name=\"twitter:site\" content=\"@TourTravel_More\" \/>\n<meta name=\"twitter:label1\" content=\"Dur\u00e9e de lecture estim\u00e9e\" \/>\n\t<meta name=\"twitter:data1\" content=\"3 minutes\" \/>\n<script type=\"application\/ld+json\" class=\"yoast-schema-graph\">{\"@context\":\"https:\/\/schema.org\",\"@graph\":[{\"@type\":\"WebPage\",\"@id\":\"https:\/\/tourtravelandmore.com\/fr\/tours\/italie-fr\/messina-fr\/toutes-les-visites-et-activites-privees-fr-3\/visite-privee-de-savoca-et-taormina-au-depart-de-messine\/\",\"url\":\"https:\/\/tourtravelandmore.com\/fr\/tours\/italie-fr\/messina-fr\/toutes-les-visites-et-activites-privees-fr-3\/visite-privee-de-savoca-et-taormina-au-depart-de-messine\/\",\"name\":\"\u27a1\ufe0f Excursion Priv\u00e9e \u00e0 Savoca et Taormina depuis Messine | Tour Travel & More\",\"isPartOf\":{\"@id\":\"https:\/\/tourtravelandmore.com\/fr\/#website\"},\"primaryImageOfPage\":{\"@id\":\"https:\/\/tourtravelandmore.com\/fr\/tours\/italie-fr\/messina-fr\/toutes-les-visites-et-activites-privees-fr-3\/visite-privee-de-savoca-et-taormina-au-depart-de-messine\/#primaryimage\"},\"image\":{\"@id\":\"https:\/\/tourtravelandmore.com\/fr\/tours\/italie-fr\/messina-fr\/toutes-les-visites-et-activites-privees-fr-3\/visite-privee-de-savoca-et-taormina-au-depart-de-messine\/#primaryimage\"},\"thumbnailUrl\":\"https:\/\/tourtravelandmore.com\/wp-content\/uploads\/2022\/07\/image2-4.jpg\",\"datePublished\":\"2022-07-25T09:04:19+00:00\",\"dateModified\":\"2023-04-25T01:36:29+00:00\",\"description\":\"R\u00e9servez maintenant notre tour priv\u00e9 \u00e0 Savoca et Taormina de Messine, ce sera une exp\u00e9rience priv\u00e9e et incomparable \u2705\",\"breadcrumb\":{\"@id\":\"https:\/\/tourtravelandmore.com\/fr\/tours\/italie-fr\/messina-fr\/toutes-les-visites-et-activites-privees-fr-3\/visite-privee-de-savoca-et-taormina-au-depart-de-messine\/#breadcrumb\"},\"inLanguage\":\"fr-FR\",\"potentialAction\":[{\"@type\":\"ReadAction\",\"target\":[\"https:\/\/tourtravelandmore.com\/fr\/tours\/italie-fr\/messina-fr\/toutes-les-visites-et-activites-privees-fr-3\/visite-privee-de-savoca-et-taormina-au-depart-de-messine\/\"]}]},{\"@type\":\"ImageObject\",\"inLanguage\":\"fr-FR\",\"@id\":\"https:\/\/tourtravelandmore.com\/fr\/tours\/italie-fr\/messina-fr\/toutes-les-visites-et-activites-privees-fr-3\/visite-privee-de-savoca-et-taormina-au-depart-de-messine\/#primaryimage\",\"url\":\"https:\/\/tourtravelandmore.com\/wp-content\/uploads\/2022\/07\/image2-4.jpg\",\"contentUrl\":\"https:\/\/tourtravelandmore.com\/wp-content\/uploads\/2022\/07\/image2-4.jpg\",\"width\":900,\"height\":750},{\"@type\":\"BreadcrumbList\",\"@id\":\"https:\/\/tourtravelandmore.com\/fr\/tours\/italie-fr\/messina-fr\/toutes-les-visites-et-activites-privees-fr-3\/visite-privee-de-savoca-et-taormina-au-depart-de-messine\/#breadcrumb\",\"itemListElement\":[{\"@type\":\"ListItem\",\"position\":1,\"name\":\"Home\",\"item\":\"https:\/\/tourtravelandmore.com\/fr\/\"},{\"@type\":\"ListItem\",\"position\":2,\"name\":\"Tours\",\"item\":\"https:\/\/tourtravelandmore.com\/fr\/tours\/\"},{\"@type\":\"ListItem\",\"position\":3,\"name\":\"Visite priv\u00e9e de Savoca et Taormina au d\u00e9part de Messine\"}]},{\"@type\":\"WebSite\",\"@id\":\"https:\/\/tourtravelandmore.com\/fr\/#website\",\"url\":\"https:\/\/tourtravelandmore.com\/fr\/\",\"name\":\"Tour Travel And More\",\"description\":\"Private sightseeing tours and luxury transfers in Spain\",\"publisher\":{\"@id\":\"https:\/\/tourtravelandmore.com\/fr\/#organization\"},\"potentialAction\":[{\"@type\":\"SearchAction\",\"target\":{\"@type\":\"EntryPoint\",\"urlTemplate\":\"https:\/\/tourtravelandmore.com\/fr\/?s={search_term_string}\"},\"query-input\":{\"@type\":\"PropertyValueSpecification\",\"valueRequired\":true,\"valueName\":\"search_term_string\"}}],\"inLanguage\":\"fr-FR\"},{\"@type\":\"Organization\",\"@id\":\"https:\/\/tourtravelandmore.com\/fr\/#organization\",\"name\":\"Tour Travel And More\",\"url\":\"https:\/\/tourtravelandmore.com\/fr\/\",\"logo\":{\"@type\":\"ImageObject\",\"inLanguage\":\"fr-FR\",\"@id\":\"https:\/\/tourtravelandmore.com\/fr\/#\/schema\/logo\/image\/\",\"url\":\"https:\/\/tourtravelandmore.com\/wp-content\/uploads\/2022\/12\/cropped-logo-cabecera-new.png\",\"contentUrl\":\"https:\/\/tourtravelandmore.com\/wp-content\/uploads\/2022\/12\/cropped-logo-cabecera-new.png\",\"width\":430,\"height\":61,\"caption\":\"Tour Travel And More\"},\"image\":{\"@id\":\"https:\/\/tourtravelandmore.com\/fr\/#\/schema\/logo\/image\/\"},\"sameAs\":[\"https:\/\/www.facebook.com\/tourtravelandmore\/\",\"https:\/\/x.com\/TourTravel_More\"]}]}<\/script>\n<!-- \/ Yoast SEO Premium plugin. -->","yoast_head_json":{"title":"\u27a1\ufe0f Excursion Priv\u00e9e \u00e0 Savoca et Taormina depuis Messine | Tour Travel & More","description":"R\u00e9servez maintenant notre tour priv\u00e9 \u00e0 Savoca et Taormina de Messine, ce sera une exp\u00e9rience priv\u00e9e et incomparable \u2705","robots":{"index":"index","follow":"follow","max-snippet":"max-snippet:-1","max-image-preview":"max-image-preview:large","max-video-preview":"max-video-preview:-1"},"canonical":"https:\/\/tourtravelandmore.com\/fr\/tours\/italie-fr\/messina-fr\/toutes-les-visites-et-activites-privees-fr-3\/visite-privee-de-savoca-et-taormina-au-depart-de-messine\/","og_locale":"fr_FR","og_type":"article","og_title":"Visite priv\u00e9e de Savoca et Taormina au d\u00e9part de Messine","og_description":"R\u00e9servez maintenant notre tour priv\u00e9 \u00e0 Savoca et Taormina de Messine, ce sera une exp\u00e9rience priv\u00e9e et incomparable \u2705","og_url":"https:\/\/tourtravelandmore.com\/fr\/tours\/italie-fr\/messina-fr\/toutes-les-visites-et-activites-privees-fr-3\/visite-privee-de-savoca-et-taormina-au-depart-de-messine\/","og_site_name":"Tour Travel And More","article_publisher":"https:\/\/www.facebook.com\/tourtravelandmore\/","article_modified_time":"2023-04-25T01:36:29+00:00","og_image":[{"width":900,"height":750,"url":"https:\/\/tourtravelandmore.com\/wp-content\/uploads\/2022\/07\/image2-4.jpg","type":"image\/jpeg"}],"twitter_card":"summary_large_image","twitter_site":"@TourTravel_More","twitter_misc":{"Dur\u00e9e de lecture estim\u00e9e":"3 minutes"},"schema":{"@context":"https:\/\/schema.org","@graph":[{"@type":"WebPage","@id":"https:\/\/tourtravelandmore.com\/fr\/tours\/italie-fr\/messina-fr\/toutes-les-visites-et-activites-privees-fr-3\/visite-privee-de-savoca-et-taormina-au-depart-de-messine\/","url":"https:\/\/tourtravelandmore.com\/fr\/tours\/italie-fr\/messina-fr\/toutes-les-visites-et-activites-privees-fr-3\/visite-privee-de-savoca-et-taormina-au-depart-de-messine\/","name":"\u27a1\ufe0f Excursion Priv\u00e9e \u00e0 Savoca et Taormina depuis Messine | Tour Travel & More","isPartOf":{"@id":"https:\/\/tourtravelandmore.com\/fr\/#website"},"primaryImageOfPage":{"@id":"https:\/\/tourtravelandmore.com\/fr\/tours\/italie-fr\/messina-fr\/toutes-les-visites-et-activites-privees-fr-3\/visite-privee-de-savoca-et-taormina-au-depart-de-messine\/#primaryimage"},"image":{"@id":"https:\/\/tourtravelandmore.com\/fr\/tours\/italie-fr\/messina-fr\/toutes-les-visites-et-activites-privees-fr-3\/visite-privee-de-savoca-et-taormina-au-depart-de-messine\/#primaryimage"},"thumbnailUrl":"https:\/\/tourtravelandmore.com\/wp-content\/uploads\/2022\/07\/image2-4.jpg","datePublished":"2022-07-25T09:04:19+00:00","dateModified":"2023-04-25T01:36:29+00:00","description":"R\u00e9servez maintenant notre tour priv\u00e9 \u00e0 Savoca et Taormina de Messine, ce sera une exp\u00e9rience priv\u00e9e et incomparable \u2705","breadcrumb":{"@id":"https:\/\/tourtravelandmore.com\/fr\/tours\/italie-fr\/messina-fr\/toutes-les-visites-et-activites-privees-fr-3\/visite-privee-de-savoca-et-taormina-au-depart-de-messine\/#breadcrumb"},"inLanguage":"fr-FR","potentialAction":[{"@type":"ReadAction","target":["https:\/\/tourtravelandmore.com\/fr\/tours\/italie-fr\/messina-fr\/toutes-les-visites-et-activites-privees-fr-3\/visite-privee-de-savoca-et-taormina-au-depart-de-messine\/"]}]},{"@type":"ImageObject","inLanguage":"fr-FR","@id":"https:\/\/tourtravelandmore.com\/fr\/tours\/italie-fr\/messina-fr\/toutes-les-visites-et-activites-privees-fr-3\/visite-privee-de-savoca-et-taormina-au-depart-de-messine\/#primaryimage","url":"https:\/\/tourtravelandmore.com\/wp-content\/uploads\/2022\/07\/image2-4.jpg","contentUrl":"https:\/\/tourtravelandmore.com\/wp-content\/uploads\/2022\/07\/image2-4.jpg","width":900,"height":750},{"@type":"BreadcrumbList","@id":"https:\/\/tourtravelandmore.com\/fr\/tours\/italie-fr\/messina-fr\/toutes-les-visites-et-activites-privees-fr-3\/visite-privee-de-savoca-et-taormina-au-depart-de-messine\/#breadcrumb","itemListElement":[{"@type":"ListItem","position":1,"name":"Home","item":"https:\/\/tourtravelandmore.com\/fr\/"},{"@type":"ListItem","position":2,"name":"Tours","item":"https:\/\/tourtravelandmore.com\/fr\/tours\/"},{"@type":"ListItem","position":3,"name":"Visite priv\u00e9e de Savoca et Taormina au d\u00e9part de Messine"}]},{"@type":"WebSite","@id":"https:\/\/tourtravelandmore.com\/fr\/#website","url":"https:\/\/tourtravelandmore.com\/fr\/","name":"Tour Travel And More","description":"Private sightseeing tours and luxury transfers in Spain","publisher":{"@id":"https:\/\/tourtravelandmore.com\/fr\/#organization"},"potentialAction":[{"@type":"SearchAction","target":{"@type":"EntryPoint","urlTemplate":"https:\/\/tourtravelandmore.com\/fr\/?s={search_term_string}"},"query-input":{"@type":"PropertyValueSpecification","valueRequired":true,"valueName":"search_term_string"}}],"inLanguage":"fr-FR"},{"@type":"Organization","@id":"https:\/\/tourtravelandmore.com\/fr\/#organization","name":"Tour Travel And More","url":"https:\/\/tourtravelandmore.com\/fr\/","logo":{"@type":"ImageObject","inLanguage":"fr-FR","@id":"https:\/\/tourtravelandmore.com\/fr\/#\/schema\/logo\/image\/","url":"https:\/\/tourtravelandmore.com\/wp-content\/uploads\/2022\/12\/cropped-logo-cabecera-new.png","contentUrl":"https:\/\/tourtravelandmore.com\/wp-content\/uploads\/2022\/12\/cropped-logo-cabecera-new.png","width":430,"height":61,"caption":"Tour Travel And More"},"image":{"@id":"https:\/\/tourtravelandmore.com\/fr\/#\/schema\/logo\/image\/"},"sameAs":["https:\/\/www.facebook.com\/tourtravelandmore\/","https:\/\/x.com\/TourTravel_More"]}]}},"_links":{"self":[{"href":"https:\/\/tourtravelandmore.com\/fr\/wp-json\/wp\/v2\/product\/132868","targetHints":{"allow":["GET"]}}],"collection":[{"href":"https:\/\/tourtravelandmore.com\/fr\/wp-json\/wp\/v2\/product"}],"about":[{"href":"https:\/\/tourtravelandmore.com\/fr\/wp-json\/wp\/v2\/types\/product"}],"replies":[{"embeddable":true,"href":"https:\/\/tourtravelandmore.com\/fr\/wp-json\/wp\/v2\/comments?post=132868"}],"wp:featuredmedia":[{"embeddable":true,"href":"https:\/\/tourtravelandmore.com\/fr\/wp-json\/wp\/v2\/media\/132886"}],"wp:attachment":[{"href":"https:\/\/tourtravelandmore.com\/fr\/wp-json\/wp\/v2\/media?parent=132868"}],"wp:term":[{"taxonomy":"product_brand","embeddable":true,"href":"https:\/\/tourtravelandmore.com\/fr\/wp-json\/wp\/v2\/product_brand?post=132868"},{"taxonomy":"product_cat","embeddable":true,"href":"https:\/\/tourtravelandmore.com\/fr\/wp-json\/wp\/v2\/product_cat?post=132868"},{"taxonomy":"product_tag","embeddable":true,"href":"https:\/\/tourtravelandmore.com\/fr\/wp-json\/wp\/v2\/product_tag?post=132868"}],"curies":[{"name":"wp","href":"https:\/\/api.w.org\/{rel}","templated":true}]}}