{"id":132828,"date":"2022-07-25T10:49:51","date_gmt":"2022-07-25T08:49:57","guid":{"rendered":"https:\/\/tourtravelandmore.com\/?post_type=product&#038;p=132828"},"modified":"2023-03-25T08:02:32","modified_gmt":"2023-03-25T07:02:32","slug":"visite-privee-de-taormina-et-castelmola-depuis-le-terminal-de-croisiere-ou-messine","status":"publish","type":"product","link":"https:\/\/tourtravelandmore.com\/fr\/tours\/italie-fr\/messina-fr\/toutes-les-visites-et-activites-privees-fr-3\/visite-privee-de-taormina-et-castelmola-depuis-le-terminal-de-croisiere-ou-messine\/","title":{"rendered":"Visite priv\u00e9e de Taormina et Castelmola depuis le terminal de croisi\u00e8re ou Messine."},"content":{"rendered":"<h2><b>Tour priv\u00e9 de Taormine et Castelmola Description depuis le terminal de croisi\u00e8re ou Messine.<\/b><\/h2>\n<p><span style=\"font-weight: 400;\">Commencez la journ\u00e9e par une visite \u00e0 pied de la ville historique de Taormina, l&#8217;un des joyaux de la M\u00e9diterran\u00e9e. Perch\u00e9e au sommet d&#8217;une falaise surplombant le volcan Etna et la mer Ionienne, cette ville m\u00e9di\u00e9vale offre un m\u00e9lange \u00e9tonnant de paysages naturels et d&#8217;antiquit\u00e9s.<\/span><\/p>\n<p><span style=\"font-weight: 400;\">Votre chauffeur et votre v\u00e9hicule priv\u00e9 viendront vous chercher au terminal de croisi\u00e8re ou \u00e0 un endroit central ou un site d&#8217;h\u00e9bergement \u00e0 Messine pour commencer cette belle excursion.<\/span><\/p>\n<p><span style=\"font-weight: 400;\">Visitez \u00e9galement Castelmola, un village m\u00e9di\u00e9val pittoresque situ\u00e9 au sommet d&#8217;une colline et offrant une vue imprenable sur le paysage environnant.<\/span><\/p>\n<p><span style=\"font-weight: 400;\">Castelmola est c\u00e9l\u00e8bre pour ses charmantes rues \u00e9troites, sa belle architecture et le d\u00e9licieux vin d&#8217;amande produit localement. Au cours de la visite priv\u00e9e, vous aurez l&#8217;occasion de go\u00fbter cette liqueur sucr\u00e9e et d&#8217;en apprendre davantage sur son histoire et son processus de production.<\/span><\/p>\n<p><span style=\"font-weight: 400;\">\u00c0 Taormina, vous visiterez l&#8217;embl\u00e9matique th\u00e9\u00e2tre grec antique, qui offre une vue imprenable sur la mer et l&#8217;Etna. Vous explorerez \u00e9galement la pittoresque Piazza IX Aprile, le palais Corvaja et les magnifiques jardins de la Villa Comunale.<\/span><\/p>\n<p><span style=\"font-weight: 400;\">Notre guide expert vous fournira des informations int\u00e9ressantes sur l&#8217;histoire, la culture et les traditions de Taormine et de Castelmola. Vous pouvez \u00e9galement personnaliser la visite \u00e0 votre go\u00fbt et passer plus de temps dans les endroits qui vous int\u00e9ressent le plus.<\/span><\/p>\n<p><span style=\"font-weight: 400;\">R\u00e9servez d\u00e8s aujourd&#8217;hui votre visite priv\u00e9e de Taormina et Castelmola depuis le terminal de croisi\u00e8re ou Messine et pr\u00e9parez-vous \u00e0 d\u00e9couvrir les joyaux cach\u00e9s de ces magnifiques destinations italiennes.<\/span><\/p>\n<h2><b>Points forts de la visite priv\u00e9e de Taormine et Castelmola depuis le terminal de croisi\u00e8re ou Messine<\/b><\/h2>\n<p><span style=\"font-weight: 400;\">Une fois que votre chauffeur et votre v\u00e9hicule priv\u00e9 vous auront pris en charge avec votre guide priv\u00e9, une excursion de 8 heures vous emm\u00e8nera explorer et d\u00e9couvrir des endroits magnifiques, vous pourrez voir l&#8217;\u00e9glise de San Nicol\u00f2, construite au 12\u00e8me si\u00e8cle, et faire un arr\u00eat dans une cantina locale traditionnelle pour d\u00e9guster le vin rouge &#8220;Nero d&#8217;Avola&#8221; et quelques sucreries typiques en plus :<\/span><\/p>\n<ul>\n<li style=\"font-weight: 400;\" aria-level=\"1\"><b>\u00c9glise de San Nicol\u00f2 :<\/b><span style=\"font-weight: 400;\"> Au cours de la visite priv\u00e9e de Taormina et Castelmola, les visiteurs auront l&#8217;occasion de visiter l&#8217;\u00e9glise de San Nicol\u00f2, qui a \u00e9t\u00e9 construite au 12\u00e8me si\u00e8cle. Cette charmante \u00e9glise est un parfait exemple d&#8217;architecture m\u00e9di\u00e9vale, avec son beau clocher et ses d\u00e9corations complexes.<\/span><\/li>\n<li style=\"font-weight: 400;\" aria-level=\"1\"><b>Cantine locale traditionnelle : Un <\/b><span style=\"font-weight: 400;\">autre point fort de l&#8217;excursion est l&#8217;arr\u00eat dans une cantine locale traditionnelle, o\u00f9 les visiteurs peuvent d\u00e9guster le c\u00e9l\u00e8bre vin rouge &#8220;Nero d&#8217;Avola&#8221; et quelques sucreries typiques. C&#8217;est une excellente occasion de d\u00e9couvrir la culture locale et de go\u00fbter \u00e0 de d\u00e9licieuses sp\u00e9cialit\u00e9s siciliennes.<\/span><\/li>\n<li style=\"font-weight: 400;\" aria-level=\"1\"><b>Point de vue panoramique :<\/b><span style=\"font-weight: 400;\"> Les visiteurs de l&#8217;excursion profiteront d&#8217;une vue panoramique \u00e0 couper le souffle sur la mer Ionienne et la baie de Giardini-Naxos. Ce point de vue offre une toile de fond magnifique pour les photos et une chance d&#8217;appr\u00e9cier la beaut\u00e9 du paysage sicilien.<\/span><\/li>\n<li style=\"font-weight: 400;\" aria-level=\"1\"><b>Vues du Mont Etna :<\/b><span style=\"font-weight: 400;\"> Au cours de la visite, les visiteurs auront l&#8217;occasion de voir le majestueux Mont Etna, le plus haut volcan actif d&#8217;Europe. Les vues de ce monument embl\u00e9matique sont vraiment impressionnantes et offrent une perspective unique sur la beaut\u00e9 naturelle de la Sicile.<\/span><\/li>\n<li style=\"font-weight: 400;\" aria-level=\"1\"><b>Corso Umberto :<\/b><span style=\"font-weight: 400;\"> Les visiteurs se prom\u00e8neront le long du c\u00e9l\u00e8bre Corso Umberto, la rue principale de Taormina. Cette ancienne voie romaine &#8220;Valeria&#8221; est bord\u00e9e de charmants caf\u00e9s, restaurants et boutiques, et offre un aper\u00e7u de la vie quotidienne des habitants.<\/span><\/li>\n<\/ul>\n<p><span style=\"font-weight: 400;\">\u00c0 la fin de la visite priv\u00e9e, votre v\u00e9hicule et votre chauffeur vous ram\u00e8neront \u00e0 votre point de d\u00e9part pour que vous puissiez continuer \u00e0 d\u00e9couvrir cette destination \u00e9tonnante. Il convient de mentionner que la visite est enti\u00e8rement personnalisable et que vous pouvez indiquer les points d&#8217;int\u00e9r\u00eat que vous souhaitez visiter.<\/span><\/p>\n<p><span style=\"font-weight: 400;\">Si vous souhaitez en savoir plus sur Messine, nous vous recommandons de consulter notre <\/span><a href=\"https:\/\/tourtravelandmore.com\/fr\/city\/italie-fr\/messina-fr\/\"><span style=\"font-weight: 400;\">liste d&#8217;excursions priv\u00e9es dans cette destination.<\/span><\/a><\/p>\n","protected":false},"excerpt":{"rendered":"<p><span style=\"font-weight: 400;\">Cette excursion vous permettra d&#8217;admirer les magnifiques paysages de la c\u00f4te ionienne sicilienne, ainsi que de visiter certains des lieux les plus int\u00e9ressants et embl\u00e9matiques de l&#8217;\u00eele, comme la ville de Taormina et le village de Castelmola.<\/span><\/p>\n","protected":false},"featured_media":132849,"comment_status":"open","ping_status":"closed","template":"","meta":{"_acf_changed":false},"product_brand":[],"product_cat":[3549,4169,4189,4177,4188],"product_tag":[],"class_list":{"0":"post-132828","1":"product","2":"type-product","3":"status-publish","4":"has-post-thumbnail","6":"product_cat-italie-fr","7":"product_cat-messina-fr","8":"product_cat-excursions-privees-a-terre-fr-3","9":"product_cat-toutes-les-visites-et-activites-privees-fr-3","10":"product_cat-visites-guidees-privees-fr-3","12":"first","13":"instock","14":"shipping-taxable","15":"purchasable","16":"product-type-simple"},"acf":[],"yoast_head":"<!-- This site is optimized with the Yoast SEO Premium plugin v25.3.1 (Yoast SEO v25.3.1) - https:\/\/yoast.com\/wordpress\/plugins\/seo\/ -->\n<title>\u27a1\ufe0f Visite priv\u00e9e de Taormina et Castelmola depuis le terminal de croisi\u00e8re ou Messine | Tour Travel &amp; More<\/title>\n<meta name=\"description\" content=\"Profitez d&#039;une belle visite priv\u00e9e de 8 heures de la c\u00f4te ionienne sicilienne, en visitant des endroits comme la ville de Taormina et le village de Castelmola, r\u00e9servez maintenant ! \u2705\" \/>\n<meta name=\"robots\" content=\"index, follow, max-snippet:-1, max-image-preview:large, max-video-preview:-1\" \/>\n<link rel=\"canonical\" href=\"https:\/\/tourtravelandmore.com\/fr\/tours\/italie-fr\/messina-fr\/toutes-les-visites-et-activites-privees-fr-3\/visite-privee-de-taormina-et-castelmola-depuis-le-terminal-de-croisiere-ou-messine\/\" \/>\n<meta property=\"og:locale\" content=\"fr_FR\" \/>\n<meta property=\"og:type\" content=\"article\" \/>\n<meta property=\"og:title\" content=\"Visite priv\u00e9e de Taormina et Castelmola depuis le terminal de croisi\u00e8re ou Messine.\" \/>\n<meta property=\"og:description\" content=\"Profitez d&#039;une belle visite priv\u00e9e de 8 heures de la c\u00f4te ionienne sicilienne, en visitant des endroits comme la ville de Taormina et le village de Castelmola, r\u00e9servez maintenant ! \u2705\" \/>\n<meta property=\"og:url\" content=\"https:\/\/tourtravelandmore.com\/fr\/tours\/italie-fr\/messina-fr\/toutes-les-visites-et-activites-privees-fr-3\/visite-privee-de-taormina-et-castelmola-depuis-le-terminal-de-croisiere-ou-messine\/\" \/>\n<meta property=\"og:site_name\" content=\"Tour Travel And More\" \/>\n<meta property=\"article:publisher\" content=\"https:\/\/www.facebook.com\/tourtravelandmore\/\" \/>\n<meta property=\"article:modified_time\" content=\"2023-03-25T07:02:32+00:00\" \/>\n<meta property=\"og:image\" content=\"https:\/\/tourtravelandmore.com\/wp-content\/uploads\/2022\/07\/image4-3.jpg\" \/>\n\t<meta property=\"og:image:width\" content=\"900\" \/>\n\t<meta property=\"og:image:height\" content=\"750\" \/>\n\t<meta property=\"og:image:type\" content=\"image\/jpeg\" \/>\n<meta name=\"twitter:card\" content=\"summary_large_image\" \/>\n<meta name=\"twitter:site\" content=\"@TourTravel_More\" \/>\n<meta name=\"twitter:label1\" content=\"Dur\u00e9e de lecture estim\u00e9e\" \/>\n\t<meta name=\"twitter:data1\" content=\"4 minutes\" \/>\n<script type=\"application\/ld+json\" class=\"yoast-schema-graph\">{\"@context\":\"https:\/\/schema.org\",\"@graph\":[{\"@type\":\"WebPage\",\"@id\":\"https:\/\/tourtravelandmore.com\/fr\/tours\/italie-fr\/messina-fr\/toutes-les-visites-et-activites-privees-fr-3\/visite-privee-de-taormina-et-castelmola-depuis-le-terminal-de-croisiere-ou-messine\/\",\"url\":\"https:\/\/tourtravelandmore.com\/fr\/tours\/italie-fr\/messina-fr\/toutes-les-visites-et-activites-privees-fr-3\/visite-privee-de-taormina-et-castelmola-depuis-le-terminal-de-croisiere-ou-messine\/\",\"name\":\"\u27a1\ufe0f Visite priv\u00e9e de Taormina et Castelmola depuis le terminal de croisi\u00e8re ou Messine | Tour Travel & More\",\"isPartOf\":{\"@id\":\"https:\/\/tourtravelandmore.com\/fr\/#website\"},\"primaryImageOfPage\":{\"@id\":\"https:\/\/tourtravelandmore.com\/fr\/tours\/italie-fr\/messina-fr\/toutes-les-visites-et-activites-privees-fr-3\/visite-privee-de-taormina-et-castelmola-depuis-le-terminal-de-croisiere-ou-messine\/#primaryimage\"},\"image\":{\"@id\":\"https:\/\/tourtravelandmore.com\/fr\/tours\/italie-fr\/messina-fr\/toutes-les-visites-et-activites-privees-fr-3\/visite-privee-de-taormina-et-castelmola-depuis-le-terminal-de-croisiere-ou-messine\/#primaryimage\"},\"thumbnailUrl\":\"https:\/\/tourtravelandmore.com\/wp-content\/uploads\/2022\/07\/image4-3.jpg\",\"datePublished\":\"2022-07-25T08:49:57+00:00\",\"dateModified\":\"2023-03-25T07:02:32+00:00\",\"description\":\"Profitez d'une belle visite priv\u00e9e de 8 heures de la c\u00f4te ionienne sicilienne, en visitant des endroits comme la ville de Taormina et le village de Castelmola, r\u00e9servez maintenant ! \u2705\",\"breadcrumb\":{\"@id\":\"https:\/\/tourtravelandmore.com\/fr\/tours\/italie-fr\/messina-fr\/toutes-les-visites-et-activites-privees-fr-3\/visite-privee-de-taormina-et-castelmola-depuis-le-terminal-de-croisiere-ou-messine\/#breadcrumb\"},\"inLanguage\":\"fr-FR\",\"potentialAction\":[{\"@type\":\"ReadAction\",\"target\":[\"https:\/\/tourtravelandmore.com\/fr\/tours\/italie-fr\/messina-fr\/toutes-les-visites-et-activites-privees-fr-3\/visite-privee-de-taormina-et-castelmola-depuis-le-terminal-de-croisiere-ou-messine\/\"]}]},{\"@type\":\"ImageObject\",\"inLanguage\":\"fr-FR\",\"@id\":\"https:\/\/tourtravelandmore.com\/fr\/tours\/italie-fr\/messina-fr\/toutes-les-visites-et-activites-privees-fr-3\/visite-privee-de-taormina-et-castelmola-depuis-le-terminal-de-croisiere-ou-messine\/#primaryimage\",\"url\":\"https:\/\/tourtravelandmore.com\/wp-content\/uploads\/2022\/07\/image4-3.jpg\",\"contentUrl\":\"https:\/\/tourtravelandmore.com\/wp-content\/uploads\/2022\/07\/image4-3.jpg\",\"width\":900,\"height\":750},{\"@type\":\"BreadcrumbList\",\"@id\":\"https:\/\/tourtravelandmore.com\/fr\/tours\/italie-fr\/messina-fr\/toutes-les-visites-et-activites-privees-fr-3\/visite-privee-de-taormina-et-castelmola-depuis-le-terminal-de-croisiere-ou-messine\/#breadcrumb\",\"itemListElement\":[{\"@type\":\"ListItem\",\"position\":1,\"name\":\"Home\",\"item\":\"https:\/\/tourtravelandmore.com\/fr\/\"},{\"@type\":\"ListItem\",\"position\":2,\"name\":\"Tours\",\"item\":\"https:\/\/tourtravelandmore.com\/fr\/tours\/\"},{\"@type\":\"ListItem\",\"position\":3,\"name\":\"Visite priv\u00e9e de Taormina et Castelmola depuis le terminal de croisi\u00e8re ou Messine.\"}]},{\"@type\":\"WebSite\",\"@id\":\"https:\/\/tourtravelandmore.com\/fr\/#website\",\"url\":\"https:\/\/tourtravelandmore.com\/fr\/\",\"name\":\"Tour Travel And More\",\"description\":\"Private sightseeing tours and luxury transfers in Spain\",\"publisher\":{\"@id\":\"https:\/\/tourtravelandmore.com\/fr\/#organization\"},\"potentialAction\":[{\"@type\":\"SearchAction\",\"target\":{\"@type\":\"EntryPoint\",\"urlTemplate\":\"https:\/\/tourtravelandmore.com\/fr\/?s={search_term_string}\"},\"query-input\":{\"@type\":\"PropertyValueSpecification\",\"valueRequired\":true,\"valueName\":\"search_term_string\"}}],\"inLanguage\":\"fr-FR\"},{\"@type\":\"Organization\",\"@id\":\"https:\/\/tourtravelandmore.com\/fr\/#organization\",\"name\":\"Tour Travel And More\",\"url\":\"https:\/\/tourtravelandmore.com\/fr\/\",\"logo\":{\"@type\":\"ImageObject\",\"inLanguage\":\"fr-FR\",\"@id\":\"https:\/\/tourtravelandmore.com\/fr\/#\/schema\/logo\/image\/\",\"url\":\"https:\/\/tourtravelandmore.com\/wp-content\/uploads\/2022\/12\/cropped-logo-cabecera-new.png\",\"contentUrl\":\"https:\/\/tourtravelandmore.com\/wp-content\/uploads\/2022\/12\/cropped-logo-cabecera-new.png\",\"width\":430,\"height\":61,\"caption\":\"Tour Travel And More\"},\"image\":{\"@id\":\"https:\/\/tourtravelandmore.com\/fr\/#\/schema\/logo\/image\/\"},\"sameAs\":[\"https:\/\/www.facebook.com\/tourtravelandmore\/\",\"https:\/\/x.com\/TourTravel_More\"]}]}<\/script>\n<!-- \/ Yoast SEO Premium plugin. -->","yoast_head_json":{"title":"\u27a1\ufe0f Visite priv\u00e9e de Taormina et Castelmola depuis le terminal de croisi\u00e8re ou Messine | Tour Travel & More","description":"Profitez d'une belle visite priv\u00e9e de 8 heures de la c\u00f4te ionienne sicilienne, en visitant des endroits comme la ville de Taormina et le village de Castelmola, r\u00e9servez maintenant ! \u2705","robots":{"index":"index","follow":"follow","max-snippet":"max-snippet:-1","max-image-preview":"max-image-preview:large","max-video-preview":"max-video-preview:-1"},"canonical":"https:\/\/tourtravelandmore.com\/fr\/tours\/italie-fr\/messina-fr\/toutes-les-visites-et-activites-privees-fr-3\/visite-privee-de-taormina-et-castelmola-depuis-le-terminal-de-croisiere-ou-messine\/","og_locale":"fr_FR","og_type":"article","og_title":"Visite priv\u00e9e de Taormina et Castelmola depuis le terminal de croisi\u00e8re ou Messine.","og_description":"Profitez d'une belle visite priv\u00e9e de 8 heures de la c\u00f4te ionienne sicilienne, en visitant des endroits comme la ville de Taormina et le village de Castelmola, r\u00e9servez maintenant ! \u2705","og_url":"https:\/\/tourtravelandmore.com\/fr\/tours\/italie-fr\/messina-fr\/toutes-les-visites-et-activites-privees-fr-3\/visite-privee-de-taormina-et-castelmola-depuis-le-terminal-de-croisiere-ou-messine\/","og_site_name":"Tour Travel And More","article_publisher":"https:\/\/www.facebook.com\/tourtravelandmore\/","article_modified_time":"2023-03-25T07:02:32+00:00","og_image":[{"width":900,"height":750,"url":"https:\/\/tourtravelandmore.com\/wp-content\/uploads\/2022\/07\/image4-3.jpg","type":"image\/jpeg"}],"twitter_card":"summary_large_image","twitter_site":"@TourTravel_More","twitter_misc":{"Dur\u00e9e de lecture estim\u00e9e":"4 minutes"},"schema":{"@context":"https:\/\/schema.org","@graph":[{"@type":"WebPage","@id":"https:\/\/tourtravelandmore.com\/fr\/tours\/italie-fr\/messina-fr\/toutes-les-visites-et-activites-privees-fr-3\/visite-privee-de-taormina-et-castelmola-depuis-le-terminal-de-croisiere-ou-messine\/","url":"https:\/\/tourtravelandmore.com\/fr\/tours\/italie-fr\/messina-fr\/toutes-les-visites-et-activites-privees-fr-3\/visite-privee-de-taormina-et-castelmola-depuis-le-terminal-de-croisiere-ou-messine\/","name":"\u27a1\ufe0f Visite priv\u00e9e de Taormina et Castelmola depuis le terminal de croisi\u00e8re ou Messine | Tour Travel & More","isPartOf":{"@id":"https:\/\/tourtravelandmore.com\/fr\/#website"},"primaryImageOfPage":{"@id":"https:\/\/tourtravelandmore.com\/fr\/tours\/italie-fr\/messina-fr\/toutes-les-visites-et-activites-privees-fr-3\/visite-privee-de-taormina-et-castelmola-depuis-le-terminal-de-croisiere-ou-messine\/#primaryimage"},"image":{"@id":"https:\/\/tourtravelandmore.com\/fr\/tours\/italie-fr\/messina-fr\/toutes-les-visites-et-activites-privees-fr-3\/visite-privee-de-taormina-et-castelmola-depuis-le-terminal-de-croisiere-ou-messine\/#primaryimage"},"thumbnailUrl":"https:\/\/tourtravelandmore.com\/wp-content\/uploads\/2022\/07\/image4-3.jpg","datePublished":"2022-07-25T08:49:57+00:00","dateModified":"2023-03-25T07:02:32+00:00","description":"Profitez d'une belle visite priv\u00e9e de 8 heures de la c\u00f4te ionienne sicilienne, en visitant des endroits comme la ville de Taormina et le village de Castelmola, r\u00e9servez maintenant ! \u2705","breadcrumb":{"@id":"https:\/\/tourtravelandmore.com\/fr\/tours\/italie-fr\/messina-fr\/toutes-les-visites-et-activites-privees-fr-3\/visite-privee-de-taormina-et-castelmola-depuis-le-terminal-de-croisiere-ou-messine\/#breadcrumb"},"inLanguage":"fr-FR","potentialAction":[{"@type":"ReadAction","target":["https:\/\/tourtravelandmore.com\/fr\/tours\/italie-fr\/messina-fr\/toutes-les-visites-et-activites-privees-fr-3\/visite-privee-de-taormina-et-castelmola-depuis-le-terminal-de-croisiere-ou-messine\/"]}]},{"@type":"ImageObject","inLanguage":"fr-FR","@id":"https:\/\/tourtravelandmore.com\/fr\/tours\/italie-fr\/messina-fr\/toutes-les-visites-et-activites-privees-fr-3\/visite-privee-de-taormina-et-castelmola-depuis-le-terminal-de-croisiere-ou-messine\/#primaryimage","url":"https:\/\/tourtravelandmore.com\/wp-content\/uploads\/2022\/07\/image4-3.jpg","contentUrl":"https:\/\/tourtravelandmore.com\/wp-content\/uploads\/2022\/07\/image4-3.jpg","width":900,"height":750},{"@type":"BreadcrumbList","@id":"https:\/\/tourtravelandmore.com\/fr\/tours\/italie-fr\/messina-fr\/toutes-les-visites-et-activites-privees-fr-3\/visite-privee-de-taormina-et-castelmola-depuis-le-terminal-de-croisiere-ou-messine\/#breadcrumb","itemListElement":[{"@type":"ListItem","position":1,"name":"Home","item":"https:\/\/tourtravelandmore.com\/fr\/"},{"@type":"ListItem","position":2,"name":"Tours","item":"https:\/\/tourtravelandmore.com\/fr\/tours\/"},{"@type":"ListItem","position":3,"name":"Visite priv\u00e9e de Taormina et Castelmola depuis le terminal de croisi\u00e8re ou Messine."}]},{"@type":"WebSite","@id":"https:\/\/tourtravelandmore.com\/fr\/#website","url":"https:\/\/tourtravelandmore.com\/fr\/","name":"Tour Travel And More","description":"Private sightseeing tours and luxury transfers in Spain","publisher":{"@id":"https:\/\/tourtravelandmore.com\/fr\/#organization"},"potentialAction":[{"@type":"SearchAction","target":{"@type":"EntryPoint","urlTemplate":"https:\/\/tourtravelandmore.com\/fr\/?s={search_term_string}"},"query-input":{"@type":"PropertyValueSpecification","valueRequired":true,"valueName":"search_term_string"}}],"inLanguage":"fr-FR"},{"@type":"Organization","@id":"https:\/\/tourtravelandmore.com\/fr\/#organization","name":"Tour Travel And More","url":"https:\/\/tourtravelandmore.com\/fr\/","logo":{"@type":"ImageObject","inLanguage":"fr-FR","@id":"https:\/\/tourtravelandmore.com\/fr\/#\/schema\/logo\/image\/","url":"https:\/\/tourtravelandmore.com\/wp-content\/uploads\/2022\/12\/cropped-logo-cabecera-new.png","contentUrl":"https:\/\/tourtravelandmore.com\/wp-content\/uploads\/2022\/12\/cropped-logo-cabecera-new.png","width":430,"height":61,"caption":"Tour Travel And More"},"image":{"@id":"https:\/\/tourtravelandmore.com\/fr\/#\/schema\/logo\/image\/"},"sameAs":["https:\/\/www.facebook.com\/tourtravelandmore\/","https:\/\/x.com\/TourTravel_More"]}]}},"_links":{"self":[{"href":"https:\/\/tourtravelandmore.com\/fr\/wp-json\/wp\/v2\/product\/132828","targetHints":{"allow":["GET"]}}],"collection":[{"href":"https:\/\/tourtravelandmore.com\/fr\/wp-json\/wp\/v2\/product"}],"about":[{"href":"https:\/\/tourtravelandmore.com\/fr\/wp-json\/wp\/v2\/types\/product"}],"replies":[{"embeddable":true,"href":"https:\/\/tourtravelandmore.com\/fr\/wp-json\/wp\/v2\/comments?post=132828"}],"wp:featuredmedia":[{"embeddable":true,"href":"https:\/\/tourtravelandmore.com\/fr\/wp-json\/wp\/v2\/media\/132849"}],"wp:attachment":[{"href":"https:\/\/tourtravelandmore.com\/fr\/wp-json\/wp\/v2\/media?parent=132828"}],"wp:term":[{"taxonomy":"product_brand","embeddable":true,"href":"https:\/\/tourtravelandmore.com\/fr\/wp-json\/wp\/v2\/product_brand?post=132828"},{"taxonomy":"product_cat","embeddable":true,"href":"https:\/\/tourtravelandmore.com\/fr\/wp-json\/wp\/v2\/product_cat?post=132828"},{"taxonomy":"product_tag","embeddable":true,"href":"https:\/\/tourtravelandmore.com\/fr\/wp-json\/wp\/v2\/product_tag?post=132828"}],"curies":[{"name":"wp","href":"https:\/\/api.w.org\/{rel}","templated":true}]}}